{"id":112,"date":"2020-08-21T07:40:02","date_gmt":"2020-08-21T00:40:02","guid":{"rendered":"http:\/\/mau.hoabinhweb.com\/dulich1\/?post_type=product&#038;p=112"},"modified":"2022-10-30T22:40:29","modified_gmt":"2022-10-30T15:40:29","slug":"tour-du-lich-sapa-3-ngay-2-dem-cat-cat-ham-rong-thac-bac","status":"publish","type":"product","link":"http:\/\/mau.hoabinhweb.com\/dulich1\/tours\/tour-du-lich-sapa-3-ngay-2-dem-cat-cat-ham-rong-thac-bac\/","title":{"rendered":"Tour du l\u1ecbch SaPa 3 ng\u00e0y 2 \u0111\u00eam C\u00e1t C\u00e1t \u2013 H\u00e0m R\u1ed3ng \u2013 Th\u00e1c B\u1ea1c"},"content":{"rendered":"<p><strong>Tour du l\u1ecbch SaPa\u00a03 ng\u00e0y 2 \u0111\u00eam C\u00e1t C\u00e1t \u2013 H\u00e0m R\u1ed3ng \u2013 Th\u00e1c B\u1ea1c c\u00f9ng c\u00f4ng ty du l\u1ecbch\u00a0Sinh Cafe Tourist\u00a0\u0111\u1ec3 tr\u1ea3i nghi\u1ec7m chuy\u1ebfn \u0111i du l\u1ecbch th\u1eadt tuy\u1ec7t v\u1eddi v\u00e0 tho\u1ea3i m\u00e1i nh\u1ea5t<\/strong><\/p>\n<h2>\u0110\u00f4i n\u00e9t v\u1ec1 chuy\u1ebfn du l\u1ecbch 3 ng\u00e0y 2 \u0111\u00eam<\/h2>\n<p><em><strong>Du l\u1ecbch sapa gi\u00e1 r\u1ebb<\/strong>\u00a0\u2013 \u0111\u01b0\u1ee3c bi\u1ebft \u0111\u1ebfn l\u00e0 th\u1ecb tr\u1ea5n m\u1edd s\u01b0\u01a1ng h\u00e2n hoan ch\u00e0o \u0111\u00f3n du kh\u00e1ch th\u01b0\u1edfng ngo\u1ea1n trong chuy\u1ebfn \u0111i \u1ea5n t\u01b0\u1ee3ng v\u00e0 d\u1ea1t d\u00e0o c\u1ea3m x\u00fac \u2026 Kh\u00f4ng kh\u00ed t\u1ea1i Sapa ch\u01b0a bao gi\u1edd \u0111\u1eb9p \u0111\u1ebfn th\u1ebf, nh\u1eefng bu\u1ed5i s\u1edbm mai, trong \u00e1nh n\u1eafng v\u00e0ng d\u1ecbu d\u00e0ng v\u00e0 kh\u00f4ng kh\u00ed \u1ea5m c\u00fang b\u00ean b\u1ebfp l\u1eeda h\u1ed3ng, v\u1edbi nh\u1eefng s\u1ea3n v\u1eadt mi\u1ec1n n\u00fai h\u1ea5p d\u1eabn, c\u00f9ng v\u1edbi t\u00ecnh c\u1ea3m n\u1ed3ng \u1ea5m c\u1ee7a ng\u01b0\u1eddi d\u00e2n b\u1ea3n \u0111\u1ecba, t\u1ea1o ra 1 khung c\u1ea3nh tuy\u1ec7t v\u1eddi t\u1ea1i Sapa.<\/em><em>Tham gia tour du l\u1ecbch c\u1ee7a\u00a0<strong>sinh cafe tourist<\/strong>\u00a0du kh\u00e1ch \u0111\u01b0\u1ee3c ng\u1eafm\u00a0<strong>B\u1ea3n C\u00e1t C\u00e1t\u00a0<\/strong><strong>c\u1ee7a ng\u01b0\u1eddi H\\\u2019 Mong, th\u0103m Th\u00e1c B\u1ea1c, Th\u00e1c T\u00ecnh Y\u00eau, C\u1ed3ng Tr\u1eddi, khu du l\u1ecbch H\u00e0m R\u1ed3ng<\/strong>\u00a0n\u1ed5i ti\u1ebfng c\u1ee7a Sapa. Th\u0103m d\u00e3y n\u00fai H\u00e0m R\u1ed3ng, Th\u0103m b\u1ea3n C\u00e1t C\u00e1t, Th\u0103m Th\u00e1c B\u1ea1c th\u01a1 m\u1ed9ng.<\/em><\/p>\n<div>\n<h3><strong>H\u00e0 N\u1ed9i \u2013\u00a0<em>Sapa \u2013 Cat Cat \u2013 Th\u00e1c Th\u1ee7y \u0110i\u1ec7n \u2013 Sapa (\u0102n tr\u01b0a \u2013 \u0102n t\u1ed1i)<\/em><\/strong><\/h3>\n<div><strong>Xe b\u1eaft \u0111\u1ea7u kh\u1edfi h\u00e0nh t\u1eeb 06h45\u00a0\u2013 7h15:<\/strong>\u00a0Xe ch\u1ea5t l\u01b0\u1ee3ng cao gi\u01b0\u1eddng n\u1eb1m ho\u1eb7c gh\u1ebf ng\u1ea3 s\u1ebd\u00a0\u0111\u00f3n qu\u00fd kh\u00e1ch t\u1ea1i \u0111i\u1ec3m h\u1eb9n kh\u1edfi h\u00e0nh \u0111i\u00a0<strong>Tour du l\u1ecbch Sapa\u00a03 ng\u00e0y 2 \u0111\u00eam<\/strong>\u00a0theo \u0110\u01b0\u1eddng cao t\u1ed1c N\u1ed9i B\u00e0i \u2013 L\u00e0o Cai.<\/div>\n<div>Tr\u00ean \u0111\u01b0\u1eddng \u0111i, du kh\u00e1ch \u0111\u01b0\u1ee3c chi\u00eam ng\u01b0\u1ee1ng v\u1ebb \u0111\u1eb9p hoang s\u01a1 c\u1ee7a v\u00f9ng T\u00e2y B\u1eafc v\u1edbi nh\u1eefng th\u1eeda ru\u1ed9ng b\u1eadc thang \u0111\u1eb9p \u0111\u1ebfn nao n\u1ee9c l\u00f2ng ng\u01b0\u1eddi.<\/div>\n<div>\u00a0<img loading=\"lazy\" decoding=\"async\" class=\"http:\/\/thesinhcafetouronline.com\/danh-muc\/du-lich-mien-bac\/tour-du-lich-sapa\/ aligncenter\" title=\"Tour Du L\u1ecbch Sapa\" src=\"http:\/\/www.thailandtours.travel\/wp-content\/uploads\/2014\/05\/Sapa-3.jpg\" alt=\"Tour Du L\u1ecbch Sapa\" width=\"501\" height=\"376\" \/><\/div>\n<div><\/div>\n<div>\u00a0Xem th\u00eam:\u00a0<strong>tour du l\u1ecbch sapa 3 ng\u00e0y 2 \u0111\u00eam h\u00e0m r\u1ed3ng<\/strong><\/div>\n<p><strong>12h30: Xe\u00a0<\/strong>\u0111\u00f3n du kh\u00e1ch tr\u1edf\u00a0v\u1ec1 nh\u00e0 h\u00e0ng kh\u00e1ch s\u1ea1n \u0103n tr\u01b0a, nh\u1eadn ph\u00f2ng, ngh\u1ec9 ng\u01a1i.<\/p>\n<p><strong>14h30:<\/strong>\u00a0HDV d\u1eabn du kh\u00e1ch \u0111i tham quan, b\u1ea3n Cat Cat \u2013 Th\u00e1c Th\u1ee7y \u0110i\u1ec7n \u2013 Su\u1ed1i Ti\u00ean Sa c\u1ee7a D\u00e2n t\u1ed9c M\u00f4ng \u0111en (\u0111i b\u1ed9 \u01b0\u1edbc ch\u1eebng kho\u1ea3ng 3,5km). T\u1edbi b\u1ea3n, du kh\u00e1ch c\u00f3 th\u1ec3 th\u1ecfa th\u00edch ch\u1ee5p \u1ea3nh Th\u00e1c, xem c\u00e1c b\u00e0i m\u00f9a c\u1ee7a d\u00e2n T\u1ed9c T\u00e0y, M\u00f4ng,\u2026Sau khi th\u0103m quan, Qu\u00fd kh\u00e1ch v\u1ec1 l\u1ea1i kh\u00e1ch s\u1ea1n.<\/p>\n<p><img loading=\"lazy\" decoding=\"async\" class=\"http:\/\/thesinhcafetouronline.com\/danh-muc\/du-lich-mien-bac\/tour-du-lich-sapa\/ aligncenter\" title=\"Tour Du L\u1ecbch Sapa\" src=\"https:\/\/www.vietfuntravel.com.vn\/image\/data\/sa-pa\/nui-ham-rong\/nui-ham-rong-co-gi-du-khach-da-biet-chua-h1.jpg\" alt=\"Tour Du L\u1ecbch Sapa\" width=\"530\" height=\"377\" \/><\/p>\n<p><strong>T\u1ed1i:<\/strong>\u00a0Du kh\u00e1ch ngh\u1ec9 ng\u01a1i, sau \u0111\u00f3 d\u00f9ng b\u1eefa t\u1ed1i \u1edf nh\u00e0 h\u00e0ng, r\u1ed3i c\u00f3 th\u1ec3 \u0111i d\u1ea1o xung quanh th\u1ecb tr\u1ea5n sapa.<\/p>\n<p><b>\u0110\u00eam:\u00a0<\/b>du kh\u00e1ch quay tr\u1edf v\u1ec1 kh\u00e1ch s\u1ea1n ngh\u1ec9 \u0111\u00eam.<\/p>\n<h2>L\u1ecbch tr\u00ecnh ng\u00e0y 2\u00a0Tour du l\u1ecbch SaPa\u00a03 ng\u00e0y 2 \u0111\u00eam.<\/h2>\n<p><strong>T\u1eeb 7h s\u00e1ng:<\/strong>\u00a0Du kh\u00e1ch d\u00f9ng b\u1eefa s\u00e1ng t\u1ea1i nh\u00e0 h\u00e0ng kh\u00e1ch s\u1ea1n.<\/p>\n<p><strong>8h30:<\/strong>\u00a0HDV\u00a0<strong>sinh cafe tourist\u00a0<\/strong>s\u1ebd \u0111\u01b0a Qu\u00fd kh\u00e1ch \u0111\u1ebfn N\u00fai H\u00e0m R\u1ed3ng \u2013 C\u1ed5ng tr\u1eddi \u2013 V\u01b0\u1eddn Lan 1,2\u2026 v\u01b0\u1eddn Lan Ch\u00e2u \u00c2u, \u0110\u1ecba Lan.<\/p>\n<p>Xem th\u00eam:\u00a0<strong>tour du l\u1ecbch sapa b\u1eb1ng \u00f4 t\u00f4<\/strong><\/p>\n<p>T\u1ea1i C\u1ed5ng tr\u1eddi du kh\u00e1ch nh\u01b0 \u0111\u01b0\u1ee3c h\u00f2a m\u00ecnh v\u00e0o thi\u00ean nhi\u00ean t\u1eadn h\u01b0\u1edfng kh\u00f4ng kh\u00ed trong l\u00e0nh t\u01b0\u01a1i m\u00e1t, v\u00e0 ng\u1eafm to\u00e0n c\u1ea3nh v\u00f9ng n\u00fai Sapa t\u1eeb tr\u00ean cao. Sau \u0111\u00f3 du kh\u00e1ch tr\u1edf v\u1ec1 nh\u00e0 h\u00e0ng d\u00f9ng b\u1eefa tr\u01b0a.<\/p>\n<p>Sau \u0111\u00f3 du kh\u00e1ch c\u00f3 th\u1ec3 ngh\u1ec9 tr\u01b0a ho\u1eb7c \u0111i d\u1ea1o ng\u1eafm nh\u00ecn c\u1ea3nh v\u1eadt quanh \u0111\u00e2y.<\/p>\n<p>Chi\u1ec1u t\u1ed1i du kh\u00e1ch v\u1ec1 nh\u00e0 h\u00e0ng d\u00f9ng b\u1eefa t\u1ed1i, v\u00e0 ngh\u1ec9 \u0111\u00eam.<\/p>\n<p><strong><em>Sapa \u2013 Th\u00e1c B\u1ea1c \u2013 Th\u00e1c T\u00ecnh Y\u00eau \u2013 H\u00e0 N\u1ed9i (\u0102n s\u00e1ng \u2013 \u0102n tr\u01b0a)<\/em><\/strong><\/p>\n<p><strong>6h00:<\/strong>\u00a0qu\u00fd kh\u00e1ch d\u1eady v\u00e0 tr\u1ea3 ph\u00f2ng, sau \u0111\u00f3 ra d\u00f9ng b\u1eefa s\u00e1ng c\u00f9ng m\u1edbi \u0111o\u00e0n.<\/p>\n<p><strong>9h30:<\/strong>\u00a0HDV v\u00e0 xe du l\u1ecbch c\u1ee7a\u00a0<strong>sinh cafe tourist<\/strong>\u00a0s\u1ebd \u0111\u01b0a qu\u00fd kh\u00e1ch \u0111i tham quan Th\u00e1c B\u1ea1c \u2013 \u0110\u00e8o Tr\u1ea1m T\u00f4n \u2013 Th\u00e1c T\u00ecnh Y\u00eau \u2013 \u0111\u00e2y \u0111\u01b0\u1ee3c coi l\u00e0 \u0111\u1ecba \u0111i\u1ec3m du l\u1ecbch h\u1ea5p d\u1eabn nh\u1ea5t hi\u1ec7n nay t\u1ea1i Sapa.<\/p>\n<p><strong>\u0110\u1ebfn 12h30:<\/strong>\u00a0Xe c\u1ee7a ch\u00fang t\u00f4i \u0111\u01b0a kh\u00e1ch v\u1ec1 kh\u00e1ch s\u1ea1n \u0103n tr\u01b0a. Sau b\u1eefa tr\u01b0a, Qu\u00fd kh\u00e1ch t\u1ef1 do, \u0111i d\u1ea1o, ng\u1eafm c\u1ea3nh.<\/p>\n<p><strong>15h30:<\/strong>\u00a0Du kh\u00e1ch chu\u1ea9n b\u1ecb \u0111\u1ed3 \u0111\u1ea1c l\u00ean xe v\u00e0 quay tr\u1edf v\u1ec1 H\u00e0 N\u1ed9i.<\/p>\n<p><strong>Kho\u1ea3ng 22h00:<\/strong>\u00a0Xe s\u1ebd v\u1ec1 \u0111\u1ebfn H\u00e0 N\u1ed9i. K\u1ebft th\u00fac ch\u01b0\u01a1ng tr\u00ecnh Tour du l\u1ecbch\u00a0Tour du l\u1ecbch SaPa 3 ng\u00e0y 2 \u0111\u00eam v\u1edbi \u0111\u1ea7y k\u1ef7 ni\u1ec7m kh\u00f3 qu\u00ean.<\/p>\n<p><span data-sheets-value=\"{&quot;1&quot;:2,&quot;2&quot;:&quot;tour du l\u1ecbch sapa 2 ng\u00e0y 1 \u0111\u00eam c\u00e1t c\u00e1t&quot;}\" data-sheets-userformat=\"{&quot;2&quot;:6531,&quot;3&quot;:[null,0],&quot;4&quot;:{&quot;1&quot;:2,&quot;2&quot;:16382457},&quot;10&quot;:0,&quot;11&quot;:4,&quot;14&quot;:{&quot;1&quot;:2,&quot;2&quot;:5592405},&quot;15&quot;:&quot;Arial&quot;}\">Xem th\u00eam :\u00a0<strong>tour du l\u1ecbch sapa 2 ng\u00e0y 1 \u0111\u00eam c\u00e1t c\u00e1t<\/strong><\/span><\/p>\n<\/div>\n<div>\n<p><strong>B\u00c1O GI\u00c1 TOUR GH\u00c9P H\u00c0NG NG\u00c0Y\/ KH\u00c1CH<\/strong><\/p>\n<p><strong>Kh\u00e1ch S\u1ea1n 2 Sao:2.200.000vnd\/1 Kh\u00e1ch<\/strong><\/p>\n<p><strong>Kh\u00e1ch S\u1ea1n 3 Sao:2.600.000vnd\/1 Kh\u00e1ch<\/strong><\/p>\n<p><strong>Kh\u00e1ch S\u1ea1n 4 Sao:3.600.000vnd\/1 Kh\u00e1ch<\/strong><\/p>\n<p><strong>B\u1ea2NG\u00a0<\/strong><strong>GI\u00c1 \u00c1P D\u1ee4NG CHO TR\u1eba EM:<\/strong><br \/>\n-Tr\u1ebb nh\u1ecf t\u1eeb 1 \u0111\u1ebfn 4 tu\u1ed5i mi\u1ec5n ph\u00ed gi\u00e1 tour, b\u1ed1 m\u1eb9 t\u1ef1 lo cho b\u00e9<br \/>\n-Tr\u1ebb nh\u1ecf 5 \u2013 8 tu\u1ed5i t\u00ednh 75% gi\u00e1 tour<br \/>\n-Tr\u1ebb nh\u1ecf 9 tu\u1ed5i tr\u1edf l\u00ean t\u00ednh nh\u01b0 ng\u01b0\u1eddi l\u1edbn<\/p>\n<div>\n<p><strong>Bao G\u1ed3m:<\/strong><\/p>\n<p>-Xe \u00f4 t\u00f4 \u0111\u01b0a \u0111\u00f3n theo ch\u01b0\u01a1ng tr\u00ecnh<br \/>\n-Xe\u00a0ch\u1ea5t l\u01b0\u1ee3ng cao ng\u1ed3i gh\u1ebf ng\u1ea3\/ xe gi\u01b0\u1eddng n\u1eb1m ( H\u00e0 N\u1ed9i \u2013 SaPa \u2013 H\u00e0 N\u1ed9i )<br \/>\n-Kh\u00e1ch s\u1ea1n \u0111\u1ea7y \u0111\u1ee7 ti\u1ec7n nghi: 02 \u2013 03 kh\u00e1ch\/ ph\u00f2ng<br \/>\n-\u0102n c\u00e1c b\u1eefa trong ch\u01b0\u01a1ng tr\u00ecnh<br \/>\n-H\u01b0\u1edbng d\u1eabn vi\u00ean su\u1ed1t tuy\u1ebfn, nhi\u1ec7t t\u00ecnh, kinh nghi\u1ec7m<br \/>\n-Ph\u00ed tham quan t\u1ea1i Sapa<\/p>\n<p><strong>KH\u00d4NG BAO G\u1ed2M:<\/strong><br \/>\n-Thu\u1ebf VAT (10%)<br \/>\n-C\u00e1c chi ph\u00ed c\u00e1 nh\u00e2n kh\u00e1c (\u0111i\u1ec7n tho\u1ea1i, gi\u1eb7t l\u00e0, \u0111\u1ed3 u\u1ed1ng trong b\u1eefa \u0103n,\u2026)<\/p>\n<p><strong>C\u00f4ng ty\u00a0\u00a0sinh cafe tour\u00a0Ch\u00e2n th\u00e0nh c\u1ea3m \u01a1n! T\u1ea1m bi\u1ec7t v\u00e0 h\u1eb9n g\u1eb7p l\u1ea1i!<\/strong><\/p>\n<\/div>\n<\/div>\n","protected":false},"excerpt":{"rendered":"<p>Tour du l\u1ecbch SaPa\u00a03 ng\u00e0y 2 \u0111\u00eam C\u00e1t C\u00e1t \u2013 H\u00e0m R\u1ed3ng \u2013 Th\u00e1c B\u1ea1c c\u00f9ng c\u00f4ng ty du l\u1ecbch\u00a0Sinh Cafe Tourist\u00a0\u0111\u1ec3 tr\u1ea3i nghi\u1ec7m chuy\u1ebfn \u0111i du l\u1ecbch th\u1eadt tuy\u1ec7t v\u1eddi v\u00e0 tho\u1ea3i m\u00e1i nh\u1ea5t \u0110\u00f4i n\u00e9t v\u1ec1 chuy\u1ebfn du l\u1ecbch 3 ng\u00e0y 2 \u0111\u00eam Du l\u1ecbch sapa gi\u00e1 r\u1ebb\u00a0\u2013 \u0111\u01b0\u1ee3c bi\u1ebft \u0111\u1ebfn l\u00e0 th\u1ecb<\/p>\n","protected":false},"featured_media":201,"template":"","meta":[],"product_cat":[19,20,25,26],"product_tag":[],"class_list":["post-112","product","type-product","status-publish","has-post-thumbnail","hentry","product_cat-tour-noi-bat","product_cat-tour-khach-doan","product_cat-tour-nuoc-ngoai","product_cat-tour-trong-nuoc"],"acf":[],"yoast_head":"<!-- This site is optimized with the Yoast SEO plugin v19.13 - https:\/\/yoast.com\/wordpress\/plugins\/seo\/ -->\n<title>Tour du l\u1ecbch SaPa 3 ng\u00e0y 2 \u0111\u00eam C\u00e1t C\u00e1t \u2013 H\u00e0m R\u1ed3ng \u2013 Th\u00e1c B\u1ea1c - Viet Tour<\/title>\n<meta name=\"robots\" content=\"noindex, follow, max-snippet:-1, max-image-preview:large, max-video-preview:-1\" \/>\n<meta property=\"og:locale\" content=\"vi_VN\" \/>\n<meta property=\"og:type\" content=\"article\" \/>\n<meta property=\"og:title\" content=\"Tour du l\u1ecbch SaPa 3 ng\u00e0y 2 \u0111\u00eam C\u00e1t C\u00e1t \u2013 H\u00e0m R\u1ed3ng \u2013 Th\u00e1c B\u1ea1c - Viet Tour\" \/>\n<meta property=\"og:description\" content=\"Tour du l\u1ecbch SaPa\u00a03 ng\u00e0y 2 \u0111\u00eam C\u00e1t C\u00e1t \u2013 H\u00e0m R\u1ed3ng \u2013 Th\u00e1c B\u1ea1c c\u00f9ng c\u00f4ng ty du l\u1ecbch\u00a0Sinh Cafe Tourist\u00a0\u0111\u1ec3 tr\u1ea3i nghi\u1ec7m chuy\u1ebfn \u0111i du l\u1ecbch th\u1eadt tuy\u1ec7t v\u1eddi v\u00e0 tho\u1ea3i m\u00e1i nh\u1ea5t \u0110\u00f4i n\u00e9t v\u1ec1 chuy\u1ebfn du l\u1ecbch 3 ng\u00e0y 2 \u0111\u00eam Du l\u1ecbch sapa gi\u00e1 r\u1ebb\u00a0\u2013 \u0111\u01b0\u1ee3c bi\u1ebft \u0111\u1ebfn l\u00e0 th\u1ecb\" \/>\n<meta property=\"og:url\" content=\"http:\/\/mau.hoabinhweb.com\/dulich1\/tours\/tour-du-lich-sapa-3-ngay-2-dem-cat-cat-ham-rong-thac-bac\/\" \/>\n<meta property=\"og:site_name\" content=\"Viet Tour\" \/>\n<meta property=\"article:modified_time\" content=\"2022-10-30T15:40:29+00:00\" \/>\n<meta property=\"og:image\" content=\"http:\/\/mau.hoabinhweb.com\/dulich1\/wp-content\/uploads\/2020\/08\/tour-sapa2.jpg\" \/>\n\t<meta property=\"og:image:width\" content=\"1024\" \/>\n\t<meta property=\"og:image:height\" content=\"768\" \/>\n\t<meta property=\"og:image:type\" content=\"image\/jpeg\" \/>\n<meta name=\"twitter:card\" content=\"summary_large_image\" \/>\n<meta name=\"twitter:label1\" content=\"\u01af\u1edbc t\u00ednh th\u1eddi gian \u0111\u1ecdc\" \/>\n\t<meta name=\"twitter:data1\" content=\"6 ph\u00fat\" \/>\n<script type=\"application\/ld+json\" class=\"yoast-schema-graph\">{\"@context\":\"https:\/\/schema.org\",\"@graph\":[{\"@type\":\"WebPage\",\"@id\":\"http:\/\/mau.hoabinhweb.com\/dulich1\/tours\/tour-du-lich-sapa-3-ngay-2-dem-cat-cat-ham-rong-thac-bac\/\",\"url\":\"http:\/\/mau.hoabinhweb.com\/dulich1\/tours\/tour-du-lich-sapa-3-ngay-2-dem-cat-cat-ham-rong-thac-bac\/\",\"name\":\"Tour du l\u1ecbch SaPa 3 ng\u00e0y 2 \u0111\u00eam C\u00e1t C\u00e1t \u2013 H\u00e0m R\u1ed3ng \u2013 Th\u00e1c B\u1ea1c - Viet Tour\",\"isPartOf\":{\"@id\":\"http:\/\/mau.hoabinhweb.com\/dulich1\/#website\"},\"datePublished\":\"2020-08-21T00:40:02+00:00\",\"dateModified\":\"2022-10-30T15:40:29+00:00\",\"breadcrumb\":{\"@id\":\"http:\/\/mau.hoabinhweb.com\/dulich1\/tours\/tour-du-lich-sapa-3-ngay-2-dem-cat-cat-ham-rong-thac-bac\/#breadcrumb\"},\"inLanguage\":\"vi\",\"potentialAction\":[{\"@type\":\"ReadAction\",\"target\":[\"http:\/\/mau.hoabinhweb.com\/dulich1\/tours\/tour-du-lich-sapa-3-ngay-2-dem-cat-cat-ham-rong-thac-bac\/\"]}]},{\"@type\":\"BreadcrumbList\",\"@id\":\"http:\/\/mau.hoabinhweb.com\/dulich1\/tours\/tour-du-lich-sapa-3-ngay-2-dem-cat-cat-ham-rong-thac-bac\/#breadcrumb\",\"itemListElement\":[{\"@type\":\"ListItem\",\"position\":1,\"name\":\"Trang ch\u1ee7\",\"item\":\"http:\/\/mau.hoabinhweb.com\/dulich1\/\"},{\"@type\":\"ListItem\",\"position\":2,\"name\":\"Tours\",\"item\":\"http:\/\/mau.hoabinhweb.com\/dulich1\/tours\/\"},{\"@type\":\"ListItem\",\"position\":3,\"name\":\"Tour du l\u1ecbch SaPa 3 ng\u00e0y 2 \u0111\u00eam C\u00e1t C\u00e1t \u2013 H\u00e0m R\u1ed3ng \u2013 Th\u00e1c B\u1ea1c\"}]},{\"@type\":\"WebSite\",\"@id\":\"http:\/\/mau.hoabinhweb.com\/dulich1\/#website\",\"url\":\"http:\/\/mau.hoabinhweb.com\/dulich1\/\",\"name\":\"Viet Tour\",\"description\":\"\",\"potentialAction\":[{\"@type\":\"SearchAction\",\"target\":{\"@type\":\"EntryPoint\",\"urlTemplate\":\"http:\/\/mau.hoabinhweb.com\/dulich1\/?s={search_term_string}\"},\"query-input\":\"required name=search_term_string\"}],\"inLanguage\":\"vi\"}]}<\/script>\n<!-- \/ Yoast SEO plugin. -->","yoast_head_json":{"title":"Tour du l\u1ecbch SaPa 3 ng\u00e0y 2 \u0111\u00eam C\u00e1t C\u00e1t \u2013 H\u00e0m R\u1ed3ng \u2013 Th\u00e1c B\u1ea1c - Viet Tour","robots":{"index":"noindex","follow":"follow","max-snippet":"max-snippet:-1","max-image-preview":"max-image-preview:large","max-video-preview":"max-video-preview:-1"},"og_locale":"vi_VN","og_type":"article","og_title":"Tour du l\u1ecbch SaPa 3 ng\u00e0y 2 \u0111\u00eam C\u00e1t C\u00e1t \u2013 H\u00e0m R\u1ed3ng \u2013 Th\u00e1c B\u1ea1c - Viet Tour","og_description":"Tour du l\u1ecbch SaPa\u00a03 ng\u00e0y 2 \u0111\u00eam C\u00e1t C\u00e1t \u2013 H\u00e0m R\u1ed3ng \u2013 Th\u00e1c B\u1ea1c c\u00f9ng c\u00f4ng ty du l\u1ecbch\u00a0Sinh Cafe Tourist\u00a0\u0111\u1ec3 tr\u1ea3i nghi\u1ec7m chuy\u1ebfn \u0111i du l\u1ecbch th\u1eadt tuy\u1ec7t v\u1eddi v\u00e0 tho\u1ea3i m\u00e1i nh\u1ea5t \u0110\u00f4i n\u00e9t v\u1ec1 chuy\u1ebfn du l\u1ecbch 3 ng\u00e0y 2 \u0111\u00eam Du l\u1ecbch sapa gi\u00e1 r\u1ebb\u00a0\u2013 \u0111\u01b0\u1ee3c bi\u1ebft \u0111\u1ebfn l\u00e0 th\u1ecb","og_url":"http:\/\/mau.hoabinhweb.com\/dulich1\/tours\/tour-du-lich-sapa-3-ngay-2-dem-cat-cat-ham-rong-thac-bac\/","og_site_name":"Viet Tour","article_modified_time":"2022-10-30T15:40:29+00:00","og_image":[{"width":1024,"height":768,"url":"http:\/\/mau.hoabinhweb.com\/dulich1\/wp-content\/uploads\/2020\/08\/tour-sapa2.jpg","type":"image\/jpeg"}],"twitter_card":"summary_large_image","twitter_misc":{"\u01af\u1edbc t\u00ednh th\u1eddi gian \u0111\u1ecdc":"6 ph\u00fat"},"schema":{"@context":"https:\/\/schema.org","@graph":[{"@type":"WebPage","@id":"http:\/\/mau.hoabinhweb.com\/dulich1\/tours\/tour-du-lich-sapa-3-ngay-2-dem-cat-cat-ham-rong-thac-bac\/","url":"http:\/\/mau.hoabinhweb.com\/dulich1\/tours\/tour-du-lich-sapa-3-ngay-2-dem-cat-cat-ham-rong-thac-bac\/","name":"Tour du l\u1ecbch SaPa 3 ng\u00e0y 2 \u0111\u00eam C\u00e1t C\u00e1t \u2013 H\u00e0m R\u1ed3ng \u2013 Th\u00e1c B\u1ea1c - Viet Tour","isPartOf":{"@id":"http:\/\/mau.hoabinhweb.com\/dulich1\/#website"},"datePublished":"2020-08-21T00:40:02+00:00","dateModified":"2022-10-30T15:40:29+00:00","breadcrumb":{"@id":"http:\/\/mau.hoabinhweb.com\/dulich1\/tours\/tour-du-lich-sapa-3-ngay-2-dem-cat-cat-ham-rong-thac-bac\/#breadcrumb"},"inLanguage":"vi","potentialAction":[{"@type":"ReadAction","target":["http:\/\/mau.hoabinhweb.com\/dulich1\/tours\/tour-du-lich-sapa-3-ngay-2-dem-cat-cat-ham-rong-thac-bac\/"]}]},{"@type":"BreadcrumbList","@id":"http:\/\/mau.hoabinhweb.com\/dulich1\/tours\/tour-du-lich-sapa-3-ngay-2-dem-cat-cat-ham-rong-thac-bac\/#breadcrumb","itemListElement":[{"@type":"ListItem","position":1,"name":"Trang ch\u1ee7","item":"http:\/\/mau.hoabinhweb.com\/dulich1\/"},{"@type":"ListItem","position":2,"name":"Tours","item":"http:\/\/mau.hoabinhweb.com\/dulich1\/tours\/"},{"@type":"ListItem","position":3,"name":"Tour du l\u1ecbch SaPa 3 ng\u00e0y 2 \u0111\u00eam C\u00e1t C\u00e1t \u2013 H\u00e0m R\u1ed3ng \u2013 Th\u00e1c B\u1ea1c"}]},{"@type":"WebSite","@id":"http:\/\/mau.hoabinhweb.com\/dulich1\/#website","url":"http:\/\/mau.hoabinhweb.com\/dulich1\/","name":"Viet Tour","description":"","potentialAction":[{"@type":"SearchAction","target":{"@type":"EntryPoint","urlTemplate":"http:\/\/mau.hoabinhweb.com\/dulich1\/?s={search_term_string}"},"query-input":"required name=search_term_string"}],"inLanguage":"vi"}]}},"_links":{"self":[{"href":"http:\/\/mau.hoabinhweb.com\/dulich1\/wp-json\/wp\/v2\/product\/112"}],"collection":[{"href":"http:\/\/mau.hoabinhweb.com\/dulich1\/wp-json\/wp\/v2\/product"}],"about":[{"href":"http:\/\/mau.hoabinhweb.com\/dulich1\/wp-json\/wp\/v2\/types\/product"}],"wp:featuredmedia":[{"embeddable":true,"href":"http:\/\/mau.hoabinhweb.com\/dulich1\/wp-json\/wp\/v2\/media\/201"}],"wp:attachment":[{"href":"http:\/\/mau.hoabinhweb.com\/dulich1\/wp-json\/wp\/v2\/media?parent=112"}],"wp:term":[{"taxonomy":"product_cat","embeddable":true,"href":"http:\/\/mau.hoabinhweb.com\/dulich1\/wp-json\/wp\/v2\/product_cat?post=112"},{"taxonomy":"product_tag","embeddable":true,"href":"http:\/\/mau.hoabinhweb.com\/dulich1\/wp-json\/wp\/v2\/product_tag?post=112"}],"curies":[{"name":"wp","href":"https:\/\/api.w.org\/{rel}","templated":true}]}}