{"id":110,"date":"2020-08-21T07:40:00","date_gmt":"2020-08-21T00:40:00","guid":{"rendered":"http:\/\/mau.hoabinhweb.com\/dulich1\/?post_type=product&#038;p=110"},"modified":"2022-10-30T22:40:29","modified_gmt":"2022-10-30T15:40:29","slug":"tour-du-lich-sapa-3-ngay-2-dem-ham-rong-ta-van-cat-cat","status":"publish","type":"product","link":"http:\/\/mau.hoabinhweb.com\/dulich1\/tours\/tour-du-lich-sapa-3-ngay-2-dem-ham-rong-ta-van-cat-cat\/","title":{"rendered":"Tour du l\u1ecbch Sapa 3 ng\u00e0y 2 \u0111\u00eam H\u00e0m R\u1ed3ng &#8211; T\u1ea3 Van &#8211; C\u00e1t C\u00e1t"},"content":{"rendered":"<h2>KH\u00c1M PH\u00c1 SAPA 3 NG\u00c0Y 2 \u0110\u00caM H\u00c0M R\u1ed2NG \u2013 T\u1ea2 VAN \u2013 C\u00c1T C\u00c1T<\/h2>\n<p><em><strong>\u0110\u00d4I N\u00c9T V\u1ec0 SAPA:<\/strong><\/em><\/p>\n<p><em>Ch\u00ecm trong l\u00e0n m\u00e2y b\u1ed3ng b\u1ec1nh,\u00a0<strong>Th\u1ecb tr\u1ea5n Sa Pa<\/strong>\u00a0nh\u01b0 m\u1ed9t th\u00e0nh ph\u1ed1 trong s\u01b0\u01a1ng huy\u1ec1n \u1ea3o, v\u1ebd l\u00ean m\u1ed9t b\u1ee9c tranh s\u01a1n th\u1ee7y h\u1eefu t\u00ecnh.\u00a0Sa Pa l\u00e0 \u201cv\u01b0\u01a1ng qu\u1ed1c\u201d c\u1ee7a hoa tr\u00e1i, nh\u01b0 \u0111\u00e0o hoa, \u0111\u00e0o v\u00e0ng to, \u0111\u00e0o v\u00e0ng nh\u1ecf, m\u1eadn h\u1eadu, m\u1eadn t\u00edm, m\u1eadn tam hoa, hoa lay d\u01a1n, hoa m\u1eadn, hoa l\u00ea, hoa \u0111\u00e0o, hoa c\u00fac, hoa h\u1ed3ng\u2026\u0111\u1eb7c bi\u1ec7t l\u00e0 hoa b\u1ea5t t\u1eed s\u1ed1ng m\u00e3i v\u1edbi th\u1eddi gian.\u00a0<\/em><\/p>\n<p><em>Ch\u00ecm trong l\u00e0n m\u00e2y b\u1ed3ng b\u1ec1nh th\u1ecb tr\u1ea5n Sa Pa nh\u01b0 m\u1ed9t th\u00e0nh ph\u1ed1 trong s\u01b0\u01a1ng huy\u1ec1n \u1ea3o, v\u1ebd l\u00ean m\u1ed9t b\u1ee9c tranh s\u01a1n th\u1ee7y h\u1eefu t\u00ecnh. N\u01a1i \u0111\u00e2y, c\u00f3 th\u1ee9 t\u00e0i nguy\u00ean v\u00f4 gi\u00e1 \u0111\u00f3 l\u00e0 kh\u00ed h\u1eadu trong l\u00e0nh m\u00e1t m\u1ebb, mang nhi\u1ec1u s\u1eafc th\u00e1i \u0111a d\u1ea1ng.<\/em><\/p>\n<p><strong>Tour SaPa 3 Ng\u00e0y 2 \u0110\u00eam H\u00e0m R\u1ed3ng \u2013 T\u1ea3 Van \u2013 C\u00e1t C\u00e1t\u00a0c\u00f9ng v\u1edbi\u00a0\u00a0Sinh Cafe Tourist\u00a0\u0111\u1ec3 c\u00f3 c\u00e1i nh\u00ecn tuy\u1ec7t \u0111\u1eb9p v\u1ec1 th\u1ecb tr\u1ea5n Sapa th\u01a1 m\u1ed9ng<\/strong><\/p>\n<h2>L\u1ecbch Tr\u00ecnh c\u1ee5 th\u1ec3 Tour du l\u1ecbch Sapa 3 ng\u00e0y 2 \u0111\u00eam H\u00e0m R\u1ed3ng T\u1ea3 Van B\u1ea3n C\u00e1t C\u00e1t<\/h2>\n<p><strong>Ng\u00e0y 1: Sapa \u2013 b\u1ea3n C\u00e1t C\u00e1t \u2013 Th\u00e1c Th\u1ee7y \u0111i\u1ec7n \u00a0\u2013 Th\u1ecb Tr\u1ea5n Sapa<\/strong><\/p>\n<p><strong>7h00:\u00a0<\/strong>Xe\u00a0<strong>sinh cafe tourist\u00a0<\/strong>\u0111\u00f3n qu\u00fd kh\u00e1ch t\u1ea1i kh\u00e1ch s\u1ea1n \u1edf ph\u1ed1 c\u1ed5 h\u00e0 n\u1ed9i ho\u1eb7c t\u1ea1i v\u0103n ph\u00f2ng c\u1ee7a c\u00f4ng ty the sinh cafe tourist t\u1ea1i\u00a0\u0110\u1ecba ch\u1ec9 H\u00e0 N\u1ed9i: 103 H\u00e0ng B\u1ea1c, Ho\u00e0n Ki\u1ebfm, H\u00e0 N\u1ed9i xu\u1ea5t ph\u00e1t<strong>\u00a0tour\u00a0du l\u1ecbch sapa b\u1eb1ng \u00f4 t\u00f4.<\/strong><\/p>\n<p><strong>\u0110\u1ebfn 12h30:<\/strong>\u00a0Du kh\u00e1ch v\u00e0o nh\u1eadn ph\u00f2ng \u1edf kh\u00e1ch s\u1ea1n, ngh\u1ec9 ng\u01a1i 1 ch\u00fat v\u00e0 d\u00f9ng b\u1eefa tr\u01b0a.<\/p>\n<p><strong>\u0110\u1ebfn 14h30:<\/strong>\u00a0Du kh\u00e1ch s\u1ebd \u0111\u01b0\u1ee3c \u0111\u1ebfn th\u0103m b\u1ea3n C\u00e1t C\u00e1t \u2013Th\u00e1c Th\u1ee7y \u0110i\u1ec7n v\u00e0 Su\u1ed1i Ti\u00ean Sa c\u1ee7a D\u00e2n t\u1ed9c M\u00f4ng \u0111en (\u0111i b\u1ed9 m\u1ea5t kho\u1ea3ng 2km). Sau \u0111\u00f3 du kh\u00e1ch l\u00ean xe tr\u1edf v\u1ec1 kh\u00e1ch s\u1ea1n.<\/p>\n<p><img loading=\"lazy\" decoding=\"async\" class=\"http:\/\/thesinhcafetouronline.com\/danh-muc\/du-lich-mien-bac\/tour-du-lich-sapa\/ aligncenter\" title=\"Tour Du L\u1ecbch Sapa\" src=\"https:\/\/www.mercitour.com\/images\/TOUR\/SAPA\/cat-cat-sapa-(15).jpg\" alt=\"Viet Tour \" width=\"501\" height=\"375\" \/><\/p>\n<p><b>T\u1ed1i:\u00a0<\/b>Du kh\u00e1ch c\u00f3 th\u1ec3 t\u1ef1 do \u0111i d\u1ea1o quanh th\u1ecb tr\u1ea5n ng\u1eafm c\u1ea3nh sapa v\u1ec1 \u0111\u00eam v\u00f4 c\u00f9ng th\u01a1 m\u1ed9ng, \u0111\u00eam qu\u00fd kh\u00e1ch v\u1ec1 kh\u00e1ch s\u1ea1n ngh\u1ec9 ng\u01a1i l\u1ea5y s\u1ee9c \u0111\u1ec3 ti\u1ebfp t\u1ee5c l\u1ecbch tr\u00ecnh\u00a0<strong>Tour Du L\u1ecbch SaPa 3 Ng\u00e0y 2 \u0110\u00eam\u00a0H\u00e0m R\u1ed3ng \u2013 T\u1ea3 Van \u2013 C\u00e1t C\u00e1t.<\/strong><\/p>\n<h3>Ng\u00e0y 2: L\u1ecbch tr\u00ecnh trong ng\u00e0y s\u1ebd l\u00e0 Sapa \u2013 T\u1ea3 Van \u2013 C\u1ea7u M\u00e2y \u2013 Sapa<\/h3>\n<p><img loading=\"lazy\" decoding=\"async\" class=\"http:\/\/thesinhcafetouronline.com\/danh-muc\/du-lich-mien-bac\/tour-du-lich-sapa\/ aligncenter\" title=\"Tour Du L\u1ecbch Sapa\" src=\"https:\/\/dulichsapa.org.vn\/wp-content\/uploads\/Ban-Lao-Chai-Ta-Van.jpg\" alt=\"Viet Tour\" width=\"504\" height=\"347\" \/><\/p>\n<p><strong>S\u00e1ng:<\/strong>\u00a0Du kh\u00e1ch c\u00f9ng\u00a0<strong>sinh cafe tourist\u00a0<\/strong>th\u1ee9c d\u1eady \u0103n s\u00e1ng v\u00e0 chu\u1ea9n b\u1ecb ti\u1ebfp t\u1ee5c cu\u1ed9c h\u00e0nh tr\u00ecnh kh\u00e1m ph\u00e1 Sapa, HDV d\u1eabn du kh\u00e1ch \u0111\u1ebfn T\u1ea3 Van \u2013 C\u1ea7u M\u00e2y ( kho\u1ea3ng 8km ), V\u01b0\u1eddn H\u1ed3ng d\u1ecdc theo con su\u1ed1i M\u01b0\u1eddng Hoa th\u01a1 m\u1ed9ng.<\/p>\n<p><strong>Tr\u01b0a:<\/strong>\u00a0Du kh\u00e1ch d\u00f9ng b\u1eefa \u1edf b\u1ea3n Laochai c\u00f9ng nh\u00e0 d\u00e2n \u0111\u1ecba ph\u01b0\u01a1ng.<\/p>\n<p><strong>Chi\u1ec1u:<\/strong>\u00a0Du kh\u00e1ch \u0111\u1ebfn th\u0103m C\u1ea7u M\u00e2y, sau \u0111\u00f3 du kh\u00e1ch s\u1ebd l\u00ean xe tr\u1edf v\u1ec1 kh\u00e1ch s\u1ea1n.<\/p>\n<p><strong>\u0110\u00eam:\u00a0<\/strong>Du\u00a0kh\u00e1ch ng\u1ee7 kh\u00e1ch s\u1ea1n \u1edf th\u1ecb tr\u1ea5n sapa s\u00e1ng mai ti\u1ebfp t\u1ee5c\u00a0<strong>Tour du l\u1ecbch sapa.<\/strong><\/p>\n<h2>Ng\u00e0y 3: Tour Du L\u1ecbch SaPa 3 Ng\u00e0y 2 \u0110\u00eam H\u00e0m R\u1ed3ng \u2013 C\u1ed5ng Tr\u1eddi \u2013 Sapa<\/h2>\n<p><strong>S\u00e1ng:<\/strong>\u00a0Du kh\u00e1ch d\u1eady d\u00f9ng b\u1eefa s\u00e1ng c\u00f9ng \u0111o\u00e0n, thu x\u1ebfp \u0111\u1ed3 \u0111\u1ea1c tr\u1ea3 ph\u00f2ng tr\u01b0\u1edbc khi \u0111i tour, Sau \u0111\u00f3 du kh\u00e1ch s\u1ebd c\u00f9ng H\u01b0\u1edbng d\u1eabn vi\u00ean \u0111\u1ebfn tham quan N\u00fai H\u00e0m R\u1ed3ng -V\u01b0\u1eddn Lan 1,2\u2026 v\u01b0\u1eddn Lan Ch\u00e2u \u00c2u, \u0110\u1ecba Lan\u2026. L\u00ean \u0111\u1ebfn c\u1ed5ng tr\u1eddi du kh\u00e1ch c\u00f3 th\u1ec3 tho\u1ea3i th\u00edch ng\u1eafm to\u00e0n c\u1ea3nh th\u1ecb tr\u1ea5n Sapa t\u1eeb tr\u00ean cao.<\/p>\n<p><strong>Chi\u1ec1u:<\/strong>\u00a0Du kh\u00e1ch t\u1ef1 do \u0111i mua s\u1eafm nh\u1eefng m\u00f3n qu\u00e0 \u0111\u1eb7c s\u1eafc \u1edf t\u1ea1i Sapa v\u1ec1 l\u00e0m qu\u00e0 l\u01b0u ni\u1ec7m.<\/p>\n<p><strong>\u0110\u1ebfn 15h30:\u00a0<\/strong>Du kh\u00e1ch l\u00ean xe quay tr\u1edf v\u1ec1 H\u00e0 N\u1ed9i.<\/p>\n<p><strong>\u0110\u1ebfn 22h00:<\/strong>\u00a0Xe c\u00f3 m\u1eb7t \u1edf H\u00e0 N\u1ed9i v\u00e0 tr\u1ea3 kh\u00e1ch.<\/p>\n<p><strong>B\u1ea3ng gi\u00e1 tour du l\u1ecbch Sapa 3 ng\u00e0y 2 \u0111\u00eam H\u00e0m R\u1ed3ng \u2013 C\u00e1t C\u00e1t \u2013 T\u1ea3 Van<\/strong><\/p>\n<table class=\"aligncenter\" border=\"1\" cellspacing=\"0\" cellpadding=\"0\">\n<tbody>\n<tr>\n<td><strong>STT<\/strong><\/td>\n<td><strong>Kha\u0301ch sa\u0323n ti\u00eau chu\u00e2\u0309n\u00a0<\/strong><\/td>\n<td><strong>Gi\u00e1 Tour<br \/>\n<\/strong><\/td>\n<td><strong>Phu\u0323 thu pho\u0300ng \u0111\u01a1n<br \/>\n\u0111\u1ed1i v\u1edbi 1 kh\u00e1ch<\/strong><\/td>\n<\/tr>\n<tr>\n<td>1<\/td>\n<td>\u0110\u1eb7ng trung auberge<\/td>\n<td>1.700.000\u0111<\/td>\n<td>400.000\u0111<\/td>\n<\/tr>\n<tr>\n<td>2<\/td>\n<td>Sapa city view Hotel (2 sao)<\/td>\n<td>2.000.000\u0111<\/td>\n<td>400.000\u0111<\/td>\n<\/tr>\n<tr>\n<td>3<\/td>\n<td>Mountain View Hotel (2 sao)<\/td>\n<td>2.100.000\u0111<\/td>\n<td>500.000\u0111<\/td>\n<\/tr>\n<tr>\n<td>4<\/td>\n<td>Sapa lodge Hotel\u00a0 (3 sao)<\/td>\n<td>2.900.000\u0111<\/td>\n<td>800.000\u0111<\/td>\n<\/tr>\n<tr>\n<td>5<\/td>\n<td>Sapa Charm Hotel (4 sao)<\/td>\n<td>3.900.000\u0111<\/td>\n<td>\u00a01.000.000\u0111<\/td>\n<\/tr>\n<\/tbody>\n<\/table><p><strong>V\u00c9 TOUR D\u00c0NH CHO TR\u1eba EM:<\/strong><br \/>\n\u2013 Tr\u1ebb em t\u1eeb 1 \u0111\u1ebfn 4 tu\u1ed5i s\u1ebd kh\u00f4ng b\u1ecb t\u00ednh ph\u00ed, thay v\u00e0o \u0111\u00f3 b\u1ed1 m\u1eb9 b\u00e9 s\u1ebd t\u1ef1 lo cho b\u00e9.<br \/>\n\u2013 Tr\u1ebb em 5 \u2013 8 tu\u1ed5i gi\u00e1 tour s\u1ebd \u0111\u01b0\u1ee3c t\u00ednh 75% so v\u1edbi gi\u00e1 ng\u01b0\u1eddi l\u1edbn.<br \/>\n\u2013 B\u00e9 t\u1eeb 9 tu\u1ed5i tr\u1edf l\u00ean s\u1ebd \u0111\u01b0\u1ee3c t\u00ednh nh\u01b0 b\u00ecnh th\u01b0\u1eddng.<\/p>\n<div>\n<p><strong>\u00a0BAO G\u1ed2M:<\/strong><br \/>\n\u2013 Xe \u00f4 t\u00f4 du l\u1ecbch \u00a0\u0111\u01b0a \u0111\u00f3n theo ch\u01b0\u01a1ng tr\u00ecnh.<br \/>\n\u2013 Kh\u00e1ch s\u1ea1n \u0111\u1ea7y \u0111\u1ee7 ti\u1ec7n nghi s\u1ea1ch \u0111\u1eb9p 02 \u2013 03 kh\u00e1ch\/ ph\u00f2ng.<br \/>\n\u2013 \u0102n c\u00e1c b\u1eefa theo \u0103n ch\u01b0\u01a1ng tr\u00ecnh.<br \/>\n\u2013 H\u01b0\u1edbng d\u1eabn vi\u00ean su\u1ed1t tuy\u1ebfn, nhi\u1ec7t t\u00ecnh, kinh nghi\u1ec7m, gi\u1edbi thi\u1ec7u v\u1ec1 c\u00e1c \u0111\u1ecba \u0111i\u1ec3m du l\u1ecbch.<br \/>\n\u2013 Chi ph\u00ed tham quan \u1edf Sapa.<\/p>\n<p><strong>\u00a0KH\u00d4NG BAO G\u1ed2M:<\/strong><br \/>\n\u2013 S\u1ebd kh\u00f4ng c\u00f3 thu\u1ebf VAT (10%).<br \/>\n\u2013 C\u00e1c chi ph\u00ed ph\u00e1t sinh c\u1ee7a c\u00e1 nh\u00e2n.<\/p>\n<\/div>\n","protected":false},"excerpt":{"rendered":"<p>KH\u00c1M PH\u00c1 SAPA 3 NG\u00c0Y 2 \u0110\u00caM H\u00c0M R\u1ed2NG \u2013 T\u1ea2 VAN \u2013 C\u00c1T C\u00c1T \u0110\u00d4I N\u00c9T V\u1ec0 SAPA: Ch\u00ecm trong l\u00e0n m\u00e2y b\u1ed3ng b\u1ec1nh,\u00a0Th\u1ecb tr\u1ea5n Sa Pa\u00a0nh\u01b0 m\u1ed9t th\u00e0nh ph\u1ed1 trong s\u01b0\u01a1ng huy\u1ec1n \u1ea3o, v\u1ebd l\u00ean m\u1ed9t b\u1ee9c tranh s\u01a1n th\u1ee7y h\u1eefu t\u00ecnh.\u00a0Sa Pa l\u00e0 \u201cv\u01b0\u01a1ng qu\u1ed1c\u201d c\u1ee7a hoa tr\u00e1i, nh\u01b0 \u0111\u00e0o hoa, \u0111\u00e0o<\/p>\n","protected":false},"featured_media":203,"template":"","meta":[],"product_cat":[19,20,25,26],"product_tag":[],"class_list":["post-110","product","type-product","status-publish","has-post-thumbnail","hentry","product_cat-tour-noi-bat","product_cat-tour-khach-doan","product_cat-tour-nuoc-ngoai","product_cat-tour-trong-nuoc"],"acf":[],"yoast_head":"<!-- This site is optimized with the Yoast SEO plugin v19.13 - https:\/\/yoast.com\/wordpress\/plugins\/seo\/ -->\n<title>Tour du l\u1ecbch Sapa 3 ng\u00e0y 2 \u0111\u00eam H\u00e0m R\u1ed3ng - T\u1ea3 Van - C\u00e1t C\u00e1t - Viet Tour<\/title>\n<meta name=\"robots\" content=\"noindex, follow, max-snippet:-1, max-image-preview:large, max-video-preview:-1\" \/>\n<meta property=\"og:locale\" content=\"vi_VN\" \/>\n<meta property=\"og:type\" content=\"article\" \/>\n<meta property=\"og:title\" content=\"Tour du l\u1ecbch Sapa 3 ng\u00e0y 2 \u0111\u00eam H\u00e0m R\u1ed3ng - T\u1ea3 Van - C\u00e1t C\u00e1t - Viet Tour\" \/>\n<meta property=\"og:description\" content=\"KH\u00c1M PH\u00c1 SAPA 3 NG\u00c0Y 2 \u0110\u00caM H\u00c0M R\u1ed2NG \u2013 T\u1ea2 VAN \u2013 C\u00c1T C\u00c1T \u0110\u00d4I N\u00c9T V\u1ec0 SAPA: Ch\u00ecm trong l\u00e0n m\u00e2y b\u1ed3ng b\u1ec1nh,\u00a0Th\u1ecb tr\u1ea5n Sa Pa\u00a0nh\u01b0 m\u1ed9t th\u00e0nh ph\u1ed1 trong s\u01b0\u01a1ng huy\u1ec1n \u1ea3o, v\u1ebd l\u00ean m\u1ed9t b\u1ee9c tranh s\u01a1n th\u1ee7y h\u1eefu t\u00ecnh.\u00a0Sa Pa l\u00e0 \u201cv\u01b0\u01a1ng qu\u1ed1c\u201d c\u1ee7a hoa tr\u00e1i, nh\u01b0 \u0111\u00e0o hoa, \u0111\u00e0o\" \/>\n<meta property=\"og:url\" content=\"http:\/\/mau.hoabinhweb.com\/dulich1\/tours\/tour-du-lich-sapa-3-ngay-2-dem-ham-rong-ta-van-cat-cat\/\" \/>\n<meta property=\"og:site_name\" content=\"Viet Tour\" \/>\n<meta property=\"article:modified_time\" content=\"2022-10-30T15:40:29+00:00\" \/>\n<meta property=\"og:image\" content=\"http:\/\/mau.hoabinhweb.com\/dulich1\/wp-content\/uploads\/2020\/08\/tour-sapa4.jpg\" \/>\n\t<meta property=\"og:image:width\" content=\"600\" \/>\n\t<meta property=\"og:image:height\" content=\"413\" \/>\n\t<meta property=\"og:image:type\" content=\"image\/jpeg\" \/>\n<meta name=\"twitter:card\" content=\"summary_large_image\" \/>\n<meta name=\"twitter:label1\" content=\"\u01af\u1edbc t\u00ednh th\u1eddi gian \u0111\u1ecdc\" \/>\n\t<meta name=\"twitter:data1\" content=\"5 ph\u00fat\" \/>\n<script type=\"application\/ld+json\" class=\"yoast-schema-graph\">{\"@context\":\"https:\/\/schema.org\",\"@graph\":[{\"@type\":\"WebPage\",\"@id\":\"http:\/\/mau.hoabinhweb.com\/dulich1\/tours\/tour-du-lich-sapa-3-ngay-2-dem-ham-rong-ta-van-cat-cat\/\",\"url\":\"http:\/\/mau.hoabinhweb.com\/dulich1\/tours\/tour-du-lich-sapa-3-ngay-2-dem-ham-rong-ta-van-cat-cat\/\",\"name\":\"Tour du l\u1ecbch Sapa 3 ng\u00e0y 2 \u0111\u00eam H\u00e0m R\u1ed3ng - T\u1ea3 Van - C\u00e1t C\u00e1t - Viet Tour\",\"isPartOf\":{\"@id\":\"http:\/\/mau.hoabinhweb.com\/dulich1\/#website\"},\"datePublished\":\"2020-08-21T00:40:00+00:00\",\"dateModified\":\"2022-10-30T15:40:29+00:00\",\"breadcrumb\":{\"@id\":\"http:\/\/mau.hoabinhweb.com\/dulich1\/tours\/tour-du-lich-sapa-3-ngay-2-dem-ham-rong-ta-van-cat-cat\/#breadcrumb\"},\"inLanguage\":\"vi\",\"potentialAction\":[{\"@type\":\"ReadAction\",\"target\":[\"http:\/\/mau.hoabinhweb.com\/dulich1\/tours\/tour-du-lich-sapa-3-ngay-2-dem-ham-rong-ta-van-cat-cat\/\"]}]},{\"@type\":\"BreadcrumbList\",\"@id\":\"http:\/\/mau.hoabinhweb.com\/dulich1\/tours\/tour-du-lich-sapa-3-ngay-2-dem-ham-rong-ta-van-cat-cat\/#breadcrumb\",\"itemListElement\":[{\"@type\":\"ListItem\",\"position\":1,\"name\":\"Trang ch\u1ee7\",\"item\":\"http:\/\/mau.hoabinhweb.com\/dulich1\/\"},{\"@type\":\"ListItem\",\"position\":2,\"name\":\"Tours\",\"item\":\"http:\/\/mau.hoabinhweb.com\/dulich1\/tours\/\"},{\"@type\":\"ListItem\",\"position\":3,\"name\":\"Tour du l\u1ecbch Sapa 3 ng\u00e0y 2 \u0111\u00eam H\u00e0m R\u1ed3ng &#8211; T\u1ea3 Van &#8211; C\u00e1t C\u00e1t\"}]},{\"@type\":\"WebSite\",\"@id\":\"http:\/\/mau.hoabinhweb.com\/dulich1\/#website\",\"url\":\"http:\/\/mau.hoabinhweb.com\/dulich1\/\",\"name\":\"Viet Tour\",\"description\":\"\",\"potentialAction\":[{\"@type\":\"SearchAction\",\"target\":{\"@type\":\"EntryPoint\",\"urlTemplate\":\"http:\/\/mau.hoabinhweb.com\/dulich1\/?s={search_term_string}\"},\"query-input\":\"required name=search_term_string\"}],\"inLanguage\":\"vi\"}]}<\/script>\n<!-- \/ Yoast SEO plugin. -->","yoast_head_json":{"title":"Tour du l\u1ecbch Sapa 3 ng\u00e0y 2 \u0111\u00eam H\u00e0m R\u1ed3ng - T\u1ea3 Van - C\u00e1t C\u00e1t - Viet Tour","robots":{"index":"noindex","follow":"follow","max-snippet":"max-snippet:-1","max-image-preview":"max-image-preview:large","max-video-preview":"max-video-preview:-1"},"og_locale":"vi_VN","og_type":"article","og_title":"Tour du l\u1ecbch Sapa 3 ng\u00e0y 2 \u0111\u00eam H\u00e0m R\u1ed3ng - T\u1ea3 Van - C\u00e1t C\u00e1t - Viet Tour","og_description":"KH\u00c1M PH\u00c1 SAPA 3 NG\u00c0Y 2 \u0110\u00caM H\u00c0M R\u1ed2NG \u2013 T\u1ea2 VAN \u2013 C\u00c1T C\u00c1T \u0110\u00d4I N\u00c9T V\u1ec0 SAPA: Ch\u00ecm trong l\u00e0n m\u00e2y b\u1ed3ng b\u1ec1nh,\u00a0Th\u1ecb tr\u1ea5n Sa Pa\u00a0nh\u01b0 m\u1ed9t th\u00e0nh ph\u1ed1 trong s\u01b0\u01a1ng huy\u1ec1n \u1ea3o, v\u1ebd l\u00ean m\u1ed9t b\u1ee9c tranh s\u01a1n th\u1ee7y h\u1eefu t\u00ecnh.\u00a0Sa Pa l\u00e0 \u201cv\u01b0\u01a1ng qu\u1ed1c\u201d c\u1ee7a hoa tr\u00e1i, nh\u01b0 \u0111\u00e0o hoa, \u0111\u00e0o","og_url":"http:\/\/mau.hoabinhweb.com\/dulich1\/tours\/tour-du-lich-sapa-3-ngay-2-dem-ham-rong-ta-van-cat-cat\/","og_site_name":"Viet Tour","article_modified_time":"2022-10-30T15:40:29+00:00","og_image":[{"width":600,"height":413,"url":"http:\/\/mau.hoabinhweb.com\/dulich1\/wp-content\/uploads\/2020\/08\/tour-sapa4.jpg","type":"image\/jpeg"}],"twitter_card":"summary_large_image","twitter_misc":{"\u01af\u1edbc t\u00ednh th\u1eddi gian \u0111\u1ecdc":"5 ph\u00fat"},"schema":{"@context":"https:\/\/schema.org","@graph":[{"@type":"WebPage","@id":"http:\/\/mau.hoabinhweb.com\/dulich1\/tours\/tour-du-lich-sapa-3-ngay-2-dem-ham-rong-ta-van-cat-cat\/","url":"http:\/\/mau.hoabinhweb.com\/dulich1\/tours\/tour-du-lich-sapa-3-ngay-2-dem-ham-rong-ta-van-cat-cat\/","name":"Tour du l\u1ecbch Sapa 3 ng\u00e0y 2 \u0111\u00eam H\u00e0m R\u1ed3ng - T\u1ea3 Van - C\u00e1t C\u00e1t - Viet Tour","isPartOf":{"@id":"http:\/\/mau.hoabinhweb.com\/dulich1\/#website"},"datePublished":"2020-08-21T00:40:00+00:00","dateModified":"2022-10-30T15:40:29+00:00","breadcrumb":{"@id":"http:\/\/mau.hoabinhweb.com\/dulich1\/tours\/tour-du-lich-sapa-3-ngay-2-dem-ham-rong-ta-van-cat-cat\/#breadcrumb"},"inLanguage":"vi","potentialAction":[{"@type":"ReadAction","target":["http:\/\/mau.hoabinhweb.com\/dulich1\/tours\/tour-du-lich-sapa-3-ngay-2-dem-ham-rong-ta-van-cat-cat\/"]}]},{"@type":"BreadcrumbList","@id":"http:\/\/mau.hoabinhweb.com\/dulich1\/tours\/tour-du-lich-sapa-3-ngay-2-dem-ham-rong-ta-van-cat-cat\/#breadcrumb","itemListElement":[{"@type":"ListItem","position":1,"name":"Trang ch\u1ee7","item":"http:\/\/mau.hoabinhweb.com\/dulich1\/"},{"@type":"ListItem","position":2,"name":"Tours","item":"http:\/\/mau.hoabinhweb.com\/dulich1\/tours\/"},{"@type":"ListItem","position":3,"name":"Tour du l\u1ecbch Sapa 3 ng\u00e0y 2 \u0111\u00eam H\u00e0m R\u1ed3ng &#8211; T\u1ea3 Van &#8211; C\u00e1t C\u00e1t"}]},{"@type":"WebSite","@id":"http:\/\/mau.hoabinhweb.com\/dulich1\/#website","url":"http:\/\/mau.hoabinhweb.com\/dulich1\/","name":"Viet Tour","description":"","potentialAction":[{"@type":"SearchAction","target":{"@type":"EntryPoint","urlTemplate":"http:\/\/mau.hoabinhweb.com\/dulich1\/?s={search_term_string}"},"query-input":"required name=search_term_string"}],"inLanguage":"vi"}]}},"_links":{"self":[{"href":"http:\/\/mau.hoabinhweb.com\/dulich1\/wp-json\/wp\/v2\/product\/110"}],"collection":[{"href":"http:\/\/mau.hoabinhweb.com\/dulich1\/wp-json\/wp\/v2\/product"}],"about":[{"href":"http:\/\/mau.hoabinhweb.com\/dulich1\/wp-json\/wp\/v2\/types\/product"}],"wp:featuredmedia":[{"embeddable":true,"href":"http:\/\/mau.hoabinhweb.com\/dulich1\/wp-json\/wp\/v2\/media\/203"}],"wp:attachment":[{"href":"http:\/\/mau.hoabinhweb.com\/dulich1\/wp-json\/wp\/v2\/media?parent=110"}],"wp:term":[{"taxonomy":"product_cat","embeddable":true,"href":"http:\/\/mau.hoabinhweb.com\/dulich1\/wp-json\/wp\/v2\/product_cat?post=110"},{"taxonomy":"product_tag","embeddable":true,"href":"http:\/\/mau.hoabinhweb.com\/dulich1\/wp-json\/wp\/v2\/product_tag?post=110"}],"curies":[{"name":"wp","href":"https:\/\/api.w.org\/{rel}","templated":true}]}}