{"id":109,"date":"2020-08-21T07:36:21","date_gmt":"2020-08-21T00:36:21","guid":{"rendered":"http:\/\/mau.hoabinhweb.com\/dulich1\/?post_type=product&#038;p=109"},"modified":"2022-10-30T22:40:30","modified_gmt":"2022-10-30T15:40:30","slug":"tour-sapa-2-ngay-1-dem-cho-bac-ha-ban-cat-cat","status":"publish","type":"product","link":"http:\/\/mau.hoabinhweb.com\/dulich1\/tours\/tour-sapa-2-ngay-1-dem-cho-bac-ha-ban-cat-cat\/","title":{"rendered":"Tour Sapa 2 ng\u00e0y 1 \u0111\u00eam Ch\u1ee3 B\u1eafc H\u00e0 &#8211; B\u1ea3n C\u00e1t C\u00e1t"},"content":{"rendered":"<h2>L\u1ecbch tr\u00ecnh c\u1ee5 th\u1ec3 Tour Sapa 2 ng\u00e0y 1 \u0111\u00eam Ch\u1ee3 B\u1eafc H\u00e0 B\u1ea3n C\u00e1t C\u00e1t c\u00f9ng Viet Tour<\/h2>\n<p><strong><u>Day 1<\/u><\/strong><strong>:<\/strong>Tour Du L\u1ecbch Sapa\u00a0<strong><span data-sheets-value=\"{&quot;1&quot;:2,&quot;2&quot;:&quot;tour du l\u1ecbch sapa tr\u1ecdn g\u00f3i&quot;}\" data-sheets-userformat=\"{&quot;2&quot;:4480,&quot;10&quot;:2,&quot;11&quot;:4,&quot;15&quot;:&quot;arial,sans,sans-serif&quot;}\">\u00a0tr\u1ecdn g\u00f3i\u00a0<\/span>Xu\u1ea5t ph\u00e1t t\u1eeb H\u00e0 N\u1ed9i \u2013\u00a0<em>Sapa \u2013 Cat Cat \u2013 Th\u00e1c Th\u1ee7y \u0110i\u1ec7n \u2013 Sapa (\u0102n tr\u01b0a \u2013 \u0102n t\u1ed1i)<\/em><\/strong><\/p>\n<p><strong>06.50 \u2013 7.15<\/strong>: Xe \u00f4 t\u00f4 ch\u1ea5t l\u01b0\u1ee3ng cao gi\u01b0\u1eddng n\u1eb1m ho\u1eb7c gh\u1ebf ng\u1ea3 c\u1ee7a\u00a0<strong>sinh cafe tour\u00a0<\/strong>s\u1ebd\u00a0\u0111\u00f3n qu\u00fd kh\u00e1ch t\u1ea1i \u0111i\u1ec3m h\u1eb9n xu\u1ea5t ph\u00e1t Tour Sapa 2 ng\u00e0y 1 \u0111\u00eam Ch\u1ee3 B\u1eafc H\u00e0 B\u1ea3n C\u00e1t C\u00e1t.<\/p>\n<p>D\u1ecdc theo tuy\u1ebfn \u0111\u01b0\u1eddng \u0111\u1ebfn v\u1edbi th\u1ecb tr\u1ea5n sapa th\u01a1 m\u1ed9ng du kh\u00e1ch s\u1ebd \u0111\u01b0\u1ee3c chi\u00eam ng\u01b0\u1ee1ng v\u1ebb \u0111\u1eb9p c\u1ee7a n\u00fai r\u1eebng T\u00e2y B\u1eafc, ng\u1eafm nh\u00ecn nh\u1eefng th\u1eeda ru\u1ed9ng b\u1eadc Thang, d\u01b0\u1edbi \u00e1nh n\u1eafng xuy\u00ean qua nh\u1eefng l\u1edbp s\u01b0\u01a1ng, t\u1ea1o ra b\u1ee9c tranh th\u01a1 m\u1ed9ng tuy\u1ec7t \u0111\u1eb9p.<\/p>\n<p><strong><img loading=\"lazy\" decoding=\"async\" class=\"http:\/\/thesinhcafetouronline.com\/danh-muc\/du-lich-mien-bac\/tour-du-lich-sapa\/ aligncenter\" title=\"Tour Du l\u1ecbch Sapa\" src=\"https:\/\/sapaexpress.com\/TWFiles\/du-lich\/sapa-tours\/cat-cat-village-5.jpg\" alt=\"Viet Tour\" width=\"530\" height=\"323\" \/>Tr\u01b0a: 12:30<\/strong>\u00a0Du kh\u00e1ch \u0111\u1ebfn nh\u1eadn ph\u00f2ng kh\u00e1ch s\u1ea1n v\u00e0 d\u00f9ng b\u1eefa tr\u01b0a, sau \u0111\u00f3 l\u00ean ph\u00f2ng ngh\u1ec9 ng\u01a1i.<\/p>\n<p>\u0110\u1ebfn 14:30 chi\u1ec1u, HDV\u00a0<strong>sinh cafe tour\u00a0<\/strong>c\u00f9ng v\u1edbi du kh\u00e1ch \u0111\u1ebfn tham b\u1ea3n C\u00e1t C\u00e1t c\u1ee7a ng\u01b0\u1eddi H\u2019M\u00f4ng, gh\u00e9 th\u0103m Th\u00e1c Th\u1ee7y \u0110i\u1ec7n gh\u00e9 th\u0103m Su\u1ed1i Ti\u00ean Sa c\u1ee7a D\u00e2n t\u1ed9c M\u00f4ng \u0111en (\u0111i b\u1ed9 2km). Sau khi \u0111\u00e3 th\u1ecfa s\u1ee9c kh\u00e1m ph\u00e1 v\u00e0 ch\u1ee5p h\u00ecnh l\u01b0u ni\u1ec7m qu\u00fd kh\u00e1ch l\u00ean xe tr\u1edf v\u1ec1 kh\u00e1ch s\u1ea1n.<\/p>\n<p><strong>T\u1ed1i:<\/strong>\u00a0Qu\u00fd kh\u00e1ch t\u1ef1 do \u0111i d\u1ea1o quanh th\u1ecb tr\u1ea5n sapa, mua s\u1eafm nh\u1eefng m\u00f3n \u0111\u1ed3 l\u01b0u ni\u1ec7m, ngh\u1ec9 \u0111\u00eam v\u00e0 \u0103n t\u1ed1i \u1edf Nh\u00e0 H\u00e0ng.<\/p>\n<h2>Day 2:\u00a0Tour Du L\u1ecbch Sapa\u00a02 ng\u00e0y 1 \u0111\u00eam Ch\u1ee3 B\u1eafc H\u00e0 B\u1ea3n C\u00e1t C\u00e1t<\/h2>\n<p>7h00 qu\u00fd kh\u00e1ch :\u00a0\u0102n s\u00e1ng, \u00f4t\u00f4 \u0111\u01b0a kh\u00e1ch \u0111i \u0111\u1ebfn th\u0103m ch\u1ee3 B\u1eafc H\u00e0 \u2013 \u0110\u00e2y \u0111\u01b0\u1ee3c coi l\u00e0 ch\u1ee3 l\u1edbn nh\u1ea5t c\u1ee7a \u0111\u1ed3ng b\u00e0o d\u00e2n t\u1ed9c thi\u1ec3u s\u1ed1 v\u00f9ng T\u00e2y B\u1eafc.<\/p>\n<p><img loading=\"lazy\" decoding=\"async\" class=\"http:\/\/thesinhcafetouronline.com\/danh-muc\/du-lich-mien-bac\/tour-du-lich-sapa\/ aligncenter\" title=\"TOUR DU L\u1ecaCH SAPA\" src=\"http:\/\/dulichkhatvongviet.com\/wp-content\/uploads\/2015\/10\/cho-phien-bac-ha.jpg\" alt=\"The Sinh Tourist\" width=\"503\" height=\"331\" \/><\/p>\n<p>Kho\u1ea3ng 10:00: \u0110\u1ebfn ch\u1ee3 B\u1eafc H\u00e0, Du kh\u00e1ch ngh\u1ec9 ng\u01a1i, t\u1ef1 do mua s\u1eafm \u0111\u1ed3 th\u1ed5 c\u1ea9m, \u0111\u1ed3 l\u01b0u ni\u1ec7m, \u0111\u1eb7c s\u1ea3n B\u1eafc H\u00e0, giao l\u01b0u v\u1edbi ng\u01b0\u1eddi d\u00e2n t\u1ed9c : H\u2032M\u00f4ng, Dzao, T\u00e0y, N\u00f9ng, Saph\u00f3\u2026<\/p>\n<p><img loading=\"lazy\" decoding=\"async\" class=\"http:\/\/thesinhcafetouronline.com\/danh-muc\/du-lich-mien-bac\/tour-du-lich-sapa\/ aligncenter\" title=\"Tour Du L\u1ecbch Sapa\" src=\"http:\/\/sinhcafetour.com.vn\/pic\/Tour\/images\/tour%20sapa%20b%E1%BA%AFc%20h%C3%A0.jpg\" alt=\"Tour Du L\u1ecbch Sapa\" width=\"502\" height=\"333\" \/><\/p>\n<p>12:00:\u00a0\u0102n tr\u01b0a v\u00e0 ngh\u1ec9 ng\u01a1i 1 ch\u00fat.<\/p>\n<p>15:00:\u00a0Xe \u00f4 t\u00f4 c\u1ee7a\u00a0<strong>sinh cafe tour\u00a0<\/strong>s\u1ebd \u0111\u01b0a du kh\u00e1ch \u0111\u1ebfn dinh vua Ho\u00e0ng A T\u01b0\u1edfng \u2013 Th\u0103m quan B\u1ea3n Ph\u1ed1 ng\u01b0\u1eddi d\u00e2n t\u1ed9c M\u00f4ng Hoa, Sau \u0111\u00f3 du kh\u00e1ch quay l\u1ea1i xe v\u00e0 tr\u1edf v\u1ec1 L\u00e0o Cai, tr\u00ean \u0111\u01b0\u1eddng v\u1ec1 Qu\u00fd kh\u00e1ch c\u00f3 th\u1ec3 d\u1eebng ch\u00e2n ch\u1ee5p \u1ea3nh c\u1ee7a kh\u1ea9u qu\u1ed1c t\u1ebf.<\/p>\n<p>17:00: Du kh\u00e1ch s\u1ebd l\u00ean xe chu\u1ea9n b\u1ecb xu\u1ea5t ph\u00e1t v\u1ec1 H\u00e0 N\u1ed9i<\/p>\n<p><strong>22.00:<\/strong>\u00a0Xe \u00f4 t\u00f4 \u0111\u01b0a du kh\u00e1ch v\u1ec1 \u0111\u1ebfn h\u00e0 n\u1ed9i .\u00a0K\u1ebft th\u00fac ch\u01b0\u01a1ng tr\u00ecnh\u00a0Tour du l\u1ecbch Sapa 2 ng\u00e0y 1 \u0111\u00eam Ch\u1ee3 B\u1eafc H\u00e0 b\u1ea3n c\u00e1t c\u00e1t, \u0111\u1ea7y k\u1ef7 ni\u1ec7m.<\/p>\n<p><strong>Gi\u00e1 tham gia\u00a0tour du l\u1ecbch sapa\u00a02 ng\u00e0y 1 \u0111\u00eam Ch\u1ee3 B\u1eafc H\u00e0 B\u1ea3n C\u00e1t C\u00e1t.<\/strong><\/p>\n<p>L\u01b0u \u00fd gi\u00e1 Tour bao tr\u1ecdn g\u00f3i, HDV, c\u00e1c b\u1eefa \u0103n theo tour, xe \u0111\u01b0a \u0111\u00f3n.<\/p>\n<p><strong>B\u1ea3ng gi\u00e1 tour du l\u1ecbch Sapa 3 ng\u00e0y 2 \u0111\u00eam H\u00e0m R\u1ed3ng \u2013 C\u00e1t C\u00e1t \u2013 \u00a0T\u1ea3 Van<\/strong><\/p>\n<p><strong>GI\u00c1 D\u00c0NH CHO TR\u1eba EM:<\/strong><\/p>\n<p>B\u00e9 1 \u2013 4t \u0111\u01b0\u1ee3c mi\u1ec5n ph\u00ed.<\/p>\n<p>B\u00e9 5 \u2013 8t t\u00ednh gi\u00e1 75% tour ng\u01b0\u1eddi l\u1edbn.<\/p>\n<p>T\u1eeb 9 tu\u1ed5i s\u1ebd t\u00ednh b\u1eb1ng ng\u01b0\u1eddi l\u1edbn.<\/p>\n<p><strong>GI\u00c1 TOUR BAO G\u1ed2M:<\/strong><br \/>\n\u2013 Xe \u00f4 t\u00f4 \u0111\u01b0a \u0111\u00f3n theo l\u1ecbch tr\u00ecnh.<br \/>\n\u2013 Kh\u00e1ch s\u1ea1n \u0111\u1ea7y \u0111\u1ee7 ti\u1ec7n nghi, tho\u1ea3i m\u00e1i: 02 \u2013 03 kh\u00e1ch\/ ph\u00f2ng<br \/>\n\u2013 \u0102n c\u00e1c b\u1eefa theo l\u1ecbch tr\u00ecnh.<br \/>\n\u2013 H\u01b0\u1edbng d\u1eabn vi\u00ean \u0111i c\u00f9ng \u0111o\u00e0n xuy\u00ean su\u1ed1t tour du l\u1ecbch sapa 2 ng\u00e0y 1 \u0111\u00eam ch\u1ee3 b\u1eafc h\u00e0<br \/>\n\u2013 Ph\u00ed tham quan t\u1ea1i Sapa<\/p>\n<p><strong>GI\u00c1 TOUR KH\u00d4NG BAO G\u1ed2M:<\/strong><br \/>\n\u2013 Thu\u1ebf VAT (10%) C\u00e1c chi ph\u00ed c\u00e1 nh\u00e2n kh\u00e1c (\u0111i\u1ec7n tho\u1ea1i, gi\u1eb7t l\u00e0, \u0111\u1ed3 u\u1ed1ng trong b\u1eefa \u0103n,\u2026)<\/p>\n","protected":false},"excerpt":{"rendered":"<p>L\u1ecbch tr\u00ecnh c\u1ee5 th\u1ec3 Tour Sapa 2 ng\u00e0y 1 \u0111\u00eam Ch\u1ee3 B\u1eafc H\u00e0 B\u1ea3n C\u00e1t C\u00e1t c\u00f9ng Viet Tour Day 1:Tour Du L\u1ecbch Sapa\u00a0\u00a0tr\u1ecdn g\u00f3i\u00a0Xu\u1ea5t ph\u00e1t t\u1eeb H\u00e0 N\u1ed9i \u2013\u00a0Sapa \u2013 Cat Cat \u2013 Th\u00e1c Th\u1ee7y \u0110i\u1ec7n \u2013 Sapa (\u0102n tr\u01b0a \u2013 \u0102n t\u1ed1i) 06.50 \u2013 7.15: Xe \u00f4 t\u00f4 ch\u1ea5t l\u01b0\u1ee3ng cao gi\u01b0\u1eddng n\u1eb1m<\/p>\n","protected":false},"featured_media":204,"template":"","meta":[],"product_cat":[19,20,25,26],"product_tag":[],"class_list":["post-109","product","type-product","status-publish","has-post-thumbnail","hentry","product_cat-tour-noi-bat","product_cat-tour-khach-doan","product_cat-tour-nuoc-ngoai","product_cat-tour-trong-nuoc"],"acf":[],"yoast_head":"<!-- This site is optimized with the Yoast SEO plugin v19.13 - https:\/\/yoast.com\/wordpress\/plugins\/seo\/ -->\n<title>Tour Sapa 2 ng\u00e0y 1 \u0111\u00eam Ch\u1ee3 B\u1eafc H\u00e0 - B\u1ea3n C\u00e1t C\u00e1t - Viet Tour<\/title>\n<meta name=\"robots\" content=\"noindex, follow, max-snippet:-1, max-image-preview:large, max-video-preview:-1\" \/>\n<meta property=\"og:locale\" content=\"vi_VN\" \/>\n<meta property=\"og:type\" content=\"article\" \/>\n<meta property=\"og:title\" content=\"Tour Sapa 2 ng\u00e0y 1 \u0111\u00eam Ch\u1ee3 B\u1eafc H\u00e0 - B\u1ea3n C\u00e1t C\u00e1t - Viet Tour\" \/>\n<meta property=\"og:description\" content=\"L\u1ecbch tr\u00ecnh c\u1ee5 th\u1ec3 Tour Sapa 2 ng\u00e0y 1 \u0111\u00eam Ch\u1ee3 B\u1eafc H\u00e0 B\u1ea3n C\u00e1t C\u00e1t c\u00f9ng Viet Tour Day 1:Tour Du L\u1ecbch Sapa\u00a0\u00a0tr\u1ecdn g\u00f3i\u00a0Xu\u1ea5t ph\u00e1t t\u1eeb H\u00e0 N\u1ed9i \u2013\u00a0Sapa \u2013 Cat Cat \u2013 Th\u00e1c Th\u1ee7y \u0110i\u1ec7n \u2013 Sapa (\u0102n tr\u01b0a \u2013 \u0102n t\u1ed1i) 06.50 \u2013 7.15: Xe \u00f4 t\u00f4 ch\u1ea5t l\u01b0\u1ee3ng cao gi\u01b0\u1eddng n\u1eb1m\" \/>\n<meta property=\"og:url\" content=\"http:\/\/mau.hoabinhweb.com\/dulich1\/tours\/tour-sapa-2-ngay-1-dem-cho-bac-ha-ban-cat-cat\/\" \/>\n<meta property=\"og:site_name\" content=\"Viet Tour\" \/>\n<meta property=\"article:modified_time\" content=\"2022-10-30T15:40:30+00:00\" \/>\n<meta property=\"og:image\" content=\"http:\/\/mau.hoabinhweb.com\/dulich1\/wp-content\/uploads\/2020\/08\/tour-sapa5.jpg\" \/>\n\t<meta property=\"og:image:width\" content=\"800\" \/>\n\t<meta property=\"og:image:height\" content=\"488\" \/>\n\t<meta property=\"og:image:type\" content=\"image\/jpeg\" \/>\n<meta name=\"twitter:card\" content=\"summary_large_image\" \/>\n<meta name=\"twitter:label1\" content=\"\u01af\u1edbc t\u00ednh th\u1eddi gian \u0111\u1ecdc\" \/>\n\t<meta name=\"twitter:data1\" content=\"4 ph\u00fat\" \/>\n<script type=\"application\/ld+json\" class=\"yoast-schema-graph\">{\"@context\":\"https:\/\/schema.org\",\"@graph\":[{\"@type\":\"WebPage\",\"@id\":\"http:\/\/mau.hoabinhweb.com\/dulich1\/tours\/tour-sapa-2-ngay-1-dem-cho-bac-ha-ban-cat-cat\/\",\"url\":\"http:\/\/mau.hoabinhweb.com\/dulich1\/tours\/tour-sapa-2-ngay-1-dem-cho-bac-ha-ban-cat-cat\/\",\"name\":\"Tour Sapa 2 ng\u00e0y 1 \u0111\u00eam Ch\u1ee3 B\u1eafc H\u00e0 - B\u1ea3n C\u00e1t C\u00e1t - Viet Tour\",\"isPartOf\":{\"@id\":\"http:\/\/mau.hoabinhweb.com\/dulich1\/#website\"},\"datePublished\":\"2020-08-21T00:36:21+00:00\",\"dateModified\":\"2022-10-30T15:40:30+00:00\",\"breadcrumb\":{\"@id\":\"http:\/\/mau.hoabinhweb.com\/dulich1\/tours\/tour-sapa-2-ngay-1-dem-cho-bac-ha-ban-cat-cat\/#breadcrumb\"},\"inLanguage\":\"vi\",\"potentialAction\":[{\"@type\":\"ReadAction\",\"target\":[\"http:\/\/mau.hoabinhweb.com\/dulich1\/tours\/tour-sapa-2-ngay-1-dem-cho-bac-ha-ban-cat-cat\/\"]}]},{\"@type\":\"BreadcrumbList\",\"@id\":\"http:\/\/mau.hoabinhweb.com\/dulich1\/tours\/tour-sapa-2-ngay-1-dem-cho-bac-ha-ban-cat-cat\/#breadcrumb\",\"itemListElement\":[{\"@type\":\"ListItem\",\"position\":1,\"name\":\"Trang ch\u1ee7\",\"item\":\"http:\/\/mau.hoabinhweb.com\/dulich1\/\"},{\"@type\":\"ListItem\",\"position\":2,\"name\":\"Tours\",\"item\":\"http:\/\/mau.hoabinhweb.com\/dulich1\/tours\/\"},{\"@type\":\"ListItem\",\"position\":3,\"name\":\"Tour Sapa 2 ng\u00e0y 1 \u0111\u00eam Ch\u1ee3 B\u1eafc H\u00e0 &#8211; B\u1ea3n C\u00e1t C\u00e1t\"}]},{\"@type\":\"WebSite\",\"@id\":\"http:\/\/mau.hoabinhweb.com\/dulich1\/#website\",\"url\":\"http:\/\/mau.hoabinhweb.com\/dulich1\/\",\"name\":\"Viet Tour\",\"description\":\"\",\"potentialAction\":[{\"@type\":\"SearchAction\",\"target\":{\"@type\":\"EntryPoint\",\"urlTemplate\":\"http:\/\/mau.hoabinhweb.com\/dulich1\/?s={search_term_string}\"},\"query-input\":\"required name=search_term_string\"}],\"inLanguage\":\"vi\"}]}<\/script>\n<!-- \/ Yoast SEO plugin. -->","yoast_head_json":{"title":"Tour Sapa 2 ng\u00e0y 1 \u0111\u00eam Ch\u1ee3 B\u1eafc H\u00e0 - B\u1ea3n C\u00e1t C\u00e1t - Viet Tour","robots":{"index":"noindex","follow":"follow","max-snippet":"max-snippet:-1","max-image-preview":"max-image-preview:large","max-video-preview":"max-video-preview:-1"},"og_locale":"vi_VN","og_type":"article","og_title":"Tour Sapa 2 ng\u00e0y 1 \u0111\u00eam Ch\u1ee3 B\u1eafc H\u00e0 - B\u1ea3n C\u00e1t C\u00e1t - Viet Tour","og_description":"L\u1ecbch tr\u00ecnh c\u1ee5 th\u1ec3 Tour Sapa 2 ng\u00e0y 1 \u0111\u00eam Ch\u1ee3 B\u1eafc H\u00e0 B\u1ea3n C\u00e1t C\u00e1t c\u00f9ng Viet Tour Day 1:Tour Du L\u1ecbch Sapa\u00a0\u00a0tr\u1ecdn g\u00f3i\u00a0Xu\u1ea5t ph\u00e1t t\u1eeb H\u00e0 N\u1ed9i \u2013\u00a0Sapa \u2013 Cat Cat \u2013 Th\u00e1c Th\u1ee7y \u0110i\u1ec7n \u2013 Sapa (\u0102n tr\u01b0a \u2013 \u0102n t\u1ed1i) 06.50 \u2013 7.15: Xe \u00f4 t\u00f4 ch\u1ea5t l\u01b0\u1ee3ng cao gi\u01b0\u1eddng n\u1eb1m","og_url":"http:\/\/mau.hoabinhweb.com\/dulich1\/tours\/tour-sapa-2-ngay-1-dem-cho-bac-ha-ban-cat-cat\/","og_site_name":"Viet Tour","article_modified_time":"2022-10-30T15:40:30+00:00","og_image":[{"width":800,"height":488,"url":"http:\/\/mau.hoabinhweb.com\/dulich1\/wp-content\/uploads\/2020\/08\/tour-sapa5.jpg","type":"image\/jpeg"}],"twitter_card":"summary_large_image","twitter_misc":{"\u01af\u1edbc t\u00ednh th\u1eddi gian \u0111\u1ecdc":"4 ph\u00fat"},"schema":{"@context":"https:\/\/schema.org","@graph":[{"@type":"WebPage","@id":"http:\/\/mau.hoabinhweb.com\/dulich1\/tours\/tour-sapa-2-ngay-1-dem-cho-bac-ha-ban-cat-cat\/","url":"http:\/\/mau.hoabinhweb.com\/dulich1\/tours\/tour-sapa-2-ngay-1-dem-cho-bac-ha-ban-cat-cat\/","name":"Tour Sapa 2 ng\u00e0y 1 \u0111\u00eam Ch\u1ee3 B\u1eafc H\u00e0 - B\u1ea3n C\u00e1t C\u00e1t - Viet Tour","isPartOf":{"@id":"http:\/\/mau.hoabinhweb.com\/dulich1\/#website"},"datePublished":"2020-08-21T00:36:21+00:00","dateModified":"2022-10-30T15:40:30+00:00","breadcrumb":{"@id":"http:\/\/mau.hoabinhweb.com\/dulich1\/tours\/tour-sapa-2-ngay-1-dem-cho-bac-ha-ban-cat-cat\/#breadcrumb"},"inLanguage":"vi","potentialAction":[{"@type":"ReadAction","target":["http:\/\/mau.hoabinhweb.com\/dulich1\/tours\/tour-sapa-2-ngay-1-dem-cho-bac-ha-ban-cat-cat\/"]}]},{"@type":"BreadcrumbList","@id":"http:\/\/mau.hoabinhweb.com\/dulich1\/tours\/tour-sapa-2-ngay-1-dem-cho-bac-ha-ban-cat-cat\/#breadcrumb","itemListElement":[{"@type":"ListItem","position":1,"name":"Trang ch\u1ee7","item":"http:\/\/mau.hoabinhweb.com\/dulich1\/"},{"@type":"ListItem","position":2,"name":"Tours","item":"http:\/\/mau.hoabinhweb.com\/dulich1\/tours\/"},{"@type":"ListItem","position":3,"name":"Tour Sapa 2 ng\u00e0y 1 \u0111\u00eam Ch\u1ee3 B\u1eafc H\u00e0 &#8211; B\u1ea3n C\u00e1t C\u00e1t"}]},{"@type":"WebSite","@id":"http:\/\/mau.hoabinhweb.com\/dulich1\/#website","url":"http:\/\/mau.hoabinhweb.com\/dulich1\/","name":"Viet Tour","description":"","potentialAction":[{"@type":"SearchAction","target":{"@type":"EntryPoint","urlTemplate":"http:\/\/mau.hoabinhweb.com\/dulich1\/?s={search_term_string}"},"query-input":"required name=search_term_string"}],"inLanguage":"vi"}]}},"_links":{"self":[{"href":"http:\/\/mau.hoabinhweb.com\/dulich1\/wp-json\/wp\/v2\/product\/109"}],"collection":[{"href":"http:\/\/mau.hoabinhweb.com\/dulich1\/wp-json\/wp\/v2\/product"}],"about":[{"href":"http:\/\/mau.hoabinhweb.com\/dulich1\/wp-json\/wp\/v2\/types\/product"}],"wp:featuredmedia":[{"embeddable":true,"href":"http:\/\/mau.hoabinhweb.com\/dulich1\/wp-json\/wp\/v2\/media\/204"}],"wp:attachment":[{"href":"http:\/\/mau.hoabinhweb.com\/dulich1\/wp-json\/wp\/v2\/media?parent=109"}],"wp:term":[{"taxonomy":"product_cat","embeddable":true,"href":"http:\/\/mau.hoabinhweb.com\/dulich1\/wp-json\/wp\/v2\/product_cat?post=109"},{"taxonomy":"product_tag","embeddable":true,"href":"http:\/\/mau.hoabinhweb.com\/dulich1\/wp-json\/wp\/v2\/product_tag?post=109"}],"curies":[{"name":"wp","href":"https:\/\/api.w.org\/{rel}","templated":true}]}}