{"id":108,"date":"2020-08-21T07:36:21","date_gmt":"2020-08-21T00:36:21","guid":{"rendered":"http:\/\/mau.hoabinhweb.com\/dulich1\/?post_type=product&#038;p=108"},"modified":"2022-10-30T22:40:30","modified_gmt":"2022-10-30T15:40:30","slug":"tour-du-lich-sapa-2-ngay-1-dem-ham-rong-cat-cat","status":"publish","type":"product","link":"http:\/\/mau.hoabinhweb.com\/dulich1\/tours\/tour-du-lich-sapa-2-ngay-1-dem-ham-rong-cat-cat\/","title":{"rendered":"Tour Du L\u1ecbch Sapa 2 Ng\u00e0y 1 \u0110\u00eam H\u00e0m R\u1ed3ng &#8211; C\u00e1t C\u00e1t"},"content":{"rendered":"<h2><strong>L\u1ecbch tr\u00ecnh c\u1ee5 th\u1ec3 Tour Du L\u1ecbch Sapa 2 Ng\u00e0y 1 \u0110\u00eam H\u00e0m R\u1ed3ng C\u00e1t C\u00e1t<\/strong><\/h2>\n<p><strong>Tour\u00a0Sapa 2 Ng\u00e0y 1 \u0110\u00eam C\u00e1t C\u00e1t-H\u00e0m R\u1ed3ng b\u1eb1ng \u00f4 t\u00f4 c\u0169ng The Sinh Cafe tours t\u1ed5 ch\u1ee9c, v\u1edbi 2 ng\u00e0y 1 \u0111\u00eam \u0111\u1ebfn v\u1edbi Sapa qu\u00fd kh\u00e1ch c\u00f3 th\u1ec3 h\u00f2a m\u00ecnh v\u00e0o m\u1edbi sapa th\u01a1 m\u1ed9ng.<\/strong><\/p>\n<p><em>Kh\u1edfi h\u00e0nh b\u1eaft \u0111\u1ea7u th\u00f4ng tuy\u1ebfn\u00a0<strong>\u0111\u01b0\u1eddng cao t\u1ed1c N\u1ed9i B\u00e0i \u2013 L\u00e0o Cai d\u00e0i 265 km\u00a0<\/strong>\u0111\u1ebfn v\u1edbi th\u1ecb tr\u1ea5n sapa m\u1edd s\u01b0\u01a1ng, qu\u00fd kh\u00e1ch s\u1ebd \u0111\u01b0\u1ee3c \u0111\u1ebfn th\u0103m b\u1ea3n C\u00e1t C\u00e1t c\u1ee7a ng\u01b0\u1eddi d\u00e2n t\u1ed9c H\u2019M\u00f4ng, tham khu du l\u1ecbch H\u00e0m R\u1ed3ng n\u1ed5i ti\u1ebfng. \u0110\u01b0\u1ee3c h\u00f2a m\u00ecnh v\u00e0o kh\u00f4ng kh\u00ed trong l\u00e0nh, m\u00e0 ch\u1ec9 ri\u00eang \u1edf Sapa xinh \u0111\u1eb9p m\u1edbi c\u00f3.<\/em><\/p>\n<h3><strong><u>Ng\u00e0y 1<\/u><\/strong><strong>:\u00a0<em>Sapa \u2013 b\u1ea3n C\u00e1t C\u00e1t \u2013 Th\u00e1c Th\u1ee7y \u0110i\u1ec7n \u2013 Sapa (\u0102n tr\u01b0a \u2013 \u0102n t\u1ed1i)<\/em><\/strong><\/h3>\n<div>\n<p><strong>06.45\u00a0\u2013 7.15<\/strong>:\u00a0Xe \u00f4 t\u00f4 ch\u1ea5t l\u01b0\u1ee3ng cao gi\u01b0\u1eddng n\u1eb1m ho\u1eb7c gh\u1ebf ng\u1ea3 s\u1ebd\u00a0\u0111\u00f3n qu\u00fd kh\u00e1ch t\u1ea1i \u0111i\u1ec3m h\u1eb9n kh\u1edfi h\u00e0nh Tour Du L\u1ecbch Sapa 2 Ng\u00e0y 1 \u0110\u00eam H\u00e0m R\u1ed3ng theo tuy\u1ebfn \u0111\u01b0\u1eddng cao t\u1ed1c. Tr\u00ean \u0111\u01b0\u1eddng \u0111\u1ebfn v\u1edbi Sapa th\u01a1 m\u1ed9ng, Du kh\u00e1ch c\u00f3 th\u1ec3 t\u1eadn m\u1eaft chi\u00eam ng\u01b0\u1ee1ng v\u1ebb \u0111\u1eb9p tuy\u1ec7t v\u1eddi c\u1ee7a n\u00fai r\u1eebng T\u00e2y B\u1eafc, Ng\u1eafm nh\u00ecn nh\u1eefng th\u1eeda ru\u1ed9ng B\u1eadc Thang t\u1ea1o n\u00ean b\u1ee9c tranh l\u1ea5p l\u00e1nh trong \u00e1nh n\u1eafng v\u00e0ng, qu\u00fd kh\u00e1ch s\u1ebd \u0111\u01b0\u1ee3c d\u1eebng ch\u00e2n ngh\u1ec9 ng\u01a1i 20p sau \u0111\u00f3 ti\u1ebfp t\u1ee5c cu\u1ed9c h\u00e0nh tr\u00ecnh \u0111\u1ebfn v\u1edbi sapa<\/p>\n<div><img loading=\"lazy\" decoding=\"async\" class=\"http:\/\/thesinhcafetouronline.com\/danh-muc\/du-lich-mien-bac\/tour-du-lich-sapa\/ aligncenter\" title=\"Tour Sapa\" src=\"https:\/\/statics.vntrip.vn\/data-v2\/data-guide\/img_content\/1463729618_ruong-bac-thang-2.jpg\" alt=\"Sinh Cafe Tour\" width=\"526\" height=\"361\" \/><\/div>\n<p><strong>\u0110\u1ebfn 12h30<\/strong>\u00a0Du kh\u00e1ch c\u00f9ng v\u1edbi HDV \u0111i \u0111\u1ebfn nh\u00e0 h\u00e0ng kh\u00e1ch s\u1ea1n \u0103n tr\u01b0a, v\u00e0 nh\u1eadn ph\u00f2ng, ngh\u1ec9 ng\u01a1i.<\/p>\n<p>\u0110\u1ebfn 14h30: \u00a0B\u1ea1n s\u1ebd \u0111\u01b0\u1ee3c t\u1eadn m\u1eaft nh\u00ecn th\u1ea5y b\u1ea3n C\u00e1t C\u00e1t \u2013 Th\u00e1c Th\u1ee7y \u0110i\u1ec7n \u2013 Su\u1ed1i Ti\u00ean Sa c\u1ee7a D\u00e2n t\u1ed9c M\u00f4ng \u0111en (\u0111i b\u1ed9 3,5km). \u0110\u1ebfn b\u1ea3n sau khi \u0111\u01b0\u1ee3c gi\u1edbi thi\u1ec7u v\u1ec1 B\u1ea3n du kh\u00e1ch d\u00e0nh th\u1eddi gian t\u1ef1 do ch\u1ee5p \u1ea3nh Th\u00e1c, xem c\u00e1c b\u00e0i m\u00f9a c\u1ee7a d\u00e2n T\u1ed9c T\u00e0y, M\u00f4ng\u2026Sau khi sau \u0111\u00f3 du kh\u00e1ch c\u00f9ng \u0111o\u00e0n tr\u1edf v\u1ec1 l\u1ea1i kh\u00e1ch s\u1ea1n.<\/p>\n<p><strong>T\u1ed1i:<\/strong>\u00a0Du kh\u00e1ch ngh\u1ec9 ng\u01a1i \u1edf kh\u00e1ch s\u1ea1n, t\u1ef1 do \u0111i d\u1ea1o th\u1ecb tr\u1ea5n Sapa, mua s\u1eafm \u0111\u1ed3 l\u01b0u ni\u1ec7m. \u0102n t\u1ed1i nh\u00e0 h\u00e0ng.<\/p>\n<h2>Day 2:\u00a0Tour Du L\u1ecbch Sapa 2 Ng\u00e0y 1 \u0110\u00eam H\u00e0m R\u1ed3ng<\/h2>\n<p><strong>S\u00e1ng 6h30:<\/strong>\u00a0Du kh\u00e1ch d\u1eady d\u00f9ng b\u1eefa s\u00e1ng t\u1ea1i nh\u00e0 h\u00e0ng kh\u00e1ch s\u1ea1n.<\/p>\n<p>9h30 Du kh\u00e1ch c\u00f9ng v\u1edbi HDVL c\u1ee7a\u00a0<strong>The sinh Cafe Tours<\/strong>\u00a0\u0111\u1ebfn tham quan N\u00fai H\u00e0m R\u1ed3ng \u2013 C\u1ed5ng tr\u1eddi \u2013 V\u01b0\u1eddn Lan 1,2.., v\u01b0\u1eddn Lan Ch\u00e2u \u00c2u, \u0110\u1ecba Lan.<\/p>\n<p>\u0110\u1ebfn \u0111\u01b0\u1ee3c v\u1edbi C\u1ed5ng Tr\u1eddi Qu\u00fd kh\u00e1ch th\u1ecfa ch\u00ed ng\u1eafm to\u00e0n c\u1ea3nh Sapa t\u1eeb tr\u00ean \u0111\u1ec9nh n\u00fai, du kh\u00e1ch quay tr\u1edf v\u1ec1\u00a0tr\u1ea3 ph\u00f2ng kh\u00e1ch s\u1ea1n v\u00e0 \u0103n tr\u01b0a t\u1ea1i nh\u00e0 h\u00e0ng.<\/p>\n<p><strong>Chi\u1ec1u:<\/strong>\u00a0C\u00f3 th\u1ec3 t\u1ef1 do \u0111\u00e2u \u0111\u00f3 t\u1ea1i th\u1ecb tr\u1ea5n sapa.<\/p>\n<p>\u0110\u1ebfn 15:30 HDV s\u1ebd \u0111\u01b0a Qu\u00fd kh\u00e1ch ra xe chu\u1ea9n b\u1ecb v\u1ec1 H\u00e0 N\u1ed9i<\/p>\n<p><strong>Kho\u1ea3ng 22.00:<\/strong>\u00a0xe \u00f4 t\u00f4 c\u00f3 m\u1eb7t \u1edf H\u00e0 N\u1ed9i, k\u1ebft th\u00fac ch\u01b0\u01a1ng tr\u00ecnh\u00a0<strong>Tour Sapa\u00a02 ng\u00e0y 1 \u0111\u00eam H\u00e0 R\u1ed3ng C\u00e1t C\u00e1t<\/strong>, \u0111\u1ea7y k\u1ef7 ni\u1ec7m.<\/p>\n<p><img loading=\"lazy\" decoding=\"async\" class=\"http:\/\/thesinhcafetouronline.com\/danh-muc\/du-lich-mien-bac\/tour-du-lich-sapa\/ aligncenter\" title=\"Tour Sapa\" src=\"https:\/\/vietskytourism.com.vn\/wp-content\/uploads\/2017\/04\/N%C3%BAi-H%C3%A0m-R%E1%BB%93ng.jpg\" alt=\"THE SINH CAFE TOURIST \" width=\"600\" height=\"450\" \/><\/p>\n<p><strong>Gi\u00e1\u00a0Tour Sapa\u00a02 ng\u00e0y 1 \u0111\u00eam H\u00e0 R\u1ed3ng C\u00e1t C\u00e1t 1.350.000 vn\u0111<\/strong><\/p>\n<p><strong>B\u1ea3ng gi\u00e1 tour du l\u1ecbch Sapa 3 ng\u00e0y 2 \u0111\u00eam C\u00e1t C\u00e1t \u2013 H\u00e0m R\u1ed3ng\u00a0<\/strong><\/p>\n<table border=\"1\" width=\"760\" cellspacing=\"0\" cellpadding=\"0\">\n<tbody>\n<tr>\n<td><strong>STT<\/strong><\/td>\n<td><strong>Kha\u0301ch sa\u0323n ti\u00eau chu\u00e2\u0309n\u00a0<\/strong><\/td>\n<td><strong>Gi\u00e1 Tour<br \/>\n<\/strong><\/td>\n<td><strong>Phu\u0323 thu pho\u0300ng \u0111\u01a1n<br \/>\n\u0111\u1ed1i v\u1edbi 1 kh\u00e1ch<\/strong><\/td>\n<\/tr>\n<tr>\n<td>1<\/td>\n<td>sapa center view Hotel (2 sao)<\/td>\n<td>1.350.000\u0111<\/td>\n<td>200.000\u0111<\/td>\n<\/tr>\n<tr>\n<td>1<\/td>\n<td>Mountain View Hotel (2 sao)<\/td>\n<td>1.450.000\u0111<\/td>\n<td>250.000\u0111<\/td>\n<\/tr>\n<tr>\n<td>2<\/td>\n<td>Sapa lodge Hotel\u00a0 (3 sao)<\/td>\n<td>\u00a01.850.000\u0111<\/td>\n<td>400.000\u0111<\/td>\n<\/tr>\n<tr>\n<td>3<\/td>\n<td>\u00a0 Sapa Charm Hotel (4 sao)<\/td>\n<td>2.500.000\u0111<\/td>\n<td>7000.000\u0111<\/td>\n<\/tr>\n<\/tbody>\n<\/table>\n<p><strong>GI\u00c1 D\u00c0NH CHO TR\u1eba EM \u0110I TOUR SAPA 2 NG\u00c0Y 1 \u0110\u00caM<\/strong><br \/>\n\u2013 Tr\u1ebb em t\u1eeb 1 \u0111\u1ebfn 4 tu\u1ed5i mi\u1ec5n ph\u00ed gi\u00e1 tour \u0111i sapa, b\u1ed1 m\u1eb9 t\u1ef1 lo cho b\u00e9<br \/>\n\u2013 Tr\u1ebb em 5 \u2013 8 tu\u1ed5i t\u00ednh 75% gi\u00e1 tour \u0111i sapa<br \/>\n\u2013 Tr\u1ebb em 9 tu\u1ed5i tr\u1edf l\u00ean b\u1eaft \u0111\u1ea7u t\u00ednh ti\u1ec1n nh\u01b0 ng\u01b0\u1eddi l\u1edbn.<\/p>\n<div>\n<p><strong>Gia Tour Sapa 2 ng\u00e0y 1 \u0111\u00eam bao g\u1ed3m<\/strong><br \/>\n\u2013 Xe \u00f4 t\u00f4 \u0111\u01b0a v\u00e0 \u0111\u00f3n du kh\u00e1ch theo ch\u01b0\u01a1ng tr\u00ecnh<br \/>\n\u2013 Xe \u00f4 t\u00f4 gi\u01b0\u1eddng n\u1eb1m ch\u1ea5t l\u01b0\u1ee3ng cao H\u00e0 N\u1ed9i \u2013 SaPa \u2013 H\u00e0 N\u1ed9i<br \/>\n\u2013 Kh\u00e1ch s\u1ea1n s\u1ea1ch s\u1ebd \u0111\u1ea7y \u0111\u1ee7 ti\u1ec7n nghi : 02 \u2013 03 kh\u00e1ch\/ ph\u00f2ng<br \/>\n\u2013 \u0102n c\u00e1c b\u1eefa theo l\u1ecbch tr\u00ecnh tour.<br \/>\n\u2013 H\u01b0\u1edbng d\u1eabn vi\u00ean su\u1ed1t tuy\u1ebfn, nhi\u1ec7t t\u00ecnh, kinh nghi\u1ec7m.<br \/>\n\u2013 Chi ph\u00ed tham quan sapa<\/p>\n<p><strong>GI\u00c1 TOUR KH\u00d4NG BAO G\u1ed2M NH\u01af:<\/strong><br \/>\n\u2013 Thu\u1ebf VAT (10%) , nh\u01b0ng chi ph\u00ed c\u00e1 nh\u00e2n.<\/p>\n<\/div>\n<\/div>\n","protected":false},"excerpt":{"rendered":"<p>L\u1ecbch tr\u00ecnh c\u1ee5 th\u1ec3 Tour Du L\u1ecbch Sapa 2 Ng\u00e0y 1 \u0110\u00eam H\u00e0m R\u1ed3ng C\u00e1t C\u00e1t Tour\u00a0Sapa 2 Ng\u00e0y 1 \u0110\u00eam C\u00e1t C\u00e1t-H\u00e0m R\u1ed3ng b\u1eb1ng \u00f4 t\u00f4 c\u0169ng The Sinh Cafe tours t\u1ed5 ch\u1ee9c, v\u1edbi 2 ng\u00e0y 1 \u0111\u00eam \u0111\u1ebfn v\u1edbi Sapa qu\u00fd kh\u00e1ch c\u00f3 th\u1ec3 h\u00f2a m\u00ecnh v\u00e0o m\u1edbi sapa th\u01a1 m\u1ed9ng. Kh\u1edfi h\u00e0nh<\/p>\n","protected":false},"featured_media":205,"template":"","meta":[],"product_cat":[19,20,25,26],"product_tag":[],"class_list":["post-108","product","type-product","status-publish","has-post-thumbnail","hentry","product_cat-tour-noi-bat","product_cat-tour-khach-doan","product_cat-tour-nuoc-ngoai","product_cat-tour-trong-nuoc"],"acf":[],"yoast_head":"<!-- This site is optimized with the Yoast SEO plugin v19.13 - https:\/\/yoast.com\/wordpress\/plugins\/seo\/ -->\n<title>Tour Du L\u1ecbch Sapa 2 Ng\u00e0y 1 \u0110\u00eam H\u00e0m R\u1ed3ng - C\u00e1t C\u00e1t - Viet Tour<\/title>\n<meta name=\"robots\" content=\"noindex, follow, max-snippet:-1, max-image-preview:large, max-video-preview:-1\" \/>\n<meta property=\"og:locale\" content=\"vi_VN\" \/>\n<meta property=\"og:type\" content=\"article\" \/>\n<meta property=\"og:title\" content=\"Tour Du L\u1ecbch Sapa 2 Ng\u00e0y 1 \u0110\u00eam H\u00e0m R\u1ed3ng - C\u00e1t C\u00e1t - Viet Tour\" \/>\n<meta property=\"og:description\" content=\"L\u1ecbch tr\u00ecnh c\u1ee5 th\u1ec3 Tour Du L\u1ecbch Sapa 2 Ng\u00e0y 1 \u0110\u00eam H\u00e0m R\u1ed3ng C\u00e1t C\u00e1t Tour\u00a0Sapa 2 Ng\u00e0y 1 \u0110\u00eam C\u00e1t C\u00e1t-H\u00e0m R\u1ed3ng b\u1eb1ng \u00f4 t\u00f4 c\u0169ng The Sinh Cafe tours t\u1ed5 ch\u1ee9c, v\u1edbi 2 ng\u00e0y 1 \u0111\u00eam \u0111\u1ebfn v\u1edbi Sapa qu\u00fd kh\u00e1ch c\u00f3 th\u1ec3 h\u00f2a m\u00ecnh v\u00e0o m\u1edbi sapa th\u01a1 m\u1ed9ng. Kh\u1edfi h\u00e0nh\" \/>\n<meta property=\"og:url\" content=\"http:\/\/mau.hoabinhweb.com\/dulich1\/tours\/tour-du-lich-sapa-2-ngay-1-dem-ham-rong-cat-cat\/\" \/>\n<meta property=\"og:site_name\" content=\"Viet Tour\" \/>\n<meta property=\"article:modified_time\" content=\"2022-10-30T15:40:30+00:00\" \/>\n<meta property=\"og:image\" content=\"http:\/\/mau.hoabinhweb.com\/dulich1\/wp-content\/uploads\/2020\/08\/tour-sapa6.jpg\" \/>\n\t<meta property=\"og:image:width\" content=\"652\" \/>\n\t<meta property=\"og:image:height\" content=\"448\" \/>\n\t<meta property=\"og:image:type\" content=\"image\/jpeg\" \/>\n<meta name=\"twitter:card\" content=\"summary_large_image\" \/>\n<meta name=\"twitter:label1\" content=\"\u01af\u1edbc t\u00ednh th\u1eddi gian \u0111\u1ecdc\" \/>\n\t<meta name=\"twitter:data1\" content=\"5 ph\u00fat\" \/>\n<script type=\"application\/ld+json\" class=\"yoast-schema-graph\">{\"@context\":\"https:\/\/schema.org\",\"@graph\":[{\"@type\":\"WebPage\",\"@id\":\"http:\/\/mau.hoabinhweb.com\/dulich1\/tours\/tour-du-lich-sapa-2-ngay-1-dem-ham-rong-cat-cat\/\",\"url\":\"http:\/\/mau.hoabinhweb.com\/dulich1\/tours\/tour-du-lich-sapa-2-ngay-1-dem-ham-rong-cat-cat\/\",\"name\":\"Tour Du L\u1ecbch Sapa 2 Ng\u00e0y 1 \u0110\u00eam H\u00e0m R\u1ed3ng - C\u00e1t C\u00e1t - Viet Tour\",\"isPartOf\":{\"@id\":\"http:\/\/mau.hoabinhweb.com\/dulich1\/#website\"},\"datePublished\":\"2020-08-21T00:36:21+00:00\",\"dateModified\":\"2022-10-30T15:40:30+00:00\",\"breadcrumb\":{\"@id\":\"http:\/\/mau.hoabinhweb.com\/dulich1\/tours\/tour-du-lich-sapa-2-ngay-1-dem-ham-rong-cat-cat\/#breadcrumb\"},\"inLanguage\":\"vi\",\"potentialAction\":[{\"@type\":\"ReadAction\",\"target\":[\"http:\/\/mau.hoabinhweb.com\/dulich1\/tours\/tour-du-lich-sapa-2-ngay-1-dem-ham-rong-cat-cat\/\"]}]},{\"@type\":\"BreadcrumbList\",\"@id\":\"http:\/\/mau.hoabinhweb.com\/dulich1\/tours\/tour-du-lich-sapa-2-ngay-1-dem-ham-rong-cat-cat\/#breadcrumb\",\"itemListElement\":[{\"@type\":\"ListItem\",\"position\":1,\"name\":\"Trang ch\u1ee7\",\"item\":\"http:\/\/mau.hoabinhweb.com\/dulich1\/\"},{\"@type\":\"ListItem\",\"position\":2,\"name\":\"Tours\",\"item\":\"http:\/\/mau.hoabinhweb.com\/dulich1\/tours\/\"},{\"@type\":\"ListItem\",\"position\":3,\"name\":\"Tour Du L\u1ecbch Sapa 2 Ng\u00e0y 1 \u0110\u00eam H\u00e0m R\u1ed3ng &#8211; C\u00e1t C\u00e1t\"}]},{\"@type\":\"WebSite\",\"@id\":\"http:\/\/mau.hoabinhweb.com\/dulich1\/#website\",\"url\":\"http:\/\/mau.hoabinhweb.com\/dulich1\/\",\"name\":\"Viet Tour\",\"description\":\"\",\"potentialAction\":[{\"@type\":\"SearchAction\",\"target\":{\"@type\":\"EntryPoint\",\"urlTemplate\":\"http:\/\/mau.hoabinhweb.com\/dulich1\/?s={search_term_string}\"},\"query-input\":\"required name=search_term_string\"}],\"inLanguage\":\"vi\"}]}<\/script>\n<!-- \/ Yoast SEO plugin. -->","yoast_head_json":{"title":"Tour Du L\u1ecbch Sapa 2 Ng\u00e0y 1 \u0110\u00eam H\u00e0m R\u1ed3ng - C\u00e1t C\u00e1t - Viet Tour","robots":{"index":"noindex","follow":"follow","max-snippet":"max-snippet:-1","max-image-preview":"max-image-preview:large","max-video-preview":"max-video-preview:-1"},"og_locale":"vi_VN","og_type":"article","og_title":"Tour Du L\u1ecbch Sapa 2 Ng\u00e0y 1 \u0110\u00eam H\u00e0m R\u1ed3ng - C\u00e1t C\u00e1t - Viet Tour","og_description":"L\u1ecbch tr\u00ecnh c\u1ee5 th\u1ec3 Tour Du L\u1ecbch Sapa 2 Ng\u00e0y 1 \u0110\u00eam H\u00e0m R\u1ed3ng C\u00e1t C\u00e1t Tour\u00a0Sapa 2 Ng\u00e0y 1 \u0110\u00eam C\u00e1t C\u00e1t-H\u00e0m R\u1ed3ng b\u1eb1ng \u00f4 t\u00f4 c\u0169ng The Sinh Cafe tours t\u1ed5 ch\u1ee9c, v\u1edbi 2 ng\u00e0y 1 \u0111\u00eam \u0111\u1ebfn v\u1edbi Sapa qu\u00fd kh\u00e1ch c\u00f3 th\u1ec3 h\u00f2a m\u00ecnh v\u00e0o m\u1edbi sapa th\u01a1 m\u1ed9ng. Kh\u1edfi h\u00e0nh","og_url":"http:\/\/mau.hoabinhweb.com\/dulich1\/tours\/tour-du-lich-sapa-2-ngay-1-dem-ham-rong-cat-cat\/","og_site_name":"Viet Tour","article_modified_time":"2022-10-30T15:40:30+00:00","og_image":[{"width":652,"height":448,"url":"http:\/\/mau.hoabinhweb.com\/dulich1\/wp-content\/uploads\/2020\/08\/tour-sapa6.jpg","type":"image\/jpeg"}],"twitter_card":"summary_large_image","twitter_misc":{"\u01af\u1edbc t\u00ednh th\u1eddi gian \u0111\u1ecdc":"5 ph\u00fat"},"schema":{"@context":"https:\/\/schema.org","@graph":[{"@type":"WebPage","@id":"http:\/\/mau.hoabinhweb.com\/dulich1\/tours\/tour-du-lich-sapa-2-ngay-1-dem-ham-rong-cat-cat\/","url":"http:\/\/mau.hoabinhweb.com\/dulich1\/tours\/tour-du-lich-sapa-2-ngay-1-dem-ham-rong-cat-cat\/","name":"Tour Du L\u1ecbch Sapa 2 Ng\u00e0y 1 \u0110\u00eam H\u00e0m R\u1ed3ng - C\u00e1t C\u00e1t - Viet Tour","isPartOf":{"@id":"http:\/\/mau.hoabinhweb.com\/dulich1\/#website"},"datePublished":"2020-08-21T00:36:21+00:00","dateModified":"2022-10-30T15:40:30+00:00","breadcrumb":{"@id":"http:\/\/mau.hoabinhweb.com\/dulich1\/tours\/tour-du-lich-sapa-2-ngay-1-dem-ham-rong-cat-cat\/#breadcrumb"},"inLanguage":"vi","potentialAction":[{"@type":"ReadAction","target":["http:\/\/mau.hoabinhweb.com\/dulich1\/tours\/tour-du-lich-sapa-2-ngay-1-dem-ham-rong-cat-cat\/"]}]},{"@type":"BreadcrumbList","@id":"http:\/\/mau.hoabinhweb.com\/dulich1\/tours\/tour-du-lich-sapa-2-ngay-1-dem-ham-rong-cat-cat\/#breadcrumb","itemListElement":[{"@type":"ListItem","position":1,"name":"Trang ch\u1ee7","item":"http:\/\/mau.hoabinhweb.com\/dulich1\/"},{"@type":"ListItem","position":2,"name":"Tours","item":"http:\/\/mau.hoabinhweb.com\/dulich1\/tours\/"},{"@type":"ListItem","position":3,"name":"Tour Du L\u1ecbch Sapa 2 Ng\u00e0y 1 \u0110\u00eam H\u00e0m R\u1ed3ng &#8211; C\u00e1t C\u00e1t"}]},{"@type":"WebSite","@id":"http:\/\/mau.hoabinhweb.com\/dulich1\/#website","url":"http:\/\/mau.hoabinhweb.com\/dulich1\/","name":"Viet Tour","description":"","potentialAction":[{"@type":"SearchAction","target":{"@type":"EntryPoint","urlTemplate":"http:\/\/mau.hoabinhweb.com\/dulich1\/?s={search_term_string}"},"query-input":"required name=search_term_string"}],"inLanguage":"vi"}]}},"_links":{"self":[{"href":"http:\/\/mau.hoabinhweb.com\/dulich1\/wp-json\/wp\/v2\/product\/108"}],"collection":[{"href":"http:\/\/mau.hoabinhweb.com\/dulich1\/wp-json\/wp\/v2\/product"}],"about":[{"href":"http:\/\/mau.hoabinhweb.com\/dulich1\/wp-json\/wp\/v2\/types\/product"}],"wp:featuredmedia":[{"embeddable":true,"href":"http:\/\/mau.hoabinhweb.com\/dulich1\/wp-json\/wp\/v2\/media\/205"}],"wp:attachment":[{"href":"http:\/\/mau.hoabinhweb.com\/dulich1\/wp-json\/wp\/v2\/media?parent=108"}],"wp:term":[{"taxonomy":"product_cat","embeddable":true,"href":"http:\/\/mau.hoabinhweb.com\/dulich1\/wp-json\/wp\/v2\/product_cat?post=108"},{"taxonomy":"product_tag","embeddable":true,"href":"http:\/\/mau.hoabinhweb.com\/dulich1\/wp-json\/wp\/v2\/product_tag?post=108"}],"curies":[{"name":"wp","href":"https:\/\/api.w.org\/{rel}","templated":true}]}}