{"id":107,"date":"2020-08-21T07:36:20","date_gmt":"2020-08-21T00:36:20","guid":{"rendered":"http:\/\/mau.hoabinhweb.com\/dulich1\/?post_type=product&#038;p=107"},"modified":"2022-10-30T22:40:31","modified_gmt":"2022-10-30T15:40:31","slug":"tour-du-lich-sapa-3-ngay-2-dem-cat-cat-ham-rong-cho-bac-ha","status":"publish","type":"product","link":"http:\/\/mau.hoabinhweb.com\/dulich1\/tours\/tour-du-lich-sapa-3-ngay-2-dem-cat-cat-ham-rong-cho-bac-ha\/","title":{"rendered":"Tour du l\u1ecbch SaPa 3 ng\u00e0y 2 \u0111\u00eam C\u00e1t c\u00e1t \u2013 H\u00e0m R\u1ed3ng \u2013 Ch\u1ee3 B\u1eafc H\u00e0"},"content":{"rendered":"<p><strong>The Sinh cafe Tours\u00a0 t\u1ed5 ch\u1ee9c\u00a0Tour du l\u1ecbch SaPa 3 ng\u00e0y 2 \u0111\u00eam\u00a0C\u00e1t c\u00e1t \u2013 H\u00e0m R\u1ed3ng \u2013 Ch\u1ee3 B\u1eafc H\u00e0, h\u00e0ng ng\u00e0y, mang \u0111\u1ebfn cho du kh\u00e1ch nh\u1eefng chuy\u1ebfn \u0111i nh\u1eefng k\u1ef3 ngh\u1ec9 t\u1ea1i Sapa \u00fd ngh\u0129a nh\u1ea5t.<\/strong><\/p>\n<h2>L\u1ecbch tr\u00ecnh c\u1ee5 th\u1ec3\u00a0Tour du l\u1ecbch SaPa 3 ng\u00e0y 2 \u0111\u00eam C\u00e1t c\u00e1t \u2013 H\u00e0m R\u1ed3ng \u2013 Ch\u1ee3 B\u1eafc H\u00e0.<\/h2>\n<p><strong><u>Day 1<\/u><\/strong><strong>: Xu\u1ea5t ph\u00e1t H\u00e0 N\u1ed9i \u2013\u00a0<em>Sapa \u2013 b\u1ea3n Cat Cat \u2013 Th\u00e1c Th\u1ee7y \u0110i\u1ec7n \u2013 Sapa (\u0102n tr\u01b0a \u2013 \u0102n t\u1ed1i)<\/em><\/strong><\/p>\n<p><strong>06.45\u00a0\u2013 7.15<\/strong>:\u00a0Xe \u00f4 t\u00f4 c\u1ee7a the sinh cafe \u0111\u1ebfn \u0111\u00f3n qu\u00fd kh\u00e1ch t\u1ea1i \u0111i\u1ec3m h\u1eb9n, xu\u1ea5t ph\u00e1t\u00a0<strong>Tour du l\u1ecbch Sapa 3 ng\u00e0y 2 \u0111\u00eam<\/strong><strong>\u00a0C\u00e1t c\u00e1t \u2013 H\u00e0m R\u1ed3ng \u2013 Ch\u1ee3 B\u1eafc H\u00e0<\/strong><strong>.<\/strong><\/p>\n<p>Tr\u00ean \u0111\u01b0\u1eddng \u0111i du kh\u00e1ch s\u1ebd kh\u00f4ng c\u1ea3m th\u1ea5y nh\u00e0m ch\u00e1n, du kh\u00e1ch s\u1ebd \u0111\u01b0\u1ee3c ng\u1eafm c\u1ea3nh n\u00fai r\u1eebng c\u1ee7a v\u00f9ng T\u00e2y B\u1eafc, v\u00e0 c\u00f2n \u0111\u01b0\u1ee3c ng\u1eafm nh\u00ecn nh\u1eefng th\u1eeda ru\u1ed9ng b\u1eadc thang trong \u00e1nh n\u1eafm s\u1edbm mai xuy\u00ean qua l\u1edbp s\u01b0\u01a1ng m\u00f9, t\u1ea1o th\u00e0nh 1 khung c\u1ea3nh tuy\u1ec7t \u0111\u1eb9p. Ngh\u1ec9 ng\u01a1i d\u1ecdc \u0111\u01b0\u1eddng 1 ch\u00fat sau \u0111\u00f3 ti\u1ebfp t\u1ee5c \u0111\u1ebfn v\u1edbi Sapa.<\/p>\n<p><strong>Tr\u01b0a: 12h30<\/strong>\u00a0Du kh\u00e1ch c\u00f3 m\u1eb7t \u1edf Sapa HDV \u0111\u01b0a du kh\u00e1ch \u0111\u1ebfn nh\u1eadn ph\u00f2ng, ngh\u1ec9 ng\u01a1i v\u00e0 d\u00f9ng b\u1eefa tr\u01b0a.<\/p>\n<p>\u0110\u1ebfn 13:30: C\u00f9ng v\u1edbi hdv \u0111\u1ebfn tham quan b\u1ea3n \u2013 Th\u00e1c Th\u1ee7y \u0110i\u1ec7n \u2013 Su\u1ed1i Ti\u00ean Sa c\u1ee7a D\u00e2n t\u1ed9c M\u00f4ng \u0111en (\u0111i b\u1ed9 ch\u1eebng 2km). Sau khi du kh\u00e1ch quay v\u1ec1 Sapa.<\/p>\n<p><strong>T\u1ed1i:<\/strong>\u00a0Du kh\u00e1ch d\u00f9ng b\u1eefa t\u1ed1i \u1edf nh\u00e0 h\u00e0ng, t\u1ef1 do mua s\u1eafm, \u0111i d\u1ea1o \u1edf th\u1ecb tr\u1ea5n Sapa.<\/p>\n<p><strong>\u0110\u00eam:<\/strong>\u00a0Du kh\u00e1ch v\u1ec1 kh\u00e1ch s\u1ea1n ngh\u1ec9 ng\u01a1i \u0111\u1ec3 chu\u1ea9n b\u1ecb cho ng\u00e0y th\u1ee9 2 \u0111\u1ea7y th\u00fa v\u1ecb.<\/p>\n<p><img loading=\"lazy\" decoding=\"async\" class=\"http:\/\/thesinhcafetouronline.com\/danh-muc\/du-lich-mien-bac\/tour-du-lich-sapa\/ aligncenter\" title=\"TOUR SAPA 3 NG\u00c0Y 2 \u0110\u00caM\" src=\"https:\/\/sapaexpress.com\/TWFiles\/du-lich\/sapa-tours\/cat-cat-village-5.jpg\" alt=\"TOUR SAPA 3 NG\u00c0Y 2 \u0110\u00caM\" width=\"531\" height=\"324\" \/><\/p>\n<h2>L\u1ecbch tr\u00ecnh Day 2\u00a0Tour \u0111i du l\u1ecbch SaPa\u00a03 ng\u00e0y 2 \u0111\u00eam\u00a0C\u00e1t c\u00e1t C\u1ed5ng tr\u1eddi- h\u00e0m r\u1ed3ng.<\/h2>\n<p><strong>S\u00e1ng:\u00a08h30<\/strong>:Sau khi d\u00f9ng b\u1eefa s\u00e1ng du kh\u00e1ch b\u1eaft \u0111\u1ea7u leo \u0111\u1ebfn \u0111\u1ec9nh H\u00e0 r\u1ed3ng ng\u1eafm\u00a0 V\u01b0\u1eddn Lan 1-2, v\u01b0\u1eddn L\u00ea, v\u01b0\u1eddn T\u00e1o M\u00e8o, V\u01b0\u1eddn hoa Trung T\u00e2m, H\u00f2n \u0110\u00e1 G\u00e3y, C\u1ed5ng Tr\u1eddi, \u0110\u1ea7u R\u1ed3ng, H\u00f2n C\u00e1 S\u1ea5u, Khu Thi\u00ean Th\u00e1ch L\u00e2m, H\u00f2n Ph\u1eadt B\u00e0, S\u00e2n M\u00e2y, th\u00e1p truy\u1ec1n h\u00ecnh. v\u00e0 du kh\u00e1ch c\u00f3 th\u1ec3 ng\u1eafm nh\u00ecn to\u00e0n c\u1ea3nh Sapa t\u1eeb ph\u00eda tr\u00ean cao<\/p>\n<p><strong>Tr\u01b0a<\/strong>\u00a0:<strong>13h30<\/strong>\u00a0quay tr\u1edf v\u1ec1 kh\u00e1ch s\u1ea1n d\u00f9ng b\u1eefa tr\u01b0a.<\/p>\n<p><strong>Chi\u1ec1u<\/strong>: du kh\u00e1ch t\u1ef1 do \u0111i d\u1ea1o Sapa mua nh\u1eefng m\u00f3n qu\u00e0 l\u01b0u ni\u1ec7m.<\/p>\n<p><strong>T\u1ed1i<\/strong>: du kh\u00e1ch d\u00f9ng b\u1eefa t\u1ed1i, ng\u1eafm sapa v\u1ec1 \u0111\u00eam , ngh\u1ec9 \u0111\u00eam kh\u00e1ch s\u1ea1n.<\/p>\n<h2>Day 3 : L\u1ecbch tr\u00ecnh Tour du l\u1ecbch SaPa 3 ng\u00e0y 2 \u0111\u00eam C\u00e1t c\u00e1t Ch\u1ee3 B\u1eafc H\u00e0- L\u00e0o Cai.<\/h2>\n<p><strong>T\u1eeb 7:00 \u2013 7:30:<\/strong>\u00a0D\u00f9ng b\u1eefa s\u00e1ng sau \u0111\u00f3 \u0111\u1ebfn ch\u1ee3 B\u1eafc H\u00e0 \u2013 Ch\u1ee3 l\u1edbn nh\u1ea5t c\u1ee7a \u0111\u1ed3ng b\u00e0o d\u00e2n t\u1ed9c thi\u1ec3u s\u1ed1 v\u00f9ng T\u00e2y B\u1eafc.<br \/>\n<strong>10:00:<\/strong>\u00a0Xe \u0111\u01b0a du kh\u00e1ch \u0111\u1ebfn ch\u1ee3, qu\u00fd kh\u00e1ch ngh\u1ec9 ng\u01a1i, t\u1ef1 do mua s\u1eafm nh\u1eefng m\u00f3n \u0111\u1ed3 th\u1ed5 c\u1ea9m, \u0111\u1ed3 l\u01b0u ni\u1ec7m, \u0111\u1eb7c s\u1ea3n B\u1eafc H\u00e0, giao l\u01b0u v\u1edbi ng\u01b0\u1eddi d\u00e2n t\u1ed9c b\u1ea3n \u0111\u1ecba : H\u2032M\u00f4ng, Dzao, T\u00e0y, N\u00f9ng, Saph\u00f3\u2026<\/p>\n<p><strong>12:00:<\/strong>\u00a0\u0102n tr\u01b0a, ngh\u1ec9 ng\u01a1i.<\/p>\n<p><strong>15:00:<\/strong>\u00a0HDV \u0111\u01b0a du kh\u00e1ch t\u1edbi th\u0103m dinh vua Ho\u00e0ng A T\u01b0\u1edfng \u2013 \u00a0Chi\u00eam ng\u01b0\u1ee1ng B\u1ea3n Ph\u1ed1 ng\u01b0\u1eddi d\u00e2n t\u1ed9c M\u00f4ng Hoa, Sau \u0111\u00f3 xe ti\u1ebfn h\u00e0nh ch\u1ea1y v\u1ec1 L\u00e0o Cai, \u0110\u01b0\u1eddng v\u1ec1 du kh\u00e1ch c\u00f3 th\u1ec3 gh\u00e9 ch\u1ee5p \u1ea3nh l\u01b0u ni\u1ec7m t\u1ea1i c\u1eeda Kh\u1ea9u qu\u1ed1c t\u1ebf L\u00e0o cai.<\/p>\n<p><strong>17:00<\/strong>: Qu\u00fd kh\u00e1ch chu\u1ea9n b\u1ecb h\u00e0nh l\u00fd l\u00ean xe quay tr\u1edf v\u1ec1 H\u00e0 N\u1ed9i\u00a0<strong>du l\u1ecbch sapa b\u1eb1ng \u00f4 t\u00f4<\/strong><\/p>\n<p><strong>22.00:<\/strong>\u00a0V\u1ec1 \u0111\u1ebfn H\u00e0 N\u1ed9i k\u1ebft th\u00fac ch\u01b0\u01a1ng tr\u00ecnh\u00a0<strong>Tour du l\u1ecbch SaPa 3 ng\u00e0y 2 \u0111\u00eam C\u00e1t c\u00e1t\u00a0\u2013 H\u00e0m R\u1ed3ng \u2013 Ch\u1ee3 B\u1eafc H\u00e0\u00a0<\/strong><em><strong>\u00a0<\/strong><\/em>nhi\u1ec1u k\u1ef7 ni\u1ec7m \u2013 h\u1eb9n g\u1eb7p l\u1ea1i qu\u00fd kh\u00e1ch l\u1ea7n sau.<\/p>\n<p><strong>B\u00c1O GI\u00c1 TOUR SAPA GH\u00c9P H\u00c0NG NG\u00c0Y\/ KH\u00c1CH<\/strong><\/p>\n<table border=\"1\" width=\"746\" cellspacing=\"0\" cellpadding=\"0\">\n<tbody>\n<tr>\n<td><strong>STT<\/strong><\/td>\n<td><strong>Kha\u0301ch sa\u0323n ti\u00eau chu\u00e2\u0309n\u00a0<\/strong><\/td>\n<td><strong>Gi\u00e1 Tour<br \/>\n<\/strong><\/td>\n<td><strong>Phu\u0323 thu pho\u0300ng \u0111\u01a1n<br \/>\n\u0111\u1ed1i v\u1edbi 1 kh\u00e1ch<\/strong><\/td>\n<\/tr>\n<tr>\n<td>1<\/td>\n<td>Sapa city view Hotel (2 sao)<\/td>\n<td>2.200.000\u0111<\/td>\n<td>400.000\u0111<\/td>\n<\/tr>\n<tr>\n<td>2<\/td>\n<td>\u00a0Mountain View Hotel (2 sao)<\/td>\n<td>2.400.000\u0111<\/td>\n<td>500.000\u0111<\/td>\n<\/tr>\n<tr>\n<td>3<\/td>\n<td>\u00a0 Sapa lodge Hotel\u00a0 (3 sao)<\/td>\n<td>\u00a02.800.000\u0111<\/td>\n<td>800.000\u0111<\/td>\n<\/tr>\n<tr>\n<td>4<\/td>\n<td>Sapa Charm Hotel (4 sao)<\/td>\n<td>3.850.000\u0111<\/td>\n<td>1.000.000\u0111<\/td>\n<\/tr>\n<tr>\n<td><\/td>\n<td><\/td>\n<td><\/td>\n<td><\/td>\n<\/tr>\n<\/tbody>\n<\/table>\n<p><b>GI\u00c1 D\u00c0NH CHO TR\u1eba NH\u1ece.<\/b><br \/>\n\u2013 Tr\u1ebb t\u1eeb 1 \u0111\u1ebfn 4 tu\u1ed5i \u0111\u01b0\u1ee3c mi\u1ec5n ph\u00ed (b\u1ed1 m\u1eb9 t\u1ef1 lo cho b\u00e9)<br \/>\n\u2013 Tr\u1ebb em t\u1eeb 5 \u2013 8 tu\u1ed5i t\u00ednh 75% gi\u00e1 tour ng\u01b0\u1eddi l\u1edbn.<br \/>\n\u2013 Tr\u1ebb em 9 tu\u1ed5i tr\u1edf l\u00ean t\u00ednh b\u1eaft \u0111\u1ea7u t\u00ednh gi\u00e1 tour nh\u01b0 ng\u01b0\u1eddi l\u1edbn.<\/p>\n<div>\n<p><strong>GI\u00c1 TOUR SAP BAO G\u1ed2M:<\/strong><br \/>\n\u2013 Xe \u00f4 t\u00f4 \u0111\u01b0a \u0111\u00f3n theo l\u1ecbch tr\u00ecnh<br \/>\n\u2013 Xe \u00f4 t\u00f4 ch\u1ea5t l\u01b0\u1ee3ng cao H\u00e0 N\u1ed9i \u2013 SaPa \u2013 H\u00e0 N\u1ed9i ( xe gi\u01b0\u1eddng n\u1eb1m cao c\u1ea5p )<br \/>\n\u2013 Kh\u00e1ch s\u1ea1n \u0111\u1ea7y \u0111\u1ee7 ti\u1ec7n nghi: 02 \u2013 03 kh\u00e1ch\/ ph\u00f2ng<br \/>\n\u2013 \u0102n c\u00e1c b\u1eefa trong ch\u01b0\u01a1ng tr\u00ecnh<br \/>\n\u2013 H\u01b0\u1edbng d\u1eabn vi\u00ean am hi\u1ec3u v\u1ec1 n\u00e9t v\u0103n h\u00f3a, \u0111\u1ecba danh t\u1ea1i sapa.<br \/>\n\u2013 Ph\u00ed tham quan t\u1ea1i Sapa<\/p>\n<p><strong>GI\u00c1 TOUR KH\u00d4NG BAO G\u1ed2M:<\/strong><br \/>\n\u2013 Thu\u1ebf VAT (10%) C\u00e1c chi ph\u00ed c\u00e1 nh\u00e2n kh\u00e1c (\u0111i\u1ec7n tho\u1ea1i, gi\u1eb7t l\u00e0, \u0111\u1ed3 u\u1ed1ng trong b\u1eefa \u0103n,\u2026)<\/p>\n<\/div>\n","protected":false},"excerpt":{"rendered":"<p>The Sinh cafe Tours\u00a0 t\u1ed5 ch\u1ee9c\u00a0Tour du l\u1ecbch SaPa 3 ng\u00e0y 2 \u0111\u00eam\u00a0C\u00e1t c\u00e1t \u2013 H\u00e0m R\u1ed3ng \u2013 Ch\u1ee3 B\u1eafc H\u00e0, h\u00e0ng ng\u00e0y, mang \u0111\u1ebfn cho du kh\u00e1ch nh\u1eefng chuy\u1ebfn \u0111i nh\u1eefng k\u1ef3 ngh\u1ec9 t\u1ea1i Sapa \u00fd ngh\u0129a nh\u1ea5t. L\u1ecbch tr\u00ecnh c\u1ee5 th\u1ec3\u00a0Tour du l\u1ecbch SaPa 3 ng\u00e0y 2 \u0111\u00eam C\u00e1t c\u00e1t \u2013 H\u00e0m R\u1ed3ng<\/p>\n","protected":false},"featured_media":206,"template":"","meta":[],"product_cat":[19,20,25,26],"product_tag":[],"class_list":["post-107","product","type-product","status-publish","has-post-thumbnail","hentry","product_cat-tour-noi-bat","product_cat-tour-khach-doan","product_cat-tour-nuoc-ngoai","product_cat-tour-trong-nuoc"],"acf":[],"yoast_head":"<!-- This site is optimized with the Yoast SEO plugin v19.13 - https:\/\/yoast.com\/wordpress\/plugins\/seo\/ -->\n<title>Tour du l\u1ecbch SaPa 3 ng\u00e0y 2 \u0111\u00eam C\u00e1t c\u00e1t \u2013 H\u00e0m R\u1ed3ng \u2013 Ch\u1ee3 B\u1eafc H\u00e0 - Viet Tour<\/title>\n<meta name=\"robots\" content=\"noindex, follow, max-snippet:-1, max-image-preview:large, max-video-preview:-1\" \/>\n<meta property=\"og:locale\" content=\"vi_VN\" \/>\n<meta property=\"og:type\" content=\"article\" \/>\n<meta property=\"og:title\" content=\"Tour du l\u1ecbch SaPa 3 ng\u00e0y 2 \u0111\u00eam C\u00e1t c\u00e1t \u2013 H\u00e0m R\u1ed3ng \u2013 Ch\u1ee3 B\u1eafc H\u00e0 - Viet Tour\" \/>\n<meta property=\"og:description\" content=\"The Sinh cafe Tours\u00a0 t\u1ed5 ch\u1ee9c\u00a0Tour du l\u1ecbch SaPa 3 ng\u00e0y 2 \u0111\u00eam\u00a0C\u00e1t c\u00e1t \u2013 H\u00e0m R\u1ed3ng \u2013 Ch\u1ee3 B\u1eafc H\u00e0, h\u00e0ng ng\u00e0y, mang \u0111\u1ebfn cho du kh\u00e1ch nh\u1eefng chuy\u1ebfn \u0111i nh\u1eefng k\u1ef3 ngh\u1ec9 t\u1ea1i Sapa \u00fd ngh\u0129a nh\u1ea5t. L\u1ecbch tr\u00ecnh c\u1ee5 th\u1ec3\u00a0Tour du l\u1ecbch SaPa 3 ng\u00e0y 2 \u0111\u00eam C\u00e1t c\u00e1t \u2013 H\u00e0m R\u1ed3ng\" \/>\n<meta property=\"og:url\" content=\"http:\/\/mau.hoabinhweb.com\/dulich1\/tours\/tour-du-lich-sapa-3-ngay-2-dem-cat-cat-ham-rong-cho-bac-ha\/\" \/>\n<meta property=\"og:site_name\" content=\"Viet Tour\" \/>\n<meta property=\"article:modified_time\" content=\"2022-10-30T15:40:31+00:00\" \/>\n<meta property=\"og:image\" content=\"http:\/\/mau.hoabinhweb.com\/dulich1\/wp-content\/uploads\/2020\/08\/tour-sapa7.jpg\" \/>\n\t<meta property=\"og:image:width\" content=\"600\" \/>\n\t<meta property=\"og:image:height\" content=\"400\" \/>\n\t<meta property=\"og:image:type\" content=\"image\/jpeg\" \/>\n<meta name=\"twitter:card\" content=\"summary_large_image\" \/>\n<meta name=\"twitter:label1\" content=\"\u01af\u1edbc t\u00ednh th\u1eddi gian \u0111\u1ecdc\" \/>\n\t<meta name=\"twitter:data1\" content=\"5 ph\u00fat\" \/>\n<script type=\"application\/ld+json\" class=\"yoast-schema-graph\">{\"@context\":\"https:\/\/schema.org\",\"@graph\":[{\"@type\":\"WebPage\",\"@id\":\"http:\/\/mau.hoabinhweb.com\/dulich1\/tours\/tour-du-lich-sapa-3-ngay-2-dem-cat-cat-ham-rong-cho-bac-ha\/\",\"url\":\"http:\/\/mau.hoabinhweb.com\/dulich1\/tours\/tour-du-lich-sapa-3-ngay-2-dem-cat-cat-ham-rong-cho-bac-ha\/\",\"name\":\"Tour du l\u1ecbch SaPa 3 ng\u00e0y 2 \u0111\u00eam C\u00e1t c\u00e1t \u2013 H\u00e0m R\u1ed3ng \u2013 Ch\u1ee3 B\u1eafc H\u00e0 - Viet Tour\",\"isPartOf\":{\"@id\":\"http:\/\/mau.hoabinhweb.com\/dulich1\/#website\"},\"datePublished\":\"2020-08-21T00:36:20+00:00\",\"dateModified\":\"2022-10-30T15:40:31+00:00\",\"breadcrumb\":{\"@id\":\"http:\/\/mau.hoabinhweb.com\/dulich1\/tours\/tour-du-lich-sapa-3-ngay-2-dem-cat-cat-ham-rong-cho-bac-ha\/#breadcrumb\"},\"inLanguage\":\"vi\",\"potentialAction\":[{\"@type\":\"ReadAction\",\"target\":[\"http:\/\/mau.hoabinhweb.com\/dulich1\/tours\/tour-du-lich-sapa-3-ngay-2-dem-cat-cat-ham-rong-cho-bac-ha\/\"]}]},{\"@type\":\"BreadcrumbList\",\"@id\":\"http:\/\/mau.hoabinhweb.com\/dulich1\/tours\/tour-du-lich-sapa-3-ngay-2-dem-cat-cat-ham-rong-cho-bac-ha\/#breadcrumb\",\"itemListElement\":[{\"@type\":\"ListItem\",\"position\":1,\"name\":\"Trang ch\u1ee7\",\"item\":\"http:\/\/mau.hoabinhweb.com\/dulich1\/\"},{\"@type\":\"ListItem\",\"position\":2,\"name\":\"Tours\",\"item\":\"http:\/\/mau.hoabinhweb.com\/dulich1\/tours\/\"},{\"@type\":\"ListItem\",\"position\":3,\"name\":\"Tour du l\u1ecbch SaPa 3 ng\u00e0y 2 \u0111\u00eam C\u00e1t c\u00e1t \u2013 H\u00e0m R\u1ed3ng \u2013 Ch\u1ee3 B\u1eafc H\u00e0\"}]},{\"@type\":\"WebSite\",\"@id\":\"http:\/\/mau.hoabinhweb.com\/dulich1\/#website\",\"url\":\"http:\/\/mau.hoabinhweb.com\/dulich1\/\",\"name\":\"Viet Tour\",\"description\":\"\",\"potentialAction\":[{\"@type\":\"SearchAction\",\"target\":{\"@type\":\"EntryPoint\",\"urlTemplate\":\"http:\/\/mau.hoabinhweb.com\/dulich1\/?s={search_term_string}\"},\"query-input\":\"required name=search_term_string\"}],\"inLanguage\":\"vi\"}]}<\/script>\n<!-- \/ Yoast SEO plugin. -->","yoast_head_json":{"title":"Tour du l\u1ecbch SaPa 3 ng\u00e0y 2 \u0111\u00eam C\u00e1t c\u00e1t \u2013 H\u00e0m R\u1ed3ng \u2013 Ch\u1ee3 B\u1eafc H\u00e0 - Viet Tour","robots":{"index":"noindex","follow":"follow","max-snippet":"max-snippet:-1","max-image-preview":"max-image-preview:large","max-video-preview":"max-video-preview:-1"},"og_locale":"vi_VN","og_type":"article","og_title":"Tour du l\u1ecbch SaPa 3 ng\u00e0y 2 \u0111\u00eam C\u00e1t c\u00e1t \u2013 H\u00e0m R\u1ed3ng \u2013 Ch\u1ee3 B\u1eafc H\u00e0 - Viet Tour","og_description":"The Sinh cafe Tours\u00a0 t\u1ed5 ch\u1ee9c\u00a0Tour du l\u1ecbch SaPa 3 ng\u00e0y 2 \u0111\u00eam\u00a0C\u00e1t c\u00e1t \u2013 H\u00e0m R\u1ed3ng \u2013 Ch\u1ee3 B\u1eafc H\u00e0, h\u00e0ng ng\u00e0y, mang \u0111\u1ebfn cho du kh\u00e1ch nh\u1eefng chuy\u1ebfn \u0111i nh\u1eefng k\u1ef3 ngh\u1ec9 t\u1ea1i Sapa \u00fd ngh\u0129a nh\u1ea5t. L\u1ecbch tr\u00ecnh c\u1ee5 th\u1ec3\u00a0Tour du l\u1ecbch SaPa 3 ng\u00e0y 2 \u0111\u00eam C\u00e1t c\u00e1t \u2013 H\u00e0m R\u1ed3ng","og_url":"http:\/\/mau.hoabinhweb.com\/dulich1\/tours\/tour-du-lich-sapa-3-ngay-2-dem-cat-cat-ham-rong-cho-bac-ha\/","og_site_name":"Viet Tour","article_modified_time":"2022-10-30T15:40:31+00:00","og_image":[{"width":600,"height":400,"url":"http:\/\/mau.hoabinhweb.com\/dulich1\/wp-content\/uploads\/2020\/08\/tour-sapa7.jpg","type":"image\/jpeg"}],"twitter_card":"summary_large_image","twitter_misc":{"\u01af\u1edbc t\u00ednh th\u1eddi gian \u0111\u1ecdc":"5 ph\u00fat"},"schema":{"@context":"https:\/\/schema.org","@graph":[{"@type":"WebPage","@id":"http:\/\/mau.hoabinhweb.com\/dulich1\/tours\/tour-du-lich-sapa-3-ngay-2-dem-cat-cat-ham-rong-cho-bac-ha\/","url":"http:\/\/mau.hoabinhweb.com\/dulich1\/tours\/tour-du-lich-sapa-3-ngay-2-dem-cat-cat-ham-rong-cho-bac-ha\/","name":"Tour du l\u1ecbch SaPa 3 ng\u00e0y 2 \u0111\u00eam C\u00e1t c\u00e1t \u2013 H\u00e0m R\u1ed3ng \u2013 Ch\u1ee3 B\u1eafc H\u00e0 - Viet Tour","isPartOf":{"@id":"http:\/\/mau.hoabinhweb.com\/dulich1\/#website"},"datePublished":"2020-08-21T00:36:20+00:00","dateModified":"2022-10-30T15:40:31+00:00","breadcrumb":{"@id":"http:\/\/mau.hoabinhweb.com\/dulich1\/tours\/tour-du-lich-sapa-3-ngay-2-dem-cat-cat-ham-rong-cho-bac-ha\/#breadcrumb"},"inLanguage":"vi","potentialAction":[{"@type":"ReadAction","target":["http:\/\/mau.hoabinhweb.com\/dulich1\/tours\/tour-du-lich-sapa-3-ngay-2-dem-cat-cat-ham-rong-cho-bac-ha\/"]}]},{"@type":"BreadcrumbList","@id":"http:\/\/mau.hoabinhweb.com\/dulich1\/tours\/tour-du-lich-sapa-3-ngay-2-dem-cat-cat-ham-rong-cho-bac-ha\/#breadcrumb","itemListElement":[{"@type":"ListItem","position":1,"name":"Trang ch\u1ee7","item":"http:\/\/mau.hoabinhweb.com\/dulich1\/"},{"@type":"ListItem","position":2,"name":"Tours","item":"http:\/\/mau.hoabinhweb.com\/dulich1\/tours\/"},{"@type":"ListItem","position":3,"name":"Tour du l\u1ecbch SaPa 3 ng\u00e0y 2 \u0111\u00eam C\u00e1t c\u00e1t \u2013 H\u00e0m R\u1ed3ng \u2013 Ch\u1ee3 B\u1eafc H\u00e0"}]},{"@type":"WebSite","@id":"http:\/\/mau.hoabinhweb.com\/dulich1\/#website","url":"http:\/\/mau.hoabinhweb.com\/dulich1\/","name":"Viet Tour","description":"","potentialAction":[{"@type":"SearchAction","target":{"@type":"EntryPoint","urlTemplate":"http:\/\/mau.hoabinhweb.com\/dulich1\/?s={search_term_string}"},"query-input":"required name=search_term_string"}],"inLanguage":"vi"}]}},"_links":{"self":[{"href":"http:\/\/mau.hoabinhweb.com\/dulich1\/wp-json\/wp\/v2\/product\/107"}],"collection":[{"href":"http:\/\/mau.hoabinhweb.com\/dulich1\/wp-json\/wp\/v2\/product"}],"about":[{"href":"http:\/\/mau.hoabinhweb.com\/dulich1\/wp-json\/wp\/v2\/types\/product"}],"wp:featuredmedia":[{"embeddable":true,"href":"http:\/\/mau.hoabinhweb.com\/dulich1\/wp-json\/wp\/v2\/media\/206"}],"wp:attachment":[{"href":"http:\/\/mau.hoabinhweb.com\/dulich1\/wp-json\/wp\/v2\/media?parent=107"}],"wp:term":[{"taxonomy":"product_cat","embeddable":true,"href":"http:\/\/mau.hoabinhweb.com\/dulich1\/wp-json\/wp\/v2\/product_cat?post=107"},{"taxonomy":"product_tag","embeddable":true,"href":"http:\/\/mau.hoabinhweb.com\/dulich1\/wp-json\/wp\/v2\/product_tag?post=107"}],"curies":[{"name":"wp","href":"https:\/\/api.w.org\/{rel}","templated":true}]}}