{"id":2,"date":"2020-08-16T08:58:29","date_gmt":"2020-08-16T01:58:29","guid":{"rendered":"http:\/\/mau.hoabinhweb.com\/dulich1\/?page_id=2"},"modified":"2022-12-25T22:25:22","modified_gmt":"2022-12-25T15:25:22","slug":"gioi-thieu","status":"publish","type":"page","link":"http:\/\/mau.hoabinhweb.com\/dulich1\/gioi-thieu\/","title":{"rendered":"Gi\u1edbi thi\u1ec7u"},"content":{"rendered":"<h2><strong>I. L\u1ecaCH S\u1eec H\u00ccNH TH\u00c0NH V\u00c0 PH\u00c1T TRI\u1ec2N:<\/strong><\/h2>\n<p>Ng\u00e0y 26\/10\/2011 \u2013 C\u00f4ng ty TNHH Du l\u1ecbch Vietourist \u0111\u01b0\u1ee3c th\u00e0nh l\u1eadp v\u1edbi ni\u1ec1m tin m\u00e3nh li\u1ec7t, r\u1ef1c ch\u00e1y ngay nh\u1eefng ng\u00e0y \u0111\u1ea7u cho \u0111\u1ebfn vinh quang c\u1ee7a hi\u1ec7n t\u1ea1i. Vietourist \u0111\u00e3 tr\u1ea3i qua m\u1ed9t ch\u1eb7ng \u0111\u01b0\u1eddng d\u00e0i gian nan, \u0111\u1ea7y kh\u00f3 kh\u0103n, th\u00e1ch th\u1ee9c nh\u01b0ng v\u1edbi s\u1ef1 \u0111\u1ed3ng l\u00f2ng , s\u1ef1 c\u1ed1ng hi\u1ebfn h\u1ebft m\u00ecnh, t\u1eadp th\u1ec3 c\u00f4ng ty \u0111\u00e3 c\u00f9ng nhau ph\u00e1t tri\u1ec3n. N\u0103m 2013, v\u1edbi s\u1ef1 n\u1ed7 l\u1ef1c v\u01b0\u1ee3t b\u1eadc c\u1ee7a Ban L\u00e3nh \u0111\u1ea1o v\u00e0 to\u00e0n th\u1ec3 c\u00e1n b\u1ed9 nh\u00e2n vi\u00ean, Vietourist \u0111\u00e3 \u0111\u1ea1t \u0111\u01b0\u1ee3c nh\u1eefng d\u1ea5u m\u1ed1c th\u00e0nh c\u00f4ng \u0111\u00e1ng ng\u01b0\u1ee1ng m\u1ed9 \u1edf th\u1ecb tr\u01b0\u1eddng ch\u00e2u \u00c1 nh\u01b0: Singapore, Malaysia, Th\u00e1i Lan, \u0110\u00e0i Loan, Nh\u1eadt B\u1ea3n, H\u00e0n Qu\u1ed1c,\u2026V\u00e0 \u0111\u1ec3 \u0111\u00e1p \u1ee9ng nhu c\u1ea7u ph\u00e1t tri\u1ec3n, c\u00f4ng ty \u0111\u00e3 th\u00e0nh c\u00f4ng chuy\u1ec3n \u0111\u1ed5i m\u00f4 h\u00ecnh ho\u1ea1t \u0111\u1ed9ng sang c\u1ed5 ph\u1ea7n, v\u1edbi t\u00ean ch\u00ednh th\u1ee9c l\u00e0 C\u00f4ng ty C\u1ed5 ph\u1ea7n Du l\u1ecbch Vietourist.<\/p>\n<p>V\u1edbi uy t\u00edn, ch\u1ea5t l\u01b0\u1ee3ng v\u00e0 nhi\u1ec1u ho\u1ea1t \u0111\u1ed9ng \u00fd ngh\u0129a cho s\u1ef1 ph\u00e1t tri\u1ec3n c\u1ee7a c\u00f4ng ty, x\u00e3 h\u1ed9i v\u00e0 \u0111\u1ea5t n\u01b0\u1edbc, Vietourist \u0111\u00e3 nh\u1eadn \u0111\u01b0\u1ee3c s\u1ef1 tin t\u01b0\u1edfng c\u1ee7a Qu\u00fd kh\u00e1ch h\u00e0ng v\u00e0 \u0111\u1ea1t nhi\u1ec1u gi\u1ea3i th\u01b0\u1edfng \u0111\u00e1ng kh\u00edch l\u1ec7 nh\u01b0: Ch\u1ee9ng ch\u1ec9 \u0111\u1ea1o \u0111\u1ee9c kinh doanh qu\u1ed1c t\u1ebf n\u0103m 2017, Top 100 Th\u01b0\u01a1ng hi\u1ec7u d\u1eabn \u0111\u1ea7u Vi\u1ec7t Nam n\u0103m 2017, Gi\u1ea3i th\u01b0\u1edfng Th\u01b0\u01a1ng hi\u1ec7u m\u1ea1nh \u0110\u1ea5t Vi\u1ec7t n\u0103m 2018,&#8230; VieTourist kh\u00f4ng ng\u1eebng m\u1edf r\u1ed9ng \u0111\u1ea7u t\u01b0 kinh doanh v\u00e0 ph\u00e1t tri\u1ec3n th\u00eam c\u00e1c th\u1ecb tr\u01b0\u1eddng tour m\u1edbi nh\u01b0 Canada, M\u1ef9 v\u00e0 c\u00e1c n\u01b0\u1edbc Ch\u00e2u \u00c2u.<\/p>\n<p>Ng\u00e0y 14\/6\/2019, VieTourist \u0111\u01b0\u1ee3c \u1ee6y ban Ch\u1ee9ng kho\u00e1n nh\u00e0 N\u01b0\u1edbc (UBCKNN) ch\u1ea5p thu\u1eadn tr\u1edf th\u00e0nh C\u00f4ng ty \u0111\u1ea1i ch\u00fang theo c\u00f4ng v\u0103n s\u1ed1 3654\/UBCK-GS\u0110C c\u1ee7a UBCKNN. Ng\u00e0y 21\/11\/2019, Vietourist \u00a0\u0111\u01b0\u1ee3c Trung t\u00e2m L\u01b0u k\u00fd Ch\u1ee9ng kho\u00e1n Vi\u1ec7t Nam (VSD) c\u1ea5p Gi\u1ea5y ch\u1ee9ng nh\u1eadn \u0110\u0103ng k\u00fd Ch\u1ee9ng kho\u00e1n s\u1ed1 43\/2019\/GCNCP\u2013VSD\u20131, v\u1edbi t\u1ed5ng s\u1ed1 l\u01b0\u1ee3ng c\u1ed5 phi\u1ebfu \u0111\u0103ng k\u00fd l\u00e0 6.000.000 c\u1ed5 phi\u1ebfu. Ng\u00e0y 03\/10\/2022, VieTourist \u0111\u01b0\u1ee3c UBCKNN ch\u1ea5p thu\u1eadn t\u0103ng v\u1ed1n \u0111i\u1ec1u l\u1ec7 l\u00ean 120 t\u1ef7 \u0111\u1ed3ng v\u00e0 t\u1ed5ng s\u1ed1 c\u1ed5 phi\u1ebfu \u0111ang l\u01b0u h\u00e0nh l\u00e0 12.000.000 c\u1ed5 phi\u1ebfu ch\u1ec9 trong v\u00f2ng 3 n\u0103m.<\/p>\n<p>Th\u00e0nh c\u00f4ng n\u1ed1i ti\u1ebfp th\u00e0nh c\u00f4ng, Vietourist ti\u1ebfp t\u1ee5c m\u1edf r\u1ed9ng quy m\u00f4 ho\u1ea1t \u0111\u1ed9ng v\u00e0 hi\u1ec7n c\u00f3 20 chi nh\u00e1nh v\u00e0 v\u0103n ph\u00f2ng \u0111\u1ea1i di\u1ec7n trong v\u00e0 ngo\u00e0i n\u01b0\u1edbc, \u0111i\u1ec3n h\u00ecnh nh\u01b0 t\u1ea1i H\u00e0 N\u1ed9i, Hu\u1ebf, H\u1ea3i Ph\u00f2ng, \u0110\u00e0 N\u1eb5ng, C\u1ea7n Th\u01a1, Nha Trang, An Giang, Ph\u00fa Y\u00ean, Gia Lai, B\u00ecnh \u0110\u1ecbnh, V\u0169ng T\u00e0u, \u0110\u1ed3ng Nai. Ngo\u00e0i ra, VieTourist c\u00f2n c\u00f3 v\u0103n ph\u00f2ng du l\u1ecbch Qu\u1ed1c t\u1ebf t\u1ea1i M\u1ef9, H\u00e0 Lan v\u00e0 Anh Qu\u1ed1c.<\/p>\n<p>V\u1edbi t\u1ea7m nh\u00ecn v\u00e0 chi\u1ebfn l\u01b0\u1ee3c \u0111\u00fang \u0111\u1eafn \u0111\u00e3 gi\u00fap Vietourist kh\u1eb3ng \u0111\u1ecbnh v\u00e0 ch\u1ee9ng minh \u0111\u01b0\u1ee3c th\u00e0nh c\u00f4ng vang d\u1ed9i. Ti\u1ec1m l\u1ef1c t\u00e0i ch\u00ednh, doanh thu kh\u00f4ng ng\u1eebng t\u0103ng l\u00ean qua c\u00e1c n\u0103m t\u1eeb 78 t\u1ef7 \u0111\u1ed3ng (n\u0103m 2018) \u0111\u1ebfn 146 t\u1ef7 \u0111\u1ed3ng (n\u0103m 2019). M\u1eb7c d\u00f9 b\u1ecb \u1ea3nh h\u01b0\u1edfng d\u1ecbch Covid-19 n\u0103m 2020 nh\u01b0ng VieTourist v\u1eabn gi\u1eef \u0111\u01b0\u1ee3c phong \u0111\u1ed9 v\u00e0 ti\u1ebfp t\u1ee5c ph\u1ea5n \u0111\u1ea5u ph\u00e1t tri\u1ec3n \u0111\u1ebfn n\u0103m 2021 \u0111\u00e3 \u0111\u1ea1t m\u1ed1c doanh thu l\u00ean \u0111\u1ebfn 150 t\u1ef7 \u0111\u1ed3ng v\u00e0 l\u01b0\u1ee3t kh\u00e1ch ng\u00e0y c\u00e0ng \u0111\u00f4ng kho\u1ea3ng 240 ng\u00e0n l\u01b0\u1ee3t.<\/p>\n<p><img decoding=\"async\" src=\"https:\/\/www.vietourist.com.vn\/public\/frontend\/uploads\/kceditor\/images\/cong-ty-du-lich-vietourist%282%29.jpg\" alt=\"C\u00f4ng ty du l\u1ecbch VieTourist\" \/><\/p>\n<h3><em>\u0110\u1ed9i ng\u0169 nh\u00e2n vi\u00ean t\u1ea1i tr\u1ee5 s\u1edf ch\u00ednh c\u00f4ng ty c\u1ed5 ph\u1ea7n VieTourist Holdings<\/em><\/h3>\n<p>Ng\u00e0y nay, VieTourist \u0111\u00e3 \u0111\u1ee9ng v\u1eefng trong th\u1ecb tr\u01b0\u1eddng du l\u1ecbch, \u1ed5n \u0111\u1ecbnh h\u01a1n v\u1ec1 t\u00e0i ch\u00ednh, \u0111\u1ec3 t\u1ea1o d\u1ef1ng \u0111\u01b0\u1ee3c ni\u1ec1m tin v\u00e0 s\u1ef1 uy t\u00edn t\u1eeb Kh\u00e1ch h\u00e0ng v\u00e0 \u0110\u1ed1i t\u00e1c. Vietourist \u0111\u00e3 v\u00e0 \u0111ang ph\u00e1t tri\u1ec3n chi\u1ebfn l\u01b0\u1ee3c x\u00e2y d\u1ef1ng h\u1ec7 sinh th\u00e1i kh\u00e9p k\u00edn nh\u1eb1m \u0111\u00e1p \u1ee9ng m\u1ee5c ti\u00eau ph\u1ee5c v\u1ee5 kh\u00e1ch h\u00e0ng v\u1edbi ch\u1ea5t l\u01b0\u1ee3ng t\u1ed1t nh\u1ea5t v\u00e0 chi ph\u00ed h\u1ee3p l\u00ed. Do \u0111\u00f3, Vietourist \u0111\u00e3 cho ra m\u1eaft c\u00e1c c\u00f4ng ty th\u00e0nh vi\u00ean nh\u01b0:<\/p>\n<p>1. C\u00f4ng ty TNHH V\u1eadn t\u1ea3i Vietrip, chuy\u00ean ph\u1ee5c v\u1ee5 nh\u1eefng chuy\u1ebfn xe du l\u1ecbch \u0111\u1eddi m\u1edbi, t\u00e0i x\u1ebf th\u00e2n thi\u1ec7n, \u0111\u1ea3m b\u1ea3o chuy\u1ebfn \u0111i c\u1ee7a kh\u00e1ch h\u00e0ng \u0111\u01b0\u1ee3c an to\u00e0n v\u00e0 tho\u1ea3i m\u00e1i nh\u1ea5t.<\/p>\n<p>2. C\u00f4ng ty C\u1ed5 ph\u1ea7n T\u1eadp \u0111o\u00e0n Ho\u00e0ng Kim T\u00e2y Nguy\u00ean, chuy\u00ean ho\u1ea1t \u0111\u1ed9ng v\u1ec1 kh\u00e1ch s\u1ea1n, nh\u00e0 h\u00e0ng, d\u1ecbch v\u1ee5 vui ch\u01a1i, gi\u1ea3i tr\u00ed\u2026 v\u1edbi m\u1ee5c \u0111\u00edch \u0111\u01b0a kh\u00e1ch h\u00e0ng \u0111\u1ebfn v\u1edbi nh\u1eefng tr\u1ea3i nghi\u1ec7m m\u1edbi nh\u1ea5t, nh\u1eefng m\u00f3n \u0103n ngon v\u00e0 \u0111\u1eb7c bi\u1ec7t h\u01a1n du kh\u00e1ch c\u00f2n \u0111\u01b0\u1ee3c ngh\u1ec9 ng\u01a1i tho\u1ea3i m\u00e1i v\u1ec1 tinh th\u1ea7n v\u1edbi c\u00e1c d\u1ecbch v\u1ee5 spa,\u2026 t\u1ea1i c\u00e1c resort v\u00e0 kh\u00e1ch s\u1ea1n 4 sao.<\/p>\n<p>3. C\u00f4ng ty C\u1ed5 ph\u1ea7n K\u0129 thu\u1eadt C\u00f4ng ngh\u1ec7 VieTech, chuy\u00ean ph\u00e1t tri\u1ec3n ph\u1ea7n m\u1ec1m, \u1ee9ng d\u1ee5ng d\u00e0nh ri\u00eang cho du l\u1ecbch, gi\u00fap kh\u00e1ch h\u00e0ng t\u00ecm hi\u1ec3u th\u00f4ng tin v\u00e0 \u0111\u1eb7t tour nhanh ch\u00f3ng v\u00e0 d\u1ec5 d\u00e0ng.<\/p>\n<p>Ngo\u00e0i ra,\u00a0 h\u1ec7 sinh th\u00e1i Vietourist c\u00f2n \u0111ang s\u1edf h\u1eefu v\u00e0 v\u1eadn h\u00e0nh m\u1ed9t s\u1ed1 kh\u00e1ch s\u1ea1n v\u00e0 resort theo ti\u00eau chu\u1ea9n 3 sao v\u00e0 4 sao nh\u01b0:\u00a0 Tre Xanh Hotel (Gia Lai), Novela Resort &amp; Spa (Phan Thi\u1ebft), Ocean Star Resort (Phan Thi\u1ebft), Lan Anh Hotel (\u0110\u00e0 L\u1ea1t), Bella Merry Hotel (\u0110\u00e0 N\u1eb5ng), \u0110o\u00e0n Gia Resort (Qu\u1ea3ng B\u00ecnh),&#8230;<\/p>\n<p>Ng\u00e0y 28\/10\/2022, VieTourist ch\u00ednh th\u1ee9c \u0111\u1ed5i t\u00ean th\u00e0nh C\u00d4NG TY C\u1ed4 PH\u1ea6N VIETOURIST HOLDINGS.<\/p>\n<p><iframe loading=\"lazy\" title=\"YouTube video player\" src=\"https:\/\/www.youtube.com\/embed\/UsYe0un3Zv0\" width=\"560\" height=\"315\" frameborder=\"0\" scrolling=\"no\" data-mce-fragment=\"1\"><\/iframe><\/p>\n<p>\u0110\u1ec3 \u0111\u01b0\u1ee3c s\u1ef1 tin y\u00eau v\u00e0 qu\u00fd m\u1ebfn c\u1ee7a kh\u00e1ch h\u00e0ng,<strong>\u00a0Vietourist<\/strong>\u00a0lu\u00f4n ghi nh\u1edb nh\u1eefng nguy\u00ean t\u1eafc c\u01a1 b\u1ea3n sau:<\/p>\n<p><strong>1. Gi\u00e1 tr\u1ecb c\u1ed1t l\u1ecfi:<\/strong><\/p>\n<ul>\n<li><strong>Th\u00edch \u1ee9ng \u2013 S\u00e1ng t\u1ea1o \u2013 Ph\u00e1t tri\u1ec3n b\u1ec1n v\u1eefng<\/strong>\u00a0(<em>Adaptive \u00a0\u2013 Creative &#8211; Sustainable Development)<\/em><\/li>\n<li><em>Doanh nghi\u1ec7p lu\u00f4n th\u00edch \u1ee9ng nhanh m\u1ecdi ho\u00e0n c\u1ea3nh, th\u00edch nghi m\u1ecdi thay \u0111\u1ed5i v\u00e0 kh\u00f4ng ng\u1eebng s\u00e1ng t\u1ea1\u1ecd \u0111\u1ec3 lu\u00f4n ph\u00e1t tri\u1ec3n b\u1ec1n v\u1eefng.<\/em><\/li>\n<\/ul>\n<p><strong>2. T\u1ea7m nh\u00ecn:<\/strong><\/p>\n<ul>\n<li><strong>Tr\u1edf th\u00e0nh th\u01b0\u01a1ng hi\u1ec7u du l\u1ecbch \u00a0qu\u1ed1c gia.<\/strong>\u00a0(<em>Striving to be the national tourism brand)<\/em><\/li>\n<\/ul>\n<p><strong>3. S\u1ee9 m\u1ec7nh:<\/strong><\/p>\n<ul>\n<li><strong>X\u00e2y d\u1ef1ng h\u1ec7 sinh th\u00e1i du l\u1ecbch b\u1ec1n v\u1eefng tr\u00ean to\u00e0n qu\u1ed1c<\/strong>. (<em>Building a nationwide, sustainable tourism ecosystem)<\/em>\u200b<\/li>\n<\/ul>\n<p><strong>4. Tr\u00e1ch nhi\u1ec7m c\u1ee7a c\u00f4ng ty:<\/strong><\/p>\n<ul>\n<li><strong>V\u1edbi Kh\u00e1ch h\u00e0ng\u00a0<em>( with customers<\/em>):<\/strong>\u00a0<em>cung c\u1ea5p d\u1ecbch v\u1ee5 t\u1ed1t nh\u1ea5t v\u1edbi gi\u00e1 c\u1ea3 c\u1ea1nh tranh nh\u1ea5t.<\/em><\/li>\n<li><strong>V\u1edbi C\u1ed5 \u0111\u00f4ng\u00a0<em>(with Shareholders)<\/em>:<\/strong>\u00a0<em>Mang l\u1ea1i l\u1ee3i \u00edch t\u1ed1t nh\u1ea5t cho c\u1ed5 \u0111\u00f4ng (Bringing the best benefits for our shareholders).<\/em><\/li>\n<li><strong>V\u1edbi Nh\u00e2n vi\u00ean\u00a0<em>( with our Staffs<\/em>\u00a0):<\/strong><br \/>\n+\u00a0<em>T\u1ea1o m\u00f4i tr\u01b0\u1eddng l\u00e0m vi\u1ec7c t\u1ed1t nh\u1ea5t ( Creating the best working\u00a0 enviroment)<br \/>\n+ T\u1ea1o thu nh\u1eadp \u1ed5n \u0111\u1ecbnh ( Creating stable income and benefits )<br \/>\n+\u00a0T\u1ea1o c\u01a1 h\u1ed9i ph\u00e1t tri\u1ec3n ngh\u1ec1 nghi\u1ec7p. ( Creating chances for career developing )<\/em><\/li>\n<li><strong>V\u1edbi \u0111\u1ed1i t\u00e1c (<em>With our bussiness partners)<\/em>:<\/strong>\u00a0<em>tin c\u1eady, \u0111\u00fang cam k\u1ebft. (building trust and commitment )<\/em>\u00a0<em>T\u1ea1o m\u00f4i tr\u01b0\u1eddng l\u00e0m vi\u1ec7c t\u1ed1t nh\u1ea5t ( Creating the best working\u00a0 enviroment)<\/em>\u00a0<em>T\u1ea1o thu nh\u1eadp \u1ed5n \u0111\u1ecbnh ( Creating stable income and benefits )<\/em>\u00a0<em>T\u1ea1o c\u01a1 h\u1ed9i ph\u00e1t tri\u1ec3n ngh\u1ec1 nghi\u1ec7p. (Creating chances for career developing)<\/em><\/li>\n<\/ul>\n<p><strong>5. Ph\u01b0\u01a1ng ch\u00e2m h\u00e0nh \u0111\u1ed9ng:<\/strong><\/p>\n<ul>\n<li><strong>S.M.AR.T (Specific, Measurable, Achievable , Realistic, Timely )<\/strong><\/li>\n<li><strong>SPEED<\/strong><\/li>\n<li><strong>STRONG<\/strong><\/li>\n<li><strong>SUCCESS<\/strong><\/li>\n<\/ul>\n","protected":false},"excerpt":{"rendered":"<p>I. L\u1ecaCH S\u1eec H\u00ccNH TH\u00c0NH V\u00c0 PH\u00c1T TRI\u1ec2N: Ng\u00e0y 26\/10\/2011 \u2013 C\u00f4ng ty TNHH Du l\u1ecbch Vietourist \u0111\u01b0\u1ee3c th\u00e0nh l\u1eadp v\u1edbi ni\u1ec1m tin m\u00e3nh li\u1ec7t, r\u1ef1c ch\u00e1y ngay nh\u1eefng ng\u00e0y \u0111\u1ea7u cho \u0111\u1ebfn vinh quang c\u1ee7a hi\u1ec7n t\u1ea1i. Vietourist \u0111\u00e3 tr\u1ea3i qua m\u1ed9t ch\u1eb7ng \u0111\u01b0\u1eddng d\u00e0i gian nan, \u0111\u1ea7y kh\u00f3 kh\u0103n, th\u00e1ch th\u1ee9c nh\u01b0ng v\u1edbi<\/p>\n","protected":false},"author":2,"featured_media":0,"parent":0,"menu_order":0,"comment_status":"closed","ping_status":"closed","template":"","meta":{"footnotes":""},"class_list":["post-2","page","type-page","status-publish","hentry"],"acf":[],"yoast_head":"<!-- This site is optimized with the Yoast SEO plugin v19.13 - https:\/\/yoast.com\/wordpress\/plugins\/seo\/ -->\n<title>Gi\u1edbi thi\u1ec7u - Viet Tour<\/title>\n<meta name=\"robots\" content=\"noindex, follow, max-snippet:-1, max-image-preview:large, max-video-preview:-1\" \/>\n<meta property=\"og:locale\" content=\"vi_VN\" \/>\n<meta property=\"og:type\" content=\"article\" \/>\n<meta property=\"og:title\" content=\"Gi\u1edbi thi\u1ec7u - Viet Tour\" \/>\n<meta property=\"og:description\" content=\"I. L\u1ecaCH S\u1eec H\u00ccNH TH\u00c0NH V\u00c0 PH\u00c1T TRI\u1ec2N: Ng\u00e0y 26\/10\/2011 \u2013 C\u00f4ng ty TNHH Du l\u1ecbch Vietourist \u0111\u01b0\u1ee3c th\u00e0nh l\u1eadp v\u1edbi ni\u1ec1m tin m\u00e3nh li\u1ec7t, r\u1ef1c ch\u00e1y ngay nh\u1eefng ng\u00e0y \u0111\u1ea7u cho \u0111\u1ebfn vinh quang c\u1ee7a hi\u1ec7n t\u1ea1i. Vietourist \u0111\u00e3 tr\u1ea3i qua m\u1ed9t ch\u1eb7ng \u0111\u01b0\u1eddng d\u00e0i gian nan, \u0111\u1ea7y kh\u00f3 kh\u0103n, th\u00e1ch th\u1ee9c nh\u01b0ng v\u1edbi\" \/>\n<meta property=\"og:url\" content=\"http:\/\/mau.hoabinhweb.com\/dulich1\/gioi-thieu\/\" \/>\n<meta property=\"og:site_name\" content=\"Viet Tour\" \/>\n<meta property=\"article:modified_time\" content=\"2022-12-25T15:25:22+00:00\" \/>\n<meta property=\"og:image\" content=\"https:\/\/www.vietourist.com.vn\/public\/frontend\/uploads\/kceditor\/images\/cong-ty-du-lich-vietourist%282%29.jpg\" \/>\n<meta name=\"twitter:card\" content=\"summary_large_image\" \/>\n<meta name=\"twitter:label1\" content=\"\u01af\u1edbc t\u00ednh th\u1eddi gian \u0111\u1ecdc\" \/>\n\t<meta name=\"twitter:data1\" content=\"7 ph\u00fat\" \/>\n<script type=\"application\/ld+json\" class=\"yoast-schema-graph\">{\"@context\":\"https:\/\/schema.org\",\"@graph\":[{\"@type\":\"WebPage\",\"@id\":\"http:\/\/mau.hoabinhweb.com\/dulich1\/gioi-thieu\/\",\"url\":\"http:\/\/mau.hoabinhweb.com\/dulich1\/gioi-thieu\/\",\"name\":\"Gi\u1edbi thi\u1ec7u - Viet Tour\",\"isPartOf\":{\"@id\":\"http:\/\/mau.hoabinhweb.com\/dulich1\/#website\"},\"datePublished\":\"2020-08-16T01:58:29+00:00\",\"dateModified\":\"2022-12-25T15:25:22+00:00\",\"breadcrumb\":{\"@id\":\"http:\/\/mau.hoabinhweb.com\/dulich1\/gioi-thieu\/#breadcrumb\"},\"inLanguage\":\"vi\",\"potentialAction\":[{\"@type\":\"ReadAction\",\"target\":[\"http:\/\/mau.hoabinhweb.com\/dulich1\/gioi-thieu\/\"]}]},{\"@type\":\"BreadcrumbList\",\"@id\":\"http:\/\/mau.hoabinhweb.com\/dulich1\/gioi-thieu\/#breadcrumb\",\"itemListElement\":[{\"@type\":\"ListItem\",\"position\":1,\"name\":\"Trang ch\u1ee7\",\"item\":\"http:\/\/mau.hoabinhweb.com\/dulich1\/\"},{\"@type\":\"ListItem\",\"position\":2,\"name\":\"Gi\u1edbi thi\u1ec7u\"}]},{\"@type\":\"WebSite\",\"@id\":\"http:\/\/mau.hoabinhweb.com\/dulich1\/#website\",\"url\":\"http:\/\/mau.hoabinhweb.com\/dulich1\/\",\"name\":\"Viet Tour\",\"description\":\"\",\"potentialAction\":[{\"@type\":\"SearchAction\",\"target\":{\"@type\":\"EntryPoint\",\"urlTemplate\":\"http:\/\/mau.hoabinhweb.com\/dulich1\/?s={search_term_string}\"},\"query-input\":\"required name=search_term_string\"}],\"inLanguage\":\"vi\"}]}<\/script>\n<!-- \/ Yoast SEO plugin. -->","yoast_head_json":{"title":"Gi\u1edbi thi\u1ec7u - Viet Tour","robots":{"index":"noindex","follow":"follow","max-snippet":"max-snippet:-1","max-image-preview":"max-image-preview:large","max-video-preview":"max-video-preview:-1"},"og_locale":"vi_VN","og_type":"article","og_title":"Gi\u1edbi thi\u1ec7u - Viet Tour","og_description":"I. L\u1ecaCH S\u1eec H\u00ccNH TH\u00c0NH V\u00c0 PH\u00c1T TRI\u1ec2N: Ng\u00e0y 26\/10\/2011 \u2013 C\u00f4ng ty TNHH Du l\u1ecbch Vietourist \u0111\u01b0\u1ee3c th\u00e0nh l\u1eadp v\u1edbi ni\u1ec1m tin m\u00e3nh li\u1ec7t, r\u1ef1c ch\u00e1y ngay nh\u1eefng ng\u00e0y \u0111\u1ea7u cho \u0111\u1ebfn vinh quang c\u1ee7a hi\u1ec7n t\u1ea1i. Vietourist \u0111\u00e3 tr\u1ea3i qua m\u1ed9t ch\u1eb7ng \u0111\u01b0\u1eddng d\u00e0i gian nan, \u0111\u1ea7y kh\u00f3 kh\u0103n, th\u00e1ch th\u1ee9c nh\u01b0ng v\u1edbi","og_url":"http:\/\/mau.hoabinhweb.com\/dulich1\/gioi-thieu\/","og_site_name":"Viet Tour","article_modified_time":"2022-12-25T15:25:22+00:00","og_image":[{"url":"https:\/\/www.vietourist.com.vn\/public\/frontend\/uploads\/kceditor\/images\/cong-ty-du-lich-vietourist%282%29.jpg"}],"twitter_card":"summary_large_image","twitter_misc":{"\u01af\u1edbc t\u00ednh th\u1eddi gian \u0111\u1ecdc":"7 ph\u00fat"},"schema":{"@context":"https:\/\/schema.org","@graph":[{"@type":"WebPage","@id":"http:\/\/mau.hoabinhweb.com\/dulich1\/gioi-thieu\/","url":"http:\/\/mau.hoabinhweb.com\/dulich1\/gioi-thieu\/","name":"Gi\u1edbi thi\u1ec7u - Viet Tour","isPartOf":{"@id":"http:\/\/mau.hoabinhweb.com\/dulich1\/#website"},"datePublished":"2020-08-16T01:58:29+00:00","dateModified":"2022-12-25T15:25:22+00:00","breadcrumb":{"@id":"http:\/\/mau.hoabinhweb.com\/dulich1\/gioi-thieu\/#breadcrumb"},"inLanguage":"vi","potentialAction":[{"@type":"ReadAction","target":["http:\/\/mau.hoabinhweb.com\/dulich1\/gioi-thieu\/"]}]},{"@type":"BreadcrumbList","@id":"http:\/\/mau.hoabinhweb.com\/dulich1\/gioi-thieu\/#breadcrumb","itemListElement":[{"@type":"ListItem","position":1,"name":"Trang ch\u1ee7","item":"http:\/\/mau.hoabinhweb.com\/dulich1\/"},{"@type":"ListItem","position":2,"name":"Gi\u1edbi thi\u1ec7u"}]},{"@type":"WebSite","@id":"http:\/\/mau.hoabinhweb.com\/dulich1\/#website","url":"http:\/\/mau.hoabinhweb.com\/dulich1\/","name":"Viet Tour","description":"","potentialAction":[{"@type":"SearchAction","target":{"@type":"EntryPoint","urlTemplate":"http:\/\/mau.hoabinhweb.com\/dulich1\/?s={search_term_string}"},"query-input":"required name=search_term_string"}],"inLanguage":"vi"}]}},"_links":{"self":[{"href":"http:\/\/mau.hoabinhweb.com\/dulich1\/wp-json\/wp\/v2\/pages\/2"}],"collection":[{"href":"http:\/\/mau.hoabinhweb.com\/dulich1\/wp-json\/wp\/v2\/pages"}],"about":[{"href":"http:\/\/mau.hoabinhweb.com\/dulich1\/wp-json\/wp\/v2\/types\/page"}],"author":[{"embeddable":true,"href":"http:\/\/mau.hoabinhweb.com\/dulich1\/wp-json\/wp\/v2\/users\/2"}],"replies":[{"embeddable":true,"href":"http:\/\/mau.hoabinhweb.com\/dulich1\/wp-json\/wp\/v2\/comments?post=2"}],"version-history":[{"count":2,"href":"http:\/\/mau.hoabinhweb.com\/dulich1\/wp-json\/wp\/v2\/pages\/2\/revisions"}],"predecessor-version":[{"id":273,"href":"http:\/\/mau.hoabinhweb.com\/dulich1\/wp-json\/wp\/v2\/pages\/2\/revisions\/273"}],"wp:attachment":[{"href":"http:\/\/mau.hoabinhweb.com\/dulich1\/wp-json\/wp\/v2\/media?parent=2"}],"curies":[{"name":"wp","href":"https:\/\/api.w.org\/{rel}","templated":true}]}}