{"id":111,"date":"2020-08-21T07:40:01","date_gmt":"2020-08-21T00:40:01","guid":{"rendered":"http:\/\/mau.hoabinhweb.com\/dongho1\/?post_type=product&#038;p=111"},"modified":"2023-04-24T14:22:17","modified_gmt":"2023-04-24T07:22:17","slug":"ridgeway-limited","status":"publish","type":"product","link":"http:\/\/mau.hoabinhweb.com\/dongho1\/san-pham\/ridgeway-limited\/","title":{"rendered":"Ridgeway Limited"},"content":{"rendered":"<div dir=\"auto\">\u0110\u1ed2NG H\u1ed2 T\u1ee6 RIDGEWAY LIMITED 360of 1000<\/div>\n<div dir=\"auto\">V\u1ebb \u0111\u1eb9p l\u1ed9ng l\u1eaby t\u1eeb thi\u1ebft k\u1ebf tinh x\u1ea3o<\/div>\n<div dir=\"auto\">V\u00e2n g\u1ed7 mahogany n\u1ed5i b\u1eadt c\u00f9ng nh\u1eefng n\u00e9t hoa v\u0103n ch\u1ea1m kh\u1ea3m<\/div>\n<div dir=\"auto\">M\u1eb7t v\u00e0ng s\u1ed1 n\u1ed5i to\u1ea3 \u00e1nh h\u00e0o quang<\/div>\n<div dir=\"auto\">C\u1ed7 m\u00e1y 12 g\u00f4ng 3 b\u1ea3n nh\u1ea1c, c\u00f3 ch\u1ebf \u0111\u1ed9 t\u1ef1 ng\u1eaft chu\u00f4ng \u0111\u00eam<\/div>\n<div dir=\"auto\">Ridgeway 360\/1000 \u2013 \u0110\u1eb3ng c\u1ea5p \u2013 Sang tr\u1ecdng!<\/div>\n<div dir=\"auto\">M\u00e3 s\u1ed1: 1800 \u2013 USA<\/div>\n","protected":false},"excerpt":{"rendered":"<ul>\n<li>V\u1eadn chuy\u1ec3n tr\u00ean to\u00e0n qu\u1ed1c<\/li>\n<li>Cam k\u1ebft s\u1ea3n ph\u1ea9m \u0111\u00fang ch\u1ea5t l\u01b0\u1ee3ng mi\u00eau t\u1ea3 tr\u00ean website<\/li>\n<li>B\u1ea3o h\u00e0nh ch\u00ednh h\u00e3ng<\/li>\n<li>Ki\u1ec3m tra h\u00e0ng tr\u01b0\u1edbc khi thanh to\u00e1n<\/li>\n<li>Hotline: 0971 67 8887<\/li>\n<\/ul>\n","protected":false},"featured_media":454,"template":"","meta":[],"product_cat":[19,38,37,36],"product_tag":[],"yoast_head":"<!-- This site is optimized with the Yoast SEO plugin v20.5 - https:\/\/yoast.com\/wordpress\/plugins\/seo\/ -->\n<title>Ridgeway Limited - \u0110\u1ed3ng H\u1ed3 C\u1ed5 B\u1ea3o Kh\u00e1nh<\/title>\n<meta name=\"robots\" content=\"noindex, follow, max-snippet:-1, max-image-preview:large, max-video-preview:-1\" \/>\n<meta property=\"og:locale\" content=\"vi_VN\" \/>\n<meta property=\"og:type\" content=\"article\" \/>\n<meta property=\"og:title\" content=\"Ridgeway Limited - \u0110\u1ed3ng H\u1ed3 C\u1ed5 B\u1ea3o Kh\u00e1nh\" \/>\n<meta property=\"og:description\" content=\"V\u1eadn chuy\u1ec3n tr\u00ean to\u00e0n qu\u1ed1c  Cam k\u1ebft s\u1ea3n ph\u1ea9m \u0111\u00fang ch\u1ea5t l\u01b0\u1ee3ng mi\u00eau t\u1ea3 tr\u00ean website  B\u1ea3o h\u00e0nh ch\u00ednh h\u00e3ng  Ki\u1ec3m tra h\u00e0ng tr\u01b0\u1edbc khi thanh to\u00e1n  Hotline: 0971 67 8887\" \/>\n<meta property=\"og:url\" content=\"http:\/\/mau.hoabinhweb.com\/dongho1\/san-pham\/ridgeway-limited\/\" \/>\n<meta property=\"og:site_name\" content=\"\u0110\u1ed3ng H\u1ed3 C\u1ed5 B\u1ea3o Kh\u00e1nh\" \/>\n<meta property=\"article:modified_time\" content=\"2023-04-24T07:22:17+00:00\" \/>\n<meta property=\"og:image\" content=\"http:\/\/mau.hoabinhweb.com\/dongho1\/wp-content\/uploads\/2020\/08\/sp3.jpg\" \/>\n\t<meta property=\"og:image:width\" content=\"800\" \/>\n\t<meta property=\"og:image:height\" content=\"800\" \/>\n\t<meta property=\"og:image:type\" content=\"image\/jpeg\" \/>\n<meta name=\"twitter:card\" content=\"summary_large_image\" \/>\n<meta name=\"twitter:label1\" content=\"\u01af\u1edbc t\u00ednh th\u1eddi gian \u0111\u1ecdc\" \/>\n\t<meta name=\"twitter:data1\" content=\"1 ph\u00fat\" \/>\n<script type=\"application\/ld+json\" class=\"yoast-schema-graph\">{\"@context\":\"https:\/\/schema.org\",\"@graph\":[{\"@type\":\"WebPage\",\"@id\":\"http:\/\/mau.hoabinhweb.com\/dongho1\/san-pham\/ridgeway-limited\/\",\"url\":\"http:\/\/mau.hoabinhweb.com\/dongho1\/san-pham\/ridgeway-limited\/\",\"name\":\"Ridgeway Limited - \u0110\u1ed3ng H\u1ed3 C\u1ed5 B\u1ea3o Kh\u00e1nh\",\"isPartOf\":{\"@id\":\"http:\/\/mau.hoabinhweb.com\/dongho1\/#website\"},\"datePublished\":\"2020-08-21T00:40:01+00:00\",\"dateModified\":\"2023-04-24T07:22:17+00:00\",\"breadcrumb\":{\"@id\":\"http:\/\/mau.hoabinhweb.com\/dongho1\/san-pham\/ridgeway-limited\/#breadcrumb\"},\"inLanguage\":\"vi\",\"potentialAction\":[{\"@type\":\"ReadAction\",\"target\":[\"http:\/\/mau.hoabinhweb.com\/dongho1\/san-pham\/ridgeway-limited\/\"]}]},{\"@type\":\"BreadcrumbList\",\"@id\":\"http:\/\/mau.hoabinhweb.com\/dongho1\/san-pham\/ridgeway-limited\/#breadcrumb\",\"itemListElement\":[{\"@type\":\"ListItem\",\"position\":1,\"name\":\"Trang ch\u1ee7\",\"item\":\"http:\/\/mau.hoabinhweb.com\/dongho1\/\"},{\"@type\":\"ListItem\",\"position\":2,\"name\":\"S\u1ea3n ph\u1ea9m\",\"item\":\"http:\/\/mau.hoabinhweb.com\/dongho1\/san-pham\/\"},{\"@type\":\"ListItem\",\"position\":3,\"name\":\"\u0110\u1ed3ng h\u1ed3 t\u1ee7 c\u00e2y\",\"item\":\"http:\/\/mau.hoabinhweb.com\/dongho1\/danh-muc\/dong-ho-tu-cay\/\"},{\"@type\":\"ListItem\",\"position\":4,\"name\":\"Ridgeway Limited\"}]},{\"@type\":\"WebSite\",\"@id\":\"http:\/\/mau.hoabinhweb.com\/dongho1\/#website\",\"url\":\"http:\/\/mau.hoabinhweb.com\/dongho1\/\",\"name\":\"\u0110\u1ed3ng H\u1ed3 C\u1ed5 B\u1ea3o Kh\u00e1nh\",\"description\":\"\",\"potentialAction\":[{\"@type\":\"SearchAction\",\"target\":{\"@type\":\"EntryPoint\",\"urlTemplate\":\"http:\/\/mau.hoabinhweb.com\/dongho1\/?s={search_term_string}\"},\"query-input\":\"required name=search_term_string\"}],\"inLanguage\":\"vi\"}]}<\/script>\n<!-- \/ Yoast SEO plugin. -->","yoast_head_json":{"title":"Ridgeway Limited - \u0110\u1ed3ng H\u1ed3 C\u1ed5 B\u1ea3o Kh\u00e1nh","robots":{"index":"noindex","follow":"follow","max-snippet":"max-snippet:-1","max-image-preview":"max-image-preview:large","max-video-preview":"max-video-preview:-1"},"og_locale":"vi_VN","og_type":"article","og_title":"Ridgeway Limited - \u0110\u1ed3ng H\u1ed3 C\u1ed5 B\u1ea3o Kh\u00e1nh","og_description":"V\u1eadn chuy\u1ec3n tr\u00ean to\u00e0n qu\u1ed1c  Cam k\u1ebft s\u1ea3n ph\u1ea9m \u0111\u00fang ch\u1ea5t l\u01b0\u1ee3ng mi\u00eau t\u1ea3 tr\u00ean website  B\u1ea3o h\u00e0nh ch\u00ednh h\u00e3ng  Ki\u1ec3m tra h\u00e0ng tr\u01b0\u1edbc khi thanh to\u00e1n  Hotline: 0971 67 8887","og_url":"http:\/\/mau.hoabinhweb.com\/dongho1\/san-pham\/ridgeway-limited\/","og_site_name":"\u0110\u1ed3ng H\u1ed3 C\u1ed5 B\u1ea3o Kh\u00e1nh","article_modified_time":"2023-04-24T07:22:17+00:00","og_image":[{"width":800,"height":800,"url":"http:\/\/mau.hoabinhweb.com\/dongho1\/wp-content\/uploads\/2020\/08\/sp3.jpg","type":"image\/jpeg"}],"twitter_card":"summary_large_image","twitter_misc":{"\u01af\u1edbc t\u00ednh th\u1eddi gian \u0111\u1ecdc":"1 ph\u00fat"},"schema":{"@context":"https:\/\/schema.org","@graph":[{"@type":"WebPage","@id":"http:\/\/mau.hoabinhweb.com\/dongho1\/san-pham\/ridgeway-limited\/","url":"http:\/\/mau.hoabinhweb.com\/dongho1\/san-pham\/ridgeway-limited\/","name":"Ridgeway Limited - \u0110\u1ed3ng H\u1ed3 C\u1ed5 B\u1ea3o Kh\u00e1nh","isPartOf":{"@id":"http:\/\/mau.hoabinhweb.com\/dongho1\/#website"},"datePublished":"2020-08-21T00:40:01+00:00","dateModified":"2023-04-24T07:22:17+00:00","breadcrumb":{"@id":"http:\/\/mau.hoabinhweb.com\/dongho1\/san-pham\/ridgeway-limited\/#breadcrumb"},"inLanguage":"vi","potentialAction":[{"@type":"ReadAction","target":["http:\/\/mau.hoabinhweb.com\/dongho1\/san-pham\/ridgeway-limited\/"]}]},{"@type":"BreadcrumbList","@id":"http:\/\/mau.hoabinhweb.com\/dongho1\/san-pham\/ridgeway-limited\/#breadcrumb","itemListElement":[{"@type":"ListItem","position":1,"name":"Trang ch\u1ee7","item":"http:\/\/mau.hoabinhweb.com\/dongho1\/"},{"@type":"ListItem","position":2,"name":"S\u1ea3n ph\u1ea9m","item":"http:\/\/mau.hoabinhweb.com\/dongho1\/san-pham\/"},{"@type":"ListItem","position":3,"name":"\u0110\u1ed3ng h\u1ed3 t\u1ee7 c\u00e2y","item":"http:\/\/mau.hoabinhweb.com\/dongho1\/danh-muc\/dong-ho-tu-cay\/"},{"@type":"ListItem","position":4,"name":"Ridgeway Limited"}]},{"@type":"WebSite","@id":"http:\/\/mau.hoabinhweb.com\/dongho1\/#website","url":"http:\/\/mau.hoabinhweb.com\/dongho1\/","name":"\u0110\u1ed3ng H\u1ed3 C\u1ed5 B\u1ea3o Kh\u00e1nh","description":"","potentialAction":[{"@type":"SearchAction","target":{"@type":"EntryPoint","urlTemplate":"http:\/\/mau.hoabinhweb.com\/dongho1\/?s={search_term_string}"},"query-input":"required name=search_term_string"}],"inLanguage":"vi"}]}},"_links":{"self":[{"href":"http:\/\/mau.hoabinhweb.com\/dongho1\/wp-json\/wp\/v3\/product\/111"}],"collection":[{"href":"http:\/\/mau.hoabinhweb.com\/dongho1\/wp-json\/wp\/v3\/product"}],"about":[{"href":"http:\/\/mau.hoabinhweb.com\/dongho1\/wp-json\/wp\/v2\/types\/product"}],"wp:featuredmedia":[{"embeddable":true,"href":"http:\/\/mau.hoabinhweb.com\/dongho1\/wp-json\/wp\/v2\/media\/454"}],"wp:attachment":[{"href":"http:\/\/mau.hoabinhweb.com\/dongho1\/wp-json\/wp\/v2\/media?parent=111"}],"wp:term":[{"taxonomy":"product_cat","embeddable":true,"href":"http:\/\/mau.hoabinhweb.com\/dongho1\/wp-json\/wp\/v2\/product_cat?post=111"},{"taxonomy":"product_tag","embeddable":true,"href":"http:\/\/mau.hoabinhweb.com\/dongho1\/wp-json\/wp\/v2\/product_tag?post=111"}],"curies":[{"name":"wp","href":"https:\/\/api.w.org\/{rel}","templated":true}]}}