{"id":107,"date":"2020-08-21T07:36:20","date_gmt":"2020-08-21T00:36:20","guid":{"rendered":"http:\/\/mau.hoabinhweb.com\/dongho1\/?post_type=product&#038;p=107"},"modified":"2023-04-24T14:27:00","modified_gmt":"2023-04-24T07:27:00","slug":"tu-cay-sligh-dang-gothic-may-chan-kinh","status":"publish","type":"product","link":"http:\/\/mau.hoabinhweb.com\/dongho1\/san-pham\/tu-cay-sligh-dang-gothic-may-chan-kinh\/","title":{"rendered":"T\u1ee7 c\u00e2y Sligh d\u00e1ng Gothic m\u00e1y ch\u00e2n k\u00ednh"},"content":{"rendered":"<div dir=\"auto\">\u0110\u1ed3ng h\u1ed3 t\u1ee7 Sligh d\u00e1ng Gothic m\u00e1y ch\u00e2n k\u00ednh<\/div>\n<div dir=\"auto\">Th\u01b0\u01a1ng hi\u1ec7u l\u1eebng danh v\u1ec1 \u0111\u1ed3ng h\u1ed3 t\u1ee7, c\u00e2y \u0111\u1ed3ng h\u1ed3 mang h\u01a1i h\u01b0\u1edfng c\u1ed5 \u0111i\u1ec3n nh\u01b0ng \u0111\u01b0\u1ee3c thi\u1ebft k\u1ebf l\u1ea1i \u0111\u1ec3 ph\u00f9 h\u1ee3p v\u1edbi nh\u1eefng kh\u00f4ng gian sang tr\u1ecdng hi\u1ec7n \u0111\u1ea1i.<\/div>\n<div dir=\"auto\">M\u1eb7t s\u1ed1 n\u1ed5i. T\u1ea1 l\u1eafc \u00e1nh kim<\/div>\n<div dir=\"auto\">M\u00e1y 12 g\u00f4ng 3 b\u1ea3n nh\u1ea1c<\/div>\n","protected":false},"excerpt":{"rendered":"<ul>\n<li>V\u1eadn chuy\u1ec3n tr\u00ean to\u00e0n qu\u1ed1c<\/li>\n<li>Cam k\u1ebft s\u1ea3n ph\u1ea9m \u0111\u00fang ch\u1ea5t l\u01b0\u1ee3ng mi\u00eau t\u1ea3 tr\u00ean website<\/li>\n<li>B\u1ea3o h\u00e0nh ch\u00ednh h\u00e3ng<\/li>\n<li>Ki\u1ec3m tra h\u00e0ng tr\u01b0\u1edbc khi thanh to\u00e1n<\/li>\n<li>Hotline: 0971 67 8887<\/li>\n<\/ul>\n","protected":false},"featured_media":458,"template":"","meta":[],"product_cat":[19,38,37,36],"product_tag":[],"yoast_head":"<!-- This site is optimized with the Yoast SEO plugin v20.5 - https:\/\/yoast.com\/wordpress\/plugins\/seo\/ -->\n<title>T\u1ee7 c\u00e2y Sligh d\u00e1ng Gothic m\u00e1y ch\u00e2n k\u00ednh - \u0110\u1ed3ng H\u1ed3 C\u1ed5 B\u1ea3o Kh\u00e1nh<\/title>\n<meta name=\"robots\" content=\"noindex, follow, max-snippet:-1, max-image-preview:large, max-video-preview:-1\" \/>\n<meta property=\"og:locale\" content=\"vi_VN\" \/>\n<meta property=\"og:type\" content=\"article\" \/>\n<meta property=\"og:title\" content=\"T\u1ee7 c\u00e2y Sligh d\u00e1ng Gothic m\u00e1y ch\u00e2n k\u00ednh - \u0110\u1ed3ng H\u1ed3 C\u1ed5 B\u1ea3o Kh\u00e1nh\" \/>\n<meta property=\"og:description\" content=\"V\u1eadn chuy\u1ec3n tr\u00ean to\u00e0n qu\u1ed1c  Cam k\u1ebft s\u1ea3n ph\u1ea9m \u0111\u00fang ch\u1ea5t l\u01b0\u1ee3ng mi\u00eau t\u1ea3 tr\u00ean website  B\u1ea3o h\u00e0nh ch\u00ednh h\u00e3ng  Ki\u1ec3m tra h\u00e0ng tr\u01b0\u1edbc khi thanh to\u00e1n  Hotline: 0971 67 8887\" \/>\n<meta property=\"og:url\" content=\"http:\/\/mau.hoabinhweb.com\/dongho1\/san-pham\/tu-cay-sligh-dang-gothic-may-chan-kinh\/\" \/>\n<meta property=\"og:site_name\" content=\"\u0110\u1ed3ng H\u1ed3 C\u1ed5 B\u1ea3o Kh\u00e1nh\" \/>\n<meta property=\"article:modified_time\" content=\"2023-04-24T07:27:00+00:00\" \/>\n<meta property=\"og:image\" content=\"http:\/\/mau.hoabinhweb.com\/dongho1\/wp-content\/uploads\/2020\/08\/sp7.jpg\" \/>\n\t<meta property=\"og:image:width\" content=\"800\" \/>\n\t<meta property=\"og:image:height\" content=\"800\" \/>\n\t<meta property=\"og:image:type\" content=\"image\/jpeg\" \/>\n<meta name=\"twitter:card\" content=\"summary_large_image\" \/>\n<meta name=\"twitter:label1\" content=\"\u01af\u1edbc t\u00ednh th\u1eddi gian \u0111\u1ecdc\" \/>\n\t<meta name=\"twitter:data1\" content=\"3 ph\u00fat\" \/>\n<script type=\"application\/ld+json\" class=\"yoast-schema-graph\">{\"@context\":\"https:\/\/schema.org\",\"@graph\":[{\"@type\":\"WebPage\",\"@id\":\"http:\/\/mau.hoabinhweb.com\/dongho1\/san-pham\/tu-cay-sligh-dang-gothic-may-chan-kinh\/\",\"url\":\"http:\/\/mau.hoabinhweb.com\/dongho1\/san-pham\/tu-cay-sligh-dang-gothic-may-chan-kinh\/\",\"name\":\"T\u1ee7 c\u00e2y Sligh d\u00e1ng Gothic m\u00e1y ch\u00e2n k\u00ednh - \u0110\u1ed3ng H\u1ed3 C\u1ed5 B\u1ea3o Kh\u00e1nh\",\"isPartOf\":{\"@id\":\"http:\/\/mau.hoabinhweb.com\/dongho1\/#website\"},\"datePublished\":\"2020-08-21T00:36:20+00:00\",\"dateModified\":\"2023-04-24T07:27:00+00:00\",\"breadcrumb\":{\"@id\":\"http:\/\/mau.hoabinhweb.com\/dongho1\/san-pham\/tu-cay-sligh-dang-gothic-may-chan-kinh\/#breadcrumb\"},\"inLanguage\":\"vi\",\"potentialAction\":[{\"@type\":\"ReadAction\",\"target\":[\"http:\/\/mau.hoabinhweb.com\/dongho1\/san-pham\/tu-cay-sligh-dang-gothic-may-chan-kinh\/\"]}]},{\"@type\":\"BreadcrumbList\",\"@id\":\"http:\/\/mau.hoabinhweb.com\/dongho1\/san-pham\/tu-cay-sligh-dang-gothic-may-chan-kinh\/#breadcrumb\",\"itemListElement\":[{\"@type\":\"ListItem\",\"position\":1,\"name\":\"Trang ch\u1ee7\",\"item\":\"http:\/\/mau.hoabinhweb.com\/dongho1\/\"},{\"@type\":\"ListItem\",\"position\":2,\"name\":\"S\u1ea3n ph\u1ea9m\",\"item\":\"http:\/\/mau.hoabinhweb.com\/dongho1\/san-pham\/\"},{\"@type\":\"ListItem\",\"position\":3,\"name\":\"\u0110\u1ed3ng h\u1ed3 t\u1ee7 c\u00e2y\",\"item\":\"http:\/\/mau.hoabinhweb.com\/dongho1\/danh-muc\/dong-ho-tu-cay\/\"},{\"@type\":\"ListItem\",\"position\":4,\"name\":\"T\u1ee7 c\u00e2y Sligh d\u00e1ng Gothic m\u00e1y ch\u00e2n k\u00ednh\"}]},{\"@type\":\"WebSite\",\"@id\":\"http:\/\/mau.hoabinhweb.com\/dongho1\/#website\",\"url\":\"http:\/\/mau.hoabinhweb.com\/dongho1\/\",\"name\":\"\u0110\u1ed3ng H\u1ed3 C\u1ed5 B\u1ea3o Kh\u00e1nh\",\"description\":\"\",\"potentialAction\":[{\"@type\":\"SearchAction\",\"target\":{\"@type\":\"EntryPoint\",\"urlTemplate\":\"http:\/\/mau.hoabinhweb.com\/dongho1\/?s={search_term_string}\"},\"query-input\":\"required name=search_term_string\"}],\"inLanguage\":\"vi\"}]}<\/script>\n<!-- \/ Yoast SEO plugin. -->","yoast_head_json":{"title":"T\u1ee7 c\u00e2y Sligh d\u00e1ng Gothic m\u00e1y ch\u00e2n k\u00ednh - \u0110\u1ed3ng H\u1ed3 C\u1ed5 B\u1ea3o Kh\u00e1nh","robots":{"index":"noindex","follow":"follow","max-snippet":"max-snippet:-1","max-image-preview":"max-image-preview:large","max-video-preview":"max-video-preview:-1"},"og_locale":"vi_VN","og_type":"article","og_title":"T\u1ee7 c\u00e2y Sligh d\u00e1ng Gothic m\u00e1y ch\u00e2n k\u00ednh - \u0110\u1ed3ng H\u1ed3 C\u1ed5 B\u1ea3o Kh\u00e1nh","og_description":"V\u1eadn chuy\u1ec3n tr\u00ean to\u00e0n qu\u1ed1c  Cam k\u1ebft s\u1ea3n ph\u1ea9m \u0111\u00fang ch\u1ea5t l\u01b0\u1ee3ng mi\u00eau t\u1ea3 tr\u00ean website  B\u1ea3o h\u00e0nh ch\u00ednh h\u00e3ng  Ki\u1ec3m tra h\u00e0ng tr\u01b0\u1edbc khi thanh to\u00e1n  Hotline: 0971 67 8887","og_url":"http:\/\/mau.hoabinhweb.com\/dongho1\/san-pham\/tu-cay-sligh-dang-gothic-may-chan-kinh\/","og_site_name":"\u0110\u1ed3ng H\u1ed3 C\u1ed5 B\u1ea3o Kh\u00e1nh","article_modified_time":"2023-04-24T07:27:00+00:00","og_image":[{"width":800,"height":800,"url":"http:\/\/mau.hoabinhweb.com\/dongho1\/wp-content\/uploads\/2020\/08\/sp7.jpg","type":"image\/jpeg"}],"twitter_card":"summary_large_image","twitter_misc":{"\u01af\u1edbc t\u00ednh th\u1eddi gian \u0111\u1ecdc":"3 ph\u00fat"},"schema":{"@context":"https:\/\/schema.org","@graph":[{"@type":"WebPage","@id":"http:\/\/mau.hoabinhweb.com\/dongho1\/san-pham\/tu-cay-sligh-dang-gothic-may-chan-kinh\/","url":"http:\/\/mau.hoabinhweb.com\/dongho1\/san-pham\/tu-cay-sligh-dang-gothic-may-chan-kinh\/","name":"T\u1ee7 c\u00e2y Sligh d\u00e1ng Gothic m\u00e1y ch\u00e2n k\u00ednh - \u0110\u1ed3ng H\u1ed3 C\u1ed5 B\u1ea3o Kh\u00e1nh","isPartOf":{"@id":"http:\/\/mau.hoabinhweb.com\/dongho1\/#website"},"datePublished":"2020-08-21T00:36:20+00:00","dateModified":"2023-04-24T07:27:00+00:00","breadcrumb":{"@id":"http:\/\/mau.hoabinhweb.com\/dongho1\/san-pham\/tu-cay-sligh-dang-gothic-may-chan-kinh\/#breadcrumb"},"inLanguage":"vi","potentialAction":[{"@type":"ReadAction","target":["http:\/\/mau.hoabinhweb.com\/dongho1\/san-pham\/tu-cay-sligh-dang-gothic-may-chan-kinh\/"]}]},{"@type":"BreadcrumbList","@id":"http:\/\/mau.hoabinhweb.com\/dongho1\/san-pham\/tu-cay-sligh-dang-gothic-may-chan-kinh\/#breadcrumb","itemListElement":[{"@type":"ListItem","position":1,"name":"Trang ch\u1ee7","item":"http:\/\/mau.hoabinhweb.com\/dongho1\/"},{"@type":"ListItem","position":2,"name":"S\u1ea3n ph\u1ea9m","item":"http:\/\/mau.hoabinhweb.com\/dongho1\/san-pham\/"},{"@type":"ListItem","position":3,"name":"\u0110\u1ed3ng h\u1ed3 t\u1ee7 c\u00e2y","item":"http:\/\/mau.hoabinhweb.com\/dongho1\/danh-muc\/dong-ho-tu-cay\/"},{"@type":"ListItem","position":4,"name":"T\u1ee7 c\u00e2y Sligh d\u00e1ng Gothic m\u00e1y ch\u00e2n k\u00ednh"}]},{"@type":"WebSite","@id":"http:\/\/mau.hoabinhweb.com\/dongho1\/#website","url":"http:\/\/mau.hoabinhweb.com\/dongho1\/","name":"\u0110\u1ed3ng H\u1ed3 C\u1ed5 B\u1ea3o Kh\u00e1nh","description":"","potentialAction":[{"@type":"SearchAction","target":{"@type":"EntryPoint","urlTemplate":"http:\/\/mau.hoabinhweb.com\/dongho1\/?s={search_term_string}"},"query-input":"required name=search_term_string"}],"inLanguage":"vi"}]}},"_links":{"self":[{"href":"http:\/\/mau.hoabinhweb.com\/dongho1\/wp-json\/wp\/v3\/product\/107"}],"collection":[{"href":"http:\/\/mau.hoabinhweb.com\/dongho1\/wp-json\/wp\/v3\/product"}],"about":[{"href":"http:\/\/mau.hoabinhweb.com\/dongho1\/wp-json\/wp\/v2\/types\/product"}],"wp:featuredmedia":[{"embeddable":true,"href":"http:\/\/mau.hoabinhweb.com\/dongho1\/wp-json\/wp\/v2\/media\/458"}],"wp:attachment":[{"href":"http:\/\/mau.hoabinhweb.com\/dongho1\/wp-json\/wp\/v2\/media?parent=107"}],"wp:term":[{"taxonomy":"product_cat","embeddable":true,"href":"http:\/\/mau.hoabinhweb.com\/dongho1\/wp-json\/wp\/v2\/product_cat?post=107"},{"taxonomy":"product_tag","embeddable":true,"href":"http:\/\/mau.hoabinhweb.com\/dongho1\/wp-json\/wp\/v2\/product_tag?post=107"}],"curies":[{"name":"wp","href":"https:\/\/api.w.org\/{rel}","templated":true}]}}