{"id":45,"date":"2022-08-11T13:22:24","date_gmt":"2022-08-11T06:22:24","guid":{"rendered":"http:\/\/mau.hoabinhweb.com\/doanhnghiep3\/?page_id=45"},"modified":"2022-08-12T10:52:44","modified_gmt":"2022-08-12T03:52:44","slug":"gioi-thieu","status":"publish","type":"page","link":"http:\/\/mau.hoabinhweb.com\/doanhnghiep3\/gioi-thieu\/","title":{"rendered":"Gi\u1edbi thi\u1ec7u"},"content":{"rendered":"<p>C\u00f4ng Ty TNHH D\u1ecbch V\u1ee5 C\u00f4ng Ngh\u1ec7 V\u00e0 Truy\u1ec1n Th\u00f4ng Ho\u00e0 B\u00ecnh nh\u1eadn th\u1ee9c r\u1eb1ng: \u0111\u1ea1o \u0111\u1ee9c kinh doanh th\u1eadt s\u1ef1 l\u00e0 y\u1ebfu t\u1ed1 c\u1ed1t l\u00f5i \u1ea3nh h\u01b0\u1edfng \u0111\u1ebfn s\u1ef1 s\u1ed1ng c\u00f2n v\u00e0 \u0111\u01b0\u1ee3c s\u1eed d\u1ee5ng l\u00e0m ti\u00eau chu\u1ea9n \u0111\u1ec3 x\u00e1c \u0111\u1ecbnh gi\u00e1 tr\u1ecb.<\/p>\n<p>Tr\u00ean ti\u00eau ch\u00ed n\u00e0y, Ho\u00e0 B\u00ecnh Web lu\u00f4n t\u00ecm ki\u1ebfm v\u00e0 ch\u1ec9 h\u1ee3p t\u00e1c v\u1edbi nh\u1eefng \u0111\u1ed1i t\u00e1c tin c\u1eady, \u0111\u01b0\u1ee3c ng\u01b0\u1eddi ti\u00eau d\u00f9ng \u0111\u00e1nh gi\u00e1 cao c\u1ea3 v\u1ec1 ch\u1ea5t l\u01b0\u1ee3ng s\u1ea3n ph\u1ea9m v\u00e0 d\u1ecbch v\u1ee5<\/p>\n<p>Ho\u00e0 B\u00ecnh Web t\u1ed3n t\u1ea1i, ph\u00e1t tri\u1ec3n, kh\u1eb3ng \u0111\u1ecbnh v\u1ecb th\u1ebf ri\u00eang bi\u1ec7t c\u1ee7a m\u00ecnh nh\u1edd s\u1ef1 l\u1ef1a ch\u1ecdn kh\u1eaft khe v\u00e0 k\u1ebft h\u1ee3p hai y\u1ebfu t\u1ed1:<\/p>\n<p><b>\u201cCon ng\u01b0\u1eddi \u2013 s\u1ea3n ph\u1ea9m\u201d<\/b><br \/>\nHo\u00e0 B\u00ecnh Web hi\u1ec3u r\u1ea5t r\u00f5 r\u1eb1ng:\u00a0\u00a0<b>Ch\u1ec9 c\u00f3 n\u1ed7 l\u1ef1c ph\u1ee5ng s\u1ef1 m\u1edbi c\u00f3 th\u1ec3 d\u1eabn \u0111\u1ea7u.<\/b><\/p>\n","protected":false},"excerpt":{"rendered":"<p>C\u00f4ng Ty TNHH D\u1ecbch V\u1ee5 C\u00f4ng Ngh\u1ec7 V\u00e0 Truy\u1ec1n Th\u00f4ng Ho\u00e0 B\u00ecnh nh\u1eadn th\u1ee9c r\u1eb1ng: \u0111\u1ea1o \u0111\u1ee9c kinh doanh th\u1eadt s\u1ef1 l\u00e0 y\u1ebfu t\u1ed1 c\u1ed1t l\u00f5i \u1ea3nh h\u01b0\u1edfng \u0111\u1ebfn s\u1ef1 s\u1ed1ng c\u00f2n v\u00e0 \u0111\u01b0\u1ee3c s\u1eed d\u1ee5ng l\u00e0m ti\u00eau chu\u1ea9n \u0111\u1ec3 x\u00e1c \u0111\u1ecbnh gi\u00e1 tr\u1ecb. Tr\u00ean ti\u00eau ch\u00ed n\u00e0y, Ho\u00e0 B\u00ecnh Web lu\u00f4n t\u00ecm ki\u1ebfm v\u00e0<\/p>\n","protected":false},"author":1,"featured_media":0,"parent":0,"menu_order":0,"comment_status":"closed","ping_status":"closed","template":"","meta":{"footnotes":""},"class_list":["post-45","page","type-page","status-publish","hentry"],"yoast_head":"<!-- This site is optimized with the Yoast SEO plugin v19.5.1 - https:\/\/yoast.com\/wordpress\/plugins\/seo\/ -->\n<title>Gi\u1edbi thi\u1ec7u - Ho\u00e0 B\u00ecnh Web<\/title>\n<meta name=\"robots\" content=\"noindex, follow, max-snippet:-1, max-image-preview:large, max-video-preview:-1\" \/>\n<meta property=\"og:locale\" content=\"vi_VN\" \/>\n<meta property=\"og:type\" content=\"article\" \/>\n<meta property=\"og:title\" content=\"Gi\u1edbi thi\u1ec7u - Ho\u00e0 B\u00ecnh Web\" \/>\n<meta property=\"og:description\" content=\"C\u00f4ng Ty TNHH D\u1ecbch V\u1ee5 C\u00f4ng Ngh\u1ec7 V\u00e0 Truy\u1ec1n Th\u00f4ng Ho\u00e0 B\u00ecnh nh\u1eadn th\u1ee9c r\u1eb1ng: \u0111\u1ea1o \u0111\u1ee9c kinh doanh th\u1eadt s\u1ef1 l\u00e0 y\u1ebfu t\u1ed1 c\u1ed1t l\u00f5i \u1ea3nh h\u01b0\u1edfng \u0111\u1ebfn s\u1ef1 s\u1ed1ng c\u00f2n v\u00e0 \u0111\u01b0\u1ee3c s\u1eed d\u1ee5ng l\u00e0m ti\u00eau chu\u1ea9n \u0111\u1ec3 x\u00e1c \u0111\u1ecbnh gi\u00e1 tr\u1ecb. Tr\u00ean ti\u00eau ch\u00ed n\u00e0y, Ho\u00e0 B\u00ecnh Web lu\u00f4n t\u00ecm ki\u1ebfm v\u00e0\" \/>\n<meta property=\"og:url\" content=\"http:\/\/mau.hoabinhweb.com\/doanhnghiep3\/gioi-thieu\/\" \/>\n<meta property=\"og:site_name\" content=\"Ho\u00e0 B\u00ecnh Web\" \/>\n<meta property=\"article:modified_time\" content=\"2022-08-12T03:52:44+00:00\" \/>\n<meta name=\"twitter:card\" content=\"summary_large_image\" \/>\n<meta name=\"twitter:label1\" content=\"\u01af\u1edbc t\u00ednh th\u1eddi gian \u0111\u1ecdc\" \/>\n\t<meta name=\"twitter:data1\" content=\"1 ph\u00fat\" \/>\n<script type=\"application\/ld+json\" class=\"yoast-schema-graph\">{\"@context\":\"https:\/\/schema.org\",\"@graph\":[{\"@type\":\"WebPage\",\"@id\":\"http:\/\/mau.hoabinhweb.com\/doanhnghiep3\/gioi-thieu\/\",\"url\":\"http:\/\/mau.hoabinhweb.com\/doanhnghiep3\/gioi-thieu\/\",\"name\":\"Gi\u1edbi thi\u1ec7u - Ho\u00e0 B\u00ecnh Web\",\"isPartOf\":{\"@id\":\"http:\/\/mau.hoabinhweb.com\/doanhnghiep3\/#website\"},\"datePublished\":\"2022-08-11T06:22:24+00:00\",\"dateModified\":\"2022-08-12T03:52:44+00:00\",\"breadcrumb\":{\"@id\":\"http:\/\/mau.hoabinhweb.com\/doanhnghiep3\/gioi-thieu\/#breadcrumb\"},\"inLanguage\":\"vi\",\"potentialAction\":[{\"@type\":\"ReadAction\",\"target\":[\"http:\/\/mau.hoabinhweb.com\/doanhnghiep3\/gioi-thieu\/\"]}]},{\"@type\":\"BreadcrumbList\",\"@id\":\"http:\/\/mau.hoabinhweb.com\/doanhnghiep3\/gioi-thieu\/#breadcrumb\",\"itemListElement\":[{\"@type\":\"ListItem\",\"position\":1,\"name\":\"Trang ch\u1ee7\",\"item\":\"http:\/\/mau.hoabinhweb.com\/doanhnghiep3\/\"},{\"@type\":\"ListItem\",\"position\":2,\"name\":\"Gi\u1edbi thi\u1ec7u\"}]},{\"@type\":\"WebSite\",\"@id\":\"http:\/\/mau.hoabinhweb.com\/doanhnghiep3\/#website\",\"url\":\"http:\/\/mau.hoabinhweb.com\/doanhnghiep3\/\",\"name\":\"Ho\u00e0 B\u00ecnh Web\",\"description\":\"\",\"potentialAction\":[{\"@type\":\"SearchAction\",\"target\":{\"@type\":\"EntryPoint\",\"urlTemplate\":\"http:\/\/mau.hoabinhweb.com\/doanhnghiep3\/?s={search_term_string}\"},\"query-input\":\"required name=search_term_string\"}],\"inLanguage\":\"vi\"}]}<\/script>\n<!-- \/ Yoast SEO plugin. -->","yoast_head_json":{"title":"Gi\u1edbi thi\u1ec7u - Ho\u00e0 B\u00ecnh Web","robots":{"index":"noindex","follow":"follow","max-snippet":"max-snippet:-1","max-image-preview":"max-image-preview:large","max-video-preview":"max-video-preview:-1"},"og_locale":"vi_VN","og_type":"article","og_title":"Gi\u1edbi thi\u1ec7u - Ho\u00e0 B\u00ecnh Web","og_description":"C\u00f4ng Ty TNHH D\u1ecbch V\u1ee5 C\u00f4ng Ngh\u1ec7 V\u00e0 Truy\u1ec1n Th\u00f4ng Ho\u00e0 B\u00ecnh nh\u1eadn th\u1ee9c r\u1eb1ng: \u0111\u1ea1o \u0111\u1ee9c kinh doanh th\u1eadt s\u1ef1 l\u00e0 y\u1ebfu t\u1ed1 c\u1ed1t l\u00f5i \u1ea3nh h\u01b0\u1edfng \u0111\u1ebfn s\u1ef1 s\u1ed1ng c\u00f2n v\u00e0 \u0111\u01b0\u1ee3c s\u1eed d\u1ee5ng l\u00e0m ti\u00eau chu\u1ea9n \u0111\u1ec3 x\u00e1c \u0111\u1ecbnh gi\u00e1 tr\u1ecb. Tr\u00ean ti\u00eau ch\u00ed n\u00e0y, Ho\u00e0 B\u00ecnh Web lu\u00f4n t\u00ecm ki\u1ebfm v\u00e0","og_url":"http:\/\/mau.hoabinhweb.com\/doanhnghiep3\/gioi-thieu\/","og_site_name":"Ho\u00e0 B\u00ecnh Web","article_modified_time":"2022-08-12T03:52:44+00:00","twitter_card":"summary_large_image","twitter_misc":{"\u01af\u1edbc t\u00ednh th\u1eddi gian \u0111\u1ecdc":"1 ph\u00fat"},"schema":{"@context":"https:\/\/schema.org","@graph":[{"@type":"WebPage","@id":"http:\/\/mau.hoabinhweb.com\/doanhnghiep3\/gioi-thieu\/","url":"http:\/\/mau.hoabinhweb.com\/doanhnghiep3\/gioi-thieu\/","name":"Gi\u1edbi thi\u1ec7u - Ho\u00e0 B\u00ecnh Web","isPartOf":{"@id":"http:\/\/mau.hoabinhweb.com\/doanhnghiep3\/#website"},"datePublished":"2022-08-11T06:22:24+00:00","dateModified":"2022-08-12T03:52:44+00:00","breadcrumb":{"@id":"http:\/\/mau.hoabinhweb.com\/doanhnghiep3\/gioi-thieu\/#breadcrumb"},"inLanguage":"vi","potentialAction":[{"@type":"ReadAction","target":["http:\/\/mau.hoabinhweb.com\/doanhnghiep3\/gioi-thieu\/"]}]},{"@type":"BreadcrumbList","@id":"http:\/\/mau.hoabinhweb.com\/doanhnghiep3\/gioi-thieu\/#breadcrumb","itemListElement":[{"@type":"ListItem","position":1,"name":"Trang ch\u1ee7","item":"http:\/\/mau.hoabinhweb.com\/doanhnghiep3\/"},{"@type":"ListItem","position":2,"name":"Gi\u1edbi thi\u1ec7u"}]},{"@type":"WebSite","@id":"http:\/\/mau.hoabinhweb.com\/doanhnghiep3\/#website","url":"http:\/\/mau.hoabinhweb.com\/doanhnghiep3\/","name":"Ho\u00e0 B\u00ecnh Web","description":"","potentialAction":[{"@type":"SearchAction","target":{"@type":"EntryPoint","urlTemplate":"http:\/\/mau.hoabinhweb.com\/doanhnghiep3\/?s={search_term_string}"},"query-input":"required name=search_term_string"}],"inLanguage":"vi"}]}},"_links":{"self":[{"href":"http:\/\/mau.hoabinhweb.com\/doanhnghiep3\/wp-json\/wp\/v2\/pages\/45","targetHints":{"allow":["GET"]}}],"collection":[{"href":"http:\/\/mau.hoabinhweb.com\/doanhnghiep3\/wp-json\/wp\/v2\/pages"}],"about":[{"href":"http:\/\/mau.hoabinhweb.com\/doanhnghiep3\/wp-json\/wp\/v2\/types\/page"}],"author":[{"embeddable":true,"href":"http:\/\/mau.hoabinhweb.com\/doanhnghiep3\/wp-json\/wp\/v2\/users\/1"}],"replies":[{"embeddable":true,"href":"http:\/\/mau.hoabinhweb.com\/doanhnghiep3\/wp-json\/wp\/v2\/comments?post=45"}],"version-history":[{"count":2,"href":"http:\/\/mau.hoabinhweb.com\/doanhnghiep3\/wp-json\/wp\/v2\/pages\/45\/revisions"}],"predecessor-version":[{"id":84,"href":"http:\/\/mau.hoabinhweb.com\/doanhnghiep3\/wp-json\/wp\/v2\/pages\/45\/revisions\/84"}],"wp:attachment":[{"href":"http:\/\/mau.hoabinhweb.com\/doanhnghiep3\/wp-json\/wp\/v2\/media?parent=45"}],"curies":[{"name":"wp","href":"https:\/\/api.w.org\/{rel}","templated":true}]}}