{"id":315,"date":"2022-08-05T15:08:45","date_gmt":"2022-08-05T08:08:45","guid":{"rendered":"http:\/\/mau.hoabinhweb.com\/doanhnghiep2\/?page_id=315"},"modified":"2022-08-05T15:08:45","modified_gmt":"2022-08-05T08:08:45","slug":"tam-nhin-su-menh","status":"publish","type":"page","link":"http:\/\/mau.hoabinhweb.com\/doanhnghiep2\/tam-nhin-su-menh\/","title":{"rendered":"T\u1ea7m nh\u00ecn &#8211; S\u1ee9 m\u1ec7nh"},"content":{"rendered":"<p>V\u1edbi mong mu\u1ed1n \u0111em \u0111\u1ebfn cho th\u1ecb tr\u01b0\u1eddng nh\u1eefng s\u1ea3n ph\u1ea9m &#8211; d\u1ecbch v\u1ee5 theo ti\u00eau chu\u1ea9n qu\u1ed1c t\u1ebf v\u00e0 nh\u1eefng tr\u1ea3i nghi\u1ec7m ho\u00e0n to\u00e0n m\u1edbi v\u1ec1 phong c\u00e1ch s\u1ed1ng hi\u1ec7n \u0111\u1ea1i, \u1edf b\u1ea5t c\u1ee9 l\u0129nh v\u1ef1c, B\u00ecnh Minh Health Care c\u0169ng ch\u1ee9ng t\u1ecf vai tr\u00f2 ti\u00ean phong, d\u1eabn d\u1eaft s\u1ef1 thay \u0111\u1ed5i xu h\u01b0\u1edbng ti\u00eau d\u00f9ng. Ch\u00fang t\u00f4i \u0111\u00e3 l\u00e0m n\u00ean nh\u1eefng \u0111i\u1ec1u k\u1ef3 di\u1ec7u \u0111\u1ec3 t\u00f4n vinh th\u01b0\u01a1ng hi\u1ec7u Vi\u1ec7t v\u00e0 t\u1ef1 h\u00e0o l\u00e0 m\u1ed9t trong nh\u1eefng T\u1eadp \u0111o\u00e0n kinh t\u1ebf t\u01b0 nh\u00e2n h\u00e0ng \u0111\u1ea7u Vi\u1ec7t Nam.<\/p>\n<h2>D\u1ecbch v\u1ee5 ch\u0103m s\u00f3c s\u1ee9c kho\u1ebb cho ng\u01b0\u1eddi cao tu\u1ed5i<\/h2>\n<p>Ch\u00fang ta ai c\u0169ng mu\u1ed1n c\u00f3 th\u1ec3 \u1edf b\u00ean c\u1ea1nh, c\u00f3 th\u1ec3 t\u1ef1 tay ch\u0103m s\u00f3c t\u1eebng mi\u1ebfng \u0103n, gi\u1ea5c ng\u1ee7 cho \u00f4ng b\u00e0, cha m\u1eb9 m\u1ed9t c\u00e1ch th\u01b0\u1eddng xuy\u00ean. Nh\u01b0ng cu\u1ed9c s\u1ed1ng b\u1eadn r\u1ed9n c\u1ee7a th\u1eddi \u0111\u1ea1i c\u00f4ng nghi\u1ec7p khi\u1ebfn cho nhi\u1ec1u ng\u01b0\u1eddi kh\u00f4ng th\u1ec3 n\u00e0o ho\u00e0n th\u00e0nh t\u1ed1t \u0111\u01b0\u1ee3c vi\u1ec7c ch\u0103m s\u00f3c cho ng\u01b0\u1eddi th\u00e2n trong kho\u1ea3ng th\u1eddi gian h\u1ea1n h\u1eb9p&#8230;<\/p>\n<h2>D\u1ecbch v\u1ee5 nh\u00e0 h\u00e0ng, kh\u00e1ch s\u1ea1n<\/h2>\n<p>L\u00e0 Kh\u00e1ch s\u1ea1n b\u1ed1n sao h\u00e0ng \u0111\u1ea7u Bu\u00f4n Ma Thu\u1ed9t, S\u00e0i G\u00f2n \u2013 Ban M\u00ea v\u1edbi c\u00e1c trang thi\u1ebft b\u1ecb hi\u1ec7n \u0111\u1ea1i, d\u1ecbch v\u1ee5 chuy\u00ean nghi\u1ec7p, nh\u00e2n vi\u00ean nhi\u1ec7t t\u00ecnh c\u00f9ng v\u1edbi l\u1ed1i thi\u1ebft k\u1ebf tinh t\u1ebf l\u00e0m v\u1ea5n v\u01b0\u01a1ng bi\u1ebft bao du kh\u00e1ch. \u0110\u1eb7c bi\u1ec7t, t\u1ecda l\u1ea1c t\u1ea1i v\u1ecb tr\u00ed tuy\u1ec7t \u0111\u1eb9p ngay c\u1ee7a trung t\u00e2m th\u00e0nh ph\u1ed1,&#8230;<\/p>\n","protected":false},"excerpt":{"rendered":"<p>V\u1edbi mong mu\u1ed1n \u0111em \u0111\u1ebfn cho th\u1ecb tr\u01b0\u1eddng nh\u1eefng s\u1ea3n ph\u1ea9m &#8211; d\u1ecbch v\u1ee5 theo ti\u00eau chu\u1ea9n qu\u1ed1c t\u1ebf v\u00e0 nh\u1eefng tr\u1ea3i nghi\u1ec7m ho\u00e0n to\u00e0n m\u1edbi v\u1ec1 phong c\u00e1ch s\u1ed1ng hi\u1ec7n \u0111\u1ea1i, \u1edf b\u1ea5t c\u1ee9 l\u0129nh v\u1ef1c, B\u00ecnh Minh Health Care c\u0169ng ch\u1ee9ng t\u1ecf vai tr\u00f2 ti\u00ean phong, d\u1eabn d\u1eaft s\u1ef1 thay \u0111\u1ed5i xu h\u01b0\u1edbng<\/p>\n","protected":false},"author":1,"featured_media":0,"parent":0,"menu_order":0,"comment_status":"closed","ping_status":"closed","template":"","meta":{"footnotes":""},"class_list":["post-315","page","type-page","status-publish","hentry"],"yoast_head":"<!-- This site is optimized with the Yoast SEO plugin v18.6 - https:\/\/yoast.com\/wordpress\/plugins\/seo\/ -->\n<title>T\u1ea7m nh\u00ecn - S\u1ee9 m\u1ec7nh - B\u00ecnh Minh Health Care<\/title>\n<meta name=\"robots\" content=\"noindex, follow, max-snippet:-1, max-image-preview:large, max-video-preview:-1\" \/>\n<meta property=\"og:locale\" content=\"vi_VN\" \/>\n<meta property=\"og:type\" content=\"article\" \/>\n<meta property=\"og:title\" content=\"T\u1ea7m nh\u00ecn - S\u1ee9 m\u1ec7nh - B\u00ecnh Minh Health Care\" \/>\n<meta property=\"og:description\" content=\"V\u1edbi mong mu\u1ed1n \u0111em \u0111\u1ebfn cho th\u1ecb tr\u01b0\u1eddng nh\u1eefng s\u1ea3n ph\u1ea9m &#8211; d\u1ecbch v\u1ee5 theo ti\u00eau chu\u1ea9n qu\u1ed1c t\u1ebf v\u00e0 nh\u1eefng tr\u1ea3i nghi\u1ec7m ho\u00e0n to\u00e0n m\u1edbi v\u1ec1 phong c\u00e1ch s\u1ed1ng hi\u1ec7n \u0111\u1ea1i, \u1edf b\u1ea5t c\u1ee9 l\u0129nh v\u1ef1c, B\u00ecnh Minh Health Care c\u0169ng ch\u1ee9ng t\u1ecf vai tr\u00f2 ti\u00ean phong, d\u1eabn d\u1eaft s\u1ef1 thay \u0111\u1ed5i xu h\u01b0\u1edbng\" \/>\n<meta property=\"og:url\" content=\"http:\/\/mau.hoabinhweb.com\/doanhnghiep2\/tam-nhin-su-menh\/\" \/>\n<meta property=\"og:site_name\" content=\"B\u00ecnh Minh Health Care\" \/>\n<meta name=\"twitter:card\" content=\"summary_large_image\" \/>\n<meta name=\"twitter:label1\" content=\"\u01af\u1edbc t\u00ednh th\u1eddi gian \u0111\u1ecdc\" \/>\n\t<meta name=\"twitter:data1\" content=\"2 ph\u00fat\" \/>\n<script type=\"application\/ld+json\" class=\"yoast-schema-graph\">{\"@context\":\"https:\/\/schema.org\",\"@graph\":[{\"@type\":\"WebSite\",\"@id\":\"http:\/\/mau.hoabinhweb.com\/doanhnghiep2\/#website\",\"url\":\"http:\/\/mau.hoabinhweb.com\/doanhnghiep2\/\",\"name\":\"B\u00ecnh Minh Health Care\",\"description\":\"\",\"potentialAction\":[{\"@type\":\"SearchAction\",\"target\":{\"@type\":\"EntryPoint\",\"urlTemplate\":\"http:\/\/mau.hoabinhweb.com\/doanhnghiep2\/?s={search_term_string}\"},\"query-input\":\"required name=search_term_string\"}],\"inLanguage\":\"vi\"},{\"@type\":\"WebPage\",\"@id\":\"http:\/\/mau.hoabinhweb.com\/doanhnghiep2\/tam-nhin-su-menh\/#webpage\",\"url\":\"http:\/\/mau.hoabinhweb.com\/doanhnghiep2\/tam-nhin-su-menh\/\",\"name\":\"T\u1ea7m nh\u00ecn - S\u1ee9 m\u1ec7nh - B\u00ecnh Minh Health Care\",\"isPartOf\":{\"@id\":\"http:\/\/mau.hoabinhweb.com\/doanhnghiep2\/#website\"},\"datePublished\":\"2022-08-05T08:08:45+00:00\",\"dateModified\":\"2022-08-05T08:08:45+00:00\",\"breadcrumb\":{\"@id\":\"http:\/\/mau.hoabinhweb.com\/doanhnghiep2\/tam-nhin-su-menh\/#breadcrumb\"},\"inLanguage\":\"vi\",\"potentialAction\":[{\"@type\":\"ReadAction\",\"target\":[\"http:\/\/mau.hoabinhweb.com\/doanhnghiep2\/tam-nhin-su-menh\/\"]}]},{\"@type\":\"BreadcrumbList\",\"@id\":\"http:\/\/mau.hoabinhweb.com\/doanhnghiep2\/tam-nhin-su-menh\/#breadcrumb\",\"itemListElement\":[{\"@type\":\"ListItem\",\"position\":1,\"name\":\"Trang ch\u1ee7\",\"item\":\"http:\/\/mau.hoabinhweb.com\/doanhnghiep2\/\"},{\"@type\":\"ListItem\",\"position\":2,\"name\":\"T\u1ea7m nh\u00ecn &#8211; S\u1ee9 m\u1ec7nh\"}]}]}<\/script>\n<!-- \/ Yoast SEO plugin. -->","yoast_head_json":{"title":"T\u1ea7m nh\u00ecn - S\u1ee9 m\u1ec7nh - B\u00ecnh Minh Health Care","robots":{"index":"noindex","follow":"follow","max-snippet":"max-snippet:-1","max-image-preview":"max-image-preview:large","max-video-preview":"max-video-preview:-1"},"og_locale":"vi_VN","og_type":"article","og_title":"T\u1ea7m nh\u00ecn - S\u1ee9 m\u1ec7nh - B\u00ecnh Minh Health Care","og_description":"V\u1edbi mong mu\u1ed1n \u0111em \u0111\u1ebfn cho th\u1ecb tr\u01b0\u1eddng nh\u1eefng s\u1ea3n ph\u1ea9m &#8211; d\u1ecbch v\u1ee5 theo ti\u00eau chu\u1ea9n qu\u1ed1c t\u1ebf v\u00e0 nh\u1eefng tr\u1ea3i nghi\u1ec7m ho\u00e0n to\u00e0n m\u1edbi v\u1ec1 phong c\u00e1ch s\u1ed1ng hi\u1ec7n \u0111\u1ea1i, \u1edf b\u1ea5t c\u1ee9 l\u0129nh v\u1ef1c, B\u00ecnh Minh Health Care c\u0169ng ch\u1ee9ng t\u1ecf vai tr\u00f2 ti\u00ean phong, d\u1eabn d\u1eaft s\u1ef1 thay \u0111\u1ed5i xu h\u01b0\u1edbng","og_url":"http:\/\/mau.hoabinhweb.com\/doanhnghiep2\/tam-nhin-su-menh\/","og_site_name":"B\u00ecnh Minh Health Care","twitter_card":"summary_large_image","twitter_misc":{"\u01af\u1edbc t\u00ednh th\u1eddi gian \u0111\u1ecdc":"2 ph\u00fat"},"schema":{"@context":"https:\/\/schema.org","@graph":[{"@type":"WebSite","@id":"http:\/\/mau.hoabinhweb.com\/doanhnghiep2\/#website","url":"http:\/\/mau.hoabinhweb.com\/doanhnghiep2\/","name":"B\u00ecnh Minh Health Care","description":"","potentialAction":[{"@type":"SearchAction","target":{"@type":"EntryPoint","urlTemplate":"http:\/\/mau.hoabinhweb.com\/doanhnghiep2\/?s={search_term_string}"},"query-input":"required name=search_term_string"}],"inLanguage":"vi"},{"@type":"WebPage","@id":"http:\/\/mau.hoabinhweb.com\/doanhnghiep2\/tam-nhin-su-menh\/#webpage","url":"http:\/\/mau.hoabinhweb.com\/doanhnghiep2\/tam-nhin-su-menh\/","name":"T\u1ea7m nh\u00ecn - S\u1ee9 m\u1ec7nh - B\u00ecnh Minh Health Care","isPartOf":{"@id":"http:\/\/mau.hoabinhweb.com\/doanhnghiep2\/#website"},"datePublished":"2022-08-05T08:08:45+00:00","dateModified":"2022-08-05T08:08:45+00:00","breadcrumb":{"@id":"http:\/\/mau.hoabinhweb.com\/doanhnghiep2\/tam-nhin-su-menh\/#breadcrumb"},"inLanguage":"vi","potentialAction":[{"@type":"ReadAction","target":["http:\/\/mau.hoabinhweb.com\/doanhnghiep2\/tam-nhin-su-menh\/"]}]},{"@type":"BreadcrumbList","@id":"http:\/\/mau.hoabinhweb.com\/doanhnghiep2\/tam-nhin-su-menh\/#breadcrumb","itemListElement":[{"@type":"ListItem","position":1,"name":"Trang ch\u1ee7","item":"http:\/\/mau.hoabinhweb.com\/doanhnghiep2\/"},{"@type":"ListItem","position":2,"name":"T\u1ea7m nh\u00ecn &#8211; S\u1ee9 m\u1ec7nh"}]}]}},"_links":{"self":[{"href":"http:\/\/mau.hoabinhweb.com\/doanhnghiep2\/wp-json\/wp\/v2\/pages\/315","targetHints":{"allow":["GET"]}}],"collection":[{"href":"http:\/\/mau.hoabinhweb.com\/doanhnghiep2\/wp-json\/wp\/v2\/pages"}],"about":[{"href":"http:\/\/mau.hoabinhweb.com\/doanhnghiep2\/wp-json\/wp\/v2\/types\/page"}],"author":[{"embeddable":true,"href":"http:\/\/mau.hoabinhweb.com\/doanhnghiep2\/wp-json\/wp\/v2\/users\/1"}],"replies":[{"embeddable":true,"href":"http:\/\/mau.hoabinhweb.com\/doanhnghiep2\/wp-json\/wp\/v2\/comments?post=315"}],"version-history":[{"count":1,"href":"http:\/\/mau.hoabinhweb.com\/doanhnghiep2\/wp-json\/wp\/v2\/pages\/315\/revisions"}],"predecessor-version":[{"id":317,"href":"http:\/\/mau.hoabinhweb.com\/doanhnghiep2\/wp-json\/wp\/v2\/pages\/315\/revisions\/317"}],"wp:attachment":[{"href":"http:\/\/mau.hoabinhweb.com\/doanhnghiep2\/wp-json\/wp\/v2\/media?parent=315"}],"curies":[{"name":"wp","href":"https:\/\/api.w.org\/{rel}","templated":true}]}}