{"id":300,"date":"2022-10-20T14:12:14","date_gmt":"2022-10-20T07:12:14","guid":{"rendered":"http:\/\/mau.hoabinhweb.com\/congnghe2\/?post_type=product&#038;p=300"},"modified":"2022-10-20T14:18:32","modified_gmt":"2022-10-20T07:18:32","slug":"sony-alpha-a7iv-a74-mirrorless-camera-skin","status":"publish","type":"product","link":"http:\/\/mau.hoabinhweb.com\/congnghe2\/san-pham\/sony-alpha-a7iv-a74-mirrorless-camera-skin\/","title":{"rendered":"Sony Alpha A7IV A74 Mirrorless Camera Skin"},"content":{"rendered":"<p><strong><span>Kh\u00f4ng bao g\u1ed3m m\u00e1y \u1ea3nh<\/span><\/strong><\/p>\n<p><span>Da Vinyl cao c\u1ea5p LIFEGUARD<\/span><\/p>\n<p><span>\u2022 C\u1eaft ch\u00ednh x\u00e1c theo k\u00edch th\u01b0\u1edbc m\u00e1y \u1ea3nh ch\u00ednh x\u00e1c<\/span><\/p>\n<p><span>\u2022 Ch\u1ea5t li\u1ec7u 3M cao c\u1ea5p<\/span><\/p>\n<p><span>\u2022 B\u1ea3o hi\u1ec3m To\u00e0n th\u00e2n<\/span><\/p>\n<p class=\"p1\"><strong><span style=\"color: #ff2a00;\"><span>\u0110\u01a1n \u0111\u1eb7t h\u00e0ng \u0111\u1eb7c bi\u1ec7t &#8211; C\u00e1c t\u00f9y ch\u1ecdn \u0111\u01b0\u1ee3c li\u1ec7t k\u00ea l\u00e0 \u0111\u01a1n \u0111\u1eb7t h\u00e0ng \u0111\u1eb7c bi\u1ec7t s\u1ebd c\u1ea7n th\u00eam 3-5 ng\u00e0y l\u00e0m vi\u1ec7c \u0111\u1ec3 s\u1ea3n xu\u1ea5t tr\u01b0\u1edbc khi n\u00f3 \u0111\u01b0\u1ee3c v\u1eadn chuy\u1ec3n.\u00a0Ch\u1ecdn v\u1eadn chuy\u1ec3n nhanh s\u1ebd kh\u00f4ng \u1ea3nh h\u01b0\u1edfng \u0111\u1ebfn s\u1ea3n xu\u1ea5t \/ th\u1eddi gian x\u1eed l\u00fd.<\/span><\/span><\/strong><\/p>\n<p class=\"p1\"><strong><img decoding=\"async\" src=\"https:\/\/cdn.shopify.com\/s\/files\/1\/0055\/2448\/8263\/files\/8001_f975fb31-2838-4b30-a802-d9b6f81d9b5a_1024x1024.jpg?v=1638220297\" alt=\"\" \/><\/strong><\/p>\n<p class=\"p1\"><strong><img decoding=\"async\" src=\"https:\/\/cdn.shopify.com\/s\/files\/1\/0055\/2448\/8263\/files\/8002_6f74a657-d850-49de-b139-684cbd0e35fc_1024x1024.jpg?v=1638220287\" alt=\"\" \/><\/strong><\/p>\n<p class=\"p1\"><strong><img decoding=\"async\" src=\"https:\/\/cdn.shopify.com\/s\/files\/1\/0055\/2448\/8263\/files\/8003_a74e1c05-3762-4ae5-a0ab-5d66e5975ce8_1024x1024.jpg?v=1638220277\" alt=\"\" \/><\/strong><\/p>\n","protected":false},"excerpt":{"rendered":"<ul>\n<li>Film PPF c\u00f3 \u0111\u1ed9 \u0111\u00e0n h\u1ed3i cao gi\u00fap ch\u1ed1ng s\u1ed1c \u0111\u01b0\u1ee3c \u1edf \u0111\u1ed9 cao t\u1eeb 0,8 ~ 1m<\/li>\n<li>Ch\u1ed1ng x\u01b0\u1edbc g\u1ea5p 10 l\u1ea7n so v\u1edbi c\u00e1c v\u1eadt li\u1ec7u th\u00f4ng th\u01b0\u1eddng, T\u1ef1 ph\u1ee5c h\u1ed3i khu g\u1eb7p nhi\u1ec7t<\/li>\n<li>B\u1ea3o h\u00e0nh bong tr\u00f3c 60 ng\u00e0y s\u1eed d\u1ee5ng<\/li>\n<li>Kh\u00f4ng c\u00f3 keo d\u01b0 l\u01b0\u1ee3ng, b\u00e1m b\u1ea9n quanh trong qu\u00e1 tr\u00ecnh s\u1eed d\u1ee5ng<\/li>\n<li>B\u1ea3o v\u1ec7 m\u00e1y tuy\u1ec7t \u0111\u1ed1i, b\u00f3c b\u1ecf d\u1ec5 d\u00e0ng kh\u00f4ng \u0111\u1ec3 l\u1ea1i keo, kh\u00f4ng \u1ea3nh h\u01b0\u1edfng t\u1edbi s\u01a1n m\u00e1y<\/li>\n<\/ul>\n","protected":false},"featured_media":307,"comment_status":"closed","ping_status":"closed","template":"","meta":[],"product_cat":[20],"product_tag":[],"class_list":["post-300","product","type-product","status-publish","has-post-thumbnail","hentry","product_cat-skin-may-anh"],"yoast_head":"<!-- This site is optimized with the Yoast SEO plugin v19.8 - https:\/\/yoast.com\/wordpress\/plugins\/seo\/ -->\n<title>Sony Alpha A7IV A74 Mirrorless Camera Skin - Kim Skin<\/title>\n<meta name=\"robots\" content=\"noindex, follow, max-snippet:-1, max-image-preview:large, max-video-preview:-1\" \/>\n<meta property=\"og:locale\" content=\"vi_VN\" \/>\n<meta property=\"og:type\" content=\"article\" \/>\n<meta property=\"og:title\" content=\"Sony Alpha A7IV A74 Mirrorless Camera Skin - Kim Skin\" \/>\n<meta property=\"og:description\" content=\"Film PPF c\u00f3 \u0111\u1ed9 \u0111\u00e0n h\u1ed3i cao gi\u00fap ch\u1ed1ng s\u1ed1c \u0111\u01b0\u1ee3c \u1edf \u0111\u1ed9 cao t\u1eeb 0,8 ~ 1m  Ch\u1ed1ng x\u01b0\u1edbc g\u1ea5p 10 l\u1ea7n so v\u1edbi c\u00e1c v\u1eadt li\u1ec7u th\u00f4ng th\u01b0\u1eddng, T\u1ef1 ph\u1ee5c h\u1ed3i khu g\u1eb7p nhi\u1ec7t  B\u1ea3o h\u00e0nh bong tr\u00f3c 60 ng\u00e0y s\u1eed d\u1ee5ng  Kh\u00f4ng c\u00f3 keo d\u01b0 l\u01b0\u1ee3ng, b\u00e1m b\u1ea9n quanh trong qu\u00e1 tr\u00ecnh s\u1eed d\u1ee5ng  B\u1ea3o v\u1ec7 m\u00e1y tuy\u1ec7t \u0111\u1ed1i, b\u00f3c b\u1ecf d\u1ec5 d\u00e0ng kh\u00f4ng \u0111\u1ec3 l\u1ea1i keo, kh\u00f4ng \u1ea3nh h\u01b0\u1edfng t\u1edbi s\u01a1n m\u00e1y\" \/>\n<meta property=\"og:url\" content=\"http:\/\/mau.hoabinhweb.com\/congnghe2\/san-pham\/sony-alpha-a7iv-a74-mirrorless-camera-skin\/\" \/>\n<meta property=\"og:site_name\" content=\"Kim Skin\" \/>\n<meta property=\"article:modified_time\" content=\"2022-10-20T07:18:32+00:00\" \/>\n<meta property=\"og:image\" content=\"http:\/\/mau.hoabinhweb.com\/congnghe2\/wp-content\/uploads\/2022\/10\/sanpham9.jpg\" \/>\n\t<meta property=\"og:image:width\" content=\"600\" \/>\n\t<meta property=\"og:image:height\" content=\"600\" \/>\n\t<meta property=\"og:image:type\" content=\"image\/jpeg\" \/>\n<meta name=\"twitter:card\" content=\"summary_large_image\" \/>\n<meta name=\"twitter:label1\" content=\"\u01af\u1edbc t\u00ednh th\u1eddi gian \u0111\u1ecdc\" \/>\n\t<meta name=\"twitter:data1\" content=\"1 ph\u00fat\" \/>\n<script type=\"application\/ld+json\" class=\"yoast-schema-graph\">{\"@context\":\"https:\/\/schema.org\",\"@graph\":[{\"@type\":\"WebPage\",\"@id\":\"http:\/\/mau.hoabinhweb.com\/congnghe2\/san-pham\/sony-alpha-a7iv-a74-mirrorless-camera-skin\/\",\"url\":\"http:\/\/mau.hoabinhweb.com\/congnghe2\/san-pham\/sony-alpha-a7iv-a74-mirrorless-camera-skin\/\",\"name\":\"Sony Alpha A7IV A74 Mirrorless Camera Skin - Kim Skin\",\"isPartOf\":{\"@id\":\"https:\/\/mau.hoabinhweb.com\/congnghe2\/#website\"},\"datePublished\":\"2022-10-20T07:12:14+00:00\",\"dateModified\":\"2022-10-20T07:18:32+00:00\",\"breadcrumb\":{\"@id\":\"http:\/\/mau.hoabinhweb.com\/congnghe2\/san-pham\/sony-alpha-a7iv-a74-mirrorless-camera-skin\/#breadcrumb\"},\"inLanguage\":\"vi\",\"potentialAction\":[{\"@type\":\"ReadAction\",\"target\":[\"http:\/\/mau.hoabinhweb.com\/congnghe2\/san-pham\/sony-alpha-a7iv-a74-mirrorless-camera-skin\/\"]}]},{\"@type\":\"BreadcrumbList\",\"@id\":\"http:\/\/mau.hoabinhweb.com\/congnghe2\/san-pham\/sony-alpha-a7iv-a74-mirrorless-camera-skin\/#breadcrumb\",\"itemListElement\":[{\"@type\":\"ListItem\",\"position\":1,\"name\":\"Trang ch\u1ee7\",\"item\":\"https:\/\/mau.hoabinhweb.com\/congnghe2\/\"},{\"@type\":\"ListItem\",\"position\":2,\"name\":\"S\u1ea3n ph\u1ea9m\",\"item\":\"http:\/\/mau.hoabinhweb.com\/congnghe2\/san-pham\/\"},{\"@type\":\"ListItem\",\"position\":3,\"name\":\"Skin M\u00e1y \u1ea2nh\",\"item\":\"http:\/\/mau.hoabinhweb.com\/congnghe2\/danh-muc\/skin-may-anh\/\"},{\"@type\":\"ListItem\",\"position\":4,\"name\":\"Sony Alpha A7IV A74 Mirrorless Camera Skin\"}]},{\"@type\":\"WebSite\",\"@id\":\"https:\/\/mau.hoabinhweb.com\/congnghe2\/#website\",\"url\":\"https:\/\/mau.hoabinhweb.com\/congnghe2\/\",\"name\":\"Kim Skin\",\"description\":\"\",\"potentialAction\":[{\"@type\":\"SearchAction\",\"target\":{\"@type\":\"EntryPoint\",\"urlTemplate\":\"https:\/\/mau.hoabinhweb.com\/congnghe2\/?s={search_term_string}\"},\"query-input\":\"required name=search_term_string\"}],\"inLanguage\":\"vi\"}]}<\/script>\n<!-- \/ Yoast SEO plugin. -->","yoast_head_json":{"title":"Sony Alpha A7IV A74 Mirrorless Camera Skin - Kim Skin","robots":{"index":"noindex","follow":"follow","max-snippet":"max-snippet:-1","max-image-preview":"max-image-preview:large","max-video-preview":"max-video-preview:-1"},"og_locale":"vi_VN","og_type":"article","og_title":"Sony Alpha A7IV A74 Mirrorless Camera Skin - Kim Skin","og_description":"Film PPF c\u00f3 \u0111\u1ed9 \u0111\u00e0n h\u1ed3i cao gi\u00fap ch\u1ed1ng s\u1ed1c \u0111\u01b0\u1ee3c \u1edf \u0111\u1ed9 cao t\u1eeb 0,8 ~ 1m  Ch\u1ed1ng x\u01b0\u1edbc g\u1ea5p 10 l\u1ea7n so v\u1edbi c\u00e1c v\u1eadt li\u1ec7u th\u00f4ng th\u01b0\u1eddng, T\u1ef1 ph\u1ee5c h\u1ed3i khu g\u1eb7p nhi\u1ec7t  B\u1ea3o h\u00e0nh bong tr\u00f3c 60 ng\u00e0y s\u1eed d\u1ee5ng  Kh\u00f4ng c\u00f3 keo d\u01b0 l\u01b0\u1ee3ng, b\u00e1m b\u1ea9n quanh trong qu\u00e1 tr\u00ecnh s\u1eed d\u1ee5ng  B\u1ea3o v\u1ec7 m\u00e1y tuy\u1ec7t \u0111\u1ed1i, b\u00f3c b\u1ecf d\u1ec5 d\u00e0ng kh\u00f4ng \u0111\u1ec3 l\u1ea1i keo, kh\u00f4ng \u1ea3nh h\u01b0\u1edfng t\u1edbi s\u01a1n m\u00e1y","og_url":"http:\/\/mau.hoabinhweb.com\/congnghe2\/san-pham\/sony-alpha-a7iv-a74-mirrorless-camera-skin\/","og_site_name":"Kim Skin","article_modified_time":"2022-10-20T07:18:32+00:00","og_image":[{"width":600,"height":600,"url":"http:\/\/mau.hoabinhweb.com\/congnghe2\/wp-content\/uploads\/2022\/10\/sanpham9.jpg","type":"image\/jpeg"}],"twitter_card":"summary_large_image","twitter_misc":{"\u01af\u1edbc t\u00ednh th\u1eddi gian \u0111\u1ecdc":"1 ph\u00fat"},"schema":{"@context":"https:\/\/schema.org","@graph":[{"@type":"WebPage","@id":"http:\/\/mau.hoabinhweb.com\/congnghe2\/san-pham\/sony-alpha-a7iv-a74-mirrorless-camera-skin\/","url":"http:\/\/mau.hoabinhweb.com\/congnghe2\/san-pham\/sony-alpha-a7iv-a74-mirrorless-camera-skin\/","name":"Sony Alpha A7IV A74 Mirrorless Camera Skin - Kim Skin","isPartOf":{"@id":"https:\/\/mau.hoabinhweb.com\/congnghe2\/#website"},"datePublished":"2022-10-20T07:12:14+00:00","dateModified":"2022-10-20T07:18:32+00:00","breadcrumb":{"@id":"http:\/\/mau.hoabinhweb.com\/congnghe2\/san-pham\/sony-alpha-a7iv-a74-mirrorless-camera-skin\/#breadcrumb"},"inLanguage":"vi","potentialAction":[{"@type":"ReadAction","target":["http:\/\/mau.hoabinhweb.com\/congnghe2\/san-pham\/sony-alpha-a7iv-a74-mirrorless-camera-skin\/"]}]},{"@type":"BreadcrumbList","@id":"http:\/\/mau.hoabinhweb.com\/congnghe2\/san-pham\/sony-alpha-a7iv-a74-mirrorless-camera-skin\/#breadcrumb","itemListElement":[{"@type":"ListItem","position":1,"name":"Trang ch\u1ee7","item":"https:\/\/mau.hoabinhweb.com\/congnghe2\/"},{"@type":"ListItem","position":2,"name":"S\u1ea3n ph\u1ea9m","item":"http:\/\/mau.hoabinhweb.com\/congnghe2\/san-pham\/"},{"@type":"ListItem","position":3,"name":"Skin M\u00e1y \u1ea2nh","item":"http:\/\/mau.hoabinhweb.com\/congnghe2\/danh-muc\/skin-may-anh\/"},{"@type":"ListItem","position":4,"name":"Sony Alpha A7IV A74 Mirrorless Camera Skin"}]},{"@type":"WebSite","@id":"https:\/\/mau.hoabinhweb.com\/congnghe2\/#website","url":"https:\/\/mau.hoabinhweb.com\/congnghe2\/","name":"Kim Skin","description":"","potentialAction":[{"@type":"SearchAction","target":{"@type":"EntryPoint","urlTemplate":"https:\/\/mau.hoabinhweb.com\/congnghe2\/?s={search_term_string}"},"query-input":"required name=search_term_string"}],"inLanguage":"vi"}]}},"_links":{"self":[{"href":"http:\/\/mau.hoabinhweb.com\/congnghe2\/wp-json\/wp\/v2\/product\/300","targetHints":{"allow":["GET"]}}],"collection":[{"href":"http:\/\/mau.hoabinhweb.com\/congnghe2\/wp-json\/wp\/v2\/product"}],"about":[{"href":"http:\/\/mau.hoabinhweb.com\/congnghe2\/wp-json\/wp\/v2\/types\/product"}],"replies":[{"embeddable":true,"href":"http:\/\/mau.hoabinhweb.com\/congnghe2\/wp-json\/wp\/v2\/comments?post=300"}],"wp:featuredmedia":[{"embeddable":true,"href":"http:\/\/mau.hoabinhweb.com\/congnghe2\/wp-json\/wp\/v2\/media\/307"}],"wp:attachment":[{"href":"http:\/\/mau.hoabinhweb.com\/congnghe2\/wp-json\/wp\/v2\/media?parent=300"}],"wp:term":[{"taxonomy":"product_cat","embeddable":true,"href":"http:\/\/mau.hoabinhweb.com\/congnghe2\/wp-json\/wp\/v2\/product_cat?post=300"},{"taxonomy":"product_tag","embeddable":true,"href":"http:\/\/mau.hoabinhweb.com\/congnghe2\/wp-json\/wp\/v2\/product_tag?post=300"}],"curies":[{"name":"wp","href":"https:\/\/api.w.org\/{rel}","templated":true}]}}