{"id":138,"date":"2022-10-19T15:05:07","date_gmt":"2022-10-19T08:05:07","guid":{"rendered":"https:\/\/mau.hoabinhweb.com\/congnghe2\/?post_type=product&#038;p=138"},"modified":"2022-10-20T14:11:40","modified_gmt":"2022-10-20T07:11:40","slug":"dan-film-ppf-samsung-galaxy-fold-3","status":"publish","type":"product","link":"http:\/\/mau.hoabinhweb.com\/congnghe2\/san-pham\/dan-film-ppf-samsung-galaxy-fold-3\/","title":{"rendered":"D\u00e1n Film PPF Samsung Galaxy Fold 3"},"content":{"rendered":"<p><em>i\u1ebfp n\u1ed1i s\u1ef1 th\u00e0nh c\u00f4ng t\u1eeb Galaxy Fold 2\u00a0th\u00ec Samsung\u00a0\u0111\u00e3 ra m\u1eaft\u00a0<strong>Galaxy Fold 3\u00a0<\/strong>v\u1edbi nh\u1eefng t\u00ednh n\u0103ng v\u00e0 m\u00e0u s\u1eafc m\u1edbi. \u0110i theo xu h\u01b0\u1edbng m\u1edbi c\u1ee7a samsung, Kim Skin cho ra m\u1eaft d\u00f2ng s\u1ea3n ph\u1ea9m Film PPF b\u1ea3o v\u1ec7 full l\u01b0ng vi\u1ec1n cho Galaxy Fold th\u1ebf h\u1ec7 m\u1edbi gi\u00fap cho ng\u01b0\u1eddi d\u00f9ng b\u1ea3o v\u1ec7 \u0111i\u1ec7n tho\u1ea1i\u00a0k\u00edn l\u01b0ng vi\u1ec1n m\u00e0 v\u1eabn gi\u1eef nguy\u00ean thi\u1ebft k\u1ebf c\u1ee7a m\u00e1y.<\/em><\/p>\n<h2><strong>TH\u00d4NG TIN S\u1ea2N PH\u1ea8M D\u00c1N FILM PPF GALAXY FOLD 3<\/strong><\/h2>\n<h2><strong>Ch\u1ea5t Li\u1ec7u T\u1ea1o N\u00ean Mi\u1ebfng D\u00e1n PPF Samsung Galaxy Fold 3<\/strong><\/h2>\n<p>Film PPF c\u00f3 t\u00ednh d\u1ebbo cao, ch\u1ecbu l\u1ef1c t\u1ed1t, ho\u00e0n to\u00e0n trong su\u1ed1t v\u00e0 c\u00f3 \u0111\u1ed9 b\u00f3ng nh\u1ea5t \u0111\u1ecbnh t\u00f9y theo mong mu\u1ed1n c\u1ee7a ng\u01b0\u1eddi s\u1eed d\u1ee5ng. C\u00f3 th\u1ec3 th\u1ea5y, ch\u1ea5t c\u1ee7a film PPF kh\u00e1 d\u00e0y. Theo nh\u00e0 s\u1ea3n xu\u1ea5t, lo\u1ea1i phim n\u00e0y \u0111\u01b0\u1ee3c c\u1ea5u t\u1ea1o b\u1edfi 4 l\u1edbp:<\/p>\n<p><strong>L\u1edbp l\u00f3t<\/strong>: gi\u00fap b\u1ea3o v\u1ec7 b\u1ec1 m\u1eb7t Film trong qu\u00e1 tr\u00ecnh v\u1eadn chuy\u1ec3n v\u00e0 b\u1ea3o qu\u1ea3n.<\/p>\n<p><strong>L\u1edbp n\u1ec1n<\/strong>: Linh ho\u1ea1t, si\u00eau c\u1ee9ng v\u00e0 b\u1ec1n, ch\u1ecbu \u0111\u01b0\u1ee3c nhi\u1ec7t \u0111\u1ed9 v\u00e0 ch\u1ed1ng tia UV. Ho\u1ea1t \u0111\u1ed9ng nh\u01b0 m\u1ed9t l\u00e1 ch\u1eafn ch\u1ed1ng x\u01b0\u1edbc, h\u1ea5p th\u1ee5 v\u00e0 ph\u00e2n t\u00e1n l\u1ef1c va \u0111\u1eadp.<\/p>\n<p><strong>L\u1edbp keo<\/strong>: L\u1edbp keo Acrylic si\u00eau m\u1ea1nh c\u00f3 kh\u1ea3 n\u0103ng k\u1ebft h\u1ee3p v\u1edbi dung d\u1ecbch \u0111\u1eb7c bi\u1ec7t \u0111\u1ec3 k\u1ebft d\u00ednh v\u1edbi b\u1ec1 m\u1eb7t s\u01a1n xe.<\/p>\n<p><strong>M\u00e0ng ph\u1ee7<\/strong>: C\u00f3 nhi\u1ec7m v\u1ee5 b\u1ea3o v\u1ec7 l\u1edbp keo k\u1ebft d\u00ednh \u0111\u1eb7c bi\u1ec7t v\u00e0 s\u1ebd \u0111\u01b0\u1ee3c th\u00e1o b\u1ecf trong qu\u00e1 tr\u00ecnh d\u00e1n Film.<\/p>\n","protected":false},"excerpt":{"rendered":"<ul>\n<li>D\u00e1n Film PPF Galaxy Fold 3 l\u00e0 l\u1edbp film trong su\u1ed1t d\u00e1n k\u00edn to\u00e0n b\u1ed9 ph\u1ea7n l\u01b0ng v\u00e0 vi\u1ec1n m\u00e1y<\/li>\n<li>Film PPF c\u00f3 \u0111\u1ed9 \u0111\u00e0n h\u1ed3i cao gi\u00fap ch\u1ed1ng s\u1ed1c \u0111\u01b0\u1ee3c \u1edf \u0111\u1ed9 cao t\u1eeb 0,8 ~ 1m<\/li>\n<li>Ch\u1ed1ng x\u01b0\u1edbc g\u1ea5p 10 l\u1ea7n so v\u1edbi c\u00e1c v\u1eadt li\u1ec7u th\u00f4ng th\u01b0\u1eddng, T\u1ef1 ph\u1ee5c h\u1ed3i khu g\u1eb7p nhi\u1ec7t<\/li>\n<li>B\u1ea3o h\u00e0nh bong tr\u00f3c 60 ng\u00e0y s\u1eed d\u1ee5ng<\/li>\n<li>B\u1ea3o v\u1ec7 m\u00e1y tuy\u1ec7t \u0111\u1ed1i, b\u00f3c b\u1ecf d\u1ec5 d\u00e0ng kh\u00f4ng \u0111\u1ec3 l\u1ea1i keo, kh\u00f4ng \u1ea3nh h\u01b0\u1edfng t\u1edbi s\u01a1n m\u00e1y<\/li>\n<\/ul>\n","protected":false},"featured_media":169,"comment_status":"closed","ping_status":"closed","template":"","meta":[],"product_cat":[27,23,29,26,24,28,25,21,19,18,22],"product_tag":[],"class_list":["post-138","product","type-product","status-publish","has-post-thumbnail","hentry","product_cat-skin-apple-watch","product_cat-skin-cap-sac-phu-kien","product_cat-skin-chuot-may-tinh","product_cat-skin-drone-flycam","product_cat-skin-dien-thoai","product_cat-skin-headphone","product_cat-skin-laptop-macbook","product_cat-skin-may-choi-game","product_cat-skin-may-tinh-bang","product_cat-skin-tai-nghe","product_cat-skin-vape-pod"],"yoast_head":"<!-- This site is optimized with the Yoast SEO plugin v19.8 - https:\/\/yoast.com\/wordpress\/plugins\/seo\/ -->\n<title>D\u00e1n Film PPF Samsung Galaxy Fold 3 - Kim Skin<\/title>\n<meta name=\"robots\" content=\"noindex, follow, max-snippet:-1, max-image-preview:large, max-video-preview:-1\" \/>\n<meta property=\"og:locale\" content=\"vi_VN\" \/>\n<meta property=\"og:type\" content=\"article\" \/>\n<meta property=\"og:title\" content=\"D\u00e1n Film PPF Samsung Galaxy Fold 3 - Kim Skin\" \/>\n<meta property=\"og:description\" content=\"D\u00e1n Film PPF Galaxy Fold 3 l\u00e0 l\u1edbp film trong su\u1ed1t d\u00e1n k\u00edn to\u00e0n b\u1ed9 ph\u1ea7n l\u01b0ng v\u00e0 vi\u1ec1n m\u00e1y  Film PPF c\u00f3 \u0111\u1ed9 \u0111\u00e0n h\u1ed3i cao gi\u00fap ch\u1ed1ng s\u1ed1c \u0111\u01b0\u1ee3c \u1edf \u0111\u1ed9 cao t\u1eeb 0,8 ~ 1m  Ch\u1ed1ng x\u01b0\u1edbc g\u1ea5p 10 l\u1ea7n so v\u1edbi c\u00e1c v\u1eadt li\u1ec7u th\u00f4ng th\u01b0\u1eddng, T\u1ef1 ph\u1ee5c h\u1ed3i khu g\u1eb7p nhi\u1ec7t  B\u1ea3o h\u00e0nh bong tr\u00f3c 60 ng\u00e0y s\u1eed d\u1ee5ng  B\u1ea3o v\u1ec7 m\u00e1y tuy\u1ec7t \u0111\u1ed1i, b\u00f3c b\u1ecf d\u1ec5 d\u00e0ng kh\u00f4ng \u0111\u1ec3 l\u1ea1i keo, kh\u00f4ng \u1ea3nh h\u01b0\u1edfng t\u1edbi s\u01a1n m\u00e1y\" \/>\n<meta property=\"og:url\" content=\"http:\/\/mau.hoabinhweb.com\/congnghe2\/san-pham\/dan-film-ppf-samsung-galaxy-fold-3\/\" \/>\n<meta property=\"og:site_name\" content=\"Kim Skin\" \/>\n<meta property=\"article:modified_time\" content=\"2022-10-20T07:11:40+00:00\" \/>\n<meta property=\"og:image\" content=\"http:\/\/mau.hoabinhweb.com\/congnghe2\/wp-content\/uploads\/2022\/10\/sanpham5.jpg\" \/>\n\t<meta property=\"og:image:width\" content=\"800\" \/>\n\t<meta property=\"og:image:height\" content=\"800\" \/>\n\t<meta property=\"og:image:type\" content=\"image\/jpeg\" \/>\n<meta name=\"twitter:card\" content=\"summary_large_image\" \/>\n<meta name=\"twitter:label1\" content=\"\u01af\u1edbc t\u00ednh th\u1eddi gian \u0111\u1ecdc\" \/>\n\t<meta name=\"twitter:data1\" content=\"2 ph\u00fat\" \/>\n<script type=\"application\/ld+json\" class=\"yoast-schema-graph\">{\"@context\":\"https:\/\/schema.org\",\"@graph\":[{\"@type\":\"WebPage\",\"@id\":\"http:\/\/mau.hoabinhweb.com\/congnghe2\/san-pham\/dan-film-ppf-samsung-galaxy-fold-3\/\",\"url\":\"http:\/\/mau.hoabinhweb.com\/congnghe2\/san-pham\/dan-film-ppf-samsung-galaxy-fold-3\/\",\"name\":\"D\u00e1n Film PPF Samsung Galaxy Fold 3 - Kim Skin\",\"isPartOf\":{\"@id\":\"https:\/\/mau.hoabinhweb.com\/congnghe2\/#website\"},\"datePublished\":\"2022-10-19T08:05:07+00:00\",\"dateModified\":\"2022-10-20T07:11:40+00:00\",\"breadcrumb\":{\"@id\":\"http:\/\/mau.hoabinhweb.com\/congnghe2\/san-pham\/dan-film-ppf-samsung-galaxy-fold-3\/#breadcrumb\"},\"inLanguage\":\"vi\",\"potentialAction\":[{\"@type\":\"ReadAction\",\"target\":[\"http:\/\/mau.hoabinhweb.com\/congnghe2\/san-pham\/dan-film-ppf-samsung-galaxy-fold-3\/\"]}]},{\"@type\":\"BreadcrumbList\",\"@id\":\"http:\/\/mau.hoabinhweb.com\/congnghe2\/san-pham\/dan-film-ppf-samsung-galaxy-fold-3\/#breadcrumb\",\"itemListElement\":[{\"@type\":\"ListItem\",\"position\":1,\"name\":\"Trang ch\u1ee7\",\"item\":\"https:\/\/mau.hoabinhweb.com\/congnghe2\/\"},{\"@type\":\"ListItem\",\"position\":2,\"name\":\"S\u1ea3n ph\u1ea9m\",\"item\":\"http:\/\/mau.hoabinhweb.com\/congnghe2\/san-pham\/\"},{\"@type\":\"ListItem\",\"position\":3,\"name\":\"Skin \u0110i\u1ec7n Tho\u1ea1i\",\"item\":\"http:\/\/mau.hoabinhweb.com\/congnghe2\/danh-muc\/skin-dien-thoai\/\"},{\"@type\":\"ListItem\",\"position\":4,\"name\":\"D\u00e1n Film PPF Samsung Galaxy Fold 3\"}]},{\"@type\":\"WebSite\",\"@id\":\"https:\/\/mau.hoabinhweb.com\/congnghe2\/#website\",\"url\":\"https:\/\/mau.hoabinhweb.com\/congnghe2\/\",\"name\":\"Kim Skin\",\"description\":\"\",\"potentialAction\":[{\"@type\":\"SearchAction\",\"target\":{\"@type\":\"EntryPoint\",\"urlTemplate\":\"https:\/\/mau.hoabinhweb.com\/congnghe2\/?s={search_term_string}\"},\"query-input\":\"required name=search_term_string\"}],\"inLanguage\":\"vi\"}]}<\/script>\n<!-- \/ Yoast SEO plugin. -->","yoast_head_json":{"title":"D\u00e1n Film PPF Samsung Galaxy Fold 3 - Kim Skin","robots":{"index":"noindex","follow":"follow","max-snippet":"max-snippet:-1","max-image-preview":"max-image-preview:large","max-video-preview":"max-video-preview:-1"},"og_locale":"vi_VN","og_type":"article","og_title":"D\u00e1n Film PPF Samsung Galaxy Fold 3 - Kim Skin","og_description":"D\u00e1n Film PPF Galaxy Fold 3 l\u00e0 l\u1edbp film trong su\u1ed1t d\u00e1n k\u00edn to\u00e0n b\u1ed9 ph\u1ea7n l\u01b0ng v\u00e0 vi\u1ec1n m\u00e1y  Film PPF c\u00f3 \u0111\u1ed9 \u0111\u00e0n h\u1ed3i cao gi\u00fap ch\u1ed1ng s\u1ed1c \u0111\u01b0\u1ee3c \u1edf \u0111\u1ed9 cao t\u1eeb 0,8 ~ 1m  Ch\u1ed1ng x\u01b0\u1edbc g\u1ea5p 10 l\u1ea7n so v\u1edbi c\u00e1c v\u1eadt li\u1ec7u th\u00f4ng th\u01b0\u1eddng, T\u1ef1 ph\u1ee5c h\u1ed3i khu g\u1eb7p nhi\u1ec7t  B\u1ea3o h\u00e0nh bong tr\u00f3c 60 ng\u00e0y s\u1eed d\u1ee5ng  B\u1ea3o v\u1ec7 m\u00e1y tuy\u1ec7t \u0111\u1ed1i, b\u00f3c b\u1ecf d\u1ec5 d\u00e0ng kh\u00f4ng \u0111\u1ec3 l\u1ea1i keo, kh\u00f4ng \u1ea3nh h\u01b0\u1edfng t\u1edbi s\u01a1n m\u00e1y","og_url":"http:\/\/mau.hoabinhweb.com\/congnghe2\/san-pham\/dan-film-ppf-samsung-galaxy-fold-3\/","og_site_name":"Kim Skin","article_modified_time":"2022-10-20T07:11:40+00:00","og_image":[{"width":800,"height":800,"url":"http:\/\/mau.hoabinhweb.com\/congnghe2\/wp-content\/uploads\/2022\/10\/sanpham5.jpg","type":"image\/jpeg"}],"twitter_card":"summary_large_image","twitter_misc":{"\u01af\u1edbc t\u00ednh th\u1eddi gian \u0111\u1ecdc":"2 ph\u00fat"},"schema":{"@context":"https:\/\/schema.org","@graph":[{"@type":"WebPage","@id":"http:\/\/mau.hoabinhweb.com\/congnghe2\/san-pham\/dan-film-ppf-samsung-galaxy-fold-3\/","url":"http:\/\/mau.hoabinhweb.com\/congnghe2\/san-pham\/dan-film-ppf-samsung-galaxy-fold-3\/","name":"D\u00e1n Film PPF Samsung Galaxy Fold 3 - Kim Skin","isPartOf":{"@id":"https:\/\/mau.hoabinhweb.com\/congnghe2\/#website"},"datePublished":"2022-10-19T08:05:07+00:00","dateModified":"2022-10-20T07:11:40+00:00","breadcrumb":{"@id":"http:\/\/mau.hoabinhweb.com\/congnghe2\/san-pham\/dan-film-ppf-samsung-galaxy-fold-3\/#breadcrumb"},"inLanguage":"vi","potentialAction":[{"@type":"ReadAction","target":["http:\/\/mau.hoabinhweb.com\/congnghe2\/san-pham\/dan-film-ppf-samsung-galaxy-fold-3\/"]}]},{"@type":"BreadcrumbList","@id":"http:\/\/mau.hoabinhweb.com\/congnghe2\/san-pham\/dan-film-ppf-samsung-galaxy-fold-3\/#breadcrumb","itemListElement":[{"@type":"ListItem","position":1,"name":"Trang ch\u1ee7","item":"https:\/\/mau.hoabinhweb.com\/congnghe2\/"},{"@type":"ListItem","position":2,"name":"S\u1ea3n ph\u1ea9m","item":"http:\/\/mau.hoabinhweb.com\/congnghe2\/san-pham\/"},{"@type":"ListItem","position":3,"name":"Skin \u0110i\u1ec7n Tho\u1ea1i","item":"http:\/\/mau.hoabinhweb.com\/congnghe2\/danh-muc\/skin-dien-thoai\/"},{"@type":"ListItem","position":4,"name":"D\u00e1n Film PPF Samsung Galaxy Fold 3"}]},{"@type":"WebSite","@id":"https:\/\/mau.hoabinhweb.com\/congnghe2\/#website","url":"https:\/\/mau.hoabinhweb.com\/congnghe2\/","name":"Kim Skin","description":"","potentialAction":[{"@type":"SearchAction","target":{"@type":"EntryPoint","urlTemplate":"https:\/\/mau.hoabinhweb.com\/congnghe2\/?s={search_term_string}"},"query-input":"required name=search_term_string"}],"inLanguage":"vi"}]}},"_links":{"self":[{"href":"http:\/\/mau.hoabinhweb.com\/congnghe2\/wp-json\/wp\/v2\/product\/138","targetHints":{"allow":["GET"]}}],"collection":[{"href":"http:\/\/mau.hoabinhweb.com\/congnghe2\/wp-json\/wp\/v2\/product"}],"about":[{"href":"http:\/\/mau.hoabinhweb.com\/congnghe2\/wp-json\/wp\/v2\/types\/product"}],"replies":[{"embeddable":true,"href":"http:\/\/mau.hoabinhweb.com\/congnghe2\/wp-json\/wp\/v2\/comments?post=138"}],"wp:featuredmedia":[{"embeddable":true,"href":"http:\/\/mau.hoabinhweb.com\/congnghe2\/wp-json\/wp\/v2\/media\/169"}],"wp:attachment":[{"href":"http:\/\/mau.hoabinhweb.com\/congnghe2\/wp-json\/wp\/v2\/media?parent=138"}],"wp:term":[{"taxonomy":"product_cat","embeddable":true,"href":"http:\/\/mau.hoabinhweb.com\/congnghe2\/wp-json\/wp\/v2\/product_cat?post=138"},{"taxonomy":"product_tag","embeddable":true,"href":"http:\/\/mau.hoabinhweb.com\/congnghe2\/wp-json\/wp\/v2\/product_tag?post=138"}],"curies":[{"name":"wp","href":"https:\/\/api.w.org\/{rel}","templated":true}]}}