{"id":114,"date":"2022-10-19T15:01:06","date_gmt":"2022-10-19T08:01:06","guid":{"rendered":"https:\/\/mau.hoabinhweb.com\/congnghe2\/?page_id=114"},"modified":"2022-10-19T16:54:05","modified_gmt":"2022-10-19T09:54:05","slug":"lien-he","status":"publish","type":"page","link":"http:\/\/mau.hoabinhweb.com\/congnghe2\/lien-he\/","title":{"rendered":"Li\u00ean h\u1ec7"},"content":{"rendered":"<h2>Kim Skin<\/h2>\n<ul>\n<li>\u0110\u1ecba ch\u1ec9 : S\u1ed1 323, \u0111\u01b0\u1eddng L\u00ea Th\u00e1nh T\u00f4ng, P. T\u00e2n Th\u1ecbnh, TP. Ho\u00e0 B\u00ecnh, Ho\u00e0 B\u00ecnh<\/li>\n<li>Hotline: 0963 879 664<\/li>\n<li>vtctuan199x@gmail.com<\/li>\n<\/ul>\n<h2>B\u1ea3n \u0111\u1ed3 ch\u1ec9 d\u1eabn<\/h2>\n<p><iframe loading=\"lazy\" style=\"border: 0;\" src=\"https:\/\/www.google.com\/maps\/embed?pb=!1m18!1m12!1m3!1d3722.6223679429604!2d105.77109879999999!3d21.0877397!2m3!1f0!2f0!3f0!3m2!1i1024!2i768!4f13.1!3m3!1m2!1s0x313455044831cb6b%3A0x578e751f3c354fea!2zSMOyYSBCw6xuaCBXZWIgRGVzaWdu!5e0!3m2!1svi!2s!4v1666173387689!5m2!1svi!2s\" width=\"100%\" height=\"450\" allowfullscreen=\"allowfullscreen\"><span data-mce-type=\"bookmark\" style=\"display: inline-block; width: 0px; overflow: hidden; line-height: 0;\" class=\"mce_SELRES_start\">\ufeff<\/span><\/iframe><\/p>\n","protected":false},"excerpt":{"rendered":"<p>Kim Skin \u0110\u1ecba ch\u1ec9 : S\u1ed1 323, \u0111\u01b0\u1eddng L\u00ea Th\u00e1nh T\u00f4ng, P. T\u00e2n Th\u1ecbnh, TP. Ho\u00e0 B\u00ecnh, Ho\u00e0 B\u00ecnh Hotline: 0963 879 664 vtctuan199x@gmail.com B\u1ea3n \u0111\u1ed3 ch\u1ec9 d\u1eabn \ufeff<\/p>\n","protected":false},"author":1,"featured_media":0,"parent":0,"menu_order":0,"comment_status":"closed","ping_status":"closed","template":"","meta":{"footnotes":""},"class_list":["post-114","page","type-page","status-publish","hentry"],"yoast_head":"<!-- This site is optimized with the Yoast SEO plugin v19.8 - https:\/\/yoast.com\/wordpress\/plugins\/seo\/ -->\n<title>Li\u00ean h\u1ec7 - Kim Skin<\/title>\n<meta name=\"robots\" content=\"noindex, follow, max-snippet:-1, max-image-preview:large, max-video-preview:-1\" \/>\n<meta property=\"og:locale\" content=\"vi_VN\" \/>\n<meta property=\"og:type\" content=\"article\" \/>\n<meta property=\"og:title\" content=\"Li\u00ean h\u1ec7 - Kim Skin\" \/>\n<meta property=\"og:description\" content=\"Kim Skin \u0110\u1ecba ch\u1ec9 : S\u1ed1 323, \u0111\u01b0\u1eddng L\u00ea Th\u00e1nh T\u00f4ng, P. T\u00e2n Th\u1ecbnh, TP. Ho\u00e0 B\u00ecnh, Ho\u00e0 B\u00ecnh Hotline: 0963 879 664 vtctuan199x@gmail.com B\u1ea3n \u0111\u1ed3 ch\u1ec9 d\u1eabn \ufeff\" \/>\n<meta property=\"og:url\" content=\"http:\/\/mau.hoabinhweb.com\/congnghe2\/lien-he\/\" \/>\n<meta property=\"og:site_name\" content=\"Kim Skin\" \/>\n<meta property=\"article:modified_time\" content=\"2022-10-19T09:54:05+00:00\" \/>\n<meta name=\"twitter:card\" content=\"summary_large_image\" \/>\n<meta name=\"twitter:label1\" content=\"\u01af\u1edbc t\u00ednh th\u1eddi gian \u0111\u1ecdc\" \/>\n\t<meta name=\"twitter:data1\" content=\"1 ph\u00fat\" \/>\n<script type=\"application\/ld+json\" class=\"yoast-schema-graph\">{\"@context\":\"https:\/\/schema.org\",\"@graph\":[{\"@type\":\"WebPage\",\"@id\":\"http:\/\/mau.hoabinhweb.com\/congnghe2\/lien-he\/\",\"url\":\"http:\/\/mau.hoabinhweb.com\/congnghe2\/lien-he\/\",\"name\":\"Li\u00ean h\u1ec7 - Kim Skin\",\"isPartOf\":{\"@id\":\"https:\/\/mau.hoabinhweb.com\/congnghe2\/#website\"},\"datePublished\":\"2022-10-19T08:01:06+00:00\",\"dateModified\":\"2022-10-19T09:54:05+00:00\",\"breadcrumb\":{\"@id\":\"http:\/\/mau.hoabinhweb.com\/congnghe2\/lien-he\/#breadcrumb\"},\"inLanguage\":\"vi\",\"potentialAction\":[{\"@type\":\"ReadAction\",\"target\":[\"http:\/\/mau.hoabinhweb.com\/congnghe2\/lien-he\/\"]}]},{\"@type\":\"BreadcrumbList\",\"@id\":\"http:\/\/mau.hoabinhweb.com\/congnghe2\/lien-he\/#breadcrumb\",\"itemListElement\":[{\"@type\":\"ListItem\",\"position\":1,\"name\":\"Trang ch\u1ee7\",\"item\":\"https:\/\/mau.hoabinhweb.com\/congnghe2\/\"},{\"@type\":\"ListItem\",\"position\":2,\"name\":\"Li\u00ean h\u1ec7\"}]},{\"@type\":\"WebSite\",\"@id\":\"https:\/\/mau.hoabinhweb.com\/congnghe2\/#website\",\"url\":\"https:\/\/mau.hoabinhweb.com\/congnghe2\/\",\"name\":\"Kim Skin\",\"description\":\"\",\"potentialAction\":[{\"@type\":\"SearchAction\",\"target\":{\"@type\":\"EntryPoint\",\"urlTemplate\":\"https:\/\/mau.hoabinhweb.com\/congnghe2\/?s={search_term_string}\"},\"query-input\":\"required name=search_term_string\"}],\"inLanguage\":\"vi\"}]}<\/script>\n<!-- \/ Yoast SEO plugin. -->","yoast_head_json":{"title":"Li\u00ean h\u1ec7 - Kim Skin","robots":{"index":"noindex","follow":"follow","max-snippet":"max-snippet:-1","max-image-preview":"max-image-preview:large","max-video-preview":"max-video-preview:-1"},"og_locale":"vi_VN","og_type":"article","og_title":"Li\u00ean h\u1ec7 - Kim Skin","og_description":"Kim Skin \u0110\u1ecba ch\u1ec9 : S\u1ed1 323, \u0111\u01b0\u1eddng L\u00ea Th\u00e1nh T\u00f4ng, P. T\u00e2n Th\u1ecbnh, TP. Ho\u00e0 B\u00ecnh, Ho\u00e0 B\u00ecnh Hotline: 0963 879 664 vtctuan199x@gmail.com B\u1ea3n \u0111\u1ed3 ch\u1ec9 d\u1eabn \ufeff","og_url":"http:\/\/mau.hoabinhweb.com\/congnghe2\/lien-he\/","og_site_name":"Kim Skin","article_modified_time":"2022-10-19T09:54:05+00:00","twitter_card":"summary_large_image","twitter_misc":{"\u01af\u1edbc t\u00ednh th\u1eddi gian \u0111\u1ecdc":"1 ph\u00fat"},"schema":{"@context":"https:\/\/schema.org","@graph":[{"@type":"WebPage","@id":"http:\/\/mau.hoabinhweb.com\/congnghe2\/lien-he\/","url":"http:\/\/mau.hoabinhweb.com\/congnghe2\/lien-he\/","name":"Li\u00ean h\u1ec7 - Kim Skin","isPartOf":{"@id":"https:\/\/mau.hoabinhweb.com\/congnghe2\/#website"},"datePublished":"2022-10-19T08:01:06+00:00","dateModified":"2022-10-19T09:54:05+00:00","breadcrumb":{"@id":"http:\/\/mau.hoabinhweb.com\/congnghe2\/lien-he\/#breadcrumb"},"inLanguage":"vi","potentialAction":[{"@type":"ReadAction","target":["http:\/\/mau.hoabinhweb.com\/congnghe2\/lien-he\/"]}]},{"@type":"BreadcrumbList","@id":"http:\/\/mau.hoabinhweb.com\/congnghe2\/lien-he\/#breadcrumb","itemListElement":[{"@type":"ListItem","position":1,"name":"Trang ch\u1ee7","item":"https:\/\/mau.hoabinhweb.com\/congnghe2\/"},{"@type":"ListItem","position":2,"name":"Li\u00ean h\u1ec7"}]},{"@type":"WebSite","@id":"https:\/\/mau.hoabinhweb.com\/congnghe2\/#website","url":"https:\/\/mau.hoabinhweb.com\/congnghe2\/","name":"Kim Skin","description":"","potentialAction":[{"@type":"SearchAction","target":{"@type":"EntryPoint","urlTemplate":"https:\/\/mau.hoabinhweb.com\/congnghe2\/?s={search_term_string}"},"query-input":"required name=search_term_string"}],"inLanguage":"vi"}]}},"_links":{"self":[{"href":"http:\/\/mau.hoabinhweb.com\/congnghe2\/wp-json\/wp\/v2\/pages\/114","targetHints":{"allow":["GET"]}}],"collection":[{"href":"http:\/\/mau.hoabinhweb.com\/congnghe2\/wp-json\/wp\/v2\/pages"}],"about":[{"href":"http:\/\/mau.hoabinhweb.com\/congnghe2\/wp-json\/wp\/v2\/types\/page"}],"author":[{"embeddable":true,"href":"http:\/\/mau.hoabinhweb.com\/congnghe2\/wp-json\/wp\/v2\/users\/1"}],"replies":[{"embeddable":true,"href":"http:\/\/mau.hoabinhweb.com\/congnghe2\/wp-json\/wp\/v2\/comments?post=114"}],"version-history":[{"count":2,"href":"http:\/\/mau.hoabinhweb.com\/congnghe2\/wp-json\/wp\/v2\/pages\/114\/revisions"}],"predecessor-version":[{"id":276,"href":"http:\/\/mau.hoabinhweb.com\/congnghe2\/wp-json\/wp\/v2\/pages\/114\/revisions\/276"}],"wp:attachment":[{"href":"http:\/\/mau.hoabinhweb.com\/congnghe2\/wp-json\/wp\/v2\/media?parent=114"}],"curies":[{"name":"wp","href":"https:\/\/api.w.org\/{rel}","templated":true}]}}