{"id":113,"date":"2020-08-21T07:40:02","date_gmt":"2020-08-21T00:40:02","guid":{"rendered":"http:\/\/mau.hoabinhweb.com\/congnghe1\/?post_type=product&#038;p=113"},"modified":"2021-07-06T14:47:08","modified_gmt":"2021-07-06T07:47:08","slug":"trucore-stellar-li-6-ric","status":"publish","type":"product","link":"http:\/\/mau.hoabinhweb.com\/congnghe1\/san-pham\/trucore-stellar-li-6-ric\/","title":{"rendered":"TruCore Stellar Li 6 RIC"},"content":{"rendered":"<div class=\"fusion-fullwidth fullwidth-box fusion-builder-row-1 fusion-flex-container nonhundred-percent-fullwidth non-hundred-percent-height-scrolling\">\n<div class=\"fusion-builder-row fusion-row fusion-flex-align-items-flex-start\">\n<div class=\"fusion-layout-column fusion_builder_column fusion-builder-column-0 fusion_builder_column_1_1 1_1 fusion-flex-column\">\n<div class=\"fusion-column-wrapper fusion-flex-justify-content-flex-start fusion-content-layout-column\">\n<div class=\"fusion-text fusion-text-1\">\n<h3 class=\"fusion-responsive-typography-calculated\" data-fontsize=\"16\" data-lineheight=\"24px\"><strong>S\u1ee9c m\u1ea1nh th\u00f4ng minh cho phong c\u00e1ch s\u1ed1ng 24\/7<\/strong><\/h3>\n<p><strong>Stellar Li\u2122<\/strong>\u00a0\u0111\u01b0\u1ee3c trang b\u1ecb pin \u0111i\u1ec7n lithium-ion s\u1eed d\u1ee5ng s\u1ea1c c\u1ea3m \u1ee9ng, v\u00ec v\u1eady vi\u1ec7c thay pin l\u00e0 l\u1ecbch s\u1eed. Kh\u00f4ng c\u00f3 \u0111\u1ecba ch\u1ec9 li\u00ean h\u1ec7 s\u1ea1c n\u00e0o \u0111\u1ec3 c\u0103n ch\u1ec9nh n\u00ean r\u1ea5t \u0111\u01a1n gi\u1ea3n v\u00e0 d\u1ec5 s\u1eed d\u1ee5ng. Ch\u1ec9 c\u1ea7n \u0111\u1eb7t Stellar Li v\u00e0o b\u1ed9 s\u1ea1c v\u00e0 sau b\u1ed1n gi\u1edd, n\u00f3 s\u1ebd \u0111\u01b0\u1ee3c s\u1ea1c v\u00e0 s\u1eb5n s\u00e0ng ho\u1ea1t \u0111\u1ed9ng.<\/p>\n<p>M\u00e1y tr\u1ee3 th\u00ednh t\u1ef1 \u0111\u1ed9ng b\u1eadt khi l\u1ea5y ra kh\u1ecfi b\u1ed9 s\u1ea1c. Tuy\u1ec7t v\u1eddi h\u01a1n n\u1eefa, ch\u00fang v\u1eabn \u0111\u01b0\u1ee3c s\u1ea1c trong 24 gi\u1edd, ngay c\u1ea3 khi b\u1ea1n \u0111ang s\u1eed d\u1ee5ng \u0111i\u1ec1u khi\u1ec3n t\u1eeb xa Smart Connect Bluetooth\u00ae.<\/p>\n<\/div>\n<\/div>\n<\/div>\n<\/div>\n<\/div>\n<div class=\"fusion-fullwidth fullwidth-box fusion-builder-row-2 fusion-flex-container nonhundred-percent-fullwidth non-hundred-percent-height-scrolling\">\n<div class=\"fusion-builder-row fusion-row fusion-flex-align-items-flex-start\">\n<div class=\"fusion-layout-column fusion_builder_column fusion-builder-column-1 fusion_builder_column_1_2 1_2 fusion-flex-column\">\n<div class=\"fusion-column-wrapper fusion-flex-justify-content-flex-start fusion-content-layout-column\">\n<div class=\"fusion-text fusion-text-2\">\n<h3 class=\"fusion-responsive-typography-calculated\" data-fontsize=\"16\" data-lineheight=\"24px\"><strong>T\u00ednh n\u0103ng RIC c\u1ee7a Stellar Li 6c<\/strong><\/h3>\n<p>Stellar Li d\u1ef1a tr\u00ean c\u00f4ng ngh\u1ec7 TruCore\u2122 \u0111\u00e3 \u0111\u01b0\u1ee3c ch\u1ee9ng minh c\u1ee7a Rexton, c\u00f3 ngh\u0129a l\u00e0 b\u1ea1n s\u1ebd t\u1eadn h\u01b0\u1edfng tr\u1ea3i nghi\u1ec7m nghe tho\u1ea3i m\u00e1i v\u00e0 t\u1ef1 nhi\u00ean h\u01a1n trong nhi\u1ec1u m\u00f4i tr\u01b0\u1eddng kh\u00e1c nhau. Ch\u00fang bao g\u1ed3m c\u00e1c nh\u00e0 h\u00e0ng \u1ed3n \u00e0o, kh\u00e1n ph\u00f2ng, trung t\u00e2m mua s\u1eafm v\u00e0 ngay c\u1ea3 khi nghe nh\u1ea1c.<\/p>\n<ul>\n<li>Pin Lithium-ion<\/li>\n<li>Cu\u1ed9n d\u00e2y t t\u00edch h\u1ee3p<\/li>\n<li>Che \u00f9 tai v\u00e0 m\u1ea5t t\u1eadp trung<\/li>\n<li>K\u1ebft n\u1ed1i kh\u00f4ng d\u00e2y, ph\u00e1t tr\u1ef1c tuy\u1ebfn \u00e2m thanh v\u00e0 ch\u1ee9c n\u0103ng t\u1eeb xa<\/li>\n<li>X\u1ebfp h\u1ea1ng IP68<\/li>\n<li>K\u1ebft n\u1ed1i th\u00f4ng minh<\/li>\n<li>\u1ee8ng d\u1ee5ng t\u1eeb xa th\u00f4ng minh t\u01b0\u01a1ng th\u00edch<\/li>\n<li>T\u01b0\u01a1ng th\u00edch v\u1edbi Bluetooth<\/li>\n<\/ul>\n<\/div>\n<\/div>\n<\/div>\n<div class=\"fusion-layout-column fusion_builder_column fusion-builder-column-2 fusion_builder_column_1_2 1_2 fusion-flex-column\">\n<div class=\"fusion-column-wrapper fusion-flex-justify-content-flex-start fusion-content-layout-column\">\n<div><span class=\" fusion-imageframe imageframe-none imageframe-2 hover-type-none\"><img loading=\"lazy\" class=\"img-responsive wp-image-2008\" title=\"TruCore_Stellar-Li_6C_RIC_silver_M_1600x1067\" src=\"https:\/\/hearlifevietnam.com\/wp-content\/uploads\/2020\/11\/TruCore_Stellar-Li_6C_RIC_silver_M_1600x1067-1.png\" sizes=\"(max-width: 1024px) 100vw, (max-width: 640px) 100vw, 600px\" srcset=\"https:\/\/hearlifevietnam.com\/wp-content\/uploads\/2020\/11\/TruCore_Stellar-Li_6C_RIC_silver_M_1600x1067-1-200x133.png 200w, https:\/\/hearlifevietnam.com\/wp-content\/uploads\/2020\/11\/TruCore_Stellar-Li_6C_RIC_silver_M_1600x1067-1-400x267.png 400w, https:\/\/hearlifevietnam.com\/wp-content\/uploads\/2020\/11\/TruCore_Stellar-Li_6C_RIC_silver_M_1600x1067-1-600x400.png 600w, https:\/\/hearlifevietnam.com\/wp-content\/uploads\/2020\/11\/TruCore_Stellar-Li_6C_RIC_silver_M_1600x1067-1.png 800w\" width=\"800\" height=\"533\" \/><\/span><\/div>\n<\/div>\n<\/div>\n<\/div>\n<\/div>\n<div class=\"fusion-fullwidth fullwidth-box fusion-builder-row-3 fusion-flex-container nonhundred-percent-fullwidth non-hundred-percent-height-scrolling\">\n<div class=\"fusion-builder-row fusion-row fusion-flex-align-items-flex-start\">\n<div class=\"fusion-layout-column fusion_builder_column fusion-builder-column-3 fusion_builder_column_1_2 1_2 fusion-flex-column\">\n<div class=\"fusion-column-wrapper fusion-flex-justify-content-flex-start fusion-content-layout-column\">\n<div class=\"fusion-text fusion-text-3\">\n<h3 class=\"fusion-responsive-typography-calculated\" data-fontsize=\"16\" data-lineheight=\"24px\"><strong>B\u1ed9 s\u1ea1c Li-ion th\u00f4ng minh<\/strong><\/h3>\n<p>M\u00e1y tr\u1ee3 th\u00ednh Stellar Li x\u1ee9ng \u0111\u00e1ng v\u1edbi t\u00ean g\u1ecdi c\u1ee7a n\u00f3 v\u1edbi t\u00ednh n\u0103ng s\u1ea1c th\u00f4ng minh, hi\u1ec7n \u0111\u1ea1i v\u00e0 pin \u0111i\u1ec7n lithium-ion gi\u00fap lo\u1ea1i b\u1ecf nhu c\u1ea7u thay pin. B\u1ed9 s\u1ea1c Li-ion th\u00f4ng minh c\u1ee7a Stellar kh\u00f4ng c\u00f3 ti\u1ebfp \u0111i\u1ec3m s\u1ea1c, gi\u00fap b\u1ea1n s\u1ea1c d\u1ec5 d\u00e0ng v\u00e0 thu\u1eadn ti\u1ec7n. Ch\u1ec9 sau b\u1ed1n gi\u1edd s\u1ea1c, thi\u1ebft b\u1ecb c\u00f3 th\u1ec3 ho\u1ea1t \u0111\u1ed9ng trong 24 gi\u1edd n\u1eefa.<\/p>\n<\/div>\n<\/div>\n<\/div>\n<\/div>\n<\/div>\n","protected":false},"excerpt":{"rendered":"<ul>\n<li>V\u1eadn chuy\u1ec3n tr\u00ean to\u00e0n qu\u1ed1c<\/li>\n<li>Cam k\u1ebft s\u1ea3n ph\u1ea9m \u0111\u00fang ch\u1ea5t l\u01b0\u1ee3ng mi\u00eau t\u1ea3 tr\u00ean website<\/li>\n<li>B\u1ea3o h\u00e0nh ch\u00ednh h\u00e3ng<\/li>\n<li>Ki\u1ec3m tra h\u00e0ng tr\u01b0\u1edbc khi thanh to\u00e1n<\/li>\n<li>Hotline: 035 609 3690<\/li>\n<\/ul>\n","protected":false},"featured_media":491,"template":"","meta":[],"product_cat":[43,38,39,40,41,26,30,44,42],"product_tag":[],"yoast_head":"<!-- This site is optimized with the Yoast SEO plugin v16.5 - https:\/\/yoast.com\/wordpress\/plugins\/seo\/ -->\n<title>TruCore Stellar Li 6 RIC - HearLIFE Vi\u1ec7t Nam<\/title>\n<meta name=\"robots\" content=\"noindex, follow, max-snippet:-1, max-image-preview:large, max-video-preview:-1\" \/>\n<meta property=\"og:locale\" content=\"vi_VN\" \/>\n<meta property=\"og:type\" content=\"article\" \/>\n<meta property=\"og:title\" content=\"TruCore Stellar Li 6 RIC - HearLIFE Vi\u1ec7t Nam\" \/>\n<meta property=\"og:description\" content=\"V\u1eadn chuy\u1ec3n tr\u00ean to\u00e0n qu\u1ed1c  Cam k\u1ebft s\u1ea3n ph\u1ea9m \u0111\u00fang ch\u1ea5t l\u01b0\u1ee3ng mi\u00eau t\u1ea3 tr\u00ean website  B\u1ea3o h\u00e0nh ch\u00ednh h\u00e3ng  Ki\u1ec3m tra h\u00e0ng tr\u01b0\u1edbc khi thanh to\u00e1n  Hotline: 035 609 3690\" \/>\n<meta property=\"og:url\" content=\"http:\/\/mau.hoabinhweb.com\/congnghe1\/san-pham\/trucore-stellar-li-6-ric\/\" \/>\n<meta property=\"og:site_name\" content=\"HearLIFE Vi\u1ec7t Nam\" \/>\n<meta property=\"article:modified_time\" content=\"2021-07-06T07:47:08+00:00\" \/>\n<meta property=\"og:image\" content=\"http:\/\/mau.hoabinhweb.com\/congnghe1\/wp-content\/uploads\/2020\/08\/sanpham-hearlife1.jpg\" \/>\n\t<meta property=\"og:image:width\" content=\"458\" \/>\n\t<meta property=\"og:image:height\" content=\"458\" \/>\n<meta name=\"twitter:card\" content=\"summary_large_image\" \/>\n<meta name=\"twitter:label1\" content=\"\u01af\u1edbc t\u00ednh th\u1eddi gian \u0111\u1ecdc\" \/>\n\t<meta name=\"twitter:data1\" content=\"2 ph\u00fat\" \/>\n<script type=\"application\/ld+json\" class=\"yoast-schema-graph\">{\"@context\":\"https:\/\/schema.org\",\"@graph\":[{\"@type\":\"WebSite\",\"@id\":\"http:\/\/mau.hoabinhweb.com\/congnghe1\/#website\",\"url\":\"http:\/\/mau.hoabinhweb.com\/congnghe1\/\",\"name\":\"HearLIFE Vi\\u1ec7t Nam\",\"description\":\"\",\"potentialAction\":[{\"@type\":\"SearchAction\",\"target\":\"http:\/\/mau.hoabinhweb.com\/congnghe1\/?s={search_term_string}\",\"query-input\":\"required name=search_term_string\"}],\"inLanguage\":\"vi\"},{\"@type\":\"ImageObject\",\"@id\":\"http:\/\/mau.hoabinhweb.com\/congnghe1\/san-pham\/trucore-stellar-li-6-ric\/#primaryimage\",\"inLanguage\":\"vi\",\"url\":\"http:\/\/mau.hoabinhweb.com\/congnghe1\/wp-content\/uploads\/2020\/08\/sanpham-hearlife1.jpg\",\"contentUrl\":\"http:\/\/mau.hoabinhweb.com\/congnghe1\/wp-content\/uploads\/2020\/08\/sanpham-hearlife1.jpg\",\"width\":458,\"height\":458,\"caption\":\"Sanpham Hearlife1\"},{\"@type\":\"WebPage\",\"@id\":\"http:\/\/mau.hoabinhweb.com\/congnghe1\/san-pham\/trucore-stellar-li-6-ric\/#webpage\",\"url\":\"http:\/\/mau.hoabinhweb.com\/congnghe1\/san-pham\/trucore-stellar-li-6-ric\/\",\"name\":\"TruCore Stellar Li 6 RIC - HearLIFE Vi\\u1ec7t Nam\",\"isPartOf\":{\"@id\":\"http:\/\/mau.hoabinhweb.com\/congnghe1\/#website\"},\"primaryImageOfPage\":{\"@id\":\"http:\/\/mau.hoabinhweb.com\/congnghe1\/san-pham\/trucore-stellar-li-6-ric\/#primaryimage\"},\"datePublished\":\"2020-08-21T00:40:02+00:00\",\"dateModified\":\"2021-07-06T07:47:08+00:00\",\"breadcrumb\":{\"@id\":\"http:\/\/mau.hoabinhweb.com\/congnghe1\/san-pham\/trucore-stellar-li-6-ric\/#breadcrumb\"},\"inLanguage\":\"vi\",\"potentialAction\":[{\"@type\":\"ReadAction\",\"target\":[\"http:\/\/mau.hoabinhweb.com\/congnghe1\/san-pham\/trucore-stellar-li-6-ric\/\"]}]},{\"@type\":\"BreadcrumbList\",\"@id\":\"http:\/\/mau.hoabinhweb.com\/congnghe1\/san-pham\/trucore-stellar-li-6-ric\/#breadcrumb\",\"itemListElement\":[{\"@type\":\"ListItem\",\"position\":1,\"name\":\"Trang ch\\u1ee7\",\"item\":\"http:\/\/mau.hoabinhweb.com\/congnghe1\/\"},{\"@type\":\"ListItem\",\"position\":2,\"name\":\"S\\u1ea3n ph\\u1ea9m\",\"item\":\"http:\/\/mau.hoabinhweb.com\/congnghe1\/san-pham\/\"},{\"@type\":\"ListItem\",\"position\":3,\"name\":\"M\\u00e1y tr\\u1ee3 th\\u00ednh\",\"item\":\"http:\/\/mau.hoabinhweb.com\/congnghe1\/danh-muc\/may-tro-thinh\/\"},{\"@type\":\"ListItem\",\"position\":4,\"name\":\"TruCore Stellar Li 6 RIC\"}]}]}<\/script>\n<!-- \/ Yoast SEO plugin. -->","_links":{"self":[{"href":"http:\/\/mau.hoabinhweb.com\/congnghe1\/wp-json\/wp\/v2\/product\/113"}],"collection":[{"href":"http:\/\/mau.hoabinhweb.com\/congnghe1\/wp-json\/wp\/v2\/product"}],"about":[{"href":"http:\/\/mau.hoabinhweb.com\/congnghe1\/wp-json\/wp\/v2\/types\/product"}],"wp:featuredmedia":[{"embeddable":true,"href":"http:\/\/mau.hoabinhweb.com\/congnghe1\/wp-json\/wp\/v2\/media\/491"}],"wp:attachment":[{"href":"http:\/\/mau.hoabinhweb.com\/congnghe1\/wp-json\/wp\/v2\/media?parent=113"}],"wp:term":[{"taxonomy":"product_cat","embeddable":true,"href":"http:\/\/mau.hoabinhweb.com\/congnghe1\/wp-json\/wp\/v2\/product_cat?post=113"},{"taxonomy":"product_tag","embeddable":true,"href":"http:\/\/mau.hoabinhweb.com\/congnghe1\/wp-json\/wp\/v2\/product_tag?post=113"}],"curies":[{"name":"wp","href":"https:\/\/api.w.org\/{rel}","templated":true}]}}