{"id":111,"date":"2020-08-21T07:40:01","date_gmt":"2020-08-21T00:40:01","guid":{"rendered":"http:\/\/mau.hoabinhweb.com\/congnghe1\/?post_type=product&#038;p=111"},"modified":"2021-07-06T14:47:00","modified_gmt":"2021-07-06T07:47:00","slug":"trucore-mosaic-6c-bte","status":"publish","type":"product","link":"http:\/\/mau.hoabinhweb.com\/congnghe1\/san-pham\/trucore-mosaic-6c-bte\/","title":{"rendered":"TruCore Mosaic 6c BTE"},"content":{"rendered":"<div class=\"fusion-fullwidth fullwidth-box fusion-builder-row-1 fusion-flex-container nonhundred-percent-fullwidth non-hundred-percent-height-scrolling\">\n<div class=\"fusion-builder-row fusion-row fusion-flex-align-items-flex-start\">\n<div class=\"fusion-layout-column fusion_builder_column fusion-builder-column-0 fusion_builder_column_1_1 1_1 fusion-flex-column\">\n<div class=\"fusion-column-wrapper fusion-flex-justify-content-flex-start fusion-content-layout-column\">\n<div class=\"fusion-text fusion-text-1\">\n<h3 class=\"fusion-responsive-typography-calculated\" data-fontsize=\"16\" data-lineheight=\"24px\"><strong>Mosaic S v\u00e0 Mosaic M 6c<\/strong><\/h3>\n<p>M\u00e1y tr\u1ee3 th\u00ednh Mosaic\u2122 t\u00edch h\u1ee3p c\u00f4ng ngh\u1ec7 TruCore\u2122. Nh\u1edd \u0111\u00f3, m\u00e1y cung c\u1ea5p s\u1ef1 k\u1ebft h\u1ee3p linh ho\u1ea1t gi\u1eefa c\u00e1c gi\u1ea3i ph\u00e1p khu\u1ebfch \u0111\u1ea1i cho m\u1ed9t lo\u1ea1t c\u00e1c tr\u01b0\u1eddng h\u1ee3p khi\u1ebfm th\u00ednh v\u1edbi nhi\u1ec1u t\u00ednh n\u0103ng c\u00f4ng ngh\u1ec7 hi\u1ec7n \u0111\u1ea1i. V\u1edbi Mosaic, b\u1ea1n c\u00f3 th\u1ec3 tin t\u01b0\u1edfng v\u00e0o tr\u1ea3i nghi\u1ec7m \u00e2m thanh t\u1ef1 nhi\u00ean v\u00e0 m\u1ee9c \u0111\u1ed9 tho\u1ea3i m\u00e1i khi \u0111eo.<\/p>\n<\/div>\n<\/div>\n<\/div>\n<\/div>\n<\/div>\n<div class=\"fusion-fullwidth fullwidth-box fusion-builder-row-2 fusion-flex-container nonhundred-percent-fullwidth non-hundred-percent-height-scrolling\">\n<div class=\"fusion-builder-row fusion-row fusion-flex-align-items-flex-start\">\n<div class=\"fusion-layout-column fusion_builder_column fusion-builder-column-1 fusion_builder_column_1_2 1_2 fusion-flex-column\">\n<div class=\"fusion-column-wrapper fusion-flex-justify-content-flex-start fusion-content-layout-column\">\n<div class=\"fusion-text fusion-text-2\">\n<h4 class=\"fusion-responsive-typography-calculated\" data-fontsize=\"18\" data-lineheight=\"27px\"><strong>C\u00e1c t\u00ednh n\u0103ng c\u1ee7a Mosaic S v\u00e0 Mosaic M 6c BTE<\/strong><\/h4>\n<p>\u0110\u01b0\u1ee3c trang b\u1ecb l\u1edbp v\u1ecf ch\u1eafc ch\u1eafn, tho\u1ea3i m\u00e1i, Mosaic S M 6c BTE c\u00f3 th\u1ec3 s\u1ea1c l\u1ea1i ph\u00f9 h\u1ee3p v\u1edbi h\u1ea7u h\u1ebft m\u1ecdi s\u1edf th\u00edch \u0111eo v\u00e0 nhu c\u1ea7u nghe.<\/p>\n<ul>\n<li>Mic \u0111\u1ecbnh h\u01b0\u1edbng t\u1ef1 \u0111\u1ed9ng<\/li>\n<li>S\u00e1u ch\u01b0\u01a1ng tr\u00ecnh<\/li>\n<li>Ki\u1ec3m l\u00e2m b\u1eb1ng gi\u1ecdng n\u00f3i<\/li>\n<li>B\u1ed9 gi\u1ea3m h\u1ed3i \u00e2m<\/li>\n<li>XPhone (\u0110i\u1ec7n tho\u1ea1i ch\u00e9o)<\/li>\n<li>Tr\u00ecnh t\u0103ng c\u01b0\u1eddng \u00e2m nh\u1ea1c<\/li>\n<li>Ch\u1ee9c n\u0103ng \u00f9 tai<\/li>\n<li>C\u1ea5u tr\u00fac b\u1ec1n b\u1ec9 \u0111\u01b0\u1ee3c x\u1ebfp h\u1ea1ng IP67 c\u1ee7a SecureTec<\/li>\n<li>T\u01b0\u01a1ng th\u00edch v\u1edbi Bluetooth\u00ae<\/li>\n<li>T\u01b0\u01a1ng th\u00edch v\u1edbi \u1ee9ng d\u1ee5ng Rexton<\/li>\n<\/ul>\n<\/div>\n<\/div>\n<\/div>\n<div class=\"fusion-layout-column fusion_builder_column fusion-builder-column-2 fusion_builder_column_1_2 1_2 fusion-flex-column\">\n<div class=\"fusion-column-wrapper fusion-flex-justify-content-flex-start fusion-content-layout-column\">\n<div><span class=\" fusion-imageframe imageframe-none imageframe-2 hover-type-none\"><img loading=\"lazy\" class=\"img-responsive wp-image-2014\" title=\"TruCore Mosaic S M 6C\" src=\"https:\/\/hearlifevietnam.com\/wp-content\/uploads\/2020\/11\/TruCore_Mosaic-S_M_6C_silver_1600x1067-1-600x400.png\" sizes=\"(max-width: 1024px) 100vw, (max-width: 640px) 100vw, 600px\" srcset=\"https:\/\/hearlifevietnam.com\/wp-content\/uploads\/2020\/11\/TruCore_Mosaic-S_M_6C_silver_1600x1067-1-200x133.png 200w, https:\/\/hearlifevietnam.com\/wp-content\/uploads\/2020\/11\/TruCore_Mosaic-S_M_6C_silver_1600x1067-1-400x267.png 400w, https:\/\/hearlifevietnam.com\/wp-content\/uploads\/2020\/11\/TruCore_Mosaic-S_M_6C_silver_1600x1067-1-600x400.png 600w, https:\/\/hearlifevietnam.com\/wp-content\/uploads\/2020\/11\/TruCore_Mosaic-S_M_6C_silver_1600x1067-1-800x534.png 800w, https:\/\/hearlifevietnam.com\/wp-content\/uploads\/2020\/11\/TruCore_Mosaic-S_M_6C_silver_1600x1067-1-1200x800.png 1200w, https:\/\/hearlifevietnam.com\/wp-content\/uploads\/2020\/11\/TruCore_Mosaic-S_M_6C_silver_1600x1067-1.png 1600w\" alt=\"TruCore Mosaic S M 6C\" width=\"600\" height=\"400\" \/><\/span><\/div>\n<\/div>\n<\/div>\n<\/div>\n<\/div>\n<div class=\"fusion-fullwidth fullwidth-box fusion-builder-row-3 fusion-flex-container nonhundred-percent-fullwidth non-hundred-percent-height-scrolling\">\n<div class=\"fusion-builder-row fusion-row fusion-flex-align-items-flex-start\">\n<div class=\"fusion-layout-column fusion_builder_column fusion-builder-column-3 fusion_builder_column_1_1 1_1 fusion-flex-column\">\n<div class=\"fusion-column-wrapper fusion-flex-justify-content-flex-start fusion-content-layout-column\">\n<div class=\"fusion-text fusion-text-3\">\n<h3 class=\"fusion-responsive-typography-calculated\" data-fontsize=\"16\" data-lineheight=\"24px\"><strong>Mosaic P v\u00e0 HP 6c BTE<\/strong><\/h3>\n<p>M\u00e1y tr\u1ee3 th\u00ednh Mosaic c\u00f3 v\u1ecf b\u1ec1n, tho\u1ea3i m\u00e1i cho h\u1ea7u h\u1ebft c\u00e1c nhu c\u1ea7u v\u1ec1 th\u00ednh gi\u00e1c. Ch\u00fang c\u00f3 \u0111\u1ea7y \u0111\u1ee7 t\u00ednh n\u0103ng v\u1edbi ph\u00e1t tr\u1ef1c tuy\u1ebfn \u00e2m thanh t\u1eeb xa kh\u00f4ng d\u00e2y v\u00e0 c\u00e1c \u1ee9ng d\u1ee5ng h\u1eefu \u00edch. Mosaic P v\u00e0 HP ph\u00f9 h\u1ee3p v\u1edbi t\u00ecnh tr\u1ea1ng m\u1ea5t th\u00ednh l\u1ef1c tr\u1ea7m tr\u1ecdng.<\/p>\n<\/div>\n<\/div>\n<\/div>\n<\/div>\n<\/div>\n<div class=\"fusion-fullwidth fullwidth-box fusion-builder-row-4 fusion-flex-container nonhundred-percent-fullwidth non-hundred-percent-height-scrolling\">\n<div class=\"fusion-builder-row fusion-row fusion-flex-align-items-flex-start\">\n<div class=\"fusion-layout-column fusion_builder_column fusion-builder-column-4 fusion_builder_column_1_2 1_2 fusion-flex-column\">\n<div class=\"fusion-column-wrapper fusion-flex-justify-content-flex-start fusion-content-layout-column\">\n<div class=\"fusion-text fusion-text-4\">\n<h4 class=\"fusion-responsive-typography-calculated\" data-fontsize=\"18\" data-lineheight=\"27px\"><strong>T\u00ednh n\u0103ng c\u1ee7a Mosaic P v\u00e0 HP 6c BTE<\/strong><\/h4>\n<p>\u0110\u01b0\u1ee3c trang b\u1ecb l\u1edbp v\u1ecf b\u1ec1n v\u00e0 tho\u1ea3i m\u00e1i, nh\u1eefng chi\u1ebfc m\u00e1y tr\u1ee3 th\u00ednh c\u00f3 th\u1ec3 s\u1ea1c l\u1ea1i n\u00e0y ph\u00f9 h\u1ee3p v\u1edbi h\u1ea7u h\u1ebft m\u1ecdi nhu c\u1ea7u nghe.<\/p>\n<h4 class=\"fusion-responsive-typography-calculated\" data-fontsize=\"18\" data-lineheight=\"27px\"><strong>T\u1ea5t c\u1ea3 c\u00e1c model Mosaic<\/strong><\/h4>\n<p>Cu\u1ed9n d\u00e2y ch\u1eef T, lu\u1ed3ng \u00e2m thanh v\u00e0 c\u00e1c ph\u1ee5 ki\u1ec7n h\u1eefu \u00edch mang \u0111\u1ebfn s\u1ef1 linh ho\u1ea1t cho ng\u01b0\u1eddi \u0111eo. C\u00e1c \u1ee9ng d\u1ee5ng cho ph\u00e9p ki\u1ec3m so\u00e1t k\u00edn \u0111\u00e1o.<\/p>\n<h4 class=\"fusion-responsive-typography-calculated\" data-fontsize=\"18\" data-lineheight=\"27px\"><strong>Mosaic P 6c<\/strong><\/h4>\n<p>\u1ed0ng m\u1ecfng ho\u1eb7c m\u00f3c tai, c\u00f4ng t\u1eafc rocker, t-coil v\u1edbi autophone, \u0111\u1ea7u v\u00e0o \u00e2m thanh tr\u1ef1c ti\u1ebfp (DAI), \u0111\u1ed9 l\u1ee3i l\u00ean \u0111\u1ebfn 75dB.<\/p>\n<h4 class=\"fusion-responsive-typography-calculated\" data-fontsize=\"18\" data-lineheight=\"27px\"><strong>Mosaic HP 6c<\/strong><\/h4>\n<p>C\u1ea5u tr\u00fac b\u1ec1n b\u1ec9 \u0111\u01b0\u1ee3c x\u1ebfp h\u1ea1ng IP67 c\u1ee7a SecureTec<\/p>\n<\/div>\n<\/div>\n<\/div>\n<\/div>\n<\/div>\n","protected":false},"excerpt":{"rendered":"<ul>\n<li>V\u1eadn chuy\u1ec3n tr\u00ean to\u00e0n qu\u1ed1c<\/li>\n<li>Cam k\u1ebft s\u1ea3n ph\u1ea9m \u0111\u00fang ch\u1ea5t l\u01b0\u1ee3ng mi\u00eau t\u1ea3 tr\u00ean website<\/li>\n<li>B\u1ea3o h\u00e0nh ch\u00ednh h\u00e3ng<\/li>\n<li>Ki\u1ec3m tra h\u00e0ng tr\u01b0\u1edbc khi thanh to\u00e1n<\/li>\n<li>Hotline: 035 609 3690<\/li>\n<\/ul>\n","protected":false},"featured_media":493,"template":"","meta":[],"product_cat":[43,38,39,40,41,26,30,44,42],"product_tag":[],"yoast_head":"<!-- This site is optimized with the Yoast SEO plugin v16.5 - https:\/\/yoast.com\/wordpress\/plugins\/seo\/ -->\n<title>TruCore Mosaic 6c BTE - HearLIFE Vi\u1ec7t Nam<\/title>\n<meta name=\"robots\" content=\"noindex, follow, max-snippet:-1, max-image-preview:large, max-video-preview:-1\" \/>\n<meta property=\"og:locale\" content=\"vi_VN\" \/>\n<meta property=\"og:type\" content=\"article\" \/>\n<meta property=\"og:title\" content=\"TruCore Mosaic 6c BTE - HearLIFE Vi\u1ec7t Nam\" \/>\n<meta property=\"og:description\" content=\"V\u1eadn chuy\u1ec3n tr\u00ean to\u00e0n qu\u1ed1c  Cam k\u1ebft s\u1ea3n ph\u1ea9m \u0111\u00fang ch\u1ea5t l\u01b0\u1ee3ng mi\u00eau t\u1ea3 tr\u00ean website  B\u1ea3o h\u00e0nh ch\u00ednh h\u00e3ng  Ki\u1ec3m tra h\u00e0ng tr\u01b0\u1edbc khi thanh to\u00e1n  Hotline: 035 609 3690\" \/>\n<meta property=\"og:url\" content=\"http:\/\/mau.hoabinhweb.com\/congnghe1\/san-pham\/trucore-mosaic-6c-bte\/\" \/>\n<meta property=\"og:site_name\" content=\"HearLIFE Vi\u1ec7t Nam\" \/>\n<meta property=\"article:modified_time\" content=\"2021-07-06T07:47:00+00:00\" \/>\n<meta property=\"og:image\" content=\"http:\/\/mau.hoabinhweb.com\/congnghe1\/wp-content\/uploads\/2020\/08\/sanpham-hearlife3.jpg\" \/>\n\t<meta property=\"og:image:width\" content=\"476\" \/>\n\t<meta property=\"og:image:height\" content=\"476\" \/>\n<meta name=\"twitter:card\" content=\"summary_large_image\" \/>\n<meta name=\"twitter:label1\" content=\"\u01af\u1edbc t\u00ednh th\u1eddi gian \u0111\u1ecdc\" \/>\n\t<meta name=\"twitter:data1\" content=\"2 ph\u00fat\" \/>\n<script type=\"application\/ld+json\" class=\"yoast-schema-graph\">{\"@context\":\"https:\/\/schema.org\",\"@graph\":[{\"@type\":\"WebSite\",\"@id\":\"http:\/\/mau.hoabinhweb.com\/congnghe1\/#website\",\"url\":\"http:\/\/mau.hoabinhweb.com\/congnghe1\/\",\"name\":\"HearLIFE Vi\\u1ec7t Nam\",\"description\":\"\",\"potentialAction\":[{\"@type\":\"SearchAction\",\"target\":\"http:\/\/mau.hoabinhweb.com\/congnghe1\/?s={search_term_string}\",\"query-input\":\"required name=search_term_string\"}],\"inLanguage\":\"vi\"},{\"@type\":\"ImageObject\",\"@id\":\"http:\/\/mau.hoabinhweb.com\/congnghe1\/san-pham\/trucore-mosaic-6c-bte\/#primaryimage\",\"inLanguage\":\"vi\",\"url\":\"http:\/\/mau.hoabinhweb.com\/congnghe1\/wp-content\/uploads\/2020\/08\/sanpham-hearlife3.jpg\",\"contentUrl\":\"http:\/\/mau.hoabinhweb.com\/congnghe1\/wp-content\/uploads\/2020\/08\/sanpham-hearlife3.jpg\",\"width\":476,\"height\":476,\"caption\":\"Sanpham Hearlife3\"},{\"@type\":\"WebPage\",\"@id\":\"http:\/\/mau.hoabinhweb.com\/congnghe1\/san-pham\/trucore-mosaic-6c-bte\/#webpage\",\"url\":\"http:\/\/mau.hoabinhweb.com\/congnghe1\/san-pham\/trucore-mosaic-6c-bte\/\",\"name\":\"TruCore Mosaic 6c BTE - HearLIFE Vi\\u1ec7t Nam\",\"isPartOf\":{\"@id\":\"http:\/\/mau.hoabinhweb.com\/congnghe1\/#website\"},\"primaryImageOfPage\":{\"@id\":\"http:\/\/mau.hoabinhweb.com\/congnghe1\/san-pham\/trucore-mosaic-6c-bte\/#primaryimage\"},\"datePublished\":\"2020-08-21T00:40:01+00:00\",\"dateModified\":\"2021-07-06T07:47:00+00:00\",\"breadcrumb\":{\"@id\":\"http:\/\/mau.hoabinhweb.com\/congnghe1\/san-pham\/trucore-mosaic-6c-bte\/#breadcrumb\"},\"inLanguage\":\"vi\",\"potentialAction\":[{\"@type\":\"ReadAction\",\"target\":[\"http:\/\/mau.hoabinhweb.com\/congnghe1\/san-pham\/trucore-mosaic-6c-bte\/\"]}]},{\"@type\":\"BreadcrumbList\",\"@id\":\"http:\/\/mau.hoabinhweb.com\/congnghe1\/san-pham\/trucore-mosaic-6c-bte\/#breadcrumb\",\"itemListElement\":[{\"@type\":\"ListItem\",\"position\":1,\"name\":\"Trang ch\\u1ee7\",\"item\":\"http:\/\/mau.hoabinhweb.com\/congnghe1\/\"},{\"@type\":\"ListItem\",\"position\":2,\"name\":\"S\\u1ea3n ph\\u1ea9m\",\"item\":\"http:\/\/mau.hoabinhweb.com\/congnghe1\/san-pham\/\"},{\"@type\":\"ListItem\",\"position\":3,\"name\":\"M\\u00e1y tr\\u1ee3 th\\u00ednh\",\"item\":\"http:\/\/mau.hoabinhweb.com\/congnghe1\/danh-muc\/may-tro-thinh\/\"},{\"@type\":\"ListItem\",\"position\":4,\"name\":\"TruCore Mosaic 6c BTE\"}]}]}<\/script>\n<!-- \/ Yoast SEO plugin. -->","_links":{"self":[{"href":"http:\/\/mau.hoabinhweb.com\/congnghe1\/wp-json\/wp\/v2\/product\/111"}],"collection":[{"href":"http:\/\/mau.hoabinhweb.com\/congnghe1\/wp-json\/wp\/v2\/product"}],"about":[{"href":"http:\/\/mau.hoabinhweb.com\/congnghe1\/wp-json\/wp\/v2\/types\/product"}],"wp:featuredmedia":[{"embeddable":true,"href":"http:\/\/mau.hoabinhweb.com\/congnghe1\/wp-json\/wp\/v2\/media\/493"}],"wp:attachment":[{"href":"http:\/\/mau.hoabinhweb.com\/congnghe1\/wp-json\/wp\/v2\/media?parent=111"}],"wp:term":[{"taxonomy":"product_cat","embeddable":true,"href":"http:\/\/mau.hoabinhweb.com\/congnghe1\/wp-json\/wp\/v2\/product_cat?post=111"},{"taxonomy":"product_tag","embeddable":true,"href":"http:\/\/mau.hoabinhweb.com\/congnghe1\/wp-json\/wp\/v2\/product_tag?post=111"}],"curies":[{"name":"wp","href":"https:\/\/api.w.org\/{rel}","templated":true}]}}