{"id":110,"date":"2020-08-21T07:40:00","date_gmt":"2020-08-21T00:40:00","guid":{"rendered":"http:\/\/mau.hoabinhweb.com\/congnghe1\/?post_type=product&#038;p=110"},"modified":"2021-07-06T14:48:01","modified_gmt":"2021-07-06T07:48:01","slug":"trucore-inox-6c","status":"publish","type":"product","link":"http:\/\/mau.hoabinhweb.com\/congnghe1\/san-pham\/trucore-inox-6c\/","title":{"rendered":"TruCore inoX 6c"},"content":{"rendered":"<div class=\"fusion-fullwidth fullwidth-box fusion-builder-row-1 fusion-flex-container nonhundred-percent-fullwidth non-hundred-percent-height-scrolling\">\n<div class=\"fusion-builder-row fusion-row fusion-flex-align-items-flex-start\">\n<div class=\"fusion-layout-column fusion_builder_column fusion-builder-column-0 fusion_builder_column_1_1 1_1 fusion-flex-column\">\n<div class=\"fusion-column-wrapper fusion-flex-justify-content-flex-start fusion-content-layout-column\">\n<div class=\"fusion-text fusion-text-1\">\n<p>M\u00e1y tr\u1ee3 th\u00ednh inoX l\u00e0 m\u00e1y tr\u1ee3 th\u00ednh nh\u1ecf g\u1ecdn v\u00e0 k\u00edn \u0111\u00e1o nh\u1ea5t. Kh\u00f4ng g\u1eb7p r\u1eafc r\u1ed1i v\u1edbi vi\u1ec7c s\u1ea3n xu\u1ea5t m\u00e1y tr\u1ee3 th\u00ednh t\u00f9y ch\u1ec9nh, inoX \u1ea9n ho\u00e0n to\u00e0n trong \u1ed1ng tai, mang l\u1ea1i c\u1ea3m gi\u00e1c v\u1eeba v\u1eb7n tho\u1ea3i m\u00e1i v\u00e0 \u0111\u00e1ng tin c\u1eady.<\/p>\n<\/div>\n<\/div>\n<\/div>\n<\/div>\n<\/div>\n<div class=\"fusion-fullwidth fullwidth-box fusion-builder-row-2 fusion-flex-container nonhundred-percent-fullwidth non-hundred-percent-height-scrolling\">\n<div class=\"fusion-builder-row fusion-row fusion-flex-align-items-flex-start\">\n<div class=\"fusion-layout-column fusion_builder_column fusion-builder-column-1 fusion_builder_column_1_2 1_2 fusion-flex-column\">\n<div class=\"fusion-column-wrapper fusion-flex-justify-content-flex-start fusion-content-layout-column\">\n<div class=\"fusion-text fusion-text-2\">\n<h3 class=\"fusion-responsive-typography-calculated\" data-fontsize=\"16\" data-lineheight=\"24px\"><strong>T\u00ednh n\u0103ng c\u1ee7a inoX 6c<\/strong><\/h3>\n<ul>\n<li>Nh\u1ecf, tho\u1ea3i m\u00e1i v\u00e0 \u0111\u1ea7y \u0111\u1ee7 t\u00ednh n\u0103ng. inoX 6c CIC cung c\u1ea5p s\u1ef1 t\u00f9y \u00fd v\u00e0 \u0111\u01a1n gi\u1ea3n t\u1ed1i \u01b0u.<\/li>\n<li>Ba m\u1ee9c hi\u1ec7u su\u1ea5t<\/li>\n<li>S\u00e1u ch\u01b0\u01a1ng tr\u00ecnh<\/li>\n<li>Ki\u1ec3m l\u00e2m b\u1eb1ng gi\u1ecdng n\u00f3i<\/li>\n<li>B\u1ed9 gi\u1ea3m h\u1ed3i \u00e2m<\/li>\n<li>Tr\u00ecnh t\u0103ng c\u01b0\u1eddng \u00e2m nh\u1ea1c<\/li>\n<li>Ch\u1ee9c n\u0103ng \u00f9 tai<\/li>\n<li>T\u01b0\u01a1ng th\u00edch v\u1edbi Bluetooth\u00ae<\/li>\n<li>T\u01b0\u01a1ng th\u00edch v\u1edbi \u1ee9ng d\u1ee5ng Rexton<\/li>\n<\/ul>\n<\/div>\n<\/div>\n<\/div>\n<div class=\"fusion-layout-column fusion_builder_column fusion-builder-column-2 fusion_builder_column_1_2 1_2 fusion-flex-column\">\n<div class=\"fusion-column-wrapper fusion-flex-justify-content-flex-start fusion-content-layout-column\">\n<div><span class=\" fusion-imageframe imageframe-none imageframe-2 hover-type-none\"><img loading=\"lazy\" class=\"img-responsive wp-image-1991\" title=\"TruCore inoX 6c\" src=\"https:\/\/hearlifevietnam.com\/wp-content\/uploads\/2020\/11\/TruCore_inoX-CIC_6C_1600x1067-600x400.png\" sizes=\"(max-width: 1024px) 100vw, (max-width: 640px) 100vw, 600px\" srcset=\"https:\/\/hearlifevietnam.com\/wp-content\/uploads\/2020\/11\/TruCore_inoX-CIC_6C_1600x1067-200x133.png 200w, https:\/\/hearlifevietnam.com\/wp-content\/uploads\/2020\/11\/TruCore_inoX-CIC_6C_1600x1067-400x267.png 400w, https:\/\/hearlifevietnam.com\/wp-content\/uploads\/2020\/11\/TruCore_inoX-CIC_6C_1600x1067-600x400.png 600w, https:\/\/hearlifevietnam.com\/wp-content\/uploads\/2020\/11\/TruCore_inoX-CIC_6C_1600x1067-800x534.png 800w, https:\/\/hearlifevietnam.com\/wp-content\/uploads\/2020\/11\/TruCore_inoX-CIC_6C_1600x1067-1200x800.png 1200w, https:\/\/hearlifevietnam.com\/wp-content\/uploads\/2020\/11\/TruCore_inoX-CIC_6C_1600x1067.png 1600w\" alt=\"TruCore inoX 6c\" width=\"600\" height=\"400\" \/><\/span><\/div>\n<\/div>\n<\/div>\n<\/div>\n<\/div>\n","protected":false},"excerpt":{"rendered":"<ul>\n<li>V\u1eadn chuy\u1ec3n tr\u00ean to\u00e0n qu\u1ed1c<\/li>\n<li>Cam k\u1ebft s\u1ea3n ph\u1ea9m \u0111\u00fang ch\u1ea5t l\u01b0\u1ee3ng mi\u00eau t\u1ea3 tr\u00ean website<\/li>\n<li>B\u1ea3o h\u00e0nh ch\u00ednh h\u00e3ng<\/li>\n<li>Ki\u1ec3m tra h\u00e0ng tr\u01b0\u1edbc khi thanh to\u00e1n<\/li>\n<li>Hotline: 035 609 3690<\/li>\n<\/ul>\n","protected":false},"featured_media":492,"template":"","meta":[],"product_cat":[43,38,39,40,41,26,30,44,42],"product_tag":[],"yoast_head":"<!-- This site is optimized with the Yoast SEO plugin v16.5 - https:\/\/yoast.com\/wordpress\/plugins\/seo\/ -->\n<title>TruCore inoX 6c - HearLIFE Vi\u1ec7t Nam<\/title>\n<meta name=\"robots\" content=\"noindex, follow, max-snippet:-1, max-image-preview:large, max-video-preview:-1\" \/>\n<meta property=\"og:locale\" content=\"vi_VN\" \/>\n<meta property=\"og:type\" content=\"article\" \/>\n<meta property=\"og:title\" content=\"TruCore inoX 6c - HearLIFE Vi\u1ec7t Nam\" \/>\n<meta property=\"og:description\" content=\"V\u1eadn chuy\u1ec3n tr\u00ean to\u00e0n qu\u1ed1c  Cam k\u1ebft s\u1ea3n ph\u1ea9m \u0111\u00fang ch\u1ea5t l\u01b0\u1ee3ng mi\u00eau t\u1ea3 tr\u00ean website  B\u1ea3o h\u00e0nh ch\u00ednh h\u00e3ng  Ki\u1ec3m tra h\u00e0ng tr\u01b0\u1edbc khi thanh to\u00e1n  Hotline: 035 609 3690\" \/>\n<meta property=\"og:url\" content=\"http:\/\/mau.hoabinhweb.com\/congnghe1\/san-pham\/trucore-inox-6c\/\" \/>\n<meta property=\"og:site_name\" content=\"HearLIFE Vi\u1ec7t Nam\" \/>\n<meta property=\"article:modified_time\" content=\"2021-07-06T07:48:01+00:00\" \/>\n<meta property=\"og:image\" content=\"http:\/\/mau.hoabinhweb.com\/congnghe1\/wp-content\/uploads\/2020\/08\/sanpham-hearlife2.jpg\" \/>\n\t<meta property=\"og:image:width\" content=\"438\" \/>\n\t<meta property=\"og:image:height\" content=\"438\" \/>\n<meta name=\"twitter:card\" content=\"summary_large_image\" \/>\n<meta name=\"twitter:label1\" content=\"\u01af\u1edbc t\u00ednh th\u1eddi gian \u0111\u1ecdc\" \/>\n\t<meta name=\"twitter:data1\" content=\"1 ph\u00fat\" \/>\n<script type=\"application\/ld+json\" class=\"yoast-schema-graph\">{\"@context\":\"https:\/\/schema.org\",\"@graph\":[{\"@type\":\"WebSite\",\"@id\":\"http:\/\/mau.hoabinhweb.com\/congnghe1\/#website\",\"url\":\"http:\/\/mau.hoabinhweb.com\/congnghe1\/\",\"name\":\"HearLIFE Vi\\u1ec7t Nam\",\"description\":\"\",\"potentialAction\":[{\"@type\":\"SearchAction\",\"target\":\"http:\/\/mau.hoabinhweb.com\/congnghe1\/?s={search_term_string}\",\"query-input\":\"required name=search_term_string\"}],\"inLanguage\":\"vi\"},{\"@type\":\"ImageObject\",\"@id\":\"http:\/\/mau.hoabinhweb.com\/congnghe1\/san-pham\/trucore-inox-6c\/#primaryimage\",\"inLanguage\":\"vi\",\"url\":\"http:\/\/mau.hoabinhweb.com\/congnghe1\/wp-content\/uploads\/2020\/08\/sanpham-hearlife2.jpg\",\"contentUrl\":\"http:\/\/mau.hoabinhweb.com\/congnghe1\/wp-content\/uploads\/2020\/08\/sanpham-hearlife2.jpg\",\"width\":438,\"height\":438,\"caption\":\"Sanpham Hearlife2\"},{\"@type\":\"WebPage\",\"@id\":\"http:\/\/mau.hoabinhweb.com\/congnghe1\/san-pham\/trucore-inox-6c\/#webpage\",\"url\":\"http:\/\/mau.hoabinhweb.com\/congnghe1\/san-pham\/trucore-inox-6c\/\",\"name\":\"TruCore inoX 6c - HearLIFE Vi\\u1ec7t Nam\",\"isPartOf\":{\"@id\":\"http:\/\/mau.hoabinhweb.com\/congnghe1\/#website\"},\"primaryImageOfPage\":{\"@id\":\"http:\/\/mau.hoabinhweb.com\/congnghe1\/san-pham\/trucore-inox-6c\/#primaryimage\"},\"datePublished\":\"2020-08-21T00:40:00+00:00\",\"dateModified\":\"2021-07-06T07:48:01+00:00\",\"breadcrumb\":{\"@id\":\"http:\/\/mau.hoabinhweb.com\/congnghe1\/san-pham\/trucore-inox-6c\/#breadcrumb\"},\"inLanguage\":\"vi\",\"potentialAction\":[{\"@type\":\"ReadAction\",\"target\":[\"http:\/\/mau.hoabinhweb.com\/congnghe1\/san-pham\/trucore-inox-6c\/\"]}]},{\"@type\":\"BreadcrumbList\",\"@id\":\"http:\/\/mau.hoabinhweb.com\/congnghe1\/san-pham\/trucore-inox-6c\/#breadcrumb\",\"itemListElement\":[{\"@type\":\"ListItem\",\"position\":1,\"name\":\"Trang ch\\u1ee7\",\"item\":\"http:\/\/mau.hoabinhweb.com\/congnghe1\/\"},{\"@type\":\"ListItem\",\"position\":2,\"name\":\"S\\u1ea3n ph\\u1ea9m\",\"item\":\"http:\/\/mau.hoabinhweb.com\/congnghe1\/san-pham\/\"},{\"@type\":\"ListItem\",\"position\":3,\"name\":\"M\\u00e1y tr\\u1ee3 th\\u00ednh\",\"item\":\"http:\/\/mau.hoabinhweb.com\/congnghe1\/danh-muc\/may-tro-thinh\/\"},{\"@type\":\"ListItem\",\"position\":4,\"name\":\"TruCore inoX 6c\"}]}]}<\/script>\n<!-- \/ Yoast SEO plugin. -->","_links":{"self":[{"href":"http:\/\/mau.hoabinhweb.com\/congnghe1\/wp-json\/wp\/v2\/product\/110"}],"collection":[{"href":"http:\/\/mau.hoabinhweb.com\/congnghe1\/wp-json\/wp\/v2\/product"}],"about":[{"href":"http:\/\/mau.hoabinhweb.com\/congnghe1\/wp-json\/wp\/v2\/types\/product"}],"wp:featuredmedia":[{"embeddable":true,"href":"http:\/\/mau.hoabinhweb.com\/congnghe1\/wp-json\/wp\/v2\/media\/492"}],"wp:attachment":[{"href":"http:\/\/mau.hoabinhweb.com\/congnghe1\/wp-json\/wp\/v2\/media?parent=110"}],"wp:term":[{"taxonomy":"product_cat","embeddable":true,"href":"http:\/\/mau.hoabinhweb.com\/congnghe1\/wp-json\/wp\/v2\/product_cat?post=110"},{"taxonomy":"product_tag","embeddable":true,"href":"http:\/\/mau.hoabinhweb.com\/congnghe1\/wp-json\/wp\/v2\/product_tag?post=110"}],"curies":[{"name":"wp","href":"https:\/\/api.w.org\/{rel}","templated":true}]}}