{"id":108,"date":"2020-08-21T07:36:21","date_gmt":"2020-08-21T00:36:21","guid":{"rendered":"http:\/\/mau.hoabinhweb.com\/congnghe1\/?post_type=product&#038;p=108"},"modified":"2021-07-06T14:50:55","modified_gmt":"2021-07-06T07:50:55","slug":"mycore-styleline-styleline-bt","status":"publish","type":"product","link":"http:\/\/mau.hoabinhweb.com\/congnghe1\/san-pham\/mycore-styleline-styleline-bt\/","title":{"rendered":"MyCore StyleLine \/ StyleLine BT"},"content":{"rendered":"<div class=\"fusion-fullwidth fullwidth-box fusion-builder-row-1 fusion-flex-container nonhundred-percent-fullwidth non-hundred-percent-height-scrolling\">\n<div class=\"fusion-builder-row fusion-row fusion-flex-align-items-flex-start\">\n<div class=\"fusion-layout-column fusion_builder_column fusion-builder-column-0 fusion_builder_column_1_1 1_1 fusion-flex-column\">\n<div class=\"fusion-column-wrapper fusion-flex-justify-content-flex-start fusion-content-layout-column\">\n<div class=\"fusion-text fusion-text-1\">\n<p>Pin lithium-ion v\u1edbi kh\u1ea3 n\u0103ng s\u1ea1c l\u1ea1i ti\u1ec7n l\u1ee3i v\u00e0 m\u1ed9t b\u1ed9 s\u1ea1c di \u0111\u1ed9ng \u0111\u1ec3 c\u00f3 th\u1ec3 di chuy\u1ec3n ho\u00e0n to\u00e0n.<\/p>\n<p>Phong c\u00e1ch s\u1ed1ng c\u1ee7a b\u1ea1n l\u00e0 n\u0103ng \u0111\u1ed9ng, phong c\u00e1ch c\u00e1 nh\u00e2n c\u1ee7a b\u1ea1n l\u00e0 c\u00e1 nh\u00e2n. V\u1edbi StyleLine c\u1ee7a Rexton, b\u1ea1n c\u00f3 th\u1ec3 d\u1ec5 d\u00e0ng t\u1eadn h\u01b0\u1edfng nh\u1eefng l\u1ee3i \u00edch c\u1ee7a th\u00ednh gi\u00e1c t\u1ed1t h\u01a1n k\u1ebft h\u1ee3p v\u1edbi ch\u1ea5t li\u1ec7u cao c\u1ea5p, l\u1ef1a ch\u1ecdn thi\u1ebft k\u1ebf hai m\u00e0u \u0111\u01b0\u01a1ng \u0111\u1ea1i, k\u00edch th\u01b0\u1edbc nh\u1ecf g\u1ecdn v\u00e0 t\u00ednh th\u1ea9m m\u1ef9 \u0111\u1ed9c \u0111\u00e1o. V\u00e0 v\u1edbi h\u1ed9p s\u1ea1c di \u0111\u1ed9ng, b\u1ea1n c\u00f3 th\u1ec3 t\u1eadn h\u01b0\u1edfng t\u1ed1i \u0111a b\u1ed1n ng\u00e0y di \u0111\u1ed9ng m\u00e0 kh\u00f4ng c\u1ea7n \u0111\u1ebfn \u1ed5 c\u1eafm \u0111i\u1ec7n.<\/p>\n<\/div>\n<\/div>\n<\/div>\n<\/div>\n<\/div>\n<div class=\"fusion-fullwidth fullwidth-box fusion-builder-row-2 fusion-flex-container nonhundred-percent-fullwidth non-hundred-percent-height-scrolling\">\n<div class=\"fusion-builder-row fusion-row fusion-flex-align-items-flex-start\">\n<div class=\"fusion-layout-column fusion_builder_column fusion-builder-column-1 fusion_builder_column_1_3 1_3 fusion-flex-column\">\n<div class=\"fusion-column-wrapper fusion-flex-justify-content-flex-start fusion-content-layout-column\">\n<div><span class=\" fusion-imageframe imageframe-none imageframe-2 hover-type-none\"><img loading=\"lazy\" class=\"img-responsive wp-image-2091\" title=\"Mycore StyleLine\/StyleLine BT\" src=\"https:\/\/hearlifevietnam.com\/wp-content\/uploads\/2020\/12\/MyCore_StyleLine.png\" sizes=\"(max-width: 1024px) 100vw, (max-width: 640px) 100vw, 400px\" srcset=\"https:\/\/hearlifevietnam.com\/wp-content\/uploads\/2020\/12\/MyCore_StyleLine-200x133.png 200w, https:\/\/hearlifevietnam.com\/wp-content\/uploads\/2020\/12\/MyCore_StyleLine-400x266.png 400w, https:\/\/hearlifevietnam.com\/wp-content\/uploads\/2020\/12\/MyCore_StyleLine-600x400.png 600w, https:\/\/hearlifevietnam.com\/wp-content\/uploads\/2020\/12\/MyCore_StyleLine-800x533.png 800w, https:\/\/hearlifevietnam.com\/wp-content\/uploads\/2020\/12\/MyCore_StyleLine.png 1000w\" alt=\"Mycore StyleLine\/StyleLine BT\" width=\"1000\" height=\"666\" \/><\/span><\/div>\n<\/div>\n<\/div>\n<div class=\"fusion-layout-column fusion_builder_column fusion-builder-column-2 fusion_builder_column_2_3 2_3 fusion-flex-column\">\n<div class=\"fusion-column-wrapper fusion-flex-justify-content-flex-start fusion-content-layout-column\">\n<div class=\"fusion-text fusion-text-2\">\n<h3 class=\"fusion-responsive-typography-calculated\" data-fontsize=\"16\" data-lineheight=\"24px\"><strong>S\u1ea1c l\u1ea1i pin Lithium-ion th\u00f4ng qua H\u1ed9p s\u1ea1c di \u0111\u1ed9ng<\/strong><\/h3>\n<p>S\u1ea1c d\u1ec5 d\u00e0ng v\u00e0 linh ho\u1ea1t v\u1edbi b\u1ed9 s\u1ea1c di \u0111\u1ed9ng. T\u1ed1i \u0111a ba l\u1ea7n s\u1ea1c \u0111\u1ea7y m\u00e1y tr\u1ee3 th\u00ednh m\u00e0 kh\u00f4ng c\u1ea7n k\u1ebft n\u1ed1i ngu\u1ed3n. S\u1ea1c d\u1ec5 d\u00e0ng, t\u1ef1 \u0111\u1ed9ng d\u1eebng khi \u0111\u01b0\u1ee3c s\u1ea1c \u0111\u1ea7y. StyleLines t\u1ef1 \u0111\u1ed9ng b\u1eadt khi th\u00e1o kh\u1ecfi b\u1ed9 s\u1ea1c.<\/p>\n<h3 class=\"fusion-responsive-typography-calculated\" data-fontsize=\"16\" data-lineheight=\"24px\"><strong>Truy\u1ec1n tr\u1ef1c ti\u1ebfp t\u1edbi \u0111i\u1ec7n tho\u1ea1i, TV,\u2026<\/strong><\/h3>\n<p>K\u1ebft n\u1ed1i tr\u1ef1c ti\u1ebfp v\u1edbi iPhone. TV v\u00e0 c\u00e1c thi\u1ebft b\u1ecb h\u1ed7 tr\u1ee3 Bluetooth kh\u00e1c th\u00f4ng qua Smart Transmitter 2.4 v\u00e0 Smart Mic (StyleLine BT).<\/p>\n<h3 class=\"fusion-responsive-typography-calculated\" data-fontsize=\"16\" data-lineheight=\"24px\"><strong>My Voice<\/strong><\/h3>\n<p>\u0110\u1ea3m b\u1ea3o \u1ea5n t\u01b0\u1ee3ng gi\u1ecdng n\u00f3i t\u1ef1 nhi\u00ean c\u1ee7a ng\u01b0\u1eddi \u0111eo. My Voice nh\u1eadn d\u1ea1ng gi\u1ecdng n\u00f3i ri\u00eang c\u1ee7a ng\u01b0\u1eddi \u0111eo v\u00e0 x\u1eed l\u00fd gi\u1ecdng n\u00f3i \u0111\u00f3 kh\u00e1c v\u1edbi c\u00e1c gi\u1ecdng n\u00f3i v\u00e0 \u00e2m thanh kh\u00e1c.<\/p>\n<\/div>\n<\/div>\n<\/div>\n<\/div>\n<\/div>\n<div class=\"fusion-fullwidth fullwidth-box fusion-builder-row-3 fusion-flex-container nonhundred-percent-fullwidth non-hundred-percent-height-scrolling\">\n<div class=\"fusion-builder-row fusion-row fusion-flex-align-items-flex-start\">\n<div class=\"fusion-layout-column fusion_builder_column fusion-builder-column-3 fusion_builder_column_1_2 1_2 fusion-flex-column\">\n<div class=\"fusion-column-wrapper fusion-flex-justify-content-flex-start fusion-content-layout-column\">\n<div class=\"fusion-text fusion-text-3\">\n<h2 class=\"fusion-responsive-typography-calculated\" data-fontsize=\"28\" data-lineheight=\"33.6px\"><strong>T\u00ednh n\u0103ng MyCore:<\/strong><\/h2>\n<ul>\n<li>My Voice<\/li>\n<li>Truy\u1ec1n tr\u1ef1c ti\u1ebfp \u00e2m thanh \u0111\u1ebfn \u0111i\u1ec7n tho\u1ea1i<\/li>\n<li>X\u1eed l\u00fd t\u00edn hi\u1ec7u hai d\u00e2y<\/li>\n<li>D\u1ec5 d\u00e0ng k\u1ebft n\u1ed1i v\u1edbi \u0111i\u1ec7n tho\u1ea1i th\u00f4ng minh *, TV v\u00e0 c\u00e1c thi\u1ebft b\u1ecb kh\u00e1c<\/li>\n<li>C\u00f3 th\u1ec3 \u0111\u01b0\u1ee3c \u0111i\u1ec1u khi\u1ec3n t\u1eeb xa th\u00f4ng qua \u0111i\u1ec1u khi\u1ec3n t\u1eeb xa ho\u1eb7c \u1ee9ng d\u1ee5ng<\/li>\n<\/ul>\n<p><em>* Bluetooth\u00ae \u0111\u01b0\u1ee3c b\u1eadt<\/em><\/p>\n<\/div>\n<\/div>\n<\/div>\n<\/div>\n<\/div>\n","protected":false},"excerpt":{"rendered":"<ul>\n<li>V\u1eadn chuy\u1ec3n tr\u00ean to\u00e0n qu\u1ed1c<\/li>\n<li>Cam k\u1ebft s\u1ea3n ph\u1ea9m \u0111\u00fang ch\u1ea5t l\u01b0\u1ee3ng mi\u00eau t\u1ea3 tr\u00ean website<\/li>\n<li>B\u1ea3o h\u00e0nh ch\u00ednh h\u00e3ng<\/li>\n<li>Ki\u1ec3m tra h\u00e0ng tr\u01b0\u1edbc khi thanh to\u00e1n<\/li>\n<li>Hotline: 035 609 3690<\/li>\n<\/ul>\n","protected":false},"featured_media":496,"template":"","meta":[],"product_cat":[43,38,39,40,41,26,30,44,42],"product_tag":[],"yoast_head":"<!-- This site is optimized with the Yoast SEO plugin v16.5 - https:\/\/yoast.com\/wordpress\/plugins\/seo\/ -->\n<title>MyCore StyleLine \/ StyleLine BT - HearLIFE Vi\u1ec7t Nam<\/title>\n<meta name=\"robots\" content=\"noindex, follow, max-snippet:-1, max-image-preview:large, max-video-preview:-1\" \/>\n<meta property=\"og:locale\" content=\"vi_VN\" \/>\n<meta property=\"og:type\" content=\"article\" \/>\n<meta property=\"og:title\" content=\"MyCore StyleLine \/ StyleLine BT - HearLIFE Vi\u1ec7t Nam\" \/>\n<meta property=\"og:description\" content=\"V\u1eadn chuy\u1ec3n tr\u00ean to\u00e0n qu\u1ed1c  Cam k\u1ebft s\u1ea3n ph\u1ea9m \u0111\u00fang ch\u1ea5t l\u01b0\u1ee3ng mi\u00eau t\u1ea3 tr\u00ean website  B\u1ea3o h\u00e0nh ch\u00ednh h\u00e3ng  Ki\u1ec3m tra h\u00e0ng tr\u01b0\u1edbc khi thanh to\u00e1n  Hotline: 035 609 3690\" \/>\n<meta property=\"og:url\" content=\"http:\/\/mau.hoabinhweb.com\/congnghe1\/san-pham\/mycore-styleline-styleline-bt\/\" \/>\n<meta property=\"og:site_name\" content=\"HearLIFE Vi\u1ec7t Nam\" \/>\n<meta property=\"article:modified_time\" content=\"2021-07-06T07:50:55+00:00\" \/>\n<meta property=\"og:image\" content=\"http:\/\/mau.hoabinhweb.com\/congnghe1\/wp-content\/uploads\/2020\/08\/sanpham-hearlife6.jpg\" \/>\n\t<meta property=\"og:image:width\" content=\"344\" \/>\n\t<meta property=\"og:image:height\" content=\"344\" \/>\n<meta name=\"twitter:card\" content=\"summary_large_image\" \/>\n<meta name=\"twitter:label1\" content=\"\u01af\u1edbc t\u00ednh th\u1eddi gian \u0111\u1ecdc\" \/>\n\t<meta name=\"twitter:data1\" content=\"2 ph\u00fat\" \/>\n<script type=\"application\/ld+json\" class=\"yoast-schema-graph\">{\"@context\":\"https:\/\/schema.org\",\"@graph\":[{\"@type\":\"WebSite\",\"@id\":\"http:\/\/mau.hoabinhweb.com\/congnghe1\/#website\",\"url\":\"http:\/\/mau.hoabinhweb.com\/congnghe1\/\",\"name\":\"HearLIFE Vi\\u1ec7t Nam\",\"description\":\"\",\"potentialAction\":[{\"@type\":\"SearchAction\",\"target\":\"http:\/\/mau.hoabinhweb.com\/congnghe1\/?s={search_term_string}\",\"query-input\":\"required name=search_term_string\"}],\"inLanguage\":\"vi\"},{\"@type\":\"ImageObject\",\"@id\":\"http:\/\/mau.hoabinhweb.com\/congnghe1\/san-pham\/mycore-styleline-styleline-bt\/#primaryimage\",\"inLanguage\":\"vi\",\"url\":\"http:\/\/mau.hoabinhweb.com\/congnghe1\/wp-content\/uploads\/2020\/08\/sanpham-hearlife6.jpg\",\"contentUrl\":\"http:\/\/mau.hoabinhweb.com\/congnghe1\/wp-content\/uploads\/2020\/08\/sanpham-hearlife6.jpg\",\"width\":344,\"height\":344,\"caption\":\"Sanpham Hearlife6\"},{\"@type\":\"WebPage\",\"@id\":\"http:\/\/mau.hoabinhweb.com\/congnghe1\/san-pham\/mycore-styleline-styleline-bt\/#webpage\",\"url\":\"http:\/\/mau.hoabinhweb.com\/congnghe1\/san-pham\/mycore-styleline-styleline-bt\/\",\"name\":\"MyCore StyleLine \/ StyleLine BT - HearLIFE Vi\\u1ec7t Nam\",\"isPartOf\":{\"@id\":\"http:\/\/mau.hoabinhweb.com\/congnghe1\/#website\"},\"primaryImageOfPage\":{\"@id\":\"http:\/\/mau.hoabinhweb.com\/congnghe1\/san-pham\/mycore-styleline-styleline-bt\/#primaryimage\"},\"datePublished\":\"2020-08-21T00:36:21+00:00\",\"dateModified\":\"2021-07-06T07:50:55+00:00\",\"breadcrumb\":{\"@id\":\"http:\/\/mau.hoabinhweb.com\/congnghe1\/san-pham\/mycore-styleline-styleline-bt\/#breadcrumb\"},\"inLanguage\":\"vi\",\"potentialAction\":[{\"@type\":\"ReadAction\",\"target\":[\"http:\/\/mau.hoabinhweb.com\/congnghe1\/san-pham\/mycore-styleline-styleline-bt\/\"]}]},{\"@type\":\"BreadcrumbList\",\"@id\":\"http:\/\/mau.hoabinhweb.com\/congnghe1\/san-pham\/mycore-styleline-styleline-bt\/#breadcrumb\",\"itemListElement\":[{\"@type\":\"ListItem\",\"position\":1,\"name\":\"Trang ch\\u1ee7\",\"item\":\"http:\/\/mau.hoabinhweb.com\/congnghe1\/\"},{\"@type\":\"ListItem\",\"position\":2,\"name\":\"S\\u1ea3n ph\\u1ea9m\",\"item\":\"http:\/\/mau.hoabinhweb.com\/congnghe1\/san-pham\/\"},{\"@type\":\"ListItem\",\"position\":3,\"name\":\"M\\u00e1y tr\\u1ee3 th\\u00ednh\",\"item\":\"http:\/\/mau.hoabinhweb.com\/congnghe1\/danh-muc\/may-tro-thinh\/\"},{\"@type\":\"ListItem\",\"position\":4,\"name\":\"MyCore StyleLine \/ StyleLine BT\"}]}]}<\/script>\n<!-- \/ Yoast SEO plugin. -->","_links":{"self":[{"href":"http:\/\/mau.hoabinhweb.com\/congnghe1\/wp-json\/wp\/v2\/product\/108"}],"collection":[{"href":"http:\/\/mau.hoabinhweb.com\/congnghe1\/wp-json\/wp\/v2\/product"}],"about":[{"href":"http:\/\/mau.hoabinhweb.com\/congnghe1\/wp-json\/wp\/v2\/types\/product"}],"wp:featuredmedia":[{"embeddable":true,"href":"http:\/\/mau.hoabinhweb.com\/congnghe1\/wp-json\/wp\/v2\/media\/496"}],"wp:attachment":[{"href":"http:\/\/mau.hoabinhweb.com\/congnghe1\/wp-json\/wp\/v2\/media?parent=108"}],"wp:term":[{"taxonomy":"product_cat","embeddable":true,"href":"http:\/\/mau.hoabinhweb.com\/congnghe1\/wp-json\/wp\/v2\/product_cat?post=108"},{"taxonomy":"product_tag","embeddable":true,"href":"http:\/\/mau.hoabinhweb.com\/congnghe1\/wp-json\/wp\/v2\/product_tag?post=108"}],"curies":[{"name":"wp","href":"https:\/\/api.w.org\/{rel}","templated":true}]}}