{"id":107,"date":"2020-08-21T07:36:20","date_gmt":"2020-08-21T00:36:20","guid":{"rendered":"http:\/\/mau.hoabinhweb.com\/congnghe1\/?post_type=product&#038;p=107"},"modified":"2021-07-06T14:53:58","modified_gmt":"2021-07-06T07:53:58","slug":"mycore-emerald-xs-s-m-8c-ric","status":"publish","type":"product","link":"http:\/\/mau.hoabinhweb.com\/congnghe1\/san-pham\/mycore-emerald-xs-s-m-8c-ric\/","title":{"rendered":"MyCore Emerald XS\/S\/M 8C RIC"},"content":{"rendered":"<div class=\"fusion-fullwidth fullwidth-box fusion-builder-row-2 fusion-flex-container nonhundred-percent-fullwidth non-hundred-percent-height-scrolling\">\n<div class=\"fusion-builder-row fusion-row fusion-flex-align-items-flex-start\">\n<div class=\"fusion-layout-column fusion_builder_column fusion-builder-column-2 fusion_builder_column_2_3 2_3 fusion-flex-column\">\n<div class=\"fusion-column-wrapper fusion-flex-justify-content-flex-start fusion-content-layout-column\">\n<div class=\"fusion-text fusion-text-2\">\n<h3 class=\"fusion-responsive-typography-calculated\" data-fontsize=\"16\" data-lineheight=\"24px\"><strong>MyCore Emerald XS 8C RIC<\/strong><\/h3>\n<p>Gi\u1ea3i ph\u00e1p tho\u1ea3i m\u00e1i cho t\u00ecnh tr\u1ea1ng m\u1ea5t th\u00ednh l\u1ef1c t\u1eeb n\u1eb7ng \u0111\u1ebfn n\u1eb7ng v\u1edbi Truy\u1ec1n tr\u1ef1c ti\u1ebfp.<\/p>\n<p>M\u00e1y tr\u1ee3 th\u00ednh nh\u1ecf b\u00e9 v\u00e0 trang nh\u00e3 n\u00e0y ho\u00e0n to\u00e0n c\u00f3 th\u1ec3 t\u00f9y \u00fd s\u1eed d\u1ee5ng v\u1edbi tr\u00ecnh \u0111\u1ed9 c\u00f4ng ngh\u1ec7 cao.<\/p>\n<h3 class=\"fusion-responsive-typography-calculated\" data-fontsize=\"16\" data-lineheight=\"24px\"><strong>T\u00ednh n\u0103ng MyCore:<\/strong><\/h3>\n<ul>\n<li>C\u00f3 th\u1ec3 \u0111\u01b0\u1ee3c \u0111i\u1ec1u khi\u1ec3n t\u1eeb xa th\u00f4ng qua \u0111i\u1ec1u khi\u1ec3n t\u1eeb xa ho\u1eb7c \u1ee9ng d\u1ee5ng<\/li>\n<li>Ki\u1ec3m l\u00e2m b\u1eb1ng gi\u1ecdng n\u00f3i<\/li>\n<li>B\u1ed9 m\u1edf r\u1ed9ng \u0111\u1ed9ng<\/li>\n<li>Tr\u00ecnh ng\u0103n ch\u1eb7n ph\u1ea3n h\u1ed3i th\u00f4ng minh<\/li>\n<\/ul>\n<\/div>\n<\/div>\n<\/div>\n<\/div>\n<\/div>\n<div class=\"fusion-fullwidth fullwidth-box fusion-builder-row-3 fusion-flex-container nonhundred-percent-fullwidth non-hundred-percent-height-scrolling\">\n<div class=\"fusion-builder-row fusion-row fusion-flex-align-items-flex-start\">\n<div class=\"fusion-layout-column fusion_builder_column fusion-builder-column-3 fusion_builder_column_1_3 1_3 fusion-flex-column\">\n<div class=\"fusion-column-wrapper fusion-flex-justify-content-flex-start fusion-content-layout-column\">\n<div><span class=\" fusion-imageframe imageframe-none imageframe-3 hover-type-none\"><img loading=\"lazy\" class=\"img-responsive wp-image-2144\" title=\"MyCore Emerald S 8C RIC\" src=\"https:\/\/hearlifevietnam.com\/wp-content\/uploads\/2020\/12\/MyCore_Emerald-S_8C_RIC_silverS_1600x1067-1024x683.png\" sizes=\"(max-width: 1024px) 100vw, (max-width: 640px) 100vw, 400px\" srcset=\"https:\/\/hearlifevietnam.com\/wp-content\/uploads\/2020\/12\/MyCore_Emerald-S_8C_RIC_silverS_1600x1067-200x133.png 200w, https:\/\/hearlifevietnam.com\/wp-content\/uploads\/2020\/12\/MyCore_Emerald-S_8C_RIC_silverS_1600x1067-400x267.png 400w, https:\/\/hearlifevietnam.com\/wp-content\/uploads\/2020\/12\/MyCore_Emerald-S_8C_RIC_silverS_1600x1067-600x400.png 600w, https:\/\/hearlifevietnam.com\/wp-content\/uploads\/2020\/12\/MyCore_Emerald-S_8C_RIC_silverS_1600x1067-800x534.png 800w, https:\/\/hearlifevietnam.com\/wp-content\/uploads\/2020\/12\/MyCore_Emerald-S_8C_RIC_silverS_1600x1067-1200x800.png 1200w, https:\/\/hearlifevietnam.com\/wp-content\/uploads\/2020\/12\/MyCore_Emerald-S_8C_RIC_silverS_1600x1067.png 1600w\" alt=\"MyCore Emerald S 8C RIC\" width=\"1024\" height=\"683\" \/><\/span><\/div>\n<\/div>\n<\/div>\n<div class=\"fusion-layout-column fusion_builder_column fusion-builder-column-4 fusion_builder_column_2_3 2_3 fusion-flex-column\">\n<div class=\"fusion-column-wrapper fusion-flex-justify-content-flex-start fusion-content-layout-column\">\n<div class=\"fusion-text fusion-text-3\">\n<h3 class=\"fusion-responsive-typography-calculated\" data-fontsize=\"16\" data-lineheight=\"24px\"><strong>MyCore Emerald S 8C RIC<\/strong><\/h3>\n<p>M\u1ed9t s\u1ef1 k\u1ebft h\u1ee3p ho\u00e0n h\u1ea3o gi\u1eefa k\u00edch th\u01b0\u1edbc nh\u1ecf v\u00e0 hi\u1ec7u su\u1ea5t tuy\u1ec7t v\u1eddi.<\/p>\n<p>Thi\u1ebft b\u1ecb nh\u1ecf b\u00e9 n\u00e0y t\u1ef1 h\u00e0o c\u00f3 kh\u1ea3 n\u0103ng truy\u1ec1n tr\u1ef1c ti\u1ebfp \u0111\u1ebfn iPhone qua Bluetooth\u00ae v\u00e0 ph\u00e1t tr\u1ef1c ti\u1ebfp d\u1ec5 d\u00e0ng h\u01a1n \u0111\u1ebfn h\u1ea7u h\u1ebft c\u00e1c \u0111i\u1ec7n tho\u1ea1i h\u1ed7 tr\u1ee3 Bluetooth\u00ae qua Smart Mic. Emerald S 8C nh\u1ecf nh\u01b0ng \u0111\u1ea7y \u0111\u1ee7 t\u00ednh n\u0103ng. S\u1ef1 \u0111a d\u1ea1ng c\u1ee7a c\u00e1c ph\u1ee5 ki\u1ec7n cung c\u1ea5p to\u00e0n quy\u1ec1n ki\u1ec3m so\u00e1t v\u00e0 kh\u1ea3 n\u0103ng s\u1eed d\u1ee5ng.<\/p>\n<\/div>\n<\/div>\n<\/div>\n<\/div>\n<\/div>\n<div class=\"fusion-fullwidth fullwidth-box fusion-builder-row-4 fusion-flex-container nonhundred-percent-fullwidth non-hundred-percent-height-scrolling\">\n<div class=\"fusion-builder-row fusion-row fusion-flex-align-items-flex-start\">\n<div class=\"fusion-layout-column fusion_builder_column fusion-builder-column-5 fusion_builder_column_1_3 1_3 fusion-flex-column\">\n<div class=\"fusion-column-wrapper fusion-flex-justify-content-flex-start fusion-content-layout-column\">\n<div><span class=\" fusion-imageframe imageframe-none imageframe-4 hover-type-none\"><img loading=\"lazy\" class=\"img-responsive wp-image-2145\" title=\"MyCore Emerald M 8C RIC\" src=\"https:\/\/hearlifevietnam.com\/wp-content\/uploads\/2020\/12\/MyCore_Emerald-M_8C_RIC_silverS_1600x1067-1024x683.png\" sizes=\"(max-width: 1024px) 100vw, (max-width: 640px) 100vw, 400px\" srcset=\"https:\/\/hearlifevietnam.com\/wp-content\/uploads\/2020\/12\/MyCore_Emerald-M_8C_RIC_silverS_1600x1067-200x133.png 200w, https:\/\/hearlifevietnam.com\/wp-content\/uploads\/2020\/12\/MyCore_Emerald-M_8C_RIC_silverS_1600x1067-400x267.png 400w, https:\/\/hearlifevietnam.com\/wp-content\/uploads\/2020\/12\/MyCore_Emerald-M_8C_RIC_silverS_1600x1067-600x400.png 600w, https:\/\/hearlifevietnam.com\/wp-content\/uploads\/2020\/12\/MyCore_Emerald-M_8C_RIC_silverS_1600x1067-800x534.png 800w, https:\/\/hearlifevietnam.com\/wp-content\/uploads\/2020\/12\/MyCore_Emerald-M_8C_RIC_silverS_1600x1067-1200x800.png 1200w, https:\/\/hearlifevietnam.com\/wp-content\/uploads\/2020\/12\/MyCore_Emerald-M_8C_RIC_silverS_1600x1067.png 1600w\" alt=\"MyCore Emerald M 8C RIC\" width=\"1024\" height=\"683\" \/><\/span><\/div>\n<\/div>\n<\/div>\n<div class=\"fusion-layout-column fusion_builder_column fusion-builder-column-6 fusion_builder_column_2_3 2_3 fusion-flex-column\">\n<div class=\"fusion-column-wrapper fusion-flex-justify-content-flex-start fusion-content-layout-column\">\n<div class=\"fusion-text fusion-text-4\">\n<h3 class=\"fusion-responsive-typography-calculated\" data-fontsize=\"16\" data-lineheight=\"24px\"><strong>MyCore Emerald M 8C RIC<\/strong><\/h3>\n<p>Emerald M 8C, k\u00edn \u0111\u00e1o nh\u01b0ng m\u1ea1nh m\u1ebd, v\u1edbi th\u1eddi l\u01b0\u1ee3ng pin d\u00e0i h\u01a1n. V\u1edbi m\u1ee9c t\u0103ng l\u00ean \u0111\u1ebfn 75 dB, Emerald M 8C ph\u00f9 h\u1ee3p v\u1edbi nh\u1eefng tr\u01b0\u1eddng h\u1ee3p m\u1ea5t th\u00ednh l\u1ef1c nghi\u00eam tr\u1ecdng. Pin k\u00edch th\u01b0\u1edbc 13 \u0111\u1ea3m b\u1ea3o th\u1eddi gian ho\u1ea1t \u0111\u1ed9ng l\u00e2u d\u00e0i m\u00e0 kh\u00f4ng c\u1ea7n thay pin.<\/p>\n<p>T \u2013 coil t\u00f9y ch\u1ecdn, truy\u1ec1n \u00e2m thanh v\u00e0 c\u00e1c ph\u1ee5 ki\u1ec7n h\u1eefu \u00edch mang \u0111\u1ebfn s\u1ef1 linh ho\u1ea1t t\u1ed1i \u01b0u cho ng\u01b0\u1eddi \u0111eo. \u1ee8ng d\u1ee5ng Rexton cho ph\u00e9p ki\u1ec3m so\u00e1t k\u00edn \u0111\u00e1o.<\/p>\n<\/div>\n<\/div>\n<\/div>\n<\/div>\n<\/div>\n","protected":false},"excerpt":{"rendered":"<ul>\n<li>V\u1eadn chuy\u1ec3n tr\u00ean to\u00e0n qu\u1ed1c<\/li>\n<li>Cam k\u1ebft s\u1ea3n ph\u1ea9m \u0111\u00fang ch\u1ea5t l\u01b0\u1ee3ng mi\u00eau t\u1ea3 tr\u00ean website<\/li>\n<li>B\u1ea3o h\u00e0nh ch\u00ednh h\u00e3ng<\/li>\n<li>Ki\u1ec3m tra h\u00e0ng tr\u01b0\u1edbc khi thanh to\u00e1n<\/li>\n<li>Hotline: 035 609 3690<\/li>\n<\/ul>\n","protected":false},"featured_media":497,"template":"","meta":[],"product_cat":[43,38,39,40,41,26,30,44,42],"product_tag":[],"yoast_head":"<!-- This site is optimized with the Yoast SEO plugin v16.5 - https:\/\/yoast.com\/wordpress\/plugins\/seo\/ -->\n<title>MyCore Emerald XS\/S\/M 8C RIC - HearLIFE Vi\u1ec7t Nam<\/title>\n<meta name=\"robots\" content=\"noindex, follow, max-snippet:-1, max-image-preview:large, max-video-preview:-1\" \/>\n<meta property=\"og:locale\" content=\"vi_VN\" \/>\n<meta property=\"og:type\" content=\"article\" \/>\n<meta property=\"og:title\" content=\"MyCore Emerald XS\/S\/M 8C RIC - HearLIFE Vi\u1ec7t Nam\" \/>\n<meta property=\"og:description\" content=\"V\u1eadn chuy\u1ec3n tr\u00ean to\u00e0n qu\u1ed1c  Cam k\u1ebft s\u1ea3n ph\u1ea9m \u0111\u00fang ch\u1ea5t l\u01b0\u1ee3ng mi\u00eau t\u1ea3 tr\u00ean website  B\u1ea3o h\u00e0nh ch\u00ednh h\u00e3ng  Ki\u1ec3m tra h\u00e0ng tr\u01b0\u1edbc khi thanh to\u00e1n  Hotline: 035 609 3690\" \/>\n<meta property=\"og:url\" content=\"http:\/\/mau.hoabinhweb.com\/congnghe1\/san-pham\/mycore-emerald-xs-s-m-8c-ric\/\" \/>\n<meta property=\"og:site_name\" content=\"HearLIFE Vi\u1ec7t Nam\" \/>\n<meta property=\"article:modified_time\" content=\"2021-07-06T07:53:58+00:00\" \/>\n<meta property=\"og:image\" content=\"http:\/\/mau.hoabinhweb.com\/congnghe1\/wp-content\/uploads\/2020\/08\/sanpham-hearlife7.jpg\" \/>\n\t<meta property=\"og:image:width\" content=\"400\" \/>\n\t<meta property=\"og:image:height\" content=\"400\" \/>\n<meta name=\"twitter:card\" content=\"summary_large_image\" \/>\n<meta name=\"twitter:label1\" content=\"\u01af\u1edbc t\u00ednh th\u1eddi gian \u0111\u1ecdc\" \/>\n\t<meta name=\"twitter:data1\" content=\"2 ph\u00fat\" \/>\n<script type=\"application\/ld+json\" class=\"yoast-schema-graph\">{\"@context\":\"https:\/\/schema.org\",\"@graph\":[{\"@type\":\"WebSite\",\"@id\":\"http:\/\/mau.hoabinhweb.com\/congnghe1\/#website\",\"url\":\"http:\/\/mau.hoabinhweb.com\/congnghe1\/\",\"name\":\"HearLIFE Vi\\u1ec7t Nam\",\"description\":\"\",\"potentialAction\":[{\"@type\":\"SearchAction\",\"target\":\"http:\/\/mau.hoabinhweb.com\/congnghe1\/?s={search_term_string}\",\"query-input\":\"required name=search_term_string\"}],\"inLanguage\":\"vi\"},{\"@type\":\"ImageObject\",\"@id\":\"http:\/\/mau.hoabinhweb.com\/congnghe1\/san-pham\/mycore-emerald-xs-s-m-8c-ric\/#primaryimage\",\"inLanguage\":\"vi\",\"url\":\"http:\/\/mau.hoabinhweb.com\/congnghe1\/wp-content\/uploads\/2020\/08\/sanpham-hearlife7.jpg\",\"contentUrl\":\"http:\/\/mau.hoabinhweb.com\/congnghe1\/wp-content\/uploads\/2020\/08\/sanpham-hearlife7.jpg\",\"width\":400,\"height\":400,\"caption\":\"Sanpham Hearlife7\"},{\"@type\":\"WebPage\",\"@id\":\"http:\/\/mau.hoabinhweb.com\/congnghe1\/san-pham\/mycore-emerald-xs-s-m-8c-ric\/#webpage\",\"url\":\"http:\/\/mau.hoabinhweb.com\/congnghe1\/san-pham\/mycore-emerald-xs-s-m-8c-ric\/\",\"name\":\"MyCore Emerald XS\/S\/M 8C RIC - HearLIFE Vi\\u1ec7t Nam\",\"isPartOf\":{\"@id\":\"http:\/\/mau.hoabinhweb.com\/congnghe1\/#website\"},\"primaryImageOfPage\":{\"@id\":\"http:\/\/mau.hoabinhweb.com\/congnghe1\/san-pham\/mycore-emerald-xs-s-m-8c-ric\/#primaryimage\"},\"datePublished\":\"2020-08-21T00:36:20+00:00\",\"dateModified\":\"2021-07-06T07:53:58+00:00\",\"breadcrumb\":{\"@id\":\"http:\/\/mau.hoabinhweb.com\/congnghe1\/san-pham\/mycore-emerald-xs-s-m-8c-ric\/#breadcrumb\"},\"inLanguage\":\"vi\",\"potentialAction\":[{\"@type\":\"ReadAction\",\"target\":[\"http:\/\/mau.hoabinhweb.com\/congnghe1\/san-pham\/mycore-emerald-xs-s-m-8c-ric\/\"]}]},{\"@type\":\"BreadcrumbList\",\"@id\":\"http:\/\/mau.hoabinhweb.com\/congnghe1\/san-pham\/mycore-emerald-xs-s-m-8c-ric\/#breadcrumb\",\"itemListElement\":[{\"@type\":\"ListItem\",\"position\":1,\"name\":\"Trang ch\\u1ee7\",\"item\":\"http:\/\/mau.hoabinhweb.com\/congnghe1\/\"},{\"@type\":\"ListItem\",\"position\":2,\"name\":\"S\\u1ea3n ph\\u1ea9m\",\"item\":\"http:\/\/mau.hoabinhweb.com\/congnghe1\/san-pham\/\"},{\"@type\":\"ListItem\",\"position\":3,\"name\":\"M\\u00e1y tr\\u1ee3 th\\u00ednh\",\"item\":\"http:\/\/mau.hoabinhweb.com\/congnghe1\/danh-muc\/may-tro-thinh\/\"},{\"@type\":\"ListItem\",\"position\":4,\"name\":\"MyCore Emerald XS\/S\/M 8C RIC\"}]}]}<\/script>\n<!-- \/ Yoast SEO plugin. -->","_links":{"self":[{"href":"http:\/\/mau.hoabinhweb.com\/congnghe1\/wp-json\/wp\/v2\/product\/107"}],"collection":[{"href":"http:\/\/mau.hoabinhweb.com\/congnghe1\/wp-json\/wp\/v2\/product"}],"about":[{"href":"http:\/\/mau.hoabinhweb.com\/congnghe1\/wp-json\/wp\/v2\/types\/product"}],"wp:featuredmedia":[{"embeddable":true,"href":"http:\/\/mau.hoabinhweb.com\/congnghe1\/wp-json\/wp\/v2\/media\/497"}],"wp:attachment":[{"href":"http:\/\/mau.hoabinhweb.com\/congnghe1\/wp-json\/wp\/v2\/media?parent=107"}],"wp:term":[{"taxonomy":"product_cat","embeddable":true,"href":"http:\/\/mau.hoabinhweb.com\/congnghe1\/wp-json\/wp\/v2\/product_cat?post=107"},{"taxonomy":"product_tag","embeddable":true,"href":"http:\/\/mau.hoabinhweb.com\/congnghe1\/wp-json\/wp\/v2\/product_tag?post=107"}],"curies":[{"name":"wp","href":"https:\/\/api.w.org\/{rel}","templated":true}]}}