{"id":106,"date":"2020-08-21T07:36:19","date_gmt":"2020-08-21T00:36:19","guid":{"rendered":"http:\/\/mau.hoabinhweb.com\/congnghe1\/?post_type=product&#038;p=106"},"modified":"2021-07-06T14:55:03","modified_gmt":"2021-07-06T07:55:03","slug":"mycore-mosaic-m-p-8c-bte","status":"publish","type":"product","link":"http:\/\/mau.hoabinhweb.com\/congnghe1\/san-pham\/mycore-mosaic-m-p-8c-bte\/","title":{"rendered":"MyCore Mosaic M\/P 8C BTE"},"content":{"rendered":"<div class=\"fusion-fullwidth fullwidth-box fusion-builder-row-2 fusion-flex-container nonhundred-percent-fullwidth non-hundred-percent-height-scrolling\">\n<div class=\"fusion-builder-row fusion-row fusion-flex-align-items-flex-start\">\n<div class=\"fusion-layout-column fusion_builder_column fusion-builder-column-2 fusion_builder_column_2_3 2_3 fusion-flex-column\">\n<div class=\"fusion-column-wrapper fusion-flex-justify-content-flex-start fusion-content-layout-column\">\n<div class=\"fusion-text fusion-text-2\">\n<h3 class=\"fusion-responsive-typography-calculated\" data-fontsize=\"16\" data-lineheight=\"24px\"><strong>MyCore Mosaic M 8C BTE<\/strong><\/h3>\n<p>BTE \u0111\u00e1ng tin c\u1eady ph\u00f9 h\u1ee3p v\u1edbi m\u1ecdi tai.<\/p>\n<p>Mosaic BTE l\u00e0 m\u1ed9t thi\u1ebft b\u1ecb r\u1ea5t k\u00edn \u0111\u00e1o cung c\u1ea5p kh\u1ea3 n\u0103ng \u0111i\u1ec1u khi\u1ec3n tuy\u1ec7t v\u1eddi v\u00e0 d\u1ec5 d\u00e0ng x\u1eed l\u00fd v\u1edbi c\u1ea3 \u1ee9ng d\u1ee5ng Rexton v\u00e0 \u0111i\u1ec1u khi\u1ec3n t\u1eeb xa Smart Key.<\/p>\n<h3 class=\"fusion-responsive-typography-calculated\" data-fontsize=\"16\" data-lineheight=\"24px\"><strong>K\u00edch th\u01b0\u1edbc 13 pin<\/strong><\/h3>\n<p>\u0110\u1ec3 c\u00f3 tu\u1ed5i th\u1ecd pin l\u00e2u h\u01a1n v\u00e0 \u00edt thay pin h\u01a1n.<\/p>\n<h3 class=\"fusion-responsive-typography-calculated\" data-fontsize=\"16\" data-lineheight=\"24px\"><strong>Ph\u00f9 h\u1ee3p linh ho\u1ea1t<\/strong><\/h3>\n<p>S\u1eed d\u1ee5ng v\u1edbi m\u00f3c tai ti\u00eau chu\u1ea9n ho\u1eb7c ThinTube.<\/p>\n<\/div>\n<\/div>\n<\/div>\n<\/div>\n<\/div>\n<div class=\"fusion-fullwidth fullwidth-box fusion-builder-row-3 fusion-flex-container nonhundred-percent-fullwidth non-hundred-percent-height-scrolling\">\n<div class=\"fusion-builder-row fusion-row fusion-flex-align-items-flex-start\">\n<div class=\"fusion-layout-column fusion_builder_column fusion-builder-column-3 fusion_builder_column_1_3 1_3 fusion-flex-column\">\n<div class=\"fusion-column-wrapper fusion-flex-justify-content-flex-start fusion-content-layout-column\">\n<div><span class=\" fusion-imageframe imageframe-none imageframe-3 hover-type-none\"><img loading=\"lazy\" class=\"img-responsive wp-image-2134\" title=\"MyCore Mosaic M 8C BTE\" src=\"https:\/\/hearlifevietnam.com\/wp-content\/uploads\/2020\/12\/MyCore_Mosaic-M_8C_BTE_silver_1600x1067-300x200.png\" sizes=\"(max-width: 1024px) 100vw, (max-width: 640px) 100vw, 400px\" srcset=\"https:\/\/hearlifevietnam.com\/wp-content\/uploads\/2020\/12\/MyCore_Mosaic-M_8C_BTE_silver_1600x1067-200x133.png 200w, https:\/\/hearlifevietnam.com\/wp-content\/uploads\/2020\/12\/MyCore_Mosaic-M_8C_BTE_silver_1600x1067-400x267.png 400w, https:\/\/hearlifevietnam.com\/wp-content\/uploads\/2020\/12\/MyCore_Mosaic-M_8C_BTE_silver_1600x1067-600x400.png 600w, https:\/\/hearlifevietnam.com\/wp-content\/uploads\/2020\/12\/MyCore_Mosaic-M_8C_BTE_silver_1600x1067-800x534.png 800w, https:\/\/hearlifevietnam.com\/wp-content\/uploads\/2020\/12\/MyCore_Mosaic-M_8C_BTE_silver_1600x1067-1200x800.png 1200w, https:\/\/hearlifevietnam.com\/wp-content\/uploads\/2020\/12\/MyCore_Mosaic-M_8C_BTE_silver_1600x1067.png 1600w\" alt=\"MyCore Mosaic M 8C BTE\" width=\"300\" height=\"200\" \/><\/span><\/div>\n<\/div>\n<\/div>\n<div class=\"fusion-layout-column fusion_builder_column fusion-builder-column-4 fusion_builder_column_2_3 2_3 fusion-flex-column\">\n<div class=\"fusion-column-wrapper fusion-flex-justify-content-flex-start fusion-content-layout-column\">\n<div class=\"fusion-text fusion-text-3\">\n<h3 class=\"fusion-responsive-typography-calculated\" data-fontsize=\"16\" data-lineheight=\"24px\"><strong>MyCore Mosaic P 8C BTE<\/strong><\/h3>\n<p>Gi\u1ea3i ph\u00e1p \u0111\u00e1ng tin c\u1eady cho t\u00ecnh tr\u1ea1ng m\u1ea5t th\u00ednh l\u1ef1c t\u1eeb n\u1eb7ng \u0111\u1ebfn s\u00e2u.<\/p>\n<p>Mosaic P mang \u0111\u1ebfn t\u00ednh n\u0103ng ph\u00e1t tr\u1ef1c ti\u1ebfp v\u00e0 MyCore cho nh\u1eefng ng\u01b0\u1eddi \u0111eo b\u1ecb khi\u1ebfm th\u00ednh th\u1eadm ch\u00ed nghi\u00eam tr\u1ecdng. N\u00f3 v\u1eeba v\u1eb7n tho\u1ea3i m\u00e1i nh\u01b0ng v\u1eabn k\u00edn \u0111\u00e1o.<\/p>\n<h3 class=\"fusion-responsive-typography-calculated\" data-fontsize=\"16\" data-lineheight=\"24px\"><strong>Truy\u1ec1n tr\u1ef1c ti\u1ebfp<\/strong><\/h3>\n<p>K\u1ebft n\u1ed1i tr\u1ef1c ti\u1ebfp v\u1edbi iPhone, TV v\u00e0 c\u00e1c thi\u1ebft b\u1ecb h\u1ed7 tr\u1ee3 Bluetooth kh\u00e1c th\u00f4ng qua Smart Transmitter 2.4 v\u00e0 Smart Mic.<\/p>\n<h3 class=\"fusion-responsive-typography-calculated\" data-fontsize=\"16\" data-lineheight=\"24px\"><strong>My Voice<\/strong><\/h3>\n<p>\u0110\u1ea3m b\u1ea3o \u1ea5n t\u01b0\u1ee3ng gi\u1ecdng n\u00f3i t\u1ef1 nhi\u00ean c\u1ee7a ng\u01b0\u1eddi \u0111eo. My Voice nh\u1eadn ra gi\u1ecdng n\u00f3i c\u00e1 nh\u00e2n c\u1ee7a ng\u01b0\u1eddi \u0111eo v\u00e0 x\u1eed l\u00fd n\u00f3 kh\u00e1c v\u1edbi nh\u1eefng gi\u1ecdng n\u00f3i v\u00e0 \u00e2m thanh kh\u00e1c.<\/p>\n<h3 class=\"fusion-responsive-typography-calculated\" data-fontsize=\"16\" data-lineheight=\"24px\"><strong>T\u00f9y ch\u1ecdn T -coil<\/strong><\/h3>\n<p>C\u1eeda pin t\u00f9y ch\u1ecdn \u0111\u01b0\u1ee3c t\u00edch h\u1ee3p T -coil \u0111\u1ea3m b\u1ea3o s\u1ef1 hi\u1ec3u bi\u1ebft t\u1ed1i \u01b0u \u1edf c\u00e1c v\u1ecb tr\u00ed \u0111\u01b0\u1ee3c trang b\u1ecb h\u1ec7 th\u1ed1ng v\u00f2ng l\u1eb7p.<\/p>\n<\/div>\n<\/div>\n<\/div>\n<\/div>\n<\/div>\n","protected":false},"excerpt":{"rendered":"<ul>\n<li>V\u1eadn chuy\u1ec3n tr\u00ean to\u00e0n qu\u1ed1c<\/li>\n<li>Cam k\u1ebft s\u1ea3n ph\u1ea9m \u0111\u00fang ch\u1ea5t l\u01b0\u1ee3ng mi\u00eau t\u1ea3 tr\u00ean website<\/li>\n<li>B\u1ea3o h\u00e0nh ch\u00ednh h\u00e3ng<\/li>\n<li>Ki\u1ec3m tra h\u00e0ng tr\u01b0\u1edbc khi thanh to\u00e1n<\/li>\n<li>Hotline: 035 609 3690<\/li>\n<\/ul>\n","protected":false},"featured_media":498,"template":"","meta":[],"product_cat":[43,38,39,40,41,26,30,44,42],"product_tag":[],"yoast_head":"<!-- This site is optimized with the Yoast SEO plugin v16.5 - https:\/\/yoast.com\/wordpress\/plugins\/seo\/ -->\n<title>MyCore Mosaic M\/P 8C BTE - HearLIFE Vi\u1ec7t Nam<\/title>\n<meta name=\"robots\" content=\"noindex, follow, max-snippet:-1, max-image-preview:large, max-video-preview:-1\" \/>\n<meta property=\"og:locale\" content=\"vi_VN\" \/>\n<meta property=\"og:type\" content=\"article\" \/>\n<meta property=\"og:title\" content=\"MyCore Mosaic M\/P 8C BTE - HearLIFE Vi\u1ec7t Nam\" \/>\n<meta property=\"og:description\" content=\"V\u1eadn chuy\u1ec3n tr\u00ean to\u00e0n qu\u1ed1c  Cam k\u1ebft s\u1ea3n ph\u1ea9m \u0111\u00fang ch\u1ea5t l\u01b0\u1ee3ng mi\u00eau t\u1ea3 tr\u00ean website  B\u1ea3o h\u00e0nh ch\u00ednh h\u00e3ng  Ki\u1ec3m tra h\u00e0ng tr\u01b0\u1edbc khi thanh to\u00e1n  Hotline: 035 609 3690\" \/>\n<meta property=\"og:url\" content=\"http:\/\/mau.hoabinhweb.com\/congnghe1\/san-pham\/mycore-mosaic-m-p-8c-bte\/\" \/>\n<meta property=\"og:site_name\" content=\"HearLIFE Vi\u1ec7t Nam\" \/>\n<meta property=\"article:modified_time\" content=\"2021-07-06T07:55:03+00:00\" \/>\n<meta property=\"og:image\" content=\"http:\/\/mau.hoabinhweb.com\/congnghe1\/wp-content\/uploads\/2020\/08\/sanpham-hearlife8.jpg\" \/>\n\t<meta property=\"og:image:width\" content=\"301\" \/>\n\t<meta property=\"og:image:height\" content=\"301\" \/>\n<meta name=\"twitter:card\" content=\"summary_large_image\" \/>\n<meta name=\"twitter:label1\" content=\"\u01af\u1edbc t\u00ednh th\u1eddi gian \u0111\u1ecdc\" \/>\n\t<meta name=\"twitter:data1\" content=\"2 ph\u00fat\" \/>\n<script type=\"application\/ld+json\" class=\"yoast-schema-graph\">{\"@context\":\"https:\/\/schema.org\",\"@graph\":[{\"@type\":\"WebSite\",\"@id\":\"http:\/\/mau.hoabinhweb.com\/congnghe1\/#website\",\"url\":\"http:\/\/mau.hoabinhweb.com\/congnghe1\/\",\"name\":\"HearLIFE Vi\\u1ec7t Nam\",\"description\":\"\",\"potentialAction\":[{\"@type\":\"SearchAction\",\"target\":\"http:\/\/mau.hoabinhweb.com\/congnghe1\/?s={search_term_string}\",\"query-input\":\"required name=search_term_string\"}],\"inLanguage\":\"vi\"},{\"@type\":\"ImageObject\",\"@id\":\"http:\/\/mau.hoabinhweb.com\/congnghe1\/san-pham\/mycore-mosaic-m-p-8c-bte\/#primaryimage\",\"inLanguage\":\"vi\",\"url\":\"http:\/\/mau.hoabinhweb.com\/congnghe1\/wp-content\/uploads\/2020\/08\/sanpham-hearlife8.jpg\",\"contentUrl\":\"http:\/\/mau.hoabinhweb.com\/congnghe1\/wp-content\/uploads\/2020\/08\/sanpham-hearlife8.jpg\",\"width\":301,\"height\":301,\"caption\":\"Sanpham Hearlife8\"},{\"@type\":\"WebPage\",\"@id\":\"http:\/\/mau.hoabinhweb.com\/congnghe1\/san-pham\/mycore-mosaic-m-p-8c-bte\/#webpage\",\"url\":\"http:\/\/mau.hoabinhweb.com\/congnghe1\/san-pham\/mycore-mosaic-m-p-8c-bte\/\",\"name\":\"MyCore Mosaic M\/P 8C BTE - HearLIFE Vi\\u1ec7t Nam\",\"isPartOf\":{\"@id\":\"http:\/\/mau.hoabinhweb.com\/congnghe1\/#website\"},\"primaryImageOfPage\":{\"@id\":\"http:\/\/mau.hoabinhweb.com\/congnghe1\/san-pham\/mycore-mosaic-m-p-8c-bte\/#primaryimage\"},\"datePublished\":\"2020-08-21T00:36:19+00:00\",\"dateModified\":\"2021-07-06T07:55:03+00:00\",\"breadcrumb\":{\"@id\":\"http:\/\/mau.hoabinhweb.com\/congnghe1\/san-pham\/mycore-mosaic-m-p-8c-bte\/#breadcrumb\"},\"inLanguage\":\"vi\",\"potentialAction\":[{\"@type\":\"ReadAction\",\"target\":[\"http:\/\/mau.hoabinhweb.com\/congnghe1\/san-pham\/mycore-mosaic-m-p-8c-bte\/\"]}]},{\"@type\":\"BreadcrumbList\",\"@id\":\"http:\/\/mau.hoabinhweb.com\/congnghe1\/san-pham\/mycore-mosaic-m-p-8c-bte\/#breadcrumb\",\"itemListElement\":[{\"@type\":\"ListItem\",\"position\":1,\"name\":\"Trang ch\\u1ee7\",\"item\":\"http:\/\/mau.hoabinhweb.com\/congnghe1\/\"},{\"@type\":\"ListItem\",\"position\":2,\"name\":\"S\\u1ea3n ph\\u1ea9m\",\"item\":\"http:\/\/mau.hoabinhweb.com\/congnghe1\/san-pham\/\"},{\"@type\":\"ListItem\",\"position\":3,\"name\":\"M\\u00e1y tr\\u1ee3 th\\u00ednh\",\"item\":\"http:\/\/mau.hoabinhweb.com\/congnghe1\/danh-muc\/may-tro-thinh\/\"},{\"@type\":\"ListItem\",\"position\":4,\"name\":\"MyCore Mosaic M\/P 8C BTE\"}]}]}<\/script>\n<!-- \/ Yoast SEO plugin. -->","_links":{"self":[{"href":"http:\/\/mau.hoabinhweb.com\/congnghe1\/wp-json\/wp\/v2\/product\/106"}],"collection":[{"href":"http:\/\/mau.hoabinhweb.com\/congnghe1\/wp-json\/wp\/v2\/product"}],"about":[{"href":"http:\/\/mau.hoabinhweb.com\/congnghe1\/wp-json\/wp\/v2\/types\/product"}],"wp:featuredmedia":[{"embeddable":true,"href":"http:\/\/mau.hoabinhweb.com\/congnghe1\/wp-json\/wp\/v2\/media\/498"}],"wp:attachment":[{"href":"http:\/\/mau.hoabinhweb.com\/congnghe1\/wp-json\/wp\/v2\/media?parent=106"}],"wp:term":[{"taxonomy":"product_cat","embeddable":true,"href":"http:\/\/mau.hoabinhweb.com\/congnghe1\/wp-json\/wp\/v2\/product_cat?post=106"},{"taxonomy":"product_tag","embeddable":true,"href":"http:\/\/mau.hoabinhweb.com\/congnghe1\/wp-json\/wp\/v2\/product_tag?post=106"}],"curies":[{"name":"wp","href":"https:\/\/api.w.org\/{rel}","templated":true}]}}