{"id":105,"date":"2020-08-21T07:36:18","date_gmt":"2020-08-21T00:36:18","guid":{"rendered":"http:\/\/mau.hoabinhweb.com\/congnghe1\/?post_type=product&#038;p=105"},"modified":"2021-07-06T14:56:18","modified_gmt":"2021-07-06T07:56:18","slug":"mycore-inox-cic-8c","status":"publish","type":"product","link":"http:\/\/mau.hoabinhweb.com\/congnghe1\/san-pham\/mycore-inox-cic-8c\/","title":{"rendered":"MyCore inoX CIC 8C"},"content":{"rendered":"<div class=\"fusion-fullwidth fullwidth-box fusion-builder-row-1 fusion-flex-container nonhundred-percent-fullwidth non-hundred-percent-height-scrolling\">\n<div class=\"fusion-builder-row fusion-row fusion-flex-align-items-flex-start\">\n<div class=\"fusion-layout-column fusion_builder_column fusion-builder-column-0 fusion_builder_column_1_1 1_1 fusion-flex-column\">\n<div class=\"fusion-column-wrapper fusion-flex-justify-content-flex-start fusion-content-layout-column\">\n<div class=\"fusion-text fusion-text-1\">\n<p>K\u1ebft h\u1ee3p s\u1ef1 tho\u1ea3i m\u00e1i v\u00e0 th\u1ea9m m\u1ef9 khi v\u1eeba kh\u00edt v\u00f4 h\u00ecnh b\u00ean trong \u1ed1ng tai.<\/p>\n<p>inoX 8C l\u00e0 thi\u1ebft b\u1ecb tr\u1ee3 th\u00ednh nh\u00e9t trong tai t\u1ee9c th\u00ec, k\u1ebft h\u1ee3p c\u00f4ng ngh\u1ec7 MyCore v\u00e0 c\u00f4ng ngh\u1ec7 MyCore.<\/p>\n<\/div>\n<\/div>\n<\/div>\n<\/div>\n<\/div>\n<div class=\"fusion-fullwidth fullwidth-box fusion-builder-row-2 fusion-flex-container nonhundred-percent-fullwidth non-hundred-percent-height-scrolling\">\n<div class=\"fusion-builder-row fusion-row fusion-flex-align-items-flex-start\">\n<div class=\"fusion-layout-column fusion_builder_column fusion-builder-column-1 fusion_builder_column_1_3 1_3 fusion-flex-column\">\n<div class=\"fusion-column-wrapper fusion-flex-justify-content-flex-start fusion-content-layout-column\">\n<div><span class=\" fusion-imageframe imageframe-none imageframe-2 hover-type-none\"><img loading=\"lazy\" class=\"img-responsive wp-image-2087\" title=\"MyCore inoX CIC 8C\" src=\"https:\/\/hearlifevietnam.com\/wp-content\/uploads\/2020\/12\/MyCore_inoX_8C_black_pair-300x200.png\" sizes=\"(max-width: 1024px) 100vw, (max-width: 640px) 100vw, 400px\" srcset=\"https:\/\/hearlifevietnam.com\/wp-content\/uploads\/2020\/12\/MyCore_inoX_8C_black_pair-200x133.png 200w, https:\/\/hearlifevietnam.com\/wp-content\/uploads\/2020\/12\/MyCore_inoX_8C_black_pair-400x266.png 400w, https:\/\/hearlifevietnam.com\/wp-content\/uploads\/2020\/12\/MyCore_inoX_8C_black_pair-600x400.png 600w, https:\/\/hearlifevietnam.com\/wp-content\/uploads\/2020\/12\/MyCore_inoX_8C_black_pair-800x533.png 800w, https:\/\/hearlifevietnam.com\/wp-content\/uploads\/2020\/12\/MyCore_inoX_8C_black_pair.png 1000w\" alt=\"MyCore inoX CIC 8C\" width=\"300\" height=\"200\" \/><\/span><\/div>\n<\/div>\n<\/div>\n<div class=\"fusion-layout-column fusion_builder_column fusion-builder-column-2 fusion_builder_column_2_3 2_3 fusion-flex-column\">\n<div class=\"fusion-column-wrapper fusion-flex-justify-content-flex-start fusion-content-layout-column\">\n<div class=\"fusion-text fusion-text-2\">\n<h3 class=\"fusion-responsive-typography-calculated\" data-fontsize=\"16\" data-lineheight=\"24px\"><strong>Gi\u1ea3i ph\u00e1p CIC t\u1ee9c th\u00ec<\/strong><\/h3>\n<p>S\u1ef1 t\u00f9y \u00fd t\u1ed1i \u0111a \u0111\u01b0\u1ee3c \u0111\u1ea3m b\u1ea3o b\u1edfi m\u1ed9t m\u00f4-\u0111un CIC nh\u1ecf \u0111\u01b0\u1ee3c b\u1ed5 sung v\u1edbi Tay \u00e1o b\u1ea5m tho\u1ea3i m\u00e1i.<\/p>\n<h3 class=\"fusion-responsive-typography-calculated\" data-fontsize=\"16\" data-lineheight=\"24px\"><strong>\u0110\u1ecbnh h\u01b0\u1edbng m\u1ed9t micr\u00f4 hai tai<\/strong><\/h3>\n<p>Nghe d\u1ec5 d\u00e0ng h\u01a1n trong m\u00f4i tr\u01b0\u1eddng th\u1eed th\u00e1ch.<\/p>\n<h3 class=\"fusion-responsive-typography-calculated\" data-fontsize=\"16\" data-lineheight=\"24px\"><strong>Kh\u1ea3 n\u0103ng \u0111i\u1ec1u khi\u1ec3n t\u1eeb xa<\/strong><\/h3>\n<p>\u0110i\u1ec1u khi\u1ec3n t\u1eeb xa k\u00edch th\u01b0\u1edbc nh\u1ecf ho\u1eb7c \u1ee8ng d\u1ee5ng cho ph\u00e9p ng\u01b0\u1eddi \u0111eo t\u00f9y \u00fd \u0111i\u1ec1u khi\u1ec3n thi\u1ebft b\u1ecb h\u1ed7 tr\u1ee3 \u0111i\u1ec1u tr\u1ea7n c\u1ee7a h\u1ecd.<\/p>\n<\/div>\n<\/div>\n<\/div>\n<\/div>\n<\/div>\n<div class=\"fusion-fullwidth fullwidth-box fusion-builder-row-3 fusion-flex-container nonhundred-percent-fullwidth non-hundred-percent-height-scrolling\">\n<div class=\"fusion-builder-row fusion-row fusion-flex-align-items-flex-start\">\n<div class=\"fusion-layout-column fusion_builder_column fusion-builder-column-3 fusion_builder_column_1_2 1_2 fusion-flex-column\">\n<div class=\"fusion-column-wrapper fusion-flex-justify-content-flex-start fusion-content-layout-column\">\n<div class=\"fusion-text fusion-text-3\">\n<h2 class=\"fusion-responsive-typography-calculated\" data-fontsize=\"28\" data-lineheight=\"33.6px\"><strong>T\u00ednh n\u0103ng MyCore:<\/strong><\/h2>\n<ul>\n<li>X\u1eed l\u00fd t\u00edn hi\u1ec7u hai d\u00e2y<\/li>\n<li>T\u01b0\u01a1ng th\u00edch v\u1edbi CROS inoX 8C<\/li>\n<li>C\u00f3 th\u1ec3 \u0111\u01b0\u1ee3c \u0111i\u1ec1u khi\u1ec3n t\u1eeb xa th\u00f4ng qua \u0111i\u1ec1u khi\u1ec3n t\u1eeb xa ho\u1eb7c \u1ee9ng d\u1ee5ng<\/li>\n<\/ul>\n<\/div>\n<\/div>\n<\/div>\n<\/div>\n<\/div>\n","protected":false},"excerpt":{"rendered":"<ul>\n<li>V\u1eadn chuy\u1ec3n tr\u00ean to\u00e0n qu\u1ed1c<\/li>\n<li>Cam k\u1ebft s\u1ea3n ph\u1ea9m \u0111\u00fang ch\u1ea5t l\u01b0\u1ee3ng mi\u00eau t\u1ea3 tr\u00ean website<\/li>\n<li>B\u1ea3o h\u00e0nh ch\u00ednh h\u00e3ng<\/li>\n<li>Ki\u1ec3m tra h\u00e0ng tr\u01b0\u1edbc khi thanh to\u00e1n<\/li>\n<li>Hotline: 035 609 3690<\/li>\n<\/ul>\n","protected":false},"featured_media":499,"template":"","meta":[],"product_cat":[43,38,39,40,41,26,30,44,42],"product_tag":[],"yoast_head":"<!-- This site is optimized with the Yoast SEO plugin v16.5 - https:\/\/yoast.com\/wordpress\/plugins\/seo\/ -->\n<title>MyCore inoX CIC 8C - HearLIFE Vi\u1ec7t Nam<\/title>\n<meta name=\"robots\" content=\"noindex, follow, max-snippet:-1, max-image-preview:large, max-video-preview:-1\" \/>\n<meta property=\"og:locale\" content=\"vi_VN\" \/>\n<meta property=\"og:type\" content=\"article\" \/>\n<meta property=\"og:title\" content=\"MyCore inoX CIC 8C - HearLIFE Vi\u1ec7t Nam\" \/>\n<meta property=\"og:description\" content=\"V\u1eadn chuy\u1ec3n tr\u00ean to\u00e0n qu\u1ed1c  Cam k\u1ebft s\u1ea3n ph\u1ea9m \u0111\u00fang ch\u1ea5t l\u01b0\u1ee3ng mi\u00eau t\u1ea3 tr\u00ean website  B\u1ea3o h\u00e0nh ch\u00ednh h\u00e3ng  Ki\u1ec3m tra h\u00e0ng tr\u01b0\u1edbc khi thanh to\u00e1n  Hotline: 035 609 3690\" \/>\n<meta property=\"og:url\" content=\"http:\/\/mau.hoabinhweb.com\/congnghe1\/san-pham\/mycore-inox-cic-8c\/\" \/>\n<meta property=\"og:site_name\" content=\"HearLIFE Vi\u1ec7t Nam\" \/>\n<meta property=\"article:modified_time\" content=\"2021-07-06T07:56:18+00:00\" \/>\n<meta property=\"og:image\" content=\"http:\/\/mau.hoabinhweb.com\/congnghe1\/wp-content\/uploads\/2020\/08\/sanpham-hearlife9.jpg\" \/>\n\t<meta property=\"og:image:width\" content=\"362\" \/>\n\t<meta property=\"og:image:height\" content=\"362\" \/>\n<meta name=\"twitter:card\" content=\"summary_large_image\" \/>\n<meta name=\"twitter:label1\" content=\"\u01af\u1edbc t\u00ednh th\u1eddi gian \u0111\u1ecdc\" \/>\n\t<meta name=\"twitter:data1\" content=\"1 ph\u00fat\" \/>\n<script type=\"application\/ld+json\" class=\"yoast-schema-graph\">{\"@context\":\"https:\/\/schema.org\",\"@graph\":[{\"@type\":\"WebSite\",\"@id\":\"http:\/\/mau.hoabinhweb.com\/congnghe1\/#website\",\"url\":\"http:\/\/mau.hoabinhweb.com\/congnghe1\/\",\"name\":\"HearLIFE Vi\\u1ec7t Nam\",\"description\":\"\",\"potentialAction\":[{\"@type\":\"SearchAction\",\"target\":\"http:\/\/mau.hoabinhweb.com\/congnghe1\/?s={search_term_string}\",\"query-input\":\"required name=search_term_string\"}],\"inLanguage\":\"vi\"},{\"@type\":\"ImageObject\",\"@id\":\"http:\/\/mau.hoabinhweb.com\/congnghe1\/san-pham\/mycore-inox-cic-8c\/#primaryimage\",\"inLanguage\":\"vi\",\"url\":\"http:\/\/mau.hoabinhweb.com\/congnghe1\/wp-content\/uploads\/2020\/08\/sanpham-hearlife9.jpg\",\"contentUrl\":\"http:\/\/mau.hoabinhweb.com\/congnghe1\/wp-content\/uploads\/2020\/08\/sanpham-hearlife9.jpg\",\"width\":362,\"height\":362,\"caption\":\"Sanpham Hearlife9\"},{\"@type\":\"WebPage\",\"@id\":\"http:\/\/mau.hoabinhweb.com\/congnghe1\/san-pham\/mycore-inox-cic-8c\/#webpage\",\"url\":\"http:\/\/mau.hoabinhweb.com\/congnghe1\/san-pham\/mycore-inox-cic-8c\/\",\"name\":\"MyCore inoX CIC 8C - HearLIFE Vi\\u1ec7t Nam\",\"isPartOf\":{\"@id\":\"http:\/\/mau.hoabinhweb.com\/congnghe1\/#website\"},\"primaryImageOfPage\":{\"@id\":\"http:\/\/mau.hoabinhweb.com\/congnghe1\/san-pham\/mycore-inox-cic-8c\/#primaryimage\"},\"datePublished\":\"2020-08-21T00:36:18+00:00\",\"dateModified\":\"2021-07-06T07:56:18+00:00\",\"breadcrumb\":{\"@id\":\"http:\/\/mau.hoabinhweb.com\/congnghe1\/san-pham\/mycore-inox-cic-8c\/#breadcrumb\"},\"inLanguage\":\"vi\",\"potentialAction\":[{\"@type\":\"ReadAction\",\"target\":[\"http:\/\/mau.hoabinhweb.com\/congnghe1\/san-pham\/mycore-inox-cic-8c\/\"]}]},{\"@type\":\"BreadcrumbList\",\"@id\":\"http:\/\/mau.hoabinhweb.com\/congnghe1\/san-pham\/mycore-inox-cic-8c\/#breadcrumb\",\"itemListElement\":[{\"@type\":\"ListItem\",\"position\":1,\"name\":\"Trang ch\\u1ee7\",\"item\":\"http:\/\/mau.hoabinhweb.com\/congnghe1\/\"},{\"@type\":\"ListItem\",\"position\":2,\"name\":\"S\\u1ea3n ph\\u1ea9m\",\"item\":\"http:\/\/mau.hoabinhweb.com\/congnghe1\/san-pham\/\"},{\"@type\":\"ListItem\",\"position\":3,\"name\":\"M\\u00e1y tr\\u1ee3 th\\u00ednh\",\"item\":\"http:\/\/mau.hoabinhweb.com\/congnghe1\/danh-muc\/may-tro-thinh\/\"},{\"@type\":\"ListItem\",\"position\":4,\"name\":\"MyCore inoX CIC 8C\"}]}]}<\/script>\n<!-- \/ Yoast SEO plugin. -->","_links":{"self":[{"href":"http:\/\/mau.hoabinhweb.com\/congnghe1\/wp-json\/wp\/v2\/product\/105"}],"collection":[{"href":"http:\/\/mau.hoabinhweb.com\/congnghe1\/wp-json\/wp\/v2\/product"}],"about":[{"href":"http:\/\/mau.hoabinhweb.com\/congnghe1\/wp-json\/wp\/v2\/types\/product"}],"wp:featuredmedia":[{"embeddable":true,"href":"http:\/\/mau.hoabinhweb.com\/congnghe1\/wp-json\/wp\/v2\/media\/499"}],"wp:attachment":[{"href":"http:\/\/mau.hoabinhweb.com\/congnghe1\/wp-json\/wp\/v2\/media?parent=105"}],"wp:term":[{"taxonomy":"product_cat","embeddable":true,"href":"http:\/\/mau.hoabinhweb.com\/congnghe1\/wp-json\/wp\/v2\/product_cat?post=105"},{"taxonomy":"product_tag","embeddable":true,"href":"http:\/\/mau.hoabinhweb.com\/congnghe1\/wp-json\/wp\/v2\/product_tag?post=105"}],"curies":[{"name":"wp","href":"https:\/\/api.w.org\/{rel}","templated":true}]}}