{"id":104,"date":"2020-08-21T07:36:18","date_gmt":"2020-08-21T00:36:18","guid":{"rendered":"http:\/\/mau.hoabinhweb.com\/congnghe1\/?post_type=product&#038;p=104"},"modified":"2021-07-06T14:57:29","modified_gmt":"2021-07-06T07:57:29","slug":"mycore-sterling-8c-cic-iic","status":"publish","type":"product","link":"http:\/\/mau.hoabinhweb.com\/congnghe1\/san-pham\/mycore-sterling-8c-cic-iic\/","title":{"rendered":"MyCore Sterling 8C CIC \/ IIC"},"content":{"rendered":"<div class=\"fusion-fullwidth fullwidth-box fusion-builder-row-2 fusion-flex-container nonhundred-percent-fullwidth non-hundred-percent-height-scrolling\">\n<div class=\"fusion-builder-row fusion-row fusion-flex-align-items-flex-start\">\n<div class=\"fusion-layout-column fusion_builder_column fusion-builder-column-2 fusion_builder_column_2_3 2_3 fusion-flex-column\">\n<div class=\"fusion-column-wrapper fusion-flex-justify-content-flex-start fusion-content-layout-column\">\n<div class=\"fusion-text fusion-text-2\">\n<p>T\u00f9y \u00fd t\u1ed1i \u0111a v\u1edbi c\u00f4ng ngh\u1ec7 MyCore.<\/p>\n<h3 class=\"fusion-responsive-typography-calculated\" data-fontsize=\"16\" data-lineheight=\"24px\"><strong>K\u00edch th\u01b0\u1edbc nh\u1ecf<\/strong><\/h3>\n<p>S\u1ef1 t\u00f9y \u00fd t\u1ed1i \u0111a \u0111\u01b0\u1ee3c \u0111\u1ea3m b\u1ea3o b\u1edfi c\u00e1c th\u00e0nh ph\u1ea7n nh\u1ecf v\u00e0 nh\u00e0 \u1edf t\u00f9y ch\u1ec9nh.<\/p>\n<h3 class=\"fusion-responsive-typography-calculated\" data-fontsize=\"16\" data-lineheight=\"24px\"><strong>X\u1eed l\u00fd t\u00edn hi\u1ec7u hai d\u00e2y<\/strong><\/h3>\n<p>Nghe d\u1ec5 d\u00e0ng h\u01a1n trong m\u00f4i tr\u01b0\u1eddng \u1ed3n \u00e0o<\/p>\n<h3 class=\"fusion-responsive-typography-calculated\" data-fontsize=\"16\" data-lineheight=\"24px\"><strong>Kh\u1ea3 n\u0103ng \u0111i\u1ec1u khi\u1ec3n t\u1eeb xa<\/strong><\/h3>\n<p>\u0110i\u1ec1u khi\u1ec3n t\u1eeb xa k\u00edch th\u01b0\u1edbc nh\u1ecf ho\u1eb7c \u1ee8ng d\u1ee5ng Rexton cho ph\u00e9p ng\u01b0\u1eddi \u0111eo t\u00f9y \u00fd \u0111i\u1ec1u khi\u1ec3n thi\u1ebft b\u1ecb h\u1ed7 tr\u1ee3 \u0111i\u1ec1u tr\u1ea7n c\u1ee7a h\u1ecd.<\/p>\n<\/div>\n<\/div>\n<\/div>\n<\/div>\n<\/div>\n<div class=\"fusion-fullwidth fullwidth-box fusion-builder-row-3 fusion-flex-container nonhundred-percent-fullwidth non-hundred-percent-height-scrolling\">\n<div class=\"fusion-builder-row fusion-row fusion-flex-align-items-flex-start\">\n<div class=\"fusion-layout-column fusion_builder_column fusion-builder-column-3 fusion_builder_column_1_2 1_2 fusion-flex-column\">\n<div class=\"fusion-column-wrapper fusion-flex-justify-content-flex-start fusion-content-layout-column\">\n<div class=\"fusion-text fusion-text-3\">\n<h2 class=\"fusion-responsive-typography-calculated\" data-fontsize=\"28\" data-lineheight=\"33.6px\"><strong>T\u00ednh n\u0103ng MyCore:<\/strong><\/h2>\n<ul>\n<li>X\u1eed l\u00fd t\u00edn hi\u1ec7u hai d\u00e2y<\/li>\n<li>T\u01b0\u01a1ng th\u00edch v\u1edbi CROS inoX 8C<\/li>\n<li>C\u00f3 th\u1ec3 \u0111\u01b0\u1ee3c \u0111i\u1ec1u khi\u1ec3n t\u1eeb xa th\u00f4ng qua \u0111i\u1ec1u khi\u1ec3n t\u1eeb xa ho\u1eb7c \u1ee9ng d\u1ee5ng<\/li>\n<\/ul>\n<\/div>\n<\/div>\n<\/div>\n<div class=\"fusion-layout-column fusion_builder_column fusion-builder-column-4 fusion_builder_column_1_2 1_2 fusion-flex-column\">\n<div class=\"fusion-column-wrapper fusion-flex-justify-content-flex-start fusion-content-layout-column\">\n<div><span class=\" fusion-imageframe imageframe-none imageframe-3 hover-type-none\"><img loading=\"lazy\" class=\"img-responsive wp-image-2086\" title=\"Rexton Mycore\" src=\"https:\/\/hearlifevietnam.com\/wp-content\/uploads\/2020\/12\/MyCore_icon_800x800px-150x150.png\" sizes=\"(max-width: 1024px) 100vw, (max-width: 640px) 100vw, 600px\" srcset=\"https:\/\/hearlifevietnam.com\/wp-content\/uploads\/2020\/12\/MyCore_icon_800x800px-200x200.png 200w, https:\/\/hearlifevietnam.com\/wp-content\/uploads\/2020\/12\/MyCore_icon_800x800px-400x400.png 400w, https:\/\/hearlifevietnam.com\/wp-content\/uploads\/2020\/12\/MyCore_icon_800x800px-600x600.png 600w, https:\/\/hearlifevietnam.com\/wp-content\/uploads\/2020\/12\/MyCore_icon_800x800px-800x800.png 800w, https:\/\/hearlifevietnam.com\/wp-content\/uploads\/2020\/12\/MyCore_icon_800x800px-1200x1200.png 1200w, https:\/\/hearlifevietnam.com\/wp-content\/uploads\/2020\/12\/MyCore_icon_800x800px.png 1280w\" alt=\"Rexton Mycore\" width=\"150\" height=\"150\" \/><\/span><\/div>\n<\/div>\n<\/div>\n<\/div>\n<\/div>\n<div class=\"fusion-fullwidth fullwidth-box fusion-builder-row-4 fusion-flex-container nonhundred-percent-fullwidth non-hundred-percent-height-scrolling\">\n<div class=\"fusion-builder-row fusion-row fusion-flex-align-items-flex-start\">\n<div class=\"fusion-layout-column fusion_builder_column fusion-builder-column-5 fusion_builder_column_1_3 1_3 fusion-flex-column\">\n<div class=\"fusion-column-wrapper fusion-flex-justify-content-flex-start fusion-content-layout-column\">\n<div><span class=\" fusion-imageframe imageframe-none imageframe-4 hover-type-none\"><img loading=\"lazy\" class=\"img-responsive wp-image-2117\" title=\"MyCore Sterling 8C ITE\/ITC\" src=\"https:\/\/hearlifevietnam.com\/wp-content\/uploads\/2020\/12\/MyCore_Sterling-ITC_8C_mocha_1600x1067-200x133.png\" sizes=\"(max-width: 1024px) 100vw, (max-width: 640px) 100vw, 400px\" srcset=\"https:\/\/hearlifevietnam.com\/wp-content\/uploads\/2020\/12\/MyCore_Sterling-ITC_8C_mocha_1600x1067-200x133.png 200w, https:\/\/hearlifevietnam.com\/wp-content\/uploads\/2020\/12\/MyCore_Sterling-ITC_8C_mocha_1600x1067-400x267.png 400w, https:\/\/hearlifevietnam.com\/wp-content\/uploads\/2020\/12\/MyCore_Sterling-ITC_8C_mocha_1600x1067-600x400.png 600w, https:\/\/hearlifevietnam.com\/wp-content\/uploads\/2020\/12\/MyCore_Sterling-ITC_8C_mocha_1600x1067-800x534.png 800w, https:\/\/hearlifevietnam.com\/wp-content\/uploads\/2020\/12\/MyCore_Sterling-ITC_8C_mocha_1600x1067-1200x800.png 1200w, https:\/\/hearlifevietnam.com\/wp-content\/uploads\/2020\/12\/MyCore_Sterling-ITC_8C_mocha_1600x1067.png 1600w\" alt=\"MyCore Sterling 8C ITE\/ITC\" width=\"200\" height=\"133\" \/><\/span><\/div>\n<\/div>\n<\/div>\n<div class=\"fusion-layout-column fusion_builder_column fusion-builder-column-6 fusion_builder_column_2_3 2_3 fusion-flex-column\">\n<div class=\"fusion-column-wrapper fusion-flex-justify-content-flex-start fusion-content-layout-column\">\n<div class=\"fusion-text fusion-text-4\">\n<h2 class=\"fusion-responsive-typography-calculated\" data-fontsize=\"28\" data-lineheight=\"33.6px\"><strong>MyCore Sterling 8C ITE \/ ITC<\/strong><\/h2>\n<p>S\u1ea3n ph\u1ea9m t\u00f9y ch\u1ec9nh \u0111\u01b0\u1ee3c th\u1ef1c hi\u1ec7n trong tai c\u00f3 t\u00ednh n\u0103ng ph\u00e1t tr\u1ef1c ti\u1ebfp<\/p>\n<h3 class=\"fusion-responsive-typography-calculated\" data-fontsize=\"16\" data-lineheight=\"24px\"><strong>Truy\u1ec1n tr\u1ef1c ti\u1ebfp t\u1edbi \u0111i\u1ec7n tho\u1ea1i, TV v\u00e0 h\u01a1n th\u1ebf n\u1eefa<\/strong><\/h3>\n<p>K\u1ebft n\u1ed1i tr\u1ef1c ti\u1ebfp v\u1edbi iPhone, TV v\u00e0 c\u00e1c thi\u1ebft b\u1ecb h\u1ed7 tr\u1ee3 Bluetooth kh\u00e1c th\u00f4ng qua B\u1ed9 ph\u00e1t th\u00f4ng minh 2.4 v\u00e0 Mic th\u00f4ng minh.<\/p>\n<h3 class=\"fusion-responsive-typography-calculated\" data-fontsize=\"16\" data-lineheight=\"24px\"><strong>Kh\u1ea3 n\u0103ng \u0111i\u1ec1u khi\u1ec3n t\u1eeb xa<\/strong><\/h3>\n<p>\u0110i\u1ec1u khi\u1ec3n t\u1eeb xa k\u00edch th\u01b0\u1edbc nh\u1ecf ho\u1eb7c \u1ee8ng d\u1ee5ng Rexton cho ph\u00e9p ng\u01b0\u1eddi \u0111eo t\u00f9y \u00fd \u0111i\u1ec1u khi\u1ec3n m\u00e1y tr\u1ee3 th\u00ednh c\u1ee7a h\u1ecd.<\/p>\n<\/div>\n<\/div>\n<\/div>\n<\/div>\n<\/div>\n","protected":false},"excerpt":{"rendered":"<ul>\n<li>V\u1eadn chuy\u1ec3n tr\u00ean to\u00e0n qu\u1ed1c<\/li>\n<li>Cam k\u1ebft s\u1ea3n ph\u1ea9m \u0111\u00fang ch\u1ea5t l\u01b0\u1ee3ng mi\u00eau t\u1ea3 tr\u00ean website<\/li>\n<li>B\u1ea3o h\u00e0nh ch\u00ednh h\u00e3ng<\/li>\n<li>Ki\u1ec3m tra h\u00e0ng tr\u01b0\u1edbc khi thanh to\u00e1n<\/li>\n<li>Hotline: 035 609 3690<\/li>\n<\/ul>\n","protected":false},"featured_media":500,"template":"","meta":[],"product_cat":[43,38,39,40,41,26,30,44,42],"product_tag":[],"yoast_head":"<!-- This site is optimized with the Yoast SEO plugin v16.5 - https:\/\/yoast.com\/wordpress\/plugins\/seo\/ -->\n<title>MyCore Sterling 8C CIC \/ IIC - HearLIFE Vi\u1ec7t Nam<\/title>\n<meta name=\"robots\" content=\"noindex, follow, max-snippet:-1, max-image-preview:large, max-video-preview:-1\" \/>\n<meta property=\"og:locale\" content=\"vi_VN\" \/>\n<meta property=\"og:type\" content=\"article\" \/>\n<meta property=\"og:title\" content=\"MyCore Sterling 8C CIC \/ IIC - HearLIFE Vi\u1ec7t Nam\" \/>\n<meta property=\"og:description\" content=\"V\u1eadn chuy\u1ec3n tr\u00ean to\u00e0n qu\u1ed1c  Cam k\u1ebft s\u1ea3n ph\u1ea9m \u0111\u00fang ch\u1ea5t l\u01b0\u1ee3ng mi\u00eau t\u1ea3 tr\u00ean website  B\u1ea3o h\u00e0nh ch\u00ednh h\u00e3ng  Ki\u1ec3m tra h\u00e0ng tr\u01b0\u1edbc khi thanh to\u00e1n  Hotline: 035 609 3690\" \/>\n<meta property=\"og:url\" content=\"http:\/\/mau.hoabinhweb.com\/congnghe1\/san-pham\/mycore-sterling-8c-cic-iic\/\" \/>\n<meta property=\"og:site_name\" content=\"HearLIFE Vi\u1ec7t Nam\" \/>\n<meta property=\"article:modified_time\" content=\"2021-07-06T07:57:29+00:00\" \/>\n<meta property=\"og:image\" content=\"http:\/\/mau.hoabinhweb.com\/congnghe1\/wp-content\/uploads\/2020\/08\/sanpham-hearlife10.jpg\" \/>\n\t<meta property=\"og:image:width\" content=\"350\" \/>\n\t<meta property=\"og:image:height\" content=\"350\" \/>\n<meta name=\"twitter:card\" content=\"summary_large_image\" \/>\n<meta name=\"twitter:label1\" content=\"\u01af\u1edbc t\u00ednh th\u1eddi gian \u0111\u1ecdc\" \/>\n\t<meta name=\"twitter:data1\" content=\"2 ph\u00fat\" \/>\n<script type=\"application\/ld+json\" class=\"yoast-schema-graph\">{\"@context\":\"https:\/\/schema.org\",\"@graph\":[{\"@type\":\"WebSite\",\"@id\":\"http:\/\/mau.hoabinhweb.com\/congnghe1\/#website\",\"url\":\"http:\/\/mau.hoabinhweb.com\/congnghe1\/\",\"name\":\"HearLIFE Vi\\u1ec7t Nam\",\"description\":\"\",\"potentialAction\":[{\"@type\":\"SearchAction\",\"target\":\"http:\/\/mau.hoabinhweb.com\/congnghe1\/?s={search_term_string}\",\"query-input\":\"required name=search_term_string\"}],\"inLanguage\":\"vi\"},{\"@type\":\"ImageObject\",\"@id\":\"http:\/\/mau.hoabinhweb.com\/congnghe1\/san-pham\/mycore-sterling-8c-cic-iic\/#primaryimage\",\"inLanguage\":\"vi\",\"url\":\"http:\/\/mau.hoabinhweb.com\/congnghe1\/wp-content\/uploads\/2020\/08\/sanpham-hearlife10.jpg\",\"contentUrl\":\"http:\/\/mau.hoabinhweb.com\/congnghe1\/wp-content\/uploads\/2020\/08\/sanpham-hearlife10.jpg\",\"width\":350,\"height\":350,\"caption\":\"Sanpham Hearlife10\"},{\"@type\":\"WebPage\",\"@id\":\"http:\/\/mau.hoabinhweb.com\/congnghe1\/san-pham\/mycore-sterling-8c-cic-iic\/#webpage\",\"url\":\"http:\/\/mau.hoabinhweb.com\/congnghe1\/san-pham\/mycore-sterling-8c-cic-iic\/\",\"name\":\"MyCore Sterling 8C CIC \/ IIC - HearLIFE Vi\\u1ec7t Nam\",\"isPartOf\":{\"@id\":\"http:\/\/mau.hoabinhweb.com\/congnghe1\/#website\"},\"primaryImageOfPage\":{\"@id\":\"http:\/\/mau.hoabinhweb.com\/congnghe1\/san-pham\/mycore-sterling-8c-cic-iic\/#primaryimage\"},\"datePublished\":\"2020-08-21T00:36:18+00:00\",\"dateModified\":\"2021-07-06T07:57:29+00:00\",\"breadcrumb\":{\"@id\":\"http:\/\/mau.hoabinhweb.com\/congnghe1\/san-pham\/mycore-sterling-8c-cic-iic\/#breadcrumb\"},\"inLanguage\":\"vi\",\"potentialAction\":[{\"@type\":\"ReadAction\",\"target\":[\"http:\/\/mau.hoabinhweb.com\/congnghe1\/san-pham\/mycore-sterling-8c-cic-iic\/\"]}]},{\"@type\":\"BreadcrumbList\",\"@id\":\"http:\/\/mau.hoabinhweb.com\/congnghe1\/san-pham\/mycore-sterling-8c-cic-iic\/#breadcrumb\",\"itemListElement\":[{\"@type\":\"ListItem\",\"position\":1,\"name\":\"Trang ch\\u1ee7\",\"item\":\"http:\/\/mau.hoabinhweb.com\/congnghe1\/\"},{\"@type\":\"ListItem\",\"position\":2,\"name\":\"S\\u1ea3n ph\\u1ea9m\",\"item\":\"http:\/\/mau.hoabinhweb.com\/congnghe1\/san-pham\/\"},{\"@type\":\"ListItem\",\"position\":3,\"name\":\"M\\u00e1y tr\\u1ee3 th\\u00ednh\",\"item\":\"http:\/\/mau.hoabinhweb.com\/congnghe1\/danh-muc\/may-tro-thinh\/\"},{\"@type\":\"ListItem\",\"position\":4,\"name\":\"MyCore Sterling 8C CIC \/ IIC\"}]}]}<\/script>\n<!-- \/ Yoast SEO plugin. -->","_links":{"self":[{"href":"http:\/\/mau.hoabinhweb.com\/congnghe1\/wp-json\/wp\/v2\/product\/104"}],"collection":[{"href":"http:\/\/mau.hoabinhweb.com\/congnghe1\/wp-json\/wp\/v2\/product"}],"about":[{"href":"http:\/\/mau.hoabinhweb.com\/congnghe1\/wp-json\/wp\/v2\/types\/product"}],"wp:featuredmedia":[{"embeddable":true,"href":"http:\/\/mau.hoabinhweb.com\/congnghe1\/wp-json\/wp\/v2\/media\/500"}],"wp:attachment":[{"href":"http:\/\/mau.hoabinhweb.com\/congnghe1\/wp-json\/wp\/v2\/media?parent=104"}],"wp:term":[{"taxonomy":"product_cat","embeddable":true,"href":"http:\/\/mau.hoabinhweb.com\/congnghe1\/wp-json\/wp\/v2\/product_cat?post=104"},{"taxonomy":"product_tag","embeddable":true,"href":"http:\/\/mau.hoabinhweb.com\/congnghe1\/wp-json\/wp\/v2\/product_tag?post=104"}],"curies":[{"name":"wp","href":"https:\/\/api.w.org\/{rel}","templated":true}]}}