{"id":58,"date":"2020-08-16T18:02:01","date_gmt":"2020-08-16T11:02:01","guid":{"rendered":"http:\/\/mau.hoabinhweb.com\/congnghe1\/?page_id=58"},"modified":"2021-07-06T15:07:32","modified_gmt":"2021-07-06T08:07:32","slug":"lien-he","status":"publish","type":"page","link":"http:\/\/mau.hoabinhweb.com\/congnghe1\/lien-he\/","title":{"rendered":"Li\u00ean h\u1ec7"},"content":{"rendered":"<h2>HearLIFE Vi\u1ec7t Nam<\/h2>\n<ul>\n<li>\u0110\u1ecba ch\u1ec9: S\u1ed1 323, \u0111\u01b0\u1eddng L\u00ea Th\u00e1nh T\u00f4ng, P. T\u00e2n Th\u1ecbnh, TP. Ho\u00e0 B\u00ecnh, Ho\u00e0 B\u00ecnh<\/li>\n<li>Hotline: 035 609 3690<\/li>\n<li>Email: webhoabinh@gmail.com<\/li>\n<\/ul>\n<h2>Ch\u1ec9 d\u1eabn b\u1ea3n \u0111\u1ed3<\/h2>\n<p><iframe loading=\"lazy\" style=\"border: 0;\" tabindex=\"0\" src=\"https:\/\/www.google.com\/maps\/embed?pb=!1m18!1m12!1m3!1d3724.8356641105634!2d105.81177421425546!3d20.999223594163375!2m3!1f0!2f0!3f0!3m2!1i1024!2i768!4f13.1!3m3!1m2!1s0x3135ac908186a8c5%3A0x2f705cd4a16f7d8f!2zMTQ4IE5ndXnhu4VuIFRyw6NpLCBUaGFuaCBYdcOibiBUcnVuZywgxJDhu5FuZyDEkGEsIEjDoCBO4buZaSwgVmnhu4d0IE5hbQ!5e0!3m2!1svi!2s!4v1606749854550!5m2!1svi!2s\" width=\"100%\" height=\"450\" frameborder=\"0\" allowfullscreen=\"allowfullscreen\" aria-hidden=\"false\"><span data-mce-type=\"bookmark\" style=\"display: inline-block; width: 0px; overflow: hidden; line-height: 0;\" class=\"mce_SELRES_start\">\ufeff<\/span><\/iframe><\/p>\n","protected":false},"excerpt":{"rendered":"<p>HearLIFE Vi\u1ec7t Nam \u0110\u1ecba ch\u1ec9: S\u1ed1 323, \u0111\u01b0\u1eddng L\u00ea Th\u00e1nh T\u00f4ng, P. T\u00e2n Th\u1ecbnh, TP. Ho\u00e0 B\u00ecnh, Ho\u00e0 B\u00ecnh Hotline: 035 609 3690 Email: webhoabinh@gmail.com Ch\u1ec9 d\u1eabn b\u1ea3n \u0111\u1ed3 \ufeff<\/p>\n","protected":false},"author":3,"featured_media":0,"parent":0,"menu_order":0,"comment_status":"closed","ping_status":"closed","template":"","meta":[],"yoast_head":"<!-- This site is optimized with the Yoast SEO plugin v16.5 - https:\/\/yoast.com\/wordpress\/plugins\/seo\/ -->\n<title>Li\u00ean h\u1ec7 - HearLIFE Vi\u1ec7t Nam<\/title>\n<meta name=\"robots\" content=\"noindex, follow, max-snippet:-1, max-image-preview:large, max-video-preview:-1\" \/>\n<meta property=\"og:locale\" content=\"vi_VN\" \/>\n<meta property=\"og:type\" content=\"article\" \/>\n<meta property=\"og:title\" content=\"Li\u00ean h\u1ec7 - HearLIFE Vi\u1ec7t Nam\" \/>\n<meta property=\"og:description\" content=\"HearLIFE Vi\u1ec7t Nam \u0110\u1ecba ch\u1ec9: S\u1ed1 323, \u0111\u01b0\u1eddng L\u00ea Th\u00e1nh T\u00f4ng, P. T\u00e2n Th\u1ecbnh, TP. Ho\u00e0 B\u00ecnh, Ho\u00e0 B\u00ecnh Hotline: 035 609 3690 Email: webhoabinh@gmail.com Ch\u1ec9 d\u1eabn b\u1ea3n \u0111\u1ed3 \ufeff\" \/>\n<meta property=\"og:url\" content=\"http:\/\/mau.hoabinhweb.com\/congnghe1\/lien-he\/\" \/>\n<meta property=\"og:site_name\" content=\"HearLIFE Vi\u1ec7t Nam\" \/>\n<meta property=\"article:modified_time\" content=\"2021-07-06T08:07:32+00:00\" \/>\n<meta name=\"twitter:card\" content=\"summary_large_image\" \/>\n<meta name=\"twitter:label1\" content=\"\u01af\u1edbc t\u00ednh th\u1eddi gian \u0111\u1ecdc\" \/>\n\t<meta name=\"twitter:data1\" content=\"1 ph\u00fat\" \/>\n<script type=\"application\/ld+json\" class=\"yoast-schema-graph\">{\"@context\":\"https:\/\/schema.org\",\"@graph\":[{\"@type\":\"WebSite\",\"@id\":\"http:\/\/mau.hoabinhweb.com\/congnghe1\/#website\",\"url\":\"http:\/\/mau.hoabinhweb.com\/congnghe1\/\",\"name\":\"HearLIFE Vi\\u1ec7t Nam\",\"description\":\"\",\"potentialAction\":[{\"@type\":\"SearchAction\",\"target\":\"http:\/\/mau.hoabinhweb.com\/congnghe1\/?s={search_term_string}\",\"query-input\":\"required name=search_term_string\"}],\"inLanguage\":\"vi\"},{\"@type\":\"WebPage\",\"@id\":\"http:\/\/mau.hoabinhweb.com\/congnghe1\/lien-he\/#webpage\",\"url\":\"http:\/\/mau.hoabinhweb.com\/congnghe1\/lien-he\/\",\"name\":\"Li\\u00ean h\\u1ec7 - HearLIFE Vi\\u1ec7t Nam\",\"isPartOf\":{\"@id\":\"http:\/\/mau.hoabinhweb.com\/congnghe1\/#website\"},\"datePublished\":\"2020-08-16T11:02:01+00:00\",\"dateModified\":\"2021-07-06T08:07:32+00:00\",\"breadcrumb\":{\"@id\":\"http:\/\/mau.hoabinhweb.com\/congnghe1\/lien-he\/#breadcrumb\"},\"inLanguage\":\"vi\",\"potentialAction\":[{\"@type\":\"ReadAction\",\"target\":[\"http:\/\/mau.hoabinhweb.com\/congnghe1\/lien-he\/\"]}]},{\"@type\":\"BreadcrumbList\",\"@id\":\"http:\/\/mau.hoabinhweb.com\/congnghe1\/lien-he\/#breadcrumb\",\"itemListElement\":[{\"@type\":\"ListItem\",\"position\":1,\"name\":\"Trang ch\\u1ee7\",\"item\":\"http:\/\/mau.hoabinhweb.com\/congnghe1\/\"},{\"@type\":\"ListItem\",\"position\":2,\"name\":\"Li\\u00ean h\\u1ec7\"}]}]}<\/script>\n<!-- \/ Yoast SEO plugin. -->","_links":{"self":[{"href":"http:\/\/mau.hoabinhweb.com\/congnghe1\/wp-json\/wp\/v2\/pages\/58"}],"collection":[{"href":"http:\/\/mau.hoabinhweb.com\/congnghe1\/wp-json\/wp\/v2\/pages"}],"about":[{"href":"http:\/\/mau.hoabinhweb.com\/congnghe1\/wp-json\/wp\/v2\/types\/page"}],"author":[{"embeddable":true,"href":"http:\/\/mau.hoabinhweb.com\/congnghe1\/wp-json\/wp\/v2\/users\/3"}],"replies":[{"embeddable":true,"href":"http:\/\/mau.hoabinhweb.com\/congnghe1\/wp-json\/wp\/v2\/comments?post=58"}],"version-history":[{"count":0,"href":"http:\/\/mau.hoabinhweb.com\/congnghe1\/wp-json\/wp\/v2\/pages\/58\/revisions"}],"wp:attachment":[{"href":"http:\/\/mau.hoabinhweb.com\/congnghe1\/wp-json\/wp\/v2\/media?parent=58"}],"curies":[{"name":"wp","href":"https:\/\/api.w.org\/{rel}","templated":true}]}}