{"id":228,"date":"2020-10-09T07:39:49","date_gmt":"2020-10-09T00:39:49","guid":{"rendered":"http:\/\/mau.hoabinhweb.com\/congnghe1\/?page_id=228"},"modified":"2021-07-06T15:06:09","modified_gmt":"2021-07-06T08:06:09","slug":"lich-su-hinh-thanh","status":"publish","type":"page","link":"http:\/\/mau.hoabinhweb.com\/congnghe1\/lich-su-hinh-thanh\/","title":{"rendered":"L\u1ecbch s\u1eed h\u00ecnh th\u00e0nh"},"content":{"rendered":"<h2>C\u00e1c gi\u1ea3i ph\u00e1p v\u1ec1 th\u00ednh gi\u00e1c \u1edf Vi\u1ec7t Nam<\/h2>\n<p>Trung T\u00e2m Tr\u1ee3 Th\u00ednh hearLIFE l\u00e0 m\u1ed9t trong nh\u1eefng nh\u00e0 cung c\u1ea5p h\u00e0ng \u0111\u1ea7u v\u1ec1 m\u00e1y tr\u1ee3 th\u00ednh v\u00e0 c\u00e1c gi\u1ea3i ph\u00e1p c\u1ea5y gh\u00e9p th\u00ednh gi\u00e1c t\u1ea1i Vi\u1ec7t Nam.<br \/>\n\u0110\u1ed9i ng\u0169 c\u1ee7a ch\u00fang t\u00f4i bao g\u1ed3m c\u00e1c nh\u00e0 th\u00ednh h\u1ecdc v\u00e0 c\u00e1c chuy\u00ean gia h\u00e0ng \u0111\u1ea7u trong ng\u00e0nh, nh\u1eb1m cung c\u1ea5p gi\u1ea3i ph\u00e1p th\u00ednh h\u1ecdc t\u1ed1t nh\u1ea5t cho kh\u00e1ch h\u00e0ng<\/p>\n<h2>THI\u1ebeT B\u1eca CH\u1ea8N \u0110O\u00c1N CAO C\u1ea4P<\/h2>\n<p>Ch\u00fang t\u00f4i trang b\u1ecb \u0111\u1ea7y \u0111\u1ee7 v\u00e0 \u0111a d\u1ea1ng c\u00e1c lo\u1ea1i m\u00e1y \u0111o th\u00ednh l\u1ef1c, nh\u0129 l\u01b0\u1ee3ng, \u00e2m ph\u00e1t \u1ed1c tai v\u00e0 m\u00e1y kh\u01a1i g\u1ee3i \u0111i\u1ec7n th\u00ednh gi\u00e1c th\u00e2n n\u00e3o ABR v\u00e0 ASSR t\u1eeb c\u00e1c nh\u00e0 cung c\u1ea5p n\u1ed5i ti\u1ebfng th\u1ebf gi\u1edbi.<\/p>\n<h2>PH\u00d2NG C\u00c1CH \u00c2M<\/h2>\n<p>Ch\u00fang t\u00f4i c\u00f3 ph\u00f2ng c\u00e1ch \u00e2m \u0111\u1ea1t ti\u00eau chu\u1ea9n gi\u00fap vi\u1ec7c ch\u1ea9n \u0111o\u00e1n ch\u00ednh x\u00e1c.<\/p>\n<h2>\u0110\u1ed8I NG\u0168 CHUY\u00caN NGHI\u1ec6P<\/h2>\n<p>Ch\u00fang t\u00f4i c\u00f3 m\u1ea1ng l\u01b0\u1edbi r\u1ed9ng kh\u1eafp c\u00e1c nh\u00e0 th\u00ednh h\u1ecdc l\u00e2m s\u00e0ng, c\u00e1c b\u00e1c s\u0129 Tai-M\u0169i-H\u1ecdng, K\u1ef9 thu\u1eadt vi\u00ean th\u00ednh h\u1ecdc, k\u1ef9 s\u01b0 l\u00e2m s\u00e0ng, nh\u00e0 \u00e2m ng\u1eef tr\u1ecb li\u1ec7u gi\u00fap ch\u0103m s\u00f3c th\u00ednh gi\u00e1c \u0111\u01b0\u1ee3c to\u00e0n di\u1ec7n.<\/p>\n<h2>M\u00c1Y TR\u1ee2 TH\u00cdNH<\/h2>\n<p>Ch\u00fang t\u00f4i cung c\u1ea5p \u0111a d\u1ea1ng nhi\u1ec1u lo\u1ea1i m\u00e1y tr\u1ee3 th\u00ednh t\u1eeb nhi\u1ec1u h\u00e3ng n\u1ed5i ti\u1ebfng th\u1ebf gi\u1edbi \u0111\u00e1p \u1ee9ng c\u00e1c nhu c\u1ea7u nghe kh\u00e1c nhau.<\/p>\n<h2>\u1ed0C TAI \u0110I\u1ec6N T\u1eec<\/h2>\n<p>Ch\u00fang t\u00f4i l\u00e0 nh\u1eefng \u0111\u1ed1i t\u00e1c c\u1ed5 ph\u1ea7n v\u1edbi Medel, nh\u00e0 s\u1ea3n xu\u1ea5t n\u1ed5i ti\u1ebfng th\u1ebf gi\u1edbi v\u1ec1 \u1ed0c tai \u0111i\u1ec7n t\u1eed. Kh\u00e1ch h\u00e0ng c\u1ee7a ch\u00fang t\u00f4i s\u1ebd l\u00e0m vi\u1ec7c v\u1edbi c\u00e1c chuy\u00ean gia th\u00ednh h\u1ecdc v\u00e0 c\u00e1c nh\u00e0 ph\u1eabu thu\u1eadt \u0111\u1ec3 \u0111\u1ea3m b\u1ea3o s\u1ee9c nghe t\u1ed1t h\u01a1n bao gi\u1edd h\u1ebft.<\/p>\n<h2>KI\u1ec2M TRA, CH\u0102M S\u00d3C M\u1eccI N\u01a0I<\/h2>\n<p>V\u1edbi m\u1ea1ng l\u01b0\u1edbi r\u1ed9ng l\u1edbn v\u00e0 c\u01a1 s\u1edf \u0111\u01b0\u1ee3c trang b\u1ecb \u0111\u1ea7y \u0111\u1ee7 \u1edf Singapore, Malaysia, Vietnam, Indonesia, Korea, Thailand, Myanmar, Cambodia v\u00e0 M\u00f4ng C\u1ed5, kh\u00e1ch h\u00e0ng c\u1ee7a ch\u00fang t\u00f4i c\u00f3 th\u1ec3 \u0111\u01b0\u1ee3c ki\u1ec3m tra, \u0111\u00e1nh gi\u00e1 v\u00e0 ch\u0103m s\u00f3c th\u00ednh gi\u00e1c b\u1ea5t k\u1ec3 n\u01a1i \u0111\u00e2u.<\/p>\n","protected":false},"excerpt":{"rendered":"<p>C\u00e1c gi\u1ea3i ph\u00e1p v\u1ec1 th\u00ednh gi\u00e1c \u1edf Vi\u1ec7t Nam Trung T\u00e2m Tr\u1ee3 Th\u00ednh hearLIFE l\u00e0 m\u1ed9t trong nh\u1eefng nh\u00e0 cung c\u1ea5p h\u00e0ng \u0111\u1ea7u v\u1ec1 m\u00e1y tr\u1ee3 th\u00ednh v\u00e0 c\u00e1c gi\u1ea3i ph\u00e1p c\u1ea5y gh\u00e9p th\u00ednh gi\u00e1c t\u1ea1i Vi\u1ec7t Nam. \u0110\u1ed9i ng\u0169 c\u1ee7a ch\u00fang t\u00f4i bao g\u1ed3m c\u00e1c nh\u00e0 th\u00ednh h\u1ecdc v\u00e0 c\u00e1c chuy\u00ean gia h\u00e0ng \u0111\u1ea7u<\/p>\n","protected":false},"author":3,"featured_media":0,"parent":0,"menu_order":0,"comment_status":"closed","ping_status":"closed","template":"","meta":[],"yoast_head":"<!-- This site is optimized with the Yoast SEO plugin v16.5 - https:\/\/yoast.com\/wordpress\/plugins\/seo\/ -->\n<title>L\u1ecbch s\u1eed h\u00ecnh th\u00e0nh - HearLIFE Vi\u1ec7t Nam<\/title>\n<meta name=\"robots\" content=\"noindex, follow, max-snippet:-1, max-image-preview:large, max-video-preview:-1\" \/>\n<meta property=\"og:locale\" content=\"vi_VN\" \/>\n<meta property=\"og:type\" content=\"article\" \/>\n<meta property=\"og:title\" content=\"L\u1ecbch s\u1eed h\u00ecnh th\u00e0nh - HearLIFE Vi\u1ec7t Nam\" \/>\n<meta property=\"og:description\" content=\"C\u00e1c gi\u1ea3i ph\u00e1p v\u1ec1 th\u00ednh gi\u00e1c \u1edf Vi\u1ec7t Nam Trung T\u00e2m Tr\u1ee3 Th\u00ednh hearLIFE l\u00e0 m\u1ed9t trong nh\u1eefng nh\u00e0 cung c\u1ea5p h\u00e0ng \u0111\u1ea7u v\u1ec1 m\u00e1y tr\u1ee3 th\u00ednh v\u00e0 c\u00e1c gi\u1ea3i ph\u00e1p c\u1ea5y gh\u00e9p th\u00ednh gi\u00e1c t\u1ea1i Vi\u1ec7t Nam. \u0110\u1ed9i ng\u0169 c\u1ee7a ch\u00fang t\u00f4i bao g\u1ed3m c\u00e1c nh\u00e0 th\u00ednh h\u1ecdc v\u00e0 c\u00e1c chuy\u00ean gia h\u00e0ng \u0111\u1ea7u\" \/>\n<meta property=\"og:url\" content=\"http:\/\/mau.hoabinhweb.com\/congnghe1\/lich-su-hinh-thanh\/\" \/>\n<meta property=\"og:site_name\" content=\"HearLIFE Vi\u1ec7t Nam\" \/>\n<meta property=\"article:modified_time\" content=\"2021-07-06T08:06:09+00:00\" \/>\n<meta name=\"twitter:card\" content=\"summary_large_image\" \/>\n<meta name=\"twitter:label1\" content=\"\u01af\u1edbc t\u00ednh th\u1eddi gian \u0111\u1ecdc\" \/>\n\t<meta name=\"twitter:data1\" content=\"2 ph\u00fat\" \/>\n<script type=\"application\/ld+json\" class=\"yoast-schema-graph\">{\"@context\":\"https:\/\/schema.org\",\"@graph\":[{\"@type\":\"WebSite\",\"@id\":\"http:\/\/mau.hoabinhweb.com\/congnghe1\/#website\",\"url\":\"http:\/\/mau.hoabinhweb.com\/congnghe1\/\",\"name\":\"HearLIFE Vi\\u1ec7t Nam\",\"description\":\"\",\"potentialAction\":[{\"@type\":\"SearchAction\",\"target\":\"http:\/\/mau.hoabinhweb.com\/congnghe1\/?s={search_term_string}\",\"query-input\":\"required name=search_term_string\"}],\"inLanguage\":\"vi\"},{\"@type\":\"WebPage\",\"@id\":\"http:\/\/mau.hoabinhweb.com\/congnghe1\/lich-su-hinh-thanh\/#webpage\",\"url\":\"http:\/\/mau.hoabinhweb.com\/congnghe1\/lich-su-hinh-thanh\/\",\"name\":\"L\\u1ecbch s\\u1eed h\\u00ecnh th\\u00e0nh - HearLIFE Vi\\u1ec7t Nam\",\"isPartOf\":{\"@id\":\"http:\/\/mau.hoabinhweb.com\/congnghe1\/#website\"},\"datePublished\":\"2020-10-09T00:39:49+00:00\",\"dateModified\":\"2021-07-06T08:06:09+00:00\",\"breadcrumb\":{\"@id\":\"http:\/\/mau.hoabinhweb.com\/congnghe1\/lich-su-hinh-thanh\/#breadcrumb\"},\"inLanguage\":\"vi\",\"potentialAction\":[{\"@type\":\"ReadAction\",\"target\":[\"http:\/\/mau.hoabinhweb.com\/congnghe1\/lich-su-hinh-thanh\/\"]}]},{\"@type\":\"BreadcrumbList\",\"@id\":\"http:\/\/mau.hoabinhweb.com\/congnghe1\/lich-su-hinh-thanh\/#breadcrumb\",\"itemListElement\":[{\"@type\":\"ListItem\",\"position\":1,\"name\":\"Trang ch\\u1ee7\",\"item\":\"http:\/\/mau.hoabinhweb.com\/congnghe1\/\"},{\"@type\":\"ListItem\",\"position\":2,\"name\":\"L\\u1ecbch s\\u1eed h\\u00ecnh th\\u00e0nh\"}]}]}<\/script>\n<!-- \/ Yoast SEO plugin. -->","_links":{"self":[{"href":"http:\/\/mau.hoabinhweb.com\/congnghe1\/wp-json\/wp\/v2\/pages\/228"}],"collection":[{"href":"http:\/\/mau.hoabinhweb.com\/congnghe1\/wp-json\/wp\/v2\/pages"}],"about":[{"href":"http:\/\/mau.hoabinhweb.com\/congnghe1\/wp-json\/wp\/v2\/types\/page"}],"author":[{"embeddable":true,"href":"http:\/\/mau.hoabinhweb.com\/congnghe1\/wp-json\/wp\/v2\/users\/3"}],"replies":[{"embeddable":true,"href":"http:\/\/mau.hoabinhweb.com\/congnghe1\/wp-json\/wp\/v2\/comments?post=228"}],"version-history":[{"count":0,"href":"http:\/\/mau.hoabinhweb.com\/congnghe1\/wp-json\/wp\/v2\/pages\/228\/revisions"}],"wp:attachment":[{"href":"http:\/\/mau.hoabinhweb.com\/congnghe1\/wp-json\/wp\/v2\/media?parent=228"}],"curies":[{"name":"wp","href":"https:\/\/api.w.org\/{rel}","templated":true}]}}