{"id":87,"date":"2022-03-24T14:27:53","date_gmt":"2022-03-24T07:27:53","guid":{"rendered":"https:\/\/webcam24h.net\/?post_type=product&amp;p=87"},"modified":"2022-03-24T14:27:53","modified_gmt":"2022-03-24T07:27:53","slug":"camera-quan-sat-ip-hikivision-ds-2cd2047g2-lu","status":"publish","type":"product","link":"http:\/\/mau.hoabinhweb.com\/camera1\/san-pham\/camera-quan-sat-ip-hikivision-ds-2cd2047g2-lu\/","title":{"rendered":"Camera quan s\u00e1t IP HIKIVISION DS-2CD2047G2-LU"},"content":{"rendered":"<h2 class=\"tabtitle\">Th\u00f4ng s\u1ed1 k\u1ef9 thu\u1eadt<\/h2>\n<table border=\"1\" width=\"100%\" cellspacing=\"0\" cellpadding=\"0\">\n<tbody>\n<tr>\n<td class=\"xl74\" align=\"left\" height=\"21\"><strong>Model<\/strong><\/td>\n<td class=\"xl74\" align=\"left\"><strong>DS-2CD2047G2-LU<\/strong><\/td>\n<\/tr>\n<tr>\n<td class=\"xl78\" colspan=\"2\" height=\"20\"><strong>Camera<\/strong><\/td>\n<\/tr>\n<tr>\n<td class=\"xl71\" align=\"left\" height=\"21\">Image Sensor<\/td>\n<td class=\"xl71\" align=\"left\">1\/2.8 inch Progressive Scan CMOS<\/td>\n<\/tr>\n<tr>\n<td class=\"xl71\" align=\"left\" height=\"21\">Min. Illumination<\/td>\n<td class=\"xl71\" align=\"left\">0.0005 Lux @ (F1.0, AGC ON), B\/W: 0 Lux with Light<\/td>\n<\/tr>\n<tr>\n<td class=\"xl71\" align=\"left\" height=\"19\">Shutter Speed<\/td>\n<td class=\"xl71\" align=\"left\">1\/3 s to 1\/100.000 s<\/td>\n<\/tr>\n<tr>\n<td class=\"xl71\" align=\"left\" height=\"18\">Slow Shutter<\/td>\n<td class=\"xl71\" align=\"left\">Yes<\/td>\n<\/tr>\n<tr>\n<td class=\"xl71\" align=\"left\" height=\"23\">P\/N<\/td>\n<td class=\"xl71\" align=\"left\">P\/N<\/td>\n<\/tr>\n<tr>\n<td class=\"xl71\" align=\"left\" height=\"23\">Wide Dynamic Range<\/td>\n<td class=\"xl71\" align=\"left\">120 dB<\/td>\n<\/tr>\n<tr>\n<td class=\"xl70\" height=\"18\">Angle Adjustment<\/td>\n<td class=\"xl69\">Pan: 0\u00b0 to 360\u00b0, tilt: 0\u00b0 to 90\u00b0, rotate: 0\u00b0 to 360\u00b0<\/td>\n<\/tr>\n<tr>\n<td class=\"xl76\" colspan=\"2\" height=\"20\"><strong>Lens<\/strong><\/td>\n<\/tr>\n<tr>\n<td class=\"xl67\" align=\"left\" height=\"20\">Lens Type<\/td>\n<td class=\"xl68\" align=\"left\">Fixed focal lens, 2.8, 4, and 6 mm optional<\/td>\n<\/tr>\n<tr>\n<td class=\"xl67\" align=\"left\" height=\"20\">Iris Type<\/td>\n<td class=\"xl68\" align=\"left\">Fixed<\/td>\n<\/tr>\n<tr>\n<td class=\"xl67\" align=\"left\" height=\"18\">Depth of Focus<\/td>\n<td class=\"xl69\">2.8 mm, 1.7 m to \u221e<br \/>\n4 mm, 2.3 m to \u221e<br \/>\n6 mm, 5.3 m to \u221e<\/td>\n<\/tr>\n<tr>\n<td class=\"xl75\" height=\"22\">Lens Type &amp; FOV<\/td>\n<td class=\"xl73\">2.8 mm, horizontal FOV 107\u00b0, vertical FOV 56\u00b0, diagonal FOV 127\u00b0<br \/>\n4 mm, horizontal FOV 84\u00b0, vertical FOV 45\u00b0, diagonal FOV 99\u00b0<br \/>\n6 mm, horizontal FOV 55\u00b0, vertical FOV 30\u00b0, diagonal FOV 63\u00b0<\/td>\n<\/tr>\n<tr>\n<td class=\"xl75\" height=\"21\">Aperture<\/td>\n<td class=\"xl73\">F1.0<\/td>\n<\/tr>\n<tr>\n<td class=\"xl75\" height=\"21\">Lens Mount<\/td>\n<td class=\"xl72\">M12<\/td>\n<\/tr>\n<tr>\n<td class=\"xl77\" colspan=\"2\" height=\"21\"><strong>DORI<\/strong><\/td>\n<\/tr>\n<tr>\n<td class=\"xl75\" height=\"20\">DORI<\/td>\n<td class=\"xl73\">2.8 mm, D: 46 m, O: 18 m, R: 9 m, I: 4 m<br \/>\n4 mm, D: 56 m, O: 22 m, R: 11 m, I: 5 m<br \/>\n6 mm, D: 83 m, O: 33 m, R: 16 m, I: 8 m<\/td>\n<\/tr>\n<tr>\n<td class=\"xl77\" colspan=\"2\" height=\"19\"><strong>Illuminator<\/strong><\/td>\n<\/tr>\n<tr>\n<td class=\"xl75\" height=\"18\">White Light Range<\/td>\n<td class=\"xl73\">40 m<\/td>\n<\/tr>\n<tr>\n<td class=\"xl75\" height=\"19\">Smart Supplement Light<\/td>\n<td class=\"xl73\">Yes<\/td>\n<\/tr>\n<tr>\n<td class=\"xl77\" colspan=\"2\" height=\"21\"><strong>Video<\/strong><\/td>\n<\/tr>\n<tr>\n<td class=\"xl75\" height=\"21\">Max. Resolution<\/td>\n<td class=\"xl73\">2K<\/td>\n<\/tr>\n<tr>\n<td class=\"xl75\" height=\"21\">Main Stream<\/td>\n<td class=\"xl73\">50 Hz: 25 fps (1920 \u00d7 1080, 1280 \u00d7 720)<br \/>\n60 Hz: 30 fps (1920 \u00d7 1080, 1280 \u00d7 720)<\/td>\n<\/tr>\n<tr>\n<td class=\"xl75\" height=\"22\">Sub Stream<\/td>\n<td class=\"xl73\">50 Hz: 25 fps (640 \u00d7 480, 640 \u00d7 360)<br \/>\n60 Hz: 30 fps (640 \u00d7 480, 640 \u00d7 360)<\/td>\n<\/tr>\n<tr>\n<td class=\"xl75\" height=\"21\">Third Stream<\/td>\n<td class=\"xl73\">50 Hz: 10 fps (1920 \u00d7 1080, 1280 \u00d7 720, 640 \u00d7 480, 640 \u00d7 360)<br \/>\n60 Hz: 10 fps (1920 \u00d7 1080, 1280 \u00d7 720, 640 \u00d7 480, 640 \u00d7 360)<\/td>\n<\/tr>\n<tr>\n<td class=\"xl75\" height=\"20\">Video Compression<\/td>\n<td class=\"xl73\">Main stream: H.265\/H.264\/H.265+\/H.264+<br \/>\nSub-stream: H.265\/H.264\/MJPEG<br \/>\nThird stream: H.265\/H.264<\/td>\n<\/tr>\n<tr>\n<td class=\"xl75\" height=\"21\">Video Bit Rate<\/td>\n<td class=\"xl72\">32 Kbps to 8 Mbps<\/td>\n<\/tr>\n<tr>\n<td class=\"xl75\" height=\"21\">H.264 Type<\/td>\n<td class=\"xl72\">Baseline Profile\/Main Profile\/High Profile<\/td>\n<\/tr>\n<tr>\n<td class=\"xl75\" height=\"21\">H.265 Type<\/td>\n<td class=\"xl72\">Main Profile<\/td>\n<\/tr>\n<tr>\n<td class=\"xl75\" height=\"21\">H.264+<\/td>\n<td class=\"xl72\">Main stream supports<\/td>\n<\/tr>\n<tr>\n<td class=\"xl75\" height=\"21\">H.265+<\/td>\n<td class=\"xl72\">Main stream supports<\/td>\n<\/tr>\n<tr>\n<td class=\"xl75\" height=\"21\">Bit Rate Control<\/td>\n<td class=\"xl73\">CBR\/VBR<\/td>\n<\/tr>\n<tr>\n<td class=\"xl75\" height=\"21\">Scalable Video Coding (SVC)<\/td>\n<td class=\"xl72\">H.265 and H.264 encoding<\/td>\n<\/tr>\n<tr>\n<td class=\"xl75\" height=\"21\">Region of Interest (ROI)<\/td>\n<td class=\"xl72\">1 fixed region for main stream and sub-stream<\/td>\n<\/tr>\n<tr>\n<td class=\"xl77\" colspan=\"2\" height=\"21\"><strong>Audio<\/strong><\/td>\n<\/tr>\n<tr>\n<td class=\"xl75\" height=\"21\">Environment Noise Filtering<\/td>\n<td class=\"xl72\">Yes<\/td>\n<\/tr>\n<tr>\n<td class=\"xl75\" height=\"21\">Audio Sampling Rate<\/td>\n<td class=\"xl72\">8 kHz\/16 kHz\/32 kHz\/44.1 kHz\/48 kHz<\/td>\n<\/tr>\n<tr>\n<td class=\"xl75\" height=\"21\">Audio Compression<\/td>\n<td class=\"xl73\">G.711ulaw\/G.711alaw\/G.722.1\/G.726\/MP2L2\/PCM\/MP3\/AAC<\/td>\n<\/tr>\n<tr>\n<td class=\"xl75\" height=\"21\">Audio Bit Rate<\/td>\n<td class=\"xl72\">64 Kbps (G.711ulaw\/G.711alaw)\/16 Kbps (G.722.1)\/16 Kbps (G.726)\/32 to 192 Kbps (MP2L2)\/8 to 320 Kbps (MP3)\/16 to 64 Kbps (AAC)<\/td>\n<\/tr>\n<tr>\n<td class=\"xl77\" colspan=\"2\" height=\"21\"><strong>Network<\/strong><\/td>\n<\/tr>\n<tr>\n<td class=\"xl75\" height=\"21\">Simultaneous Live View<\/td>\n<td class=\"xl72\">Up to 6 channels<\/td>\n<\/tr>\n<tr>\n<td class=\"xl75\" height=\"19\">API<\/td>\n<td class=\"xl73\">Open Network Video Interface (PROFILE S, PROFILE G, PROFILE T), ISAPI, SDK<\/td>\n<\/tr>\n<tr>\n<td class=\"xl75\" height=\"21\">Protocols<\/td>\n<td class=\"xl73\">TCP\/IP, ICMP, HTTP, HTTPS, FTP, DHCP, DNS, DDNS, RTP, RTSP, NTP, UPnP, SMTP, IGMP, 802.1X, QoS, IPv4, IPv6, UDP, Bonjour, SSL\/TLS, PPPoE, SNMP<\/td>\n<\/tr>\n<tr>\n<td class=\"xl75\" height=\"19\">User\/Host<\/td>\n<td class=\"xl73\">Up to 32 users. 3 user levels: administrator, operator and user<\/td>\n<\/tr>\n<tr>\n<td class=\"xl75\" height=\"21\">Security<\/td>\n<td class=\"xl72\">Password protection, complicated password, HTTPS encryption, IP address filter, Security Audit Log, basic and digest authentication for HTTP\/HTTPS, TLS 1.1\/1.2, WSSE and digest authentication for Open Network Video Interface<\/td>\n<\/tr>\n<tr>\n<td class=\"xl75\" height=\"19\">Network Storage<\/td>\n<td class=\"xl73\">NAS (NFS, SMB\/CIFS), auto network replenishment (ANR)<\/td>\n<\/tr>\n<tr>\n<td class=\"xl75\" height=\"22\">Client<\/td>\n<td class=\"xl73\">iVMS-4200, Hik-Connect, Hik-Centra<\/td>\n<\/tr>\n<tr>\n<td class=\"xl75\" height=\"22\">Web Browser<\/td>\n<td class=\"xl73\">Plug-in required live view: IE 10+<br \/>\nPlug-in free live view: Chrome 57.0+, Firefox 52.0+<br \/>\nLocal service: Chrome 57.0+, Firefox 52.0+<\/td>\n<\/tr>\n<tr>\n<td class=\"xl77\" colspan=\"2\" height=\"21\"><strong>Image<\/strong><\/td>\n<\/tr>\n<tr>\n<td class=\"xl75\" height=\"21\">SNR<\/td>\n<td class=\"xl72\">\u2265 52 dB<\/td>\n<\/tr>\n<tr>\n<td class=\"xl75\" height=\"21\">Day\/Night Switch<\/td>\n<td class=\"xl73\">Day, Night, Auto, Schedule<\/td>\n<\/tr>\n<tr>\n<td class=\"xl75\" height=\"21\">Image Enhancement<\/td>\n<td class=\"xl73\">BLC, HLC, 3D DNR<\/td>\n<\/tr>\n<tr>\n<td class=\"xl75\" height=\"18\">Image Parameters Switch<\/td>\n<td class=\"xl73\">Yes<\/td>\n<\/tr>\n<tr>\n<td class=\"xl75\" height=\"19\">Image Settings<\/td>\n<td class=\"xl73\">Rotate mode, saturation, brightness, contrast, sharpness, gain, white balance adjustable by client software or web browser<\/td>\n<\/tr>\n<tr>\n<td class=\"xl77\" colspan=\"2\" height=\"21\"><strong>Interface<\/strong><\/td>\n<\/tr>\n<tr>\n<td class=\"xl75\" height=\"21\">Built-in Microphone<\/td>\n<td class=\"xl73\">Yes<\/td>\n<\/tr>\n<tr>\n<td class=\"xl75\" height=\"22\">On-board Storage<\/td>\n<td class=\"xl73\">Built-in memory card slot, support microSD\/SDHC\/SDXC card, up to 256 GB<\/td>\n<\/tr>\n<tr>\n<td class=\"xl75\" height=\"20\">Hardware Reset<\/td>\n<td class=\"xl73\">Yes<\/td>\n<\/tr>\n<tr>\n<td class=\"xl75\" height=\"21\">Communication Interface<\/td>\n<td class=\"xl72\">1 RJ45 10 M\/100 M self-adaptive Ethernet port<\/td>\n<\/tr>\n<tr>\n<td class=\"xl79\" colspan=\"2\" height=\"24\"><strong>Event<\/strong><\/td>\n<\/tr>\n<tr>\n<td class=\"xl75\" height=\"24\">Basic Event<\/td>\n<td class=\"xl73\">Motion detection (human and vehicle targets classification), video tampering alarm, exception<\/td>\n<\/tr>\n<tr>\n<td class=\"xl75\" height=\"21\">Smart Event<\/td>\n<td class=\"xl72\">Scene change detection<\/td>\n<\/tr>\n<tr>\n<td class=\"xl77\" colspan=\"2\" height=\"21\"><strong>Deep Learning Function<\/strong><\/td>\n<\/tr>\n<tr>\n<td class=\"xl75\" height=\"21\">Face Capture<\/td>\n<td class=\"xl72\">Yes<\/td>\n<\/tr>\n<tr>\n<td class=\"xl75\" height=\"25\">Perimeter Protection<\/td>\n<td class=\"xl73\">Line crossing detection, intrusion detection, region entrance detection, region exiting detection<br \/>\nSupports human and vehicle targets classification<\/td>\n<\/tr>\n<tr>\n<td class=\"xl77\" colspan=\"2\" height=\"22\"><strong>General<\/strong><\/td>\n<\/tr>\n<tr>\n<td class=\"xl75\" height=\"21\">Linkage Method<\/td>\n<td class=\"xl72\">Upload to NAS\/memory card\/FTP, notify surveillance center, trigger recording, trigger capture, send email<\/td>\n<\/tr>\n<tr>\n<td class=\"xl75\" height=\"21\">Firmware Version<\/td>\n<td class=\"xl72\">V5.5.113<\/td>\n<\/tr>\n<tr>\n<td class=\"xl75\" height=\"23\">Web Client Language<\/td>\n<td class=\"xl73\">33 languages<br \/>\nEnglish, Russian, Estonian, Bulgarian, Hungarian, Greek, German, Italian, Czech, Slovak, French, Polish, Dutch, Portuguese, Spanish, Romanian, Danish, Swedish, Norwegian, Finnish, Croatian, Slovenian, Serbian, Turkish, Korean, Traditional Chinese, Thai, Vietnamese, Japanese, Latvian, Lithuanian, Portuguese (Brazil), Ukrainian<\/td>\n<\/tr>\n<tr>\n<td class=\"xl75\" height=\"23\">General Function<\/td>\n<td class=\"xl73\">Anti-flicker, heartbeat, mirror, privacy mask, flash log, password reset via email, pixel counter<\/td>\n<\/tr>\n<tr>\n<td class=\"xl75\" height=\"22\">Software Reset<\/td>\n<td class=\"xl73\">Yes<\/td>\n<\/tr>\n<tr>\n<td class=\"xl75\" height=\"22\">Storage Conditions<\/td>\n<td class=\"xl73\">-30 \u00b0C to 60 \u00b0C (-22 \u00b0F to 140 \u00b0F). Humidity 95% or less (non-condensing)<\/td>\n<\/tr>\n<tr>\n<td class=\"xl75\" height=\"21\">Startup and Operating Conditions<\/td>\n<td class=\"xl72\">-30 \u00b0C to 60 \u00b0C (-22 \u00b0F to 140 \u00b0F). Humidity 95% or less (non-condensing)<\/td>\n<\/tr>\n<tr>\n<td class=\"xl75\" height=\"24\">Power Supply<\/td>\n<td class=\"xl73\">12 VDC \u00b1 25%<br \/>\nPoE: 802.3af, 36 V to 57 V, Class 3<\/td>\n<\/tr>\n<tr>\n<td class=\"xl75\" height=\"22\">Power Consumption and Current<\/td>\n<td class=\"xl73\">12 VDC, 0.5 A, max. 6.0 W<br \/>\nPoE (802.3af, 36 V to 57 V), 0.25 A to 0.15 A, max. 7.5 W<\/td>\n<\/tr>\n<tr>\n<td class=\"xl75\" height=\"21\">Power Interface<\/td>\n<td class=\"xl72\">\u00d8 5.5 mm coaxial power plug<\/td>\n<\/tr>\n<tr>\n<td class=\"xl75\" height=\"21\">Camera Dimension<\/td>\n<td class=\"xl72\">215.2 mm \u00d7 78.8 mm \u00d7 78.6 mm<\/td>\n<\/tr>\n<tr>\n<td class=\"xl75\" height=\"21\">Package Dimension<\/td>\n<td class=\"xl72\">315 mm \u00d7 137 mm \u00d7 141 mm<\/td>\n<\/tr>\n<tr>\n<td class=\"xl75\" height=\"21\">Camera Weight<\/td>\n<td class=\"xl72\">Approx. 680g<\/td>\n<\/tr>\n<tr>\n<td class=\"xl75\" height=\"21\">With Package Weight<\/td>\n<td class=\"xl72\">Approx. 1000g<\/td>\n<\/tr>\n<tr>\n<td class=\"xl77\" colspan=\"2\" height=\"21\"><strong>Approval<\/strong><\/td>\n<\/tr>\n<tr>\n<td class=\"xl75\" height=\"21\">EMC<\/td>\n<td class=\"xl73\">FCC SDoC (47 CFR Part 15, Subpart B); CE-EMC (EN 55032: 2015, EN 61000-3-2: 2014, EN 61000-3-3: 2013, EN 50130-4: 2011 +A1: 2014); RCM (AS\/NZS CISPR 32: 2015); IC (ICES-003: Issue 6, 2016);KC (KN 32: 2015, KN 35: 2015)<\/td>\n<\/tr>\n<tr>\n<td class=\"xl75\" height=\"22\">Safety<\/td>\n<td class=\"xl73\">UL (UL 60950-1); CB (IEC 60950-1:2005 + Am 1:2009 + Am 2:2013, IEC 62368-1:2014); CE-LVD (EN 60950-1:2005 + Am 1:2009 + Am 2:2013, IEC 62368-1:2014); BIS (IS<br \/>\n13252(Part 1):2010+A1:2013+A2:2015); LOA (IEC\/EN 60950-1)<\/td>\n<\/tr>\n<tr>\n<td class=\"xl75\" height=\"21\">Environment<\/td>\n<td class=\"xl73\">CE-RoHS (2011\/65\/EU); WEEE (2012\/19\/EU); Reach (Regulation (EC) No 1907\/2006)<\/td>\n<\/tr>\n<tr>\n<td class=\"xl75\" height=\"21\">Protection<\/td>\n<td class=\"xl72\">IP67 (IEC 60529-2013)<\/td>\n<\/tr>\n<\/tbody>\n<\/table>\n","protected":false},"excerpt":{"rendered":"<ul>\n<li>HIKVISION DS-2CD2047G2-LU(C) l\u00e0 d\u00f2ng camera IP ColorVu v\u00e0 ch\u1ed1ng b\u00e1o gi\u1ea3 cho h\u00ecnh \u1ea3nh m\u00e0u s\u1eafc 24\/7.<\/li>\n<li>C\u1ea3m bi\u1ebfn h\u00ecnh \u1ea3nh: 1\/2.8 inch Progressive Scan CMOS.<\/li>\n<li>\u0110\u1ed9 ph\u00e2n gi\u1ea3i: 4.0 Megapixel.<\/li>\n<li>\u0110\u1ed9 ch\u1ea1y s\u00e1ng: 0.0005 Lux @ (F1.0, AGC ON), B\/W: 0 Lux with Light.<\/li>\n<li>Chu\u1ea9n n\u00e9n h\u00ecnh \u1ea3nh: H.265\/H.264\/H.264+\/H.265+.<\/li>\n<\/ul>\n","protected":false},"featured_media":99,"comment_status":"closed","ping_status":"closed","template":"","meta":[],"product_cat":[34,35,25,26,27,36,37,38,39,40,41,42,28,43,29,30,31,17,44,32,33,18,19,20,21,22,23,24],"product_tag":[],"class_list":["post-87","product","type-product","status-publish","has-post-thumbnail","hentry","product_cat-bo-kit-camera","product_cat-camera-analog","product_cat-camera-giam-sat","product_cat-camera-ip","product_cat-camera-wifi-khong-day","product_cat-chan-de-camera","product_cat-dahua","product_cat-day-cap-dong-truc-cho-camera","product_cat-dau-ghi-16-kenh","product_cat-dau-ghi-32-kenh","product_cat-dau-ghi-4-kenh","product_cat-dau-ghi-8-kenh","product_cat-dau-ghi-hinh","product_cat-ezviz","product_cat-hang-san-xuat","product_cat-hikvision","product_cat-imou","product_cat-khuyen-mai-hot","product_cat-nguon-camera","product_cat-phu-kien-camera-an-ninh","product_cat-the-nho-luu-tru","product_cat-thiet-bi-bao-dong-bao-chay","product_cat-thiet-bi-camera-an-ninh","product_cat-thiet-bi-dien-thong-minh","product_cat-thiet-bi-kiem-soat-cua","product_cat-thiet-bi-so-cong-nghe","product_cat-thiet-bi-van-phong-gia-dinh","product_cat-thiet-bi-vien-thong"],"yoast_head":"<!-- This site is optimized with the Yoast SEO plugin v18.3 - https:\/\/yoast.com\/wordpress\/plugins\/seo\/ -->\n<title>Camera quan s\u00e1t IP HIKIVISION DS-2CD2047G2-LU - Ho\u00e0 B\u00ecnh Web<\/title>\n<meta name=\"robots\" content=\"noindex, follow, max-snippet:-1, max-image-preview:large, max-video-preview:-1\" \/>\n<meta property=\"og:locale\" content=\"vi_VN\" \/>\n<meta property=\"og:type\" content=\"article\" \/>\n<meta property=\"og:title\" content=\"Camera quan s\u00e1t IP HIKIVISION DS-2CD2047G2-LU - Ho\u00e0 B\u00ecnh Web\" \/>\n<meta property=\"og:description\" content=\"HIKVISION DS-2CD2047G2-LU(C) l\u00e0 d\u00f2ng camera IP ColorVu v\u00e0 ch\u1ed1ng b\u00e1o gi\u1ea3 cho h\u00ecnh \u1ea3nh m\u00e0u s\u1eafc 24\/7.  C\u1ea3m bi\u1ebfn h\u00ecnh \u1ea3nh: 1\/2.8 inch Progressive Scan CMOS.  \u0110\u1ed9 ph\u00e2n gi\u1ea3i: 4.0 Megapixel.  \u0110\u1ed9 ch\u1ea1y s\u00e1ng: 0.0005 Lux @ (F1.0, AGC ON), B\/W: 0 Lux with Light.  Chu\u1ea9n n\u00e9n h\u00ecnh \u1ea3nh: H.265\/H.264\/H.264+\/H.265+.\" \/>\n<meta property=\"og:url\" content=\"http:\/\/mau.hoabinhweb.com\/camera1\/san-pham\/camera-quan-sat-ip-hikivision-ds-2cd2047g2-lu\/\" \/>\n<meta property=\"og:site_name\" content=\"Ho\u00e0 B\u00ecnh Web\" \/>\n<meta property=\"og:image\" content=\"http:\/\/mau.hoabinhweb.com\/camera1\/wp-content\/uploads\/2022\/03\/sanpham13.jpg\" \/>\n\t<meta property=\"og:image:width\" content=\"800\" \/>\n\t<meta property=\"og:image:height\" content=\"800\" \/>\n\t<meta property=\"og:image:type\" content=\"image\/jpeg\" \/>\n<meta name=\"twitter:card\" content=\"summary_large_image\" \/>\n<meta name=\"twitter:label1\" content=\"\u01af\u1edbc t\u00ednh th\u1eddi gian \u0111\u1ecdc\" \/>\n\t<meta name=\"twitter:data1\" content=\"5 ph\u00fat\" \/>\n<script type=\"application\/ld+json\" class=\"yoast-schema-graph\">{\"@context\":\"https:\/\/schema.org\",\"@graph\":[{\"@type\":\"WebSite\",\"@id\":\"http:\/\/mau.hoabinhweb.com\/camera1\/#website\",\"url\":\"http:\/\/mau.hoabinhweb.com\/camera1\/\",\"name\":\"Ho\u00e0 B\u00ecnh Web\",\"description\":\"\",\"potentialAction\":[{\"@type\":\"SearchAction\",\"target\":{\"@type\":\"EntryPoint\",\"urlTemplate\":\"http:\/\/mau.hoabinhweb.com\/camera1\/?s={search_term_string}\"},\"query-input\":\"required name=search_term_string\"}],\"inLanguage\":\"vi\"},{\"@type\":\"ImageObject\",\"@id\":\"http:\/\/mau.hoabinhweb.com\/camera1\/san-pham\/camera-quan-sat-ip-hikivision-ds-2cd2047g2-lu\/#primaryimage\",\"inLanguage\":\"vi\",\"url\":\"http:\/\/mau.hoabinhweb.com\/camera1\/wp-content\/uploads\/2022\/03\/sanpham13.jpg\",\"contentUrl\":\"http:\/\/mau.hoabinhweb.com\/camera1\/wp-content\/uploads\/2022\/03\/sanpham13.jpg\",\"width\":800,\"height\":800,\"caption\":\"Sanpham13\"},{\"@type\":\"WebPage\",\"@id\":\"http:\/\/mau.hoabinhweb.com\/camera1\/san-pham\/camera-quan-sat-ip-hikivision-ds-2cd2047g2-lu\/#webpage\",\"url\":\"http:\/\/mau.hoabinhweb.com\/camera1\/san-pham\/camera-quan-sat-ip-hikivision-ds-2cd2047g2-lu\/\",\"name\":\"Camera quan s\u00e1t IP HIKIVISION DS-2CD2047G2-LU - Ho\u00e0 B\u00ecnh Web\",\"isPartOf\":{\"@id\":\"http:\/\/mau.hoabinhweb.com\/camera1\/#website\"},\"primaryImageOfPage\":{\"@id\":\"http:\/\/mau.hoabinhweb.com\/camera1\/san-pham\/camera-quan-sat-ip-hikivision-ds-2cd2047g2-lu\/#primaryimage\"},\"datePublished\":\"2022-03-24T07:27:53+00:00\",\"dateModified\":\"2022-03-24T07:27:53+00:00\",\"breadcrumb\":{\"@id\":\"http:\/\/mau.hoabinhweb.com\/camera1\/san-pham\/camera-quan-sat-ip-hikivision-ds-2cd2047g2-lu\/#breadcrumb\"},\"inLanguage\":\"vi\",\"potentialAction\":[{\"@type\":\"ReadAction\",\"target\":[\"http:\/\/mau.hoabinhweb.com\/camera1\/san-pham\/camera-quan-sat-ip-hikivision-ds-2cd2047g2-lu\/\"]}]},{\"@type\":\"BreadcrumbList\",\"@id\":\"http:\/\/mau.hoabinhweb.com\/camera1\/san-pham\/camera-quan-sat-ip-hikivision-ds-2cd2047g2-lu\/#breadcrumb\",\"itemListElement\":[{\"@type\":\"ListItem\",\"position\":1,\"name\":\"Trang ch\u1ee7\",\"item\":\"http:\/\/mau.hoabinhweb.com\/camera1\/\"},{\"@type\":\"ListItem\",\"position\":2,\"name\":\"S\u1ea3n ph\u1ea9m\",\"item\":\"http:\/\/mau.hoabinhweb.com\/camera1\/san-pham\/\"},{\"@type\":\"ListItem\",\"position\":3,\"name\":\"Tin t\u1ee9c\",\"item\":\"http:\/\/mau.hoabinhweb.com\/camera1\/tin-tuc\/\"},{\"@type\":\"ListItem\",\"position\":4,\"name\":\"Camera quan s\u00e1t IP HIKIVISION DS-2CD2047G2-LU\"}]}]}<\/script>\n<!-- \/ Yoast SEO plugin. -->","yoast_head_json":{"title":"Camera quan s\u00e1t IP HIKIVISION DS-2CD2047G2-LU - Ho\u00e0 B\u00ecnh Web","robots":{"index":"noindex","follow":"follow","max-snippet":"max-snippet:-1","max-image-preview":"max-image-preview:large","max-video-preview":"max-video-preview:-1"},"og_locale":"vi_VN","og_type":"article","og_title":"Camera quan s\u00e1t IP HIKIVISION DS-2CD2047G2-LU - Ho\u00e0 B\u00ecnh Web","og_description":"HIKVISION DS-2CD2047G2-LU(C) l\u00e0 d\u00f2ng camera IP ColorVu v\u00e0 ch\u1ed1ng b\u00e1o gi\u1ea3 cho h\u00ecnh \u1ea3nh m\u00e0u s\u1eafc 24\/7.  C\u1ea3m bi\u1ebfn h\u00ecnh \u1ea3nh: 1\/2.8 inch Progressive Scan CMOS.  \u0110\u1ed9 ph\u00e2n gi\u1ea3i: 4.0 Megapixel.  \u0110\u1ed9 ch\u1ea1y s\u00e1ng: 0.0005 Lux @ (F1.0, AGC ON), B\/W: 0 Lux with Light.  Chu\u1ea9n n\u00e9n h\u00ecnh \u1ea3nh: H.265\/H.264\/H.264+\/H.265+.","og_url":"http:\/\/mau.hoabinhweb.com\/camera1\/san-pham\/camera-quan-sat-ip-hikivision-ds-2cd2047g2-lu\/","og_site_name":"Ho\u00e0 B\u00ecnh Web","og_image":[{"width":800,"height":800,"url":"http:\/\/mau.hoabinhweb.com\/camera1\/wp-content\/uploads\/2022\/03\/sanpham13.jpg","type":"image\/jpeg"}],"twitter_card":"summary_large_image","twitter_misc":{"\u01af\u1edbc t\u00ednh th\u1eddi gian \u0111\u1ecdc":"5 ph\u00fat"},"schema":{"@context":"https:\/\/schema.org","@graph":[{"@type":"WebSite","@id":"http:\/\/mau.hoabinhweb.com\/camera1\/#website","url":"http:\/\/mau.hoabinhweb.com\/camera1\/","name":"Ho\u00e0 B\u00ecnh Web","description":"","potentialAction":[{"@type":"SearchAction","target":{"@type":"EntryPoint","urlTemplate":"http:\/\/mau.hoabinhweb.com\/camera1\/?s={search_term_string}"},"query-input":"required name=search_term_string"}],"inLanguage":"vi"},{"@type":"ImageObject","@id":"http:\/\/mau.hoabinhweb.com\/camera1\/san-pham\/camera-quan-sat-ip-hikivision-ds-2cd2047g2-lu\/#primaryimage","inLanguage":"vi","url":"http:\/\/mau.hoabinhweb.com\/camera1\/wp-content\/uploads\/2022\/03\/sanpham13.jpg","contentUrl":"http:\/\/mau.hoabinhweb.com\/camera1\/wp-content\/uploads\/2022\/03\/sanpham13.jpg","width":800,"height":800,"caption":"Sanpham13"},{"@type":"WebPage","@id":"http:\/\/mau.hoabinhweb.com\/camera1\/san-pham\/camera-quan-sat-ip-hikivision-ds-2cd2047g2-lu\/#webpage","url":"http:\/\/mau.hoabinhweb.com\/camera1\/san-pham\/camera-quan-sat-ip-hikivision-ds-2cd2047g2-lu\/","name":"Camera quan s\u00e1t IP HIKIVISION DS-2CD2047G2-LU - Ho\u00e0 B\u00ecnh Web","isPartOf":{"@id":"http:\/\/mau.hoabinhweb.com\/camera1\/#website"},"primaryImageOfPage":{"@id":"http:\/\/mau.hoabinhweb.com\/camera1\/san-pham\/camera-quan-sat-ip-hikivision-ds-2cd2047g2-lu\/#primaryimage"},"datePublished":"2022-03-24T07:27:53+00:00","dateModified":"2022-03-24T07:27:53+00:00","breadcrumb":{"@id":"http:\/\/mau.hoabinhweb.com\/camera1\/san-pham\/camera-quan-sat-ip-hikivision-ds-2cd2047g2-lu\/#breadcrumb"},"inLanguage":"vi","potentialAction":[{"@type":"ReadAction","target":["http:\/\/mau.hoabinhweb.com\/camera1\/san-pham\/camera-quan-sat-ip-hikivision-ds-2cd2047g2-lu\/"]}]},{"@type":"BreadcrumbList","@id":"http:\/\/mau.hoabinhweb.com\/camera1\/san-pham\/camera-quan-sat-ip-hikivision-ds-2cd2047g2-lu\/#breadcrumb","itemListElement":[{"@type":"ListItem","position":1,"name":"Trang ch\u1ee7","item":"http:\/\/mau.hoabinhweb.com\/camera1\/"},{"@type":"ListItem","position":2,"name":"S\u1ea3n ph\u1ea9m","item":"http:\/\/mau.hoabinhweb.com\/camera1\/san-pham\/"},{"@type":"ListItem","position":3,"name":"Tin t\u1ee9c","item":"http:\/\/mau.hoabinhweb.com\/camera1\/tin-tuc\/"},{"@type":"ListItem","position":4,"name":"Camera quan s\u00e1t IP HIKIVISION DS-2CD2047G2-LU"}]}]}},"_links":{"self":[{"href":"http:\/\/mau.hoabinhweb.com\/camera1\/wp-json\/wp\/v2\/product\/87","targetHints":{"allow":["GET"]}}],"collection":[{"href":"http:\/\/mau.hoabinhweb.com\/camera1\/wp-json\/wp\/v2\/product"}],"about":[{"href":"http:\/\/mau.hoabinhweb.com\/camera1\/wp-json\/wp\/v2\/types\/product"}],"replies":[{"embeddable":true,"href":"http:\/\/mau.hoabinhweb.com\/camera1\/wp-json\/wp\/v2\/comments?post=87"}],"wp:featuredmedia":[{"embeddable":true,"href":"http:\/\/mau.hoabinhweb.com\/camera1\/wp-json\/wp\/v2\/media\/99"}],"wp:attachment":[{"href":"http:\/\/mau.hoabinhweb.com\/camera1\/wp-json\/wp\/v2\/media?parent=87"}],"wp:term":[{"taxonomy":"product_cat","embeddable":true,"href":"http:\/\/mau.hoabinhweb.com\/camera1\/wp-json\/wp\/v2\/product_cat?post=87"},{"taxonomy":"product_tag","embeddable":true,"href":"http:\/\/mau.hoabinhweb.com\/camera1\/wp-json\/wp\/v2\/product_tag?post=87"}],"curies":[{"name":"wp","href":"https:\/\/api.w.org\/{rel}","templated":true}]}}