{"id":85,"date":"2022-03-24T14:27:51","date_gmt":"2022-03-24T07:27:51","guid":{"rendered":"https:\/\/webcam24h.net\/?post_type=product&amp;p=85"},"modified":"2022-03-24T14:27:51","modified_gmt":"2022-03-24T07:27:51","slug":"camera-full-super-2k-reolink-rlc-510wa-phat-hien-nguoi-xe","status":"publish","type":"product","link":"http:\/\/mau.hoabinhweb.com\/camera1\/san-pham\/camera-full-super-2k-reolink-rlc-510wa-phat-hien-nguoi-xe\/","title":{"rendered":"Camera Full Super 2K Reolink RLC-510WA ph\u00e1t hi\u1ec7n ng\u01b0\u1eddi \/ xe"},"content":{"rendered":"<h2 class=\"mb-20\">Th\u00f4ng s\u1ed1 k\u1ef9 thu\u1eadt<\/h2>\n<ul>\n<li><span class=\"property-title\">h\u1ec7 \u0111i\u1ec1u h\u00e0nh h\u1ed7 tr\u1ee3:\u00a0<\/span><span class=\"property-desc line-limit-length\" title=\"windows 10\">windows 10,\u00a0<span class=\"property-desc line-limit-length\" title=\"Windows 8\">Windows 8,\u00a0<span class=\"property-desc line-limit-length\" title=\"Windows 7\">Windows 7<\/span><\/span><\/span><\/li>\n<\/ul>\n<ul class=\"product-specs-list util-clearfix\" data-spm-anchor-id=\"a2g0o.detail.0.i8.2e7e3f87hVZlQg\">\n<li class=\"product-prop line-limit-length\"><span class=\"property-title\">h\u1ec7 \u0111i\u1ec1u h\u00e0nh h\u1ed7 tr\u1ee3:\u00a0<\/span><span class=\"property-desc line-limit-length\" title=\"H\u1ec7 \u0110i\u1ec1u H\u00e0nh Mac OS\">H\u1ec7 \u0110i\u1ec1u H\u00e0nh Mac OS<\/span><\/li>\n<li class=\"product-prop line-limit-length\"><span class=\"property-title\">High Definition: 5<\/span><span class=\"property-desc line-limit-length\" title=\"4.0 Megapixel\">.0 Megapixel<\/span><\/li>\n<li class=\"product-prop line-limit-length\"><span class=\"property-title\">\u1ed0ng k\u00ednh (mm):\u00a0<\/span><span class=\"property-desc line-limit-length\" title=\"4mm\">4mm<\/span><\/li>\n<li class=\"product-prop line-limit-length\"><span class=\"property-title\">c\u1ea5p gi\u1ea5y ch\u1ee9ng nh\u1eadn:\u00a0<\/span><span class=\"property-desc line-limit-length\" title=\"FCC\">FCC,\u00a0<span class=\"property-desc line-limit-length\" title=\"ROHS\">ROHS,\u00a0<span class=\"property-desc line-limit-length\" title=\"CE\">CE<\/span><\/span><\/span><\/li>\n<li class=\"product-prop line-limit-length\"><span class=\"property-title\">K\u1ebft n\u1ed1i:\u00a0<\/span><span class=\"property-desc line-limit-length\" title=\"IP\/m\u1ea1ng kh\u00f4ng d\u00e2y\">IP\/m\u1ea1ng kh\u00f4ng d\u00e2y<\/span><\/li>\n<li class=\"product-prop line-limit-length\"><span class=\"property-title\">ngu\u1ed3n g\u1ed1c: H\u1ed3ng K\u00f4ng<\/span><\/li>\n<li class=\"product-prop line-limit-length\"><span class=\"property-title\">T\u01b0\u1eddng Bracket:\u00a0<\/span><span class=\"property-desc line-limit-length\" title=\"Side\">Side<\/span><\/li>\n<li class=\"product-prop line-limit-length\"><span class=\"property-title\">\u0111i\u1ec7n n\u0103ng ti\u00eau th\u1ee5( w):\u00a0<\/span><span class=\"property-desc line-limit-length\" title=\"5.5W\">5.5W<\/span><\/li>\n<li class=\"product-prop line-limit-length\"><span class=\"property-title\">M\u00e0u:\u00a0<\/span><span class=\"property-desc line-limit-length\" title=\"White\">White<\/span><\/li>\n<li class=\"product-prop line-limit-length\"><span class=\"property-title\">T\u1ed1i thi\u1ec3u chi\u1ebfu s\u00e1ng( lux):\u00a0<\/span><span class=\"property-desc line-limit-length\" title=\"0\">0<\/span><\/li>\n<li class=\"product-prop line-limit-length\"><span class=\"property-title\">C\u1ea3m bi\u1ebfn:\u00a0<\/span><span class=\"property-desc line-limit-length\" title=\"CMOS\">CMOS<\/span><\/li>\n<li class=\"product-prop line-limit-length\"><span class=\"property-title\">Pixel: 5<\/span><span class=\"property-desc line-limit-length\" title=\"4MP\">MP<\/span><\/li>\n<li class=\"product-prop line-limit-length\"><span class=\"property-title\">C\u1ea3m bi\u1ebfn th\u01b0\u01a1ng hi\u1ec7u:\u00a0<\/span><span class=\"property-desc line-limit-length\" title=\"Omnivision\">Omnivision<\/span><\/li>\n<li class=\"product-prop line-limit-length\"><span class=\"property-title\">C\u00e1c t\u00ednh n\u0103ng \u0111\u1eb7c bi\u1ec7t:\u00a0<\/span><span class=\"property-desc line-limit-length\" title=\"Ch\u1ed1ng N\u01b0\u1edbc\/Ch\u1ed1ng Ch\u1ecbu Th\u1eddi Ti\u1ebft\">Ch\u1ed1ng N\u01b0\u1edbc\/Ch\u1ed1ng Ch\u1ecbu Th\u1eddi Ti\u1ebft<\/span><\/li>\n<li class=\"product-prop line-limit-length\"><span class=\"property-title\">L\u01b0u tr\u1eef:\u00a0<\/span><span class=\"property-desc line-limit-length\" title=\"Kh\u00f4ng ai\">Kh\u00f4ng ai<\/span><\/li>\n<li class=\"product-prop line-limit-length\"><span class=\"property-title\">b\u00e1o \u0111\u1ed9ng h\u00e0nh \u0111\u1ed9ng:\u00a0<\/span><span class=\"property-desc line-limit-length\" title=\"ftp \u1ea3nh\">ftp \u1ea3nh,\u00a0<span class=\"property-desc line-limit-length\" title=\"h\u00ecnh \u1ea3nh email\">h\u00ecnh \u1ea3nh email<\/span><\/span><\/li>\n<li class=\"product-prop line-limit-length\"><span class=\"property-title\">b\u00e1o \u0111\u1ed9ng h\u00e0nh \u0111\u1ed9ng:\u00a0<\/span><\/li>\n<li class=\"product-prop line-limit-length\"><span class=\"property-title\">\u0111\u1ecbnh d\u1ea1ng n\u00e9n video:\u00a0<\/span><span class=\"property-desc line-limit-length\" title=\"H.264\">H.264<\/span><\/li>\n<li class=\"product-prop line-limit-length\"><span class=\"property-title\">T\u1eeb xa IR (M):\u00a0<\/span><span class=\"property-desc line-limit-length\" title=\"30m\">30m<\/span><\/li>\n<li class=\"product-prop line-limit-length\"><span class=\"property-title\">Cung c\u1ea5p \u0111i\u1ec7n( v):\u00a0<\/span><span class=\"property-desc line-limit-length\" title=\"DC 12V\">DC 12V<\/span><\/li>\n<li class=\"product-prop line-limit-length\"><span class=\"property-title\">S\u1ed1 m\u00f4 h\u00ecnh:\u00a0<\/span><span class=\"property-desc line-limit-length\" title=\"RLC-410W-4MP\">RLC-510WA<\/span><\/li>\n<li class=\"product-prop line-limit-length\"><span class=\"property-title\">C\u00f4ng ngh\u1ec7:\u00a0<\/span><span class=\"property-desc line-limit-length\" title=\"INFRARED\">INFRARED<\/span><\/li>\n<li class=\"product-prop line-limit-length\"><span class=\"property-title\">K\u00edch th\u01b0\u1edbc( d\u00e0i x r\u1ed9ng x d)( mm):\u00a0<\/span><span class=\"property-desc line-limit-length\" title=\"67x186mm\">67x186mm<\/span><\/li>\n<li class=\"product-prop line-limit-length\"><span class=\"property-title\">h\u1ed7 tr\u1ee3 h\u1ec7 th\u1ed1ng \u0111i\u1ec7n tho\u1ea1i di \u0111\u1ed9ng:\u00a0<\/span><span class=\"property-desc line-limit-length\" title=\"Ios\">Ios,\u00a0<span class=\"property-desc line-limit-length\" title=\"Android\">Android<\/span><\/span><\/li>\n<li class=\"product-prop line-limit-length\"><span class=\"property-title\">giao di\u1ec7n m\u1ea1ng:\u00a0<\/span><span class=\"property-desc line-limit-length\" title=\"Wi-Fi\/802.11\/b\/g\">Wi-Fi\/802.11\/b\/g<\/span><\/li>\n<li class=\"product-prop line-limit-length\"><span class=\"property-title\">Ng\u00f5 ra \u00e2m thanh:\u00a0<\/span><span class=\"property-desc line-limit-length\" title=\"App. and Reolink Client\">App. and Reolink Client<\/span><\/li>\n<li class=\"product-prop line-limit-length\"><span class=\"property-title\">View Angle:\u00a0<\/span><span class=\"property-desc line-limit-length\" title=\"80 degrees\">80 degrees<\/span><\/li>\n<li class=\"product-prop line-limit-length\"><span class=\"property-title\">OS Supported:\u00a0<\/span><span class=\"property-desc line-limit-length\" title=\"PC: Windows, Mac OS; Smart Phone: iOS, Android\">PC: Windows, Mac OS; Smart Phone: iOS, Android<\/span><\/li>\n<li class=\"product-prop line-limit-length\"><span class=\"property-title\">3rd party software support list:\u00a0<\/span><span class=\"property-desc line-limit-length\" title=\"Blue Iris, iSpy, Synology Nas, Qnap Nas.\">Blue Iris, iSpy, Synology Nas, Qnap Nas.<\/span><\/li>\n<li class=\"product-prop line-limit-length\" data-spm-anchor-id=\"a2g0o.detail.0.i9.2e7e3f87hVZlQg\"><span class=\"property-title\">Day\/Night Mode:\u00a0<\/span><span class=\"property-desc line-limit-length\" title=\"Auto Switchover\">Auto Switchover<\/span><\/li>\n<li class=\"product-prop line-limit-length\"><span class=\"property-title\">WiFi Standard:\u00a0<\/span><span class=\"property-desc line-limit-length\" title=\"IEEE 802.11a\/b\/g\/n, support 2.4G\/5G\">IEEE 802.11a\/b\/g\/n, support 2.4G\/5G<\/span><\/li>\n<li class=\"product-prop line-limit-length\"><span class=\"property-title\">Audio Input:\u00a0<\/span><span class=\"property-desc line-limit-length\" title=\"Built-in Mic\">Built-in Mic<\/span><\/li>\n<li class=\"product-prop line-limit-length\"><span class=\"property-title\">Storage:\u00a0<\/span><span class=\"property-desc line-limit-length\" title=\"Support Micro SD card slot (Without built-in SD card)\">Support Micro SD card slot (Without built-in SD card)<\/span><\/li>\n<li class=\"product-prop line-limit-length\"><span class=\"property-title\">Max. User Access:\u00a0<\/span><span class=\"property-desc line-limit-length\" title=\"20 Users\">20 Users<\/span><\/li>\n<li class=\"product-prop line-limit-length\"><span class=\"property-title\">Power Supply:\u00a0<\/span><span class=\"property-desc line-limit-length\" title=\"12V1A Power Adapter\">12V1A Power Adapter<\/span><\/li>\n<li class=\"product-prop line-limit-length\" data-spm-anchor-id=\"a2g0o.detail.0.i10.2e7e3f87hVZlQg\"><span class=\"property-title\">Browser Live View:\u00a0<\/span><span class=\"property-desc line-limit-length\" title=\"IE, Edge, Chrome, Firefox, Safari\">IE, Edge, Chrome, Firefox, Safari<\/span><\/li>\n<\/ul>\n","protected":false},"excerpt":{"rendered":"<ul>\n<li>Camera \u0111\u1ed9 ph\u00e2n gi\u1ea3i 5MP Super 2K<\/li>\n<li>Chuy\u00ean d\u1ee5ng l\u1eafp \u0111\u1eb7t trong nh\u00e0 \/ ngo\u00e0i tr\u1eddi<\/li>\n<li>H\u1ed7 tr\u1ee3 Wifi 2 b\u0103ng t\u1ea7n, 2.4GHz v\u00e0 5.0GHz<\/li>\n<li>K\u1ebft n\u1ed1i t\u1ea7m xa Wifi t\u1ed1i \u0111a 60m<\/li>\n<li>\u00c2m thanh nghe r\u00f5 n\u00e9t<\/li>\n<li>Ph\u00e1t hi\u1ec7n chuy\u1ec3n \u0111\u1ed9ng, ph\u00e2n bi\u1ec7t Ng\u01b0\u1eddi v\u00e0 xe c\u1ed9<\/li>\n<li>T\u1ea7m nh\u00ecn ban \u0111\u00eam 30m<\/li>\n<\/ul>\n","protected":false},"featured_media":97,"comment_status":"closed","ping_status":"closed","template":"","meta":[],"product_cat":[34,35,25,26,27,36,37,38,39,40,41,42,28,43,29,30,31,17,44,32,33,18,19,20,21,22,23,24],"product_tag":[],"class_list":["post-85","product","type-product","status-publish","has-post-thumbnail","hentry","product_cat-bo-kit-camera","product_cat-camera-analog","product_cat-camera-giam-sat","product_cat-camera-ip","product_cat-camera-wifi-khong-day","product_cat-chan-de-camera","product_cat-dahua","product_cat-day-cap-dong-truc-cho-camera","product_cat-dau-ghi-16-kenh","product_cat-dau-ghi-32-kenh","product_cat-dau-ghi-4-kenh","product_cat-dau-ghi-8-kenh","product_cat-dau-ghi-hinh","product_cat-ezviz","product_cat-hang-san-xuat","product_cat-hikvision","product_cat-imou","product_cat-khuyen-mai-hot","product_cat-nguon-camera","product_cat-phu-kien-camera-an-ninh","product_cat-the-nho-luu-tru","product_cat-thiet-bi-bao-dong-bao-chay","product_cat-thiet-bi-camera-an-ninh","product_cat-thiet-bi-dien-thong-minh","product_cat-thiet-bi-kiem-soat-cua","product_cat-thiet-bi-so-cong-nghe","product_cat-thiet-bi-van-phong-gia-dinh","product_cat-thiet-bi-vien-thong"],"yoast_head":"<!-- This site is optimized with the Yoast SEO plugin v18.3 - https:\/\/yoast.com\/wordpress\/plugins\/seo\/ -->\n<title>Camera Full Super 2K Reolink RLC-510WA ph\u00e1t hi\u1ec7n ng\u01b0\u1eddi \/ xe - Ho\u00e0 B\u00ecnh Web<\/title>\n<meta name=\"robots\" content=\"noindex, follow, max-snippet:-1, max-image-preview:large, max-video-preview:-1\" \/>\n<meta property=\"og:locale\" content=\"vi_VN\" \/>\n<meta property=\"og:type\" content=\"article\" \/>\n<meta property=\"og:title\" content=\"Camera Full Super 2K Reolink RLC-510WA ph\u00e1t hi\u1ec7n ng\u01b0\u1eddi \/ xe - Ho\u00e0 B\u00ecnh Web\" \/>\n<meta property=\"og:description\" content=\"Camera \u0111\u1ed9 ph\u00e2n gi\u1ea3i 5MP Super 2K  Chuy\u00ean d\u1ee5ng l\u1eafp \u0111\u1eb7t trong nh\u00e0 \/ ngo\u00e0i tr\u1eddi  H\u1ed7 tr\u1ee3 Wifi 2 b\u0103ng t\u1ea7n, 2.4GHz v\u00e0 5.0GHz  K\u1ebft n\u1ed1i t\u1ea7m xa Wifi t\u1ed1i \u0111a 60m  \u00c2m thanh nghe r\u00f5 n\u00e9t  Ph\u00e1t hi\u1ec7n chuy\u1ec3n \u0111\u1ed9ng, ph\u00e2n bi\u1ec7t Ng\u01b0\u1eddi v\u00e0 xe c\u1ed9  T\u1ea7m nh\u00ecn ban \u0111\u00eam 30m\" \/>\n<meta property=\"og:url\" content=\"http:\/\/mau.hoabinhweb.com\/camera1\/san-pham\/camera-full-super-2k-reolink-rlc-510wa-phat-hien-nguoi-xe\/\" \/>\n<meta property=\"og:site_name\" content=\"Ho\u00e0 B\u00ecnh Web\" \/>\n<meta property=\"og:image\" content=\"http:\/\/mau.hoabinhweb.com\/camera1\/wp-content\/uploads\/2022\/03\/sanpham11.jpg\" \/>\n\t<meta property=\"og:image:width\" content=\"510\" \/>\n\t<meta property=\"og:image:height\" content=\"510\" \/>\n\t<meta property=\"og:image:type\" content=\"image\/jpeg\" \/>\n<meta name=\"twitter:card\" content=\"summary_large_image\" \/>\n<meta name=\"twitter:label1\" content=\"\u01af\u1edbc t\u00ednh th\u1eddi gian \u0111\u1ecdc\" \/>\n\t<meta name=\"twitter:data1\" content=\"2 ph\u00fat\" \/>\n<script type=\"application\/ld+json\" class=\"yoast-schema-graph\">{\"@context\":\"https:\/\/schema.org\",\"@graph\":[{\"@type\":\"WebSite\",\"@id\":\"http:\/\/mau.hoabinhweb.com\/camera1\/#website\",\"url\":\"http:\/\/mau.hoabinhweb.com\/camera1\/\",\"name\":\"Ho\u00e0 B\u00ecnh Web\",\"description\":\"\",\"potentialAction\":[{\"@type\":\"SearchAction\",\"target\":{\"@type\":\"EntryPoint\",\"urlTemplate\":\"http:\/\/mau.hoabinhweb.com\/camera1\/?s={search_term_string}\"},\"query-input\":\"required name=search_term_string\"}],\"inLanguage\":\"vi\"},{\"@type\":\"ImageObject\",\"@id\":\"http:\/\/mau.hoabinhweb.com\/camera1\/san-pham\/camera-full-super-2k-reolink-rlc-510wa-phat-hien-nguoi-xe\/#primaryimage\",\"inLanguage\":\"vi\",\"url\":\"http:\/\/mau.hoabinhweb.com\/camera1\/wp-content\/uploads\/2022\/03\/sanpham11.jpg\",\"contentUrl\":\"http:\/\/mau.hoabinhweb.com\/camera1\/wp-content\/uploads\/2022\/03\/sanpham11.jpg\",\"width\":510,\"height\":510,\"caption\":\"Sanpham11\"},{\"@type\":\"WebPage\",\"@id\":\"http:\/\/mau.hoabinhweb.com\/camera1\/san-pham\/camera-full-super-2k-reolink-rlc-510wa-phat-hien-nguoi-xe\/#webpage\",\"url\":\"http:\/\/mau.hoabinhweb.com\/camera1\/san-pham\/camera-full-super-2k-reolink-rlc-510wa-phat-hien-nguoi-xe\/\",\"name\":\"Camera Full Super 2K Reolink RLC-510WA ph\u00e1t hi\u1ec7n ng\u01b0\u1eddi \/ xe - Ho\u00e0 B\u00ecnh Web\",\"isPartOf\":{\"@id\":\"http:\/\/mau.hoabinhweb.com\/camera1\/#website\"},\"primaryImageOfPage\":{\"@id\":\"http:\/\/mau.hoabinhweb.com\/camera1\/san-pham\/camera-full-super-2k-reolink-rlc-510wa-phat-hien-nguoi-xe\/#primaryimage\"},\"datePublished\":\"2022-03-24T07:27:51+00:00\",\"dateModified\":\"2022-03-24T07:27:51+00:00\",\"breadcrumb\":{\"@id\":\"http:\/\/mau.hoabinhweb.com\/camera1\/san-pham\/camera-full-super-2k-reolink-rlc-510wa-phat-hien-nguoi-xe\/#breadcrumb\"},\"inLanguage\":\"vi\",\"potentialAction\":[{\"@type\":\"ReadAction\",\"target\":[\"http:\/\/mau.hoabinhweb.com\/camera1\/san-pham\/camera-full-super-2k-reolink-rlc-510wa-phat-hien-nguoi-xe\/\"]}]},{\"@type\":\"BreadcrumbList\",\"@id\":\"http:\/\/mau.hoabinhweb.com\/camera1\/san-pham\/camera-full-super-2k-reolink-rlc-510wa-phat-hien-nguoi-xe\/#breadcrumb\",\"itemListElement\":[{\"@type\":\"ListItem\",\"position\":1,\"name\":\"Trang ch\u1ee7\",\"item\":\"http:\/\/mau.hoabinhweb.com\/camera1\/\"},{\"@type\":\"ListItem\",\"position\":2,\"name\":\"S\u1ea3n ph\u1ea9m\",\"item\":\"http:\/\/mau.hoabinhweb.com\/camera1\/san-pham\/\"},{\"@type\":\"ListItem\",\"position\":3,\"name\":\"Tin t\u1ee9c\",\"item\":\"http:\/\/mau.hoabinhweb.com\/camera1\/tin-tuc\/\"},{\"@type\":\"ListItem\",\"position\":4,\"name\":\"Camera Full Super 2K Reolink RLC-510WA ph\u00e1t hi\u1ec7n ng\u01b0\u1eddi \/ xe\"}]}]}<\/script>\n<!-- \/ Yoast SEO plugin. -->","yoast_head_json":{"title":"Camera Full Super 2K Reolink RLC-510WA ph\u00e1t hi\u1ec7n ng\u01b0\u1eddi \/ xe - Ho\u00e0 B\u00ecnh Web","robots":{"index":"noindex","follow":"follow","max-snippet":"max-snippet:-1","max-image-preview":"max-image-preview:large","max-video-preview":"max-video-preview:-1"},"og_locale":"vi_VN","og_type":"article","og_title":"Camera Full Super 2K Reolink RLC-510WA ph\u00e1t hi\u1ec7n ng\u01b0\u1eddi \/ xe - Ho\u00e0 B\u00ecnh Web","og_description":"Camera \u0111\u1ed9 ph\u00e2n gi\u1ea3i 5MP Super 2K  Chuy\u00ean d\u1ee5ng l\u1eafp \u0111\u1eb7t trong nh\u00e0 \/ ngo\u00e0i tr\u1eddi  H\u1ed7 tr\u1ee3 Wifi 2 b\u0103ng t\u1ea7n, 2.4GHz v\u00e0 5.0GHz  K\u1ebft n\u1ed1i t\u1ea7m xa Wifi t\u1ed1i \u0111a 60m  \u00c2m thanh nghe r\u00f5 n\u00e9t  Ph\u00e1t hi\u1ec7n chuy\u1ec3n \u0111\u1ed9ng, ph\u00e2n bi\u1ec7t Ng\u01b0\u1eddi v\u00e0 xe c\u1ed9  T\u1ea7m nh\u00ecn ban \u0111\u00eam 30m","og_url":"http:\/\/mau.hoabinhweb.com\/camera1\/san-pham\/camera-full-super-2k-reolink-rlc-510wa-phat-hien-nguoi-xe\/","og_site_name":"Ho\u00e0 B\u00ecnh Web","og_image":[{"width":510,"height":510,"url":"http:\/\/mau.hoabinhweb.com\/camera1\/wp-content\/uploads\/2022\/03\/sanpham11.jpg","type":"image\/jpeg"}],"twitter_card":"summary_large_image","twitter_misc":{"\u01af\u1edbc t\u00ednh th\u1eddi gian \u0111\u1ecdc":"2 ph\u00fat"},"schema":{"@context":"https:\/\/schema.org","@graph":[{"@type":"WebSite","@id":"http:\/\/mau.hoabinhweb.com\/camera1\/#website","url":"http:\/\/mau.hoabinhweb.com\/camera1\/","name":"Ho\u00e0 B\u00ecnh Web","description":"","potentialAction":[{"@type":"SearchAction","target":{"@type":"EntryPoint","urlTemplate":"http:\/\/mau.hoabinhweb.com\/camera1\/?s={search_term_string}"},"query-input":"required name=search_term_string"}],"inLanguage":"vi"},{"@type":"ImageObject","@id":"http:\/\/mau.hoabinhweb.com\/camera1\/san-pham\/camera-full-super-2k-reolink-rlc-510wa-phat-hien-nguoi-xe\/#primaryimage","inLanguage":"vi","url":"http:\/\/mau.hoabinhweb.com\/camera1\/wp-content\/uploads\/2022\/03\/sanpham11.jpg","contentUrl":"http:\/\/mau.hoabinhweb.com\/camera1\/wp-content\/uploads\/2022\/03\/sanpham11.jpg","width":510,"height":510,"caption":"Sanpham11"},{"@type":"WebPage","@id":"http:\/\/mau.hoabinhweb.com\/camera1\/san-pham\/camera-full-super-2k-reolink-rlc-510wa-phat-hien-nguoi-xe\/#webpage","url":"http:\/\/mau.hoabinhweb.com\/camera1\/san-pham\/camera-full-super-2k-reolink-rlc-510wa-phat-hien-nguoi-xe\/","name":"Camera Full Super 2K Reolink RLC-510WA ph\u00e1t hi\u1ec7n ng\u01b0\u1eddi \/ xe - Ho\u00e0 B\u00ecnh Web","isPartOf":{"@id":"http:\/\/mau.hoabinhweb.com\/camera1\/#website"},"primaryImageOfPage":{"@id":"http:\/\/mau.hoabinhweb.com\/camera1\/san-pham\/camera-full-super-2k-reolink-rlc-510wa-phat-hien-nguoi-xe\/#primaryimage"},"datePublished":"2022-03-24T07:27:51+00:00","dateModified":"2022-03-24T07:27:51+00:00","breadcrumb":{"@id":"http:\/\/mau.hoabinhweb.com\/camera1\/san-pham\/camera-full-super-2k-reolink-rlc-510wa-phat-hien-nguoi-xe\/#breadcrumb"},"inLanguage":"vi","potentialAction":[{"@type":"ReadAction","target":["http:\/\/mau.hoabinhweb.com\/camera1\/san-pham\/camera-full-super-2k-reolink-rlc-510wa-phat-hien-nguoi-xe\/"]}]},{"@type":"BreadcrumbList","@id":"http:\/\/mau.hoabinhweb.com\/camera1\/san-pham\/camera-full-super-2k-reolink-rlc-510wa-phat-hien-nguoi-xe\/#breadcrumb","itemListElement":[{"@type":"ListItem","position":1,"name":"Trang ch\u1ee7","item":"http:\/\/mau.hoabinhweb.com\/camera1\/"},{"@type":"ListItem","position":2,"name":"S\u1ea3n ph\u1ea9m","item":"http:\/\/mau.hoabinhweb.com\/camera1\/san-pham\/"},{"@type":"ListItem","position":3,"name":"Tin t\u1ee9c","item":"http:\/\/mau.hoabinhweb.com\/camera1\/tin-tuc\/"},{"@type":"ListItem","position":4,"name":"Camera Full Super 2K Reolink RLC-510WA ph\u00e1t hi\u1ec7n ng\u01b0\u1eddi \/ xe"}]}]}},"_links":{"self":[{"href":"http:\/\/mau.hoabinhweb.com\/camera1\/wp-json\/wp\/v2\/product\/85","targetHints":{"allow":["GET"]}}],"collection":[{"href":"http:\/\/mau.hoabinhweb.com\/camera1\/wp-json\/wp\/v2\/product"}],"about":[{"href":"http:\/\/mau.hoabinhweb.com\/camera1\/wp-json\/wp\/v2\/types\/product"}],"replies":[{"embeddable":true,"href":"http:\/\/mau.hoabinhweb.com\/camera1\/wp-json\/wp\/v2\/comments?post=85"}],"wp:featuredmedia":[{"embeddable":true,"href":"http:\/\/mau.hoabinhweb.com\/camera1\/wp-json\/wp\/v2\/media\/97"}],"wp:attachment":[{"href":"http:\/\/mau.hoabinhweb.com\/camera1\/wp-json\/wp\/v2\/media?parent=85"}],"wp:term":[{"taxonomy":"product_cat","embeddable":true,"href":"http:\/\/mau.hoabinhweb.com\/camera1\/wp-json\/wp\/v2\/product_cat?post=85"},{"taxonomy":"product_tag","embeddable":true,"href":"http:\/\/mau.hoabinhweb.com\/camera1\/wp-json\/wp\/v2\/product_tag?post=85"}],"curies":[{"name":"wp","href":"https:\/\/api.w.org\/{rel}","templated":true}]}}