{"id":84,"date":"2022-03-24T14:27:50","date_gmt":"2022-03-24T07:27:50","guid":{"rendered":"https:\/\/webcam24h.net\/?post_type=product&amp;p=84"},"modified":"2022-03-24T14:27:50","modified_gmt":"2022-03-24T07:27:50","slug":"camera-nang-luong-mat-troi-ds-2xs2t41g0-id-4g-c04s05","status":"publish","type":"product","link":"http:\/\/mau.hoabinhweb.com\/camera1\/san-pham\/camera-nang-luong-mat-troi-ds-2xs2t41g0-id-4g-c04s05\/","title":{"rendered":"Camera n\u0103ng l\u01b0\u1ee3ng m\u1eb7t tr\u1eddi DS-2XS2T41G0-ID\/4G\/C04S05"},"content":{"rendered":"<h2 class=\"mb-20\">Th\u00f4ng s\u1ed1 k\u1ef9 thu\u1eadt<\/h2>\n<ul>\n<li>Lo\u1ea1i camera: Camera IP 4G n\u0103ng l\u01b0\u1ee3ng m\u1eb7t tr\u1eddi 4MP<\/li>\n<li>\u0110\u1ed9 ph\u00e2n gi\u1ea3i: 4.0 Megapixel.1\/3\u2033 Progressive Scan CMOS<\/li>\n<li>Ph\u00e1t hi\u1ec7n chuy\u1ec3n \u0111\u1ed9ng ng\u01b0\u1eddi b\u1eb1ng c\u1ea3m bi\u1ebfn PIR l\u00ean \u0111\u1ebfn 10m<\/li>\n<li>H\u1ed3ng ngo\u1ea1i 10m ~ 30m<\/li>\n<li>T\u00edch h\u1ee3p micro v\u00e0 loa \u0111\u00e0m tho\u1ea1i 2 chi\u1ec1u<\/li>\n<li>H\u1ed7 tr\u1ee3 sim 4G (LTE-TDD, LTE-FDD, WCDMA, GSM)<\/li>\n<li>T\u00edch h\u1ee3p b\u1ed9 nh\u1edb 8 GB eMMC<\/li>\n<li>T\u00edch h\u1ee3p khe c\u1eafm th\u1ebb nh\u1edb microSD\/SDHC\/SDXC\/TF l\u00ean \u0111\u1ebfn 256Gb<\/li>\n<li>Pin d\u1ef1 ph\u00f2ng Ternary lithium 10Ah<\/li>\n<li>T\u1ea5m pin n\u0103ng l\u01b0\u1ee3ng m\u1eb7t tr\u1eddi 5 W<\/li>\n<li>Chu\u1ea9n ch\u1ed1ng b\u1ee5i, n\u01b0\u1edbc IP66 (IEC 60529-2013)<\/li>\n<li>B\u1ea3o h\u00e0nh: 24 th\u00e1ng.<\/li>\n<li>Xu\u1ea5t x\u1ee9: Trung Qu\u1ed1c.<\/li>\n<\/ul>\n","protected":false},"excerpt":{"rendered":"<ul>\n<li>Camera IP N\u0103ng l\u01b0\u1ee3ng m\u1eb7t tr\u1eddi<\/li>\n<li>C\u1ea3m bi\u1ebfn CMOS 1\/3\u201d; 0.01 Lux<\/li>\n<li>\u0110\u1ed9 ph\u00e2n gi\u1ea3i 2688 x 1520 @15fps, H265+<\/li>\n<li>\u1ed0ng k\u00ednh 4\/6mm<\/li>\n<li>T\u1ea7m xa h\u1ed3ng ngo\u1ea1i: 10m<\/li>\n<li>H\u1ed7 tr\u1ee3 3D DNR, WDR 120dB, BLC, HLC, Defog, EIS<\/li>\n<li>Ngu\u1ed3n: 5VDC; Ti\u00eau chu\u1ea9n IP66<\/li>\n<li>H\u1ed7 tr\u1ee3 th\u1ebb nh\u1edb t\u1ed1i \u0111a 256GB, h\u1ed7 tr\u1ee3 ARN<\/li>\n<li>H\u1ed7 tr\u1ee3 \u0111\u00e0m tho\u1ea1i 2 chi\u1ec1u<\/li>\n<li>H\u1ed7 tr\u1ee3 th\u1ebb sim 4G; Dung l\u01b0\u1ee3ng pin: 10 Ah<\/li>\n<\/ul>\n","protected":false},"featured_media":96,"comment_status":"closed","ping_status":"closed","template":"","meta":[],"product_cat":[34,35,25,26,27,36,37,38,39,40,41,42,28,43,29,30,31,17,44,32,33,18,19,20,21,22,23,24],"product_tag":[],"class_list":["post-84","product","type-product","status-publish","has-post-thumbnail","hentry","product_cat-bo-kit-camera","product_cat-camera-analog","product_cat-camera-giam-sat","product_cat-camera-ip","product_cat-camera-wifi-khong-day","product_cat-chan-de-camera","product_cat-dahua","product_cat-day-cap-dong-truc-cho-camera","product_cat-dau-ghi-16-kenh","product_cat-dau-ghi-32-kenh","product_cat-dau-ghi-4-kenh","product_cat-dau-ghi-8-kenh","product_cat-dau-ghi-hinh","product_cat-ezviz","product_cat-hang-san-xuat","product_cat-hikvision","product_cat-imou","product_cat-khuyen-mai-hot","product_cat-nguon-camera","product_cat-phu-kien-camera-an-ninh","product_cat-the-nho-luu-tru","product_cat-thiet-bi-bao-dong-bao-chay","product_cat-thiet-bi-camera-an-ninh","product_cat-thiet-bi-dien-thong-minh","product_cat-thiet-bi-kiem-soat-cua","product_cat-thiet-bi-so-cong-nghe","product_cat-thiet-bi-van-phong-gia-dinh","product_cat-thiet-bi-vien-thong"],"yoast_head":"<!-- This site is optimized with the Yoast SEO plugin v18.3 - https:\/\/yoast.com\/wordpress\/plugins\/seo\/ -->\n<title>Camera n\u0103ng l\u01b0\u1ee3ng m\u1eb7t tr\u1eddi DS-2XS2T41G0-ID\/4G\/C04S05 - Ho\u00e0 B\u00ecnh Web<\/title>\n<meta name=\"robots\" content=\"noindex, follow, max-snippet:-1, max-image-preview:large, max-video-preview:-1\" \/>\n<meta property=\"og:locale\" content=\"vi_VN\" \/>\n<meta property=\"og:type\" content=\"article\" \/>\n<meta property=\"og:title\" content=\"Camera n\u0103ng l\u01b0\u1ee3ng m\u1eb7t tr\u1eddi DS-2XS2T41G0-ID\/4G\/C04S05 - Ho\u00e0 B\u00ecnh Web\" \/>\n<meta property=\"og:description\" content=\"Camera IP N\u0103ng l\u01b0\u1ee3ng m\u1eb7t tr\u1eddi  C\u1ea3m bi\u1ebfn CMOS 1\/3\u201d; 0.01 Lux  \u0110\u1ed9 ph\u00e2n gi\u1ea3i 2688 x 1520 @15fps, H265+  \u1ed0ng k\u00ednh 4\/6mm  T\u1ea7m xa h\u1ed3ng ngo\u1ea1i: 10m  H\u1ed7 tr\u1ee3 3D DNR, WDR 120dB, BLC, HLC, Defog, EIS  Ngu\u1ed3n: 5VDC; Ti\u00eau chu\u1ea9n IP66  H\u1ed7 tr\u1ee3 th\u1ebb nh\u1edb t\u1ed1i \u0111a 256GB, h\u1ed7 tr\u1ee3 ARN  H\u1ed7 tr\u1ee3 \u0111\u00e0m tho\u1ea1i 2 chi\u1ec1u  H\u1ed7 tr\u1ee3 th\u1ebb sim 4G; Dung l\u01b0\u1ee3ng pin: 10 Ah\" \/>\n<meta property=\"og:url\" content=\"http:\/\/mau.hoabinhweb.com\/camera1\/san-pham\/camera-nang-luong-mat-troi-ds-2xs2t41g0-id-4g-c04s05\/\" \/>\n<meta property=\"og:site_name\" content=\"Ho\u00e0 B\u00ecnh Web\" \/>\n<meta property=\"og:image\" content=\"http:\/\/mau.hoabinhweb.com\/camera1\/wp-content\/uploads\/2022\/03\/sanpham10.jpg\" \/>\n\t<meta property=\"og:image:width\" content=\"624\" \/>\n\t<meta property=\"og:image:height\" content=\"624\" \/>\n\t<meta property=\"og:image:type\" content=\"image\/jpeg\" \/>\n<meta name=\"twitter:card\" content=\"summary_large_image\" \/>\n<meta name=\"twitter:label1\" content=\"\u01af\u1edbc t\u00ednh th\u1eddi gian \u0111\u1ecdc\" \/>\n\t<meta name=\"twitter:data1\" content=\"1 ph\u00fat\" \/>\n<script type=\"application\/ld+json\" class=\"yoast-schema-graph\">{\"@context\":\"https:\/\/schema.org\",\"@graph\":[{\"@type\":\"WebSite\",\"@id\":\"http:\/\/mau.hoabinhweb.com\/camera1\/#website\",\"url\":\"http:\/\/mau.hoabinhweb.com\/camera1\/\",\"name\":\"Ho\u00e0 B\u00ecnh Web\",\"description\":\"\",\"potentialAction\":[{\"@type\":\"SearchAction\",\"target\":{\"@type\":\"EntryPoint\",\"urlTemplate\":\"http:\/\/mau.hoabinhweb.com\/camera1\/?s={search_term_string}\"},\"query-input\":\"required name=search_term_string\"}],\"inLanguage\":\"vi\"},{\"@type\":\"ImageObject\",\"@id\":\"http:\/\/mau.hoabinhweb.com\/camera1\/san-pham\/camera-nang-luong-mat-troi-ds-2xs2t41g0-id-4g-c04s05\/#primaryimage\",\"inLanguage\":\"vi\",\"url\":\"http:\/\/mau.hoabinhweb.com\/camera1\/wp-content\/uploads\/2022\/03\/sanpham10.jpg\",\"contentUrl\":\"http:\/\/mau.hoabinhweb.com\/camera1\/wp-content\/uploads\/2022\/03\/sanpham10.jpg\",\"width\":624,\"height\":624,\"caption\":\"Sanpham10\"},{\"@type\":\"WebPage\",\"@id\":\"http:\/\/mau.hoabinhweb.com\/camera1\/san-pham\/camera-nang-luong-mat-troi-ds-2xs2t41g0-id-4g-c04s05\/#webpage\",\"url\":\"http:\/\/mau.hoabinhweb.com\/camera1\/san-pham\/camera-nang-luong-mat-troi-ds-2xs2t41g0-id-4g-c04s05\/\",\"name\":\"Camera n\u0103ng l\u01b0\u1ee3ng m\u1eb7t tr\u1eddi DS-2XS2T41G0-ID\/4G\/C04S05 - Ho\u00e0 B\u00ecnh Web\",\"isPartOf\":{\"@id\":\"http:\/\/mau.hoabinhweb.com\/camera1\/#website\"},\"primaryImageOfPage\":{\"@id\":\"http:\/\/mau.hoabinhweb.com\/camera1\/san-pham\/camera-nang-luong-mat-troi-ds-2xs2t41g0-id-4g-c04s05\/#primaryimage\"},\"datePublished\":\"2022-03-24T07:27:50+00:00\",\"dateModified\":\"2022-03-24T07:27:50+00:00\",\"breadcrumb\":{\"@id\":\"http:\/\/mau.hoabinhweb.com\/camera1\/san-pham\/camera-nang-luong-mat-troi-ds-2xs2t41g0-id-4g-c04s05\/#breadcrumb\"},\"inLanguage\":\"vi\",\"potentialAction\":[{\"@type\":\"ReadAction\",\"target\":[\"http:\/\/mau.hoabinhweb.com\/camera1\/san-pham\/camera-nang-luong-mat-troi-ds-2xs2t41g0-id-4g-c04s05\/\"]}]},{\"@type\":\"BreadcrumbList\",\"@id\":\"http:\/\/mau.hoabinhweb.com\/camera1\/san-pham\/camera-nang-luong-mat-troi-ds-2xs2t41g0-id-4g-c04s05\/#breadcrumb\",\"itemListElement\":[{\"@type\":\"ListItem\",\"position\":1,\"name\":\"Trang ch\u1ee7\",\"item\":\"http:\/\/mau.hoabinhweb.com\/camera1\/\"},{\"@type\":\"ListItem\",\"position\":2,\"name\":\"S\u1ea3n ph\u1ea9m\",\"item\":\"http:\/\/mau.hoabinhweb.com\/camera1\/san-pham\/\"},{\"@type\":\"ListItem\",\"position\":3,\"name\":\"Tin t\u1ee9c\",\"item\":\"http:\/\/mau.hoabinhweb.com\/camera1\/tin-tuc\/\"},{\"@type\":\"ListItem\",\"position\":4,\"name\":\"Camera n\u0103ng l\u01b0\u1ee3ng m\u1eb7t tr\u1eddi DS-2XS2T41G0-ID\/4G\/C04S05\"}]}]}<\/script>\n<!-- \/ Yoast SEO plugin. -->","yoast_head_json":{"title":"Camera n\u0103ng l\u01b0\u1ee3ng m\u1eb7t tr\u1eddi DS-2XS2T41G0-ID\/4G\/C04S05 - Ho\u00e0 B\u00ecnh Web","robots":{"index":"noindex","follow":"follow","max-snippet":"max-snippet:-1","max-image-preview":"max-image-preview:large","max-video-preview":"max-video-preview:-1"},"og_locale":"vi_VN","og_type":"article","og_title":"Camera n\u0103ng l\u01b0\u1ee3ng m\u1eb7t tr\u1eddi DS-2XS2T41G0-ID\/4G\/C04S05 - Ho\u00e0 B\u00ecnh Web","og_description":"Camera IP N\u0103ng l\u01b0\u1ee3ng m\u1eb7t tr\u1eddi  C\u1ea3m bi\u1ebfn CMOS 1\/3\u201d; 0.01 Lux  \u0110\u1ed9 ph\u00e2n gi\u1ea3i 2688 x 1520 @15fps, H265+  \u1ed0ng k\u00ednh 4\/6mm  T\u1ea7m xa h\u1ed3ng ngo\u1ea1i: 10m  H\u1ed7 tr\u1ee3 3D DNR, WDR 120dB, BLC, HLC, Defog, EIS  Ngu\u1ed3n: 5VDC; Ti\u00eau chu\u1ea9n IP66  H\u1ed7 tr\u1ee3 th\u1ebb nh\u1edb t\u1ed1i \u0111a 256GB, h\u1ed7 tr\u1ee3 ARN  H\u1ed7 tr\u1ee3 \u0111\u00e0m tho\u1ea1i 2 chi\u1ec1u  H\u1ed7 tr\u1ee3 th\u1ebb sim 4G; Dung l\u01b0\u1ee3ng pin: 10 Ah","og_url":"http:\/\/mau.hoabinhweb.com\/camera1\/san-pham\/camera-nang-luong-mat-troi-ds-2xs2t41g0-id-4g-c04s05\/","og_site_name":"Ho\u00e0 B\u00ecnh Web","og_image":[{"width":624,"height":624,"url":"http:\/\/mau.hoabinhweb.com\/camera1\/wp-content\/uploads\/2022\/03\/sanpham10.jpg","type":"image\/jpeg"}],"twitter_card":"summary_large_image","twitter_misc":{"\u01af\u1edbc t\u00ednh th\u1eddi gian \u0111\u1ecdc":"1 ph\u00fat"},"schema":{"@context":"https:\/\/schema.org","@graph":[{"@type":"WebSite","@id":"http:\/\/mau.hoabinhweb.com\/camera1\/#website","url":"http:\/\/mau.hoabinhweb.com\/camera1\/","name":"Ho\u00e0 B\u00ecnh Web","description":"","potentialAction":[{"@type":"SearchAction","target":{"@type":"EntryPoint","urlTemplate":"http:\/\/mau.hoabinhweb.com\/camera1\/?s={search_term_string}"},"query-input":"required name=search_term_string"}],"inLanguage":"vi"},{"@type":"ImageObject","@id":"http:\/\/mau.hoabinhweb.com\/camera1\/san-pham\/camera-nang-luong-mat-troi-ds-2xs2t41g0-id-4g-c04s05\/#primaryimage","inLanguage":"vi","url":"http:\/\/mau.hoabinhweb.com\/camera1\/wp-content\/uploads\/2022\/03\/sanpham10.jpg","contentUrl":"http:\/\/mau.hoabinhweb.com\/camera1\/wp-content\/uploads\/2022\/03\/sanpham10.jpg","width":624,"height":624,"caption":"Sanpham10"},{"@type":"WebPage","@id":"http:\/\/mau.hoabinhweb.com\/camera1\/san-pham\/camera-nang-luong-mat-troi-ds-2xs2t41g0-id-4g-c04s05\/#webpage","url":"http:\/\/mau.hoabinhweb.com\/camera1\/san-pham\/camera-nang-luong-mat-troi-ds-2xs2t41g0-id-4g-c04s05\/","name":"Camera n\u0103ng l\u01b0\u1ee3ng m\u1eb7t tr\u1eddi DS-2XS2T41G0-ID\/4G\/C04S05 - Ho\u00e0 B\u00ecnh Web","isPartOf":{"@id":"http:\/\/mau.hoabinhweb.com\/camera1\/#website"},"primaryImageOfPage":{"@id":"http:\/\/mau.hoabinhweb.com\/camera1\/san-pham\/camera-nang-luong-mat-troi-ds-2xs2t41g0-id-4g-c04s05\/#primaryimage"},"datePublished":"2022-03-24T07:27:50+00:00","dateModified":"2022-03-24T07:27:50+00:00","breadcrumb":{"@id":"http:\/\/mau.hoabinhweb.com\/camera1\/san-pham\/camera-nang-luong-mat-troi-ds-2xs2t41g0-id-4g-c04s05\/#breadcrumb"},"inLanguage":"vi","potentialAction":[{"@type":"ReadAction","target":["http:\/\/mau.hoabinhweb.com\/camera1\/san-pham\/camera-nang-luong-mat-troi-ds-2xs2t41g0-id-4g-c04s05\/"]}]},{"@type":"BreadcrumbList","@id":"http:\/\/mau.hoabinhweb.com\/camera1\/san-pham\/camera-nang-luong-mat-troi-ds-2xs2t41g0-id-4g-c04s05\/#breadcrumb","itemListElement":[{"@type":"ListItem","position":1,"name":"Trang ch\u1ee7","item":"http:\/\/mau.hoabinhweb.com\/camera1\/"},{"@type":"ListItem","position":2,"name":"S\u1ea3n ph\u1ea9m","item":"http:\/\/mau.hoabinhweb.com\/camera1\/san-pham\/"},{"@type":"ListItem","position":3,"name":"Tin t\u1ee9c","item":"http:\/\/mau.hoabinhweb.com\/camera1\/tin-tuc\/"},{"@type":"ListItem","position":4,"name":"Camera n\u0103ng l\u01b0\u1ee3ng m\u1eb7t tr\u1eddi DS-2XS2T41G0-ID\/4G\/C04S05"}]}]}},"_links":{"self":[{"href":"http:\/\/mau.hoabinhweb.com\/camera1\/wp-json\/wp\/v2\/product\/84","targetHints":{"allow":["GET"]}}],"collection":[{"href":"http:\/\/mau.hoabinhweb.com\/camera1\/wp-json\/wp\/v2\/product"}],"about":[{"href":"http:\/\/mau.hoabinhweb.com\/camera1\/wp-json\/wp\/v2\/types\/product"}],"replies":[{"embeddable":true,"href":"http:\/\/mau.hoabinhweb.com\/camera1\/wp-json\/wp\/v2\/comments?post=84"}],"wp:featuredmedia":[{"embeddable":true,"href":"http:\/\/mau.hoabinhweb.com\/camera1\/wp-json\/wp\/v2\/media\/96"}],"wp:attachment":[{"href":"http:\/\/mau.hoabinhweb.com\/camera1\/wp-json\/wp\/v2\/media?parent=84"}],"wp:term":[{"taxonomy":"product_cat","embeddable":true,"href":"http:\/\/mau.hoabinhweb.com\/camera1\/wp-json\/wp\/v2\/product_cat?post=84"},{"taxonomy":"product_tag","embeddable":true,"href":"http:\/\/mau.hoabinhweb.com\/camera1\/wp-json\/wp\/v2\/product_tag?post=84"}],"curies":[{"name":"wp","href":"https:\/\/api.w.org\/{rel}","templated":true}]}}