{"id":83,"date":"2022-03-24T14:27:49","date_gmt":"2022-03-24T07:27:49","guid":{"rendered":"https:\/\/webcam24h.net\/?post_type=product&amp;p=83"},"modified":"2022-03-24T14:27:49","modified_gmt":"2022-03-24T07:27:49","slug":"camera-full-color-ds-2cd2t47g1-l-2mp-co-mau-ban-dem-full-2k","status":"publish","type":"product","link":"http:\/\/mau.hoabinhweb.com\/camera1\/san-pham\/camera-full-color-ds-2cd2t47g1-l-2mp-co-mau-ban-dem-full-2k\/","title":{"rendered":"Camera Full Color DS-2CD2T47G1-L 2MP C\u00f3 M\u00e0u Ban \u0110\u00eam Full 2K"},"content":{"rendered":"<h2 class=\"mb-20\">Th\u00f4ng s\u1ed1 k\u1ef9 thu\u1eadt<\/h2>\n<table border=\"1\" width=\"365pt\" cellspacing=\"0\" cellpadding=\"0\">\n<tbody>\n<tr>\n<td class=\"xl66\" height=\"20\"><strong>Model<\/strong><\/td>\n<td class=\"xl65\"><strong>DS-2CD2T47G1-L<\/strong><\/td>\n<\/tr>\n<tr>\n<td class=\"xl67\" height=\"21\"><strong>Camera<\/strong><\/td>\n<td class=\"xl66\">1\/1.8 inch Progressive Scan CMOS<\/td>\n<\/tr>\n<tr>\n<td class=\"xl66\" height=\"20\">Min. Illumination<\/td>\n<td class=\"xl66\">0.0014 @ (F1.0, AGC ON), 0 Lux with Light<\/td>\n<\/tr>\n<tr>\n<td class=\"xl66\" height=\"20\">Shutter Speed<\/td>\n<td class=\"xl66\">1\/3 s to 1\/100,000 s<\/td>\n<\/tr>\n<tr>\n<td class=\"xl66\" height=\"20\">Slow Shutter<\/td>\n<td class=\"xl65\">Yes<\/td>\n<\/tr>\n<tr>\n<td class=\"xl66\" height=\"20\">Wide Dynamic Range<\/td>\n<td class=\"xl65\">120 dB<\/td>\n<\/tr>\n<tr>\n<td class=\"xl66\" height=\"20\">Angle Adjustment<\/td>\n<td class=\"xl66\">Pan: 0\u00b0 to 360\u00b0, tilt: 0\u00b0 to 90\u00b0, rotate: 0\u00b0 to 360\u00b0<\/td>\n<\/tr>\n<tr>\n<td class=\"xl66\" colspan=\"2\" height=\"20\"><strong>Lens<\/strong><\/td>\n<\/tr>\n<tr>\n<td class=\"xl66\" height=\"20\">Focus<\/td>\n<td class=\"xl65\">Fixed<\/td>\n<\/tr>\n<tr>\n<td class=\"xl66\" height=\"20\">Lens Type<\/td>\n<td class=\"xl65\">2.8\/4\/6 mm<\/td>\n<\/tr>\n<tr>\n<td class=\"xl66\" height=\"100\">FOV<\/td>\n<td class=\"xl65\">2.8 mm, horizontal FOV: 109\u00b0, vertical FOV: 55\u00b0, diagonal FOV: 138\u00b0; 4 mm, horizontal FOV: 94\u00b0, vertical FOV:48\u00b0, diagonal FOV: 115\u00b0; 6 mm, horizontal FOV: 57\u00b0, vertical FOV: 31\u00b0, diagonal FOV:67\u00b0<\/td>\n<\/tr>\n<tr>\n<td class=\"xl66\" height=\"20\">Aperture<\/td>\n<td class=\"xl65\">F1.0<\/td>\n<\/tr>\n<tr>\n<td class=\"xl66\" height=\"20\">Lens Mount<\/td>\n<td class=\"xl65\">M16<\/td>\n<\/tr>\n<tr>\n<td class=\"xl66\" colspan=\"2\" height=\"20\"><strong>Illuminator<\/strong><\/td>\n<\/tr>\n<tr>\n<td class=\"xl66\" height=\"20\">White Light Range<\/td>\n<td class=\"xl65\">Warm white LEDs (3000K), up to 30m<\/td>\n<\/tr>\n<tr>\n<td class=\"xl66\" colspan=\"2\" height=\"20\">Video<\/td>\n<\/tr>\n<tr>\n<td class=\"xl66\" height=\"20\">Max. Resolution<\/td>\n<td class=\"xl65\">2688 \u00d7 1520<\/td>\n<\/tr>\n<tr>\n<td class=\"xl66\" height=\"40\">Main Stream<\/td>\n<td class=\"xl65\">50Hz: 25fps (2688 \u00d7 1520, 2560 \u00d7 1440, 2304 \u00d7 1296, 1920 \u00d7 1080, 1280 \u00d7 720); 60Hz: 30fps (2688 \u00d7 1520, 2560 \u00d7 1440, 2304 \u00d7 1296, 1920 \u00d7 1080, 1280 \u00d7 720)<\/td>\n<\/tr>\n<tr>\n<td class=\"xl66\" height=\"40\">Sub Stream<\/td>\n<td class=\"xl65\">50Hz: 25fps (640 \u00d7 480, 640 \u00d7 360, 320 \u00d7 240); 60Hz: 30fps (640 \u00d7 480, 640 \u00d7 360, 320 \u00d7 240)<\/td>\n<\/tr>\n<tr>\n<td class=\"xl66\" height=\"40\">Third Stream<\/td>\n<td class=\"xl65\">50Hz: 25fps (1280 \u00d7 720, 640 \u00d7 360, 352 \u00d7 288); 60Hz: 30fps(1280 \u00d7 720, 640 \u00d7 360, 352 \u00d7 240)<\/td>\n<\/tr>\n<tr>\n<td class=\"xl66\" height=\"60\">Video Compression<\/td>\n<td class=\"xl65\">Main stream: H.265+\/H.265\/H.264+\/\/H.264, sub-stream: H.265\/H.264\/MJPEG, third stream: H.265\/H.264<\/td>\n<\/tr>\n<tr>\n<td class=\"xl66\" height=\"20\">Video Bit Rate<\/td>\n<td class=\"xl65\">32 Kbps to 16 Mbps<\/td>\n<\/tr>\n<tr>\n<td class=\"xl66\" height=\"20\">H.264 Type<\/td>\n<td class=\"xl65\">Main Profile\/High Profile<\/td>\n<\/tr>\n<tr>\n<td class=\"xl66\" height=\"20\">H.265 Type<\/td>\n<td class=\"xl65\">Main Profile<\/td>\n<\/tr>\n<tr>\n<td class=\"xl66\" height=\"40\">Region Of Interest (ROI)<\/td>\n<td class=\"xl65\">Support 1 fixed region for main stream and sub stream separately<\/td>\n<\/tr>\n<tr>\n<td class=\"xl66\" colspan=\"2\" height=\"20\"><strong>Network<\/strong><\/td>\n<\/tr>\n<tr>\n<td class=\"xl66\" height=\"20\">Simultaneous Live View<\/td>\n<td class=\"xl65\">Up to 6 channels<\/td>\n<\/tr>\n<tr>\n<td class=\"xl66\" height=\"20\">API<\/td>\n<td class=\"xl65\">ONVIF (PROFILE S, PROFILE G), ISAPI<\/td>\n<\/tr>\n<tr>\n<td class=\"xl66\" height=\"80\">Protocols<\/td>\n<td class=\"xl65\">TCP\/IP, ICMP, HTTP, HTTPS, FTP, DHCP, DNS, DDNS, RTP, RTSP, RTCP, PPPoE, NTP, UPnP, SMTP, SNMP, IGMP, 802.1X, QoS, IPv6, UDP, Bonjour<\/td>\n<\/tr>\n<tr>\n<td class=\"xl66\" height=\"40\">User\/Host<\/td>\n<td class=\"xl65\">Up to 32 users, 3 levels: Administrator, Operator and User<\/td>\n<\/tr>\n<tr>\n<td class=\"xl66\" height=\"40\">Network Storage<\/td>\n<td class=\"xl65\">Support micro SD\/SDHC\/SDXC card (128G) local storage, NAS (NFS,SMB\/CIFS), ANR<\/td>\n<\/tr>\n<tr>\n<td class=\"xl66\" height=\"40\">Client<\/td>\n<td class=\"xl65\">iVMS-4200, Hik-Connect, iVMS-4500, iVMS-5200<\/td>\n<\/tr>\n<tr>\n<td class=\"xl66\" height=\"60\">Web Browser<\/td>\n<td class=\"xl65\">Plug-in required live view: IE8+, Chrome 41.0-44, Firefox 30.0-51, Safari 8.0-11; Plug-in free live view: Chrome 45.0+, Firefox 52.0+<\/td>\n<\/tr>\n<tr>\n<td class=\"xl66\" height=\"60\">Alarm Trigger<\/td>\n<td class=\"xl65\">Motion detection, video tampering detection, network disconnected, IP address conflict, illegal login, HDD full, HDD error<\/td>\n<\/tr>\n<tr>\n<td class=\"xl66\" colspan=\"2\" height=\"20\"><strong>Image<\/strong><\/td>\n<\/tr>\n<tr>\n<td class=\"xl66\" height=\"20\">Day\/Night Switch<\/td>\n<td class=\"xl65\">Day\/Night<\/td>\n<\/tr>\n<tr>\n<td class=\"xl66\" height=\"20\">DNR<\/td>\n<td class=\"xl65\">3D DNR<\/td>\n<\/tr>\n<tr>\n<td class=\"xl66\" height=\"20\">Image Enhancement<\/td>\n<td class=\"xl65\">BLC\/3D DNR\/HLC<\/td>\n<\/tr>\n<tr>\n<td class=\"xl66\" height=\"60\">Image Settings<\/td>\n<td class=\"xl65\">Rotate mode, saturation, brightness, contrast, sharpness, AGC, white balance adjustable by client software or web browser<\/td>\n<\/tr>\n<tr>\n<td class=\"xl66\" colspan=\"2\" height=\"20\">Interface<\/td>\n<\/tr>\n<tr>\n<td class=\"xl66\" height=\"40\">On-Board Storage<\/td>\n<td class=\"xl65\">Built-in micro SD\/SDHC\/SDXC slot, up to 128 GB<\/td>\n<\/tr>\n<tr>\n<td class=\"xl66\" height=\"20\">Hardware Reset<\/td>\n<td class=\"xl65\">Yes<\/td>\n<\/tr>\n<tr>\n<td class=\"xl66\" height=\"20\">Communication Interface<\/td>\n<td class=\"xl65\">1 RJ45 10M\/100M self-adaptive Ethernet port<\/td>\n<\/tr>\n<tr>\n<td class=\"xl66\" colspan=\"2\" height=\"20\">Event<\/td>\n<\/tr>\n<tr>\n<td class=\"xl66\" height=\"60\">Smart Event<\/td>\n<td class=\"xl65\">Line crossing detection, intrusion detection, object removal detection, unattended baggage detection<\/td>\n<\/tr>\n<tr>\n<td class=\"xl66\" height=\"20\">Face Detection<\/td>\n<td class=\"xl65\">Yes<\/td>\n<\/tr>\n<tr>\n<td class=\"xl66\" height=\"20\">Exception Detection<\/td>\n<td class=\"xl65\">Scene change detection<\/td>\n<\/tr>\n<tr>\n<td class=\"xl66\" height=\"20\">Protection<\/td>\n<td class=\"xl65\">IP67<\/td>\n<\/tr>\n<tr>\n<td class=\"xl66\" colspan=\"2\" height=\"20\"><strong>General<\/strong><\/td>\n<\/tr>\n<tr>\n<td class=\"xl66\" height=\"20\">Firmware Version<\/td>\n<td class=\"xl65\">V5.5.82<\/td>\n<\/tr>\n<tr>\n<td class=\"xl66\" height=\"60\">General Function<\/td>\n<td class=\"xl65\">One-key reset, anti-flicker, three streams, heartbeat, mirror, password protection, privacy mask, watermark, IP address filter<\/td>\n<\/tr>\n<tr>\n<td class=\"xl66\" height=\"40\">Startup And Operating Conditions<\/td>\n<td class=\"xl65\">-30 \u00b0C to +60 \u00b0C (-22 \u00b0F to +140 \u00b0F), humidity 95% or less (non-condensing)<\/td>\n<\/tr>\n<tr>\n<td class=\"xl66\" height=\"40\">Power Supply<\/td>\n<td class=\"xl65\">12VDC \u00b1 25%, \u03a6 5.5 mm coaxial power plug, PoE (802.3aF, class 3)<\/td>\n<\/tr>\n<tr>\n<td class=\"xl66\" height=\"40\">Power Consumption And Current<\/td>\n<td class=\"xl65\">12VDC, 0.7 A, max. 9.5 W, PoE: (802.3af, 36 V to 57 V), 0.3 A to 0.1 A, max. 11 W<\/td>\n<\/tr>\n<tr>\n<td class=\"xl66\" height=\"80\">Dimension<\/td>\n<td class=\"xl65\">Camera: \u03a6 105 \u00d7 290.7 mm (\u03a6 4.1\u2032 \u00d7 11.4\u2032);With package: 385 \u00d7 190 \u00d7 180 mm (15.2\u2032 \u00d7 7.5\u2032 \u00d7 7.1\u2032)<\/td>\n<\/tr>\n<tr>\n<td class=\"xl66\" height=\"80\">Weight<\/td>\n<td class=\"xl65\">Camera: 1200 g (2.6 lb.); With package: 1800 g (4 lb.)<\/td>\n<\/tr>\n<\/tbody>\n<\/table>\n","protected":false},"excerpt":{"rendered":"<ul>\n<li>Camera IP (th\u00e2n tr\u1ee5) 4MP \u2013 C\u00d3 M\u00c0U 24\/24<\/li>\n<li>T\u1ea7m xa \u0111\u00e8n tr\u1ee3 s\u00e1ng : 30m. \u1ed0ng k\u00ednh 2.8\/4\/6mm<\/li>\n<li>Ch\u1ed1ng nhi\u1ec5u k\u1ef9 th\u1eadt s\u1ed1 3D DNR, ch\u1ed1ng ng\u01b0\u1ee3c s\u00e1ng th\u1ef1c 120dB WDR, t\u00ednh n\u0103ng ICR . Ch\u1ee9c n\u0103ng b\u00f9 ng\u01b0\u1ee3c s\u00e1ng BLC. T\u01b0\u0323 chuy\u00ea\u0309n ch\u00ea\u0301 \u0111\u00f4\u0323 nga\u0300y\/\u0111\u00eam.<\/li>\n<li>Ti\u00eau chu\u1ea9n ngo\u00e0i tr\u1eddi: IP67.<\/li>\n<li>C\u00f3 khe c\u1eafm th\u1ebb nh\u1edb MicroSD, h\u1ed7 tr\u1ee3 th\u1ebb t\u1ed1i \u0111a 256GB.<\/li>\n<li>Ngu\u00f4\u0300n c\u1ea5p 12V DC ho\u1eb7c PoE<\/li>\n<li>Ti\u0301nh n\u0103ng th\u00f4ng minh : Pha\u0301t hi\u00ea\u0323n x\u00e2m nh\u00e2\u0323p khu v\u01b0\u0323c c\u00e2\u0301m, v\u01b0\u01a1\u0323t h\u00e0ng ra\u0300o \u1ea3o<\/li>\n<\/ul>\n","protected":false},"featured_media":95,"comment_status":"closed","ping_status":"closed","template":"","meta":[],"product_cat":[34,35,25,26,27,36,37,38,39,40,41,42,28,43,29,30,31,17,44,32,33,18,19,20,21,22,23,24],"product_tag":[],"class_list":["post-83","product","type-product","status-publish","has-post-thumbnail","hentry","product_cat-bo-kit-camera","product_cat-camera-analog","product_cat-camera-giam-sat","product_cat-camera-ip","product_cat-camera-wifi-khong-day","product_cat-chan-de-camera","product_cat-dahua","product_cat-day-cap-dong-truc-cho-camera","product_cat-dau-ghi-16-kenh","product_cat-dau-ghi-32-kenh","product_cat-dau-ghi-4-kenh","product_cat-dau-ghi-8-kenh","product_cat-dau-ghi-hinh","product_cat-ezviz","product_cat-hang-san-xuat","product_cat-hikvision","product_cat-imou","product_cat-khuyen-mai-hot","product_cat-nguon-camera","product_cat-phu-kien-camera-an-ninh","product_cat-the-nho-luu-tru","product_cat-thiet-bi-bao-dong-bao-chay","product_cat-thiet-bi-camera-an-ninh","product_cat-thiet-bi-dien-thong-minh","product_cat-thiet-bi-kiem-soat-cua","product_cat-thiet-bi-so-cong-nghe","product_cat-thiet-bi-van-phong-gia-dinh","product_cat-thiet-bi-vien-thong"],"yoast_head":"<!-- This site is optimized with the Yoast SEO plugin v18.3 - https:\/\/yoast.com\/wordpress\/plugins\/seo\/ -->\n<title>Camera Full Color DS-2CD2T47G1-L 2MP C\u00f3 M\u00e0u Ban \u0110\u00eam Full 2K - Ho\u00e0 B\u00ecnh Web<\/title>\n<meta name=\"robots\" content=\"noindex, follow, max-snippet:-1, max-image-preview:large, max-video-preview:-1\" \/>\n<meta property=\"og:locale\" content=\"vi_VN\" \/>\n<meta property=\"og:type\" content=\"article\" \/>\n<meta property=\"og:title\" content=\"Camera Full Color DS-2CD2T47G1-L 2MP C\u00f3 M\u00e0u Ban \u0110\u00eam Full 2K - Ho\u00e0 B\u00ecnh Web\" \/>\n<meta property=\"og:description\" content=\"Camera IP (th\u00e2n tr\u1ee5) 4MP \u2013 C\u00d3 M\u00c0U 24\/24  T\u1ea7m xa \u0111\u00e8n tr\u1ee3 s\u00e1ng : 30m. \u1ed0ng k\u00ednh 2.8\/4\/6mm  Ch\u1ed1ng nhi\u1ec5u k\u1ef9 th\u1eadt s\u1ed1 3D DNR, ch\u1ed1ng ng\u01b0\u1ee3c s\u00e1ng th\u1ef1c 120dB WDR, t\u00ednh n\u0103ng ICR . Ch\u1ee9c n\u0103ng b\u00f9 ng\u01b0\u1ee3c s\u00e1ng BLC. T\u01b0\u0323 chuy\u00ea\u0309n ch\u00ea\u0301 \u0111\u00f4\u0323 nga\u0300y\/\u0111\u00eam.  Ti\u00eau chu\u1ea9n ngo\u00e0i tr\u1eddi: IP67.  C\u00f3 khe c\u1eafm th\u1ebb nh\u1edb MicroSD, h\u1ed7 tr\u1ee3 th\u1ebb t\u1ed1i \u0111a 256GB.  Ngu\u00f4\u0300n c\u1ea5p 12V DC ho\u1eb7c PoE  Ti\u0301nh n\u0103ng th\u00f4ng minh : Pha\u0301t hi\u00ea\u0323n x\u00e2m nh\u00e2\u0323p khu v\u01b0\u0323c c\u00e2\u0301m, v\u01b0\u01a1\u0323t h\u00e0ng ra\u0300o \u1ea3o\" \/>\n<meta property=\"og:url\" content=\"http:\/\/mau.hoabinhweb.com\/camera1\/san-pham\/camera-full-color-ds-2cd2t47g1-l-2mp-co-mau-ban-dem-full-2k\/\" \/>\n<meta property=\"og:site_name\" content=\"Ho\u00e0 B\u00ecnh Web\" \/>\n<meta property=\"og:image\" content=\"http:\/\/mau.hoabinhweb.com\/camera1\/wp-content\/uploads\/2022\/03\/sanpham9.jpg\" \/>\n\t<meta property=\"og:image:width\" content=\"510\" \/>\n\t<meta property=\"og:image:height\" content=\"510\" \/>\n\t<meta property=\"og:image:type\" content=\"image\/jpeg\" \/>\n<meta name=\"twitter:card\" content=\"summary_large_image\" \/>\n<meta name=\"twitter:label1\" content=\"\u01af\u1edbc t\u00ednh th\u1eddi gian \u0111\u1ecdc\" \/>\n\t<meta name=\"twitter:data1\" content=\"3 ph\u00fat\" \/>\n<script type=\"application\/ld+json\" class=\"yoast-schema-graph\">{\"@context\":\"https:\/\/schema.org\",\"@graph\":[{\"@type\":\"WebSite\",\"@id\":\"http:\/\/mau.hoabinhweb.com\/camera1\/#website\",\"url\":\"http:\/\/mau.hoabinhweb.com\/camera1\/\",\"name\":\"Ho\u00e0 B\u00ecnh Web\",\"description\":\"\",\"potentialAction\":[{\"@type\":\"SearchAction\",\"target\":{\"@type\":\"EntryPoint\",\"urlTemplate\":\"http:\/\/mau.hoabinhweb.com\/camera1\/?s={search_term_string}\"},\"query-input\":\"required name=search_term_string\"}],\"inLanguage\":\"vi\"},{\"@type\":\"ImageObject\",\"@id\":\"http:\/\/mau.hoabinhweb.com\/camera1\/san-pham\/camera-full-color-ds-2cd2t47g1-l-2mp-co-mau-ban-dem-full-2k\/#primaryimage\",\"inLanguage\":\"vi\",\"url\":\"http:\/\/mau.hoabinhweb.com\/camera1\/wp-content\/uploads\/2022\/03\/sanpham9.jpg\",\"contentUrl\":\"http:\/\/mau.hoabinhweb.com\/camera1\/wp-content\/uploads\/2022\/03\/sanpham9.jpg\",\"width\":510,\"height\":510,\"caption\":\"Sanpham9\"},{\"@type\":\"WebPage\",\"@id\":\"http:\/\/mau.hoabinhweb.com\/camera1\/san-pham\/camera-full-color-ds-2cd2t47g1-l-2mp-co-mau-ban-dem-full-2k\/#webpage\",\"url\":\"http:\/\/mau.hoabinhweb.com\/camera1\/san-pham\/camera-full-color-ds-2cd2t47g1-l-2mp-co-mau-ban-dem-full-2k\/\",\"name\":\"Camera Full Color DS-2CD2T47G1-L 2MP C\u00f3 M\u00e0u Ban \u0110\u00eam Full 2K - Ho\u00e0 B\u00ecnh Web\",\"isPartOf\":{\"@id\":\"http:\/\/mau.hoabinhweb.com\/camera1\/#website\"},\"primaryImageOfPage\":{\"@id\":\"http:\/\/mau.hoabinhweb.com\/camera1\/san-pham\/camera-full-color-ds-2cd2t47g1-l-2mp-co-mau-ban-dem-full-2k\/#primaryimage\"},\"datePublished\":\"2022-03-24T07:27:49+00:00\",\"dateModified\":\"2022-03-24T07:27:49+00:00\",\"breadcrumb\":{\"@id\":\"http:\/\/mau.hoabinhweb.com\/camera1\/san-pham\/camera-full-color-ds-2cd2t47g1-l-2mp-co-mau-ban-dem-full-2k\/#breadcrumb\"},\"inLanguage\":\"vi\",\"potentialAction\":[{\"@type\":\"ReadAction\",\"target\":[\"http:\/\/mau.hoabinhweb.com\/camera1\/san-pham\/camera-full-color-ds-2cd2t47g1-l-2mp-co-mau-ban-dem-full-2k\/\"]}]},{\"@type\":\"BreadcrumbList\",\"@id\":\"http:\/\/mau.hoabinhweb.com\/camera1\/san-pham\/camera-full-color-ds-2cd2t47g1-l-2mp-co-mau-ban-dem-full-2k\/#breadcrumb\",\"itemListElement\":[{\"@type\":\"ListItem\",\"position\":1,\"name\":\"Trang ch\u1ee7\",\"item\":\"http:\/\/mau.hoabinhweb.com\/camera1\/\"},{\"@type\":\"ListItem\",\"position\":2,\"name\":\"S\u1ea3n ph\u1ea9m\",\"item\":\"http:\/\/mau.hoabinhweb.com\/camera1\/san-pham\/\"},{\"@type\":\"ListItem\",\"position\":3,\"name\":\"Tin t\u1ee9c\",\"item\":\"http:\/\/mau.hoabinhweb.com\/camera1\/tin-tuc\/\"},{\"@type\":\"ListItem\",\"position\":4,\"name\":\"Camera Full Color DS-2CD2T47G1-L 2MP C\u00f3 M\u00e0u Ban \u0110\u00eam Full 2K\"}]}]}<\/script>\n<!-- \/ Yoast SEO plugin. -->","yoast_head_json":{"title":"Camera Full Color DS-2CD2T47G1-L 2MP C\u00f3 M\u00e0u Ban \u0110\u00eam Full 2K - Ho\u00e0 B\u00ecnh Web","robots":{"index":"noindex","follow":"follow","max-snippet":"max-snippet:-1","max-image-preview":"max-image-preview:large","max-video-preview":"max-video-preview:-1"},"og_locale":"vi_VN","og_type":"article","og_title":"Camera Full Color DS-2CD2T47G1-L 2MP C\u00f3 M\u00e0u Ban \u0110\u00eam Full 2K - Ho\u00e0 B\u00ecnh Web","og_description":"Camera IP (th\u00e2n tr\u1ee5) 4MP \u2013 C\u00d3 M\u00c0U 24\/24  T\u1ea7m xa \u0111\u00e8n tr\u1ee3 s\u00e1ng : 30m. \u1ed0ng k\u00ednh 2.8\/4\/6mm  Ch\u1ed1ng nhi\u1ec5u k\u1ef9 th\u1eadt s\u1ed1 3D DNR, ch\u1ed1ng ng\u01b0\u1ee3c s\u00e1ng th\u1ef1c 120dB WDR, t\u00ednh n\u0103ng ICR . Ch\u1ee9c n\u0103ng b\u00f9 ng\u01b0\u1ee3c s\u00e1ng BLC. T\u01b0\u0323 chuy\u00ea\u0309n ch\u00ea\u0301 \u0111\u00f4\u0323 nga\u0300y\/\u0111\u00eam.  Ti\u00eau chu\u1ea9n ngo\u00e0i tr\u1eddi: IP67.  C\u00f3 khe c\u1eafm th\u1ebb nh\u1edb MicroSD, h\u1ed7 tr\u1ee3 th\u1ebb t\u1ed1i \u0111a 256GB.  Ngu\u00f4\u0300n c\u1ea5p 12V DC ho\u1eb7c PoE  Ti\u0301nh n\u0103ng th\u00f4ng minh : Pha\u0301t hi\u00ea\u0323n x\u00e2m nh\u00e2\u0323p khu v\u01b0\u0323c c\u00e2\u0301m, v\u01b0\u01a1\u0323t h\u00e0ng ra\u0300o \u1ea3o","og_url":"http:\/\/mau.hoabinhweb.com\/camera1\/san-pham\/camera-full-color-ds-2cd2t47g1-l-2mp-co-mau-ban-dem-full-2k\/","og_site_name":"Ho\u00e0 B\u00ecnh Web","og_image":[{"width":510,"height":510,"url":"http:\/\/mau.hoabinhweb.com\/camera1\/wp-content\/uploads\/2022\/03\/sanpham9.jpg","type":"image\/jpeg"}],"twitter_card":"summary_large_image","twitter_misc":{"\u01af\u1edbc t\u00ednh th\u1eddi gian \u0111\u1ecdc":"3 ph\u00fat"},"schema":{"@context":"https:\/\/schema.org","@graph":[{"@type":"WebSite","@id":"http:\/\/mau.hoabinhweb.com\/camera1\/#website","url":"http:\/\/mau.hoabinhweb.com\/camera1\/","name":"Ho\u00e0 B\u00ecnh Web","description":"","potentialAction":[{"@type":"SearchAction","target":{"@type":"EntryPoint","urlTemplate":"http:\/\/mau.hoabinhweb.com\/camera1\/?s={search_term_string}"},"query-input":"required name=search_term_string"}],"inLanguage":"vi"},{"@type":"ImageObject","@id":"http:\/\/mau.hoabinhweb.com\/camera1\/san-pham\/camera-full-color-ds-2cd2t47g1-l-2mp-co-mau-ban-dem-full-2k\/#primaryimage","inLanguage":"vi","url":"http:\/\/mau.hoabinhweb.com\/camera1\/wp-content\/uploads\/2022\/03\/sanpham9.jpg","contentUrl":"http:\/\/mau.hoabinhweb.com\/camera1\/wp-content\/uploads\/2022\/03\/sanpham9.jpg","width":510,"height":510,"caption":"Sanpham9"},{"@type":"WebPage","@id":"http:\/\/mau.hoabinhweb.com\/camera1\/san-pham\/camera-full-color-ds-2cd2t47g1-l-2mp-co-mau-ban-dem-full-2k\/#webpage","url":"http:\/\/mau.hoabinhweb.com\/camera1\/san-pham\/camera-full-color-ds-2cd2t47g1-l-2mp-co-mau-ban-dem-full-2k\/","name":"Camera Full Color DS-2CD2T47G1-L 2MP C\u00f3 M\u00e0u Ban \u0110\u00eam Full 2K - Ho\u00e0 B\u00ecnh Web","isPartOf":{"@id":"http:\/\/mau.hoabinhweb.com\/camera1\/#website"},"primaryImageOfPage":{"@id":"http:\/\/mau.hoabinhweb.com\/camera1\/san-pham\/camera-full-color-ds-2cd2t47g1-l-2mp-co-mau-ban-dem-full-2k\/#primaryimage"},"datePublished":"2022-03-24T07:27:49+00:00","dateModified":"2022-03-24T07:27:49+00:00","breadcrumb":{"@id":"http:\/\/mau.hoabinhweb.com\/camera1\/san-pham\/camera-full-color-ds-2cd2t47g1-l-2mp-co-mau-ban-dem-full-2k\/#breadcrumb"},"inLanguage":"vi","potentialAction":[{"@type":"ReadAction","target":["http:\/\/mau.hoabinhweb.com\/camera1\/san-pham\/camera-full-color-ds-2cd2t47g1-l-2mp-co-mau-ban-dem-full-2k\/"]}]},{"@type":"BreadcrumbList","@id":"http:\/\/mau.hoabinhweb.com\/camera1\/san-pham\/camera-full-color-ds-2cd2t47g1-l-2mp-co-mau-ban-dem-full-2k\/#breadcrumb","itemListElement":[{"@type":"ListItem","position":1,"name":"Trang ch\u1ee7","item":"http:\/\/mau.hoabinhweb.com\/camera1\/"},{"@type":"ListItem","position":2,"name":"S\u1ea3n ph\u1ea9m","item":"http:\/\/mau.hoabinhweb.com\/camera1\/san-pham\/"},{"@type":"ListItem","position":3,"name":"Tin t\u1ee9c","item":"http:\/\/mau.hoabinhweb.com\/camera1\/tin-tuc\/"},{"@type":"ListItem","position":4,"name":"Camera Full Color DS-2CD2T47G1-L 2MP C\u00f3 M\u00e0u Ban \u0110\u00eam Full 2K"}]}]}},"_links":{"self":[{"href":"http:\/\/mau.hoabinhweb.com\/camera1\/wp-json\/wp\/v2\/product\/83","targetHints":{"allow":["GET"]}}],"collection":[{"href":"http:\/\/mau.hoabinhweb.com\/camera1\/wp-json\/wp\/v2\/product"}],"about":[{"href":"http:\/\/mau.hoabinhweb.com\/camera1\/wp-json\/wp\/v2\/types\/product"}],"replies":[{"embeddable":true,"href":"http:\/\/mau.hoabinhweb.com\/camera1\/wp-json\/wp\/v2\/comments?post=83"}],"wp:featuredmedia":[{"embeddable":true,"href":"http:\/\/mau.hoabinhweb.com\/camera1\/wp-json\/wp\/v2\/media\/95"}],"wp:attachment":[{"href":"http:\/\/mau.hoabinhweb.com\/camera1\/wp-json\/wp\/v2\/media?parent=83"}],"wp:term":[{"taxonomy":"product_cat","embeddable":true,"href":"http:\/\/mau.hoabinhweb.com\/camera1\/wp-json\/wp\/v2\/product_cat?post=83"},{"taxonomy":"product_tag","embeddable":true,"href":"http:\/\/mau.hoabinhweb.com\/camera1\/wp-json\/wp\/v2\/product_tag?post=83"}],"curies":[{"name":"wp","href":"https:\/\/api.w.org\/{rel}","templated":true}]}}