{"id":80,"date":"2022-03-24T14:27:46","date_gmt":"2022-03-24T07:27:46","guid":{"rendered":"https:\/\/webcam24h.net\/?post_type=product&amp;p=80"},"modified":"2022-03-24T14:27:46","modified_gmt":"2022-03-24T07:27:46","slug":"lap-dat-tron-camera-wifi-full-2k-360-hikvision-ezvizc6n","status":"publish","type":"product","link":"http:\/\/mau.hoabinhweb.com\/camera1\/san-pham\/lap-dat-tron-camera-wifi-full-2k-360-hikvision-ezvizc6n\/","title":{"rendered":"L\u1eafp \u0111\u1eb7t tr\u1ecdn Camera Wifi Full 2K 360\u00b0 Hikvision EZVIZC6N"},"content":{"rendered":"<h2 class=\"mb-20\">Th\u00f4ng s\u1ed1 k\u1ef9 thu\u1eadt<\/h2>\n<table class=\"product-compare\" border=\"0\" cellspacing=\"0\" cellpadding=\"0\">\n<tbody>\n<tr>\n<td class=\"td-title\" colspan=\"2\"><strong>Camera quan s\u00e1t Ezviz<\/strong><\/td>\n<\/tr>\n<tr>\n<td>Ch\u1ebf \u0111\u1ed9 b\u1ea3o h\u00e0nh<\/td>\n<td>24 th\u00e1ng<\/td>\n<\/tr>\n<tr>\n<td>\u0110\u1ed9 ph\u00e2n gi\u1ea3i<\/td>\n<td>4.0 Megapixel<\/td>\n<\/tr>\n<tr>\n<td>Camera theo lo\u1ea1i chip<\/td>\n<td>Chip CMOS<\/td>\n<\/tr>\n<tr>\n<td>Camera theo \u1ed1ng k\u00ednh<\/td>\n<td>Lo\u1ea1i 4mm<\/td>\n<\/tr>\n<tr>\n<td>T\u1ea7m quan s\u00e1t<\/td>\n<td>T\u1eeb 10m<\/td>\n<\/tr>\n<tr>\n<td>T\u00ednh n\u0103ng<\/td>\n<td>\u2013 H\u1ed7 tr\u1ee3 t\u00ednh n\u0103ng theo d\u00f5i th\u00f4ng minh.<br \/>\n\u2013 Pha\u0301t hi\u00ea\u0323n chuy\u00ea\u0309n \u0111\u00f4\u0323ng th\u00f4ng minh.<br \/>\n\u2013 Ti\u0301ch h\u01a1\u0323p Micro va\u0300 Loa \u2013 H\u00f4\u0303 tr\u01a1\u0323 \u0111a\u0300m thoa\u0323i 2 chi\u00ea\u0300u.<\/td>\n<\/tr>\n<tr>\n<td>H\u1ed7 tr\u1ee3 l\u01b0u tr\u1eef<\/td>\n<td>\u2013 H\u00f4\u0303 tr\u01a1\u0323 khe c\u0103\u0301m the\u0309 nh\u01a1\u0301 \u0111\u00ea\u0301n 256GB<\/td>\n<\/tr>\n<tr>\n<td>Ngu\u1ed3n \u0111i\u1ec7n<\/td>\n<td>DC 12V<\/td>\n<\/tr>\n<\/tbody>\n<\/table>\n","protected":false},"excerpt":{"rendered":"<ul>\n<li>Camera quay que\u0301t wifi Full 2K 4MP<\/li>\n<li>H\u00f4\u0300ng ngoa\u0323i 10m<\/li>\n<li>H\u1ed7 tr\u1ee3 t\u00ednh n\u0103ng theo d\u00f5i th\u00f4ng minh.<\/li>\n<li>Pha\u0301t hi\u00ea\u0323n chuy\u00ea\u0309n \u0111\u00f4\u0323ng th\u00f4ng minh.<\/li>\n<li>Ti\u0301ch h\u01a1\u0323p Micro va\u0300 Loa \u2013 H\u00f4\u0303 tr\u01a1\u0323 \u0111a\u0300m thoa\u0323i 2 chi\u00ea\u0300u.<\/li>\n<li>H\u00f4\u0303 tr\u01a1\u0323 khe c\u0103\u0301m the\u0309 nh\u01a1\u0301 \u0111\u00ea\u0301n 256GB.<\/li>\n<\/ul>\n","protected":false},"featured_media":92,"comment_status":"closed","ping_status":"closed","template":"","meta":[],"product_cat":[34,35,25,26,27,36,37,38,39,40,41,42,28,43,29,30,31,17,44,32,33,18,19,20,21,22,23,24],"product_tag":[],"class_list":["post-80","product","type-product","status-publish","has-post-thumbnail","hentry","product_cat-bo-kit-camera","product_cat-camera-analog","product_cat-camera-giam-sat","product_cat-camera-ip","product_cat-camera-wifi-khong-day","product_cat-chan-de-camera","product_cat-dahua","product_cat-day-cap-dong-truc-cho-camera","product_cat-dau-ghi-16-kenh","product_cat-dau-ghi-32-kenh","product_cat-dau-ghi-4-kenh","product_cat-dau-ghi-8-kenh","product_cat-dau-ghi-hinh","product_cat-ezviz","product_cat-hang-san-xuat","product_cat-hikvision","product_cat-imou","product_cat-khuyen-mai-hot","product_cat-nguon-camera","product_cat-phu-kien-camera-an-ninh","product_cat-the-nho-luu-tru","product_cat-thiet-bi-bao-dong-bao-chay","product_cat-thiet-bi-camera-an-ninh","product_cat-thiet-bi-dien-thong-minh","product_cat-thiet-bi-kiem-soat-cua","product_cat-thiet-bi-so-cong-nghe","product_cat-thiet-bi-van-phong-gia-dinh","product_cat-thiet-bi-vien-thong"],"yoast_head":"<!-- This site is optimized with the Yoast SEO plugin v18.3 - https:\/\/yoast.com\/wordpress\/plugins\/seo\/ -->\n<title>L\u1eafp \u0111\u1eb7t tr\u1ecdn Camera Wifi Full 2K 360\u00b0 Hikvision EZVIZC6N - Ho\u00e0 B\u00ecnh Web<\/title>\n<meta name=\"robots\" content=\"noindex, follow, max-snippet:-1, max-image-preview:large, max-video-preview:-1\" \/>\n<meta property=\"og:locale\" content=\"vi_VN\" \/>\n<meta property=\"og:type\" content=\"article\" \/>\n<meta property=\"og:title\" content=\"L\u1eafp \u0111\u1eb7t tr\u1ecdn Camera Wifi Full 2K 360\u00b0 Hikvision EZVIZC6N - Ho\u00e0 B\u00ecnh Web\" \/>\n<meta property=\"og:description\" content=\"Camera quay que\u0301t wifi Full 2K 4MP  H\u00f4\u0300ng ngoa\u0323i 10m  H\u1ed7 tr\u1ee3 t\u00ednh n\u0103ng theo d\u00f5i th\u00f4ng minh.  Pha\u0301t hi\u00ea\u0323n chuy\u00ea\u0309n \u0111\u00f4\u0323ng th\u00f4ng minh.  Ti\u0301ch h\u01a1\u0323p Micro va\u0300 Loa \u2013 H\u00f4\u0303 tr\u01a1\u0323 \u0111a\u0300m thoa\u0323i 2 chi\u00ea\u0300u.  H\u00f4\u0303 tr\u01a1\u0323 khe c\u0103\u0301m the\u0309 nh\u01a1\u0301 \u0111\u00ea\u0301n 256GB.\" \/>\n<meta property=\"og:url\" content=\"http:\/\/mau.hoabinhweb.com\/camera1\/san-pham\/lap-dat-tron-camera-wifi-full-2k-360-hikvision-ezvizc6n\/\" \/>\n<meta property=\"og:site_name\" content=\"Ho\u00e0 B\u00ecnh Web\" \/>\n<meta property=\"og:image\" content=\"http:\/\/mau.hoabinhweb.com\/camera1\/wp-content\/uploads\/2022\/03\/sanpham6.jpg\" \/>\n\t<meta property=\"og:image:width\" content=\"510\" \/>\n\t<meta property=\"og:image:height\" content=\"510\" \/>\n\t<meta property=\"og:image:type\" content=\"image\/jpeg\" \/>\n<meta name=\"twitter:card\" content=\"summary_large_image\" \/>\n<meta name=\"twitter:label1\" content=\"\u01af\u1edbc t\u00ednh th\u1eddi gian \u0111\u1ecdc\" \/>\n\t<meta name=\"twitter:data1\" content=\"1 ph\u00fat\" \/>\n<script type=\"application\/ld+json\" class=\"yoast-schema-graph\">{\"@context\":\"https:\/\/schema.org\",\"@graph\":[{\"@type\":\"WebSite\",\"@id\":\"http:\/\/mau.hoabinhweb.com\/camera1\/#website\",\"url\":\"http:\/\/mau.hoabinhweb.com\/camera1\/\",\"name\":\"Ho\u00e0 B\u00ecnh Web\",\"description\":\"\",\"potentialAction\":[{\"@type\":\"SearchAction\",\"target\":{\"@type\":\"EntryPoint\",\"urlTemplate\":\"http:\/\/mau.hoabinhweb.com\/camera1\/?s={search_term_string}\"},\"query-input\":\"required name=search_term_string\"}],\"inLanguage\":\"vi\"},{\"@type\":\"ImageObject\",\"@id\":\"http:\/\/mau.hoabinhweb.com\/camera1\/san-pham\/lap-dat-tron-camera-wifi-full-2k-360-hikvision-ezvizc6n\/#primaryimage\",\"inLanguage\":\"vi\",\"url\":\"http:\/\/mau.hoabinhweb.com\/camera1\/wp-content\/uploads\/2022\/03\/sanpham6.jpg\",\"contentUrl\":\"http:\/\/mau.hoabinhweb.com\/camera1\/wp-content\/uploads\/2022\/03\/sanpham6.jpg\",\"width\":510,\"height\":510,\"caption\":\"Sanpham6\"},{\"@type\":\"WebPage\",\"@id\":\"http:\/\/mau.hoabinhweb.com\/camera1\/san-pham\/lap-dat-tron-camera-wifi-full-2k-360-hikvision-ezvizc6n\/#webpage\",\"url\":\"http:\/\/mau.hoabinhweb.com\/camera1\/san-pham\/lap-dat-tron-camera-wifi-full-2k-360-hikvision-ezvizc6n\/\",\"name\":\"L\u1eafp \u0111\u1eb7t tr\u1ecdn Camera Wifi Full 2K 360\u00b0 Hikvision EZVIZC6N - Ho\u00e0 B\u00ecnh Web\",\"isPartOf\":{\"@id\":\"http:\/\/mau.hoabinhweb.com\/camera1\/#website\"},\"primaryImageOfPage\":{\"@id\":\"http:\/\/mau.hoabinhweb.com\/camera1\/san-pham\/lap-dat-tron-camera-wifi-full-2k-360-hikvision-ezvizc6n\/#primaryimage\"},\"datePublished\":\"2022-03-24T07:27:46+00:00\",\"dateModified\":\"2022-03-24T07:27:46+00:00\",\"breadcrumb\":{\"@id\":\"http:\/\/mau.hoabinhweb.com\/camera1\/san-pham\/lap-dat-tron-camera-wifi-full-2k-360-hikvision-ezvizc6n\/#breadcrumb\"},\"inLanguage\":\"vi\",\"potentialAction\":[{\"@type\":\"ReadAction\",\"target\":[\"http:\/\/mau.hoabinhweb.com\/camera1\/san-pham\/lap-dat-tron-camera-wifi-full-2k-360-hikvision-ezvizc6n\/\"]}]},{\"@type\":\"BreadcrumbList\",\"@id\":\"http:\/\/mau.hoabinhweb.com\/camera1\/san-pham\/lap-dat-tron-camera-wifi-full-2k-360-hikvision-ezvizc6n\/#breadcrumb\",\"itemListElement\":[{\"@type\":\"ListItem\",\"position\":1,\"name\":\"Trang ch\u1ee7\",\"item\":\"http:\/\/mau.hoabinhweb.com\/camera1\/\"},{\"@type\":\"ListItem\",\"position\":2,\"name\":\"S\u1ea3n ph\u1ea9m\",\"item\":\"http:\/\/mau.hoabinhweb.com\/camera1\/san-pham\/\"},{\"@type\":\"ListItem\",\"position\":3,\"name\":\"Tin t\u1ee9c\",\"item\":\"http:\/\/mau.hoabinhweb.com\/camera1\/tin-tuc\/\"},{\"@type\":\"ListItem\",\"position\":4,\"name\":\"L\u1eafp \u0111\u1eb7t tr\u1ecdn Camera Wifi Full 2K 360\u00b0 Hikvision EZVIZC6N\"}]}]}<\/script>\n<!-- \/ Yoast SEO plugin. -->","yoast_head_json":{"title":"L\u1eafp \u0111\u1eb7t tr\u1ecdn Camera Wifi Full 2K 360\u00b0 Hikvision EZVIZC6N - Ho\u00e0 B\u00ecnh Web","robots":{"index":"noindex","follow":"follow","max-snippet":"max-snippet:-1","max-image-preview":"max-image-preview:large","max-video-preview":"max-video-preview:-1"},"og_locale":"vi_VN","og_type":"article","og_title":"L\u1eafp \u0111\u1eb7t tr\u1ecdn Camera Wifi Full 2K 360\u00b0 Hikvision EZVIZC6N - Ho\u00e0 B\u00ecnh Web","og_description":"Camera quay que\u0301t wifi Full 2K 4MP  H\u00f4\u0300ng ngoa\u0323i 10m  H\u1ed7 tr\u1ee3 t\u00ednh n\u0103ng theo d\u00f5i th\u00f4ng minh.  Pha\u0301t hi\u00ea\u0323n chuy\u00ea\u0309n \u0111\u00f4\u0323ng th\u00f4ng minh.  Ti\u0301ch h\u01a1\u0323p Micro va\u0300 Loa \u2013 H\u00f4\u0303 tr\u01a1\u0323 \u0111a\u0300m thoa\u0323i 2 chi\u00ea\u0300u.  H\u00f4\u0303 tr\u01a1\u0323 khe c\u0103\u0301m the\u0309 nh\u01a1\u0301 \u0111\u00ea\u0301n 256GB.","og_url":"http:\/\/mau.hoabinhweb.com\/camera1\/san-pham\/lap-dat-tron-camera-wifi-full-2k-360-hikvision-ezvizc6n\/","og_site_name":"Ho\u00e0 B\u00ecnh Web","og_image":[{"width":510,"height":510,"url":"http:\/\/mau.hoabinhweb.com\/camera1\/wp-content\/uploads\/2022\/03\/sanpham6.jpg","type":"image\/jpeg"}],"twitter_card":"summary_large_image","twitter_misc":{"\u01af\u1edbc t\u00ednh th\u1eddi gian \u0111\u1ecdc":"1 ph\u00fat"},"schema":{"@context":"https:\/\/schema.org","@graph":[{"@type":"WebSite","@id":"http:\/\/mau.hoabinhweb.com\/camera1\/#website","url":"http:\/\/mau.hoabinhweb.com\/camera1\/","name":"Ho\u00e0 B\u00ecnh Web","description":"","potentialAction":[{"@type":"SearchAction","target":{"@type":"EntryPoint","urlTemplate":"http:\/\/mau.hoabinhweb.com\/camera1\/?s={search_term_string}"},"query-input":"required name=search_term_string"}],"inLanguage":"vi"},{"@type":"ImageObject","@id":"http:\/\/mau.hoabinhweb.com\/camera1\/san-pham\/lap-dat-tron-camera-wifi-full-2k-360-hikvision-ezvizc6n\/#primaryimage","inLanguage":"vi","url":"http:\/\/mau.hoabinhweb.com\/camera1\/wp-content\/uploads\/2022\/03\/sanpham6.jpg","contentUrl":"http:\/\/mau.hoabinhweb.com\/camera1\/wp-content\/uploads\/2022\/03\/sanpham6.jpg","width":510,"height":510,"caption":"Sanpham6"},{"@type":"WebPage","@id":"http:\/\/mau.hoabinhweb.com\/camera1\/san-pham\/lap-dat-tron-camera-wifi-full-2k-360-hikvision-ezvizc6n\/#webpage","url":"http:\/\/mau.hoabinhweb.com\/camera1\/san-pham\/lap-dat-tron-camera-wifi-full-2k-360-hikvision-ezvizc6n\/","name":"L\u1eafp \u0111\u1eb7t tr\u1ecdn Camera Wifi Full 2K 360\u00b0 Hikvision EZVIZC6N - Ho\u00e0 B\u00ecnh Web","isPartOf":{"@id":"http:\/\/mau.hoabinhweb.com\/camera1\/#website"},"primaryImageOfPage":{"@id":"http:\/\/mau.hoabinhweb.com\/camera1\/san-pham\/lap-dat-tron-camera-wifi-full-2k-360-hikvision-ezvizc6n\/#primaryimage"},"datePublished":"2022-03-24T07:27:46+00:00","dateModified":"2022-03-24T07:27:46+00:00","breadcrumb":{"@id":"http:\/\/mau.hoabinhweb.com\/camera1\/san-pham\/lap-dat-tron-camera-wifi-full-2k-360-hikvision-ezvizc6n\/#breadcrumb"},"inLanguage":"vi","potentialAction":[{"@type":"ReadAction","target":["http:\/\/mau.hoabinhweb.com\/camera1\/san-pham\/lap-dat-tron-camera-wifi-full-2k-360-hikvision-ezvizc6n\/"]}]},{"@type":"BreadcrumbList","@id":"http:\/\/mau.hoabinhweb.com\/camera1\/san-pham\/lap-dat-tron-camera-wifi-full-2k-360-hikvision-ezvizc6n\/#breadcrumb","itemListElement":[{"@type":"ListItem","position":1,"name":"Trang ch\u1ee7","item":"http:\/\/mau.hoabinhweb.com\/camera1\/"},{"@type":"ListItem","position":2,"name":"S\u1ea3n ph\u1ea9m","item":"http:\/\/mau.hoabinhweb.com\/camera1\/san-pham\/"},{"@type":"ListItem","position":3,"name":"Tin t\u1ee9c","item":"http:\/\/mau.hoabinhweb.com\/camera1\/tin-tuc\/"},{"@type":"ListItem","position":4,"name":"L\u1eafp \u0111\u1eb7t tr\u1ecdn Camera Wifi Full 2K 360\u00b0 Hikvision EZVIZC6N"}]}]}},"_links":{"self":[{"href":"http:\/\/mau.hoabinhweb.com\/camera1\/wp-json\/wp\/v2\/product\/80","targetHints":{"allow":["GET"]}}],"collection":[{"href":"http:\/\/mau.hoabinhweb.com\/camera1\/wp-json\/wp\/v2\/product"}],"about":[{"href":"http:\/\/mau.hoabinhweb.com\/camera1\/wp-json\/wp\/v2\/types\/product"}],"replies":[{"embeddable":true,"href":"http:\/\/mau.hoabinhweb.com\/camera1\/wp-json\/wp\/v2\/comments?post=80"}],"wp:featuredmedia":[{"embeddable":true,"href":"http:\/\/mau.hoabinhweb.com\/camera1\/wp-json\/wp\/v2\/media\/92"}],"wp:attachment":[{"href":"http:\/\/mau.hoabinhweb.com\/camera1\/wp-json\/wp\/v2\/media?parent=80"}],"wp:term":[{"taxonomy":"product_cat","embeddable":true,"href":"http:\/\/mau.hoabinhweb.com\/camera1\/wp-json\/wp\/v2\/product_cat?post=80"},{"taxonomy":"product_tag","embeddable":true,"href":"http:\/\/mau.hoabinhweb.com\/camera1\/wp-json\/wp\/v2\/product_tag?post=80"}],"curies":[{"name":"wp","href":"https:\/\/api.w.org\/{rel}","templated":true}]}}