{"id":79,"date":"2022-03-24T14:27:45","date_gmt":"2022-03-24T07:27:45","guid":{"rendered":"https:\/\/webcam24h.net\/?post_type=product&amp;p=79"},"modified":"2022-03-24T14:27:45","modified_gmt":"2022-03-24T07:27:45","slug":"lap-dat-tron-bo-camera-ngoai-troi-hikvision-c3tn-2k-camera-wi-fi","status":"publish","type":"product","link":"http:\/\/mau.hoabinhweb.com\/camera1\/san-pham\/lap-dat-tron-bo-camera-ngoai-troi-hikvision-c3tn-2k-camera-wi-fi\/","title":{"rendered":"L\u1eafp \u0111\u1eb7t tr\u1ecdn b\u1ed9 Camera ngo\u00e0i tr\u1eddi Hikvision C3TN 2K | Camera Wi-Fi"},"content":{"rendered":"<h2 class=\"mb-20\">Th\u00f4ng s\u1ed1 k\u1ef9 thu\u1eadt<\/h2>\n<table class=\"product-compare\" border=\"0\" cellspacing=\"0\" cellpadding=\"0\">\n<tbody>\n<tr>\n<td class=\"td-title\" colspan=\"2\"><strong>Camera quan s\u00e1t<\/strong><\/td>\n<\/tr>\n<tr>\n<td width=\"35%\">Ch\u1ebf \u0111\u1ed9 b\u1ea3o h\u00e0nh<\/td>\n<td>24 th\u00e1ng<\/td>\n<\/tr>\n<tr>\n<td>Lo\u1ea1i thi\u1ebft b\u1ecb<\/td>\n<td>Camera Wifi<\/td>\n<\/tr>\n<tr>\n<td>\u0110\u1ed9 ph\u00e2n gi\u1ea3i<\/td>\n<td>3.0 Megapixel<\/td>\n<\/tr>\n<tr>\n<td>Camera theo lo\u1ea1i chip<\/td>\n<td>Chip CMOS<\/td>\n<\/tr>\n<tr>\n<td>Camera theo \u1ed1ng k\u00ednh<\/td>\n<td>2.8 mm @ F2.0<\/td>\n<\/tr>\n<tr>\n<td>T\u1ea7m quan s\u00e1t<\/td>\n<td>30m<\/td>\n<\/tr>\n<tr>\n<td>T\u00ednh n\u0103ng<\/td>\n<td>\u2013 Ch\u1ed1ng ng\u01b0\u1ee3c s\u00e1ng DWDR.<br \/>\n\u2013 H\u1ed7 tr\u1ee3 \u0111\u00e0m tho\u1ea1i 2 chi\u1ec1u.<br \/>\n\u2013 H\u1ed7 tr\u1ee3 khe c\u1eafm MicroSD card (Max. 256 GB).<br \/>\n\u2013 H\u1ed7 tr\u1ee3 h\u1ed3ng ngo\u1ea1i ban \u0111\u00eam v\u00e0 \u0111\u00e8n led.<br \/>\n\u2013 H\u1ed7 tr\u1ee3 \u0111\u00e8n c\u00f2i b\u00e1o \u0111\u1ed9ng.<br \/>\n\u2013 T\u00edch h\u1ee3p chip AI ch\u1ed1ng b\u00e1o \u0111\u1ed9ng gi\u1ea3 b\u1eb1ng c\u00e1ch ph\u00e2n t\u00edch h\u00ecnh d\u1ea1ng ng\u01b0\u1eddi.<\/td>\n<\/tr>\n<tr>\n<td>Ngu\u1ed3n \u0111i\u1ec7n<\/td>\n<td>DC 12V \/ 1A<\/td>\n<\/tr>\n<tr>\n<td>K\u00edch th\u01b0\u1edbc<\/td>\n<td>72 x 84 x 152 mm<\/td>\n<\/tr>\n<tr>\n<td>Tr\u1ecdng l\u01b0\u1ee3ng<\/td>\n<td>253g<\/td>\n<\/tr>\n<\/tbody>\n<\/table>\n","protected":false},"excerpt":{"rendered":"<ul>\n<li>Camera 3MP wifi ngo\u00e0i tr\u1eddi c\u00f3 m\u00e0u ban \u0111\u00eam.<\/li>\n<li>Chu\u1ea9n n\u00e9n H.265 ti\u1ebft ki\u1ec7m b\u0103ng th\u00f4ng l\u01b0u tr\u1eef.<\/li>\n<li>\u0110\u1ed9 ph\u00e2n gi\u1ea3i 2304\u00d71296.<\/li>\n<li>\u1ed0ng k\u00ednh 2.8 mm, quan s\u00e1t xa 30m<\/li>\n<li>Ch\u1ed1ng ng\u01b0\u1ee3c s\u00e1ng DWDR.<\/li>\n<li>H\u1ed7 tr\u1ee3 \u0111\u00e0m tho\u1ea1i 2 chi\u1ec1u.<\/li>\n<li>H\u1ed7 tr\u1ee3 khe c\u1eafm MicroSD card (Max. 256 GB).<\/li>\n<li>H\u1ed7 tr\u1ee3 h\u1ed3ng ngo\u1ea1i ban \u0111\u00eam v\u00e0 \u0111\u00e8n led.<\/li>\n<li>H\u1ed7 tr\u1ee3 \u0111\u00e8n c\u00f2i b\u00e1o \u0111\u1ed9ng.<\/li>\n<li>T\u00edch h\u1ee3p chip AI ch\u1ed1ng b\u00e1o \u0111\u1ed9ng gi\u1ea3<\/li>\n<\/ul>\n","protected":false},"featured_media":91,"comment_status":"closed","ping_status":"closed","template":"","meta":[],"product_cat":[34,35,25,26,27,36,37,38,39,40,41,42,28,43,29,30,31,17,44,32,33,18,19,20,21,22,23,24],"product_tag":[],"class_list":["post-79","product","type-product","status-publish","has-post-thumbnail","hentry","product_cat-bo-kit-camera","product_cat-camera-analog","product_cat-camera-giam-sat","product_cat-camera-ip","product_cat-camera-wifi-khong-day","product_cat-chan-de-camera","product_cat-dahua","product_cat-day-cap-dong-truc-cho-camera","product_cat-dau-ghi-16-kenh","product_cat-dau-ghi-32-kenh","product_cat-dau-ghi-4-kenh","product_cat-dau-ghi-8-kenh","product_cat-dau-ghi-hinh","product_cat-ezviz","product_cat-hang-san-xuat","product_cat-hikvision","product_cat-imou","product_cat-khuyen-mai-hot","product_cat-nguon-camera","product_cat-phu-kien-camera-an-ninh","product_cat-the-nho-luu-tru","product_cat-thiet-bi-bao-dong-bao-chay","product_cat-thiet-bi-camera-an-ninh","product_cat-thiet-bi-dien-thong-minh","product_cat-thiet-bi-kiem-soat-cua","product_cat-thiet-bi-so-cong-nghe","product_cat-thiet-bi-van-phong-gia-dinh","product_cat-thiet-bi-vien-thong"],"yoast_head":"<!-- This site is optimized with the Yoast SEO plugin v18.3 - https:\/\/yoast.com\/wordpress\/plugins\/seo\/ -->\n<title>L\u1eafp \u0111\u1eb7t tr\u1ecdn b\u1ed9 Camera ngo\u00e0i tr\u1eddi Hikvision C3TN 2K | Camera Wi-Fi - Ho\u00e0 B\u00ecnh Web<\/title>\n<meta name=\"robots\" content=\"noindex, follow, max-snippet:-1, max-image-preview:large, max-video-preview:-1\" \/>\n<meta property=\"og:locale\" content=\"vi_VN\" \/>\n<meta property=\"og:type\" content=\"article\" \/>\n<meta property=\"og:title\" content=\"L\u1eafp \u0111\u1eb7t tr\u1ecdn b\u1ed9 Camera ngo\u00e0i tr\u1eddi Hikvision C3TN 2K | Camera Wi-Fi - Ho\u00e0 B\u00ecnh Web\" \/>\n<meta property=\"og:description\" content=\"Camera 3MP wifi ngo\u00e0i tr\u1eddi c\u00f3 m\u00e0u ban \u0111\u00eam.  Chu\u1ea9n n\u00e9n H.265 ti\u1ebft ki\u1ec7m b\u0103ng th\u00f4ng l\u01b0u tr\u1eef.  \u0110\u1ed9 ph\u00e2n gi\u1ea3i 2304\u00d71296.  \u1ed0ng k\u00ednh 2.8 mm, quan s\u00e1t xa 30m  Ch\u1ed1ng ng\u01b0\u1ee3c s\u00e1ng DWDR.  H\u1ed7 tr\u1ee3 \u0111\u00e0m tho\u1ea1i 2 chi\u1ec1u.  H\u1ed7 tr\u1ee3 khe c\u1eafm MicroSD card (Max. 256 GB).  H\u1ed7 tr\u1ee3 h\u1ed3ng ngo\u1ea1i ban \u0111\u00eam v\u00e0 \u0111\u00e8n led.  H\u1ed7 tr\u1ee3 \u0111\u00e8n c\u00f2i b\u00e1o \u0111\u1ed9ng.  T\u00edch h\u1ee3p chip AI ch\u1ed1ng b\u00e1o \u0111\u1ed9ng gi\u1ea3\" \/>\n<meta property=\"og:url\" content=\"http:\/\/mau.hoabinhweb.com\/camera1\/san-pham\/lap-dat-tron-bo-camera-ngoai-troi-hikvision-c3tn-2k-camera-wi-fi\/\" \/>\n<meta property=\"og:site_name\" content=\"Ho\u00e0 B\u00ecnh Web\" \/>\n<meta property=\"og:image\" content=\"http:\/\/mau.hoabinhweb.com\/camera1\/wp-content\/uploads\/2022\/03\/sanpham5.jpg\" \/>\n\t<meta property=\"og:image:width\" content=\"510\" \/>\n\t<meta property=\"og:image:height\" content=\"510\" \/>\n\t<meta property=\"og:image:type\" content=\"image\/jpeg\" \/>\n<meta name=\"twitter:card\" content=\"summary_large_image\" \/>\n<meta name=\"twitter:label1\" content=\"\u01af\u1edbc t\u00ednh th\u1eddi gian \u0111\u1ecdc\" \/>\n\t<meta name=\"twitter:data1\" content=\"1 ph\u00fat\" \/>\n<script type=\"application\/ld+json\" class=\"yoast-schema-graph\">{\"@context\":\"https:\/\/schema.org\",\"@graph\":[{\"@type\":\"WebSite\",\"@id\":\"http:\/\/mau.hoabinhweb.com\/camera1\/#website\",\"url\":\"http:\/\/mau.hoabinhweb.com\/camera1\/\",\"name\":\"Ho\u00e0 B\u00ecnh Web\",\"description\":\"\",\"potentialAction\":[{\"@type\":\"SearchAction\",\"target\":{\"@type\":\"EntryPoint\",\"urlTemplate\":\"http:\/\/mau.hoabinhweb.com\/camera1\/?s={search_term_string}\"},\"query-input\":\"required name=search_term_string\"}],\"inLanguage\":\"vi\"},{\"@type\":\"ImageObject\",\"@id\":\"http:\/\/mau.hoabinhweb.com\/camera1\/san-pham\/lap-dat-tron-bo-camera-ngoai-troi-hikvision-c3tn-2k-camera-wi-fi\/#primaryimage\",\"inLanguage\":\"vi\",\"url\":\"http:\/\/mau.hoabinhweb.com\/camera1\/wp-content\/uploads\/2022\/03\/sanpham5.jpg\",\"contentUrl\":\"http:\/\/mau.hoabinhweb.com\/camera1\/wp-content\/uploads\/2022\/03\/sanpham5.jpg\",\"width\":510,\"height\":510,\"caption\":\"Sanpham5\"},{\"@type\":\"WebPage\",\"@id\":\"http:\/\/mau.hoabinhweb.com\/camera1\/san-pham\/lap-dat-tron-bo-camera-ngoai-troi-hikvision-c3tn-2k-camera-wi-fi\/#webpage\",\"url\":\"http:\/\/mau.hoabinhweb.com\/camera1\/san-pham\/lap-dat-tron-bo-camera-ngoai-troi-hikvision-c3tn-2k-camera-wi-fi\/\",\"name\":\"L\u1eafp \u0111\u1eb7t tr\u1ecdn b\u1ed9 Camera ngo\u00e0i tr\u1eddi Hikvision C3TN 2K | Camera Wi-Fi - Ho\u00e0 B\u00ecnh Web\",\"isPartOf\":{\"@id\":\"http:\/\/mau.hoabinhweb.com\/camera1\/#website\"},\"primaryImageOfPage\":{\"@id\":\"http:\/\/mau.hoabinhweb.com\/camera1\/san-pham\/lap-dat-tron-bo-camera-ngoai-troi-hikvision-c3tn-2k-camera-wi-fi\/#primaryimage\"},\"datePublished\":\"2022-03-24T07:27:45+00:00\",\"dateModified\":\"2022-03-24T07:27:45+00:00\",\"breadcrumb\":{\"@id\":\"http:\/\/mau.hoabinhweb.com\/camera1\/san-pham\/lap-dat-tron-bo-camera-ngoai-troi-hikvision-c3tn-2k-camera-wi-fi\/#breadcrumb\"},\"inLanguage\":\"vi\",\"potentialAction\":[{\"@type\":\"ReadAction\",\"target\":[\"http:\/\/mau.hoabinhweb.com\/camera1\/san-pham\/lap-dat-tron-bo-camera-ngoai-troi-hikvision-c3tn-2k-camera-wi-fi\/\"]}]},{\"@type\":\"BreadcrumbList\",\"@id\":\"http:\/\/mau.hoabinhweb.com\/camera1\/san-pham\/lap-dat-tron-bo-camera-ngoai-troi-hikvision-c3tn-2k-camera-wi-fi\/#breadcrumb\",\"itemListElement\":[{\"@type\":\"ListItem\",\"position\":1,\"name\":\"Trang ch\u1ee7\",\"item\":\"http:\/\/mau.hoabinhweb.com\/camera1\/\"},{\"@type\":\"ListItem\",\"position\":2,\"name\":\"S\u1ea3n ph\u1ea9m\",\"item\":\"http:\/\/mau.hoabinhweb.com\/camera1\/san-pham\/\"},{\"@type\":\"ListItem\",\"position\":3,\"name\":\"Tin t\u1ee9c\",\"item\":\"http:\/\/mau.hoabinhweb.com\/camera1\/tin-tuc\/\"},{\"@type\":\"ListItem\",\"position\":4,\"name\":\"L\u1eafp \u0111\u1eb7t tr\u1ecdn b\u1ed9 Camera ngo\u00e0i tr\u1eddi Hikvision C3TN 2K | Camera Wi-Fi\"}]}]}<\/script>\n<!-- \/ Yoast SEO plugin. -->","yoast_head_json":{"title":"L\u1eafp \u0111\u1eb7t tr\u1ecdn b\u1ed9 Camera ngo\u00e0i tr\u1eddi Hikvision C3TN 2K | Camera Wi-Fi - Ho\u00e0 B\u00ecnh Web","robots":{"index":"noindex","follow":"follow","max-snippet":"max-snippet:-1","max-image-preview":"max-image-preview:large","max-video-preview":"max-video-preview:-1"},"og_locale":"vi_VN","og_type":"article","og_title":"L\u1eafp \u0111\u1eb7t tr\u1ecdn b\u1ed9 Camera ngo\u00e0i tr\u1eddi Hikvision C3TN 2K | Camera Wi-Fi - Ho\u00e0 B\u00ecnh Web","og_description":"Camera 3MP wifi ngo\u00e0i tr\u1eddi c\u00f3 m\u00e0u ban \u0111\u00eam.  Chu\u1ea9n n\u00e9n H.265 ti\u1ebft ki\u1ec7m b\u0103ng th\u00f4ng l\u01b0u tr\u1eef.  \u0110\u1ed9 ph\u00e2n gi\u1ea3i 2304\u00d71296.  \u1ed0ng k\u00ednh 2.8 mm, quan s\u00e1t xa 30m  Ch\u1ed1ng ng\u01b0\u1ee3c s\u00e1ng DWDR.  H\u1ed7 tr\u1ee3 \u0111\u00e0m tho\u1ea1i 2 chi\u1ec1u.  H\u1ed7 tr\u1ee3 khe c\u1eafm MicroSD card (Max. 256 GB).  H\u1ed7 tr\u1ee3 h\u1ed3ng ngo\u1ea1i ban \u0111\u00eam v\u00e0 \u0111\u00e8n led.  H\u1ed7 tr\u1ee3 \u0111\u00e8n c\u00f2i b\u00e1o \u0111\u1ed9ng.  T\u00edch h\u1ee3p chip AI ch\u1ed1ng b\u00e1o \u0111\u1ed9ng gi\u1ea3","og_url":"http:\/\/mau.hoabinhweb.com\/camera1\/san-pham\/lap-dat-tron-bo-camera-ngoai-troi-hikvision-c3tn-2k-camera-wi-fi\/","og_site_name":"Ho\u00e0 B\u00ecnh Web","og_image":[{"width":510,"height":510,"url":"http:\/\/mau.hoabinhweb.com\/camera1\/wp-content\/uploads\/2022\/03\/sanpham5.jpg","type":"image\/jpeg"}],"twitter_card":"summary_large_image","twitter_misc":{"\u01af\u1edbc t\u00ednh th\u1eddi gian \u0111\u1ecdc":"1 ph\u00fat"},"schema":{"@context":"https:\/\/schema.org","@graph":[{"@type":"WebSite","@id":"http:\/\/mau.hoabinhweb.com\/camera1\/#website","url":"http:\/\/mau.hoabinhweb.com\/camera1\/","name":"Ho\u00e0 B\u00ecnh Web","description":"","potentialAction":[{"@type":"SearchAction","target":{"@type":"EntryPoint","urlTemplate":"http:\/\/mau.hoabinhweb.com\/camera1\/?s={search_term_string}"},"query-input":"required name=search_term_string"}],"inLanguage":"vi"},{"@type":"ImageObject","@id":"http:\/\/mau.hoabinhweb.com\/camera1\/san-pham\/lap-dat-tron-bo-camera-ngoai-troi-hikvision-c3tn-2k-camera-wi-fi\/#primaryimage","inLanguage":"vi","url":"http:\/\/mau.hoabinhweb.com\/camera1\/wp-content\/uploads\/2022\/03\/sanpham5.jpg","contentUrl":"http:\/\/mau.hoabinhweb.com\/camera1\/wp-content\/uploads\/2022\/03\/sanpham5.jpg","width":510,"height":510,"caption":"Sanpham5"},{"@type":"WebPage","@id":"http:\/\/mau.hoabinhweb.com\/camera1\/san-pham\/lap-dat-tron-bo-camera-ngoai-troi-hikvision-c3tn-2k-camera-wi-fi\/#webpage","url":"http:\/\/mau.hoabinhweb.com\/camera1\/san-pham\/lap-dat-tron-bo-camera-ngoai-troi-hikvision-c3tn-2k-camera-wi-fi\/","name":"L\u1eafp \u0111\u1eb7t tr\u1ecdn b\u1ed9 Camera ngo\u00e0i tr\u1eddi Hikvision C3TN 2K | Camera Wi-Fi - Ho\u00e0 B\u00ecnh Web","isPartOf":{"@id":"http:\/\/mau.hoabinhweb.com\/camera1\/#website"},"primaryImageOfPage":{"@id":"http:\/\/mau.hoabinhweb.com\/camera1\/san-pham\/lap-dat-tron-bo-camera-ngoai-troi-hikvision-c3tn-2k-camera-wi-fi\/#primaryimage"},"datePublished":"2022-03-24T07:27:45+00:00","dateModified":"2022-03-24T07:27:45+00:00","breadcrumb":{"@id":"http:\/\/mau.hoabinhweb.com\/camera1\/san-pham\/lap-dat-tron-bo-camera-ngoai-troi-hikvision-c3tn-2k-camera-wi-fi\/#breadcrumb"},"inLanguage":"vi","potentialAction":[{"@type":"ReadAction","target":["http:\/\/mau.hoabinhweb.com\/camera1\/san-pham\/lap-dat-tron-bo-camera-ngoai-troi-hikvision-c3tn-2k-camera-wi-fi\/"]}]},{"@type":"BreadcrumbList","@id":"http:\/\/mau.hoabinhweb.com\/camera1\/san-pham\/lap-dat-tron-bo-camera-ngoai-troi-hikvision-c3tn-2k-camera-wi-fi\/#breadcrumb","itemListElement":[{"@type":"ListItem","position":1,"name":"Trang ch\u1ee7","item":"http:\/\/mau.hoabinhweb.com\/camera1\/"},{"@type":"ListItem","position":2,"name":"S\u1ea3n ph\u1ea9m","item":"http:\/\/mau.hoabinhweb.com\/camera1\/san-pham\/"},{"@type":"ListItem","position":3,"name":"Tin t\u1ee9c","item":"http:\/\/mau.hoabinhweb.com\/camera1\/tin-tuc\/"},{"@type":"ListItem","position":4,"name":"L\u1eafp \u0111\u1eb7t tr\u1ecdn b\u1ed9 Camera ngo\u00e0i tr\u1eddi Hikvision C3TN 2K | Camera Wi-Fi"}]}]}},"_links":{"self":[{"href":"http:\/\/mau.hoabinhweb.com\/camera1\/wp-json\/wp\/v2\/product\/79","targetHints":{"allow":["GET"]}}],"collection":[{"href":"http:\/\/mau.hoabinhweb.com\/camera1\/wp-json\/wp\/v2\/product"}],"about":[{"href":"http:\/\/mau.hoabinhweb.com\/camera1\/wp-json\/wp\/v2\/types\/product"}],"replies":[{"embeddable":true,"href":"http:\/\/mau.hoabinhweb.com\/camera1\/wp-json\/wp\/v2\/comments?post=79"}],"wp:featuredmedia":[{"embeddable":true,"href":"http:\/\/mau.hoabinhweb.com\/camera1\/wp-json\/wp\/v2\/media\/91"}],"wp:attachment":[{"href":"http:\/\/mau.hoabinhweb.com\/camera1\/wp-json\/wp\/v2\/media?parent=79"}],"wp:term":[{"taxonomy":"product_cat","embeddable":true,"href":"http:\/\/mau.hoabinhweb.com\/camera1\/wp-json\/wp\/v2\/product_cat?post=79"},{"taxonomy":"product_tag","embeddable":true,"href":"http:\/\/mau.hoabinhweb.com\/camera1\/wp-json\/wp\/v2\/product_tag?post=79"}],"curies":[{"name":"wp","href":"https:\/\/api.w.org\/{rel}","templated":true}]}}