{"id":77,"date":"2022-03-24T14:27:43","date_gmt":"2022-03-24T07:27:43","guid":{"rendered":"https:\/\/webcam24h.net\/?post_type=product&amp;p=77"},"modified":"2022-03-24T14:27:43","modified_gmt":"2022-03-24T07:27:43","slug":"lap-dat-camera-hikvision-c8w-full-2k-am-thanh-2-chieu-ngoai-troi","status":"publish","type":"product","link":"http:\/\/mau.hoabinhweb.com\/camera1\/san-pham\/lap-dat-camera-hikvision-c8w-full-2k-am-thanh-2-chieu-ngoai-troi\/","title":{"rendered":"L\u1eafp \u0111\u1eb7t Camera Hikvision C8W Full 2K \u00c2m thanh 2 chi\u1ec1u ngo\u00e0i tr\u1eddi"},"content":{"rendered":"<p>C8W l\u00e0 d\u00f2ng camera ngo\u00e0i tr\u1eddi \u0111\u01b0\u1ee3c s\u1ea3n xu\u1ea5t v\u00e0 tung ra th\u1ecb tr\u01b0\u1eddng cu\u1ed1i n\u0103m 2021. C8W \u0111\u01b0\u1ee3c thi\u1ebft k\u1ebf \u0111\u1eb7c bi\u1ec7t, c\u00f3 kh\u1ea3 n\u0103ng \u0111a nhi\u1ec7m v\u00e0 cho h\u00ecnh \u1ea3nh v\u00f4 c\u00f9ng s\u1eafc n\u00e9t, l\u1ebfn \u0111\u1ebfn 2K Super HD.<\/p>\n<p><img loading=\"lazy\" decoding=\"async\" class=\"size-full wp-image-28807 aligncenter\" src=\"https:\/\/fptcamera.com.vn\/wp-content\/uploads\/2021\/12\/Camera-C8W-Hinh-1.jpg\" sizes=\"auto, (max-width: 1198px) 100vw, 1198px\" srcset=\"https:\/\/fptcamera.com.vn\/wp-content\/uploads\/2021\/12\/Camera-C8W-Hinh-1.jpg 1198w, https:\/\/fptcamera.com.vn\/wp-content\/uploads\/2021\/12\/Camera-C8W-Hinh-1-800x400.jpg 800w, https:\/\/fptcamera.com.vn\/wp-content\/uploads\/2021\/12\/Camera-C8W-Hinh-1-768x385.jpg 768w, https:\/\/fptcamera.com.vn\/wp-content\/uploads\/2021\/12\/Camera-C8W-Hinh-1-510x255.jpg 510w\" alt=\"\" width=\"1198\" height=\"600\" \/><\/p>\n<div class=\"text-ele\">\n<h3>T\u1ea7m nh\u00ecn 360 \u0111\u1ed9 tuy\u1ec7t h\u1ea3o, ho\u00e0n to\u00e0n linh ho\u1ea1t<\/h3>\n<p><img loading=\"lazy\" decoding=\"async\" class=\"size-full wp-image-28809 aligncenter\" src=\"https:\/\/fptcamera.com.vn\/wp-content\/uploads\/2021\/12\/Camera-C8W-Hinh-2.1.jpg\" sizes=\"auto, (max-width: 1099px) 100vw, 1099px\" srcset=\"https:\/\/fptcamera.com.vn\/wp-content\/uploads\/2021\/12\/Camera-C8W-Hinh-2.1.jpg 1099w, https:\/\/fptcamera.com.vn\/wp-content\/uploads\/2021\/12\/Camera-C8W-Hinh-2.1-800x244.jpg 800w, https:\/\/fptcamera.com.vn\/wp-content\/uploads\/2021\/12\/Camera-C8W-Hinh-2.1-768x234.jpg 768w, https:\/\/fptcamera.com.vn\/wp-content\/uploads\/2021\/12\/Camera-C8W-Hinh-2.1-510x155.jpg 510w\" alt=\"\" width=\"1099\" height=\"335\" \/><\/p>\n<\/div>\n<div class=\"text-ele\">\n<p>L\u00e0 m\u1eabu camera m\u1edbi c\u1ee7a d\u00f2ng camera quay ngang &amp; quay d\u1ecdc EZVIZ C8, C8W n\u00e2ng c\u1ea5p kh\u1ea3 n\u0103ng b\u1ea3o v\u1ec7 to\u00e0n c\u1ea3nh 360\u00b0 v\u1edbi \u0111\u1ed9 n\u00e9t video ultra 2K+. Ngo\u00e0i ra,n\u00f3 c\u00f2n t\u00edch h\u1ee3p c\u00e1c t\u00ednh n\u0103ng c\u1ea7n ph\u1ea3i c\u00f3 \u0111\u1ec3 b\u1ea3o m\u1eadt n\u00e2ng cao, bao g\u1ed3m ph\u00e1t hi\u1ec7n h\u00ecnh d\u1ea1ng con ng\u01b0\u1eddi nh\u1edd c\u00f4ng ngh\u1ec7 AI, t\u1ea7m nh\u00ecn m\u00e0u v\u00e0o ban \u0111\u00eam, \u0111\u00e0m tho\u1ea1i hai chi\u1ec1u v\u00e0 ph\u00f2ng v\u1ec7 ch\u1ee7 \u0111\u1ed9ng. C8W l\u00e0 ng\u01b0\u1eddi g\u00e1c c\u1ed5ng tr\u01b0\u1edbc l\u1eabn c\u1ed5ng sau, c\u1ea3 ng\u00e0y l\u1eabn \u0111\u00eam \u0111\u00e1ng tin c\u1eady c\u1ee7a b\u1ea1n.<\/p>\n<div class=\"text-ele\">\n<h3>Kh\u1ea3 n\u0103ng b\u1ea3o v\u1ec7 v\u01b0\u1ee3t tr\u1ed9i nh\u1edd \u0111\u1ed9 n\u00e9t video 2K<\/h3>\n<\/div>\n<div class=\"text-ele\">\n<p>C8W ti\u1ebfn th\u00eam m\u1ed9t b\u01b0\u1edbc trong vi\u1ec7c ghi l\u1ea1i m\u1ecdi th\u1ee9 \u1edf \u0111\u1ed9 ph\u00e2n gi\u1ea3i 2K+ si\u00eau r\u00f5 n\u00e9t. B\u1ea1n c\u00f3 th\u1ec3 xem tr\u1ef1c ti\u1ebfp m\u1ed9t c\u00e1ch chi ti\u1ebft s\u1ed1ng \u0111\u1ed9ng v\u00e0 tua l\u1ea1i nh\u1eefng kho\u1ea3nh kh\u1eafc quan tr\u1ecdng \u1edf b\u1ea5t c\u1ee9 \u0111\u00e2u v\u00e0 b\u1ea5t k\u1ef3 khi n\u00e0o, nh\u01b0 th\u1ec3 b\u1ea1n \u0111ang c\u00f3 m\u1eb7t t\u1ea1i ch\u00ednh n\u01a1i \u0111\u00f3.<\/p>\n<div class=\"text-ele\">\n<h3>Nh\u00ecn, nghe v\u00e0 n\u00f3i chuy\u1ec7n t\u1eeb b\u1ea5t c\u1ee9 n\u01a1i \u0111\u00e2u<\/h3>\n<\/div>\n<div class=\"text-ele\">\n<p>C\u00f3 th\u1ec3 giao ti\u1ebfp front-door t\u1eeb xa. V\u1edbi C8W, b\u1ea1n c\u00f3 th\u1ec3 nghe v\u00e0 n\u00f3i chuy\u1ec7n v\u1edbi ng\u01b0\u1eddi nh\u00e0, ch\u00e0o \u0111\u00f3n kh\u00e1ch \u0111\u1ebfn th\u0103m ho\u1eb7c t\u1eeb ch\u1ed1i nh\u1eefng v\u1ecb kh\u00e1ch kh\u00f4ng m\u1eddi m\u00e0 \u0111\u1ebfn th\u00f4ng qua \u1ee8ng d\u1ee5ng d\u1ee5ng EZVIZ tr\u00ean \u0111i\u1ec7n tho\u1ea1i th\u00f4ng minh c\u1ee7a m\u00ecnh.<\/p>\n<div class=\"text-ele\">\n<h3>Xoay \u0111\u1ec3 quan s\u00e1t m\u1ecdi ng\u00f3c ng\u00e1ch quan tr\u1ecdng<\/h3>\n<p><img loading=\"lazy\" decoding=\"async\" class=\"size-full wp-image-28811 aligncenter\" src=\"https:\/\/fptcamera.com.vn\/wp-content\/uploads\/2021\/12\/Camera-C8W-Hinh-4.jpg\" sizes=\"auto, (max-width: 1199px) 100vw, 1199px\" srcset=\"https:\/\/fptcamera.com.vn\/wp-content\/uploads\/2021\/12\/Camera-C8W-Hinh-4.jpg 1199w, https:\/\/fptcamera.com.vn\/wp-content\/uploads\/2021\/12\/Camera-C8W-Hinh-4-652x400.jpg 652w, https:\/\/fptcamera.com.vn\/wp-content\/uploads\/2021\/12\/Camera-C8W-Hinh-4-768x471.jpg 768w, https:\/\/fptcamera.com.vn\/wp-content\/uploads\/2021\/12\/Camera-C8W-Hinh-4-510x313.jpg 510w\" alt=\"\" width=\"1199\" height=\"736\" \/><\/p>\n<\/div>\n<div class=\"text-ele\">\n<p>T\u1ea7m nh\u00ecn camera an ninh hi\u1ec7n t\u1ea1i c\u1ee7a b\u1ea1n kh\u00f4ng \u0111\u1ee7 r\u1ed9ng? \u0110\u00e3 c\u00f3 C8W \u1edf \u0111\u00e2y \u0111\u1ec3 gi\u00fap b\u1ea1n m\u1edf r\u1ed9ng t\u1ea7m nh\u00ecn. C\u00f3 th\u1ec3 quay ngang v\u00e0 quay d\u1ecdc \u0111\u1ec3 ghi h\u00ecnh trong ph\u1ea1m vi quan s\u00e1t 360 \u0111\u1ed9, camera n\u00e0y c\u00f3 th\u1ec3 d\u1ec5 d\u00e0ng bao qu\u00e1t c\u00e1c di\u1ec7n t\u00edch r\u1ed9ng v\u00e0 gi\u1ea3m \u0111\u00e1ng k\u1ec3 c\u00e1c \u0111i\u1ec3m m\u00f9.<\/p>\n<div class=\"text-ele\">\n<h3>Ba ch\u1ebf \u0111\u1ed9 t\u1ea7m nh\u00ecn ban \u0111\u00eam \u0111\u00e1p \u1ee9ng m\u1ecdi nhu c\u1ea7u<\/h3>\n<p><img loading=\"lazy\" decoding=\"async\" class=\"size-large wp-image-28812 aligncenter\" src=\"https:\/\/fptcamera.com.vn\/wp-content\/uploads\/2021\/12\/Camera-C8W-Hinh-5-770x800.jpg\" sizes=\"auto, (max-width: 770px) 100vw, 770px\" srcset=\"https:\/\/fptcamera.com.vn\/wp-content\/uploads\/2021\/12\/Camera-C8W-Hinh-5-770x800.jpg 770w, https:\/\/fptcamera.com.vn\/wp-content\/uploads\/2021\/12\/Camera-C8W-Hinh-5-385x400.jpg 385w, https:\/\/fptcamera.com.vn\/wp-content\/uploads\/2021\/12\/Camera-C8W-Hinh-5-768x798.jpg 768w, https:\/\/fptcamera.com.vn\/wp-content\/uploads\/2021\/12\/Camera-C8W-Hinh-5-510x530.jpg 510w, https:\/\/fptcamera.com.vn\/wp-content\/uploads\/2021\/12\/Camera-C8W-Hinh-5.jpg 1197w\" alt=\"\" width=\"770\" height=\"800\" \/><\/p>\n<ul>\n<li>T\u1ea7m nh\u00ecn m\u00e0u v\u00e0o ban \u0111\u00eam:<\/li>\n<\/ul>\n<div class=\"text-ele\">\n<p>Gi\u1edd \u0111\u00e2y, t\u1ea7m nh\u00ecn ban \u0111\u00eam c\u1ee7a b\u1ea1n \u0111\u01b0\u1ee3c chi\u1ebfu s\u00e1ng v\u00e0 kh\u00f4i ph\u1ee5c m\u1ed9t c\u00e1ch s\u1ed1ng \u0111\u1ed9ng c\u00f3 \u0111\u1ea7y \u0111\u1ee7 m\u00e0u s\u1eafc nh\u1edd hai \u0111\u00e8n chi\u1ebfu t\u00edch h\u1ee3p v\u00e0 \u1ed1ng k\u00ednh quang h\u1ecdc chuy\u00ean nghi\u1ec7p.<\/p>\n<\/div>\n<div class=\"text-ele\">\n<div class=\"text-ele\">\n<ul>\n<li>T\u1ea7m nh\u00ecn \u0111en &amp; tr\u1eafng v\u00e0o ban \u0111\u00eam<\/li>\n<\/ul>\n<div class=\"text-ele\">\n<p>N\u1ebfu b\u1ea1n kh\u00f4ng c\u1ea7n th\u00eam \u00e1nh s\u00e1ng, th\u00ec ch\u1ec9 c\u1ea7n chuy\u1ec3n camera sang ch\u1ebf \u0111\u1ed9 t\u1ea7m nh\u00ecn \u0111en &amp; tr\u1eafng v\u00e0o ban \u0111\u00eam th\u00f4ng qua \u1ee8ng d\u1ee5ng EZVIZ v\u00e0 v\u1eabn c\u00f3 th\u1ec3 nh\u00ecn \u0111\u01b0\u1ee3c trong ph\u1ea1m vi 30 m\u00e9t (98 ft.).<\/p>\n<\/div>\n<div class=\"text-ele\">\n<div class=\"text-ele\">\n<ul>\n<li>T\u1ea7m nh\u00ecn th\u00f4ng minh v\u00e0o ban \u0111\u00eam<\/li>\n<\/ul>\n<p>\u1ede ch\u1ebf \u0111\u1ed9 n\u00e0y, C8W t\u1ef1 \u0111\u1ed9ng b\u1eadt \u0111\u00e8n chi\u1ebfu v\u00e0 chuy\u1ec3n t\u1eeb ch\u1ebf \u0111\u1ed9 theo d\u00f5i \u0111en &amp; tr\u1eafng sang theo d\u00f5i m\u00e0u khi n\u00f3 ph\u00e1t hi\u1ec7n c\u00f3 chuy\u1ec3n \u0111\u1ed9ng c\u1ee7a con ng\u01b0\u1eddi. Video c\u1ea3nh b\u00e1o s\u1ebd \u0111\u01b0\u1ee3c ghi l\u1ea1i \u1edf ch\u1ebf \u0111\u1ed9 m\u00e0u \u0111\u1ec3 b\u1ea1n c\u00f3 \u0111\u01b0\u1ee3c m\u1ecdi chi ti\u1ebft c\u1ea7n thi\u1ebft. Kh\u00e1 l\u00e0 th\u00f4ng minh \u0111\u1ea5y ch\u1ee9!<\/p>\n<\/div>\n<\/div>\n<\/div>\n<\/div>\n<\/div>\n<\/div>\n<\/div>\n<\/div>\n<\/div>\n","protected":false},"excerpt":{"rendered":"<ul>\n<li>Camera Ezviz 4.0MP Full 2K m\u1edbi nh\u1ea5t 2021<\/li>\n<li>Ph\u00f9 h\u1ee3p l\u1eafp \u0111\u1eb7t ngo\u00e0i tr\u1eddi c\u00f3 m\u00e0u 24\/24<\/li>\n<li>Xoay 4 chi\u1ec1u (g\u00f3c xoay ngang: 352\u00b0, g\u00f3c xoay d\u1ecdc: 95\u00b0).<\/li>\n<li>\u00c2m thanh 2 chi\u1ec1u \u0111\u00e0m tho\u1ea1i b\u1ea5t c\u1ee9 n\u01a1i \u0111\u00e2u<\/li>\n<li>C\u00f4ng ngh\u1ec7 AI nh\u1eadn di\u1ec7n ng\u01b0\u1eddi<\/li>\n<li>H\u1ed7 tr\u1ee3 khe c\u1eafm th\u1ebb nh\u1edb MicroSD<\/li>\n<\/ul>\n","protected":false},"featured_media":89,"comment_status":"closed","ping_status":"closed","template":"","meta":[],"product_cat":[34,35,25,26,27,36,37,38,39,40,41,42,28,43,29,30,31,17,44,32,33,18,19,20,21,22,23,24],"product_tag":[],"class_list":["post-77","product","type-product","status-publish","has-post-thumbnail","hentry","product_cat-bo-kit-camera","product_cat-camera-analog","product_cat-camera-giam-sat","product_cat-camera-ip","product_cat-camera-wifi-khong-day","product_cat-chan-de-camera","product_cat-dahua","product_cat-day-cap-dong-truc-cho-camera","product_cat-dau-ghi-16-kenh","product_cat-dau-ghi-32-kenh","product_cat-dau-ghi-4-kenh","product_cat-dau-ghi-8-kenh","product_cat-dau-ghi-hinh","product_cat-ezviz","product_cat-hang-san-xuat","product_cat-hikvision","product_cat-imou","product_cat-khuyen-mai-hot","product_cat-nguon-camera","product_cat-phu-kien-camera-an-ninh","product_cat-the-nho-luu-tru","product_cat-thiet-bi-bao-dong-bao-chay","product_cat-thiet-bi-camera-an-ninh","product_cat-thiet-bi-dien-thong-minh","product_cat-thiet-bi-kiem-soat-cua","product_cat-thiet-bi-so-cong-nghe","product_cat-thiet-bi-van-phong-gia-dinh","product_cat-thiet-bi-vien-thong"],"yoast_head":"<!-- This site is optimized with the Yoast SEO plugin v18.3 - https:\/\/yoast.com\/wordpress\/plugins\/seo\/ -->\n<title>L\u1eafp \u0111\u1eb7t Camera Hikvision C8W Full 2K \u00c2m thanh 2 chi\u1ec1u ngo\u00e0i tr\u1eddi - Ho\u00e0 B\u00ecnh Web<\/title>\n<meta name=\"robots\" content=\"noindex, follow, max-snippet:-1, max-image-preview:large, max-video-preview:-1\" \/>\n<meta property=\"og:locale\" content=\"vi_VN\" \/>\n<meta property=\"og:type\" content=\"article\" \/>\n<meta property=\"og:title\" content=\"L\u1eafp \u0111\u1eb7t Camera Hikvision C8W Full 2K \u00c2m thanh 2 chi\u1ec1u ngo\u00e0i tr\u1eddi - Ho\u00e0 B\u00ecnh Web\" \/>\n<meta property=\"og:description\" content=\"Camera Ezviz 4.0MP Full 2K m\u1edbi nh\u1ea5t 2021  Ph\u00f9 h\u1ee3p l\u1eafp \u0111\u1eb7t ngo\u00e0i tr\u1eddi c\u00f3 m\u00e0u 24\/24  Xoay 4 chi\u1ec1u (g\u00f3c xoay ngang: 352\u00b0, g\u00f3c xoay d\u1ecdc: 95\u00b0).  \u00c2m thanh 2 chi\u1ec1u \u0111\u00e0m tho\u1ea1i b\u1ea5t c\u1ee9 n\u01a1i \u0111\u00e2u  C\u00f4ng ngh\u1ec7 AI nh\u1eadn di\u1ec7n ng\u01b0\u1eddi  H\u1ed7 tr\u1ee3 khe c\u1eafm th\u1ebb nh\u1edb MicroSD\" \/>\n<meta property=\"og:url\" content=\"http:\/\/mau.hoabinhweb.com\/camera1\/san-pham\/lap-dat-camera-hikvision-c8w-full-2k-am-thanh-2-chieu-ngoai-troi\/\" \/>\n<meta property=\"og:site_name\" content=\"Ho\u00e0 B\u00ecnh Web\" \/>\n<meta property=\"og:image\" content=\"http:\/\/mau.hoabinhweb.com\/camera1\/wp-content\/uploads\/2022\/03\/sanpham3.jpg\" \/>\n\t<meta property=\"og:image:width\" content=\"510\" \/>\n\t<meta property=\"og:image:height\" content=\"510\" \/>\n\t<meta property=\"og:image:type\" content=\"image\/jpeg\" \/>\n<meta name=\"twitter:card\" content=\"summary_large_image\" \/>\n<meta name=\"twitter:label1\" content=\"\u01af\u1edbc t\u00ednh th\u1eddi gian \u0111\u1ecdc\" \/>\n\t<meta name=\"twitter:data1\" content=\"4 ph\u00fat\" \/>\n<script type=\"application\/ld+json\" class=\"yoast-schema-graph\">{\"@context\":\"https:\/\/schema.org\",\"@graph\":[{\"@type\":\"WebSite\",\"@id\":\"http:\/\/mau.hoabinhweb.com\/camera1\/#website\",\"url\":\"http:\/\/mau.hoabinhweb.com\/camera1\/\",\"name\":\"Ho\u00e0 B\u00ecnh Web\",\"description\":\"\",\"potentialAction\":[{\"@type\":\"SearchAction\",\"target\":{\"@type\":\"EntryPoint\",\"urlTemplate\":\"http:\/\/mau.hoabinhweb.com\/camera1\/?s={search_term_string}\"},\"query-input\":\"required name=search_term_string\"}],\"inLanguage\":\"vi\"},{\"@type\":\"ImageObject\",\"@id\":\"http:\/\/mau.hoabinhweb.com\/camera1\/san-pham\/lap-dat-camera-hikvision-c8w-full-2k-am-thanh-2-chieu-ngoai-troi\/#primaryimage\",\"inLanguage\":\"vi\",\"url\":\"http:\/\/mau.hoabinhweb.com\/camera1\/wp-content\/uploads\/2022\/03\/sanpham3.jpg\",\"contentUrl\":\"http:\/\/mau.hoabinhweb.com\/camera1\/wp-content\/uploads\/2022\/03\/sanpham3.jpg\",\"width\":510,\"height\":510,\"caption\":\"Sanpham3\"},{\"@type\":\"WebPage\",\"@id\":\"http:\/\/mau.hoabinhweb.com\/camera1\/san-pham\/lap-dat-camera-hikvision-c8w-full-2k-am-thanh-2-chieu-ngoai-troi\/#webpage\",\"url\":\"http:\/\/mau.hoabinhweb.com\/camera1\/san-pham\/lap-dat-camera-hikvision-c8w-full-2k-am-thanh-2-chieu-ngoai-troi\/\",\"name\":\"L\u1eafp \u0111\u1eb7t Camera Hikvision C8W Full 2K \u00c2m thanh 2 chi\u1ec1u ngo\u00e0i tr\u1eddi - Ho\u00e0 B\u00ecnh Web\",\"isPartOf\":{\"@id\":\"http:\/\/mau.hoabinhweb.com\/camera1\/#website\"},\"primaryImageOfPage\":{\"@id\":\"http:\/\/mau.hoabinhweb.com\/camera1\/san-pham\/lap-dat-camera-hikvision-c8w-full-2k-am-thanh-2-chieu-ngoai-troi\/#primaryimage\"},\"datePublished\":\"2022-03-24T07:27:43+00:00\",\"dateModified\":\"2022-03-24T07:27:43+00:00\",\"breadcrumb\":{\"@id\":\"http:\/\/mau.hoabinhweb.com\/camera1\/san-pham\/lap-dat-camera-hikvision-c8w-full-2k-am-thanh-2-chieu-ngoai-troi\/#breadcrumb\"},\"inLanguage\":\"vi\",\"potentialAction\":[{\"@type\":\"ReadAction\",\"target\":[\"http:\/\/mau.hoabinhweb.com\/camera1\/san-pham\/lap-dat-camera-hikvision-c8w-full-2k-am-thanh-2-chieu-ngoai-troi\/\"]}]},{\"@type\":\"BreadcrumbList\",\"@id\":\"http:\/\/mau.hoabinhweb.com\/camera1\/san-pham\/lap-dat-camera-hikvision-c8w-full-2k-am-thanh-2-chieu-ngoai-troi\/#breadcrumb\",\"itemListElement\":[{\"@type\":\"ListItem\",\"position\":1,\"name\":\"Trang ch\u1ee7\",\"item\":\"http:\/\/mau.hoabinhweb.com\/camera1\/\"},{\"@type\":\"ListItem\",\"position\":2,\"name\":\"S\u1ea3n ph\u1ea9m\",\"item\":\"http:\/\/mau.hoabinhweb.com\/camera1\/san-pham\/\"},{\"@type\":\"ListItem\",\"position\":3,\"name\":\"Tin t\u1ee9c\",\"item\":\"http:\/\/mau.hoabinhweb.com\/camera1\/tin-tuc\/\"},{\"@type\":\"ListItem\",\"position\":4,\"name\":\"L\u1eafp \u0111\u1eb7t Camera Hikvision C8W Full 2K \u00c2m thanh 2 chi\u1ec1u ngo\u00e0i tr\u1eddi\"}]}]}<\/script>\n<!-- \/ Yoast SEO plugin. -->","yoast_head_json":{"title":"L\u1eafp \u0111\u1eb7t Camera Hikvision C8W Full 2K \u00c2m thanh 2 chi\u1ec1u ngo\u00e0i tr\u1eddi - Ho\u00e0 B\u00ecnh Web","robots":{"index":"noindex","follow":"follow","max-snippet":"max-snippet:-1","max-image-preview":"max-image-preview:large","max-video-preview":"max-video-preview:-1"},"og_locale":"vi_VN","og_type":"article","og_title":"L\u1eafp \u0111\u1eb7t Camera Hikvision C8W Full 2K \u00c2m thanh 2 chi\u1ec1u ngo\u00e0i tr\u1eddi - Ho\u00e0 B\u00ecnh Web","og_description":"Camera Ezviz 4.0MP Full 2K m\u1edbi nh\u1ea5t 2021  Ph\u00f9 h\u1ee3p l\u1eafp \u0111\u1eb7t ngo\u00e0i tr\u1eddi c\u00f3 m\u00e0u 24\/24  Xoay 4 chi\u1ec1u (g\u00f3c xoay ngang: 352\u00b0, g\u00f3c xoay d\u1ecdc: 95\u00b0).  \u00c2m thanh 2 chi\u1ec1u \u0111\u00e0m tho\u1ea1i b\u1ea5t c\u1ee9 n\u01a1i \u0111\u00e2u  C\u00f4ng ngh\u1ec7 AI nh\u1eadn di\u1ec7n ng\u01b0\u1eddi  H\u1ed7 tr\u1ee3 khe c\u1eafm th\u1ebb nh\u1edb MicroSD","og_url":"http:\/\/mau.hoabinhweb.com\/camera1\/san-pham\/lap-dat-camera-hikvision-c8w-full-2k-am-thanh-2-chieu-ngoai-troi\/","og_site_name":"Ho\u00e0 B\u00ecnh Web","og_image":[{"width":510,"height":510,"url":"http:\/\/mau.hoabinhweb.com\/camera1\/wp-content\/uploads\/2022\/03\/sanpham3.jpg","type":"image\/jpeg"}],"twitter_card":"summary_large_image","twitter_misc":{"\u01af\u1edbc t\u00ednh th\u1eddi gian \u0111\u1ecdc":"4 ph\u00fat"},"schema":{"@context":"https:\/\/schema.org","@graph":[{"@type":"WebSite","@id":"http:\/\/mau.hoabinhweb.com\/camera1\/#website","url":"http:\/\/mau.hoabinhweb.com\/camera1\/","name":"Ho\u00e0 B\u00ecnh Web","description":"","potentialAction":[{"@type":"SearchAction","target":{"@type":"EntryPoint","urlTemplate":"http:\/\/mau.hoabinhweb.com\/camera1\/?s={search_term_string}"},"query-input":"required name=search_term_string"}],"inLanguage":"vi"},{"@type":"ImageObject","@id":"http:\/\/mau.hoabinhweb.com\/camera1\/san-pham\/lap-dat-camera-hikvision-c8w-full-2k-am-thanh-2-chieu-ngoai-troi\/#primaryimage","inLanguage":"vi","url":"http:\/\/mau.hoabinhweb.com\/camera1\/wp-content\/uploads\/2022\/03\/sanpham3.jpg","contentUrl":"http:\/\/mau.hoabinhweb.com\/camera1\/wp-content\/uploads\/2022\/03\/sanpham3.jpg","width":510,"height":510,"caption":"Sanpham3"},{"@type":"WebPage","@id":"http:\/\/mau.hoabinhweb.com\/camera1\/san-pham\/lap-dat-camera-hikvision-c8w-full-2k-am-thanh-2-chieu-ngoai-troi\/#webpage","url":"http:\/\/mau.hoabinhweb.com\/camera1\/san-pham\/lap-dat-camera-hikvision-c8w-full-2k-am-thanh-2-chieu-ngoai-troi\/","name":"L\u1eafp \u0111\u1eb7t Camera Hikvision C8W Full 2K \u00c2m thanh 2 chi\u1ec1u ngo\u00e0i tr\u1eddi - Ho\u00e0 B\u00ecnh Web","isPartOf":{"@id":"http:\/\/mau.hoabinhweb.com\/camera1\/#website"},"primaryImageOfPage":{"@id":"http:\/\/mau.hoabinhweb.com\/camera1\/san-pham\/lap-dat-camera-hikvision-c8w-full-2k-am-thanh-2-chieu-ngoai-troi\/#primaryimage"},"datePublished":"2022-03-24T07:27:43+00:00","dateModified":"2022-03-24T07:27:43+00:00","breadcrumb":{"@id":"http:\/\/mau.hoabinhweb.com\/camera1\/san-pham\/lap-dat-camera-hikvision-c8w-full-2k-am-thanh-2-chieu-ngoai-troi\/#breadcrumb"},"inLanguage":"vi","potentialAction":[{"@type":"ReadAction","target":["http:\/\/mau.hoabinhweb.com\/camera1\/san-pham\/lap-dat-camera-hikvision-c8w-full-2k-am-thanh-2-chieu-ngoai-troi\/"]}]},{"@type":"BreadcrumbList","@id":"http:\/\/mau.hoabinhweb.com\/camera1\/san-pham\/lap-dat-camera-hikvision-c8w-full-2k-am-thanh-2-chieu-ngoai-troi\/#breadcrumb","itemListElement":[{"@type":"ListItem","position":1,"name":"Trang ch\u1ee7","item":"http:\/\/mau.hoabinhweb.com\/camera1\/"},{"@type":"ListItem","position":2,"name":"S\u1ea3n ph\u1ea9m","item":"http:\/\/mau.hoabinhweb.com\/camera1\/san-pham\/"},{"@type":"ListItem","position":3,"name":"Tin t\u1ee9c","item":"http:\/\/mau.hoabinhweb.com\/camera1\/tin-tuc\/"},{"@type":"ListItem","position":4,"name":"L\u1eafp \u0111\u1eb7t Camera Hikvision C8W Full 2K \u00c2m thanh 2 chi\u1ec1u ngo\u00e0i tr\u1eddi"}]}]}},"_links":{"self":[{"href":"http:\/\/mau.hoabinhweb.com\/camera1\/wp-json\/wp\/v2\/product\/77","targetHints":{"allow":["GET"]}}],"collection":[{"href":"http:\/\/mau.hoabinhweb.com\/camera1\/wp-json\/wp\/v2\/product"}],"about":[{"href":"http:\/\/mau.hoabinhweb.com\/camera1\/wp-json\/wp\/v2\/types\/product"}],"replies":[{"embeddable":true,"href":"http:\/\/mau.hoabinhweb.com\/camera1\/wp-json\/wp\/v2\/comments?post=77"}],"wp:featuredmedia":[{"embeddable":true,"href":"http:\/\/mau.hoabinhweb.com\/camera1\/wp-json\/wp\/v2\/media\/89"}],"wp:attachment":[{"href":"http:\/\/mau.hoabinhweb.com\/camera1\/wp-json\/wp\/v2\/media?parent=77"}],"wp:term":[{"taxonomy":"product_cat","embeddable":true,"href":"http:\/\/mau.hoabinhweb.com\/camera1\/wp-json\/wp\/v2\/product_cat?post=77"},{"taxonomy":"product_tag","embeddable":true,"href":"http:\/\/mau.hoabinhweb.com\/camera1\/wp-json\/wp\/v2\/product_tag?post=77"}],"curies":[{"name":"wp","href":"https:\/\/api.w.org\/{rel}","templated":true}]}}