{"id":76,"date":"2022-03-24T14:27:43","date_gmt":"2022-03-24T07:27:43","guid":{"rendered":"https:\/\/webcam24h.net\/?post_type=product&amp;p=76"},"modified":"2022-03-24T14:27:43","modified_gmt":"2022-03-24T07:27:43","slug":"camera-hikvision-c8pf-zoom-quang-8x-full-hd-sieu-net-ngoai-troi","status":"publish","type":"product","link":"http:\/\/mau.hoabinhweb.com\/camera1\/san-pham\/camera-hikvision-c8pf-zoom-quang-8x-full-hd-sieu-net-ngoai-troi\/","title":{"rendered":"Camera Hikvision C8PF Zoom quang 8X Full HD si\u00eau n\u00e9t ngo\u00e0i tr\u1eddi"},"content":{"rendered":"<p><strong>EZVIZ C8PF 2MP<\/strong>\u00a0\u1ed1ng k\u00ednh k\u00e9p l\u00e0 phi\u00ean b\u1ea3n camera Wifi th\u00f4ng minh cao c\u1ea5p nh\u1ea5t c\u1ee7a Hikvision \u0111\u01b0\u1ee3c trang b\u1ecb 2 \u1ed1ng k\u00ednh k\u00e9p m\u1ed9t \u1ed1ng k\u00ednh nh\u00ecn g\u00f3c r\u1ed9ng to\u00e0n c\u1ea3nh v\u00e0 m\u1ed9t \u1ed1ng k\u00ednh g\u00f3c nh\u00ecn h\u1eb9p. C\u00f3 kh\u1ea3 n\u0103ng quan s\u00e1t kh\u00f4ng gian r\u1ed9ng l\u1edbn nh\u1edd t\u00ednh n\u0103ng quay qu\u00e9t 360 \u0111\u1ed9 v\u00e0 zoom k\u1ef9 thu\u1eadt s\u1ed1 l\u00ean \u0111\u1ebfn 8 l\u1ea7n. Ngo\u00e0i ra Camera C8PF c\u00f2n \u0111\u01b0\u1ee3c trang b\u1ecb c\u00f4ng ngh\u1ec7 nh\u1eadn di\u1ec7n con ng\u01b0\u1eddi b\u1eb1ng tr\u00ed tu\u1ec7 nh\u00e2n t\u1ea1o AI.<\/p>\n<p><img loading=\"lazy\" decoding=\"async\" class=\"size-full wp-image-28911 aligncenter\" src=\"https:\/\/fptcamera.com.vn\/wp-content\/uploads\/2021\/12\/camera-wifi-quay-quet-ong-kinh-kep-ezviz-c8pf-4.jpg\" sizes=\"auto, (max-width: 800px) 100vw, 800px\" srcset=\"https:\/\/fptcamera.com.vn\/wp-content\/uploads\/2021\/12\/camera-wifi-quay-quet-ong-kinh-kep-ezviz-c8pf-4.jpg 800w, https:\/\/fptcamera.com.vn\/wp-content\/uploads\/2021\/12\/camera-wifi-quay-quet-ong-kinh-kep-ezviz-c8pf-4-640x400.jpg 640w, https:\/\/fptcamera.com.vn\/wp-content\/uploads\/2021\/12\/camera-wifi-quay-quet-ong-kinh-kep-ezviz-c8pf-4-768x480.jpg 768w, https:\/\/fptcamera.com.vn\/wp-content\/uploads\/2021\/12\/camera-wifi-quay-quet-ong-kinh-kep-ezviz-c8pf-4-510x319.jpg 510w\" alt=\"\" width=\"800\" height=\"500\" \/><\/p>\n<h3><strong>Ch\u1ebf \u0111\u1ed9 xem 2 m\u00e0n h\u00ecnh (PiP) r\u1ed9ng h\u01a1n, r\u00f5 r\u00e0ng h\u01a1n<\/strong><\/h3>\n<p><img loading=\"lazy\" decoding=\"async\" class=\"size-full wp-image-28912 aligncenter\" src=\"https:\/\/fptcamera.com.vn\/wp-content\/uploads\/2021\/12\/z3060952493220_bbed353773d3268dde1cedf6557335fc.jpg\" sizes=\"auto, (max-width: 1196px) 100vw, 1196px\" srcset=\"https:\/\/fptcamera.com.vn\/wp-content\/uploads\/2021\/12\/z3060952493220_bbed353773d3268dde1cedf6557335fc.jpg 1196w, https:\/\/fptcamera.com.vn\/wp-content\/uploads\/2021\/12\/z3060952493220_bbed353773d3268dde1cedf6557335fc-800x362.jpg 800w, https:\/\/fptcamera.com.vn\/wp-content\/uploads\/2021\/12\/z3060952493220_bbed353773d3268dde1cedf6557335fc-768x347.jpg 768w, https:\/\/fptcamera.com.vn\/wp-content\/uploads\/2021\/12\/z3060952493220_bbed353773d3268dde1cedf6557335fc-510x231.jpg 510w\" alt=\"\" width=\"1196\" height=\"541\" \/><\/p>\n<p>V\u1edbi thi\u1ebft k\u1ebf \u0111\u1ea1t gi\u1ea3i th\u01b0\u1edfng, C8PF gi\u00fap b\u1ea1n kh\u00f4ng bao gi\u1edd b\u1ecf l\u1ee1 khung h\u00ecnh bao qu\u00e1t trong khi v\u1eabn xem \u0111\u01b0\u1ee3c nh\u1eefng g\u00ec quan tr\u1ecdng \u2013 \u0111\u1ebfn t\u1eebng chi ti\u1ebft. Camera thu ph\u00f3ng-quay qu\u00e9t n\u00e0y v\u1edbi c\u00f4ng ngh\u1ec7 \u1ed1ng k\u00ednh k\u00e9p ti\u00ean ti\u1ebfn c\u00f3 th\u1ec3 th\u1ef1c hi\u1ec7n kh\u1ea3 n\u0103ng thu ph\u00f3ng h\u1ed7n h\u1ee3p 8 l\u1ea7n ch\u01b0a t\u1eebng c\u00f3, nh\u1eb1m b\u1ea3o v\u1ec7 ng\u00f4i nh\u00e0 v\u00e0 cung c\u1ea5p ch\u1ebf \u0111\u1ed9 hi\u1ec3n th\u1ecb video hai m\u00e0n h\u00ecnh \u1edf c\u1ea3 ch\u1ebf \u0111\u1ed9 xem r\u1ed9ng v\u00e0 c\u1eadn c\u1ea3nh.<\/p>\n<h3><strong>Nh\u00e2n \u0111\u00f4i ch\u1ebf \u0111\u1ed9 xem v\u1edbi m\u00e0n h\u00ecnh hi\u1ec3n th\u1ecb hai m\u00e0n h\u00ecnh<\/strong><\/h3>\n<p><img loading=\"lazy\" decoding=\"async\" class=\"size-full wp-image-28913 aligncenter\" src=\"https:\/\/fptcamera.com.vn\/wp-content\/uploads\/2021\/12\/nhin-can-canh.jpg\" sizes=\"auto, (max-width: 800px) 100vw, 800px\" srcset=\"https:\/\/fptcamera.com.vn\/wp-content\/uploads\/2021\/12\/nhin-can-canh.jpg 800w, https:\/\/fptcamera.com.vn\/wp-content\/uploads\/2021\/12\/nhin-can-canh-768x377.jpg 768w, https:\/\/fptcamera.com.vn\/wp-content\/uploads\/2021\/12\/nhin-can-canh-510x251.jpg 510w\" alt=\"\" width=\"800\" height=\"393\" \/><\/p>\n<p>EZVIZ \u0111\u00e3 thi\u1ebft k\u1ebf C8PF \u0111\u1ec3 cung c\u1ea5p kh\u1ea3 n\u0103ng hi\u1ec3n th\u1ecb hai m\u00e0n h\u00ecnh h\u1eefu \u00edch, \u1edf c\u1ea3 ch\u1ebf \u0111\u1ed9 xem tr\u1ef1c ti\u1ebfp v\u00e0 ph\u00e1t l\u1ea1i video. Camera hi\u1ec3n th\u1ecb c\u1ea3nh bao qu\u00e1t tr\u00ean c\u1eeda s\u1ed5 m\u00e0n h\u00ecnh nh\u1ecf v\u00e0 c\u1ea3nh c\u1eadn tr\u00ean to\u00e0n m\u00e0n h\u00ecnh m\u00e0 kh\u00f4ng l\u00e0m m\u1edd h\u00ecnh \u1ea3nh. B\u1ea1n lu\u00f4n c\u00f3 th\u1ec3 nh\u1ea5n \u0111\u1ec3 ph\u00f3ng to c\u00e1c khu v\u1ef1c quan t\u00e2m, \u0111\u1ec3 kh\u00f4ng b\u1ecf s\u00f3t \u0111i\u1ec1u g\u00ec tr\u00ean c\u00e1c \u0111\u1ed1i t\u01b0\u1ee3ng \u1edf xa.<\/p>\n<h3><strong>Thu ph\u00f3ng h\u1ed7n h\u1ee3p 8 l\u1ea7n \u1ea5n t\u01b0\u1ee3ng, r\u00f5 n\u00e9t v\u00e0 m\u1edf r\u1ed9ng t\u1ea7m nh\u00ecn.<\/strong><\/h3>\n<p><img loading=\"lazy\" decoding=\"async\" class=\"size-full wp-image-28914 aligncenter\" src=\"https:\/\/fptcamera.com.vn\/wp-content\/uploads\/2021\/12\/z3060958225275_df21031b09bea39c4ca6e02ac5d60dab.jpg\" sizes=\"auto, (max-width: 683px) 100vw, 683px\" srcset=\"https:\/\/fptcamera.com.vn\/wp-content\/uploads\/2021\/12\/z3060958225275_df21031b09bea39c4ca6e02ac5d60dab.jpg 683w, https:\/\/fptcamera.com.vn\/wp-content\/uploads\/2021\/12\/z3060958225275_df21031b09bea39c4ca6e02ac5d60dab-436x400.jpg 436w, https:\/\/fptcamera.com.vn\/wp-content\/uploads\/2021\/12\/z3060958225275_df21031b09bea39c4ca6e02ac5d60dab-510x467.jpg 510w\" alt=\"\" width=\"683\" height=\"626\" \/><\/p>\n<p>C8PF l\u00e0 camera gia \u0111\u00ecnh th\u00f4ng minh \u0111\u1ea7u ti\u00ean tr\u00ean th\u1ebf gi\u1edbi c\u00f3 th\u1ec3 thu ph\u00f3ng k\u1ebft h\u1ee3p 8 l\u1ea7n. B\u1ea1n t\u00f2 m\u00f2 c\u00f3 g\u00ec trong s\u1ef1 k\u1ebft h\u1ee3p? S\u1ef1 k\u1ebft h\u1ee3p c\u1ee7a m\u1ed9t \u1ed1ng k\u00ednh tele 12 mm v\u1edbi m\u1ed9t \u1ed1ng k\u00ednh g\u00f3c r\u1ed9ng 2,8 mm. Ng\u01b0\u1eddi d\u00f9ng c\u00f3 th\u1ec3 t\u1eadn d\u1ee5ng t\u00ednh n\u0103ng n\u00e2ng cao n\u00e0y b\u1eb1ng c\u00e1ch s\u1eed d\u1ee5ng \u1ee8ng d\u1ee5ng EZVIZ \u0111\u1ec3 ph\u00f3ng to v\u00e0 thu nh\u1ecf m\u01b0\u1ee3t m\u00e0, theo d\u00f5i nh\u1eefng g\u00ec quan tr\u1ecdng m\u00e0 kh\u00f4ng \u1ea3nh h\u01b0\u1edfng \u0111\u1ebfn ch\u1ea5t l\u01b0\u1ee3ng ho\u1eb7c \u0111\u1ed9 r\u00f5 n\u00e9t c\u1ee7a h\u00ecnh \u1ea3nh. Ngo\u00e0i ra c\u00f2n c\u00f3 b\u1ed1n \u0111\u00e8n h\u1ed3ng ngo\u1ea1i cho t\u1ea7m nh\u00ecn ban \u0111\u00eam tuy\u1ec7t v\u1eddi l\u00ean \u0111\u1ebfn 30 m\u00e9t (98 feet).<\/p>\n<h3><strong>C\u1ea3nh b\u00e1o th\u00f4ng minh v\u1edbi t\u00ednh n\u0103ng ph\u00e1t hi\u1ec7n d\u00e1ng ng\u01b0\u1eddi b\u1eb1ng c\u00f4ng ngh\u1ec7 AI.<\/strong><\/h3>\n<p><img loading=\"lazy\" decoding=\"async\" class=\"size-full wp-image-28916 aligncenter\" src=\"https:\/\/fptcamera.com.vn\/wp-content\/uploads\/2021\/12\/phat-hien-nguoi-va-vat.jpg\" sizes=\"auto, (max-width: 800px) 100vw, 800px\" srcset=\"https:\/\/fptcamera.com.vn\/wp-content\/uploads\/2021\/12\/phat-hien-nguoi-va-vat.jpg 800w, https:\/\/fptcamera.com.vn\/wp-content\/uploads\/2021\/12\/phat-hien-nguoi-va-vat-768x381.jpg 768w, https:\/\/fptcamera.com.vn\/wp-content\/uploads\/2021\/12\/phat-hien-nguoi-va-vat-510x253.jpg 510w\" alt=\"\" width=\"800\" height=\"397\" \/><\/p>\n<p>Nh\u1edd c\u00e1c c\u00f4ng ngh\u1ec7 AI ti\u00ean ti\u1ebfn c\u1ee7a EZVIZ, C8PF gi\u1ea3m thi\u1ec3u c\u00e1c c\u1ea3nh b\u00e1o sai ho\u1eb7c kh\u00f4ng li\u00ean quan b\u1eb1ng c\u00e1ch ph\u00e2n bi\u1ec7t d\u00e1ng ng\u01b0\u1eddi v\u1edbi v\u1eadt nu\u00f4i ho\u1eb7c \u0111\u1ed3 v\u1eadt. Ngo\u00e0i ra, b\u1ea1n c\u00f3 th\u1ec3 t\u00f9y ch\u1ec9nh \u0111\u1ed9 nh\u1ea1y ph\u00e1t hi\u1ec7n v\u00e0 l\u1ecbch tr\u00ecnh th\u1eddi gian \u0111\u1ec3 l\u1ecdc th\u00eam c\u00e1c c\u1ea3nh b\u00e1o kh\u00f4ng mong mu\u1ed1n.<\/p>\n<h3><strong>Nh\u00ecn, nghe v\u00e0 n\u00f3i, t\u1eeb m\u1ecdi n\u01a1i.<\/strong><\/h3>\n<p><img loading=\"lazy\" decoding=\"async\" class=\"alignnone size-full wp-image-28917\" src=\"https:\/\/fptcamera.com.vn\/wp-content\/uploads\/2021\/12\/dam-thoai-2-chieu.jpg\" sizes=\"auto, (max-width: 800px) 100vw, 800px\" srcset=\"https:\/\/fptcamera.com.vn\/wp-content\/uploads\/2021\/12\/dam-thoai-2-chieu.jpg 800w, https:\/\/fptcamera.com.vn\/wp-content\/uploads\/2021\/12\/dam-thoai-2-chieu-798x400.jpg 798w, https:\/\/fptcamera.com.vn\/wp-content\/uploads\/2021\/12\/dam-thoai-2-chieu-768x385.jpg 768w, https:\/\/fptcamera.com.vn\/wp-content\/uploads\/2021\/12\/dam-thoai-2-chieu-510x256.jpg 510w\" alt=\"\" width=\"800\" height=\"401\" \/><\/p>\n<p>Camera l\u00e0 \u0111\u00f4i m\u1eaft, \u0111\u00f4i tai v\u00e0 gi\u1ecdng n\u00f3i c\u1ee7a b\u1ea1n. C8PF \u0111i k\u00e8m v\u1edbi m\u1ed9t micr\u00f4 v\u00e0 loa t\u00edch h\u1ee3p \u0111\u1ec3 b\u1ea1n c\u00f3 th\u1ec3 d\u1ec5 d\u00e0ng nghe v\u00e0 n\u00f3i chuy\u1ec7n v\u1edbi gia \u0111\u00ecnh, ch\u00e0o \u0111\u00f3n kh\u00e1ch \u0111\u1ebfn th\u0103m ho\u1eb7c t\u1eeb ch\u1ed1i nh\u1eefng v\u1ecb kh\u00e1ch kh\u00f4ng m\u1eddi ch\u1ec9 b\u1eb1ng c\u00e1ch s\u1eed d\u1ee5ng \u0111i\u1ec7n tho\u1ea1i th\u00f4ng minh c\u1ee7a m\u00ecnh.<\/p>\n<h3><strong>T\u1ea7m nh\u00ecn 360 \u0111\u1ed9, b\u1ea3o v\u1ec7 365 ng\u00e0y.<\/strong><\/h3>\n<p><img loading=\"lazy\" decoding=\"async\" class=\"size-full wp-image-28918 aligncenter\" src=\"https:\/\/fptcamera.com.vn\/wp-content\/uploads\/2021\/12\/ngoai-troi.jpg\" sizes=\"auto, (max-width: 800px) 100vw, 800px\" srcset=\"https:\/\/fptcamera.com.vn\/wp-content\/uploads\/2021\/12\/ngoai-troi.jpg 800w, https:\/\/fptcamera.com.vn\/wp-content\/uploads\/2021\/12\/ngoai-troi-768x383.jpg 768w, https:\/\/fptcamera.com.vn\/wp-content\/uploads\/2021\/12\/ngoai-troi-510x254.jpg 510w\" alt=\"\" width=\"800\" height=\"399\" \/><\/p>\n<p>C8PF v\u01b0\u1ee3t tr\u1ed9i v\u1ec1 c\u1ea3 t\u00ednh linh ho\u1ea1t v\u00e0 \u0111\u1ed9 b\u1ec1n. V\u1edbi thi\u1ebft k\u1ebf quay qu\u00e9t, camera cung c\u1ea5p tr\u01b0\u1eddng nh\u00ecn to\u00e0n c\u1ea3nh 360 \u0111\u1ed9 \u0111\u1ec3 tr\u00e1nh c\u00e1c \u0111i\u1ec3m m\u00f9, t\u1ea5t c\u1ea3 \u0111\u1ec1u th\u00f4ng qua c\u00e1c \u0111i\u1ec1u khi\u1ec3n nh\u1ea5p v\u00e0 k\u00e9o d\u1ec5 d\u00e0ng tr\u00ean \u1ee9ng d\u1ee5ng. C8PF c\u0169ng c\u00f3 kh\u1ea3 n\u0103ng ch\u1ed1ng ch\u1ecbu th\u1eddi ti\u1ebft kh\u1eafc nghi\u1ec7t cho hi\u1ec7u su\u1ea5t l\u00e2u d\u00e0i ngay c\u1ea3 khi m\u01b0a b\u00e3o.<\/p>\n<h3><strong>H\u1ed7 tr\u1ee3 th\u1ebb nh\u1edb video l\u00ean t\u1edbi 512 GB \u2013ho\u1eb7c t\u1ea3i l\u00ean \u0111\u00e1m m\u00e2y.<\/strong><\/h3>\n<p>C8PF l\u00e0 m\u1ed9t trong s\u1ed1 nh\u1eefng s\u1ea3n ph\u1ea9m c\u00f3 h\u1ed7 tr\u1ee3 dung l\u01b0\u1ee3ng l\u01b0u tr\u1eef tr\u00ean camera l\u1edbn nh\u1ea5t tr\u00ean th\u1ecb tr\u01b0\u1eddng an ninh nh\u00e0 \u1edf \u2013 l\u00ean \u0111\u1ebfn 512 GB, nh\u1edd khe c\u1eafm th\u1ebb nh\u1edb t\u00edch h\u1ee3p. B\u1ea1n c\u00f3 th\u1ec3 t\u1eadn h\u01b0\u1edfng b\u1ed9 nh\u1edb video an to\u00e0n m\u1ecdi l\u00fac. H\u01a1n n\u1eefa, b\u1ea1n c\u00f3 th\u1ec3 th\u00eam m\u1ed9t l\u1edbp b\u1ea3o v\u1ec7 kh\u00e1c b\u1eb1ng c\u00e1ch l\u01b0u d\u1eef li\u1ec7u l\u00ean EZVIZ CloudPlay qua \u0111\u0103ng k\u00fd d\u1ecbch v\u1ee5.<\/p>\n<h3><strong>Ch\u00fang t\u00f4i b\u1ea3o v\u1ec7 d\u1eef li\u1ec7u v\u00e0 quy\u1ec1n ri\u00eang t\u01b0 c\u1ee7a b\u1ea1n.<\/strong><\/h3>\n<p>N\u1ec1n t\u1ea3ng trong m\u1ecdi s\u1ea3n ph\u1ea9m ch\u00fang t\u00f4i thi\u1ebft k\u1ebf ch\u00ednh l\u00e0 s\u1ef1 ri\u00eang t\u01b0 v\u00e0 b\u1ea3o m\u1eadt d\u1eef li\u1ec7u. T\u00ednh n\u0103ng truy\u1ec1n d\u1eef li\u1ec7u gi\u1eefa C8PF v\u00e0 EZVIZ Cloud \u0111\u01b0\u1ee3c m\u00e3 h\u00f3a hai \u0111\u1ea7u. Ch\u1ec9 c\u00f3 b\u1ea1n m\u1edbi c\u00f3 ch\u00eca kh\u00f3a \u0111\u1ec3 gi\u1ea3i m\u00e3 d\u1eef li\u1ec7u c\u1ee7a m\u00ecnh.<\/p>\n<p>V\u1edbi thi\u1ebft k\u1ebf \u0111\u1ed9c l\u1ea1, nhi\u1ec1u t\u00ednh n\u0103ng th\u00f4ng minh \u0111\u01b0\u1ee3c t\u00edch h\u1ee3p, \u0111\u1ed9 ph\u00e2n gi\u1ea3i cao. Camera EZVIZ C8PF l\u00e0 m\u1ed9t s\u1ea3n ph\u1ea9m camera an ninh l\u00fd t\u01b0\u1edfng cho nh\u1eefng ai lo l\u1eafng v\u1ec1 g\u00f3c nh\u00ecn r\u1ed9ng, bao qu\u00e1t, c\u00f3 c\u00e1c ch\u1ee9c n\u0103ng c\u1ea3nh b\u00e1o k\u1ecbp th\u1eddi, \u1ee9ng d\u1ee5ng d\u1ec5 s\u1eed d\u1ee5ng c\u0169ng nh\u01b0 kh\u1ea3 n\u0103ng nh\u00ecn v\u1ec1 \u0111\u00eam t\u1ed1t. C\u00f3 th\u1ec3 n\u00f3i, Camera EZVIZ C8PF l\u00e0 m\u1eabu camera an ninh t\u1ed1t nh\u1ea5t v\u00e0 \u0111\u00e1ng s\u1edf h\u1eefu hi\u1ec7n nay.<\/p>\n<p><strong>Tr\u1ecdn b\u1ed9 s\u1ea3n ph\u1ea9m g\u1ed3m:<\/strong><br \/>\n\u2013 Camera C8PF.<br \/>\n\u2013 B\u1ed9 chuy\u1ec3n \u0111\u1ed5i ngu\u1ed3n 1,5 m\u00e9t.<br \/>\n\u2013 B\u1ed9 v\u00edt.<br \/>\n\u2013 B\u1ed9 ch\u1ed1ng n\u01b0\u1edbc.<br \/>\n\u2013 T\u1ea5m m\u1eabu khoan.<br \/>\n\u2013 Th\u00f4ng tin quy \u0111\u1ecbnh.<br \/>\n\u2013 H\u01b0\u1edbng d\u1eabn nhanh.<\/p>\n","protected":false},"excerpt":{"rendered":"<ul>\n<li>Camera Ezviz 2.0MP m\u1edbi nh\u1ea5t 2021<\/li>\n<li>Quan s\u00e1t kh\u00f4ng gian r\u1ed9ng l\u1edbn, quay qu\u00e9t 360 \u0111\u1ed9 v\u00e0 zoom k\u1ef9 thu\u1eadt s\u1ed1 l\u00ean \u0111\u1ebfn 8 l\u1ea7n.<\/li>\n<li>\u0110\u1ed9 ph\u00e2n gi\u1ea3i t\u1ed1i \u0111a: 1920 x 1080<\/li>\n<li>T\u1ea7m nh\u00ecn ban \u0111\u00eam: 30 m\u00e9t.<\/li>\n<li>H\u1ed7 tr\u1ee3 DNR 3D, C\u00f4ng ngh\u1ec7 WDR, BLC<\/li>\n<li>Trang b\u1ecb c\u00f4ng ngh\u1ec7 nh\u1eadn di\u1ec7n con ng\u01b0\u1eddi b\u1eb1ng tr\u00ed tu\u1ec7 nh\u00e2n t\u1ea1o AI<\/li>\n<li>H\u1ed7 tr\u1ee3 micr\u00f4 v\u00e0 loa t\u00edch h\u1ee3p, th\u1ebb nh\u1edb MicroSD (T\u1ed1i \u0111a 512GB)<\/li>\n<li>Thi\u1ebft k\u1ebf ch\u1ed1ng ch\u1ecbu th\u1eddi ti\u1ebft m\u01b0a, b\u1ee5i b\u1ea9n.<\/li>\n<\/ul>\n","protected":false},"featured_media":88,"comment_status":"closed","ping_status":"closed","template":"","meta":[],"product_cat":[34,35,25,26,27,36,37,38,39,40,41,42,28,43,29,30,31,17,44,32,33,18,19,20,21,22,23,24],"product_tag":[],"class_list":["post-76","product","type-product","status-publish","has-post-thumbnail","hentry","product_cat-bo-kit-camera","product_cat-camera-analog","product_cat-camera-giam-sat","product_cat-camera-ip","product_cat-camera-wifi-khong-day","product_cat-chan-de-camera","product_cat-dahua","product_cat-day-cap-dong-truc-cho-camera","product_cat-dau-ghi-16-kenh","product_cat-dau-ghi-32-kenh","product_cat-dau-ghi-4-kenh","product_cat-dau-ghi-8-kenh","product_cat-dau-ghi-hinh","product_cat-ezviz","product_cat-hang-san-xuat","product_cat-hikvision","product_cat-imou","product_cat-khuyen-mai-hot","product_cat-nguon-camera","product_cat-phu-kien-camera-an-ninh","product_cat-the-nho-luu-tru","product_cat-thiet-bi-bao-dong-bao-chay","product_cat-thiet-bi-camera-an-ninh","product_cat-thiet-bi-dien-thong-minh","product_cat-thiet-bi-kiem-soat-cua","product_cat-thiet-bi-so-cong-nghe","product_cat-thiet-bi-van-phong-gia-dinh","product_cat-thiet-bi-vien-thong"],"yoast_head":"<!-- This site is optimized with the Yoast SEO plugin v18.3 - https:\/\/yoast.com\/wordpress\/plugins\/seo\/ -->\n<title>Camera Hikvision C8PF Zoom quang 8X Full HD si\u00eau n\u00e9t ngo\u00e0i tr\u1eddi - Ho\u00e0 B\u00ecnh Web<\/title>\n<meta name=\"robots\" content=\"noindex, follow, max-snippet:-1, max-image-preview:large, max-video-preview:-1\" \/>\n<meta property=\"og:locale\" content=\"vi_VN\" \/>\n<meta property=\"og:type\" content=\"article\" \/>\n<meta property=\"og:title\" content=\"Camera Hikvision C8PF Zoom quang 8X Full HD si\u00eau n\u00e9t ngo\u00e0i tr\u1eddi - Ho\u00e0 B\u00ecnh Web\" \/>\n<meta property=\"og:description\" content=\"Camera Ezviz 2.0MP m\u1edbi nh\u1ea5t 2021  Quan s\u00e1t kh\u00f4ng gian r\u1ed9ng l\u1edbn, quay qu\u00e9t 360 \u0111\u1ed9 v\u00e0 zoom k\u1ef9 thu\u1eadt s\u1ed1 l\u00ean \u0111\u1ebfn 8 l\u1ea7n.  \u0110\u1ed9 ph\u00e2n gi\u1ea3i t\u1ed1i \u0111a: 1920 x 1080  T\u1ea7m nh\u00ecn ban \u0111\u00eam: 30 m\u00e9t.  H\u1ed7 tr\u1ee3 DNR 3D, C\u00f4ng ngh\u1ec7 WDR, BLC  Trang b\u1ecb c\u00f4ng ngh\u1ec7 nh\u1eadn di\u1ec7n con ng\u01b0\u1eddi b\u1eb1ng tr\u00ed tu\u1ec7 nh\u00e2n t\u1ea1o AI  H\u1ed7 tr\u1ee3 micr\u00f4 v\u00e0 loa t\u00edch h\u1ee3p, th\u1ebb nh\u1edb MicroSD (T\u1ed1i \u0111a 512GB)  Thi\u1ebft k\u1ebf ch\u1ed1ng ch\u1ecbu th\u1eddi ti\u1ebft m\u01b0a, b\u1ee5i b\u1ea9n.\" \/>\n<meta property=\"og:url\" content=\"http:\/\/mau.hoabinhweb.com\/camera1\/san-pham\/camera-hikvision-c8pf-zoom-quang-8x-full-hd-sieu-net-ngoai-troi\/\" \/>\n<meta property=\"og:site_name\" content=\"Ho\u00e0 B\u00ecnh Web\" \/>\n<meta property=\"og:image\" content=\"http:\/\/mau.hoabinhweb.com\/camera1\/wp-content\/uploads\/2022\/03\/sanpham2.jpg\" \/>\n\t<meta property=\"og:image:width\" content=\"510\" \/>\n\t<meta property=\"og:image:height\" content=\"510\" \/>\n\t<meta property=\"og:image:type\" content=\"image\/jpeg\" \/>\n<meta name=\"twitter:card\" content=\"summary_large_image\" \/>\n<meta name=\"twitter:label1\" content=\"\u01af\u1edbc t\u00ednh th\u1eddi gian \u0111\u1ecdc\" \/>\n\t<meta name=\"twitter:data1\" content=\"7 ph\u00fat\" \/>\n<script type=\"application\/ld+json\" class=\"yoast-schema-graph\">{\"@context\":\"https:\/\/schema.org\",\"@graph\":[{\"@type\":\"WebSite\",\"@id\":\"http:\/\/mau.hoabinhweb.com\/camera1\/#website\",\"url\":\"http:\/\/mau.hoabinhweb.com\/camera1\/\",\"name\":\"Ho\u00e0 B\u00ecnh Web\",\"description\":\"\",\"potentialAction\":[{\"@type\":\"SearchAction\",\"target\":{\"@type\":\"EntryPoint\",\"urlTemplate\":\"http:\/\/mau.hoabinhweb.com\/camera1\/?s={search_term_string}\"},\"query-input\":\"required name=search_term_string\"}],\"inLanguage\":\"vi\"},{\"@type\":\"ImageObject\",\"@id\":\"http:\/\/mau.hoabinhweb.com\/camera1\/san-pham\/camera-hikvision-c8pf-zoom-quang-8x-full-hd-sieu-net-ngoai-troi\/#primaryimage\",\"inLanguage\":\"vi\",\"url\":\"http:\/\/mau.hoabinhweb.com\/camera1\/wp-content\/uploads\/2022\/03\/sanpham2.jpg\",\"contentUrl\":\"http:\/\/mau.hoabinhweb.com\/camera1\/wp-content\/uploads\/2022\/03\/sanpham2.jpg\",\"width\":510,\"height\":510,\"caption\":\"Sanpham2\"},{\"@type\":\"WebPage\",\"@id\":\"http:\/\/mau.hoabinhweb.com\/camera1\/san-pham\/camera-hikvision-c8pf-zoom-quang-8x-full-hd-sieu-net-ngoai-troi\/#webpage\",\"url\":\"http:\/\/mau.hoabinhweb.com\/camera1\/san-pham\/camera-hikvision-c8pf-zoom-quang-8x-full-hd-sieu-net-ngoai-troi\/\",\"name\":\"Camera Hikvision C8PF Zoom quang 8X Full HD si\u00eau n\u00e9t ngo\u00e0i tr\u1eddi - Ho\u00e0 B\u00ecnh Web\",\"isPartOf\":{\"@id\":\"http:\/\/mau.hoabinhweb.com\/camera1\/#website\"},\"primaryImageOfPage\":{\"@id\":\"http:\/\/mau.hoabinhweb.com\/camera1\/san-pham\/camera-hikvision-c8pf-zoom-quang-8x-full-hd-sieu-net-ngoai-troi\/#primaryimage\"},\"datePublished\":\"2022-03-24T07:27:43+00:00\",\"dateModified\":\"2022-03-24T07:27:43+00:00\",\"breadcrumb\":{\"@id\":\"http:\/\/mau.hoabinhweb.com\/camera1\/san-pham\/camera-hikvision-c8pf-zoom-quang-8x-full-hd-sieu-net-ngoai-troi\/#breadcrumb\"},\"inLanguage\":\"vi\",\"potentialAction\":[{\"@type\":\"ReadAction\",\"target\":[\"http:\/\/mau.hoabinhweb.com\/camera1\/san-pham\/camera-hikvision-c8pf-zoom-quang-8x-full-hd-sieu-net-ngoai-troi\/\"]}]},{\"@type\":\"BreadcrumbList\",\"@id\":\"http:\/\/mau.hoabinhweb.com\/camera1\/san-pham\/camera-hikvision-c8pf-zoom-quang-8x-full-hd-sieu-net-ngoai-troi\/#breadcrumb\",\"itemListElement\":[{\"@type\":\"ListItem\",\"position\":1,\"name\":\"Trang ch\u1ee7\",\"item\":\"http:\/\/mau.hoabinhweb.com\/camera1\/\"},{\"@type\":\"ListItem\",\"position\":2,\"name\":\"S\u1ea3n ph\u1ea9m\",\"item\":\"http:\/\/mau.hoabinhweb.com\/camera1\/san-pham\/\"},{\"@type\":\"ListItem\",\"position\":3,\"name\":\"Tin t\u1ee9c\",\"item\":\"http:\/\/mau.hoabinhweb.com\/camera1\/tin-tuc\/\"},{\"@type\":\"ListItem\",\"position\":4,\"name\":\"Camera Hikvision C8PF Zoom quang 8X Full HD si\u00eau n\u00e9t ngo\u00e0i tr\u1eddi\"}]}]}<\/script>\n<!-- \/ Yoast SEO plugin. -->","yoast_head_json":{"title":"Camera Hikvision C8PF Zoom quang 8X Full HD si\u00eau n\u00e9t ngo\u00e0i tr\u1eddi - Ho\u00e0 B\u00ecnh Web","robots":{"index":"noindex","follow":"follow","max-snippet":"max-snippet:-1","max-image-preview":"max-image-preview:large","max-video-preview":"max-video-preview:-1"},"og_locale":"vi_VN","og_type":"article","og_title":"Camera Hikvision C8PF Zoom quang 8X Full HD si\u00eau n\u00e9t ngo\u00e0i tr\u1eddi - Ho\u00e0 B\u00ecnh Web","og_description":"Camera Ezviz 2.0MP m\u1edbi nh\u1ea5t 2021  Quan s\u00e1t kh\u00f4ng gian r\u1ed9ng l\u1edbn, quay qu\u00e9t 360 \u0111\u1ed9 v\u00e0 zoom k\u1ef9 thu\u1eadt s\u1ed1 l\u00ean \u0111\u1ebfn 8 l\u1ea7n.  \u0110\u1ed9 ph\u00e2n gi\u1ea3i t\u1ed1i \u0111a: 1920 x 1080  T\u1ea7m nh\u00ecn ban \u0111\u00eam: 30 m\u00e9t.  H\u1ed7 tr\u1ee3 DNR 3D, C\u00f4ng ngh\u1ec7 WDR, BLC  Trang b\u1ecb c\u00f4ng ngh\u1ec7 nh\u1eadn di\u1ec7n con ng\u01b0\u1eddi b\u1eb1ng tr\u00ed tu\u1ec7 nh\u00e2n t\u1ea1o AI  H\u1ed7 tr\u1ee3 micr\u00f4 v\u00e0 loa t\u00edch h\u1ee3p, th\u1ebb nh\u1edb MicroSD (T\u1ed1i \u0111a 512GB)  Thi\u1ebft k\u1ebf ch\u1ed1ng ch\u1ecbu th\u1eddi ti\u1ebft m\u01b0a, b\u1ee5i b\u1ea9n.","og_url":"http:\/\/mau.hoabinhweb.com\/camera1\/san-pham\/camera-hikvision-c8pf-zoom-quang-8x-full-hd-sieu-net-ngoai-troi\/","og_site_name":"Ho\u00e0 B\u00ecnh Web","og_image":[{"width":510,"height":510,"url":"http:\/\/mau.hoabinhweb.com\/camera1\/wp-content\/uploads\/2022\/03\/sanpham2.jpg","type":"image\/jpeg"}],"twitter_card":"summary_large_image","twitter_misc":{"\u01af\u1edbc t\u00ednh th\u1eddi gian \u0111\u1ecdc":"7 ph\u00fat"},"schema":{"@context":"https:\/\/schema.org","@graph":[{"@type":"WebSite","@id":"http:\/\/mau.hoabinhweb.com\/camera1\/#website","url":"http:\/\/mau.hoabinhweb.com\/camera1\/","name":"Ho\u00e0 B\u00ecnh Web","description":"","potentialAction":[{"@type":"SearchAction","target":{"@type":"EntryPoint","urlTemplate":"http:\/\/mau.hoabinhweb.com\/camera1\/?s={search_term_string}"},"query-input":"required name=search_term_string"}],"inLanguage":"vi"},{"@type":"ImageObject","@id":"http:\/\/mau.hoabinhweb.com\/camera1\/san-pham\/camera-hikvision-c8pf-zoom-quang-8x-full-hd-sieu-net-ngoai-troi\/#primaryimage","inLanguage":"vi","url":"http:\/\/mau.hoabinhweb.com\/camera1\/wp-content\/uploads\/2022\/03\/sanpham2.jpg","contentUrl":"http:\/\/mau.hoabinhweb.com\/camera1\/wp-content\/uploads\/2022\/03\/sanpham2.jpg","width":510,"height":510,"caption":"Sanpham2"},{"@type":"WebPage","@id":"http:\/\/mau.hoabinhweb.com\/camera1\/san-pham\/camera-hikvision-c8pf-zoom-quang-8x-full-hd-sieu-net-ngoai-troi\/#webpage","url":"http:\/\/mau.hoabinhweb.com\/camera1\/san-pham\/camera-hikvision-c8pf-zoom-quang-8x-full-hd-sieu-net-ngoai-troi\/","name":"Camera Hikvision C8PF Zoom quang 8X Full HD si\u00eau n\u00e9t ngo\u00e0i tr\u1eddi - Ho\u00e0 B\u00ecnh Web","isPartOf":{"@id":"http:\/\/mau.hoabinhweb.com\/camera1\/#website"},"primaryImageOfPage":{"@id":"http:\/\/mau.hoabinhweb.com\/camera1\/san-pham\/camera-hikvision-c8pf-zoom-quang-8x-full-hd-sieu-net-ngoai-troi\/#primaryimage"},"datePublished":"2022-03-24T07:27:43+00:00","dateModified":"2022-03-24T07:27:43+00:00","breadcrumb":{"@id":"http:\/\/mau.hoabinhweb.com\/camera1\/san-pham\/camera-hikvision-c8pf-zoom-quang-8x-full-hd-sieu-net-ngoai-troi\/#breadcrumb"},"inLanguage":"vi","potentialAction":[{"@type":"ReadAction","target":["http:\/\/mau.hoabinhweb.com\/camera1\/san-pham\/camera-hikvision-c8pf-zoom-quang-8x-full-hd-sieu-net-ngoai-troi\/"]}]},{"@type":"BreadcrumbList","@id":"http:\/\/mau.hoabinhweb.com\/camera1\/san-pham\/camera-hikvision-c8pf-zoom-quang-8x-full-hd-sieu-net-ngoai-troi\/#breadcrumb","itemListElement":[{"@type":"ListItem","position":1,"name":"Trang ch\u1ee7","item":"http:\/\/mau.hoabinhweb.com\/camera1\/"},{"@type":"ListItem","position":2,"name":"S\u1ea3n ph\u1ea9m","item":"http:\/\/mau.hoabinhweb.com\/camera1\/san-pham\/"},{"@type":"ListItem","position":3,"name":"Tin t\u1ee9c","item":"http:\/\/mau.hoabinhweb.com\/camera1\/tin-tuc\/"},{"@type":"ListItem","position":4,"name":"Camera Hikvision C8PF Zoom quang 8X Full HD si\u00eau n\u00e9t ngo\u00e0i tr\u1eddi"}]}]}},"_links":{"self":[{"href":"http:\/\/mau.hoabinhweb.com\/camera1\/wp-json\/wp\/v2\/product\/76","targetHints":{"allow":["GET"]}}],"collection":[{"href":"http:\/\/mau.hoabinhweb.com\/camera1\/wp-json\/wp\/v2\/product"}],"about":[{"href":"http:\/\/mau.hoabinhweb.com\/camera1\/wp-json\/wp\/v2\/types\/product"}],"replies":[{"embeddable":true,"href":"http:\/\/mau.hoabinhweb.com\/camera1\/wp-json\/wp\/v2\/comments?post=76"}],"wp:featuredmedia":[{"embeddable":true,"href":"http:\/\/mau.hoabinhweb.com\/camera1\/wp-json\/wp\/v2\/media\/88"}],"wp:attachment":[{"href":"http:\/\/mau.hoabinhweb.com\/camera1\/wp-json\/wp\/v2\/media?parent=76"}],"wp:term":[{"taxonomy":"product_cat","embeddable":true,"href":"http:\/\/mau.hoabinhweb.com\/camera1\/wp-json\/wp\/v2\/product_cat?post=76"},{"taxonomy":"product_tag","embeddable":true,"href":"http:\/\/mau.hoabinhweb.com\/camera1\/wp-json\/wp\/v2\/product_tag?post=76"}],"curies":[{"name":"wp","href":"https:\/\/api.w.org\/{rel}","templated":true}]}}