{"id":74,"date":"2022-03-24T14:24:56","date_gmt":"2022-03-24T07:24:56","guid":{"rendered":"https:\/\/webcam24h.net\/?post_type=product&amp;p=74"},"modified":"2022-03-24T14:24:56","modified_gmt":"2022-03-24T07:24:56","slug":"camera-chuyen-dung-cho-nguoi-gia-tre-nho-ezdoorbell","status":"publish","type":"product","link":"http:\/\/mau.hoabinhweb.com\/camera1\/san-pham\/camera-chuyen-dung-cho-nguoi-gia-tre-nho-ezdoorbell\/","title":{"rendered":"Camera chuy\u00ean d\u1ee5ng cho ng\u01b0\u1eddi Gi\u00e0 \u2013 Tr\u1ebb nh\u1ecf EZDoorBell"},"content":{"rendered":"<h2>EZDoorBell Camera cho ng\u01b0\u1eddi Gi\u00e0 v\u00e0 Tr\u1ebb em<\/h2>\n<p>B\u1ea1n \u0111ang t\u00ecm m\u1ed9t s\u1ea3n ph\u1ea9m Camera ph\u00f9 h\u1ee3p \u0111\u1ec3 c\u00f3 th\u1ec3 n\u00f3i chuy\u1ec7n tr\u1ef1c ti\u1ebfp \u0111\u01b0\u1ee3c v\u1edbi tr\u1ebb nh\u1ecf, ngo\u00e0i ra, n\u1ebfu tr\u1ebb nh\u1ecf ho\u1eb7c ng\u01b0\u1eddi gi\u00e0 c\u1ea7n g\u00ec, c\u00f3 th\u1ec3 g\u1ecdi \u0111i\u1ec7n t\u1eeb Camera cho b\u1ea1n?<\/p>\n<p>EZDoorBell l\u00e0 m\u1ed9t s\u1ea3n ph\u1ea9m Camera c\u1ee7a Hikvision c\u00f3 nhi\u1ec1u t\u00ednh n\u0103ng \u0111\u1ed9c \u0111\u00e1o v\u00e0 h\u1ed7 tr\u1ee3 T\u1ed1t cho ng\u01b0\u1eddi d\u00f9ng l\u00e0 ng\u01b0\u1eddi cao tu\u1ed5i v\u00e0 tr\u1ebb nh\u1ecf.<\/p>\n<p><img loading=\"lazy\" decoding=\"async\" class=\"aligncenter wp-image-29616 size-thumbnail\" src=\"https:\/\/fptcamera.com.vn\/wp-content\/uploads\/2022\/03\/EZVIZ-cs-DB2C-H4-280x280.jpg\" sizes=\"auto, (max-width: 280px) 100vw, 280px\" srcset=\"https:\/\/fptcamera.com.vn\/wp-content\/uploads\/2022\/03\/EZVIZ-cs-DB2C-H4-280x280.jpg 280w, https:\/\/fptcamera.com.vn\/wp-content\/uploads\/2022\/03\/EZVIZ-cs-DB2C-H4-400x400.jpg 400w, https:\/\/fptcamera.com.vn\/wp-content\/uploads\/2022\/03\/EZVIZ-cs-DB2C-H4-768x768.jpg 768w, https:\/\/fptcamera.com.vn\/wp-content\/uploads\/2022\/03\/EZVIZ-cs-DB2C-H4-510x510.jpg 510w, https:\/\/fptcamera.com.vn\/wp-content\/uploads\/2022\/03\/EZVIZ-cs-DB2C-H4-100x100.jpg 100w, https:\/\/fptcamera.com.vn\/wp-content\/uploads\/2022\/03\/EZVIZ-cs-DB2C-H4.jpg 800w\" alt=\"\" width=\"280\" height=\"280\" \/><\/p>\n<h3>Th\u1eddi l\u01b0\u1ee3ng Pin dung l\u01b0\u1ee3ng l\u1edbn<\/h3>\n<p>V\u1edbi dung l\u01b0\u1ee3ng Pin Lithium l\u00ean \u0111\u1ebfn 5.200mAh, b\u1ea1n v\u00e0 gia \u0111\u00ecnh ho\u00e0n to\u00e0n c\u00f3 th\u1ec3 y\u00ean t\u00e2m s\u1eed d\u1ee5ng camera l\u00ean \u0111\u1ebfn 1 th\u00e1ng m\u00e0 kh\u00f4ng c\u1ea7n s\u1ea1c l\u1ea1i.<\/p>\n<p>R\u1ea5t ti\u1ec7n d\u1ee5ng, b\u1ea1n c\u00f3 th\u1ec3 c\u1ea7m chi\u1ebfc camera n\u00e0y \u0111i b\u1ea5t k\u1ef3 khu v\u1ef1c n\u00e0o trong nh\u00e0 m\u00e0 kh\u00f4ng b\u1ecb m\u1ea5t k\u1ebft n\u1ed1i.<\/p>\n<h3>T\u1ea7m nh\u00ecn ban \u0111\u00eam tuy\u1ec7t v\u1eddi l\u00ean \u0111\u1ebfn 6m<\/h3>\n<p>B\u1ea1n v\u1eabn c\u00f3 th\u1ec3 quan s\u00e1t con c\u00e1i c\u1ee7a m\u00ecnh khi kh\u00f4ng c\u00f3 m\u1ed9t ch\u00fat \u00e1nh s\u00e1ng n\u00e0o. Ngo\u00e0i ra, khi tr\u1ebb nh\u1ecf c\u1ea7n thi\u1ebft \u0111i\u1ec1u g\u00ec, ch\u1ec9 c\u1ea7n \u1ea5n n\u00fat l\u00e0 c\u00f3 th\u1ec3 g\u1ecdi \u0111i\u1ec7n Video \u0111\u00e0m tho\u1ea1i 2 chi\u1ec1u \u0111\u01b0\u1ee3c v\u1edbi b\u1ea1n.<\/p>\n<table class=\"pro_infobox\">\n<tbody>\n<tr class=\"line\">\n<th class=\"title\" colspan=\"2\" rowspan=\"1\">TH\u00d4NG S\u1ed0 MODEL<\/th>\n<\/tr>\n<tr class=\"lines\">\n<th colspan=\"1\" rowspan=\"1\" width=\"200\">MODEL<\/th>\n<td class=\"tdline3\" colspan=\"1\" rowspan=\"1\">CS-DB2C-A0-1E3WPBR<\/td>\n<\/tr>\n<tr class=\"line\">\n<th class=\"title\" colspan=\"2\" rowspan=\"1\">TH\u00d4NG S\u1ed0 CAMERA<\/th>\n<\/tr>\n<tr class=\"lines\">\n<th colspan=\"1\" rowspan=\"1\" width=\"200\">C\u1ea2M BI\u1ebeN H\u00ccNH \u1ea2NH<\/th>\n<td class=\"tdline3\" colspan=\"1\" rowspan=\"1\">1\/2,7\u2033 Qu\u00e9t l\u0169y ti\u1ebfn CMOS (H\u1ed7 tr\u1ee3 \u0111\u1ed9 nh\u1ea1y s\u00e1ng th\u1ea5p)<\/td>\n<\/tr>\n<tr class=\"lines\">\n<th colspan=\"1\" rowspan=\"1\" width=\"200\">\u1ed0NG K\u00cdNH<\/th>\n<td class=\"tdline3\" colspan=\"1\" rowspan=\"1\">2,2 mm@F2.4, Si\u00eau g\u00f3c quan s\u00e1t d\u1ecdc 160\u00b0<\/td>\n<\/tr>\n<tr class=\"lines\">\n<th colspan=\"1\" rowspan=\"1\" width=\"200\">NG\u00c0Y &amp; \u0110\u00caM<\/th>\n<td class=\"tdline3\" colspan=\"1\" rowspan=\"1\">B\u1ed9 l\u1ecdc h\u1ed3ng ngo\u1ea1i IR t\u1ef1 \u0111\u1ed9ng<\/td>\n<\/tr>\n<tr class=\"lines\">\n<th colspan=\"1\" rowspan=\"1\" width=\"200\">D\u1ea2I TIA H\u1ed2NG NGO\u1ea0I<\/th>\n<td class=\"tdline3\" colspan=\"1\" rowspan=\"1\">T\u1ed1i \u0111a 6 m<\/td>\n<\/tr>\n<tr class=\"line\">\n<th class=\"title\" colspan=\"2\" rowspan=\"1\">TH\u00d4NG S\u1ed0 VIDEO<\/th>\n<\/tr>\n<tr class=\"lines\">\n<th colspan=\"1\" rowspan=\"1\" width=\"200\">\u0110\u1ed8 PH\u00c2N GI\u1ea2I T\u1ed0I \u01afU<\/th>\n<td class=\"tdline3\" colspan=\"1\" rowspan=\"1\">1536 x 1536 FHD<\/td>\n<\/tr>\n<tr class=\"lines\">\n<th colspan=\"1\" rowspan=\"1\" width=\"200\">DNR (GI\u1ea2M NHI\u1ec4U K\u1ef8 THU\u1eacT S\u1ed0)<\/th>\n<td class=\"tdline3\" colspan=\"1\" rowspan=\"1\">2D\/3D DNR<\/td>\n<\/tr>\n<tr class=\"lines\">\n<th colspan=\"1\" rowspan=\"1\" width=\"200\">N\u00c9N VIDEO<\/th>\n<td class=\"tdline3\" colspan=\"1\" rowspan=\"1\">H.265\/H.264<\/td>\n<\/tr>\n<tr class=\"lines\">\n<th colspan=\"1\" rowspan=\"1\" width=\"200\">T\u1ef6 L\u1ec6 KHUNG H\u00ccNH<\/th>\n<td class=\"tdline3\" colspan=\"1\" rowspan=\"1\">T\u1ed1i \u0111a: 15fps; T\u1ef1 \u0111i\u1ec1u ch\u1ec9nh trong qu\u00e1 tr\u00ecnh truy\u1ec1n d\u1eef li\u1ec7u qua m\u1ea1ng<\/td>\n<\/tr>\n<tr class=\"line\">\n<th class=\"title\" colspan=\"2\" rowspan=\"1\">C\u1ea2M BI\u1ebeN H\u1ed2NG NGO\u1ea0I TH\u1ee4 \u0110\u1ed8NG<\/th>\n<\/tr>\n<tr class=\"lines\">\n<th colspan=\"1\" rowspan=\"1\" width=\"200\">G\u00d3C C\u1ea2M BI\u1ebeN<\/th>\n<td class=\"tdline3\" colspan=\"1\" rowspan=\"1\">100\u00b0<\/td>\n<\/tr>\n<tr class=\"lines\">\n<th colspan=\"1\" rowspan=\"1\" width=\"200\">KHO\u1ea2NG C\u00c1CH C\u1ea2M BI\u1ebeN<\/th>\n<td class=\"tdline3\" colspan=\"1\" rowspan=\"1\">T\u1ed1i \u0111a 5 m<\/td>\n<\/tr>\n<tr class=\"lines\">\n<th colspan=\"1\" rowspan=\"1\" width=\"200\">\u0110\u1ed8 NH\u1ea0Y<\/th>\n<td class=\"tdline3\" colspan=\"1\" rowspan=\"1\">Ng\u01b0\u1eddi d\u00f9ng c\u00f3 th\u1ec3 \u0111i\u1ec1u ch\u1ec9nh (\u0110\u1ed9 nh\u1ea1y cao, trung b\u00ecnh v\u00e0 th\u1ea5p)<\/td>\n<\/tr>\n<tr class=\"line\">\n<th class=\"title\" colspan=\"2\" rowspan=\"1\">GIAO DI\u1ec6N<\/th>\n<\/tr>\n<tr class=\"lines\">\n<th colspan=\"1\" rowspan=\"1\" width=\"200\">\u0110\u1ea6U V\u00c0O \u00c2M THANH<\/th>\n<td class=\"tdline3\" colspan=\"1\" rowspan=\"1\">Micr\u00f4 \u0111\u1ed9 nh\u1ea1y cao t\u00edch h\u1ee3p<\/td>\n<\/tr>\n<tr class=\"lines\">\n<th colspan=\"1\" rowspan=\"1\" width=\"200\">C\u1ed4NG RA \u00c2M THANH<\/th>\n<td class=\"tdline3\" colspan=\"1\" rowspan=\"1\">T\u00edch h\u1ee3p loa v\u1edbi c\u00f4ng su\u1ea5t cao<\/td>\n<\/tr>\n<tr class=\"lines\">\n<th colspan=\"1\" rowspan=\"1\" width=\"200\">N\u00daT \u0110\u1eb6T L\u1ea0I<\/th>\n<td class=\"tdline3\" colspan=\"1\" rowspan=\"1\">C\u00f3<\/td>\n<\/tr>\n<tr class=\"line\">\n<th class=\"title\" colspan=\"2\" rowspan=\"1\">TH\u00d4NG S\u1ed0 M\u1ea0NG<\/th>\n<\/tr>\n<tr class=\"lines\">\n<th colspan=\"1\" rowspan=\"1\" width=\"200\">C\u1ea2NH B\u00c1O TH\u00d4NG MINH<\/th>\n<td class=\"tdline3\" colspan=\"1\" rowspan=\"1\">Ph\u00e1t hi\u1ec7n con ng\u01b0\u1eddi b\u1eb1ng c\u1ea3m bi\u1ebfn PIR<\/td>\n<\/tr>\n<\/tbody>\n<\/table>\n","protected":false},"excerpt":{"rendered":"<ul>\n<li>Chuy\u00ean d\u1ee5ng cho tr\u1ebb nh\u1ecf \u2013 ng\u01b0\u1eddi gi\u00e0<\/li>\n<li>\u00c2m thanh \u0111\u00e0m tho\u1ea1i 2 chi\u1ec1u<\/li>\n<li>G\u1ecdi \u0111i\u1ec7n tr\u1ef1c ti\u1ebfp t\u1eeb Camera v\u00e0 t\u1eeb \u1ee9ng d\u1ee5ng<\/li>\n<li>H\u00ecnh \u1ea3nh FHD 1080P<\/li>\n<li>L\u01b0u l\u1ea1i l\u1ecbch s\u1eed video, cu\u1ed9c g\u1ecdi<\/li>\n<li>K\u1ebft n\u1ed1i Wifi kh\u00f4ng d\u00e2y t\u1eeb xa<\/li>\n<li>Pin s\u1eed d\u1ee5ng t\u1ed1i thi\u1ec3u 1 th\u00e1ng<\/li>\n<\/ul>\n","protected":false},"featured_media":75,"comment_status":"closed","ping_status":"closed","template":"","meta":[],"product_cat":[34,35,25,26,27,36,37,38,39,40,41,42,28,43,29,30,31,17,44,32,33,18,19,20,21,22,23,24],"product_tag":[],"class_list":["post-74","product","type-product","status-publish","has-post-thumbnail","hentry","product_cat-bo-kit-camera","product_cat-camera-analog","product_cat-camera-giam-sat","product_cat-camera-ip","product_cat-camera-wifi-khong-day","product_cat-chan-de-camera","product_cat-dahua","product_cat-day-cap-dong-truc-cho-camera","product_cat-dau-ghi-16-kenh","product_cat-dau-ghi-32-kenh","product_cat-dau-ghi-4-kenh","product_cat-dau-ghi-8-kenh","product_cat-dau-ghi-hinh","product_cat-ezviz","product_cat-hang-san-xuat","product_cat-hikvision","product_cat-imou","product_cat-khuyen-mai-hot","product_cat-nguon-camera","product_cat-phu-kien-camera-an-ninh","product_cat-the-nho-luu-tru","product_cat-thiet-bi-bao-dong-bao-chay","product_cat-thiet-bi-camera-an-ninh","product_cat-thiet-bi-dien-thong-minh","product_cat-thiet-bi-kiem-soat-cua","product_cat-thiet-bi-so-cong-nghe","product_cat-thiet-bi-van-phong-gia-dinh","product_cat-thiet-bi-vien-thong"],"yoast_head":"<!-- This site is optimized with the Yoast SEO plugin v18.3 - https:\/\/yoast.com\/wordpress\/plugins\/seo\/ -->\n<title>Camera chuy\u00ean d\u1ee5ng cho ng\u01b0\u1eddi Gi\u00e0 \u2013 Tr\u1ebb nh\u1ecf EZDoorBell - Ho\u00e0 B\u00ecnh Web<\/title>\n<meta name=\"robots\" content=\"noindex, follow, max-snippet:-1, max-image-preview:large, max-video-preview:-1\" \/>\n<meta property=\"og:locale\" content=\"vi_VN\" \/>\n<meta property=\"og:type\" content=\"article\" \/>\n<meta property=\"og:title\" content=\"Camera chuy\u00ean d\u1ee5ng cho ng\u01b0\u1eddi Gi\u00e0 \u2013 Tr\u1ebb nh\u1ecf EZDoorBell - Ho\u00e0 B\u00ecnh Web\" \/>\n<meta property=\"og:description\" content=\"Chuy\u00ean d\u1ee5ng cho tr\u1ebb nh\u1ecf \u2013 ng\u01b0\u1eddi gi\u00e0  \u00c2m thanh \u0111\u00e0m tho\u1ea1i 2 chi\u1ec1u  G\u1ecdi \u0111i\u1ec7n tr\u1ef1c ti\u1ebfp t\u1eeb Camera v\u00e0 t\u1eeb \u1ee9ng d\u1ee5ng  H\u00ecnh \u1ea3nh FHD 1080P  L\u01b0u l\u1ea1i l\u1ecbch s\u1eed video, cu\u1ed9c g\u1ecdi  K\u1ebft n\u1ed1i Wifi kh\u00f4ng d\u00e2y t\u1eeb xa  Pin s\u1eed d\u1ee5ng t\u1ed1i thi\u1ec3u 1 th\u00e1ng\" \/>\n<meta property=\"og:url\" content=\"http:\/\/mau.hoabinhweb.com\/camera1\/san-pham\/camera-chuyen-dung-cho-nguoi-gia-tre-nho-ezdoorbell\/\" \/>\n<meta property=\"og:site_name\" content=\"Ho\u00e0 B\u00ecnh Web\" \/>\n<meta property=\"og:image\" content=\"http:\/\/mau.hoabinhweb.com\/camera1\/wp-content\/uploads\/2022\/03\/sanpham1.jpg\" \/>\n\t<meta property=\"og:image:width\" content=\"800\" \/>\n\t<meta property=\"og:image:height\" content=\"800\" \/>\n\t<meta property=\"og:image:type\" content=\"image\/jpeg\" \/>\n<meta name=\"twitter:card\" content=\"summary_large_image\" \/>\n<meta name=\"twitter:label1\" content=\"\u01af\u1edbc t\u00ednh th\u1eddi gian \u0111\u1ecdc\" \/>\n\t<meta name=\"twitter:data1\" content=\"3 ph\u00fat\" \/>\n<script type=\"application\/ld+json\" class=\"yoast-schema-graph\">{\"@context\":\"https:\/\/schema.org\",\"@graph\":[{\"@type\":\"WebSite\",\"@id\":\"http:\/\/mau.hoabinhweb.com\/camera1\/#website\",\"url\":\"http:\/\/mau.hoabinhweb.com\/camera1\/\",\"name\":\"Ho\u00e0 B\u00ecnh Web\",\"description\":\"\",\"potentialAction\":[{\"@type\":\"SearchAction\",\"target\":{\"@type\":\"EntryPoint\",\"urlTemplate\":\"http:\/\/mau.hoabinhweb.com\/camera1\/?s={search_term_string}\"},\"query-input\":\"required name=search_term_string\"}],\"inLanguage\":\"vi\"},{\"@type\":\"ImageObject\",\"@id\":\"http:\/\/mau.hoabinhweb.com\/camera1\/san-pham\/camera-chuyen-dung-cho-nguoi-gia-tre-nho-ezdoorbell\/#primaryimage\",\"inLanguage\":\"vi\",\"url\":\"http:\/\/mau.hoabinhweb.com\/camera1\/wp-content\/uploads\/2022\/03\/sanpham1.jpg\",\"contentUrl\":\"http:\/\/mau.hoabinhweb.com\/camera1\/wp-content\/uploads\/2022\/03\/sanpham1.jpg\",\"width\":800,\"height\":800,\"caption\":\"Sanpham1\"},{\"@type\":\"WebPage\",\"@id\":\"http:\/\/mau.hoabinhweb.com\/camera1\/san-pham\/camera-chuyen-dung-cho-nguoi-gia-tre-nho-ezdoorbell\/#webpage\",\"url\":\"http:\/\/mau.hoabinhweb.com\/camera1\/san-pham\/camera-chuyen-dung-cho-nguoi-gia-tre-nho-ezdoorbell\/\",\"name\":\"Camera chuy\u00ean d\u1ee5ng cho ng\u01b0\u1eddi Gi\u00e0 \u2013 Tr\u1ebb nh\u1ecf EZDoorBell - Ho\u00e0 B\u00ecnh Web\",\"isPartOf\":{\"@id\":\"http:\/\/mau.hoabinhweb.com\/camera1\/#website\"},\"primaryImageOfPage\":{\"@id\":\"http:\/\/mau.hoabinhweb.com\/camera1\/san-pham\/camera-chuyen-dung-cho-nguoi-gia-tre-nho-ezdoorbell\/#primaryimage\"},\"datePublished\":\"2022-03-24T07:24:56+00:00\",\"dateModified\":\"2022-03-24T07:24:56+00:00\",\"breadcrumb\":{\"@id\":\"http:\/\/mau.hoabinhweb.com\/camera1\/san-pham\/camera-chuyen-dung-cho-nguoi-gia-tre-nho-ezdoorbell\/#breadcrumb\"},\"inLanguage\":\"vi\",\"potentialAction\":[{\"@type\":\"ReadAction\",\"target\":[\"http:\/\/mau.hoabinhweb.com\/camera1\/san-pham\/camera-chuyen-dung-cho-nguoi-gia-tre-nho-ezdoorbell\/\"]}]},{\"@type\":\"BreadcrumbList\",\"@id\":\"http:\/\/mau.hoabinhweb.com\/camera1\/san-pham\/camera-chuyen-dung-cho-nguoi-gia-tre-nho-ezdoorbell\/#breadcrumb\",\"itemListElement\":[{\"@type\":\"ListItem\",\"position\":1,\"name\":\"Trang ch\u1ee7\",\"item\":\"http:\/\/mau.hoabinhweb.com\/camera1\/\"},{\"@type\":\"ListItem\",\"position\":2,\"name\":\"S\u1ea3n ph\u1ea9m\",\"item\":\"http:\/\/mau.hoabinhweb.com\/camera1\/san-pham\/\"},{\"@type\":\"ListItem\",\"position\":3,\"name\":\"Tin t\u1ee9c\",\"item\":\"http:\/\/mau.hoabinhweb.com\/camera1\/tin-tuc\/\"},{\"@type\":\"ListItem\",\"position\":4,\"name\":\"Camera chuy\u00ean d\u1ee5ng cho ng\u01b0\u1eddi Gi\u00e0 \u2013 Tr\u1ebb nh\u1ecf EZDoorBell\"}]}]}<\/script>\n<!-- \/ Yoast SEO plugin. -->","yoast_head_json":{"title":"Camera chuy\u00ean d\u1ee5ng cho ng\u01b0\u1eddi Gi\u00e0 \u2013 Tr\u1ebb nh\u1ecf EZDoorBell - Ho\u00e0 B\u00ecnh Web","robots":{"index":"noindex","follow":"follow","max-snippet":"max-snippet:-1","max-image-preview":"max-image-preview:large","max-video-preview":"max-video-preview:-1"},"og_locale":"vi_VN","og_type":"article","og_title":"Camera chuy\u00ean d\u1ee5ng cho ng\u01b0\u1eddi Gi\u00e0 \u2013 Tr\u1ebb nh\u1ecf EZDoorBell - Ho\u00e0 B\u00ecnh Web","og_description":"Chuy\u00ean d\u1ee5ng cho tr\u1ebb nh\u1ecf \u2013 ng\u01b0\u1eddi gi\u00e0  \u00c2m thanh \u0111\u00e0m tho\u1ea1i 2 chi\u1ec1u  G\u1ecdi \u0111i\u1ec7n tr\u1ef1c ti\u1ebfp t\u1eeb Camera v\u00e0 t\u1eeb \u1ee9ng d\u1ee5ng  H\u00ecnh \u1ea3nh FHD 1080P  L\u01b0u l\u1ea1i l\u1ecbch s\u1eed video, cu\u1ed9c g\u1ecdi  K\u1ebft n\u1ed1i Wifi kh\u00f4ng d\u00e2y t\u1eeb xa  Pin s\u1eed d\u1ee5ng t\u1ed1i thi\u1ec3u 1 th\u00e1ng","og_url":"http:\/\/mau.hoabinhweb.com\/camera1\/san-pham\/camera-chuyen-dung-cho-nguoi-gia-tre-nho-ezdoorbell\/","og_site_name":"Ho\u00e0 B\u00ecnh Web","og_image":[{"width":800,"height":800,"url":"http:\/\/mau.hoabinhweb.com\/camera1\/wp-content\/uploads\/2022\/03\/sanpham1.jpg","type":"image\/jpeg"}],"twitter_card":"summary_large_image","twitter_misc":{"\u01af\u1edbc t\u00ednh th\u1eddi gian \u0111\u1ecdc":"3 ph\u00fat"},"schema":{"@context":"https:\/\/schema.org","@graph":[{"@type":"WebSite","@id":"http:\/\/mau.hoabinhweb.com\/camera1\/#website","url":"http:\/\/mau.hoabinhweb.com\/camera1\/","name":"Ho\u00e0 B\u00ecnh Web","description":"","potentialAction":[{"@type":"SearchAction","target":{"@type":"EntryPoint","urlTemplate":"http:\/\/mau.hoabinhweb.com\/camera1\/?s={search_term_string}"},"query-input":"required name=search_term_string"}],"inLanguage":"vi"},{"@type":"ImageObject","@id":"http:\/\/mau.hoabinhweb.com\/camera1\/san-pham\/camera-chuyen-dung-cho-nguoi-gia-tre-nho-ezdoorbell\/#primaryimage","inLanguage":"vi","url":"http:\/\/mau.hoabinhweb.com\/camera1\/wp-content\/uploads\/2022\/03\/sanpham1.jpg","contentUrl":"http:\/\/mau.hoabinhweb.com\/camera1\/wp-content\/uploads\/2022\/03\/sanpham1.jpg","width":800,"height":800,"caption":"Sanpham1"},{"@type":"WebPage","@id":"http:\/\/mau.hoabinhweb.com\/camera1\/san-pham\/camera-chuyen-dung-cho-nguoi-gia-tre-nho-ezdoorbell\/#webpage","url":"http:\/\/mau.hoabinhweb.com\/camera1\/san-pham\/camera-chuyen-dung-cho-nguoi-gia-tre-nho-ezdoorbell\/","name":"Camera chuy\u00ean d\u1ee5ng cho ng\u01b0\u1eddi Gi\u00e0 \u2013 Tr\u1ebb nh\u1ecf EZDoorBell - Ho\u00e0 B\u00ecnh Web","isPartOf":{"@id":"http:\/\/mau.hoabinhweb.com\/camera1\/#website"},"primaryImageOfPage":{"@id":"http:\/\/mau.hoabinhweb.com\/camera1\/san-pham\/camera-chuyen-dung-cho-nguoi-gia-tre-nho-ezdoorbell\/#primaryimage"},"datePublished":"2022-03-24T07:24:56+00:00","dateModified":"2022-03-24T07:24:56+00:00","breadcrumb":{"@id":"http:\/\/mau.hoabinhweb.com\/camera1\/san-pham\/camera-chuyen-dung-cho-nguoi-gia-tre-nho-ezdoorbell\/#breadcrumb"},"inLanguage":"vi","potentialAction":[{"@type":"ReadAction","target":["http:\/\/mau.hoabinhweb.com\/camera1\/san-pham\/camera-chuyen-dung-cho-nguoi-gia-tre-nho-ezdoorbell\/"]}]},{"@type":"BreadcrumbList","@id":"http:\/\/mau.hoabinhweb.com\/camera1\/san-pham\/camera-chuyen-dung-cho-nguoi-gia-tre-nho-ezdoorbell\/#breadcrumb","itemListElement":[{"@type":"ListItem","position":1,"name":"Trang ch\u1ee7","item":"http:\/\/mau.hoabinhweb.com\/camera1\/"},{"@type":"ListItem","position":2,"name":"S\u1ea3n ph\u1ea9m","item":"http:\/\/mau.hoabinhweb.com\/camera1\/san-pham\/"},{"@type":"ListItem","position":3,"name":"Tin t\u1ee9c","item":"http:\/\/mau.hoabinhweb.com\/camera1\/tin-tuc\/"},{"@type":"ListItem","position":4,"name":"Camera chuy\u00ean d\u1ee5ng cho ng\u01b0\u1eddi Gi\u00e0 \u2013 Tr\u1ebb nh\u1ecf EZDoorBell"}]}]}},"_links":{"self":[{"href":"http:\/\/mau.hoabinhweb.com\/camera1\/wp-json\/wp\/v2\/product\/74","targetHints":{"allow":["GET"]}}],"collection":[{"href":"http:\/\/mau.hoabinhweb.com\/camera1\/wp-json\/wp\/v2\/product"}],"about":[{"href":"http:\/\/mau.hoabinhweb.com\/camera1\/wp-json\/wp\/v2\/types\/product"}],"replies":[{"embeddable":true,"href":"http:\/\/mau.hoabinhweb.com\/camera1\/wp-json\/wp\/v2\/comments?post=74"}],"wp:featuredmedia":[{"embeddable":true,"href":"http:\/\/mau.hoabinhweb.com\/camera1\/wp-json\/wp\/v2\/media\/75"}],"wp:attachment":[{"href":"http:\/\/mau.hoabinhweb.com\/camera1\/wp-json\/wp\/v2\/media?parent=74"}],"wp:term":[{"taxonomy":"product_cat","embeddable":true,"href":"http:\/\/mau.hoabinhweb.com\/camera1\/wp-json\/wp\/v2\/product_cat?post=74"},{"taxonomy":"product_tag","embeddable":true,"href":"http:\/\/mau.hoabinhweb.com\/camera1\/wp-json\/wp\/v2\/product_tag?post=74"}],"curies":[{"name":"wp","href":"https:\/\/api.w.org\/{rel}","templated":true}]}}