{"id":239,"date":"2019-03-06T07:03:48","date_gmt":"2019-03-06T07:03:48","guid":{"rendered":"http:\/\/mau.hoabinhweb.com\/batdongsan2\/?post_type=product&#038;p=239"},"modified":"2021-03-29T08:07:30","modified_gmt":"2021-03-29T01:07:30","slug":"ban-can-ho-chung-cu-tai-duong-le-duc-tho-cau-giay-ha-noi","status":"publish","type":"product","link":"http:\/\/mau.hoabinhweb.com\/batdongsan2\/du-an\/ban-can-ho-chung-cu-tai-duong-le-duc-tho-cau-giay-ha-noi\/","title":{"rendered":"B\u00e1n c\u0103n h\u1ed9 chung c\u01b0 t\u1ea1i \u0110\u01b0\u1eddng L\u00ea \u0110\u1ee9c Th\u1ecd, C\u1ea7u Gi\u1ea5y, H\u00e0 N\u1ed9i"},"content":{"rendered":"<p style=\"text-align: justify;\">Hi\u1ec7n t\u1ea1i b\u00ean em \u0111ang c\u1ea7n b\u00e1n m\u1ed9t s\u1ed1 c\u0103n h\u1ed9 Sarica thu\u1ed9c khu \u0111\u00f4 th\u1ecb Sala \u0110\u1ea1i Quang Minh c\u00f3 th\u00f4ng tin nh\u01b0 sau :<\/p>\n<p>*** View L\u00e2m Vi\u00ean Sinh Th\u00e1i : Di\u1ec7n t\u00edch 139m2, l\u1ea7u cao. Gi\u00e1 b\u00e1n 12 t\u1ef7.<br \/>\n*** View h\u1ed3 b\u01a1i : Di\u1ec7n t\u00edch 143m2, view h\u1ed3 b\u01a1i c\u1ef1c \u0111\u1eb9p. Gi\u00e1 b\u00e1n 9.5 t\u1ef7<br \/>\n*** View Qu\u1eadn 1 : Di\u1ec7n t\u00edch 139m2 Gi\u00e1 b\u00e1n 10.7 t\u1ef7<br \/>\nDi\u1ec7n t\u00edch 160m2 gi\u00e1 b\u00e1n 12.8 t\u1ef7.<br \/>\nL\u01b0u \u00fd : T\u1ea5t c\u1ea3 c\u00e1c s\u1ea3n ph\u1ea9m em ch\u00e0o b\u00e1n hi\u1ec7n t\u1ea1i \u0111ang hi\u1ec7n h\u1eefu tr\u00ean th\u1ecb tr\u01b0\u1eddng chuy\u1ec3n nh\u01b0\u1ee3ng, v\u00e0 gi\u00e1 em ch\u00e0o b\u00e1n h\u1ea7u nh\u01b0 l\u00e0 gi\u00e1 ch\u1ed1t ( c\u00f3 th\u1ec3 b\u1edbt l\u1ea5y l\u1ed9c m\u1ed9t ch\u00fat ).<\/p>\n<p>Ngo\u00e0i ra, c\u00f2n nhi\u1ec1u s\u1ea3n ph\u1ea9m \u0111ang b\u00e1n ph\u00f9 h\u1ee3p v\u1edbi nhu c\u1ea7u c\u1ee7a qu\u00fd kh\u00e1ch h\u00e0ng .View \u0111a d\u1ea1ng, l\u1ea7u phong ph\u00fa. Ph\u00f9 h\u1ee3p v\u1edbi b\u1ea1n<\/p>\n","protected":false},"excerpt":{"rendered":"<p>Hi\u1ec7n t\u1ea1i b\u00ean em \u0111ang c\u1ea7n b\u00e1n m\u1ed9t s\u1ed1 c\u0103n h\u1ed9 Sarica thu\u1ed9c khu \u0111\u00f4 th\u1ecb Sala \u0110\u1ea1i Quang Minh c\u00f3 th\u00f4ng tin nh\u01b0 sau : *** View L\u00e2m Vi\u00ean Sinh Th\u00e1i : Di\u1ec7n t\u00edch 139m2, l\u1ea7u cao. Gi\u00e1 b\u00e1n 12 t\u1ef7. *** View h\u1ed3 b\u01a1i : Di\u1ec7n t\u00edch 143m2, view h\u1ed3 b\u01a1i c\u1ef1c \u0111\u1eb9p.<\/p>\n","protected":false},"featured_media":42,"template":"","meta":[],"_links":{"self":[{"href":"http:\/\/mau.hoabinhweb.com\/batdongsan2\/wp-json\/wp\/v2\/product\/239"}],"collection":[{"href":"http:\/\/mau.hoabinhweb.com\/batdongsan2\/wp-json\/wp\/v2\/product"}],"about":[{"href":"http:\/\/mau.hoabinhweb.com\/batdongsan2\/wp-json\/wp\/v2\/types\/product"}],"wp:featuredmedia":[{"embeddable":true,"href":"http:\/\/mau.hoabinhweb.com\/batdongsan2\/wp-json\/wp\/v2\/media\/42"}],"wp:attachment":[{"href":"http:\/\/mau.hoabinhweb.com\/batdongsan2\/wp-json\/wp\/v2\/media?parent=239"}],"curies":[{"name":"wp","href":"https:\/\/api.w.org\/{rel}","templated":true}]}}