{"id":238,"date":"2019-03-06T07:00:33","date_gmt":"2019-03-06T07:00:33","guid":{"rendered":"http:\/\/mau.hoabinhweb.com\/batdongsan2\/?post_type=product&#038;p=238"},"modified":"2021-03-29T08:08:11","modified_gmt":"2021-03-29T01:08:11","slug":"ban-can-ho-chung-cu-tai-du-an-cityland-park-hills-thanh-xuan-dien-tich-83m2","status":"publish","type":"product","link":"http:\/\/mau.hoabinhweb.com\/batdongsan2\/du-an\/ban-can-ho-chung-cu-tai-du-an-cityland-park-hills-thanh-xuan-dien-tich-83m2\/","title":{"rendered":"B\u00e1n c\u0103n h\u1ed9 chung c\u01b0 t\u1ea1i d\u1ef1 \u00e1n Cityland Park Hills, Thanh Xu\u00e2n, di\u1ec7n t\u00edch 83m2"},"content":{"rendered":"<p style=\"text-align: justify;\">C\u0103n h\u1ed9 Cityland Park Hills \u0111\u01b0\u1ee3c x\u00e2y d\u1ef1ng theo m\u00f4 h\u00ecnh th\u00e0nh ph\u1ed1 xanh thu nh\u1ecf, c\u0103n h\u1ed9 Park Hills mang \u0111\u1ebfn m\u1ed9t chu\u1ea9n m\u1ef1c kh\u00e1c bi\u1ec7t v\u1ec1 phong c\u00e1ch s\u1ed1ng.<br \/>\nC\u0103n h\u1ed9 Cityland Park Hills 2PN, 3PN, gi\u00e1 2.3\u00a0t\u1ef7 \u0111\u1ebfn 3.5t\u1ef7, DT: 73m2 \u0111\u1ebfn 126m2.<\/p>\n<p>Gi\u00e1 b\u00e1n: 2.2t\u1ef7\/c\u0103n (\u0111\u00e3 c\u00f3 VAT).<br \/>\nNg\u00e2n h\u00e0ng Vietinbank h\u1ed7 tr\u1ee3 vay 70% kh\u00f4ng c\u1ea7n t\u00e0i s\u1ea3n th\u1ebf ch\u1ea5p.<\/p>\n<p>C\u0103n h\u1ed9 Park Hills s\u1edf h\u1eefu 2 m\u1eb7t ti\u1ec1n, tr\u1ea3i d\u00e0i ti\u1ebfp gi\u00e1p v\u1edbi c\u00e1c m\u1eb7t ph\u1ed1 l\u1edbn g\u1ed3m Phan V\u0103n Tr\u1ecb, Nguy\u1ec5n V\u0103n L\u01b0\u1ee3ng.<br \/>\nT\u1eeb c\u0103n h\u1ed9 c\u1ee7a m\u00ecnh:<br \/>\n&#8211; M\u1ea5t 5 ph\u00fat t\u1edbi Vincom Plaza, Lotte Mart, Coop Mart.<br \/>\n&#8211; Kho\u1ea3ng 10 ph\u00fat t\u1edbi Big C, E- Mart, c\u0169ng nh\u01b0 ch\u01b0a \u0111\u1ea7y 15 ph\u00fat \u0111\u1ec3 \u0111\u1ebfn s\u00e2n bay qu\u1ed1c t\u1ebf T\u00e2n S\u01a1n Nh\u1ea5t.<\/p>\n","protected":false},"excerpt":{"rendered":"<p>C\u0103n h\u1ed9 Cityland Park Hills \u0111\u01b0\u1ee3c x\u00e2y d\u1ef1ng theo m\u00f4 h\u00ecnh th\u00e0nh ph\u1ed1 xanh thu nh\u1ecf, c\u0103n h\u1ed9 Park Hills mang \u0111\u1ebfn m\u1ed9t chu\u1ea9n m\u1ef1c kh\u00e1c bi\u1ec7t v\u1ec1 phong c\u00e1ch s\u1ed1ng. C\u0103n h\u1ed9 Cityland Park Hills 2PN, 3PN, gi\u00e1 2.3\u00a0t\u1ef7 \u0111\u1ebfn 3.5t\u1ef7, DT: 73m2 \u0111\u1ebfn 126m2. Gi\u00e1 b\u00e1n: 2.2t\u1ef7\/c\u0103n (\u0111\u00e3 c\u00f3 VAT). Ng\u00e2n h\u00e0ng Vietinbank<\/p>\n","protected":false},"featured_media":41,"template":"","meta":[],"_links":{"self":[{"href":"http:\/\/mau.hoabinhweb.com\/batdongsan2\/wp-json\/wp\/v2\/product\/238"}],"collection":[{"href":"http:\/\/mau.hoabinhweb.com\/batdongsan2\/wp-json\/wp\/v2\/product"}],"about":[{"href":"http:\/\/mau.hoabinhweb.com\/batdongsan2\/wp-json\/wp\/v2\/types\/product"}],"wp:featuredmedia":[{"embeddable":true,"href":"http:\/\/mau.hoabinhweb.com\/batdongsan2\/wp-json\/wp\/v2\/media\/41"}],"wp:attachment":[{"href":"http:\/\/mau.hoabinhweb.com\/batdongsan2\/wp-json\/wp\/v2\/media?parent=238"}],"curies":[{"name":"wp","href":"https:\/\/api.w.org\/{rel}","templated":true}]}}