{"id":237,"date":"2019-03-06T06:54:10","date_gmt":"2019-03-06T06:54:10","guid":{"rendered":"http:\/\/mau.hoabinhweb.com\/batdongsan2\/?post_type=product&#038;p=237"},"modified":"2021-03-29T08:17:21","modified_gmt":"2021-03-29T01:17:21","slug":"can-ho-pegasuite-2-mat-tien-ta-quang-buu-trung-tam-quan-8-chi-voi-600-trieu","status":"publish","type":"product","link":"http:\/\/mau.hoabinhweb.com\/batdongsan2\/du-an\/can-ho-pegasuite-2-mat-tien-ta-quang-buu-trung-tam-quan-8-chi-voi-600-trieu\/","title":{"rendered":"C\u0103n h\u1ed9 Pegasuite 2 &#8211; M\u1eb7t ti\u1ec1n T\u1ea1 Quang B\u1eedu &#8211; Qu\u1eadn Hai B\u00e0 Tr\u01b0ng ch\u1ec9 v\u1edbi 600 tri\u1ec7u"},"content":{"rendered":"<p style=\"text-align: justify;\">D\u1ef1 \u00e1n c\u0103n h\u1ed9 cao c\u1ea5p The Pegasuite 2 n\u1eb1m ngay m\u1eb7t ti\u1ec1n T\u1ea1 Quang B\u1eedu trung t\u00e2m Qu\u1eadn 8, k\u1ebft n\u1ed1i thu\u1eadn ti\u1ec7n nhanh ch\u00f3ng v\u1edbi c\u00e1c qu\u1eadn trung t\u00e2m 1-5-6-7.<br \/>\nM\u1eadt \u0111\u1ed9 c\u01b0 d\u00e2n c\u1ef1c k\u1ef3 th\u00f4ng tho\u00e1ng l\u00e0 ti\u00eau ch\u00ed h\u00e0ng \u0111\u1ea7u c\u1ee7a d\u1ef1 \u00e1n: T\u00f2a nh\u00e0 cao 28 t\u1ea7ng v\u00e0 ch\u1ec9 v\u1edbi 361 c\u0103n h\u1ed9 gi\u00fap cho d\u00e2n c\u01b0 ti\u1ec7n l\u1ee3i trong vi\u1ec7c s\u1eed d\u1ee5ng c\u00e1c ti\u1ec7n \u00edch c\u00f4ng c\u1ed9ng: Thang m\u00e1y, h\u1ea7m xe, h\u1ed3 b\u01a1i, v\u01b0\u1eddn BBQ, \u2026.<\/p>\n<p>Ch\u1ee7 \u0111\u1ea7u t\u01b0 uy t\u00edn: C\u00f4ng Ty C\u1ed5 Ph\u1ea7n \u0110\u1ea7u T\u01b0 Ph\u01b0\u01a1ng Vi\u1ec7t.<br \/>\n\u0110\u01a1n v\u1ecb x\u00e2y d\u1ef1ng: C\u00f4ng ty Coteccons (s\u1ed1 1 Vi\u1ec7t Nam v\u1ec1 uy t\u00edn, ch\u1ea5t l\u01b0\u1ee3ng, ti\u1ebfn \u0111\u1ed9).<br \/>\n\u0110\u01a1n v\u1ecb gi\u00e1m s\u00e1t: Prima.<br \/>\n\u0110\u01a1n v\u1ecb thi\u1ebft k\u1ebf: Korn Architects (\u0110\u01a1n v\u1ecb thi\u1ebft k\u1ebf h\u00e0ng \u0111\u1ea7u c\u1ee7a \u0110\u1ee9c).<br \/>\nNg\u00e2n h\u00e0ng b\u1ea3o l\u00e3nh: VPBank v\u00e0 PVcombank; H\u1ed7 tr\u1ee3 cho vay t\u1edbi 70% gi\u00e1 tr\u1ecb c\u0103n h\u1ed9 trong 20 n\u0103m.<br \/>\nPh\u01b0\u01a1ng th\u1ee9c thanh to\u00e1n linh ho\u1ea1t ch\u1ec9 1%\/th\u00e1ng kh\u00f4ng l\u00e3i su\u1ea5t.<br \/>\nK\u00ed h\u1ee3p \u0111\u1ed3ng ngay khi thanh to\u00e1n 10% gi\u00e1 tr\u1ecb c\u0103n h\u1ed9.<br \/>\nH\u00ecnh th\u1ee9c s\u1edf h\u1eefu: S\u1ed5 h\u1ed3ng v\u0129nh vi\u1ec5n.<\/p>\n<p>Quy m\u00f4:<br \/>\nC\u0103n h\u1ed9 v\u0103n ph\u00f2ng: 26m2 &#8211; 48 m2 (600tr &#8211; 850 tri\u1ec7u).<br \/>\nC\u0103n h\u1ed9 cao c\u1ea5p: 52m2 &#8211; 63 m2 (1 t\u1ef7 390 tr &#8211; 1 t\u1ef7 690 tr).<br \/>\nC\u0103n h\u1ed9 c\u00f3 t\u1ea7ng l\u1eedng: 85m2 &#8211; 98 m2 (2 t\u1ef7 320 tr \u2013 2 t\u1ef7 670tr).<\/p>\n<p>Ti\u1ec7n \u00edch n\u1ed9i khu: Hai t\u1ea7ng trung t\u00e2m th\u01b0\u01a1ng m\u1ea1i v\u1edbi spa, gym, coffee shop, khu mua s\u1eafm, s\u00e2n golf, nh\u00e0 tr\u1ebb, c\u00f4ng vi\u00ean v\u01b0\u1eddn treo, h\u1ed3 b\u01a1i tr\u00e0n b\u1edd\u2026.<\/p>\n<p>\u0110\u1eb7c bi\u1ec7t:<br \/>\nT\u1eb7ng g\u00f3i n\u1ed9i th\u1ea5t cao c\u1ea5p khi nh\u1eadn nh\u00e0.<br \/>\nChi\u1ebft kh\u1ea5u t\u1edbi 7% cho 200 kh\u00e1ch h\u00e0ng k\u00fd h\u1ee3p \u0111\u1ed3ng s\u1edbm nh\u1ea5t.<\/p>\n","protected":false},"excerpt":{"rendered":"<p>D\u1ef1 \u00e1n c\u0103n h\u1ed9 cao c\u1ea5p The Pegasuite 2 n\u1eb1m ngay m\u1eb7t ti\u1ec1n T\u1ea1 Quang B\u1eedu trung t\u00e2m Qu\u1eadn 8, k\u1ebft n\u1ed1i thu\u1eadn ti\u1ec7n nhanh ch\u00f3ng v\u1edbi c\u00e1c qu\u1eadn trung t\u00e2m 1-5-6-7. M\u1eadt \u0111\u1ed9 c\u01b0 d\u00e2n c\u1ef1c k\u1ef3 th\u00f4ng tho\u00e1ng l\u00e0 ti\u00eau ch\u00ed h\u00e0ng \u0111\u1ea7u c\u1ee7a d\u1ef1 \u00e1n: T\u00f2a nh\u00e0 cao 28 t\u1ea7ng v\u00e0 ch\u1ec9<\/p>\n","protected":false},"featured_media":39,"template":"","meta":[],"_links":{"self":[{"href":"http:\/\/mau.hoabinhweb.com\/batdongsan2\/wp-json\/wp\/v2\/product\/237"}],"collection":[{"href":"http:\/\/mau.hoabinhweb.com\/batdongsan2\/wp-json\/wp\/v2\/product"}],"about":[{"href":"http:\/\/mau.hoabinhweb.com\/batdongsan2\/wp-json\/wp\/v2\/types\/product"}],"wp:featuredmedia":[{"embeddable":true,"href":"http:\/\/mau.hoabinhweb.com\/batdongsan2\/wp-json\/wp\/v2\/media\/39"}],"wp:attachment":[{"href":"http:\/\/mau.hoabinhweb.com\/batdongsan2\/wp-json\/wp\/v2\/media?parent=237"}],"curies":[{"name":"wp","href":"https:\/\/api.w.org\/{rel}","templated":true}]}}