{"id":236,"date":"2019-03-06T06:57:48","date_gmt":"2019-03-06T06:57:48","guid":{"rendered":"http:\/\/mau.hoabinhweb.com\/batdongsan2\/?post_type=product&#038;p=236"},"modified":"2021-03-29T08:08:39","modified_gmt":"2021-03-29T01:08:39","slug":"ban-ch-sky-center-bang-gia-hd-duoc-ck-10-noi-that-cao-cap-thang-12-nhan-nha","status":"publish","type":"product","link":"http:\/\/mau.hoabinhweb.com\/batdongsan2\/du-an\/ban-ch-sky-center-bang-gia-hd-duoc-ck-10-noi-that-cao-cap-thang-12-nhan-nha\/","title":{"rendered":"B\u00e1n CH Sky Center b\u1eb1ng gi\u00e1 H\u0110 \u0111\u01b0\u1ee3c CK 10%, n\u1ed9i th\u1ea5t cao c\u1ea5p, th\u00e1ng 12 nh\u1eadn nh\u00e0"},"content":{"rendered":"<p style=\"text-align: justify;\">Th\u00f4ng tin m\u00f4 t\u1ea3. * Th\u00f4ng tin m\u00f4 t\u1ea3: * B\u00e1n c\u0103n h\u1ed9 s\u00e2n bay Qu\u1eadn T\u00e2n B\u00ecnh, n\u1eb1m ngay s\u00e1t b\u00ean s\u00e2n bay T\u00e2n S\u01a1n Nh\u1ea5t.<\/p>\n<p style=\"text-align: justify;\">Kh\u00f4ng n\u1eb1m ngay \u0111\u01b0\u1eddng bay n\u00ean c\u1ef1c k\u1ef3 y\u00ean t\u0129nh.<\/p>\n<p style=\"text-align: justify;\">&#8211; Di\u1ec7n t\u00edch t\u1ed5ng th\u1ec3: 129m2, 139.2m2, 3 ph\u00f2ng ng\u1ee7, 3 WC.<\/p>\n<p style=\"text-align: justify;\">&#8211; Khu c\u0103n h\u1ed9 c\u00f3 nhi\u1ec1u ti\u1ec7n \u00edch xung quanh nh\u01b0: H\u1ed3 b\u01a1i, gym, cafe, nh\u00e0 s\u00e1ch.<\/p>\n<p style=\"text-align: justify;\">&#8211; M\u1eaft th\u1ea7n nh\u1eadn d\u1ea1ng khu\u00f4n m\u1eb7t c\u01b0 d\u00e2n c\u0103n h\u1ed9. An ninh ch\u1eb7t ch\u1ebd 24\/24. Thi\u1ebft b\u1ecb v\u1ec7 sinh ToTo, g\u1ea1ch l\u00e1t 80&#215;80, s\u00e0n g\u1ed7 ph\u00f2ng ng\u1ee7 nh\u1eadp t\u1eeb Nh\u1eadt B\u1ea3n 100%, kh\u00f3a c\u1eeda m\u00e3 s\u1ed1 Avent Security, t\u1ee7 \u00e2m t\u01b0\u1eddng g\u1ed7 s\u1ed3i, c\u1eeda s\u1ed5 c\u1eeda nh\u1ef1a l\u00f5i th\u00e9p nh\u1eadp t\u1eeb M\u1ef9<\/p>\n<p style=\"text-align: justify;\">&#8211; k\u00ednh c\u01b0\u1eddng l\u1ef1c Life Window, b\u1ebfp \u0111\u00e1 Granite, qu\u1ea7y bar g\u1ed7 S\u1ed3i m\u1eb7t \u0111\u00e1 Marble. + Gi\u00e1 3.9 t\u1ef7. Ti\u1ebfn \u0111\u1ed9 thi c\u00f4ng.<\/p>\n<p style=\"text-align: justify;\">&#8211; \u0110ang ho\u00e0n thi\u1ec7n nh\u1eefng kh\u00e2u cu\u1ed1i c\u00f9ng \u0111\u1ec3 chu\u1ea9n b\u1ecb b\u00e0n giao nh\u00e0.<\/p>\n","protected":false},"excerpt":{"rendered":"<p>Th\u00f4ng tin m\u00f4 t\u1ea3. * Th\u00f4ng tin m\u00f4 t\u1ea3: * B\u00e1n c\u0103n h\u1ed9 s\u00e2n bay Qu\u1eadn T\u00e2n B\u00ecnh, n\u1eb1m ngay s\u00e1t b\u00ean s\u00e2n bay T\u00e2n S\u01a1n Nh\u1ea5t. Kh\u00f4ng n\u1eb1m ngay \u0111\u01b0\u1eddng bay n\u00ean c\u1ef1c k\u1ef3 y\u00ean t\u0129nh. &#8211; Di\u1ec7n t\u00edch t\u1ed5ng th\u1ec3: 129m2, 139.2m2, 3 ph\u00f2ng ng\u1ee7, 3 WC. &#8211; Khu c\u0103n h\u1ed9 c\u00f3 nhi\u1ec1u<\/p>\n","protected":false},"featured_media":40,"template":"","meta":[],"_links":{"self":[{"href":"http:\/\/mau.hoabinhweb.com\/batdongsan2\/wp-json\/wp\/v2\/product\/236"}],"collection":[{"href":"http:\/\/mau.hoabinhweb.com\/batdongsan2\/wp-json\/wp\/v2\/product"}],"about":[{"href":"http:\/\/mau.hoabinhweb.com\/batdongsan2\/wp-json\/wp\/v2\/types\/product"}],"wp:featuredmedia":[{"embeddable":true,"href":"http:\/\/mau.hoabinhweb.com\/batdongsan2\/wp-json\/wp\/v2\/media\/40"}],"wp:attachment":[{"href":"http:\/\/mau.hoabinhweb.com\/batdongsan2\/wp-json\/wp\/v2\/media?parent=236"}],"curies":[{"name":"wp","href":"https:\/\/api.w.org\/{rel}","templated":true}]}}