{"id":235,"date":"2019-03-06T06:48:33","date_gmt":"2019-03-06T06:48:33","guid":{"rendered":"http:\/\/mau.hoabinhweb.com\/batdongsan2\/?post_type=product&#038;p=235"},"modified":"2021-03-29T08:18:18","modified_gmt":"2021-03-29T01:18:18","slug":"ban-nha-3-x-10m-1-tret-1-lau-2-phong-ngu-2-toilet-gan-nga-tu-so","status":"publish","type":"product","link":"http:\/\/mau.hoabinhweb.com\/batdongsan2\/du-an\/ban-nha-3-x-10m-1-tret-1-lau-2-phong-ngu-2-toilet-gan-nga-tu-so\/","title":{"rendered":"B\u00e1n nh\u00e0 3 x 10m, 1 tr\u1ec7t 1 l\u1ea7u 2 ph\u00f2ng ng\u1ee7, 2 toilet g\u1ea7n Ng\u00e3 T\u01b0 S\u1edf"},"content":{"rendered":"<p style=\"text-align: justify;\">Nh\u00e0 n\u1eb1m g\u1ea7n ng\u00e3 t\u01b0 Ga, c\u00e1ch \u1ee7y ban nh\u00e2n d\u00e2n Th\u1ea1nh L\u1ed9c 800m, g\u1ea7n ch\u1ee3 s\u1ea7m u\u1ea5t, khu \u0111ang ph\u00e1t tri\u1ec3n, khu an ninh. Qua G\u00f2 V\u1ea5p,\u00a0B\u00ecnh Th\u1ea1nh\u00a0ch\u1ec9 m\u1ea5t 5 ph\u00fat v\u1ec1 s\u00e2n bay T\u00e2n S\u01a1n Nh\u1ea5t 15 ph\u00fat.<\/p>\n<p>Di\u1ec7n t\u00edch 3m x 10m. Nh\u00e0 1 tr\u1ec7t, 1 l\u1ea7u 2 ph\u00f2ng ng\u1ee7 2 toilet, s\u00e2n ri\u00eang 1,5m2. B\u1ebfp r\u1ed9ng r\u00e3i tho\u1ea3i m\u00e1i tha h\u1ed3 trang tr\u00ed nh\u00e0 thi\u1ebft k\u1ebf hi\u1ec7n \u0111\u1ea1i theo phong c\u00e1ch Ch\u00e2u \u00c2u sang trong nh\u00ecn l\u00e0 m\u00ea t\u00edt (h\u00ecnh ch\u1ee5p th\u1eadt).<\/p>\n<p>N\u1ed9i th\u1ea5t: B\u1ebfp g\u1ed7 cao c\u1ea5p, h\u1ec7 th\u1ed1ng n\u00f3ng l\u1ea1nh, n\u0103ng l\u01b0\u01a1ng m\u1eb7t tr\u1eddi, b\u1ed3n n\u01b0\u1edbc 700 l\u00edt c\u1ed9ng v\u1edbi m\u00e1y b\u01a1m tr\u1ee3 l\u1ef1c, kh\u00f4ng lo h\u1ebft n\u01b0\u1edbc nh\u00e9.<\/p>\n<p>* C\u01a1 s\u1edf h\u1ea1 t\u1ea7ng: Nh\u00e0 \u0111\u1ed3ng h\u1ed3 \u0111i\u1ec7n ri\u00eang, n\u01b0\u1edbc th\u1ee7y c\u1ee5c gi\u00e1 nh\u00e0 n\u01b0\u1edbc. Nh\u00e0 \u00e9p c\u1ecdc m\u00f3ng 100%, d\u00e2y \u0111i\u1ec7n, c\u00e1p \u00e2m t\u01b0\u1eddng cadivi Vi\u1ec7t Nh\u1eadt, \u1ed1ng nh\u1ef1a B\u00ecnh Minh. H\u1ec7 th\u1ed1ng c\u1ed1ng r\u1ea3nh tho\u00e1t n\u01b0\u1edbc hi\u1ec7n \u0111\u1ea1i \u0111\u01b0\u1eddng cao r\u00e1o.<\/p>\n<p>* Ph\u00e1p l\u00fd: S\u1ed5 h\u1ed3ng \u0111\u1ed3ng s\u1ee1 h\u1eefu ch\u1ec9 v\u1edbi 4 c\u0103n.<\/p>\n<p>* Gi\u00e1: Gi\u00e1 r\u1ebb 990 tri\u1ec7u.<\/p>\n<p>Hi\u1ec7n t\u1ea1i H\u1ea3i c\u00f2n m\u1ed9t s\u1ed1 nh\u00e0 t\u1ea7m 800 &#8211; h\u01a1n 1 t\u1ef7, li\u00ean h\u1ec7 ngay \u0111\u1ec3 bi\u1ebft th\u00eam chi ti\u1ebft nh\u00e9.<\/p>\n","protected":false},"excerpt":{"rendered":"<p>Nh\u00e0 n\u1eb1m g\u1ea7n ng\u00e3 t\u01b0 Ga, c\u00e1ch \u1ee7y ban nh\u00e2n d\u00e2n Th\u1ea1nh L\u1ed9c 800m, g\u1ea7n ch\u1ee3 s\u1ea7m u\u1ea5t, khu \u0111ang ph\u00e1t tri\u1ec3n, khu an ninh. Qua G\u00f2 V\u1ea5p,\u00a0B\u00ecnh Th\u1ea1nh\u00a0ch\u1ec9 m\u1ea5t 5 ph\u00fat v\u1ec1 s\u00e2n bay T\u00e2n S\u01a1n Nh\u1ea5t 15 ph\u00fat. Di\u1ec7n t\u00edch 3m x 10m. Nh\u00e0 1 tr\u1ec7t, 1 l\u1ea7u 2 ph\u00f2ng ng\u1ee7 2 toilet,<\/p>\n","protected":false},"featured_media":38,"template":"","meta":[],"_links":{"self":[{"href":"http:\/\/mau.hoabinhweb.com\/batdongsan2\/wp-json\/wp\/v2\/product\/235"}],"collection":[{"href":"http:\/\/mau.hoabinhweb.com\/batdongsan2\/wp-json\/wp\/v2\/product"}],"about":[{"href":"http:\/\/mau.hoabinhweb.com\/batdongsan2\/wp-json\/wp\/v2\/types\/product"}],"wp:featuredmedia":[{"embeddable":true,"href":"http:\/\/mau.hoabinhweb.com\/batdongsan2\/wp-json\/wp\/v2\/media\/38"}],"wp:attachment":[{"href":"http:\/\/mau.hoabinhweb.com\/batdongsan2\/wp-json\/wp\/v2\/media?parent=235"}],"curies":[{"name":"wp","href":"https:\/\/api.w.org\/{rel}","templated":true}]}}