{"id":234,"date":"2019-03-06T05:03:54","date_gmt":"2019-03-06T05:03:54","guid":{"rendered":"http:\/\/mau.hoabinhweb.com\/batdongsan2\/?post_type=product&#038;p=234"},"modified":"2021-03-29T08:20:01","modified_gmt":"2021-03-29T01:20:01","slug":"ban-nha-biet-thu-2-mt-duong-nguyen-van-giai-phuong-thao-dien-quan-2","status":"publish","type":"product","link":"http:\/\/mau.hoabinhweb.com\/batdongsan2\/du-an\/ban-nha-biet-thu-2-mt-duong-nguyen-van-giai-phuong-thao-dien-quan-2\/","title":{"rendered":"B\u00e1n nh\u00e0 bi\u1ec7t th\u1ef1 2 MT \u0111\u01b0\u1eddng Gi\u1ea3i Ph\u00f3ng, Ph\u01b0\u1eddng Gi\u00e1p B\u00e1t, Qu\u1eadn Ho\u00e0ng Mai"},"content":{"rendered":"<p style=\"text-align: justify;\">B\u00e1n nh\u00e0 bi\u1ec7t th\u1ef1 2 MT \u0111\u01b0\u1eddng Nguy\u1ec5n V\u0103n Giai, Ph\u01b0\u1eddng Th\u1ea3o \u0110i\u1ec1n,\u00a0Qu\u1eadn 2.<\/p>\n<p style=\"text-align: justify;\">DT: 20x20m.<\/p>\n<p style=\"text-align: justify;\">Nh\u00e0 x\u00e2y d\u1ea1ng bi\u1ec7t th\u1ef1 1 tr\u1ec7t, 2 l\u1ea7u, \u00e1p m\u00e1i, 8 ph\u00f2ng, 6 WC, c\u00f3 s\u00e2n v\u01b0\u1eddn \u0111\u1eb9p.<\/p>\n<p style=\"text-align: justify;\">Nh\u00e0 c\u00f3 v\u1ecb tr\u00ed \u0111\u1eb9p, hi\u1ec7n \u0111ang kinh doanh cho thu nh\u1eadp cao g\u1ea7n 300 tr\/ 1 th\u00e1ng.<\/p>\n<p style=\"text-align: justify;\">Nay gia \u0111\u00ecnh c\u1ea7n b\u00e1n \u0111\u1ec3 \u0111i \u0111\u1ecbnh c\u01b0, \u01b0u ti\u00ean kh\u00e1ch thi\u1ec7n ch\u00ed.<\/p>\n<p style=\"text-align: justify;\">Gi\u00e1: 52 t\u1ef7.<\/p>\n<p style=\"text-align: justify;\">\u0110T: 0981331919<\/p>\n","protected":false},"excerpt":{"rendered":"<p>B\u00e1n nh\u00e0 bi\u1ec7t th\u1ef1 2 MT \u0111\u01b0\u1eddng Nguy\u1ec5n V\u0103n Giai, Ph\u01b0\u1eddng Th\u1ea3o \u0110i\u1ec1n,\u00a0Qu\u1eadn 2. DT: 20x20m. Nh\u00e0 x\u00e2y d\u1ea1ng bi\u1ec7t th\u1ef1 1 tr\u1ec7t, 2 l\u1ea7u, \u00e1p m\u00e1i, 8 ph\u00f2ng, 6 WC, c\u00f3 s\u00e2n v\u01b0\u1eddn \u0111\u1eb9p. Nh\u00e0 c\u00f3 v\u1ecb tr\u00ed \u0111\u1eb9p, hi\u1ec7n \u0111ang kinh doanh cho thu nh\u1eadp cao g\u1ea7n 300 tr\/ 1 th\u00e1ng. Nay gia<\/p>\n","protected":false},"featured_media":37,"template":"","meta":[],"_links":{"self":[{"href":"http:\/\/mau.hoabinhweb.com\/batdongsan2\/wp-json\/wp\/v2\/product\/234"}],"collection":[{"href":"http:\/\/mau.hoabinhweb.com\/batdongsan2\/wp-json\/wp\/v2\/product"}],"about":[{"href":"http:\/\/mau.hoabinhweb.com\/batdongsan2\/wp-json\/wp\/v2\/types\/product"}],"wp:featuredmedia":[{"embeddable":true,"href":"http:\/\/mau.hoabinhweb.com\/batdongsan2\/wp-json\/wp\/v2\/media\/37"}],"wp:attachment":[{"href":"http:\/\/mau.hoabinhweb.com\/batdongsan2\/wp-json\/wp\/v2\/media?parent=234"}],"curies":[{"name":"wp","href":"https:\/\/api.w.org\/{rel}","templated":true}]}}