{"id":226,"date":"2019-03-06T04:48:22","date_gmt":"2019-03-06T04:48:22","guid":{"rendered":"http:\/\/mau.hoabinhweb.com\/batdongsan2\/?post_type=product&#038;p=226"},"modified":"2021-03-29T08:21:36","modified_gmt":"2021-03-29T01:21:36","slug":"ban-nha-mat-pho-tai-quan-1-ho-chi-minh","status":"publish","type":"product","link":"http:\/\/mau.hoabinhweb.com\/batdongsan2\/du-an\/ban-nha-mat-pho-tai-quan-1-ho-chi-minh\/","title":{"rendered":"B\u00e1n nh\u00e0 m\u1eb7t ph\u1ed1 t\u1ea1i Qu\u1eadn \u0110\u1ed1ng \u0110a, H\u00e0 N\u1ed9i"},"content":{"rendered":"<p>B\u00e1n MT T\u00f4n \u0110\u1ee9c Th\u1eafng g\u1ea7n L\u00ea Th\u00e1nh T\u00f4n, P B\u1ebfn Ngh\u00e9, Q1.<\/p>\n<p>DT: 20x19m, tr\u1ec7t, 3 l\u1ea7u, DTCN: 380m2, gi\u00e1: 220 t\u1ef7. LH: Nguy\u1ec5n Huy Realtor &#8211; 0981331919<\/p>\n<p>B\u00e1n cao \u1ed1c g\u1ea7n L\u00ea Th\u00e0nh T\u00f4n &#8211; Ng\u00f4 V\u0103n N\u0103m, DT: 8&#215;20, h\u1ea7m + 9 L\u1ea7u, ST. Gi\u00e1: 100 t\u1ef7.<\/p>\n<p>LH:\u00a0 0981331919.<\/p>\n","protected":false},"excerpt":{"rendered":"<p>B\u00e1n MT T\u00f4n \u0110\u1ee9c Th\u1eafng g\u1ea7n L\u00ea Th\u00e1nh T\u00f4n, P B\u1ebfn Ngh\u00e9, Q1. DT: 20x19m, tr\u1ec7t, 3 l\u1ea7u, DTCN: 380m2, gi\u00e1: 220 t\u1ef7. LH: Nguy\u1ec5n Huy Realtor &#8211; 0981331919 B\u00e1n cao \u1ed1c g\u1ea7n L\u00ea Th\u00e0nh T\u00f4n &#8211; Ng\u00f4 V\u0103n N\u0103m, DT: 8&#215;20, h\u1ea7m + 9 L\u1ea7u, ST. Gi\u00e1: 100 t\u1ef7. LH:\u00a0 0981331919.<\/p>\n","protected":false},"featured_media":36,"template":"","meta":[],"_links":{"self":[{"href":"http:\/\/mau.hoabinhweb.com\/batdongsan2\/wp-json\/wp\/v2\/product\/226"}],"collection":[{"href":"http:\/\/mau.hoabinhweb.com\/batdongsan2\/wp-json\/wp\/v2\/product"}],"about":[{"href":"http:\/\/mau.hoabinhweb.com\/batdongsan2\/wp-json\/wp\/v2\/types\/product"}],"wp:featuredmedia":[{"embeddable":true,"href":"http:\/\/mau.hoabinhweb.com\/batdongsan2\/wp-json\/wp\/v2\/media\/36"}],"wp:attachment":[{"href":"http:\/\/mau.hoabinhweb.com\/batdongsan2\/wp-json\/wp\/v2\/media?parent=226"}],"curies":[{"name":"wp","href":"https:\/\/api.w.org\/{rel}","templated":true}]}}