{"id":225,"date":"2019-03-06T04:38:56","date_gmt":"2019-03-06T04:38:56","guid":{"rendered":"http:\/\/mau.hoabinhweb.com\/batdongsan2\/?post_type=product&#038;p=225"},"modified":"2021-03-29T08:22:36","modified_gmt":"2021-03-29T01:22:36","slug":"ban-nha-mt-3-thang-2-quan-10-dt-8-5x17m-ham-9-lau-hd-thue-250-tr-th-gia-75-ty-doan-ao-cuoi","status":"publish","type":"product","link":"http:\/\/mau.hoabinhweb.com\/batdongsan2\/du-an\/ban-nha-mt-3-thang-2-quan-10-dt-8-5x17m-ham-9-lau-hd-thue-250-tr-th-gia-75-ty-doan-ao-cuoi\/","title":{"rendered":"B\u00e1n nh\u00e0 Ph\u1ea1m H\u00f9ng, Nam T\u1eeb Li\u00eam, DT 8.5x17m, h\u1ea7m, 9 l\u1ea7u, H\u0110 thu\u00ea 250 tr\/th, gi\u00e1 75 t\u1ef7"},"content":{"rendered":"<p>&#8211; DT: 8.5x17m, NH, h\u1ea7m + 9 l\u1ea7u, (H\u0110 thu\u00ea 250 tr\/th).<\/p>\n<p>&#8211; V\u1ecb tr\u00ed \u0111\u1eb9p nh\u1ea5t \u0111\u01b0\u1eddng 3 Th\u00e1ng 2 &#8211; \u0111o\u1ea1n \u00e1o c\u01b0\u1edbi.<\/p>\n<p>&#8211; Khu trung t\u00e2m t\u00e0i ch\u00ednh ng\u00e2n h\u00e0ng.<\/p>\n<p>&#8211; Kinh doanh \u0111a ng\u00e0nh ngh\u1ec1: V\u0103n ph\u00f2ng, kh\u00e1ch s\u1ea1n, nh\u00e0 h\u00e0ng, \u00e1o c\u01b0\u1edbi, spa&#8230;<\/p>\n<p>&#8211; Gi\u00e1 b\u00e1n: 75 t\u1ef7 c\u00f2n TL.<\/p>\n<p>&#8211; Nh\u00e0 ch\u00ednh ch\u1ee7: 0917.511.279 Ph\u1ea1m Ph\u01b0\u01a1ng Nam (Anh ch\u1ecb m\u00f4i gi\u1edbi \u0111\u1eebng g\u1ecdi).<\/p>\n","protected":false},"excerpt":{"rendered":"<p>&#8211; DT: 8.5x17m, NH, h\u1ea7m + 9 l\u1ea7u, (H\u0110 thu\u00ea 250 tr\/th). &#8211; V\u1ecb tr\u00ed \u0111\u1eb9p nh\u1ea5t \u0111\u01b0\u1eddng 3 Th\u00e1ng 2 &#8211; \u0111o\u1ea1n \u00e1o c\u01b0\u1edbi. &#8211; Khu trung t\u00e2m t\u00e0i ch\u00ednh ng\u00e2n h\u00e0ng. &#8211; Kinh doanh \u0111a ng\u00e0nh ngh\u1ec1: V\u0103n ph\u00f2ng, kh\u00e1ch s\u1ea1n, nh\u00e0 h\u00e0ng, \u00e1o c\u01b0\u1edbi, spa&#8230; &#8211; Gi\u00e1 b\u00e1n: 75 t\u1ef7 c\u00f2n TL.<\/p>\n","protected":false},"featured_media":35,"template":"","meta":[],"_links":{"self":[{"href":"http:\/\/mau.hoabinhweb.com\/batdongsan2\/wp-json\/wp\/v2\/product\/225"}],"collection":[{"href":"http:\/\/mau.hoabinhweb.com\/batdongsan2\/wp-json\/wp\/v2\/product"}],"about":[{"href":"http:\/\/mau.hoabinhweb.com\/batdongsan2\/wp-json\/wp\/v2\/types\/product"}],"wp:featuredmedia":[{"embeddable":true,"href":"http:\/\/mau.hoabinhweb.com\/batdongsan2\/wp-json\/wp\/v2\/media\/35"}],"wp:attachment":[{"href":"http:\/\/mau.hoabinhweb.com\/batdongsan2\/wp-json\/wp\/v2\/media?parent=225"}],"curies":[{"name":"wp","href":"https:\/\/api.w.org\/{rel}","templated":true}]}}