{"id":224,"date":"2019-03-06T04:14:15","date_gmt":"2019-03-06T04:14:15","guid":{"rendered":"http:\/\/mau.hoabinhweb.com\/batdongsan2\/?post_type=product&#038;p=224"},"modified":"2021-03-29T08:23:17","modified_gmt":"2021-03-29T01:23:17","slug":"ban-toa-nha-mat-tien-hai-ba-trung-71m-x-19m-xay-8-lau","status":"publish","type":"product","link":"http:\/\/mau.hoabinhweb.com\/batdongsan2\/du-an\/ban-toa-nha-mat-tien-hai-ba-trung-71m-x-19m-xay-8-lau\/","title":{"rendered":"B\u00e1n t\u00f2a nh\u00e0 m\u1eb7t ti\u1ec1n Hai B\u00e0 Tr\u01b0ng, 7,1m x 19m, x\u00e2y 8 l\u1ea7u"},"content":{"rendered":"<p>Gia \u0111\u00ecnh c\u1ea7n b\u00e1n g\u1ea5p t\u00f2a nh\u00e0 t\u00f2a nh\u00e0 m\u1eb7t ti\u1ec1n Hai B\u00e0 Tr\u01b0ng, Qu\u1eadn 1, 7,1m x 19m, NH, x\u00e2y 8 l\u1ea7u.<\/p>\n<p>V\u1ecb tr\u00ed \u0111\u1eb9p, \u0111\u1ed1i di\u1ec7n c\u00f4ng vi\u00ean L\u00ea V\u0103n T\u00e1m, \u0111\u0103ng cho thu\u00ea gi\u00e1 cao.<\/p>\n<p>Nay gia c\u00f3 vi\u1ec7c \u0111\u1ed9t xu\u1ea5t n\u00ean c\u1ea7n b\u00e1n g\u1ea5p gi\u00e1 85 t\u1ef7.<\/p>\n<p>Li\u00ean h\u1ec7 \u0111\u1ec3 bi\u1ebft th\u00f4ng tin t\u1ed1t nh\u1ea5t: T\u1ea5n L\u1ed9c &#8211; 0981331919<\/p>\n","protected":false},"excerpt":{"rendered":"<p>Gia \u0111\u00ecnh c\u1ea7n b\u00e1n g\u1ea5p t\u00f2a nh\u00e0 t\u00f2a nh\u00e0 m\u1eb7t ti\u1ec1n Hai B\u00e0 Tr\u01b0ng, Qu\u1eadn 1, 7,1m x 19m, NH, x\u00e2y 8 l\u1ea7u. V\u1ecb tr\u00ed \u0111\u1eb9p, \u0111\u1ed1i di\u1ec7n c\u00f4ng vi\u00ean L\u00ea V\u0103n T\u00e1m, \u0111\u0103ng cho thu\u00ea gi\u00e1 cao. Nay gia c\u00f3 vi\u1ec7c \u0111\u1ed9t xu\u1ea5t n\u00ean c\u1ea7n b\u00e1n g\u1ea5p gi\u00e1 85 t\u1ef7. Li\u00ean h\u1ec7 \u0111\u1ec3 bi\u1ebft<\/p>\n","protected":false},"featured_media":34,"template":"","meta":[],"_links":{"self":[{"href":"http:\/\/mau.hoabinhweb.com\/batdongsan2\/wp-json\/wp\/v2\/product\/224"}],"collection":[{"href":"http:\/\/mau.hoabinhweb.com\/batdongsan2\/wp-json\/wp\/v2\/product"}],"about":[{"href":"http:\/\/mau.hoabinhweb.com\/batdongsan2\/wp-json\/wp\/v2\/types\/product"}],"wp:featuredmedia":[{"embeddable":true,"href":"http:\/\/mau.hoabinhweb.com\/batdongsan2\/wp-json\/wp\/v2\/media\/34"}],"wp:attachment":[{"href":"http:\/\/mau.hoabinhweb.com\/batdongsan2\/wp-json\/wp\/v2\/media?parent=224"}],"curies":[{"name":"wp","href":"https:\/\/api.w.org\/{rel}","templated":true}]}}