{"id":223,"date":"2019-03-06T03:45:12","date_gmt":"2019-03-06T03:45:12","guid":{"rendered":"http:\/\/mau.hoabinhweb.com\/batdongsan2\/?post_type=product&#038;p=223"},"modified":"2021-03-28T18:41:15","modified_gmt":"2021-03-28T11:41:15","slug":"ban-trang-trai-khu-nghi-duong-tai-duong-le-dinh-can-phuong-tan-tao-binh-tan-ho-chi-minh","status":"publish","type":"product","link":"http:\/\/mau.hoabinhweb.com\/batdongsan2\/du-an\/ban-trang-trai-khu-nghi-duong-tai-duong-le-dinh-can-phuong-tan-tao-binh-tan-ho-chi-minh\/","title":{"rendered":"B\u00e1n trang tr\u1ea1i, khu ngh\u1ec9 d\u01b0\u1ee1ng t\u1ea1i \u0110\u01b0\u1eddng L\u00ea \u0110\u00ecnh C\u1ea9n, Ph\u01b0\u1eddng T\u00e2n T\u1ea1o, B\u00ecnh T\u00e2n, H\u1ed3 Ch\u00ed Minh"},"content":{"rendered":"<p style=\"text-align: justify;\">Di\u1ec7n t\u00edch: 5x18m, x\u00e2y d\u1ef1ng \u0111\u1ee7.<\/p>\n<p style=\"text-align: justify;\">\u0110\u01b0\u1eddng 1\/ L\u00ea \u0110\u00ecnh C\u1ea9n, g\u1ea7n \u0111\u01b0\u1eddng T\u00ean L\u1eeda, \u0111i si\u00eau th\u1ecb Aeon B\u00ecnh T\u00e2n ch\u1ec9 m\u1ea5t 5 ph\u00fat.<\/p>\n<p style=\"text-align: justify;\">Nh\u00e0 \u0111\u00fac th\u1eadt 3.5 t\u1ea5m \u0111\u1eb9p m\u1edbi g\u1ed3m 1 tr\u1ec7t 3 l\u1ea7u, s\u00e2n th\u01b0\u1ee3ng, nh\u00e0 ti\u1ec7n nghi, n\u1ed9i th\u1ea5t sang tr\u1ecdng, cao c\u1ea5p, r\u1ea5t \u0111\u1eb9p, nh\u00e0 m\u1edbi v\u00e0o \u1edf li\u1ec1n, xem nh\u00e0 s\u1ebd r\u00f5.<\/p>\n<p style=\"text-align: justify;\">C\u00f3 ch\u1ed7 \u0111\u1eadu xe h\u01a1i.<\/p>\n<p style=\"text-align: justify;\">Khu an ninh, cao r\u00e1o kh\u00f4ng ng\u1eadp n\u01b0\u1edbc, to\u00e0n nh\u00e0 cao t\u1ea7ng xung quanh.<\/p>\n<p style=\"text-align: justify;\">G\u00eda: 3.95 t\u1ef7.<\/p>\n<p style=\"text-align: justify;\">M\u1ecdi th\u00f4ng tin chi ti\u1ebft li\u00ean h\u1ec7 : 0981331919, mi\u1ec5n trung gian!<\/p>\n<p style=\"text-align: justify;\"><img class=\"aligncenter\" src=\"https:\/\/demo5003.web30s.vn\/datafiles\/4881\/upload\/images\/20170909151047-0d04.jpg\" alt=\"\" \/><\/p>\n","protected":false},"excerpt":{"rendered":"<p>Di\u1ec7n t\u00edch: 5x18m, x\u00e2y d\u1ef1ng \u0111\u1ee7. \u0110\u01b0\u1eddng 1\/ L\u00ea \u0110\u00ecnh C\u1ea9n, g\u1ea7n \u0111\u01b0\u1eddng T\u00ean L\u1eeda, \u0111i si\u00eau th\u1ecb Aeon B\u00ecnh T\u00e2n ch\u1ec9 m\u1ea5t 5 ph\u00fat. Nh\u00e0 \u0111\u00fac th\u1eadt 3.5 t\u1ea5m \u0111\u1eb9p m\u1edbi g\u1ed3m 1 tr\u1ec7t 3 l\u1ea7u, s\u00e2n th\u01b0\u1ee3ng, nh\u00e0 ti\u1ec7n nghi, n\u1ed9i th\u1ea5t sang tr\u1ecdng, cao c\u1ea5p, r\u1ea5t \u0111\u1eb9p, nh\u00e0 m\u1edbi v\u00e0o \u1edf li\u1ec1n,<\/p>\n","protected":false},"featured_media":33,"template":"","meta":[],"_links":{"self":[{"href":"http:\/\/mau.hoabinhweb.com\/batdongsan2\/wp-json\/wp\/v2\/product\/223"}],"collection":[{"href":"http:\/\/mau.hoabinhweb.com\/batdongsan2\/wp-json\/wp\/v2\/product"}],"about":[{"href":"http:\/\/mau.hoabinhweb.com\/batdongsan2\/wp-json\/wp\/v2\/types\/product"}],"wp:featuredmedia":[{"embeddable":true,"href":"http:\/\/mau.hoabinhweb.com\/batdongsan2\/wp-json\/wp\/v2\/media\/33"}],"wp:attachment":[{"href":"http:\/\/mau.hoabinhweb.com\/batdongsan2\/wp-json\/wp\/v2\/media?parent=223"}],"curies":[{"name":"wp","href":"https:\/\/api.w.org\/{rel}","templated":true}]}}