{"id":222,"date":"2019-03-06T03:32:18","date_gmt":"2019-03-06T03:32:18","guid":{"rendered":"http:\/\/mau.hoabinhweb.com\/batdongsan2\/?post_type=product&#038;p=222"},"modified":"2021-03-28T18:41:16","modified_gmt":"2021-03-28T11:41:16","slug":"cho-thue-nha-mat-pho-tran-duy-hung-de-kinh-doanh-nha-hang-salon-van-phong","status":"publish","type":"product","link":"http:\/\/mau.hoabinhweb.com\/batdongsan2\/du-an\/cho-thue-nha-mat-pho-tran-duy-hung-de-kinh-doanh-nha-hang-salon-van-phong\/","title":{"rendered":"Cho thu\u00ea nh\u00e0 m\u1eb7t ph\u1ed1 Tr\u1ea7n Duy H\u01b0ng \u0111\u1ec3 kinh doanh (Nh\u00e0 h\u00e0ng, salon, v\u0103n ph\u00f2ng)"},"content":{"rendered":"<p>Cho thu\u00ea nh\u00e0 m\u1eb7t ph\u1ed1 Tr\u1ea7n Duy H\u01b0ng \u0111\u1ec3 kinh doanh.<\/p>\n<p>Nh\u00e0 112m2 x 6.5 t\u1ea7ng, m\u1eb7t \u0111\u01b0\u1eddng Tr\u1ea7n Duy H\u01b0ng, hi\u1ec7n \u0111ang cho thu\u00ea s\u1eafp h\u1ebft h\u1ea1n h\u1ee3p \u0111\u1ed3ng.<\/p>\n<p>C\u00f3 thang m\u00e1y, v\u00e0 h\u1ea7m \u0111\u1ec3 xe \u00f4 t\u00f4.<\/p>\n<p>Cho thu\u00ea 75 tri\u1ec7u\/th\u00e1ng.<\/p>\n<p>LH: A T\u00f9ng Anh 0913.689.354 \/ ch\u1ecb An li\u00ean 0976.075.019.<\/p>\n<p>V\u00e0 cho thu\u00ea nh\u00e0 m\u1eb7t ph\u1ed1 Ho\u00e0ng Ng\u00e2n.<\/p>\n<p>Di\u1ec7n t\u00edch 80m2 x\u00e2y d\u1ef1ng tr\u00ean 90m2 \u0111\u1ea5t.<\/p>\n<p>6 t\u1ea7ng, c\u00f3 thang m\u00e1y, s\u00e0n g\u1ea1ch.<\/p>\n<p>Cho thu\u00ea v\u0103n ph\u00f2ng ho\u1eb7c nh\u00e0 h\u00e0ng, spa.<\/p>\n<p>Gi\u00e1 35 tr\/th\u00e1ng.<\/p>\n<p>02 tuy\u1ebfn ph\u1ed1 Tr\u1ea7n Duy H\u01b0ng v\u00e0 Ho\u00e0ng Ng\u00e2n l\u00e0 nh\u1eefng tuy\u1ebfn ph\u1ed1 trung t\u00e2m c\u1ee7a Qu\u1eadn C\u1ea7u Gi\u1ea5y, c\u00f3 nhi\u1ec1u chuy\u00ean gia H\u00e0n Qu\u1ed1c sinh s\u1ed1ng, m\u1edf nh\u00e0 h\u00e0ng, qu\u00e1n \u0103n v\u00e0 kinh doanh t\u1ea1i \u0111\u00e2y.<\/p>\n","protected":false},"excerpt":{"rendered":"<p>Cho thu\u00ea nh\u00e0 m\u1eb7t ph\u1ed1 Tr\u1ea7n Duy H\u01b0ng \u0111\u1ec3 kinh doanh. Nh\u00e0 112m2 x 6.5 t\u1ea7ng, m\u1eb7t \u0111\u01b0\u1eddng Tr\u1ea7n Duy H\u01b0ng, hi\u1ec7n \u0111ang cho thu\u00ea s\u1eafp h\u1ebft h\u1ea1n h\u1ee3p \u0111\u1ed3ng. C\u00f3 thang m\u00e1y, v\u00e0 h\u1ea7m \u0111\u1ec3 xe \u00f4 t\u00f4. Cho thu\u00ea 75 tri\u1ec7u\/th\u00e1ng. LH: A T\u00f9ng Anh 0913.689.354 \/ ch\u1ecb An li\u00ean 0976.075.019. V\u00e0 cho<\/p>\n","protected":false},"featured_media":31,"template":"","meta":[],"_links":{"self":[{"href":"http:\/\/mau.hoabinhweb.com\/batdongsan2\/wp-json\/wp\/v2\/product\/222"}],"collection":[{"href":"http:\/\/mau.hoabinhweb.com\/batdongsan2\/wp-json\/wp\/v2\/product"}],"about":[{"href":"http:\/\/mau.hoabinhweb.com\/batdongsan2\/wp-json\/wp\/v2\/types\/product"}],"wp:featuredmedia":[{"embeddable":true,"href":"http:\/\/mau.hoabinhweb.com\/batdongsan2\/wp-json\/wp\/v2\/media\/31"}],"wp:attachment":[{"href":"http:\/\/mau.hoabinhweb.com\/batdongsan2\/wp-json\/wp\/v2\/media?parent=222"}],"curies":[{"name":"wp","href":"https:\/\/api.w.org\/{rel}","templated":true}]}}