{"id":220,"date":"2019-03-06T03:27:06","date_gmt":"2019-03-06T03:27:06","guid":{"rendered":"http:\/\/mau.hoabinhweb.com\/batdongsan2\/?post_type=product&#038;p=220"},"modified":"2021-03-28T18:41:17","modified_gmt":"2021-03-28T11:41:17","slug":"cho-thue-biet-thu-ha-noi-160m2-gia-35tr-thang-full-noi-that","status":"publish","type":"product","link":"http:\/\/mau.hoabinhweb.com\/batdongsan2\/du-an\/cho-thue-biet-thu-ha-noi-160m2-gia-35tr-thang-full-noi-that\/","title":{"rendered":"Cho thu\u00ea bi\u1ec7t th\u1ef1 H\u00e0 N\u1ed9i 160m2, gi\u00e1 35tr\/th\u00e1ng full n\u1ed9i th\u1ea5t"},"content":{"rendered":"<p style=\"text-align: justify;\">C\u1ea7n cho thu\u00ea g\u1ea5p c\u0103n bi\u1ec7t th\u1ef1 thu\u1ed9c khu \u0110T\u00a0Trung V\u0103n\u00a0Hacinco nh\u00e0 ho\u00e0n thi\u1ec7n \u0111\u1eb9p. \u0110\u00e3 trang b\u1ecb \u0111\u1ea7y \u0111\u1ee7 n\u1ed9i th\u1ea5t ch\u1ec9 vi\u1ec7c v\u00e0o \u1edf lu\u00f4n.<\/p>\n<p style=\"text-align: justify;\">&#8211; DT: 160m2 x\u00e2y 80m2 x 3.5 t\u1ea7ng, c\u00f3 gara \u0111\u1ec3 \u00f4 t\u00f4, s\u00e2n v\u01b0\u1eddn. Giao th\u00f4ng \u0111i l\u1ea1i thu\u1eadn ti\u1ec7n\u2026.<\/p>\n<p style=\"text-align: justify;\">&#8211; Ph\u00f9 h\u1ee3p l\u00e0m v\u0103n ph\u00f2ng, c\u00f4ng ty ho\u1eb7c cho ng\u01b0\u1eddi n\u01b0\u1edbc ngo\u00e0i \u1edf l\u00e2u d\u00e0i v\u00ec nh\u00e0 \u0111\u00e3 \u0111\u1ee7 \u0111\u1ed3.<\/p>\n<p style=\"text-align: justify;\">Gi\u00e1: 35tr\/th\u00e1ng (C\u00f3 th\u1ecfa thu\u1eadn v\u1edbi kh\u00e1ch thi\u1ec7n ch\u00ed thu\u00ea l\u00e2u d\u00e0i) thanh to\u00e1n 6 th\u00e1ng\/ l\u1ea7n.<\/p>\n<p style=\"text-align: justify;\">Chi ti\u1ebft li\u00ean h\u1ec7: 0981331919<\/p>\n","protected":false},"excerpt":{"rendered":"<p>C\u1ea7n cho thu\u00ea g\u1ea5p c\u0103n bi\u1ec7t th\u1ef1 thu\u1ed9c khu \u0110T\u00a0Trung V\u0103n\u00a0Hacinco nh\u00e0 ho\u00e0n thi\u1ec7n \u0111\u1eb9p. \u0110\u00e3 trang b\u1ecb \u0111\u1ea7y \u0111\u1ee7 n\u1ed9i th\u1ea5t ch\u1ec9 vi\u1ec7c v\u00e0o \u1edf lu\u00f4n. &#8211; DT: 160m2 x\u00e2y 80m2 x 3.5 t\u1ea7ng, c\u00f3 gara \u0111\u1ec3 \u00f4 t\u00f4, s\u00e2n v\u01b0\u1eddn. Giao th\u00f4ng \u0111i l\u1ea1i thu\u1eadn ti\u1ec7n\u2026. &#8211; Ph\u00f9 h\u1ee3p l\u00e0m v\u0103n ph\u00f2ng, c\u00f4ng<\/p>\n","protected":false},"featured_media":30,"template":"","meta":[],"_links":{"self":[{"href":"http:\/\/mau.hoabinhweb.com\/batdongsan2\/wp-json\/wp\/v2\/product\/220"}],"collection":[{"href":"http:\/\/mau.hoabinhweb.com\/batdongsan2\/wp-json\/wp\/v2\/product"}],"about":[{"href":"http:\/\/mau.hoabinhweb.com\/batdongsan2\/wp-json\/wp\/v2\/types\/product"}],"wp:featuredmedia":[{"embeddable":true,"href":"http:\/\/mau.hoabinhweb.com\/batdongsan2\/wp-json\/wp\/v2\/media\/30"}],"wp:attachment":[{"href":"http:\/\/mau.hoabinhweb.com\/batdongsan2\/wp-json\/wp\/v2\/media?parent=220"}],"curies":[{"name":"wp","href":"https:\/\/api.w.org\/{rel}","templated":true}]}}