{"id":216,"date":"2019-03-06T03:11:16","date_gmt":"2019-03-06T03:11:16","guid":{"rendered":"http:\/\/mau.hoabinhweb.com\/batdongsan2\/?post_type=product&#038;p=216"},"modified":"2021-03-28T18:41:17","modified_gmt":"2021-03-28T11:41:17","slug":"cho-thue-nha-rieng-pho-mac-thi-buoi-vinh-tuy-hai-ba-trung-hn-s-30m2-gia-7-trieu-thang","status":"publish","type":"product","link":"http:\/\/mau.hoabinhweb.com\/batdongsan2\/du-an\/cho-thue-nha-rieng-pho-mac-thi-buoi-vinh-tuy-hai-ba-trung-hn-s-30m2-gia-7-trieu-thang\/","title":{"rendered":"Cho thu\u00ea nh\u00e0 ri\u00eang ph\u1ed1 M\u1ea1c Th\u1ecb B\u01b0\u1edfi, V\u0129nh Tuy, Hai B\u00e0 Tr\u01b0ng, HN, S 30m2, gi\u00e1 7 tri\u1ec7u\/ th\u00e1ng"},"content":{"rendered":"<p style=\"text-align: justify;\">Nh\u00e0 04 t\u1ea7ng, g\u1ed3m 2 ph\u00f2ng ng\u1ee7, 03VS, b\u1ebfp, PK, t\u1ea7ng 1 c\u00f3 ch\u1ed7 \u0111\u1ec3 ri\u00eang \u0111\u01b0\u1ee3c 4, 5 xe m\u00e1y, ph\u00f2ng th\u1edd, s\u00e2n ph\u01a1i. To\u00e0n b\u1ed9 s\u00e0n c\u00e1c t\u1ea7ng, c\u1ea7u thang, c\u1eeda \u0111\u1ec1u b\u1eb1ng g\u1ed7 \u0111\u1eb9p, \u0111\u1ea7y \u0111\u1ee7 c\u00e1c v\u1eadt d\u1ee5ng nh\u01b0 \u0111i\u1ec1u h\u00f2a, n\u00f3ng l\u1ea1nh, t\u1ee7 g\u1ed7, t\u1ee7 b\u1ebfp, h\u00fat m\u00f9i, qu\u1ea1t tr\u1ea7n, qu\u1ea1t t\u01b0\u1eddng, m\u00e1y gi\u1eb7t&#8230; Ch\u1ec9 vi\u1ec7c \u0111\u1ebfn \u1edf.<\/p>\n<p style=\"text-align: justify;\">Gi\u00e1 \u0111i\u1ec7n, n\u01b0\u1edbc theo h\u00f3a \u0111\u01a1n nh\u00e0 n\u01b0\u1edbc.<\/p>\n<p style=\"text-align: justify;\">Giao th\u00f4ng thu\u1eadn l\u1ee3i ng\u00f5 t\u1eeb M\u1ea1c Th\u1ecb B\u01b0\u1edfi th\u00f4ng sang\u00a0Minh Khai, c\u00e1ch Times City 100m, c\u00e1ch chung c\u01b0 H\u00f2a B\u00ecnh Green city, si\u00eau th\u1ecb V+ 30m, g\u1ea7n khu b\u00e1n bu\u00f4n b\u00e1nh m\u1ee9t k\u1eb9o H\u1ea3i Ch\u00e2u, g\u1ea7n \u0111\u1ea1i h\u1ecdc Kinh Doanh C\u00f4ng Ngh\u1ec7, Kinh T\u1ebf K\u0129 Thu\u1eadt. L\u00e0 khu d\u00e2n c\u01b0 \u0111\u00f4ng \u0111\u00fac, bu\u00f4n b\u00e1n s\u1ea7m u\u1ea5t, khu vui ch\u01a1i gi\u1ea3i tr\u00ed.<\/p>\n<p style=\"text-align: justify;\">\u01afu ti\u00ean cho ai \u1edf l\u00e2u d\u00e0i, \u0103n \u1edf s\u1ea1ch s\u1ebd.<\/p>\n<p style=\"text-align: justify;\">Ai c\u00f3 nhu c\u1ea7u xin li\u00ean h\u1ec7 theo s\u1ed1 c\u1ee7a ch\u1ee7 nh\u00e0: 0981331919<\/p>\n","protected":false},"excerpt":{"rendered":"<p>Nh\u00e0 04 t\u1ea7ng, g\u1ed3m 2 ph\u00f2ng ng\u1ee7, 03VS, b\u1ebfp, PK, t\u1ea7ng 1 c\u00f3 ch\u1ed7 \u0111\u1ec3 ri\u00eang \u0111\u01b0\u1ee3c 4, 5 xe m\u00e1y, ph\u00f2ng th\u1edd, s\u00e2n ph\u01a1i. To\u00e0n b\u1ed9 s\u00e0n c\u00e1c t\u1ea7ng, c\u1ea7u thang, c\u1eeda \u0111\u1ec1u b\u1eb1ng g\u1ed7 \u0111\u1eb9p, \u0111\u1ea7y \u0111\u1ee7 c\u00e1c v\u1eadt d\u1ee5ng nh\u01b0 \u0111i\u1ec1u h\u00f2a, n\u00f3ng l\u1ea1nh, t\u1ee7 g\u1ed7, t\u1ee7 b\u1ebfp, h\u00fat m\u00f9i, qu\u1ea1t tr\u1ea7n,<\/p>\n","protected":false},"featured_media":29,"template":"","meta":[],"_links":{"self":[{"href":"http:\/\/mau.hoabinhweb.com\/batdongsan2\/wp-json\/wp\/v2\/product\/216"}],"collection":[{"href":"http:\/\/mau.hoabinhweb.com\/batdongsan2\/wp-json\/wp\/v2\/product"}],"about":[{"href":"http:\/\/mau.hoabinhweb.com\/batdongsan2\/wp-json\/wp\/v2\/types\/product"}],"wp:featuredmedia":[{"embeddable":true,"href":"http:\/\/mau.hoabinhweb.com\/batdongsan2\/wp-json\/wp\/v2\/media\/29"}],"wp:attachment":[{"href":"http:\/\/mau.hoabinhweb.com\/batdongsan2\/wp-json\/wp\/v2\/media?parent=216"}],"curies":[{"name":"wp","href":"https:\/\/api.w.org\/{rel}","templated":true}]}}