{"id":215,"date":"2019-03-06T03:08:36","date_gmt":"2019-03-06T03:08:36","guid":{"rendered":"http:\/\/mau.hoabinhweb.com\/batdongsan2\/?post_type=product&#038;p=215"},"modified":"2021-03-28T18:41:18","modified_gmt":"2021-03-28T11:41:18","slug":"cho-thue-can-ho-chung-cu-flc-36-pham-hung-dt-131m2-gia-13tr-thang-can-goc-view-toan-thanh-pho","status":"publish","type":"product","link":"http:\/\/mau.hoabinhweb.com\/batdongsan2\/du-an\/cho-thue-can-ho-chung-cu-flc-36-pham-hung-dt-131m2-gia-13tr-thang-can-goc-view-toan-thanh-pho\/","title":{"rendered":"Cho thu\u00ea c\u0103n h\u1ed9 chung c\u01b0 FLC 36 Ph\u1ea1m H\u00f9ng DT 131m2, gi\u00e1 13tr\/th\u00e1ng (C\u0103n g\u00f3c view to\u00e0n th\u00e0nh ph\u1ed1)"},"content":{"rendered":"<p style=\"text-align: justify;\">C\u0103n h\u1ed9 di\u1ec7n t\u00edch 131m2, c\u0103n g\u00f3c, \u0111\u1eb9p nh\u1ea5t t\u00f2a, thi\u1ebft k\u1ebf 3 ph\u00f2ng ng\u1ee7 \u0111\u1eb9p v\u00e0 tho\u00e1ng c\u00f3 \u00e1nh s\u00e1ng.<\/p>\n<p style=\"text-align: justify;\">C\u0103n h\u1ed9 \u0111\u00e3 \u0111\u01b0\u1ee3c trang b\u1ecb n\u1ed9i th\u1ea5t c\u01a1 b\u1ea3n (\u0110i\u1ec1u h\u00f2a 4 ph\u00f2ng, t\u1ee7 b\u1ebfp g\u1ed7, n\u00f3ng l\u1ea1nh, r\u00e8m c\u1eeda), th\u00edch h\u1ee3p h\u1ed9 gia \u0111\u00ecnh, v\u0103n ph\u00f2ng.<\/p>\n<p style=\"text-align: justify;\">Gi\u00e1: 13 tri\u1ec7u\/th\u00e1ng.<\/p>\n<p style=\"text-align: justify;\">LH xem nh\u00e0 0981331919<\/p>\n<p>T\u00f2a nh\u00e0 chung c\u01b0 FLC \u0111\u01b0\u1ee3c x\u00e2y \u1edf v\u1ecb tr\u00ed \u0111\u1eb9p, thu\u1eadn l\u1ee3i cho vi\u1ec7c \u0111i l\u1ea1i: G\u1ea7n b\u1ebfn xe, b\u1ec7nh vi\u1ec7n, tr\u01b0\u1eddng \u0111\u1ea1i h\u1ecdc Qu\u1ed1c Gia H\u00e0 N\u1ed9i, \u0110H S\u01b0 Ph\u1ea1m.<\/p>\n","protected":false},"excerpt":{"rendered":"<p>C\u0103n h\u1ed9 di\u1ec7n t\u00edch 131m2, c\u0103n g\u00f3c, \u0111\u1eb9p nh\u1ea5t t\u00f2a, thi\u1ebft k\u1ebf 3 ph\u00f2ng ng\u1ee7 \u0111\u1eb9p v\u00e0 tho\u00e1ng c\u00f3 \u00e1nh s\u00e1ng. C\u0103n h\u1ed9 \u0111\u00e3 \u0111\u01b0\u1ee3c trang b\u1ecb n\u1ed9i th\u1ea5t c\u01a1 b\u1ea3n (\u0110i\u1ec1u h\u00f2a 4 ph\u00f2ng, t\u1ee7 b\u1ebfp g\u1ed7, n\u00f3ng l\u1ea1nh, r\u00e8m c\u1eeda), th\u00edch h\u1ee3p h\u1ed9 gia \u0111\u00ecnh, v\u0103n ph\u00f2ng. Gi\u00e1: 13 tri\u1ec7u\/th\u00e1ng. LH xem nh\u00e0<\/p>\n","protected":false},"featured_media":28,"template":"","meta":[],"_links":{"self":[{"href":"http:\/\/mau.hoabinhweb.com\/batdongsan2\/wp-json\/wp\/v2\/product\/215"}],"collection":[{"href":"http:\/\/mau.hoabinhweb.com\/batdongsan2\/wp-json\/wp\/v2\/product"}],"about":[{"href":"http:\/\/mau.hoabinhweb.com\/batdongsan2\/wp-json\/wp\/v2\/types\/product"}],"wp:featuredmedia":[{"embeddable":true,"href":"http:\/\/mau.hoabinhweb.com\/batdongsan2\/wp-json\/wp\/v2\/media\/28"}],"wp:attachment":[{"href":"http:\/\/mau.hoabinhweb.com\/batdongsan2\/wp-json\/wp\/v2\/media?parent=215"}],"curies":[{"name":"wp","href":"https:\/\/api.w.org\/{rel}","templated":true}]}}