{"id":214,"date":"2019-03-06T02:55:37","date_gmt":"2019-03-06T02:55:37","guid":{"rendered":"http:\/\/mau.hoabinhweb.com\/batdongsan2\/?post_type=product&#038;p=214"},"modified":"2021-03-28T18:41:19","modified_gmt":"2021-03-28T11:41:19","slug":"cho-thue-can-ho-chung-cu-tai-vinhomes-gardenia-my-dinh-canh-md-complex-golden-field","status":"publish","type":"product","link":"http:\/\/mau.hoabinhweb.com\/batdongsan2\/du-an\/cho-thue-can-ho-chung-cu-tai-vinhomes-gardenia-my-dinh-canh-md-complex-golden-field\/","title":{"rendered":"Cho thu\u00ea c\u0103n h\u1ed9 chung c\u01b0 t\u1ea1i Vinhomes Gardenia M\u1ef9 \u0110\u00ecnh (C\u1ea1nh MD Complex, Golden Field)"},"content":{"rendered":"<p>Cho thu\u00ea c\u0103n h\u1ed9 chung c\u01b0 t\u1ea1i t\u1ed5 h\u1ee3p Vinhomes Gardenia M\u1ef9 \u0110\u00ecnh &#8211; Hotline: 0981331919.<br \/>\nGi\u00e1 cho thu\u00ea c\u0103n h\u1ed9 Vinhomes Gardenia t\u00f9y thu\u1ed9c v\u00e0o t\u00ecnh tr\u1ea1ng n\u1ed9i th\u1ea5t c\u00f3 trong c\u0103n h\u1ed9.<\/p>\n<p>&#8211; C\u0103n h\u1ed9 1 ph\u00f2ng ng\u1ee7: N\u1ed9i th\u1ea5t c\u01a1 b\u1ea3n 9tr\/th\u00e1ng, \u0111\u1ee7 \u0111\u1ed3 11tr\/th\u00e1ng.<\/p>\n<p>&#8211; C\u0103n h\u1ed9 2 ph\u00f2ng ng\u1ee7: N\u1ed9i th\u1ea5t c\u01a1 b\u1ea3n 11tr &#8211; 12tr\/th\u00e1ng, \u0111\u1ee7 \u0111\u1ed3 14 &#8211; 16tr\/th\u00e1ng.<\/p>\n<p>&#8211; C\u0103n h\u1ed9 3 ph\u00f2ng ng\u1ee7: N\u1ed9i th\u1ea5t c\u01a1 b\u1ea3n 14 &#8211; 16tr\/th\u00e1ng, \u0111\u1ee7 \u0111\u1ed3 16 &#8211; 20tr\/th\u00e1ng.<\/p>\n<p>&#8211; C\u0103n h\u1ed9 4 ph\u00f2ng ng\u1ee7: C\u01a1 b\u1ea3n 17 &#8211; 20tr\/th\u00e1ng, \u0111\u1ee7 \u0111\u1ed3 22 tri\u1ec7u &#8211; 27tri\u1ec7u\/th\u00e1ng.<\/p>\n<p>Vinhomes Gardenia M\u1ef9 \u0110\u00ecnh g\u1ed3m 3 t\u00f2a chung c\u01b0 cao t\u1ea7ng, thi\u1ebft k\u1ebf:<br \/>\n&#8211; T\u00f2a A1 cao 37 t\u1ea7ng v\u1edbi 19 c\u0103n\/ s\u00e0n, 11 thang m\u00e1y (Thi\u1ebft k\u1ebf t\u1eeb 1 \u0111\u1ebfn 4 ph\u00f2ng ng\u1ee7 &#8211; Ch\u1ec9 c\u00f3 1 c\u0103n duy nh\u1ea5t 4 ph\u00f2ng ng\u1ee7 \/ s\u00e0n).<br \/>\n&#8211; T\u00f2a A2 cao 37 t\u1ea7ng v\u1edbi 19 c\u0103n\/ s\u00e0n, 11 thang m\u00e1y (Thi\u1ebft k\u1ebf t\u1eeb 1 \u0111\u1ebfn 3 ph\u00f2ng ng\u1ee7).<br \/>\n&#8211; T\u00f2a A3 cao 39 t\u1ea7ng v\u1edbi 21 c\u0103n\/s\u00e0n, 12 thang m\u00e1y (Thi\u1ebft k\u1ebf t\u1eeb 1 \u0111\u1ebfn 4 ph\u00f2ng ng\u1ee7 &#8211; Ch\u1ec9 c\u00f3 1 c\u0103n duy nh\u1ea5t 4 ph\u00f2ng ng\u1ee7\/s\u00e0n).<br \/>\nT\u1ea7ng 1-3 l\u00e0 trung t\u00e2m th\u01b0\u01a1ng m\u1ea1i, v\u0103n ph\u00f2ng c\u00f2n l\u1ea1i l\u00e0 c\u00e1c t\u1ea7ng c\u0103n h\u1ed9.<\/p>\n<p>D\u1ef1 \u00e1n th\u1eeba h\u01b0\u1edfng h\u1ea1 t\u1ea7ng ti\u1ec7n l\u1ee3i c\u1ee7a khu \u0111\u00f4 th\u1ecb M\u1ef9 \u0110\u00ecnh, g\u1ea7n c\u00e1c d\u1ef1 \u00e1n \u0111\u00e3 v\u00e0 \u0111ang chu\u1ea9n b\u1ecb \u0111i v\u00e0o ho\u1ea1t \u0111\u1ed9ng nh\u01b0 MD Complex, Golden Field, Sun Square 21 L\u00ea \u0110\u1ee9c Th\u1ecd, Mon City, Goldmark city&#8230;<\/p>\n<p>Qu\u00fd kh\u00e1ch h\u00e0ng c\u00f3 nhu c\u1ea7u cho thu\u00ea v\u00e0 thu\u00ea t\u1ea1i Vinhomes Gardenia vui l\u00f2ng li\u00ean h\u1ec7<\/p>\n<p>Hotline: 0981331919 (mi\u1ec5n ph\u00ed d\u1ecbch v\u1ee5)<\/p>\n","protected":false},"excerpt":{"rendered":"<p>Cho thu\u00ea c\u0103n h\u1ed9 chung c\u01b0 t\u1ea1i t\u1ed5 h\u1ee3p Vinhomes Gardenia M\u1ef9 \u0110\u00ecnh &#8211; Hotline: 0981331919. Gi\u00e1 cho thu\u00ea c\u0103n h\u1ed9 Vinhomes Gardenia t\u00f9y thu\u1ed9c v\u00e0o t\u00ecnh tr\u1ea1ng n\u1ed9i th\u1ea5t c\u00f3 trong c\u0103n h\u1ed9. &#8211; C\u0103n h\u1ed9 1 ph\u00f2ng ng\u1ee7: N\u1ed9i th\u1ea5t c\u01a1 b\u1ea3n 9tr\/th\u00e1ng, \u0111\u1ee7 \u0111\u1ed3 11tr\/th\u00e1ng. &#8211; C\u0103n h\u1ed9 2 ph\u00f2ng ng\u1ee7: N\u1ed9i<\/p>\n","protected":false},"featured_media":27,"template":"","meta":[],"_links":{"self":[{"href":"http:\/\/mau.hoabinhweb.com\/batdongsan2\/wp-json\/wp\/v2\/product\/214"}],"collection":[{"href":"http:\/\/mau.hoabinhweb.com\/batdongsan2\/wp-json\/wp\/v2\/product"}],"about":[{"href":"http:\/\/mau.hoabinhweb.com\/batdongsan2\/wp-json\/wp\/v2\/types\/product"}],"wp:featuredmedia":[{"embeddable":true,"href":"http:\/\/mau.hoabinhweb.com\/batdongsan2\/wp-json\/wp\/v2\/media\/27"}],"wp:attachment":[{"href":"http:\/\/mau.hoabinhweb.com\/batdongsan2\/wp-json\/wp\/v2\/media?parent=214"}],"curies":[{"name":"wp","href":"https:\/\/api.w.org\/{rel}","templated":true}]}}