{"id":213,"date":"2019-03-06T02:52:54","date_gmt":"2019-03-06T02:52:54","guid":{"rendered":"http:\/\/mau.hoabinhweb.com\/batdongsan2\/?post_type=product&#038;p=213"},"modified":"2021-03-28T18:41:19","modified_gmt":"2021-03-28T11:41:19","slug":"cho-thue-chcc-times-city-park-hill-chi-tu-7tr-th-khach-thue-vao-o-ngay-lh-0981331919","status":"publish","type":"product","link":"http:\/\/mau.hoabinhweb.com\/batdongsan2\/du-an\/cho-thue-chcc-times-city-park-hill-chi-tu-7tr-th-khach-thue-vao-o-ngay-lh-0981331919\/","title":{"rendered":"Cho thu\u00ea CHCC Times City &#8211; Park Hill ch\u1ec9 t\u1eeb 7tr\/th kh\u00e1ch thu\u00ea v\u00e0o \u1edf ngay. LH: 0981331919"},"content":{"rendered":"<p style=\"text-align: justify;\">Xin g\u1eedi t\u1edbi qu\u00fd kh\u00e1ch b\u1ea3ng gi\u00e1 cho thu\u00ea c\u0103n h\u1ed9 t\u1ea1i Times City \u2013 Park Hill &#8211; Kh\u00e1ch thu\u00ea \u0111\u01b0\u1ee3c mi\u1ec5n 100% ph\u00ed m\u00f4i gi\u1edbi, k\u00ed H\u0110 tr\u1ef1c ti\u1ebfp v\u1edbi ch\u1ee7 nh\u00e0.<br \/>\nChi ti\u1ebft LH: 0981331919.<br \/>\nVinhomes Times City &#8211; Park Hill. Hotline: 0981331919.<br \/>\nC\u0103n h\u1ed9 1 ph\u00f2ng ng\u1ee7.<br \/>\nDi\u1ec7n t\u00edch: (53m2, 55m2, 57)m2.<br \/>\n&#8211; Gi\u00e1 kh\u00f4ng \u0111\u1ed3: 8 tri\u1ec7u\/th\u00e1ng.<br \/>\n&#8211; Gi\u00e1 c\u00f3 \u0111\u1ed3: 9 \u2013 11 tri\u1ec7u\/ th\u00e1ng.<br \/>\n&#8211; Gi\u00e1 b\u00e1n 1 t\u1ef7 85 &#8211; 1 t\u1ef7 95.<\/p>\n<p>C\u0103n h\u1ed9 2 ph\u00f2ng ng\u1ee7 hotline: 0981331919.<br \/>\nDi\u1ec7n t\u00edch: (69m2 &#8211; 75m2 &#8211; 83m2 &#8211; 87m2 &#8211; 90,1m2 &#8211; 94,3m2 &#8211; 97m2 &#8211; 108)m2.<br \/>\n&#8211; Gi\u00e1 kh\u00f4ng \u0111\u1ed3: 9 \u2013 11 tri\u1ec7u\/th\u00e1ng.<br \/>\n&#8211; Gi\u00e1 c\u00f3 \u0111\u1ed3: 12 \u2013 14,5 tri\u1ec7u\/th\u00e1ng.<br \/>\n&#8211; Gi\u00e1 b\u00e1n t\u1eeb 2,6 &#8211; 3,82 t\u1ef7.<\/p>\n<p>C\u0103n h\u1ed9 3 ph\u00f2ng ng\u1ee7 hotline: 0981331919.<br \/>\nDi\u1ec7n t\u00edch: (95m2 &#8211; 110m2 &#8211; 116)m2.<br \/>\n&#8211; Gi\u00e1 thu\u00ea kh\u00f4ng \u0111\u1ed3: 10\u2013 13 tri\u1ec7u\/th\u00e1ng.<br \/>\n&#8211; Gi\u00e1 thu\u00ea c\u00f3 \u0111\u1ed3: 13 \u2013 17 tri\u1ec7u\/th\u00e1ng.<br \/>\n&#8211; Gi\u00e1 b\u00e1n: 3,97 t\u1ef7 &#8211; 5,5 t\u1ef7.<\/p>\n<p>C\u0103n h\u1ed9 4 ph\u00f2ng ng\u1ee7 hotline: 0981331919.<br \/>\nDi\u1ec7n t\u00edch: 160m2.<br \/>\n&#8211; Gi\u00e1 thu\u00ea kh\u00f4ng \u0111\u1ed3: 16 &#8211; 18 tri\u1ec7u\/th\u00e1ng.<br \/>\n&#8211; Gi\u00e1 thu\u00ea c\u00f3 \u0111\u1ed3: 18 \u2013 25 tri\u1ec7u\/th\u00e1ng.<br \/>\nGi\u00e1 thay \u0111\u1ed5i theo th\u1ecb tr\u01b0\u1eddng li\u00ean h\u1ec7 tr\u1ef1c ti\u1ebfp \u0111\u1ec3 check l\u1ea1i gi\u00e1 c\u1ee5 th\u1ec3.<\/p>\n<p>C\u0103n h\u1ed9 kh\u00f4ng \u0111\u1ed3:<br \/>\n&#8211; N\u1ed9i th\u1ea5t c\u01a1 b\u1ea3n: H\u1ec7 th\u1ed1ng chi\u1ebfu s\u00e1ng, \u0111\u00e8n ch\u00f9m sang tr\u1ecdng, s\u00e0n g\u1ed7, tr\u1ea7n th\u1ea1ch cao, \u0111i\u1ec1u h\u00f2a ri\u00eang t\u1eebng ph\u00f2ng cho ph\u00f2ng ng\u1ee7 v\u00e0 ph\u00f2ng kh\u00e1ch. Ph\u00f2ng b\u1ebfp c\u00f3 \u0111\u1ea7y \u0111\u1ee7 h\u1ec7 th\u1ed1ng t\u1ee7 b\u1ebfp, b\u1ebfp t\u1eeb h\u1ed3ng ngo\u1ea1i, ch\u1eadu r\u1eeda inox\u2026.<\/p>\n<p>C\u0102N H\u1ed8 \u0110\u1ee6 \u0110\u1ed2:<br \/>\n&#8211; G\u1ed3m n\u1ed9i th\u1ea5t c\u01a1 b\u1ea3n c\u1ed9ng th\u00eam tivi, t\u1ee7 l\u1ea1nh, m\u00e1y gi\u1eb7t, gi\u01b0\u1eddng, t\u1ee7, b\u00e0n gh\u1ebf\u2026 Kh\u00e1ch thu\u00ea ch\u1ec9 vi\u1ec7c mang \u0111\u1ed3 c\u00e1 nh\u00e2n v\u00e0o \u1edf.<\/p>\n<p>D\u1ecbch v\u1ee5 Vinhomes:<br \/>\nQu\u00fd kh\u00e1ch thu\u00ea chung c\u01b0 Times City c\u00f3 th\u1ec3 h\u01b0\u1edfng to\u00e0n b\u1ed9 d\u1ecbch v\u1ee5 5 sao Vinhomes ph\u1ee5c v\u1ee5 c\u00e1c t\u00f2a nh\u00e0 ngo\u00e0i ra c\u00f2n \u0111\u01b0\u1ee3c.<br \/>\nMi\u1ec5n ph\u00ed qu\u1ea3n l\u00fd d\u1ecbch v\u1ee5 10 n\u0103m.<br \/>\nMi\u1ec5n ph\u00ed b\u01a1i t\u1ea1i b\u1ec3 b\u01a1i b\u1ed1n m\u00f9a 4000m2, mi\u1ec5n ph\u00ed s\u00e2n t\u1eadp th\u1ec3 thao.<br \/>\nH\u1ec7 th\u1ed1ng tr\u01b0\u1eddng h\u1ecdc li\u00ean c\u1ea5p Vinschool t\u1eeb m\u1ea7m non \u0111\u1ebfn c\u1ea5p 3.<br \/>\nTrung t\u00e2m th\u01b0\u01a1ng m\u1ea1i mua s\u1eafm, \u0111\u1ea1i si\u00eau th\u1ecb Ocean Mart \u2013 Th\u1ef1c ph\u1ea9m t\u01b0\u01a1i, s\u1ea1ch v\u00e0 gi\u00e1 r\u1ebb nh\u01b0 ch\u1ee3 V\u0129nh Tuy.<br \/>\nB\u1ec7nh vi\u1ec7n Vinmec ti\u00eau chu\u1ea9n qu\u1ed1c t\u1ebf 5 sao, salon t\u00f3c Bella, nh\u00e0 thu\u1ed1c, si\u00eau th\u1ecb K-Mart \u2026 C\u00f3 qu\u00e1 nhi\u1ec1u l\u1ee3i \u00edch cho kh\u00e1ch thu\u00ea t\u1ea1i \u0111\u00e2y, v\u01b0\u1ee3t tr\u1ed9i so v\u1edbi c\u00e1c khu xung quanh!<br \/>\nQ\u00fay kh\u00e1ch thu\u00ea xin vui l\u00f2ng li\u00ean h\u1ec7.<br \/>\nS\u0110T: 0981331919.<\/p>\n","protected":false},"excerpt":{"rendered":"<p>Xin g\u1eedi t\u1edbi qu\u00fd kh\u00e1ch b\u1ea3ng gi\u00e1 cho thu\u00ea c\u0103n h\u1ed9 t\u1ea1i Times City \u2013 Park Hill &#8211; Kh\u00e1ch thu\u00ea \u0111\u01b0\u1ee3c mi\u1ec5n 100% ph\u00ed m\u00f4i gi\u1edbi, k\u00ed H\u0110 tr\u1ef1c ti\u1ebfp v\u1edbi ch\u1ee7 nh\u00e0. Chi ti\u1ebft LH: 0981331919. Vinhomes Times City &#8211; Park Hill. Hotline: 0981331919. C\u0103n h\u1ed9 1 ph\u00f2ng ng\u1ee7. Di\u1ec7n t\u00edch: (53m2, 55m2, 57)m2.<\/p>\n","protected":false},"featured_media":26,"template":"","meta":[],"_links":{"self":[{"href":"http:\/\/mau.hoabinhweb.com\/batdongsan2\/wp-json\/wp\/v2\/product\/213"}],"collection":[{"href":"http:\/\/mau.hoabinhweb.com\/batdongsan2\/wp-json\/wp\/v2\/product"}],"about":[{"href":"http:\/\/mau.hoabinhweb.com\/batdongsan2\/wp-json\/wp\/v2\/types\/product"}],"wp:featuredmedia":[{"embeddable":true,"href":"http:\/\/mau.hoabinhweb.com\/batdongsan2\/wp-json\/wp\/v2\/media\/26"}],"wp:attachment":[{"href":"http:\/\/mau.hoabinhweb.com\/batdongsan2\/wp-json\/wp\/v2\/media?parent=213"}],"curies":[{"name":"wp","href":"https:\/\/api.w.org\/{rel}","templated":true}]}}