{"id":201,"date":"2019-03-06T02:45:07","date_gmt":"2019-03-06T02:45:07","guid":{"rendered":"http:\/\/mau.hoabinhweb.com\/batdongsan2\/?post_type=product&#038;p=201"},"modified":"2021-03-28T18:41:20","modified_gmt":"2021-03-28T11:41:20","slug":"cho-thue-cua-hang-de-kinh-doanh-mat-pho-nguyen-van-huyen","status":"publish","type":"product","link":"http:\/\/mau.hoabinhweb.com\/batdongsan2\/du-an\/cho-thue-cua-hang-de-kinh-doanh-mat-pho-nguyen-van-huyen\/","title":{"rendered":"Cho thu\u00ea c\u1eeda h\u00e0ng \u0111\u1ec3 kinh doanh m\u1eb7t ph\u1ed1 Nguy\u1ec5n V\u0103n Huy\u00ean"},"content":{"rendered":"<p style=\"text-align: justify;\">Cho thu\u00ea c\u1eeda h\u00e0ng m\u1eb7t ph\u1ed1 Nguy\u1ec5n V\u0103n Huy\u00ean, c\u00e1ch m\u1eb7t ph\u1ed1 Ho\u00e0ng Qu\u1ed1c Vi\u1ec7t 30m, v\u1ecb tr\u00ed tuy\u1ebfn ph\u1ed1 g\u1ea7n c\u00e1c t\u00f2a nh\u00e0 chung c\u01b0, tr\u01b0\u1eddng \u0111\u1ea1i h\u1ecdc, di\u1ec7n t\u00edch 60m2, trong \u0111\u1ea5y 35m2 c\u1eeda h\u00e0ng v\u00e0 c\u00f3 1 ph\u00f2ng ng\u1ee7 \u0111\u1ec3 \u1edf l\u1ea1i r\u1ed9ng 20m2 c\u00f3 \u0111\u1ea7y \u0111\u1ee7 \u0111i\u1ec1u h\u00f2a,n\u00f3ng l\u1ea1nh, gi\u01b0\u1eddng t\u1ee7, c\u00f3 s\u00e2n c\u00f3 v\u1ec9a h\u00e8 \u0111\u1ec3 xe, ph\u00f9 h\u1ee3p l\u00e0m c\u1eeda h\u00e0ng th\u1eddi trang&#8230;\u0111\u00e8n led, h\u00e0ng \u0103n &#8230;Gi\u00e1 cho thu\u00ea 17 tri\u1ec7u\/th\u00e1ng<\/p>\n","protected":false},"excerpt":{"rendered":"<p>Cho thu\u00ea c\u1eeda h\u00e0ng m\u1eb7t ph\u1ed1 Nguy\u1ec5n V\u0103n Huy\u00ean, c\u00e1ch m\u1eb7t ph\u1ed1 Ho\u00e0ng Qu\u1ed1c Vi\u1ec7t 30m, v\u1ecb tr\u00ed tuy\u1ebfn ph\u1ed1 g\u1ea7n c\u00e1c t\u00f2a nh\u00e0 chung c\u01b0, tr\u01b0\u1eddng \u0111\u1ea1i h\u1ecdc, di\u1ec7n t\u00edch 60m2, trong \u0111\u1ea5y 35m2 c\u1eeda h\u00e0ng v\u00e0 c\u00f3 1 ph\u00f2ng ng\u1ee7 \u0111\u1ec3 \u1edf l\u1ea1i r\u1ed9ng 20m2 c\u00f3 \u0111\u1ea7y \u0111\u1ee7 \u0111i\u1ec1u h\u00f2a,n\u00f3ng l\u1ea1nh, gi\u01b0\u1eddng t\u1ee7,<\/p>\n","protected":false},"featured_media":25,"template":"","meta":[],"_links":{"self":[{"href":"http:\/\/mau.hoabinhweb.com\/batdongsan2\/wp-json\/wp\/v2\/product\/201"}],"collection":[{"href":"http:\/\/mau.hoabinhweb.com\/batdongsan2\/wp-json\/wp\/v2\/product"}],"about":[{"href":"http:\/\/mau.hoabinhweb.com\/batdongsan2\/wp-json\/wp\/v2\/types\/product"}],"wp:featuredmedia":[{"embeddable":true,"href":"http:\/\/mau.hoabinhweb.com\/batdongsan2\/wp-json\/wp\/v2\/media\/25"}],"wp:attachment":[{"href":"http:\/\/mau.hoabinhweb.com\/batdongsan2\/wp-json\/wp\/v2\/media?parent=201"}],"curies":[{"name":"wp","href":"https:\/\/api.w.org\/{rel}","templated":true}]}}