{"id":193,"date":"2019-03-06T02:40:00","date_gmt":"2019-03-06T02:40:00","guid":{"rendered":"http:\/\/mau.hoabinhweb.com\/batdongsan2\/?post_type=product&#038;p=193"},"modified":"2021-03-28T18:41:21","modified_gmt":"2021-03-28T11:41:21","slug":"cho-thue-nha-tro-phong-tro-tai-duong-bao-thap-phuong-dich-vong-cau-giay-ha-no%cc%a3i","status":"publish","type":"product","link":"http:\/\/mau.hoabinhweb.com\/batdongsan2\/du-an\/cho-thue-nha-tro-phong-tro-tai-duong-bao-thap-phuong-dich-vong-cau-giay-ha-no%cc%a3i\/","title":{"rendered":"Cho thu\u00ea nh\u00e0 tr\u1ecd, ph\u00f2ng tr\u1ecd t\u1ea1i \u0110\u01b0\u1eddng B\u1ea3o Th\u00e1p, Ph\u01b0\u1eddng D\u1ecbch V\u1ecdng, C\u1ea7u Gi\u1ea5y, Ha\u0300 N\u00f4\u0323i"},"content":{"rendered":"<p style=\"text-align: justify;\">C\u00f2n 2 ph\u00f2ng kh\u00e9p k\u00edn cho thu\u00ea t\u1ea1i s\u1ed1 4 ng\u00f5 189 Nguy\u1ec5n Ng\u1ecdc V\u0169, ngay \u0111\u1ea7u \u0111\u01b0\u1eddng Nguy\u1ec5n Th\u1ecb \u0110\u1ecbnh, Tr\u1ea7n Duy H\u01b0ng.<\/p>\n<p style=\"text-align: justify;\">Di\u1ec7n t\u00edch 35m2.<\/p>\n<p style=\"text-align: justify;\">N\u1ed9i th\u1ea5t \u0111\u1ea7y \u0111\u1ee7, ch\u1ec9 vi\u1ec7c x\u00e1ch va ly \u0111\u1ebfn \u1edf.<\/p>\n<p style=\"text-align: justify;\">Gi\u00e1 3.7 tri\u1ec7u\/th\u00e1ng, c\u00f3 ban c\u00f4ng, tho\u00e1ng m\u00e1t.<\/p>\n<p style=\"text-align: justify;\">Tho\u00e1ng \u0111\u00e3 v\u1ec1 m\u00f9a h\u00e8, \u1ea5p \u00e1p v\u1ec1 m\u00f9a \u0111\u00f4ng.<\/p>\n<p style=\"text-align: justify;\">Tho\u1ea3i m\u00e1i th\u1eddi gian, kh\u00f4ng chung ch\u1ee7, \u0111\u00f3ng ti\u1ec1n th\u00e1ng m\u1ed9t.<\/p>\n","protected":false},"excerpt":{"rendered":"<p>C\u00f2n 2 ph\u00f2ng kh\u00e9p k\u00edn cho thu\u00ea t\u1ea1i s\u1ed1 4 ng\u00f5 189 Nguy\u1ec5n Ng\u1ecdc V\u0169, ngay \u0111\u1ea7u \u0111\u01b0\u1eddng Nguy\u1ec5n Th\u1ecb \u0110\u1ecbnh, Tr\u1ea7n Duy H\u01b0ng. Di\u1ec7n t\u00edch 35m2. N\u1ed9i th\u1ea5t \u0111\u1ea7y \u0111\u1ee7, ch\u1ec9 vi\u1ec7c x\u00e1ch va ly \u0111\u1ebfn \u1edf. Gi\u00e1 3.7 tri\u1ec7u\/th\u00e1ng, c\u00f3 ban c\u00f4ng, tho\u00e1ng m\u00e1t. Tho\u00e1ng \u0111\u00e3 v\u1ec1 m\u00f9a h\u00e8, \u1ea5p \u00e1p v\u1ec1 m\u00f9a<\/p>\n","protected":false},"featured_media":24,"template":"","meta":[],"_links":{"self":[{"href":"http:\/\/mau.hoabinhweb.com\/batdongsan2\/wp-json\/wp\/v2\/product\/193"}],"collection":[{"href":"http:\/\/mau.hoabinhweb.com\/batdongsan2\/wp-json\/wp\/v2\/product"}],"about":[{"href":"http:\/\/mau.hoabinhweb.com\/batdongsan2\/wp-json\/wp\/v2\/types\/product"}],"wp:featuredmedia":[{"embeddable":true,"href":"http:\/\/mau.hoabinhweb.com\/batdongsan2\/wp-json\/wp\/v2\/media\/24"}],"wp:attachment":[{"href":"http:\/\/mau.hoabinhweb.com\/batdongsan2\/wp-json\/wp\/v2\/media?parent=193"}],"curies":[{"name":"wp","href":"https:\/\/api.w.org\/{rel}","templated":true}]}}